{"id":4160,"date":"2024-08-21T07:45:28","date_gmt":"2024-08-21T06:45:28","guid":{"rendered":"https:\/\/sxpowercase.com\/?post_type=product&#038;p=4160"},"modified":"2024-08-21T07:45:29","modified_gmt":"2024-08-21T06:45:29","slug":"metal-corner-protectors-coc701","status":"publish","type":"product","link":"https:\/\/sxflightcase.com\/hu\/termek\/fem-sarokvedok-coc701\/","title":{"rendered":"F\u00e9m sarokv\u00e9d\u0151k COC701"},"content":{"rendered":"<h3>Pr\u00e9mium v\u00e9delem az SX f\u00e9m sarokv\u00e9d\u0151kkel<\/h3>\n<h4>V\u00e9dje berendez\u00e9seit bizalommal<\/h4>\n<p>Az \u00d6n berendez\u00e9sei a legjobb v\u00e9delmet \u00e9rdemlik, \u00e9s az SX <span style=\"color: #3366ff;\"><a style=\"color: #3366ff;\" href=\"https:\/\/sxpowercase.com\/product\/metal-corner-protector-coc602\/\"><strong>F\u00e9m sarokv\u00e9d\u0151k<\/strong><\/a><\/span> \u00fagy tervezt\u00e9k, hogy pontosan ezt ny\u00fajts\u00e1k. Ezek a v\u00e9d\u0151tokok \u00fagy lettek kialak\u00edtva, hogy megv\u00e9dj\u00e9k a rep\u00fcl\u0151- \u00e9s k\u00f6z\u00fati b\u0151r\u00f6nd\u00f6ket a s\u00e9r\u00fcl\u00e9sekt\u0151l, \u00e9s garant\u00e1lj\u00e1k, hogy felszerel\u00e9se biztons\u00e1gban marad a sz\u00e1ll\u00edt\u00e1s sor\u00e1n. A gy\u00e1ri k\u00f6zvetlen \u00e1rakkal az SX kiv\u00e1l\u00f3 min\u0151s\u00e9get k\u00edn\u00e1l a k\u00f6lts\u00e9gek t\u00f6red\u00e9k\u00e9\u00e9rt.<\/p>\n<h4>Kiv\u00e9teles er\u0151 \u00e9s rugalmass\u00e1g<\/h4>\n<p>Tart\u00f3s anyagokb\u00f3l k\u00e9sz\u00fclt, <a href=\"https:\/\/sxpowercase.com\/\" target=\"_blank\" rel=\"noopener\" title=\"SX\" data-wpil-monitor-id=\"681\">SX<\/a> <strong>F\u00e9m sarokv\u00e9d\u0151k<\/strong> \u00fagy vannak kialak\u00edtva, hogy ellen\u00e1lljanak a nagy \u00fct\u00e9seknek \u00e9s a durva kezel\u00e9snek. Ezek a v\u00e9d\u0151k nemcsak strapab\u00edr\u00f3ak, hanem ellen\u00e1llnak a karcol\u00e1soknak \u00e9s a kop\u00e1snak is, \u00edgy hossz\u00fa t\u00e1v\u00fa v\u00e9delmet ny\u00fajtanak a tokok sz\u00e1m\u00e1ra. Ha az SX-et v\u00e1lasztja, megb\u00edzhat\u00f3 v\u00e9delembe fektet be, amely biztons\u00e1gban tartja a berendez\u00e9s\u00e9t, mik\u00f6zben megfizethet\u0151 \u00e1rakat \u00e9lvezhet.<\/p>\n<h4>Egyszer\u0171 telep\u00edt\u00e9s az azonnali haszn\u00e1lathoz<\/h4>\n<p>SX telep\u00edt\u00e9se <strong>F\u00e9m sarokv\u00e9d\u0151k<\/strong> gyors \u00e9s egyszer\u0171, lehet\u0151v\u00e9 t\u00e9ve, hogy gond n\u00e9lk\u00fcl meger\u0151s\u00edtse \u00fcgyeit. Ezeket a v\u00e9d\u0151ket \u00fagy tervezt\u00e9k, hogy k\u00fcl\u00f6nb\u00f6z\u0151 tokt\u00edpusokhoz illeszkedjenek, \u00edgy sokoldal\u00fa v\u00e1laszt\u00e1ss\u00e1 teszik \u0151ket a k\u00fcl\u00f6nb\u00f6z\u0151 ipar\u00e1gak szakemberei sz\u00e1m\u00e1ra. A k\u00f6zvetlen\u00fcl a gy\u00e1rt\u00f3t\u00f3l sz\u00e1rmaz\u00f3 \u00e1rk\u00e9pz\u00e9snek k\u00f6sz\u00f6nhet\u0151en k\u00f6lts\u00e9ghat\u00e9kony \u00e1ron \u00e9lvezheti a kiv\u00e1l\u00f3 min\u0151s\u00e9g\u0171 v\u00e9delmet.<\/p>\n<h4>Egyedi megold\u00e1sok egyedi ig\u00e9nyekre<\/h4>\n<p>Minden eset egyedi, \u00e9s az SX meg\u00e9rti a szem\u00e9lyre szabott megold\u00e1sok fontoss\u00e1g\u00e1t. A <strong>F\u00e9m sarokv\u00e9d\u0151k<\/strong> az \u00d6n egyedi ig\u00e9nyeihez igaz\u00edthat\u00f3, \u00edgy biztos\u00edtva a t\u00f6k\u00e9letes illeszked\u00e9st \u00e9s az optim\u00e1lis v\u00e9delmet. Ha k\u00f6zvetlen\u00fcl az SX-t\u0151l v\u00e1s\u00e1rol, megfizethet\u0151 \u00e1ron juthat hozz\u00e1 ezekhez az egyedi lehet\u0151s\u00e9gekhez, a min\u0151s\u00e9g fel\u00e1ldoz\u00e1sa n\u00e9lk\u00fcl.<\/p>\n<h4>Szakemberek vil\u00e1gszerte megb\u00edznak benne<\/h4>\n<p>Az SX megb\u00edzhat\u00f3 n\u00e9v a szakemberek k\u00f6r\u00e9ben, akik a legjobbat k\u00f6vetelik meg a felszerel\u00e9s\u00fckh\u00f6z. A <strong>F\u00e9m sarokv\u00e9d\u0151k<\/strong> a sz\u00f3rakoztat\u00f3ipar, a logisztika \u00e9s az AV-gy\u00e1rt\u00e1s szak\u00e9rt\u0151i t\u00e1maszkodnak a tokjaik biztons\u00e1ga \u00e9rdek\u00e9ben. Az SX a tart\u00f3ss\u00e1gra \u00e9s a k\u00f6lts\u00e9ghat\u00e9konys\u00e1gra \u00f6sszpontos\u00edtva olyan term\u00e9keket sz\u00e1ll\u00edt, amelyek megfelelnek a legmagasabb szint\u0171 teljes\u00edtm\u00e9nyk\u00f6vetelm\u00e9nyeknek.<\/p>\n<h4>Megfizethet\u0151, magas sz\u00ednvonal\u00fa v\u00e9delem<\/h4>\n<p>\u00c9rt\u00e9kes felszerel\u00e9s\u00e9nek v\u00e9delme nem ker\u00fclhet a bankba. SX <strong>F\u00e9m sarokv\u00e9d\u0151k<\/strong> kiv\u00e1l\u00f3 min\u0151s\u00e9g\u0171 v\u00e9delmet ny\u00fajtanak olyan \u00e1ron, amely nem terheli meg a k\u00f6lts\u00e9gvet\u00e9s\u00e9t. A gy\u00e1ri k\u00f6zvetlen \u00e9rt\u00e9kes\u00edt\u00e9ssel az SX biztos\u00edtja, hogy \u00d6n tart\u00f3s \u00e9s hat\u00e9kony term\u00e9keket kapjon fel\u00e1r n\u00e9lk\u00fcl, \u00edgy nagyszer\u0171 \u00e9rt\u00e9ket biztos\u00edt befektet\u00e9s\u00e9hez.<\/p>\n<h4>Hossz\u00fa \u00e9lettartam\u00fa \u00e9s k\u00f6lts\u00e9ghat\u00e9kony v\u00e9delem<\/h4>\n<p>SX <strong>F\u00e9m sarokv\u00e9d\u0151<\/strong>\u00a0tart\u00f3ss\u00e1gra tervezt\u00e9k, \u00edgy \u00d6n nyugodt lehet, hogy a tokok j\u00f3l v\u00e9dve vannak sz\u00e1ll\u00edt\u00e1s k\u00f6zben. Ezek a v\u00e9d\u0151tokok kiv\u00e1l\u00f3 v\u00e1laszt\u00e1s mindazoknak, akik megb\u00edzhat\u00f3 v\u00e9delmet keresnek alacsony \u00e1ron. Az SX eset\u00e9ben a min\u0151s\u00e9g, a tart\u00f3ss\u00e1g \u00e9s a megfizethet\u0151s\u00e9g t\u00f6k\u00e9letes egyens\u00faly\u00e1t kapja.<\/p>\n<p>Kapcsolatfelv\u00e9tel most:<span style=\"color: #0000ff;\"><a style=\"color: #0000ff;\" href=\"https:\/\/sxpowercase.com\/contact-us\/\">https:\/\/sxpowercase.com\/<\/a><\/span><\/p>\n<p>Hardver term\u00e9kkatal\u00f3gus\uff1a<span style=\"color: #3366ff;\"><a style=\"color: #3366ff;\" href=\"https:\/\/sxpowercase.com\/wp-content\/uploads\/2024\/07\/\u4e94\u91d1.pdf\">Hardver tartoz\u00e9kok katal\u00f3gusa<\/a><\/span><\/p>","protected":false},"excerpt":{"rendered":"<h3>SX f\u00e9m sarokv\u00e9d\u0151k: Pr\u00e9mium v\u00e9delem a felszerel\u00e9sednek<\/h3>\n<p>Biztos\u00edtsa, hogy felszerel\u00e9sei biztons\u00e1gban maradjanak sz\u00e1ll\u00edt\u00e1s k\u00f6zben az SX f\u00e9m sarokv\u00e9d\u0151kkel, amelyeket \u00fagy terveztek, hogy cs\u00facsmin\u0151s\u00e9g\u0171 v\u00e9delmet ny\u00fajtsanak gy\u00e1ri \u00e1ron.<\/p>\n<h3>Tart\u00f3s \u00e9s rugalmas v\u00e9delem<\/h3>\n<p>A kiv\u00e1l\u00f3 min\u0151s\u00e9g\u0171 anyagokb\u00f3l k\u00e9sz\u00fclt SX f\u00e9m sarokv\u00e9d\u0151k kiv\u00e9teles szil\u00e1rds\u00e1got biztos\u00edtanak az \u00fct\u00e9sekkel \u00e9s kop\u00e1ssal szemben, megb\u00edzhat\u00f3, hossz\u00fa t\u00e1v\u00fa v\u00e9delmet ny\u00fajtva.<\/p>\n<h3>Testreszabhat\u00f3 \u00e9s k\u00f6nnyen telep\u00edthet\u0151<\/h3>\n<p>Az SX szem\u00e9lyre szabhat\u00f3 sarokv\u00e9d\u0151ket k\u00edn\u00e1l, amelyek k\u00f6nnyen felszerelhet\u0151k, k\u00fcl\u00f6nb\u00f6z\u0151 tokt\u00edpusokhoz illeszkednek, mik\u00f6zben megfizethet\u0151, kiv\u00e1l\u00f3 min\u0151s\u00e9g\u0171, az \u00d6n ig\u00e9nyeihez igaz\u00edtott v\u00e9delmet ny\u00fajtanak.<\/p>","protected":false},"featured_media":4095,"comment_status":"open","ping_status":"closed","template":"","meta":[],"product_brand":[],"product_cat":[63],"product_tag":[],"class_list":{"0":"post-4160","1":"product","2":"type-product","3":"status-publish","4":"has-post-thumbnail","6":"product_cat-corners","8":"first","9":"instock","10":"shipping-taxable","11":"product-type-simple"},"yoast_head":"<!-- This site is optimized with the Yoast SEO Premium plugin v27.1 (Yoast SEO v27.2) - https:\/\/yoast.com\/product\/yoast-seo-premium-wordpress\/ -->\n<title>Metal Corner Protectors COC701 - https:\/\/sxflightcase.com \ud83d\udc97<\/title>\n<meta name=\"description\" content=\"Metal corner protectors, factory direct! High-quality, durable protection for case edges. Ideal for safeguarding against impact during transport\" \/>\n<meta name=\"robots\" content=\"index, follow, max-snippet:-1, max-image-preview:large, max-video-preview:-1\" \/>\n<link rel=\"canonical\" href=\"https:\/\/sxflightcase.com\/hu\/termek\/fem-sarokvedok-coc701\/\" \/>\n<meta property=\"og:locale\" content=\"hu_HU\" \/>\n<meta property=\"og:type\" content=\"article\" \/>\n<meta property=\"og:title\" content=\"Metal Corner Protectors COC701\" \/>\n<meta property=\"og:description\" content=\"Metal corner protectors, factory direct! High-quality, durable protection for case edges. Ideal for safeguarding against impact during transport\" \/>\n<meta property=\"og:url\" content=\"https:\/\/sxflightcase.com\/hu\/termek\/fem-sarokvedok-coc701\/\" \/>\n<meta property=\"og:site_name\" content=\"https:\/\/sxflightcase.com\" \/>\n<meta property=\"article:publisher\" content=\"https:\/\/www.facebook.com\/profile.php?id=61560407257971\" \/>\n<meta property=\"article:modified_time\" content=\"2024-08-21T06:45:29+00:00\" \/>\n<meta property=\"og:image\" content=\"https:\/\/sxflightcase.com\/wp-content\/uploads\/2024\/08\/COC701.jpg\" \/>\n\t<meta property=\"og:image:width\" content=\"520\" \/>\n\t<meta property=\"og:image:height\" content=\"520\" \/>\n\t<meta property=\"og:image:type\" content=\"image\/jpeg\" \/>\n<meta name=\"twitter:card\" content=\"summary_large_image\" \/>\n<meta name=\"twitter:label1\" content=\"Becs\u00fclt olvas\u00e1si id\u0151\" \/>\n\t<meta name=\"twitter:data1\" content=\"3 perc\" \/>\n<script type=\"application\/ld+json\" class=\"yoast-schema-graph\">{\"@context\":\"https:\/\/schema.org\",\"@graph\":[{\"@type\":\"WebPage\",\"@id\":\"https:\/\/sxflightcase.com\/product\/metal-corner-protectors-coc701\/\",\"url\":\"https:\/\/sxflightcase.com\/product\/metal-corner-protectors-coc701\/\",\"name\":\"Metal Corner Protectors COC701 - https:\/\/sxflightcase.com \ud83d\udc97\",\"isPartOf\":{\"@id\":\"https:\/\/sxflightcase.com\/th\/#website\"},\"primaryImageOfPage\":{\"@id\":\"https:\/\/sxflightcase.com\/product\/metal-corner-protectors-coc701\/#primaryimage\"},\"image\":{\"@id\":\"https:\/\/sxflightcase.com\/product\/metal-corner-protectors-coc701\/#primaryimage\"},\"thumbnailUrl\":\"https:\/\/sxflightcase.com\/wp-content\/uploads\/2024\/08\/COC701.jpg\",\"datePublished\":\"2024-08-21T06:45:28+00:00\",\"dateModified\":\"2024-08-21T06:45:29+00:00\",\"description\":\"Metal corner protectors, factory direct! High-quality, durable protection for case edges. Ideal for safeguarding against impact during transport\",\"breadcrumb\":{\"@id\":\"https:\/\/sxflightcase.com\/product\/metal-corner-protectors-coc701\/#breadcrumb\"},\"inLanguage\":\"hu\",\"potentialAction\":[{\"@type\":\"ReadAction\",\"target\":[\"https:\/\/sxflightcase.com\/product\/metal-corner-protectors-coc701\/\"]}]},{\"@type\":\"ImageObject\",\"inLanguage\":\"hu\",\"@id\":\"https:\/\/sxflightcase.com\/product\/metal-corner-protectors-coc701\/#primaryimage\",\"url\":\"https:\/\/sxflightcase.com\/wp-content\/uploads\/2024\/08\/COC701.jpg\",\"contentUrl\":\"https:\/\/sxflightcase.com\/wp-content\/uploads\/2024\/08\/COC701.jpg\",\"width\":520,\"height\":520,\"caption\":\"Metal Corner Protectors\"},{\"@type\":\"BreadcrumbList\",\"@id\":\"https:\/\/sxflightcase.com\/product\/metal-corner-protectors-coc701\/#breadcrumb\",\"itemListElement\":[{\"@type\":\"ListItem\",\"position\":1,\"name\":\"Home\",\"item\":\"https:\/\/sxflightcase.com\/\"},{\"@type\":\"ListItem\",\"position\":2,\"name\":\"\u0e2a\u0e34\u0e19\u0e04\u0e49\u0e32\",\"item\":\"https:\/\/sxflightcase.com\/th\/shop\/\"},{\"@type\":\"ListItem\",\"position\":3,\"name\":\"Metal Corner Protectors COC701\"}]},{\"@type\":\"WebSite\",\"@id\":\"https:\/\/sxflightcase.com\/th\/#website\",\"url\":\"https:\/\/sxflightcase.com\/th\/\",\"name\":\"sxpowercase.com\",\"description\":\"Flight Case Factory\",\"publisher\":{\"@id\":\"https:\/\/sxflightcase.com\/th\/#organization\"},\"potentialAction\":[{\"@type\":\"SearchAction\",\"target\":{\"@type\":\"EntryPoint\",\"urlTemplate\":\"https:\/\/sxflightcase.com\/th\/?s={search_term_string}\"},\"query-input\":{\"@type\":\"PropertyValueSpecification\",\"valueRequired\":true,\"valueName\":\"search_term_string\"}}],\"inLanguage\":\"hu\"},{\"@type\":\"Organization\",\"@id\":\"https:\/\/sxflightcase.com\/th\/#organization\",\"name\":\"sxpowercase.com\",\"url\":\"https:\/\/sxflightcase.com\/th\/\",\"logo\":{\"@type\":\"ImageObject\",\"inLanguage\":\"hu\",\"@id\":\"https:\/\/sxflightcase.com\/th\/#\/schema\/logo\/image\/\",\"url\":\"https:\/\/sxflightcase.com\/wp-content\/uploads\/2024\/04\/1713919036007.jpg\",\"contentUrl\":\"https:\/\/sxflightcase.com\/wp-content\/uploads\/2024\/04\/1713919036007.jpg\",\"width\":382,\"height\":388,\"caption\":\"sxpowercase.com\"},\"image\":{\"@id\":\"https:\/\/sxflightcase.com\/th\/#\/schema\/logo\/image\/\"},\"sameAs\":[\"https:\/\/www.facebook.com\/profile.php?id=61560407257971\"],\"numberOfEmployees\":{\"@type\":\"QuantitativeValue\",\"minValue\":\"11\",\"maxValue\":\"50\"}}]}<\/script>\n<!-- \/ Yoast SEO Premium plugin. -->","yoast_head_json":{"title":"Metal Corner Protectors COC701 - https:\/\/sxflightcase.com \ud83d\udc97","description":"F\u00e9m sarokv\u00e9d\u0151k, gy\u00e1ri direkt! Kiv\u00e1l\u00f3 min\u0151s\u00e9g\u0171, tart\u00f3s v\u00e9delem a tok sz\u00e9leinek. Ide\u00e1lis a sz\u00e1ll\u00edt\u00e1s k\u00f6zbeni \u00fct\u0151d\u00e9sek elleni v\u00e9delemhez","robots":{"index":"index","follow":"follow","max-snippet":"max-snippet:-1","max-image-preview":"max-image-preview:large","max-video-preview":"max-video-preview:-1"},"canonical":"https:\/\/sxflightcase.com\/hu\/termek\/fem-sarokvedok-coc701\/","og_locale":"hu_HU","og_type":"article","og_title":"Metal Corner Protectors COC701","og_description":"Metal corner protectors, factory direct! High-quality, durable protection for case edges. Ideal for safeguarding against impact during transport","og_url":"https:\/\/sxflightcase.com\/hu\/termek\/fem-sarokvedok-coc701\/","og_site_name":"https:\/\/sxflightcase.com","article_publisher":"https:\/\/www.facebook.com\/profile.php?id=61560407257971","article_modified_time":"2024-08-21T06:45:29+00:00","og_image":[{"width":520,"height":520,"url":"https:\/\/sxflightcase.com\/wp-content\/uploads\/2024\/08\/COC701.jpg","type":"image\/jpeg"}],"twitter_card":"summary_large_image","twitter_misc":{"Becs\u00fclt olvas\u00e1si id\u0151":"3 perc"},"schema":{"@context":"https:\/\/schema.org","@graph":[{"@type":"WebPage","@id":"https:\/\/sxflightcase.com\/product\/metal-corner-protectors-coc701\/","url":"https:\/\/sxflightcase.com\/product\/metal-corner-protectors-coc701\/","name":"Metal Corner Protectors COC701 - https:\/\/sxflightcase.com \ud83d\udc97","isPartOf":{"@id":"https:\/\/sxflightcase.com\/th\/#website"},"primaryImageOfPage":{"@id":"https:\/\/sxflightcase.com\/product\/metal-corner-protectors-coc701\/#primaryimage"},"image":{"@id":"https:\/\/sxflightcase.com\/product\/metal-corner-protectors-coc701\/#primaryimage"},"thumbnailUrl":"https:\/\/sxflightcase.com\/wp-content\/uploads\/2024\/08\/COC701.jpg","datePublished":"2024-08-21T06:45:28+00:00","dateModified":"2024-08-21T06:45:29+00:00","description":"F\u00e9m sarokv\u00e9d\u0151k, gy\u00e1ri direkt! Kiv\u00e1l\u00f3 min\u0151s\u00e9g\u0171, tart\u00f3s v\u00e9delem a tok sz\u00e9leinek. Ide\u00e1lis a sz\u00e1ll\u00edt\u00e1s k\u00f6zbeni \u00fct\u0151d\u00e9sek elleni v\u00e9delemhez","breadcrumb":{"@id":"https:\/\/sxflightcase.com\/product\/metal-corner-protectors-coc701\/#breadcrumb"},"inLanguage":"hu","potentialAction":[{"@type":"ReadAction","target":["https:\/\/sxflightcase.com\/product\/metal-corner-protectors-coc701\/"]}]},{"@type":"ImageObject","inLanguage":"hu","@id":"https:\/\/sxflightcase.com\/product\/metal-corner-protectors-coc701\/#primaryimage","url":"https:\/\/sxflightcase.com\/wp-content\/uploads\/2024\/08\/COC701.jpg","contentUrl":"https:\/\/sxflightcase.com\/wp-content\/uploads\/2024\/08\/COC701.jpg","width":520,"height":520,"caption":"Metal Corner Protectors"},{"@type":"BreadcrumbList","@id":"https:\/\/sxflightcase.com\/product\/metal-corner-protectors-coc701\/#breadcrumb","itemListElement":[{"@type":"ListItem","position":1,"name":"Home","item":"https:\/\/sxflightcase.com\/"},{"@type":"ListItem","position":2,"name":"\u0e2a\u0e34\u0e19\u0e04\u0e49\u0e32","item":"https:\/\/sxflightcase.com\/th\/shop\/"},{"@type":"ListItem","position":3,"name":"Metal Corner Protectors COC701"}]},{"@type":"WebSite","@id":"https:\/\/sxflightcase.com\/th\/#website","url":"https:\/\/sxflightcase.com\/th\/","name":"sxpowercase.com","description":"Flight Case Factory","publisher":{"@id":"https:\/\/sxflightcase.com\/th\/#organization"},"potentialAction":[{"@type":"SearchAction","target":{"@type":"EntryPoint","urlTemplate":"https:\/\/sxflightcase.com\/th\/?s={search_term_string}"},"query-input":{"@type":"PropertyValueSpecification","valueRequired":true,"valueName":"search_term_string"}}],"inLanguage":"hu"},{"@type":"Organization","@id":"https:\/\/sxflightcase.com\/th\/#organization","name":"sxpowercase.com","url":"https:\/\/sxflightcase.com\/th\/","logo":{"@type":"ImageObject","inLanguage":"hu","@id":"https:\/\/sxflightcase.com\/th\/#\/schema\/logo\/image\/","url":"https:\/\/sxflightcase.com\/wp-content\/uploads\/2024\/04\/1713919036007.jpg","contentUrl":"https:\/\/sxflightcase.com\/wp-content\/uploads\/2024\/04\/1713919036007.jpg","width":382,"height":388,"caption":"sxpowercase.com"},"image":{"@id":"https:\/\/sxflightcase.com\/th\/#\/schema\/logo\/image\/"},"sameAs":["https:\/\/www.facebook.com\/profile.php?id=61560407257971"],"numberOfEmployees":{"@type":"QuantitativeValue","minValue":"11","maxValue":"50"}}]}},"_links":{"self":[{"href":"https:\/\/sxflightcase.com\/hu\/wp-json\/wp\/v2\/product\/4160","targetHints":{"allow":["GET"]}}],"collection":[{"href":"https:\/\/sxflightcase.com\/hu\/wp-json\/wp\/v2\/product"}],"about":[{"href":"https:\/\/sxflightcase.com\/hu\/wp-json\/wp\/v2\/types\/product"}],"replies":[{"embeddable":true,"href":"https:\/\/sxflightcase.com\/hu\/wp-json\/wp\/v2\/comments?post=4160"}],"version-history":[{"count":0,"href":"https:\/\/sxflightcase.com\/hu\/wp-json\/wp\/v2\/product\/4160\/revisions"}],"wp:featuredmedia":[{"embeddable":true,"href":"https:\/\/sxflightcase.com\/hu\/wp-json\/wp\/v2\/media\/4095"}],"wp:attachment":[{"href":"https:\/\/sxflightcase.com\/hu\/wp-json\/wp\/v2\/media?parent=4160"}],"wp:term":[{"taxonomy":"product_brand","embeddable":true,"href":"https:\/\/sxflightcase.com\/hu\/wp-json\/wp\/v2\/product_brand?post=4160"},{"taxonomy":"product_cat","embeddable":true,"href":"https:\/\/sxflightcase.com\/hu\/wp-json\/wp\/v2\/product_cat?post=4160"},{"taxonomy":"product_tag","embeddable":true,"href":"https:\/\/sxflightcase.com\/hu\/wp-json\/wp\/v2\/product_tag?post=4160"}],"curies":[{"name":"wp","href":"https:\/\/api.w.org\/{rel}","templated":true}]}}