{"id":4197,"date":"2024-08-22T07:42:06","date_gmt":"2024-08-22T06:42:06","guid":{"rendered":"https:\/\/sxpowercase.com\/?post_type=product&#038;p=4197"},"modified":"2024-08-22T07:42:07","modified_gmt":"2024-08-22T06:42:07","slug":"road-case-corner-clamp-cla102","status":"publish","type":"product","link":"https:\/\/sxflightcase.com\/hu\/termek\/kozuti-tok-sarokbilincs-cla102\/","title":{"rendered":"K\u00f6z\u00fati tok sarokbilincs CLA102"},"content":{"rendered":"<h3>SX Road Case sarokbilincs: Alapvet\u0151 v\u00e9delem a felszerel\u00e9sednek<\/h3>\n<h4>Biztons\u00e1gos k\u00f6z\u00fati \u00fcgyei biztons\u00e1ga<\/h4>\n<p>Az \u00e9rt\u00e9kes berendez\u00e9sek sz\u00e1ll\u00edt\u00e1sa robusztus v\u00e9delmet ig\u00e9nyel. A <span style=\"color: #3366ff;\"><a style=\"color: #3366ff;\" href=\"https:\/\/sxpowercase.com\/product\/road-case-corner-clamp-cla101\/\"><strong>K\u00f6z\u00fati tok sarokbilincs<\/strong><\/a><\/span>\u00a0az SX-t\u0151l kifejezetten erre a biztons\u00e1gra szolg\u00e1lnak. Ezek a bilincsek az \u00fatit\u00e1sk\u00e1k sarkainak szil\u00e1rd meger\u0151s\u00edt\u00e9s\u00e9vel biztos\u00edtj\u00e1k, hogy a felszerel\u00e9se biztons\u00e1gban \u00e9s s\u00e9r\u00fcl\u00e9smentesen maradjon az utaz\u00e1s sor\u00e1n. <a href=\"https:\/\/sxpowercase.com\/\" target=\"_blank\" rel=\"noopener\" title=\"SX\" data-wpil-monitor-id=\"685\">SX<\/a> kombin\u00e1lja a megb\u00edzhat\u00f3 min\u0151s\u00e9get a gy\u00e1ri k\u00f6zvetlen \u00e1rk\u00e9pz\u00e9ssel, \u00edgy alacsonyabb \u00e1ron k\u00edn\u00e1l cs\u00facsmin\u0151s\u00e9g\u0171 hardvert.<\/p>\n<h4>Nagy teherb\u00edr\u00e1s\u00fa kialak\u00edt\u00e1s a hossz\u00fa \u00e9lettartam\u00fa haszn\u00e1lathoz<\/h4>\n<p>SX <strong>K\u00f6z\u00fati tok sarokbilincsek<\/strong> a legkem\u00e9nyebb k\u00f6r\u00fclm\u00e9nyeknek is ellen\u00e1llnak. A nagy szil\u00e1rds\u00e1g\u00fa anyagokb\u00f3l k\u00e9sz\u00fclt bilincsek ellen\u00e1llnak a kop\u00e1snak, \u00e9s hossz\u00fa t\u00e1v\u00fa stabilit\u00e1st biztos\u00edtanak az \u00d6n \u00fatit\u00e1sk\u00e1i sz\u00e1m\u00e1ra. Ak\u00e1r turn\u00e9zik, ak\u00e1r termel\u00e9sben van, ak\u00e1r nagy teherb\u00edr\u00e1s\u00fa berendez\u00e9seket sz\u00e1ll\u00edt, bilincseink biztos\u00edtj\u00e1k a sz\u00fcks\u00e9ges tart\u00f3ss\u00e1got ahhoz, hogy tokjai s\u00e9rtetlenek maradjanak. Az SX garant\u00e1lja, hogy pr\u00e9mium min\u0151s\u00e9g\u0171 v\u00e9delmet kap a magas \u00e1rc\u00e9dula n\u00e9lk\u00fcl, a gy\u00e1ri k\u00f6zvetlen modell\u00fcnknek k\u00f6sz\u00f6nhet\u0151en.<\/p>\n<h4>Egyszer\u0171 telep\u00edt\u00e9s, sz\u00e9les k\u00f6r\u0171 kompatibilit\u00e1s<\/h4>\n<p>Az SX telep\u00edt\u00e9se <strong>K\u00f6z\u00fati tok sarokbilincsek<\/strong> egyszer\u0171, \u00edgy gond n\u00e9lk\u00fcl kieg\u00e9sz\u00edtheti az \u00fcgyeit. A k\u00fcl\u00f6nb\u00f6z\u0151 k\u00f6z\u00fati tokmodellekhez tervezett bilincsek sokoldal\u00faak \u00e9s k\u00f6nnyen be\u00e1ll\u00edthat\u00f3k az \u00d6n egyedi be\u00e1ll\u00edt\u00e1saihoz. A gy\u00e1ri k\u00f6zvetlen megtakar\u00edt\u00e1sok azt jelentik, hogy a k\u00f6lts\u00e9gvet\u00e9s t\u00fall\u00e9p\u00e9se n\u00e9lk\u00fcl friss\u00edtheti tokja v\u00e9delm\u00e9t, mik\u00f6zben mindezt \u00fagy, hogy tokjai biztons\u00e1gosan meger\u0151s\u00edtettek.<\/p>\n<h4>Egyedi megold\u00e1sok minden alkalmaz\u00e1shoz<\/h4>\n<p>Minden k\u00f6z\u00fati tok be\u00e1ll\u00edt\u00e1sa egyedi, \u00e9s az SX biztos\u00edtja a rugalmass\u00e1got, hogy megfeleljen az \u00d6n egyedi k\u00f6vetelm\u00e9nyeinek. A <strong>K\u00f6z\u00fati tok sarokbilincsek<\/strong> k\u00fcl\u00f6nb\u00f6z\u0151 tokt\u00edpusokhoz testre szabhat\u00f3, \u00edgy optim\u00e1lis teljes\u00edtm\u00e9nyt biztos\u00edtva a berendez\u00e9sek v\u00e9delm\u00e9ben. A gy\u00e1ri \u00e1rakhoz val\u00f3 k\u00f6zvetlen hozz\u00e1f\u00e9r\u00e9snek k\u00f6sz\u00f6nhet\u0151en k\u00f6lts\u00e9get takar\u00edthat meg, mik\u00f6zben pontosan azt kapja, amire sz\u00fcks\u00e9ge van - megb\u00edzhat\u00f3, az \u00d6n specifik\u00e1ci\u00f3ira szabott bilincseket.<\/p>\n<h4>Ipari szakemberek bizalma<\/h4>\n<p>Az SX j\u00f3 h\u00edrn\u00e9vnek \u00f6rvend az olyan ipar\u00e1gakban, mint az \u00e9l\u0151 rendezv\u00e9nyek, a turn\u00e9z\u00e1s \u00e9s a logisztika. A <strong>K\u00f6z\u00fati tok sarokbilincsek<\/strong> megb\u00edzhat\u00f3s\u00e1guk \u00e9s teljes\u00edtm\u00e9ny\u00fck miatt ig\u00e9nyes helyzetekben is megb\u00edzhat\u00f3ak. Ha az SX-et v\u00e1lasztja, a gy\u00e1ri k\u00f6zvetlen \u00e1rk\u00e9pz\u00e9s el\u0151nyeit \u00e9lvezheti, ami alacsonyan tartja a k\u00f6lts\u00e9geket, mik\u00f6zben fenntartja a magas min\u0151s\u00e9gi \u00e9s tart\u00f3ss\u00e1gi norm\u00e1kat. A szakemberek vil\u00e1gszerte az SX-re t\u00e1maszkodnak a biztons\u00e1gos \u00e9s megfizethet\u0151 hardvermegold\u00e1sok tekintet\u00e9ben.<\/p>\n<h4>Min\u0151s\u00e9g \u00e9s megfizethet\u0151s\u00e9g egy\u00fctt<\/h4>\n<p>Az SX elk\u00f6telezett az \u00e9rt\u00e9k \u00e9s a min\u0151s\u00e9g biztos\u00edt\u00e1sa mellett. A <strong>K\u00f6z\u00fati tok sarokbilincsek<\/strong> magas sz\u00ednvonalon k\u00e9sz\u00fclnek, mik\u00f6zben gy\u00e1ri k\u00f6zvetlen \u00e1ron k\u00edn\u00e1lj\u00e1k \u0151ket, biztos\u00edtva ezzel a tart\u00f3s \u00e9s k\u00f6lts\u00e9ghat\u00e9kony v\u00e9delmet. Az SX hardverekbe val\u00f3 befektet\u00e9s azt jelenti, hogy hossz\u00fa \u00e9lettartam\u00fa term\u00e9kekbe fektet, amelyek nem terhelik meg a k\u00f6lts\u00e9gvet\u00e9s\u00e9t.<\/p>\n<h4>Fokozott v\u00e9delem b\u00e1rmilyen be\u00e1ll\u00edt\u00e1shoz<\/h4>\n<p>Amikor a felszerel\u00e9s v\u00e9delm\u00e9r\u0151l van sz\u00f3, az SX <strong>K\u00f6z\u00fati tok sarokbilincsek<\/strong> a szil\u00e1rds\u00e1g \u00e9s a megfizethet\u0151s\u00e9g t\u00f6k\u00e9letes egyens\u00faly\u00e1t k\u00edn\u00e1lj\u00e1k. A kem\u00e9ny k\u00f6r\u00fclm\u00e9nyekhez tervezett \u00e9s k\u00f6nnyen felszerelhet\u0151 bilincsek fokozott v\u00e9delmet ny\u00fajtanak minden k\u00f6z\u00fati esethez. A gy\u00e1ri k\u00f6zvetlen megtakar\u00edt\u00e1sokkal \u00fagy biztos\u00edthatja felszerel\u00e9s\u00e9t, hogy sem a min\u0151s\u00e9g, sem az \u00e1r ter\u00e9n nem kell kompromisszumot k\u00f6tnie.<\/p>\n<p>Kapcsolatfelv\u00e9tel most:<span style=\"color: #0000ff;\"><a style=\"color: #0000ff;\" href=\"https:\/\/sxpowercase.com\/contact-us\/\">https:\/\/sxpowercase.com\/<\/a><\/span><\/p>\n<p>Hardver term\u00e9kkatal\u00f3gus\uff1a<span style=\"color: #3366ff;\"><a style=\"color: #3366ff;\" href=\"https:\/\/sxpowercase.com\/wp-content\/uploads\/2024\/07\/\u4e94\u91d1.pdf\">Hardver tartoz\u00e9kok katal\u00f3gusa<\/a><\/span><\/p>","protected":false},"excerpt":{"rendered":"<h3>SX Road Case sarokbilincsek: Biztons\u00e1gos \u00e9s stabil al\u00e1t\u00e1maszt\u00e1s<\/h3>\n<p>Az SX Road Case sarokbilincsek massz\u00edv v\u00e9delmet ny\u00fajtanak felszerel\u00e9s\u00e9nek sz\u00e1ll\u00edt\u00e1s k\u00f6zben. Ezek az er\u0151ss\u00e9gre \u00e9s pontoss\u00e1gra tervezett bilincsek biztos\u00edtj\u00e1k, hogy b\u0151r\u00f6ndjei biztons\u00e1gosan r\u00f6gz\u00edtve maradjanak, gy\u00e1ri \u00e1ron.<\/p>\n<h3>Tart\u00f3ss\u00e1gra \u00e9s nagy ig\u00e9nybev\u00e9telre tervezve<\/h3>\n<p>A tart\u00f3s anyagokb\u00f3l k\u00e9sz\u00fclt SX Road Case sarokbilincsek ellen\u00e1llnak az utaz\u00e1s \u00e9s a nagy ig\u00e9nybev\u00e9tel\u0171 kezel\u00e9s viszontags\u00e1gainak, \u00e9s hossz\u00fa t\u00e1v\u00fa megb\u00edzhat\u00f3s\u00e1got \u00e9s v\u00e9delmet ny\u00fajtanak.<\/p>\n<h3>Egyszer\u0171 telep\u00edt\u00e9s \u00e9s testreszabhat\u00f3 megold\u00e1sok<\/h3>\n<p>Az SX bilincsek k\u00f6nnyen felszerelhet\u0151k, \u00e9s k\u00fcl\u00f6nb\u00f6z\u0151 k\u00f6z\u00fati tokokhoz illeszkednek. Testreszabhat\u00f3 opci\u00f3k \u00e1llnak rendelkez\u00e9sre, \u00edgy biztos\u00edtva, hogy a min\u0151s\u00e9g rov\u00e1s\u00e1ra szabott megold\u00e1sokat kapjon megfizethet\u0151 \u00e1ron, kompromisszumok n\u00e9lk\u00fcl.<\/p>","protected":false},"featured_media":4173,"comment_status":"open","ping_status":"closed","template":"","meta":[],"product_brand":[],"product_cat":[64],"product_tag":[],"class_list":{"0":"post-4197","1":"product","2":"type-product","3":"status-publish","4":"has-post-thumbnail","6":"product_cat-clamps","8":"first","9":"instock","10":"shipping-taxable","11":"product-type-simple"},"yoast_head":"<!-- This site is optimized with the Yoast SEO Premium plugin v27.1 (Yoast SEO v27.2) - https:\/\/yoast.com\/product\/yoast-seo-premium-wordpress\/ -->\n<title>Road Case Corner Clamp CLA102 - https:\/\/sxflightcase.com \ud83d\udc97<\/title>\n<meta name=\"description\" content=\"Road case corner clamp, factory direct! High-quality, durable clamps designed for secure assembly and reinforcement of case corners. Ideal for heavy-duty protection during transport.\" \/>\n<meta name=\"robots\" content=\"index, follow, max-snippet:-1, max-image-preview:large, max-video-preview:-1\" \/>\n<link rel=\"canonical\" href=\"https:\/\/sxflightcase.com\/hu\/termek\/kozuti-tok-sarokbilincs-cla102\/\" \/>\n<meta property=\"og:locale\" content=\"hu_HU\" \/>\n<meta property=\"og:type\" content=\"article\" \/>\n<meta property=\"og:title\" content=\"Road Case Corner Clamp CLA102\" \/>\n<meta property=\"og:description\" content=\"Road case corner clamp, factory direct! High-quality, durable clamps designed for secure assembly and reinforcement of case corners. Ideal for heavy-duty protection during transport.\" \/>\n<meta property=\"og:url\" content=\"https:\/\/sxflightcase.com\/hu\/termek\/kozuti-tok-sarokbilincs-cla102\/\" \/>\n<meta property=\"og:site_name\" content=\"https:\/\/sxflightcase.com\" \/>\n<meta property=\"article:publisher\" content=\"https:\/\/www.facebook.com\/profile.php?id=61560407257971\" \/>\n<meta property=\"article:modified_time\" content=\"2024-08-22T06:42:07+00:00\" \/>\n<meta property=\"og:image\" content=\"https:\/\/sxflightcase.com\/wp-content\/uploads\/2024\/08\/CLA102.jpg\" \/>\n\t<meta property=\"og:image:width\" content=\"520\" \/>\n\t<meta property=\"og:image:height\" content=\"520\" \/>\n\t<meta property=\"og:image:type\" content=\"image\/jpeg\" \/>\n<meta name=\"twitter:card\" content=\"summary_large_image\" \/>\n<meta name=\"twitter:label1\" content=\"Becs\u00fclt olvas\u00e1si id\u0151\" \/>\n\t<meta name=\"twitter:data1\" content=\"3 perc\" \/>\n<script type=\"application\/ld+json\" class=\"yoast-schema-graph\">{\"@context\":\"https:\/\/schema.org\",\"@graph\":[{\"@type\":\"WebPage\",\"@id\":\"https:\/\/sxflightcase.com\/product\/road-case-corner-clamp-cla102\/\",\"url\":\"https:\/\/sxflightcase.com\/product\/road-case-corner-clamp-cla102\/\",\"name\":\"Road Case Corner Clamp CLA102 - https:\/\/sxflightcase.com \ud83d\udc97\",\"isPartOf\":{\"@id\":\"https:\/\/sxflightcase.com\/th\/#website\"},\"primaryImageOfPage\":{\"@id\":\"https:\/\/sxflightcase.com\/product\/road-case-corner-clamp-cla102\/#primaryimage\"},\"image\":{\"@id\":\"https:\/\/sxflightcase.com\/product\/road-case-corner-clamp-cla102\/#primaryimage\"},\"thumbnailUrl\":\"https:\/\/sxflightcase.com\/wp-content\/uploads\/2024\/08\/CLA102.jpg\",\"datePublished\":\"2024-08-22T06:42:06+00:00\",\"dateModified\":\"2024-08-22T06:42:07+00:00\",\"description\":\"Road case corner clamp, factory direct! High-quality, durable clamps designed for secure assembly and reinforcement of case corners. Ideal for heavy-duty protection during transport.\",\"breadcrumb\":{\"@id\":\"https:\/\/sxflightcase.com\/product\/road-case-corner-clamp-cla102\/#breadcrumb\"},\"inLanguage\":\"hu\",\"potentialAction\":[{\"@type\":\"ReadAction\",\"target\":[\"https:\/\/sxflightcase.com\/product\/road-case-corner-clamp-cla102\/\"]}]},{\"@type\":\"ImageObject\",\"inLanguage\":\"hu\",\"@id\":\"https:\/\/sxflightcase.com\/product\/road-case-corner-clamp-cla102\/#primaryimage\",\"url\":\"https:\/\/sxflightcase.com\/wp-content\/uploads\/2024\/08\/CLA102.jpg\",\"contentUrl\":\"https:\/\/sxflightcase.com\/wp-content\/uploads\/2024\/08\/CLA102.jpg\",\"width\":520,\"height\":520,\"caption\":\"Road Case Corner Clamp\"},{\"@type\":\"BreadcrumbList\",\"@id\":\"https:\/\/sxflightcase.com\/product\/road-case-corner-clamp-cla102\/#breadcrumb\",\"itemListElement\":[{\"@type\":\"ListItem\",\"position\":1,\"name\":\"Home\",\"item\":\"https:\/\/sxflightcase.com\/\"},{\"@type\":\"ListItem\",\"position\":2,\"name\":\"\u0e2a\u0e34\u0e19\u0e04\u0e49\u0e32\",\"item\":\"https:\/\/sxflightcase.com\/th\/shop\/\"},{\"@type\":\"ListItem\",\"position\":3,\"name\":\"Road Case Corner Clamp CLA102\"}]},{\"@type\":\"WebSite\",\"@id\":\"https:\/\/sxflightcase.com\/th\/#website\",\"url\":\"https:\/\/sxflightcase.com\/th\/\",\"name\":\"sxpowercase.com\",\"description\":\"Flight Case Factory\",\"publisher\":{\"@id\":\"https:\/\/sxflightcase.com\/th\/#organization\"},\"potentialAction\":[{\"@type\":\"SearchAction\",\"target\":{\"@type\":\"EntryPoint\",\"urlTemplate\":\"https:\/\/sxflightcase.com\/th\/?s={search_term_string}\"},\"query-input\":{\"@type\":\"PropertyValueSpecification\",\"valueRequired\":true,\"valueName\":\"search_term_string\"}}],\"inLanguage\":\"hu\"},{\"@type\":\"Organization\",\"@id\":\"https:\/\/sxflightcase.com\/th\/#organization\",\"name\":\"sxpowercase.com\",\"url\":\"https:\/\/sxflightcase.com\/th\/\",\"logo\":{\"@type\":\"ImageObject\",\"inLanguage\":\"hu\",\"@id\":\"https:\/\/sxflightcase.com\/th\/#\/schema\/logo\/image\/\",\"url\":\"https:\/\/sxflightcase.com\/wp-content\/uploads\/2024\/04\/1713919036007.jpg\",\"contentUrl\":\"https:\/\/sxflightcase.com\/wp-content\/uploads\/2024\/04\/1713919036007.jpg\",\"width\":382,\"height\":388,\"caption\":\"sxpowercase.com\"},\"image\":{\"@id\":\"https:\/\/sxflightcase.com\/th\/#\/schema\/logo\/image\/\"},\"sameAs\":[\"https:\/\/www.facebook.com\/profile.php?id=61560407257971\"],\"numberOfEmployees\":{\"@type\":\"QuantitativeValue\",\"minValue\":\"11\",\"maxValue\":\"50\"}}]}<\/script>\n<!-- \/ Yoast SEO Premium plugin. -->","yoast_head_json":{"title":"Road Case Corner Clamp CLA102 - https:\/\/sxflightcase.com \ud83d\udc97","description":"K\u00f6z\u00fati tok sarokbilincs, gy\u00e1ri direkt! Kiv\u00e1l\u00f3 min\u0151s\u00e9g\u0171, tart\u00f3s bilincsek, amelyeket a tok sarkok biztons\u00e1gos \u00f6sszeszerel\u00e9s\u00e9hez \u00e9s meger\u0151s\u00edt\u00e9s\u00e9hez terveztek. Ide\u00e1lis nagy teherb\u00edr\u00e1s\u00fa v\u00e9delemhez sz\u00e1ll\u00edt\u00e1s k\u00f6zben.","robots":{"index":"index","follow":"follow","max-snippet":"max-snippet:-1","max-image-preview":"max-image-preview:large","max-video-preview":"max-video-preview:-1"},"canonical":"https:\/\/sxflightcase.com\/hu\/termek\/kozuti-tok-sarokbilincs-cla102\/","og_locale":"hu_HU","og_type":"article","og_title":"Road Case Corner Clamp CLA102","og_description":"Road case corner clamp, factory direct! High-quality, durable clamps designed for secure assembly and reinforcement of case corners. Ideal for heavy-duty protection during transport.","og_url":"https:\/\/sxflightcase.com\/hu\/termek\/kozuti-tok-sarokbilincs-cla102\/","og_site_name":"https:\/\/sxflightcase.com","article_publisher":"https:\/\/www.facebook.com\/profile.php?id=61560407257971","article_modified_time":"2024-08-22T06:42:07+00:00","og_image":[{"width":520,"height":520,"url":"https:\/\/sxflightcase.com\/wp-content\/uploads\/2024\/08\/CLA102.jpg","type":"image\/jpeg"}],"twitter_card":"summary_large_image","twitter_misc":{"Becs\u00fclt olvas\u00e1si id\u0151":"3 perc"},"schema":{"@context":"https:\/\/schema.org","@graph":[{"@type":"WebPage","@id":"https:\/\/sxflightcase.com\/product\/road-case-corner-clamp-cla102\/","url":"https:\/\/sxflightcase.com\/product\/road-case-corner-clamp-cla102\/","name":"Road Case Corner Clamp CLA102 - https:\/\/sxflightcase.com \ud83d\udc97","isPartOf":{"@id":"https:\/\/sxflightcase.com\/th\/#website"},"primaryImageOfPage":{"@id":"https:\/\/sxflightcase.com\/product\/road-case-corner-clamp-cla102\/#primaryimage"},"image":{"@id":"https:\/\/sxflightcase.com\/product\/road-case-corner-clamp-cla102\/#primaryimage"},"thumbnailUrl":"https:\/\/sxflightcase.com\/wp-content\/uploads\/2024\/08\/CLA102.jpg","datePublished":"2024-08-22T06:42:06+00:00","dateModified":"2024-08-22T06:42:07+00:00","description":"K\u00f6z\u00fati tok sarokbilincs, gy\u00e1ri direkt! Kiv\u00e1l\u00f3 min\u0151s\u00e9g\u0171, tart\u00f3s bilincsek, amelyeket a tok sarkok biztons\u00e1gos \u00f6sszeszerel\u00e9s\u00e9hez \u00e9s meger\u0151s\u00edt\u00e9s\u00e9hez terveztek. Ide\u00e1lis nagy teherb\u00edr\u00e1s\u00fa v\u00e9delemhez sz\u00e1ll\u00edt\u00e1s k\u00f6zben.","breadcrumb":{"@id":"https:\/\/sxflightcase.com\/product\/road-case-corner-clamp-cla102\/#breadcrumb"},"inLanguage":"hu","potentialAction":[{"@type":"ReadAction","target":["https:\/\/sxflightcase.com\/product\/road-case-corner-clamp-cla102\/"]}]},{"@type":"ImageObject","inLanguage":"hu","@id":"https:\/\/sxflightcase.com\/product\/road-case-corner-clamp-cla102\/#primaryimage","url":"https:\/\/sxflightcase.com\/wp-content\/uploads\/2024\/08\/CLA102.jpg","contentUrl":"https:\/\/sxflightcase.com\/wp-content\/uploads\/2024\/08\/CLA102.jpg","width":520,"height":520,"caption":"Road Case Corner Clamp"},{"@type":"BreadcrumbList","@id":"https:\/\/sxflightcase.com\/product\/road-case-corner-clamp-cla102\/#breadcrumb","itemListElement":[{"@type":"ListItem","position":1,"name":"Home","item":"https:\/\/sxflightcase.com\/"},{"@type":"ListItem","position":2,"name":"\u0e2a\u0e34\u0e19\u0e04\u0e49\u0e32","item":"https:\/\/sxflightcase.com\/th\/shop\/"},{"@type":"ListItem","position":3,"name":"Road Case Corner Clamp CLA102"}]},{"@type":"WebSite","@id":"https:\/\/sxflightcase.com\/th\/#website","url":"https:\/\/sxflightcase.com\/th\/","name":"sxpowercase.com","description":"Flight Case Factory","publisher":{"@id":"https:\/\/sxflightcase.com\/th\/#organization"},"potentialAction":[{"@type":"SearchAction","target":{"@type":"EntryPoint","urlTemplate":"https:\/\/sxflightcase.com\/th\/?s={search_term_string}"},"query-input":{"@type":"PropertyValueSpecification","valueRequired":true,"valueName":"search_term_string"}}],"inLanguage":"hu"},{"@type":"Organization","@id":"https:\/\/sxflightcase.com\/th\/#organization","name":"sxpowercase.com","url":"https:\/\/sxflightcase.com\/th\/","logo":{"@type":"ImageObject","inLanguage":"hu","@id":"https:\/\/sxflightcase.com\/th\/#\/schema\/logo\/image\/","url":"https:\/\/sxflightcase.com\/wp-content\/uploads\/2024\/04\/1713919036007.jpg","contentUrl":"https:\/\/sxflightcase.com\/wp-content\/uploads\/2024\/04\/1713919036007.jpg","width":382,"height":388,"caption":"sxpowercase.com"},"image":{"@id":"https:\/\/sxflightcase.com\/th\/#\/schema\/logo\/image\/"},"sameAs":["https:\/\/www.facebook.com\/profile.php?id=61560407257971"],"numberOfEmployees":{"@type":"QuantitativeValue","minValue":"11","maxValue":"50"}}]}},"_links":{"self":[{"href":"https:\/\/sxflightcase.com\/hu\/wp-json\/wp\/v2\/product\/4197","targetHints":{"allow":["GET"]}}],"collection":[{"href":"https:\/\/sxflightcase.com\/hu\/wp-json\/wp\/v2\/product"}],"about":[{"href":"https:\/\/sxflightcase.com\/hu\/wp-json\/wp\/v2\/types\/product"}],"replies":[{"embeddable":true,"href":"https:\/\/sxflightcase.com\/hu\/wp-json\/wp\/v2\/comments?post=4197"}],"version-history":[{"count":0,"href":"https:\/\/sxflightcase.com\/hu\/wp-json\/wp\/v2\/product\/4197\/revisions"}],"wp:featuredmedia":[{"embeddable":true,"href":"https:\/\/sxflightcase.com\/hu\/wp-json\/wp\/v2\/media\/4173"}],"wp:attachment":[{"href":"https:\/\/sxflightcase.com\/hu\/wp-json\/wp\/v2\/media?parent=4197"}],"wp:term":[{"taxonomy":"product_brand","embeddable":true,"href":"https:\/\/sxflightcase.com\/hu\/wp-json\/wp\/v2\/product_brand?post=4197"},{"taxonomy":"product_cat","embeddable":true,"href":"https:\/\/sxflightcase.com\/hu\/wp-json\/wp\/v2\/product_cat?post=4197"},{"taxonomy":"product_tag","embeddable":true,"href":"https:\/\/sxflightcase.com\/hu\/wp-json\/wp\/v2\/product_tag?post=4197"}],"curies":[{"name":"wp","href":"https:\/\/api.w.org\/{rel}","templated":true}]}}