{"id":4199,"date":"2024-08-22T07:51:13","date_gmt":"2024-08-22T06:51:13","guid":{"rendered":"https:\/\/sxpowercase.com\/?post_type=product&#038;p=4199"},"modified":"2024-08-22T07:51:14","modified_gmt":"2024-08-22T06:51:14","slug":"metal-fitting-corner-brace-cla104","status":"publish","type":"product","link":"https:\/\/sxflightcase.com\/hu\/termek\/fem-szerelveny-sarokmerevito-cla104\/","title":{"rendered":"F\u00e9m szerelv\u00e9ny sarokmerev\u00edt\u0151 CLA104"},"content":{"rendered":"<h3>SX f\u00e9m szerelv\u00e9ny sarokmerev\u00edt\u0151: Er\u0151, stabilit\u00e1s \u00e9s megtakar\u00edt\u00e1s kombin\u00e1lva<\/h3>\n<h4>Megb\u00edzhat\u00f3 sarokt\u00e1mogat\u00e1s minden projekthez<\/h4>\n<p>Ha er\u0151s \u00e9s stabil kapcsolatra van sz\u00fcks\u00e9ge, a <span style=\"color: #3366ff;\"><a style=\"color: #3366ff;\" href=\"https:\/\/sxpowercase.com\/product\/metal-fitting-corner-braces-cla103\/\"><strong>F\u00e9m szerelv\u00e9ny sarokmerev\u00edt\u0151<\/strong><\/a><\/span> az SX-t\u0151l a t\u00f6k\u00e9letes v\u00e1laszt\u00e1s. Ide\u00e1lis a sarkok r\u00f6gz\u00edt\u00e9s\u00e9hez k\u00fcl\u00f6nb\u00f6z\u0151 projektekn\u00e9l, a szekr\u00e9nyekt\u0151l a rep\u00fcl\u0151 tokokig, ez a hardver megb\u00edzhat\u00f3 meger\u0151s\u00edt\u00e9st ny\u00fajt ott, ahol a legnagyobb sz\u00fcks\u00e9g van r\u00e1. Ha k\u00f6zvetlen\u00fcl az SX-t\u0151l v\u00e1s\u00e1rol, verhetetlen gy\u00e1ri k\u00f6zvetlen \u00e1rakat \u00e9lvezhet, an\u00e9lk\u00fcl, hogy a min\u0151s\u00e9gben kompromisszumot kellene k\u00f6tnie.<\/p>\n<h4>Tart\u00f3ss\u00e1gra \u00e9p\u00fclt<\/h4>\n<p>SX <strong>F\u00e9m szerelv\u00e9ny sarokmerev\u00edt\u0151k<\/strong> kiv\u00e1l\u00f3 min\u0151s\u00e9g\u0171 f\u00e9mb\u0151l k\u00e9sz\u00fclnek, \u00edgy biztos\u00edtj\u00e1k, hogy ellen\u00e1lljanak a kop\u00e1snak. Robusztus fel\u00e9p\u00edt\u00e9s\u00fck hossz\u00fa \u00e9lettartamot garant\u00e1l, \u00edgy ide\u00e1lisak az ig\u00e9nyes alkalmaz\u00e1sokhoz. Ak\u00e1r egy nagyszab\u00e1s\u00fa professzion\u00e1lis \u00e9p\u00edtkez\u00e9sen, ak\u00e1r egy bark\u00e1csprojektben dolgozik, ezek a merev\u00edt\u0151k megb\u00edzhat\u00f3 t\u00e1mogat\u00e1st ny\u00fajtanak, mik\u00f6zben k\u00f6lts\u00e9ghat\u00e9konyak maradnak.<\/p>\n<h4>Sokoldal\u00fa \u00e9s k\u00f6nnyen haszn\u00e1lhat\u00f3<\/h4>\n<p>A sokoldal\u00fas\u00e1gra tervezett <a href=\"https:\/\/sxpowercase.com\/\" target=\"_blank\" rel=\"noopener\" title=\"SX\" data-wpil-monitor-id=\"687\">SX<\/a> <strong>F\u00e9m szerelv\u00e9ny sarokmerev\u00edt\u0151<\/strong> sz\u00e1mos alkalmaz\u00e1sban haszn\u00e1lhat\u00f3. Legyen sz\u00f3 polcok r\u00f6gz\u00edt\u00e9s\u00e9r\u0151l, b\u00fatorok meger\u0151s\u00edt\u00e9s\u00e9r\u0151l vagy l\u00e1d\u00e1k \u00e9p\u00edt\u00e9s\u00e9r\u0151l, ezek a merev\u00edt\u0151k z\u00f6kken\u0151mentes integr\u00e1ci\u00f3t biztos\u00edtanak. K\u00f6nnyen felszerelhet\u0151k, \u00edgy id\u0151t \u00e9s energi\u00e1t takar\u00edthat meg, mik\u00f6zben az SX alacsony k\u00f6lts\u00e9g\u0171, gy\u00e1ri k\u00f6zvetlen \u00e1raz\u00e1s\u00e1val a k\u00f6lts\u00e9gvet\u00e9s\u00e9t is kord\u00e1ban tartja.<\/p>\n<h4>T\u00f6k\u00e9letes egyedi projektekhez \u00e9s jav\u00edt\u00e1sokhoz<\/h4>\n<p>Egyedi \u00e9p\u00edt\u00e9sekhez vagy jav\u00edt\u00e1sokhoz, amelyekhez tov\u00e1bbi sarokt\u00e1maszt\u00e1s sz\u00fcks\u00e9ges, az SX <strong>F\u00e9m szerelv\u00e9ny sarokmerev\u00edt\u0151<\/strong> k\u00f6telez\u0151 darab. Megb\u00edzhat\u00f3 kialak\u00edt\u00e1sa biztos\u00edtja, hogy konstrukci\u00f3i szil\u00e1rdan \u00f6sszetartanak, m\u00e9g nyom\u00e1s alatt is. Az SX gy\u00e1ri k\u00f6zvetlen \u00e9rt\u00e9kes\u00edt\u00e9s ir\u00e1nti elk\u00f6telezetts\u00e9g\u00e9vel pedig olyan \u00e1ron kapja a kiv\u00e1l\u00f3 min\u0151s\u00e9g\u0171 hardvereket, amelyet neh\u00e9z fel\u00fclm\u00falni, \u00edgy teljes\u00edtm\u00e9nyt \u00e9s \u00e9rt\u00e9ket egyar\u00e1nt biztos\u00edt.<\/p>\n<h4>Ipar\u00e1gi szak\u00e9rt\u0151k bizalma<\/h4>\n<p>A szakemberek \u00e9s a bark\u00e1csol\u00e1s szerelmesei egyar\u00e1nt megb\u00edznak az SX-ben a megfizethet\u0151 \u00e9s tart\u00f3s hardvermegold\u00e1sok tekintet\u00e9ben. A <strong>F\u00e9m szerelv\u00e9ny sarokmerev\u00edt\u0151<\/strong> k\u00f6vetkezetes min\u0151s\u00e9g\u00e9nek \u00e9s versenyk\u00e9pes \u00e1rainak k\u00f6sz\u00f6nhet\u0151en vil\u00e1gszerte a szersz\u00e1mk\u00e9szletek egyik alapdarabja. Az SX haszn\u00e1lat\u00e1val nemcsak megb\u00edzhat\u00f3 hardverbe fektet be, hanem a k\u00f6zvetlen\u00fcl a gy\u00e1rb\u00f3l sz\u00e1rmaz\u00f3 megtakar\u00edt\u00e1sainkb\u00f3l is profit\u00e1lhat, ami megk\u00f6nny\u00edti a k\u00f6lts\u00e9gvet\u00e9s betart\u00e1s\u00e1t.<\/p>\n<h4>Testreszabhat\u00f3 lehet\u0151s\u00e9gek egyedi ig\u00e9nyekhez<\/h4>\n<p>Az SX meg\u00e9rti, hogy minden projektnek megvannak a maga k\u00f6vetelm\u00e9nyei, ez\u00e9rt a mi <strong>F\u00e9m szerelv\u00e9ny sarokmerev\u00edt\u0151k<\/strong> az \u00d6n ig\u00e9nyeihez igaz\u00edthat\u00f3. Ak\u00e1r k\u00fcl\u00f6nleges m\u00e9retekre, kivitelekre vagy tov\u00e1bbi funkci\u00f3kra van sz\u00fcks\u00e9ge, testreszabhat\u00f3 lehet\u0151s\u00e9geket k\u00edn\u00e1lunk an\u00e9lk\u00fcl, hogy a k\u00f6lts\u00e9geket megn\u00f6veln\u00e9nk. Az SX gy\u00e1ri k\u00f6zvetlen modellje biztos\u00edtja, hogy pontosan azt kapja, amire sz\u00fcks\u00e9ge van, kiv\u00e1l\u00f3 \u00e1ron.<\/p>\n<h4>Megfizethet\u0151 min\u0151s\u00e9g, amiben megb\u00edzhat<\/h4>\n<p>Az SX-n\u00e9l b\u00fcszk\u00e9k vagyunk arra, hogy cs\u00facsmin\u0151s\u00e9g\u0171 hardvert k\u00edn\u00e1lunk \u00e9sszer\u0171 \u00e1ron. A <strong>F\u00e9m szerelv\u00e9ny sarokmerev\u00edt\u0151k<\/strong> kombin\u00e1lj\u00e1k a tart\u00f3ss\u00e1got \u00e9s a megfizethet\u0151s\u00e9get, \u00edgy megb\u00edzhat\u00f3 teljes\u00edtm\u00e9nyt ny\u00fajtanak an\u00e9lk\u00fcl, hogy megterheln\u00e9k a k\u00f6lts\u00e9gvet\u00e9s\u00e9t. Gy\u00e1ri k\u00f6zvetlen megk\u00f6zel\u00edt\u00e9s\u00fcnknek k\u00f6sz\u00f6nhet\u0151en mindig a legjobb \u00e1r-\u00e9rt\u00e9k ar\u00e1nyt kapja a p\u00e9nz\u00e9\u00e9rt, ak\u00e1r professzion\u00e1lis projekten, ak\u00e1r otthoni bark\u00e1csol\u00e1son dolgozik.<\/p>\n<h4>\u00c9p\u00edtsen magabiztosan, takar\u00e9koskodjon az SX-szel<\/h4>\n<p>A sarokmeger\u0151s\u00edt\u00e9sn\u00e9l az SX <strong>F\u00e9m szerelv\u00e9ny sarokmerev\u00edt\u0151<\/strong> olyan szil\u00e1rds\u00e1got \u00e9s stabilit\u00e1st k\u00edn\u00e1l, amelyre sz\u00e1m\u00edthat. Egyszer\u0171 telep\u00edt\u00e9se, tart\u00f3s kialak\u00edt\u00e1sa \u00e9s sokoldal\u00fa felhaszn\u00e1lhat\u00f3s\u00e1ga miatt a projektek sz\u00e9les sk\u00e1l\u00e1j\u00e1hoz n\u00e9lk\u00fcl\u00f6zhetetlen alkatr\u00e9sz. \u00c9s verhetetlen gy\u00e1ri k\u00f6zvetlen \u00e1rainkkal nem kell fel\u00e1ldoznia a min\u0151s\u00e9get, hogy a k\u00f6lts\u00e9gvet\u00e9sen bel\u00fcl maradjon. V\u00e1lassza az SX-et, ha olyan hardvermegold\u00e1sokat szeretne, amelyek minden alkalommal megb\u00edzhat\u00f3s\u00e1got \u00e9s \u00e9rt\u00e9ket biztos\u00edtanak.<\/p>\n<p>Kapcsolatfelv\u00e9tel most:<span style=\"color: #0000ff;\"><a style=\"color: #0000ff;\" href=\"https:\/\/sxpowercase.com\/contact-us\/\">https:\/\/sxpowercase.com\/<\/a><\/span><\/p>\n<p>Hardver term\u00e9kkatal\u00f3gus\uff1a<span style=\"color: #3366ff;\"><a style=\"color: #3366ff;\" href=\"https:\/\/sxpowercase.com\/wp-content\/uploads\/2024\/07\/\u4e94\u91d1.pdf\">Hardver tartoz\u00e9kok katal\u00f3gusa<\/a><\/span><\/p>","protected":false},"excerpt":{"rendered":"<h3>SX Road Case sarokbilincsek: Megb\u00edzhat\u00f3 v\u00e9delem a felszerel\u00e9sednek<\/h3>\n<p>Az SX Road Case sarokbilincsek tart\u00f3s tart\u00e1st \u00e9s biztons\u00e1gos r\u00f6gz\u00edt\u00e9st biztos\u00edtanak a felszerel\u00e9si tokok sz\u00e1m\u00e1ra. Ezek a szakemberek sz\u00e1m\u00e1ra tervezett bilincsek robusztus v\u00e9delmet ny\u00fajtanak sz\u00e1ll\u00edt\u00e1s k\u00f6zben, mindezt gy\u00e1ri \u00e1ron.<\/p>\n<h3>Hossz\u00fa \u00e9lettartam\u00fa teljes\u00edtm\u00e9nyre tervezve<\/h3>\n<p>A kiv\u00e1l\u00f3 min\u0151s\u00e9g\u0171 anyagokb\u00f3l k\u00e9sz\u00fclt SX bilincseket \u00fagy tervezt\u00e9k, hogy ellen\u00e1lljanak a nagy ig\u00e9nybev\u00e9telnek. Legyen sz\u00f3 rendezv\u00e9nyekr\u0151l vagy ipari c\u00e9lokb\u00f3l, ezek a bilincsek biztos\u00edtj\u00e1k, hogy a tokok s\u00e9rtetlenek \u00e9s v\u00e9dettek maradjanak.<\/p>\n<h3>Sokoldal\u00fa, k\u00f6nnyen felszerelhet\u0151 bilincsek<\/h3>\n<p>Az SX Road Case sarokbilincsek kompatibilisek a k\u00fcl\u00f6nb\u00f6z\u0151 tok-kialak\u00edt\u00e1sokkal, egyszer\u0171 telep\u00edt\u00e9st \u00e9s t\u00f6k\u00e9letes illeszked\u00e9st biztos\u00edtanak. A testreszabhat\u00f3 opci\u00f3kkal testre szabott megold\u00e1sokat kaphat an\u00e9lk\u00fcl, hogy a megfizethet\u0151s\u00e9g vagy a min\u0151s\u00e9g rov\u00e1s\u00e1ra menne.<\/p>","protected":false},"featured_media":4175,"comment_status":"open","ping_status":"closed","template":"","meta":[],"product_brand":[],"product_cat":[64],"product_tag":[],"class_list":{"0":"post-4199","1":"product","2":"type-product","3":"status-publish","4":"has-post-thumbnail","6":"product_cat-clamps","8":"first","9":"instock","10":"shipping-taxable","11":"product-type-simple"},"yoast_head":"<!-- This site is optimized with the Yoast SEO Premium plugin v27.1 (Yoast SEO v27.2) - https:\/\/yoast.com\/product\/yoast-seo-premium-wordpress\/ -->\n<title>Metal Fitting Corner Brace CLA104 - https:\/\/sxflightcase.com \ud83d\udc97<\/title>\n<meta name=\"description\" content=\"Metal fitting corner braces, factory direct! High-quality, durable braces for reinforcing and securing corners in various applications. Ideal for enhancing stability and strength in furniture, cases, and structures.\" \/>\n<meta name=\"robots\" content=\"index, follow, max-snippet:-1, max-image-preview:large, max-video-preview:-1\" \/>\n<link rel=\"canonical\" href=\"https:\/\/sxflightcase.com\/hu\/\u4ea7\u54c1\/\u91d1\u5c5e\u914d\u4ef6\u89d2\u6491-cla104-2\/\" \/>\n<meta property=\"og:locale\" content=\"hu_HU\" \/>\n<meta property=\"og:type\" content=\"article\" \/>\n<meta property=\"og:title\" content=\"Metal Fitting Corner Brace CLA104\" \/>\n<meta property=\"og:description\" content=\"Metal fitting corner braces, factory direct! High-quality, durable braces for reinforcing and securing corners in various applications. Ideal for enhancing stability and strength in furniture, cases, and structures.\" \/>\n<meta property=\"og:url\" content=\"https:\/\/sxflightcase.com\/hu\/\u4ea7\u54c1\/\u91d1\u5c5e\u914d\u4ef6\u89d2\u6491-cla104-2\/\" \/>\n<meta property=\"og:site_name\" content=\"https:\/\/sxflightcase.com\" \/>\n<meta property=\"article:publisher\" content=\"https:\/\/www.facebook.com\/profile.php?id=61560407257971\" \/>\n<meta property=\"article:modified_time\" content=\"2024-08-22T06:51:14+00:00\" \/>\n<meta property=\"og:image\" content=\"https:\/\/sxflightcase.com\/wp-content\/uploads\/2024\/08\/CLA104.jpg\" \/>\n\t<meta property=\"og:image:width\" content=\"700\" \/>\n\t<meta property=\"og:image:height\" content=\"700\" \/>\n\t<meta property=\"og:image:type\" content=\"image\/jpeg\" \/>\n<meta name=\"twitter:card\" content=\"summary_large_image\" \/>\n<meta name=\"twitter:label1\" content=\"Becs\u00fclt olvas\u00e1si id\u0151\" \/>\n\t<meta name=\"twitter:data1\" content=\"3 perc\" \/>\n<script type=\"application\/ld+json\" class=\"yoast-schema-graph\">{\"@context\":\"https:\/\/schema.org\",\"@graph\":[{\"@type\":\"WebPage\",\"@id\":\"https:\/\/sxflightcase.com\/zh\/\u4ea7\u54c1\/\u91d1\u5c5e\u914d\u4ef6\u89d2\u6491-cla104-2\/\",\"url\":\"https:\/\/sxflightcase.com\/zh\/\u4ea7\u54c1\/\u91d1\u5c5e\u914d\u4ef6\u89d2\u6491-cla104-2\/\",\"name\":\"Metal Fitting Corner Brace CLA104 - https:\/\/sxflightcase.com \ud83d\udc97\",\"isPartOf\":{\"@id\":\"https:\/\/sxflightcase.com\/th\/#website\"},\"primaryImageOfPage\":{\"@id\":\"https:\/\/sxflightcase.com\/zh\/\u4ea7\u54c1\/\u91d1\u5c5e\u914d\u4ef6\u89d2\u6491-cla104-2\/#primaryimage\"},\"image\":{\"@id\":\"https:\/\/sxflightcase.com\/zh\/\u4ea7\u54c1\/\u91d1\u5c5e\u914d\u4ef6\u89d2\u6491-cla104-2\/#primaryimage\"},\"thumbnailUrl\":\"https:\/\/sxflightcase.com\/wp-content\/uploads\/2024\/08\/CLA104.jpg\",\"datePublished\":\"2024-08-22T06:51:13+00:00\",\"dateModified\":\"2024-08-22T06:51:14+00:00\",\"description\":\"Metal fitting corner braces, factory direct! High-quality, durable braces for reinforcing and securing corners in various applications. Ideal for enhancing stability and strength in furniture, cases, and structures.\",\"breadcrumb\":{\"@id\":\"https:\/\/sxflightcase.com\/zh\/\u4ea7\u54c1\/\u91d1\u5c5e\u914d\u4ef6\u89d2\u6491-cla104-2\/#breadcrumb\"},\"inLanguage\":\"hu\",\"potentialAction\":[{\"@type\":\"ReadAction\",\"target\":[\"https:\/\/sxflightcase.com\/zh\/\u4ea7\u54c1\/\u91d1\u5c5e\u914d\u4ef6\u89d2\u6491-cla104-2\/\"]}]},{\"@type\":\"ImageObject\",\"inLanguage\":\"hu\",\"@id\":\"https:\/\/sxflightcase.com\/zh\/\u4ea7\u54c1\/\u91d1\u5c5e\u914d\u4ef6\u89d2\u6491-cla104-2\/#primaryimage\",\"url\":\"https:\/\/sxflightcase.com\/wp-content\/uploads\/2024\/08\/CLA104.jpg\",\"contentUrl\":\"https:\/\/sxflightcase.com\/wp-content\/uploads\/2024\/08\/CLA104.jpg\",\"width\":700,\"height\":700,\"caption\":\"Metal Fitting Corner Brace\"},{\"@type\":\"BreadcrumbList\",\"@id\":\"https:\/\/sxflightcase.com\/zh\/\u4ea7\u54c1\/\u91d1\u5c5e\u914d\u4ef6\u89d2\u6491-cla104-2\/#breadcrumb\",\"itemListElement\":[{\"@type\":\"ListItem\",\"position\":1,\"name\":\"Home\",\"item\":\"https:\/\/sxflightcase.com\/\"},{\"@type\":\"ListItem\",\"position\":2,\"name\":\"\u0e2a\u0e34\u0e19\u0e04\u0e49\u0e32\",\"item\":\"https:\/\/sxflightcase.com\/th\/shop\/\"},{\"@type\":\"ListItem\",\"position\":3,\"name\":\"Metal Fitting Corner Brace CLA104\"}]},{\"@type\":\"WebSite\",\"@id\":\"https:\/\/sxflightcase.com\/th\/#website\",\"url\":\"https:\/\/sxflightcase.com\/th\/\",\"name\":\"sxpowercase.com\",\"description\":\"Flight Case Factory\",\"publisher\":{\"@id\":\"https:\/\/sxflightcase.com\/th\/#organization\"},\"potentialAction\":[{\"@type\":\"SearchAction\",\"target\":{\"@type\":\"EntryPoint\",\"urlTemplate\":\"https:\/\/sxflightcase.com\/th\/?s={search_term_string}\"},\"query-input\":{\"@type\":\"PropertyValueSpecification\",\"valueRequired\":true,\"valueName\":\"search_term_string\"}}],\"inLanguage\":\"hu\"},{\"@type\":\"Organization\",\"@id\":\"https:\/\/sxflightcase.com\/th\/#organization\",\"name\":\"sxpowercase.com\",\"url\":\"https:\/\/sxflightcase.com\/th\/\",\"logo\":{\"@type\":\"ImageObject\",\"inLanguage\":\"hu\",\"@id\":\"https:\/\/sxflightcase.com\/th\/#\/schema\/logo\/image\/\",\"url\":\"https:\/\/sxflightcase.com\/wp-content\/uploads\/2024\/04\/1713919036007.jpg\",\"contentUrl\":\"https:\/\/sxflightcase.com\/wp-content\/uploads\/2024\/04\/1713919036007.jpg\",\"width\":382,\"height\":388,\"caption\":\"sxpowercase.com\"},\"image\":{\"@id\":\"https:\/\/sxflightcase.com\/th\/#\/schema\/logo\/image\/\"},\"sameAs\":[\"https:\/\/www.facebook.com\/profile.php?id=61560407257971\"],\"numberOfEmployees\":{\"@type\":\"QuantitativeValue\",\"minValue\":\"11\",\"maxValue\":\"50\"}}]}<\/script>\n<!-- \/ Yoast SEO Premium plugin. -->","yoast_head_json":{"title":"Metal Fitting Corner Brace CLA104 - https:\/\/sxflightcase.com \ud83d\udc97","description":"F\u00e9m szerel\u00e9s\u0171 sarokmerev\u00edt\u0151k, gy\u00e1ri direkt! Kiv\u00e1l\u00f3 min\u0151s\u00e9g\u0171, tart\u00f3s merev\u00edt\u0151k a sarkok meger\u0151s\u00edt\u00e9s\u00e9re \u00e9s r\u00f6gz\u00edt\u00e9s\u00e9re k\u00fcl\u00f6nb\u00f6z\u0151 alkalmaz\u00e1sokban. Ide\u00e1lis a stabilit\u00e1s \u00e9s a szil\u00e1rds\u00e1g fokoz\u00e1s\u00e1ra b\u00fatorok, l\u00e1d\u00e1k \u00e9s szerkezetek eset\u00e9ben.","robots":{"index":"index","follow":"follow","max-snippet":"max-snippet:-1","max-image-preview":"max-image-preview:large","max-video-preview":"max-video-preview:-1"},"canonical":"https:\/\/sxflightcase.com\/hu\/\u4ea7\u54c1\/\u91d1\u5c5e\u914d\u4ef6\u89d2\u6491-cla104-2\/","og_locale":"hu_HU","og_type":"article","og_title":"Metal Fitting Corner Brace CLA104","og_description":"Metal fitting corner braces, factory direct! High-quality, durable braces for reinforcing and securing corners in various applications. Ideal for enhancing stability and strength in furniture, cases, and structures.","og_url":"https:\/\/sxflightcase.com\/hu\/\u4ea7\u54c1\/\u91d1\u5c5e\u914d\u4ef6\u89d2\u6491-cla104-2\/","og_site_name":"https:\/\/sxflightcase.com","article_publisher":"https:\/\/www.facebook.com\/profile.php?id=61560407257971","article_modified_time":"2024-08-22T06:51:14+00:00","og_image":[{"width":700,"height":700,"url":"https:\/\/sxflightcase.com\/wp-content\/uploads\/2024\/08\/CLA104.jpg","type":"image\/jpeg"}],"twitter_card":"summary_large_image","twitter_misc":{"Becs\u00fclt olvas\u00e1si id\u0151":"3 perc"},"schema":{"@context":"https:\/\/schema.org","@graph":[{"@type":"WebPage","@id":"https:\/\/sxflightcase.com\/zh\/\u4ea7\u54c1\/\u91d1\u5c5e\u914d\u4ef6\u89d2\u6491-cla104-2\/","url":"https:\/\/sxflightcase.com\/zh\/\u4ea7\u54c1\/\u91d1\u5c5e\u914d\u4ef6\u89d2\u6491-cla104-2\/","name":"Metal Fitting Corner Brace CLA104 - https:\/\/sxflightcase.com \ud83d\udc97","isPartOf":{"@id":"https:\/\/sxflightcase.com\/th\/#website"},"primaryImageOfPage":{"@id":"https:\/\/sxflightcase.com\/zh\/\u4ea7\u54c1\/\u91d1\u5c5e\u914d\u4ef6\u89d2\u6491-cla104-2\/#primaryimage"},"image":{"@id":"https:\/\/sxflightcase.com\/zh\/\u4ea7\u54c1\/\u91d1\u5c5e\u914d\u4ef6\u89d2\u6491-cla104-2\/#primaryimage"},"thumbnailUrl":"https:\/\/sxflightcase.com\/wp-content\/uploads\/2024\/08\/CLA104.jpg","datePublished":"2024-08-22T06:51:13+00:00","dateModified":"2024-08-22T06:51:14+00:00","description":"F\u00e9m szerel\u00e9s\u0171 sarokmerev\u00edt\u0151k, gy\u00e1ri direkt! Kiv\u00e1l\u00f3 min\u0151s\u00e9g\u0171, tart\u00f3s merev\u00edt\u0151k a sarkok meger\u0151s\u00edt\u00e9s\u00e9re \u00e9s r\u00f6gz\u00edt\u00e9s\u00e9re k\u00fcl\u00f6nb\u00f6z\u0151 alkalmaz\u00e1sokban. Ide\u00e1lis a stabilit\u00e1s \u00e9s a szil\u00e1rds\u00e1g fokoz\u00e1s\u00e1ra b\u00fatorok, l\u00e1d\u00e1k \u00e9s szerkezetek eset\u00e9ben.","breadcrumb":{"@id":"https:\/\/sxflightcase.com\/zh\/\u4ea7\u54c1\/\u91d1\u5c5e\u914d\u4ef6\u89d2\u6491-cla104-2\/#breadcrumb"},"inLanguage":"hu","potentialAction":[{"@type":"ReadAction","target":["https:\/\/sxflightcase.com\/zh\/\u4ea7\u54c1\/\u91d1\u5c5e\u914d\u4ef6\u89d2\u6491-cla104-2\/"]}]},{"@type":"ImageObject","inLanguage":"hu","@id":"https:\/\/sxflightcase.com\/zh\/\u4ea7\u54c1\/\u91d1\u5c5e\u914d\u4ef6\u89d2\u6491-cla104-2\/#primaryimage","url":"https:\/\/sxflightcase.com\/wp-content\/uploads\/2024\/08\/CLA104.jpg","contentUrl":"https:\/\/sxflightcase.com\/wp-content\/uploads\/2024\/08\/CLA104.jpg","width":700,"height":700,"caption":"Metal Fitting Corner Brace"},{"@type":"BreadcrumbList","@id":"https:\/\/sxflightcase.com\/zh\/\u4ea7\u54c1\/\u91d1\u5c5e\u914d\u4ef6\u89d2\u6491-cla104-2\/#breadcrumb","itemListElement":[{"@type":"ListItem","position":1,"name":"Home","item":"https:\/\/sxflightcase.com\/"},{"@type":"ListItem","position":2,"name":"\u0e2a\u0e34\u0e19\u0e04\u0e49\u0e32","item":"https:\/\/sxflightcase.com\/th\/shop\/"},{"@type":"ListItem","position":3,"name":"Metal Fitting Corner Brace CLA104"}]},{"@type":"WebSite","@id":"https:\/\/sxflightcase.com\/th\/#website","url":"https:\/\/sxflightcase.com\/th\/","name":"sxpowercase.com","description":"Flight Case Factory","publisher":{"@id":"https:\/\/sxflightcase.com\/th\/#organization"},"potentialAction":[{"@type":"SearchAction","target":{"@type":"EntryPoint","urlTemplate":"https:\/\/sxflightcase.com\/th\/?s={search_term_string}"},"query-input":{"@type":"PropertyValueSpecification","valueRequired":true,"valueName":"search_term_string"}}],"inLanguage":"hu"},{"@type":"Organization","@id":"https:\/\/sxflightcase.com\/th\/#organization","name":"sxpowercase.com","url":"https:\/\/sxflightcase.com\/th\/","logo":{"@type":"ImageObject","inLanguage":"hu","@id":"https:\/\/sxflightcase.com\/th\/#\/schema\/logo\/image\/","url":"https:\/\/sxflightcase.com\/wp-content\/uploads\/2024\/04\/1713919036007.jpg","contentUrl":"https:\/\/sxflightcase.com\/wp-content\/uploads\/2024\/04\/1713919036007.jpg","width":382,"height":388,"caption":"sxpowercase.com"},"image":{"@id":"https:\/\/sxflightcase.com\/th\/#\/schema\/logo\/image\/"},"sameAs":["https:\/\/www.facebook.com\/profile.php?id=61560407257971"],"numberOfEmployees":{"@type":"QuantitativeValue","minValue":"11","maxValue":"50"}}]}},"_links":{"self":[{"href":"https:\/\/sxflightcase.com\/hu\/wp-json\/wp\/v2\/product\/4199","targetHints":{"allow":["GET"]}}],"collection":[{"href":"https:\/\/sxflightcase.com\/hu\/wp-json\/wp\/v2\/product"}],"about":[{"href":"https:\/\/sxflightcase.com\/hu\/wp-json\/wp\/v2\/types\/product"}],"replies":[{"embeddable":true,"href":"https:\/\/sxflightcase.com\/hu\/wp-json\/wp\/v2\/comments?post=4199"}],"version-history":[{"count":0,"href":"https:\/\/sxflightcase.com\/hu\/wp-json\/wp\/v2\/product\/4199\/revisions"}],"wp:featuredmedia":[{"embeddable":true,"href":"https:\/\/sxflightcase.com\/hu\/wp-json\/wp\/v2\/media\/4175"}],"wp:attachment":[{"href":"https:\/\/sxflightcase.com\/hu\/wp-json\/wp\/v2\/media?parent=4199"}],"wp:term":[{"taxonomy":"product_brand","embeddable":true,"href":"https:\/\/sxflightcase.com\/hu\/wp-json\/wp\/v2\/product_brand?post=4199"},{"taxonomy":"product_cat","embeddable":true,"href":"https:\/\/sxflightcase.com\/hu\/wp-json\/wp\/v2\/product_cat?post=4199"},{"taxonomy":"product_tag","embeddable":true,"href":"https:\/\/sxflightcase.com\/hu\/wp-json\/wp\/v2\/product_tag?post=4199"}],"curies":[{"name":"wp","href":"https:\/\/api.w.org\/{rel}","templated":true}]}}