{"id":4206,"date":"2024-08-23T07:12:40","date_gmt":"2024-08-23T06:12:40","guid":{"rendered":"https:\/\/sxpowercase.com\/?post_type=product&#038;p=4206"},"modified":"2024-08-23T07:12:59","modified_gmt":"2024-08-23T06:12:59","slug":"corner-brackets","status":"publish","type":"product","link":"https:\/\/sxflightcase.com\/hu\/termek\/sarokkonzolok\/","title":{"rendered":"Saroktart\u00f3k CLA301"},"content":{"rendered":"<h3>SX sarokkonzolok: Kiv\u00e1l\u00f3 min\u0151s\u00e9g\u0171 t\u00e1mogat\u00e1s gy\u00e1ri \u00e1ron<\/h3>\n<h4>Er\u0151s\u00edtse meg szerkezeteit k\u00f6nnyed\u00e9n<\/h4>\n<p>Amikor a stabilit\u00e1s sz\u00e1m\u00edt, SX <span style=\"color: #3366ff;\"><a style=\"color: #3366ff;\" href=\"https:\/\/sxpowercase.com\/product\/corner-brackets-cla201\/\"><strong>Sarok konzolok<\/strong><\/a><\/span> t\u00f6k\u00e9letes megold\u00e1st k\u00edn\u00e1lnak a projektek meger\u0151s\u00edt\u00e9s\u00e9hez. Ezek a megb\u00edzhat\u00f3 konzolok kiv\u00e1l\u00f3 min\u0151s\u00e9g\u0171 f\u00e9mb\u0151l k\u00e9sz\u00fcltek, \u00e9s \u00fagy tervezt\u00e9k \u0151ket, hogy hossz\u00fa t\u00e1v\u00fa teljes\u00edtm\u00e9nyt ny\u00fajtsanak. A gy\u00e1ri k\u00f6zvetlen \u00e1rakkal az SX biztos\u00edtja, hogy kiv\u00e1l\u00f3 min\u0151s\u00e9g\u0171 vasalatokat kapjon a t\u00falz\u00f3 k\u00f6lts\u00e9gek n\u00e9lk\u00fcl.<\/p>\n<h4>Tart\u00f3ss\u00e1gra \u00e9s strapab\u00edr\u00e1sra tervezve<\/h4>\n<p><a title=\"SX\" href=\"https:\/\/sxpowercase.com\/\" target=\"_blank\" rel=\"noopener\" data-wpil-monitor-id=\"689\">SX<\/a> <strong>Sarok konzolok<\/strong> \u00fagy k\u00e9sz\u00fcltek, hogy megfeleljenek mind a k\u00f6nny\u0171, mind a nagy ig\u00e9nybev\u00e9tel\u0171 alkalmaz\u00e1sok k\u00f6vetelm\u00e9nyeinek. A robusztus konstrukci\u00f3 megb\u00edzhat\u00f3 t\u00e1mogat\u00e1st ny\u00fajt a k\u00fcl\u00f6nf\u00e9le feladatokhoz, az otthoni bark\u00e1csol\u00e1st\u00f3l a nagyipari munk\u00e1kig. Gy\u00e1ri k\u00f6zvetlen \u00e1raz\u00e1sunkkal pr\u00e9mium kateg\u00f3ri\u00e1s hardvereket kap a tipikus kiskereskedelmi \u00e1r t\u00f6red\u00e9k\u00e9\u00e9rt, \u00edgy k\u00f6nnyebb a k\u00f6lts\u00e9gvet\u00e9sen bel\u00fcl maradni a min\u0151s\u00e9g fel\u00e1ldoz\u00e1sa n\u00e9lk\u00fcl.<\/p>\n<h4>Egyszer\u0171 telep\u00edt\u00e9s b\u00e1rmilyen projekthez<\/h4>\n<p>Az egyszer\u0171 \u00e9s gyors telep\u00edt\u00e9shez tervezett SX <strong>Sarok konzolok<\/strong> ide\u00e1lisak minden tud\u00e1sszinthez, a kezd\u0151kt\u0151l a tapasztalt profikig. Ak\u00e1r b\u00fatorok r\u00f6gz\u00edt\u00e9s\u00e9hez, ak\u00e1r keretek \u00e9p\u00edt\u00e9s\u00e9hez vagy szerkezetek meger\u0151s\u00edt\u00e9s\u00e9hez van r\u00e1juk sz\u00fcks\u00e9ge, ezek a sokoldal\u00fa konzolok z\u00f6kken\u0151mentesen alkalmazkodnak a k\u00fcl\u00f6nb\u00f6z\u0151 felhaszn\u00e1l\u00e1si c\u00e9lokhoz. Gy\u00e1ri k\u00f6zvetlen \u00e1rk\u00e9pz\u00e9si modell\u00fcnk garant\u00e1lja a megfizethet\u0151s\u00e9get a szigor\u00fa min\u0151s\u00e9gi el\u0151\u00edr\u00e1sok betart\u00e1sa mellett.<\/p>\n<h4>Az \u00d6n egyedi ig\u00e9nyeire szabva<\/h4>\n<p>Az SX meg\u00e9rti, hogy a k\u00fcl\u00f6nb\u00f6z\u0151 projektek k\u00fcl\u00f6nb\u00f6z\u0151 megold\u00e1sokat ig\u00e9nyelnek. Ez\u00e9rt van az, hogy <strong>Sarok konzolok<\/strong> testreszabhat\u00f3 opci\u00f3kkal rendelkeznek, hogy pontosan megfeleljenek az \u00d6n ig\u00e9nyeinek. Ak\u00e1r k\u00fcl\u00f6nleges m\u00e9retekre, anyagokra vagy kivitelre van sz\u00fcks\u00e9ge, mi szem\u00e9lyre szabott megold\u00e1sokat tudunk ny\u00fajtani, mik\u00f6zben a k\u00f6lts\u00e9geket alacsonyan tartjuk. A k\u00f6zvetlen\u00fcl a gy\u00e1rb\u00f3l sz\u00e1rmaz\u00f3 megk\u00f6zel\u00edt\u00e9s lehet\u0151v\u00e9 teszi sz\u00e1munkra, hogy a megtakar\u00edt\u00e1sokat k\u00f6zvetlen\u00fcl \u00d6nnek adjuk \u00e1t, \u00edgy \u00d6n szem\u00e9lyre szabott min\u0151s\u00e9get kap an\u00e9lk\u00fcl, hogy t\u00falk\u00f6ltekezne.<\/p>\n<h4>Szakemberek \u00e9s bark\u00e1csszak\u00e9rt\u0151k vil\u00e1gszerte megb\u00edznak benne<\/h4>\n<p>Az SX olyan megb\u00edzhat\u00f3 hardverek sz\u00e1ll\u00edt\u00e1s\u00e1r\u00f3l szerzett h\u00edrnevet, amelyekben a szakemberek \u00e9s a bark\u00e1csol\u00e1s szerelmesei egyar\u00e1nt megb\u00edznak. A <strong>Sarok konzolok<\/strong> \u00fagy tervezt\u00e9k, hogy megfeleljenek a legmagasabb szabv\u00e1nyoknak, ez\u00e9rt a k\u00fcl\u00f6nb\u00f6z\u0151 ipar\u00e1gakban n\u00e9pszer\u0171 v\u00e1laszt\u00e1snak sz\u00e1m\u00edtanak. A gy\u00e1ri k\u00f6zvetlen megtakar\u00edt\u00e1sokkal olyan tart\u00f3s term\u00e9kek el\u0151nyeit \u00e9lvezheti, amelyek nem terhelik meg a k\u00f6lts\u00e9gvet\u00e9s\u00e9t, \u00edgy \u00d6n a projektek hat\u00e9kony elv\u00e9gz\u00e9s\u00e9re \u00f6sszpontos\u00edthat.<\/p>\n<h4>Garant\u00e1lt min\u0151s\u00e9g, optimaliz\u00e1lt \u00e1r<\/h4>\n<p>Az SX seg\u00edts\u00e9g\u00e9vel nem kell v\u00e1lasztania a min\u0151s\u00e9g \u00e9s a megfizethet\u0151s\u00e9g k\u00f6z\u00f6tt. A <strong>Sarok konzolok<\/strong> szigor\u00fa min\u0151s\u00e9gellen\u0151rz\u00e9snek vetik al\u00e1, hogy megfeleljenek az \u00d6n elv\u00e1r\u00e1sainak. A felesleges k\u00f6zvet\u00edt\u0151k kiz\u00e1r\u00e1s\u00e1val \u00e9s a k\u00f6zvetlen forgalmaz\u00e1ssal kiv\u00e1l\u00f3 min\u0151s\u00e9g\u0171 hardvereket k\u00edn\u00e1lunk \u00d6nnek versenyk\u00e9pes \u00e1ron, \u00edgy megb\u00edzhat\u00f3 partnerek vagyunk a kisebb \u00e9s nagyobb projektekhez.<\/p>\n<h4>T\u00f6k\u00e9letes mind a lakoss\u00e1gi, mind a kereskedelmi alkalmaz\u00e1sokhoz<\/h4>\n<p>SX <strong>Sarok konzolok<\/strong> p\u00e1ratlan sokoldal\u00fas\u00e1got k\u00edn\u00e1lnak a legk\u00fcl\u00f6nb\u00f6z\u0151bb \u00e9p\u00edt\u00e9si ig\u00e9nyekhez. Robusztus kialak\u00edt\u00e1suk biztos\u00edtja, hogy minden, amit \u00e9p\u00edt, biztons\u00e1gban maradjon, ak\u00e1r szekr\u00e9nyeken, polcokon vagy nagyobb berendez\u00e9seken dolgozik. Gy\u00e1ri k\u00f6zvetlen \u00e1raz\u00e1sunk biztos\u00edtja, hogy megb\u00edzhat\u00f3 term\u00e9keket kapjon a lehet\u0151 legjobb \u00e1ron, \u00edgy az SX a megb\u00edzhat\u00f3 vasalatmegold\u00e1sok els\u0151 sz\u00e1m\u00fa forr\u00e1sa.<\/p>\n<h4>V\u00e1lassza az SX-et a k\u00f6vetkez\u0151 projektj\u00e9hez<\/h4>\n<p>Ha megb\u00edzhat\u00f3 t\u00e1mogat\u00e1sra van sz\u00fcks\u00e9ge az \u00e9p\u00edt\u00e9seihez, az SX <strong>Sarok konzolok<\/strong> min\u0151s\u00e9get, tart\u00f3ss\u00e1got \u00e9s megtakar\u00edt\u00e1st biztos\u00edtanak. Gy\u00e1ri k\u00f6zvetlen \u00e1raz\u00e1sunk \u00e9s testreszabhat\u00f3 opci\u00f3ink megk\u00f6nny\u00edtik a megfelel\u0151 konzolok megtal\u00e1l\u00e1s\u00e1t b\u00e1rmilyen munk\u00e1hoz, mik\u00f6zben a k\u00f6lts\u00e9gek alacsonyak maradnak. A bark\u00e1csol\u00f3kt\u00f3l az ipari szakemberekig, az SX az intelligens v\u00e1laszt\u00e1s a k\u00f6lts\u00e9gvet\u00e9s\u00e9hez illeszked\u0151, min\u0151s\u00e9gi vasalatokat illet\u0151en.<\/p>\n<p>Kapcsolatfelv\u00e9tel most:<span style=\"color: #0000ff;\"><a style=\"color: #0000ff;\" href=\"https:\/\/sxpowercase.com\/contact-us\/\">https:\/\/sxpowercase.com\/<\/a><\/span><\/p>\n<p>Hardver term\u00e9kkatal\u00f3gus\uff1a<span style=\"color: #3366ff;\"><a style=\"color: #3366ff;\" href=\"https:\/\/sxpowercase.com\/wp-content\/uploads\/2024\/07\/\u4e94\u91d1.pdf\">Hardver tartoz\u00e9kok katal\u00f3gusa<\/a><\/span><\/p>","protected":false},"excerpt":{"rendered":"<h3>SX sarokkonzolok: Megb\u00edzhat\u00f3 t\u00e1mogat\u00e1s, gy\u00e1ri k\u00f6zvetlen \u00e1rk\u00e9pz\u00e9s<\/h3>\n<p>Az SX sarokkonzolok er\u0151s meger\u0151s\u00edt\u00e9st biztos\u00edtanak b\u00e1rmilyen projekthez, a bark\u00e1cs\u00e1ru\u00e9p\u00edt\u00e9st\u0151l az ipari alkalmaz\u00e1sokig. Nagy szil\u00e1rds\u00e1g\u00fa anyagokb\u00f3l k\u00e9sz\u00fcltek, \u00edgy hossz\u00fa \u00e9lettartamot biztos\u00edtanak megfizethet\u0151 \u00e1ron.<\/p>\n<h3>Sokoldal\u00fa \u00e9s k\u00f6nnyen telep\u00edthet\u0151<\/h3>\n<p>Az SX sarokkonzolokat gyors \u00e9s egyszer\u0171 telep\u00edt\u00e9sre tervezt\u00e9k, \u00edgy sz\u00e1mos projekthez ide\u00e1lisak. A gy\u00e1ri k\u00f6zvetlen \u00e1rk\u00e9pz\u00e9ssel megb\u00edzhat\u00f3, sokoldal\u00fa \u00e9s k\u00f6lts\u00e9ghat\u00e9kony hardvert kaphat.<\/p>\n<h3>Egyedi megold\u00e1sok egyedi projektekhez<\/h3>\n<p>Az SX testreszabhat\u00f3 lehet\u0151s\u00e9geket k\u00edn\u00e1l a sarokkonzolokhoz, \u00edgy biztos\u00edtva, hogy az \u00d6n egyedi ig\u00e9nyeihez t\u00f6k\u00e9letesen illeszkedjen. Szerezzen be min\u0151s\u00e9gi, az \u00d6n ig\u00e9nyeire szabott hardvert an\u00e9lk\u00fcl, hogy a bankot megt\u00f6rn\u00e9.<\/p>","protected":false},"featured_media":4177,"comment_status":"open","ping_status":"closed","template":"","meta":[],"product_brand":[],"product_cat":[64],"product_tag":[],"class_list":{"0":"post-4206","1":"product","2":"type-product","3":"status-publish","4":"has-post-thumbnail","6":"product_cat-clamps","8":"first","9":"instock","10":"shipping-taxable","11":"product-type-simple"},"yoast_head":"<!-- This site is optimized with the Yoast SEO Premium plugin v27.1 (Yoast SEO v27.2) - https:\/\/yoast.com\/product\/yoast-seo-premium-wordpress\/ -->\n<title>Corner Brackets CLA301 - https:\/\/sxflightcase.com \ud83d\udc97<\/title>\n<meta name=\"description\" content=\"Corner brackets, factory direct! High-quality, durable brackets for reinforcing and securing corners in furniture, cabinets, and cases. Ideal for added stability and strength in various applications.\" \/>\n<meta name=\"robots\" content=\"index, follow, max-snippet:-1, max-image-preview:large, max-video-preview:-1\" \/>\n<link rel=\"canonical\" href=\"https:\/\/sxflightcase.com\/hu\/termek\/sarokkonzolok\/\" \/>\n<meta property=\"og:locale\" content=\"hu_HU\" \/>\n<meta property=\"og:type\" content=\"article\" \/>\n<meta property=\"og:title\" content=\"Corner Brackets CLA301\" \/>\n<meta property=\"og:description\" content=\"Corner brackets, factory direct! High-quality, durable brackets for reinforcing and securing corners in furniture, cabinets, and cases. Ideal for added stability and strength in various applications.\" \/>\n<meta property=\"og:url\" content=\"https:\/\/sxflightcase.com\/hu\/termek\/sarokkonzolok\/\" \/>\n<meta property=\"og:site_name\" content=\"https:\/\/sxflightcase.com\" \/>\n<meta property=\"article:publisher\" content=\"https:\/\/www.facebook.com\/profile.php?id=61560407257971\" \/>\n<meta property=\"article:modified_time\" content=\"2024-08-23T06:12:59+00:00\" \/>\n<meta property=\"og:image\" content=\"https:\/\/sxflightcase.com\/wp-content\/uploads\/2024\/08\/CLA301.jpg\" \/>\n\t<meta property=\"og:image:width\" content=\"700\" \/>\n\t<meta property=\"og:image:height\" content=\"700\" \/>\n\t<meta property=\"og:image:type\" content=\"image\/jpeg\" \/>\n<meta name=\"twitter:card\" content=\"summary_large_image\" \/>\n<meta name=\"twitter:label1\" content=\"Becs\u00fclt olvas\u00e1si id\u0151\" \/>\n\t<meta name=\"twitter:data1\" content=\"3 perc\" \/>\n<script type=\"application\/ld+json\" class=\"yoast-schema-graph\">{\"@context\":\"https:\/\/schema.org\",\"@graph\":[{\"@type\":\"WebPage\",\"@id\":\"https:\/\/sxflightcase.com\/product\/corner-brackets\/\",\"url\":\"https:\/\/sxflightcase.com\/product\/corner-brackets\/\",\"name\":\"Corner Brackets CLA301 - https:\/\/sxflightcase.com \ud83d\udc97\",\"isPartOf\":{\"@id\":\"https:\/\/sxflightcase.com\/th\/#website\"},\"primaryImageOfPage\":{\"@id\":\"https:\/\/sxflightcase.com\/product\/corner-brackets\/#primaryimage\"},\"image\":{\"@id\":\"https:\/\/sxflightcase.com\/product\/corner-brackets\/#primaryimage\"},\"thumbnailUrl\":\"https:\/\/sxflightcase.com\/wp-content\/uploads\/2024\/08\/CLA301.jpg\",\"datePublished\":\"2024-08-23T06:12:40+00:00\",\"dateModified\":\"2024-08-23T06:12:59+00:00\",\"description\":\"Corner brackets, factory direct! High-quality, durable brackets for reinforcing and securing corners in furniture, cabinets, and cases. Ideal for added stability and strength in various applications.\",\"breadcrumb\":{\"@id\":\"https:\/\/sxflightcase.com\/product\/corner-brackets\/#breadcrumb\"},\"inLanguage\":\"hu\",\"potentialAction\":[{\"@type\":\"ReadAction\",\"target\":[\"https:\/\/sxflightcase.com\/product\/corner-brackets\/\"]}]},{\"@type\":\"ImageObject\",\"inLanguage\":\"hu\",\"@id\":\"https:\/\/sxflightcase.com\/product\/corner-brackets\/#primaryimage\",\"url\":\"https:\/\/sxflightcase.com\/wp-content\/uploads\/2024\/08\/CLA301.jpg\",\"contentUrl\":\"https:\/\/sxflightcase.com\/wp-content\/uploads\/2024\/08\/CLA301.jpg\",\"width\":700,\"height\":700,\"caption\":\"Corner Brackets\"},{\"@type\":\"BreadcrumbList\",\"@id\":\"https:\/\/sxflightcase.com\/product\/corner-brackets\/#breadcrumb\",\"itemListElement\":[{\"@type\":\"ListItem\",\"position\":1,\"name\":\"Home\",\"item\":\"https:\/\/sxflightcase.com\/\"},{\"@type\":\"ListItem\",\"position\":2,\"name\":\"\u0e2a\u0e34\u0e19\u0e04\u0e49\u0e32\",\"item\":\"https:\/\/sxflightcase.com\/th\/shop\/\"},{\"@type\":\"ListItem\",\"position\":3,\"name\":\"Corner Brackets CLA301\"}]},{\"@type\":\"WebSite\",\"@id\":\"https:\/\/sxflightcase.com\/th\/#website\",\"url\":\"https:\/\/sxflightcase.com\/th\/\",\"name\":\"sxpowercase.com\",\"description\":\"Flight Case Factory\",\"publisher\":{\"@id\":\"https:\/\/sxflightcase.com\/th\/#organization\"},\"potentialAction\":[{\"@type\":\"SearchAction\",\"target\":{\"@type\":\"EntryPoint\",\"urlTemplate\":\"https:\/\/sxflightcase.com\/th\/?s={search_term_string}\"},\"query-input\":{\"@type\":\"PropertyValueSpecification\",\"valueRequired\":true,\"valueName\":\"search_term_string\"}}],\"inLanguage\":\"hu\"},{\"@type\":\"Organization\",\"@id\":\"https:\/\/sxflightcase.com\/th\/#organization\",\"name\":\"sxpowercase.com\",\"url\":\"https:\/\/sxflightcase.com\/th\/\",\"logo\":{\"@type\":\"ImageObject\",\"inLanguage\":\"hu\",\"@id\":\"https:\/\/sxflightcase.com\/th\/#\/schema\/logo\/image\/\",\"url\":\"https:\/\/sxflightcase.com\/wp-content\/uploads\/2024\/04\/1713919036007.jpg\",\"contentUrl\":\"https:\/\/sxflightcase.com\/wp-content\/uploads\/2024\/04\/1713919036007.jpg\",\"width\":382,\"height\":388,\"caption\":\"sxpowercase.com\"},\"image\":{\"@id\":\"https:\/\/sxflightcase.com\/th\/#\/schema\/logo\/image\/\"},\"sameAs\":[\"https:\/\/www.facebook.com\/profile.php?id=61560407257971\"],\"numberOfEmployees\":{\"@type\":\"QuantitativeValue\",\"minValue\":\"11\",\"maxValue\":\"50\"}}]}<\/script>\n<!-- \/ Yoast SEO Premium plugin. -->","yoast_head_json":{"title":"Corner Brackets CLA301 - https:\/\/sxflightcase.com \ud83d\udc97","description":"Sarokkonzolok, gy\u00e1ri direkt! Kiv\u00e1l\u00f3 min\u0151s\u00e9g\u0171, tart\u00f3s konzolok b\u00fatorok, szekr\u00e9nyek \u00e9s l\u00e1d\u00e1k sarkainak meger\u0151s\u00edt\u00e9s\u00e9hez \u00e9s r\u00f6gz\u00edt\u00e9s\u00e9hez. Ide\u00e1lis kieg\u00e9sz\u00edt\u0151 stabilit\u00e1s \u00e9s szil\u00e1rds\u00e1g biztos\u00edt\u00e1s\u00e1ra k\u00fcl\u00f6nb\u00f6z\u0151 alkalmaz\u00e1sokban.","robots":{"index":"index","follow":"follow","max-snippet":"max-snippet:-1","max-image-preview":"max-image-preview:large","max-video-preview":"max-video-preview:-1"},"canonical":"https:\/\/sxflightcase.com\/hu\/termek\/sarokkonzolok\/","og_locale":"hu_HU","og_type":"article","og_title":"Corner Brackets CLA301","og_description":"Corner brackets, factory direct! High-quality, durable brackets for reinforcing and securing corners in furniture, cabinets, and cases. Ideal for added stability and strength in various applications.","og_url":"https:\/\/sxflightcase.com\/hu\/termek\/sarokkonzolok\/","og_site_name":"https:\/\/sxflightcase.com","article_publisher":"https:\/\/www.facebook.com\/profile.php?id=61560407257971","article_modified_time":"2024-08-23T06:12:59+00:00","og_image":[{"width":700,"height":700,"url":"https:\/\/sxflightcase.com\/wp-content\/uploads\/2024\/08\/CLA301.jpg","type":"image\/jpeg"}],"twitter_card":"summary_large_image","twitter_misc":{"Becs\u00fclt olvas\u00e1si id\u0151":"3 perc"},"schema":{"@context":"https:\/\/schema.org","@graph":[{"@type":"WebPage","@id":"https:\/\/sxflightcase.com\/product\/corner-brackets\/","url":"https:\/\/sxflightcase.com\/product\/corner-brackets\/","name":"Corner Brackets CLA301 - https:\/\/sxflightcase.com \ud83d\udc97","isPartOf":{"@id":"https:\/\/sxflightcase.com\/th\/#website"},"primaryImageOfPage":{"@id":"https:\/\/sxflightcase.com\/product\/corner-brackets\/#primaryimage"},"image":{"@id":"https:\/\/sxflightcase.com\/product\/corner-brackets\/#primaryimage"},"thumbnailUrl":"https:\/\/sxflightcase.com\/wp-content\/uploads\/2024\/08\/CLA301.jpg","datePublished":"2024-08-23T06:12:40+00:00","dateModified":"2024-08-23T06:12:59+00:00","description":"Sarokkonzolok, gy\u00e1ri direkt! Kiv\u00e1l\u00f3 min\u0151s\u00e9g\u0171, tart\u00f3s konzolok b\u00fatorok, szekr\u00e9nyek \u00e9s l\u00e1d\u00e1k sarkainak meger\u0151s\u00edt\u00e9s\u00e9hez \u00e9s r\u00f6gz\u00edt\u00e9s\u00e9hez. Ide\u00e1lis kieg\u00e9sz\u00edt\u0151 stabilit\u00e1s \u00e9s szil\u00e1rds\u00e1g biztos\u00edt\u00e1s\u00e1ra k\u00fcl\u00f6nb\u00f6z\u0151 alkalmaz\u00e1sokban.","breadcrumb":{"@id":"https:\/\/sxflightcase.com\/product\/corner-brackets\/#breadcrumb"},"inLanguage":"hu","potentialAction":[{"@type":"ReadAction","target":["https:\/\/sxflightcase.com\/product\/corner-brackets\/"]}]},{"@type":"ImageObject","inLanguage":"hu","@id":"https:\/\/sxflightcase.com\/product\/corner-brackets\/#primaryimage","url":"https:\/\/sxflightcase.com\/wp-content\/uploads\/2024\/08\/CLA301.jpg","contentUrl":"https:\/\/sxflightcase.com\/wp-content\/uploads\/2024\/08\/CLA301.jpg","width":700,"height":700,"caption":"Corner Brackets"},{"@type":"BreadcrumbList","@id":"https:\/\/sxflightcase.com\/product\/corner-brackets\/#breadcrumb","itemListElement":[{"@type":"ListItem","position":1,"name":"Home","item":"https:\/\/sxflightcase.com\/"},{"@type":"ListItem","position":2,"name":"\u0e2a\u0e34\u0e19\u0e04\u0e49\u0e32","item":"https:\/\/sxflightcase.com\/th\/shop\/"},{"@type":"ListItem","position":3,"name":"Corner Brackets CLA301"}]},{"@type":"WebSite","@id":"https:\/\/sxflightcase.com\/th\/#website","url":"https:\/\/sxflightcase.com\/th\/","name":"sxpowercase.com","description":"Flight Case Factory","publisher":{"@id":"https:\/\/sxflightcase.com\/th\/#organization"},"potentialAction":[{"@type":"SearchAction","target":{"@type":"EntryPoint","urlTemplate":"https:\/\/sxflightcase.com\/th\/?s={search_term_string}"},"query-input":{"@type":"PropertyValueSpecification","valueRequired":true,"valueName":"search_term_string"}}],"inLanguage":"hu"},{"@type":"Organization","@id":"https:\/\/sxflightcase.com\/th\/#organization","name":"sxpowercase.com","url":"https:\/\/sxflightcase.com\/th\/","logo":{"@type":"ImageObject","inLanguage":"hu","@id":"https:\/\/sxflightcase.com\/th\/#\/schema\/logo\/image\/","url":"https:\/\/sxflightcase.com\/wp-content\/uploads\/2024\/04\/1713919036007.jpg","contentUrl":"https:\/\/sxflightcase.com\/wp-content\/uploads\/2024\/04\/1713919036007.jpg","width":382,"height":388,"caption":"sxpowercase.com"},"image":{"@id":"https:\/\/sxflightcase.com\/th\/#\/schema\/logo\/image\/"},"sameAs":["https:\/\/www.facebook.com\/profile.php?id=61560407257971"],"numberOfEmployees":{"@type":"QuantitativeValue","minValue":"11","maxValue":"50"}}]}},"_links":{"self":[{"href":"https:\/\/sxflightcase.com\/hu\/wp-json\/wp\/v2\/product\/4206","targetHints":{"allow":["GET"]}}],"collection":[{"href":"https:\/\/sxflightcase.com\/hu\/wp-json\/wp\/v2\/product"}],"about":[{"href":"https:\/\/sxflightcase.com\/hu\/wp-json\/wp\/v2\/types\/product"}],"replies":[{"embeddable":true,"href":"https:\/\/sxflightcase.com\/hu\/wp-json\/wp\/v2\/comments?post=4206"}],"version-history":[{"count":0,"href":"https:\/\/sxflightcase.com\/hu\/wp-json\/wp\/v2\/product\/4206\/revisions"}],"wp:featuredmedia":[{"embeddable":true,"href":"https:\/\/sxflightcase.com\/hu\/wp-json\/wp\/v2\/media\/4177"}],"wp:attachment":[{"href":"https:\/\/sxflightcase.com\/hu\/wp-json\/wp\/v2\/media?parent=4206"}],"wp:term":[{"taxonomy":"product_brand","embeddable":true,"href":"https:\/\/sxflightcase.com\/hu\/wp-json\/wp\/v2\/product_brand?post=4206"},{"taxonomy":"product_cat","embeddable":true,"href":"https:\/\/sxflightcase.com\/hu\/wp-json\/wp\/v2\/product_cat?post=4206"},{"taxonomy":"product_tag","embeddable":true,"href":"https:\/\/sxflightcase.com\/hu\/wp-json\/wp\/v2\/product_tag?post=4206"}],"curies":[{"name":"wp","href":"https:\/\/api.w.org\/{rel}","templated":true}]}}