{"id":4207,"date":"2024-08-23T07:18:45","date_gmt":"2024-08-23T06:18:45","guid":{"rendered":"https:\/\/sxpowercase.com\/?post_type=product&#038;p=4207"},"modified":"2024-08-23T07:18:46","modified_gmt":"2024-08-23T06:18:46","slug":"flight-case-corner-clamp-cla401","status":"publish","type":"product","link":"https:\/\/sxflightcase.com\/hu\/termek\/repulotaska-sarokrogzito-cla401\/","title":{"rendered":"Flight Case sarokr\u00f6gz\u00edt\u0151 CLA401"},"content":{"rendered":"<h3>SX Flight Case sarokbilincs: Biztons\u00e1gos \u00e9s megfizethet\u0151 hardver a megb\u00edzhat\u00f3 v\u00e9delemhez<\/h3>\n<h4>Fokozott tart\u00f3ss\u00e1g a Flight Cases sz\u00e1m\u00e1ra<\/h4>\n<p>Amikor az \u00e9rt\u00e9kes berendez\u00e9sek v\u00e9delm\u00e9r\u0151l van sz\u00f3, az SX's <span style=\"color: #3366ff;\"><a style=\"color: #3366ff;\" href=\"https:\/\/sxpowercase.com\/product\/corner-brackets\/\"><strong>Flight Case sarokr\u00f6gz\u00edt\u0151<\/strong><\/a><\/span> alapvet\u0151 hardverelem. Ezeket a bilincseket \u00fagy tervezt\u00e9k, hogy meger\u0151s\u00edts\u00e9k a rep\u00fcl\u0151 tokok sarkait, \u00edgy biztos\u00edtva, hogy felszerel\u00e9se biztons\u00e1gban maradjon sz\u00e1ll\u00edt\u00e1s k\u00f6zben. A gy\u00e1ri k\u00f6zvetlen \u00e1rk\u00e9pz\u00e9ssel az SX kiv\u00e1l\u00f3 min\u0151s\u00e9g\u0171 bilincseket sz\u00e1ll\u00edt k\u00f6lts\u00e9gvet\u00e9sbar\u00e1t \u00e1ron, biztos\u00edtva, hogy pr\u00e9mium min\u0151s\u00e9g\u0171 hardvert kapjon an\u00e9lk\u00fcl, hogy t\u00falfizetne.<\/p>\n<h4>Tart\u00f3san \u00e9p\u00edtett, kiv\u00e1l\u00f3 anyagokkal<\/h4>\n<p><a href=\"https:\/\/sxpowercase.com\/\" target=\"_blank\" rel=\"noopener\" title=\"SX\" data-wpil-monitor-id=\"690\">SX<\/a> <strong>Flight Case sarokbilincsek<\/strong> robusztus, tart\u00f3s f\u00e9mb\u0151l k\u00e9sz\u00fclnek, hossz\u00fa \u00e9lettartam\u00fa szil\u00e1rds\u00e1got biztos\u00edtva az ig\u00e9nyes alkalmaz\u00e1sokhoz. Ezeket a bilincseket \u00fagy tervezt\u00e9k, hogy ellen\u00e1lljanak az \u00e1lland\u00f3 haszn\u00e1latb\u00f3l ered\u0151 kop\u00e1snak, mik\u00f6zben meg\u0151rzik szerkezeti integrit\u00e1sukat. A k\u00f6zvetlen\u00fcl a gy\u00e1rb\u00f3l sz\u00e1rmaz\u00f3 megk\u00f6zel\u00edt\u00e9s lehet\u0151v\u00e9 teszi az SX sz\u00e1m\u00e1ra, hogy versenyk\u00e9pes \u00e1rakat k\u00edn\u00e1ljon an\u00e9lk\u00fcl, hogy kompromisszumot k\u00f6tne az anyagok vagy a k\u00e9zm\u0171ves kivitelez\u00e9s min\u0151s\u00e9g\u00e9ben.<\/p>\n<h4>Egyszer\u0171 telep\u00edt\u00e9s \u00e9s megb\u00edzhat\u00f3 teljes\u00edtm\u00e9ny<\/h4>\n<p>SX <strong>Flight Case sarokbilincsek<\/strong> gyors \u00e9s egyszer\u0171 telep\u00edt\u00e9sre tervezt\u00e9k, \u00edgy ide\u00e1lisak mind a szakemberek, mind a bark\u00e1csol\u00f3k sz\u00e1m\u00e1ra. A bilincsek biztons\u00e1gos illeszked\u00e9st biztos\u00edtanak, ami biztos\u00edtja, hogy a rep\u00fcl\u0151 tok sarkai szil\u00e1rdan a hely\u00fck\u00f6n maradjanak, cs\u00f6kkentve a s\u00e9r\u00fcl\u00e9s kock\u00e1zat\u00e1t. A k\u00f6zvetlen \u00e9rt\u00e9kes\u00edt\u00e9sre \u00f6sszpontos\u00edtva az SX garant\u00e1lja, hogy megb\u00edzhat\u00f3 hardvereket kap alacsony \u00e1ron, amelyek t\u00f6k\u00e9letesek b\u00e1rmilyen m\u00e9ret\u0171 projekthez.<\/p>\n<h4>Megb\u00edzhat\u00f3 min\u0151s\u00e9g gy\u00e1ri megtakar\u00edt\u00e1sokkal<\/h4>\n<p>Az SX-n\u00e9l a min\u0151s\u00e9g \u00e1ll minden tev\u00e9kenys\u00e9g\u00fcnk k\u00f6z\u00e9ppontj\u00e1ban. A <strong>Flight Case sarokbilincsek<\/strong> szigor\u00fa min\u0151s\u00e9gellen\u0151rz\u00e9snek vetik al\u00e1, hogy biztos\u00edts\u00e1k, hogy megfelelnek a legmagasabb k\u00f6vetelm\u00e9nyeknek. Azzal, hogy k\u00f6zvetlen\u00fcl a gy\u00e1runkb\u00f3l szerezz\u00fck be a term\u00e9keket, megtakar\u00edt\u00e1sokat adunk \u00e1t \u00fcgyfeleinknek, mik\u00f6zben fenntartjuk a kiv\u00e1l\u00f3s\u00e1g \u00e1lland\u00f3 szintj\u00e9t. Megb\u00edzhat\u00f3 hardvert kap, amely k\u00f6lts\u00e9ghat\u00e9kony, \u00e9s kiv\u00e1l\u00f3 \u00e9rt\u00e9ket biztos\u00edt a befektet\u00e9s\u00e9hez.<\/p>\n<h4>Sokoldal\u00fa alkalmaz\u00e1sok minden rep\u00fcl\u00e9si tokhoz<\/h4>\n<p>Ak\u00e1r \u00faj rep\u00fcl\u0151t\u00e1sk\u00e1kat \u00e9p\u00edt, ak\u00e1r a megl\u00e9v\u0151ket korszer\u0171s\u00edti, az SX <strong>Flight Case sarokbilincsek<\/strong> el\u00e9g sokoldal\u00faak ahhoz, hogy k\u00fcl\u00f6nb\u00f6z\u0151 mint\u00e1khoz \u00e9s m\u00e9retekhez illeszkedjenek. A bilincsek szil\u00e1rd meger\u0151s\u00edt\u00e9st k\u00edn\u00e1lnak mind az egyedi, mind a szabv\u00e1nyos tokokhoz, \u00edgy a k\u00fcl\u00f6nb\u00f6z\u0151 ipar\u00e1gakban n\u00e9pszer\u0171 v\u00e1laszt\u00e1snak sz\u00e1m\u00edtanak. A gy\u00e1ri k\u00f6zvetlen \u00e1rk\u00e9pz\u00e9snek k\u00f6sz\u00f6nhet\u0151en a tipikus piaci k\u00f6lts\u00e9gek t\u00f6red\u00e9k\u00e9\u00e9rt k\u00f6nnyed\u00e9n felszerelheti tokjait pr\u00e9mium kateg\u00f3ri\u00e1s bilincsekkel.<\/p>\n<h4>Egyedi megold\u00e1sok az \u00d6n egyedi ig\u00e9nyeihez<\/h4>\n<p>Az SX meg\u00e9rti, hogy minden projekt egyedi, ez\u00e9rt k\u00edn\u00e1lunk testreszabhat\u00f3 opci\u00f3kat a <strong>Flight Case sarokbilincsek<\/strong>. Ak\u00e1r k\u00fcl\u00f6nleges m\u00e9retekre, fel\u00fcletkezel\u00e9sre vagy anyagokra van sz\u00fcks\u00e9ge, term\u00e9keinket az \u00d6n pontos ig\u00e9nyeihez tudjuk igaz\u00edtani. Gy\u00e1ri k\u00f6zvetlen modell\u00fcnk r\u00e9v\u00e9n ezek a testreszab\u00e1sok megfizethet\u0151ek maradnak, mik\u00f6zben az SX-t\u0151l elv\u00e1rt min\u0151s\u00e9get ny\u00fajtjuk.<\/p>\n<h4>Az SX \u00edg\u00e9ret: Min\u0151s\u00e9g \u00e9s megfizethet\u0151s\u00e9g egy\u00fctt<\/h4>\n<p>Az SX eset\u00e9ben soha nem kell kompromisszumot k\u00f6tnie a min\u0151s\u00e9g \u00e9s az \u00e1r k\u00f6z\u00f6tt. A <strong>Flight Case sarokbilincsek<\/strong> a szil\u00e1rds\u00e1g, a tart\u00f3ss\u00e1g \u00e9s a megfizethet\u0151s\u00e9g t\u00f6k\u00e9letes kever\u00e9k\u00e9t ny\u00fajtj\u00e1k. K\u00f6zvetlen vev\u0151i \u00e9rt\u00e9kes\u00edt\u00e9si modell\u00fcnknek k\u00f6sz\u00f6nhet\u0151en a fels\u0151 kateg\u00f3ri\u00e1s hardvereket a k\u00f6zvet\u00edt\u0151i k\u00f6lts\u00e9gek n\u00e9lk\u00fcl kapja meg, \u00edgy biztos\u00edtva, hogy ig\u00e9nyeinek \u00e9s k\u00f6lts\u00e9gvet\u00e9s\u00e9nek megfelel\u0151, kiv\u00e1l\u00f3 min\u0151s\u00e9g\u0171 bilincseket kapjon.<\/p>\n<h4>V\u00e1lassza az SX-et a megb\u00edzhat\u00f3 Flight Case hardverek\u00e9rt<\/h4>\n<p>Amikor a rep\u00fcl\u00e9si tokok biztos\u00edt\u00e1s\u00e1r\u00f3l van sz\u00f3, az SX's <strong>Flight Case sarokbilincsek<\/strong> az ide\u00e1lis v\u00e1laszt\u00e1s. Az egyszer\u0171 telep\u00edt\u00e9snek, a tart\u00f3s kivitelnek \u00e9s a verhetetlen \u00e1raknak k\u00f6sz\u00f6nhet\u0151en bilincseinkben a szakemberek \u00e9s a bark\u00e1csol\u00f3k egyar\u00e1nt megb\u00edznak. V\u00e1lassza az SX-et a k\u00f6vetkez\u0151 projektj\u00e9hez, \u00e9s tapasztalja meg a min\u0151s\u00e9gi hardverek el\u0151nyeit, amelyek nem t\u00f6rik meg a bankot.<\/p>\n<p>Kapcsolatfelv\u00e9tel most:<span style=\"color: #0000ff;\"><a style=\"color: #0000ff;\" href=\"https:\/\/sxpowercase.com\/contact-us\/\">https:\/\/sxpowercase.com\/<\/a><\/span><\/p>\n<p>Hardver term\u00e9kkatal\u00f3gus\uff1a<span style=\"color: #3366ff;\"><a style=\"color: #3366ff;\" href=\"https:\/\/sxpowercase.com\/wp-content\/uploads\/2024\/07\/\u4e94\u91d1.pdf\">Hardver tartoz\u00e9kok katal\u00f3gusa<\/a><\/span><\/p>","protected":false},"excerpt":{"rendered":"<h3>SX Flight Case sarokbilincsek: Megfizethet\u0151 v\u00e9delem a felszerel\u00e9sednek<\/h3>\n<p>Az SX kiv\u00e1l\u00f3 min\u0151s\u00e9g\u0171 Flight Case sarokbilincseket k\u00edn\u00e1l, amelyek megb\u00edzhat\u00f3 sarokmeger\u0151s\u00edt\u00e9st biztos\u00edtanak a Flight Case-ek sz\u00e1m\u00e1ra. A gy\u00e1ri k\u00f6zvetlen \u00e1rk\u00e9pz\u00e9ssel tart\u00f3s hardvert kaphat, amelyet \u00fagy terveztek, hogy t\u00falk\u00f6ltekez\u00e9s n\u00e9lk\u00fcl v\u00e9dje berendez\u00e9seit.<\/p>\n<h3>Tart\u00f3san \u00e9p\u00edtett, k\u00f6nnyen telep\u00edthet\u0151<\/h3>\n<p>A robusztus f\u00e9mb\u0151l k\u00e9sz\u00fclt SX Flight Case sarokbilincsek hossz\u00fa t\u00e1v\u00fa tart\u00f3ss\u00e1got biztos\u00edtanak \u00e9s gyorsan telep\u00edthet\u0151k. Ak\u00e1r profi, ak\u00e1r bark\u00e1csol\u00f3, ezek a bilincsek er\u0151s tart\u00e1st biztos\u00edtanak a biztons\u00e1gos \u00e9s stabil rep\u00fcl\u0151 tokokhoz.<\/p>\n<h3>Testreszabhat\u00f3 opci\u00f3k gy\u00e1ri \u00e1ron<\/h3>\n<p>Az SX testreszabhat\u00f3 m\u00e9reteket \u00e9s kiviteleket k\u00edn\u00e1l a Flight Case sarokbilincsekhez. \u00c9lvezze az \u00d6n ig\u00e9nyeihez igaz\u00edtott pr\u00e9mium hardvereket verhetetlen \u00e1ron, k\u00f6sz\u00f6nhet\u0151en a k\u00f6zvetlen \u00fcgyf\u00e9l\u00e9rt\u00e9kes\u00edt\u00e9si modell\u00fcnknek.<\/p>","protected":false},"featured_media":4178,"comment_status":"open","ping_status":"closed","template":"","meta":[],"product_brand":[],"product_cat":[64],"product_tag":[],"class_list":{"0":"post-4207","1":"product","2":"type-product","3":"status-publish","4":"has-post-thumbnail","6":"product_cat-clamps","8":"first","9":"instock","10":"shipping-taxable","11":"product-type-simple"},"yoast_head":"<!-- This site is optimized with the Yoast SEO Premium plugin v27.1 (Yoast SEO v27.2) - https:\/\/yoast.com\/product\/yoast-seo-premium-wordpress\/ -->\n<title>Flight Case Corner Clamp CLA401 - https:\/\/sxflightcase.com \ud83d\udc97<\/title>\n<meta name=\"description\" content=\"Flight case corner clamp, factory direct! High-quality, durable clamps designed to reinforce and securely fasten flight case corners. Ideal for ensuring long-lasting protection during transport.\" \/>\n<meta name=\"robots\" content=\"index, follow, max-snippet:-1, max-image-preview:large, max-video-preview:-1\" \/>\n<link rel=\"canonical\" href=\"https:\/\/sxflightcase.com\/hu\/termek\/repulotaska-sarokrogzito-cla401\/\" \/>\n<meta property=\"og:locale\" content=\"hu_HU\" \/>\n<meta property=\"og:type\" content=\"article\" \/>\n<meta property=\"og:title\" content=\"Flight Case Corner Clamp CLA401\" \/>\n<meta property=\"og:description\" content=\"Flight case corner clamp, factory direct! High-quality, durable clamps designed to reinforce and securely fasten flight case corners. Ideal for ensuring long-lasting protection during transport.\" \/>\n<meta property=\"og:url\" content=\"https:\/\/sxflightcase.com\/hu\/termek\/repulotaska-sarokrogzito-cla401\/\" \/>\n<meta property=\"og:site_name\" content=\"https:\/\/sxflightcase.com\" \/>\n<meta property=\"article:publisher\" content=\"https:\/\/www.facebook.com\/profile.php?id=61560407257971\" \/>\n<meta property=\"article:modified_time\" content=\"2024-08-23T06:18:46+00:00\" \/>\n<meta property=\"og:image\" content=\"https:\/\/sxflightcase.com\/wp-content\/uploads\/2024\/08\/CLA401.jpg\" \/>\n\t<meta property=\"og:image:width\" content=\"700\" \/>\n\t<meta property=\"og:image:height\" content=\"700\" \/>\n\t<meta property=\"og:image:type\" content=\"image\/jpeg\" \/>\n<meta name=\"twitter:card\" content=\"summary_large_image\" \/>\n<meta name=\"twitter:label1\" content=\"Becs\u00fclt olvas\u00e1si id\u0151\" \/>\n\t<meta name=\"twitter:data1\" content=\"4 perc\" \/>\n<script type=\"application\/ld+json\" class=\"yoast-schema-graph\">{\"@context\":\"https:\/\/schema.org\",\"@graph\":[{\"@type\":\"WebPage\",\"@id\":\"https:\/\/sxflightcase.com\/product\/flight-case-corner-clamp-cla401\/\",\"url\":\"https:\/\/sxflightcase.com\/product\/flight-case-corner-clamp-cla401\/\",\"name\":\"Flight Case Corner Clamp CLA401 - https:\/\/sxflightcase.com \ud83d\udc97\",\"isPartOf\":{\"@id\":\"https:\/\/sxflightcase.com\/th\/#website\"},\"primaryImageOfPage\":{\"@id\":\"https:\/\/sxflightcase.com\/product\/flight-case-corner-clamp-cla401\/#primaryimage\"},\"image\":{\"@id\":\"https:\/\/sxflightcase.com\/product\/flight-case-corner-clamp-cla401\/#primaryimage\"},\"thumbnailUrl\":\"https:\/\/sxflightcase.com\/wp-content\/uploads\/2024\/08\/CLA401.jpg\",\"datePublished\":\"2024-08-23T06:18:45+00:00\",\"dateModified\":\"2024-08-23T06:18:46+00:00\",\"description\":\"Flight case corner clamp, factory direct! High-quality, durable clamps designed to reinforce and securely fasten flight case corners. Ideal for ensuring long-lasting protection during transport.\",\"breadcrumb\":{\"@id\":\"https:\/\/sxflightcase.com\/product\/flight-case-corner-clamp-cla401\/#breadcrumb\"},\"inLanguage\":\"hu\",\"potentialAction\":[{\"@type\":\"ReadAction\",\"target\":[\"https:\/\/sxflightcase.com\/product\/flight-case-corner-clamp-cla401\/\"]}]},{\"@type\":\"ImageObject\",\"inLanguage\":\"hu\",\"@id\":\"https:\/\/sxflightcase.com\/product\/flight-case-corner-clamp-cla401\/#primaryimage\",\"url\":\"https:\/\/sxflightcase.com\/wp-content\/uploads\/2024\/08\/CLA401.jpg\",\"contentUrl\":\"https:\/\/sxflightcase.com\/wp-content\/uploads\/2024\/08\/CLA401.jpg\",\"width\":700,\"height\":700,\"caption\":\"Flight Case Corner Clamp\"},{\"@type\":\"BreadcrumbList\",\"@id\":\"https:\/\/sxflightcase.com\/product\/flight-case-corner-clamp-cla401\/#breadcrumb\",\"itemListElement\":[{\"@type\":\"ListItem\",\"position\":1,\"name\":\"Home\",\"item\":\"https:\/\/sxflightcase.com\/\"},{\"@type\":\"ListItem\",\"position\":2,\"name\":\"\u0e2a\u0e34\u0e19\u0e04\u0e49\u0e32\",\"item\":\"https:\/\/sxflightcase.com\/th\/shop\/\"},{\"@type\":\"ListItem\",\"position\":3,\"name\":\"Flight Case Corner Clamp CLA401\"}]},{\"@type\":\"WebSite\",\"@id\":\"https:\/\/sxflightcase.com\/th\/#website\",\"url\":\"https:\/\/sxflightcase.com\/th\/\",\"name\":\"sxpowercase.com\",\"description\":\"Flight Case Factory\",\"publisher\":{\"@id\":\"https:\/\/sxflightcase.com\/th\/#organization\"},\"potentialAction\":[{\"@type\":\"SearchAction\",\"target\":{\"@type\":\"EntryPoint\",\"urlTemplate\":\"https:\/\/sxflightcase.com\/th\/?s={search_term_string}\"},\"query-input\":{\"@type\":\"PropertyValueSpecification\",\"valueRequired\":true,\"valueName\":\"search_term_string\"}}],\"inLanguage\":\"hu\"},{\"@type\":\"Organization\",\"@id\":\"https:\/\/sxflightcase.com\/th\/#organization\",\"name\":\"sxpowercase.com\",\"url\":\"https:\/\/sxflightcase.com\/th\/\",\"logo\":{\"@type\":\"ImageObject\",\"inLanguage\":\"hu\",\"@id\":\"https:\/\/sxflightcase.com\/th\/#\/schema\/logo\/image\/\",\"url\":\"https:\/\/sxflightcase.com\/wp-content\/uploads\/2024\/04\/1713919036007.jpg\",\"contentUrl\":\"https:\/\/sxflightcase.com\/wp-content\/uploads\/2024\/04\/1713919036007.jpg\",\"width\":382,\"height\":388,\"caption\":\"sxpowercase.com\"},\"image\":{\"@id\":\"https:\/\/sxflightcase.com\/th\/#\/schema\/logo\/image\/\"},\"sameAs\":[\"https:\/\/www.facebook.com\/profile.php?id=61560407257971\"],\"numberOfEmployees\":{\"@type\":\"QuantitativeValue\",\"minValue\":\"11\",\"maxValue\":\"50\"}}]}<\/script>\n<!-- \/ Yoast SEO Premium plugin. -->","yoast_head_json":{"title":"Flight Case Corner Clamp CLA401 - https:\/\/sxflightcase.com \ud83d\udc97","description":"Flightcase sarokbilincs, gy\u00e1ri direkt! Kiv\u00e1l\u00f3 min\u0151s\u00e9g\u0171, tart\u00f3s bilincsek, amelyeket a rep\u00fcl\u0151t\u00e1ska sarkainak meger\u0151s\u00edt\u00e9s\u00e9re \u00e9s biztons\u00e1gos r\u00f6gz\u00edt\u00e9s\u00e9re terveztek. Ide\u00e1lis a sz\u00e1ll\u00edt\u00e1s k\u00f6zbeni tart\u00f3s v\u00e9delem biztos\u00edt\u00e1s\u00e1hoz.","robots":{"index":"index","follow":"follow","max-snippet":"max-snippet:-1","max-image-preview":"max-image-preview:large","max-video-preview":"max-video-preview:-1"},"canonical":"https:\/\/sxflightcase.com\/hu\/termek\/repulotaska-sarokrogzito-cla401\/","og_locale":"hu_HU","og_type":"article","og_title":"Flight Case Corner Clamp CLA401","og_description":"Flight case corner clamp, factory direct! High-quality, durable clamps designed to reinforce and securely fasten flight case corners. Ideal for ensuring long-lasting protection during transport.","og_url":"https:\/\/sxflightcase.com\/hu\/termek\/repulotaska-sarokrogzito-cla401\/","og_site_name":"https:\/\/sxflightcase.com","article_publisher":"https:\/\/www.facebook.com\/profile.php?id=61560407257971","article_modified_time":"2024-08-23T06:18:46+00:00","og_image":[{"width":700,"height":700,"url":"https:\/\/sxflightcase.com\/wp-content\/uploads\/2024\/08\/CLA401.jpg","type":"image\/jpeg"}],"twitter_card":"summary_large_image","twitter_misc":{"Becs\u00fclt olvas\u00e1si id\u0151":"4 perc"},"schema":{"@context":"https:\/\/schema.org","@graph":[{"@type":"WebPage","@id":"https:\/\/sxflightcase.com\/product\/flight-case-corner-clamp-cla401\/","url":"https:\/\/sxflightcase.com\/product\/flight-case-corner-clamp-cla401\/","name":"Flight Case Corner Clamp CLA401 - https:\/\/sxflightcase.com \ud83d\udc97","isPartOf":{"@id":"https:\/\/sxflightcase.com\/th\/#website"},"primaryImageOfPage":{"@id":"https:\/\/sxflightcase.com\/product\/flight-case-corner-clamp-cla401\/#primaryimage"},"image":{"@id":"https:\/\/sxflightcase.com\/product\/flight-case-corner-clamp-cla401\/#primaryimage"},"thumbnailUrl":"https:\/\/sxflightcase.com\/wp-content\/uploads\/2024\/08\/CLA401.jpg","datePublished":"2024-08-23T06:18:45+00:00","dateModified":"2024-08-23T06:18:46+00:00","description":"Flightcase sarokbilincs, gy\u00e1ri direkt! Kiv\u00e1l\u00f3 min\u0151s\u00e9g\u0171, tart\u00f3s bilincsek, amelyeket a rep\u00fcl\u0151t\u00e1ska sarkainak meger\u0151s\u00edt\u00e9s\u00e9re \u00e9s biztons\u00e1gos r\u00f6gz\u00edt\u00e9s\u00e9re terveztek. Ide\u00e1lis a sz\u00e1ll\u00edt\u00e1s k\u00f6zbeni tart\u00f3s v\u00e9delem biztos\u00edt\u00e1s\u00e1hoz.","breadcrumb":{"@id":"https:\/\/sxflightcase.com\/product\/flight-case-corner-clamp-cla401\/#breadcrumb"},"inLanguage":"hu","potentialAction":[{"@type":"ReadAction","target":["https:\/\/sxflightcase.com\/product\/flight-case-corner-clamp-cla401\/"]}]},{"@type":"ImageObject","inLanguage":"hu","@id":"https:\/\/sxflightcase.com\/product\/flight-case-corner-clamp-cla401\/#primaryimage","url":"https:\/\/sxflightcase.com\/wp-content\/uploads\/2024\/08\/CLA401.jpg","contentUrl":"https:\/\/sxflightcase.com\/wp-content\/uploads\/2024\/08\/CLA401.jpg","width":700,"height":700,"caption":"Flight Case Corner Clamp"},{"@type":"BreadcrumbList","@id":"https:\/\/sxflightcase.com\/product\/flight-case-corner-clamp-cla401\/#breadcrumb","itemListElement":[{"@type":"ListItem","position":1,"name":"Home","item":"https:\/\/sxflightcase.com\/"},{"@type":"ListItem","position":2,"name":"\u0e2a\u0e34\u0e19\u0e04\u0e49\u0e32","item":"https:\/\/sxflightcase.com\/th\/shop\/"},{"@type":"ListItem","position":3,"name":"Flight Case Corner Clamp CLA401"}]},{"@type":"WebSite","@id":"https:\/\/sxflightcase.com\/th\/#website","url":"https:\/\/sxflightcase.com\/th\/","name":"sxpowercase.com","description":"Flight Case Factory","publisher":{"@id":"https:\/\/sxflightcase.com\/th\/#organization"},"potentialAction":[{"@type":"SearchAction","target":{"@type":"EntryPoint","urlTemplate":"https:\/\/sxflightcase.com\/th\/?s={search_term_string}"},"query-input":{"@type":"PropertyValueSpecification","valueRequired":true,"valueName":"search_term_string"}}],"inLanguage":"hu"},{"@type":"Organization","@id":"https:\/\/sxflightcase.com\/th\/#organization","name":"sxpowercase.com","url":"https:\/\/sxflightcase.com\/th\/","logo":{"@type":"ImageObject","inLanguage":"hu","@id":"https:\/\/sxflightcase.com\/th\/#\/schema\/logo\/image\/","url":"https:\/\/sxflightcase.com\/wp-content\/uploads\/2024\/04\/1713919036007.jpg","contentUrl":"https:\/\/sxflightcase.com\/wp-content\/uploads\/2024\/04\/1713919036007.jpg","width":382,"height":388,"caption":"sxpowercase.com"},"image":{"@id":"https:\/\/sxflightcase.com\/th\/#\/schema\/logo\/image\/"},"sameAs":["https:\/\/www.facebook.com\/profile.php?id=61560407257971"],"numberOfEmployees":{"@type":"QuantitativeValue","minValue":"11","maxValue":"50"}}]}},"_links":{"self":[{"href":"https:\/\/sxflightcase.com\/hu\/wp-json\/wp\/v2\/product\/4207","targetHints":{"allow":["GET"]}}],"collection":[{"href":"https:\/\/sxflightcase.com\/hu\/wp-json\/wp\/v2\/product"}],"about":[{"href":"https:\/\/sxflightcase.com\/hu\/wp-json\/wp\/v2\/types\/product"}],"replies":[{"embeddable":true,"href":"https:\/\/sxflightcase.com\/hu\/wp-json\/wp\/v2\/comments?post=4207"}],"version-history":[{"count":0,"href":"https:\/\/sxflightcase.com\/hu\/wp-json\/wp\/v2\/product\/4207\/revisions"}],"wp:featuredmedia":[{"embeddable":true,"href":"https:\/\/sxflightcase.com\/hu\/wp-json\/wp\/v2\/media\/4178"}],"wp:attachment":[{"href":"https:\/\/sxflightcase.com\/hu\/wp-json\/wp\/v2\/media?parent=4207"}],"wp:term":[{"taxonomy":"product_brand","embeddable":true,"href":"https:\/\/sxflightcase.com\/hu\/wp-json\/wp\/v2\/product_brand?post=4207"},{"taxonomy":"product_cat","embeddable":true,"href":"https:\/\/sxflightcase.com\/hu\/wp-json\/wp\/v2\/product_cat?post=4207"},{"taxonomy":"product_tag","embeddable":true,"href":"https:\/\/sxflightcase.com\/hu\/wp-json\/wp\/v2\/product_tag?post=4207"}],"curies":[{"name":"wp","href":"https:\/\/api.w.org\/{rel}","templated":true}]}}