{"id":4208,"date":"2024-08-23T07:20:31","date_gmt":"2024-08-23T06:20:31","guid":{"rendered":"https:\/\/sxpowercase.com\/?post_type=product&#038;p=4208"},"modified":"2024-08-23T07:20:32","modified_gmt":"2024-08-23T06:20:32","slug":"flight-case-corner-clamp-cla501","status":"publish","type":"product","link":"https:\/\/sxflightcase.com\/hu\/termek\/repulotaska-sarokrogzito-cla501\/","title":{"rendered":"Flight Case sarokr\u00f6gz\u00edt\u0151 CLA501"},"content":{"rendered":"<h3>SX Flight Case sarokbilincs: Kiv\u00e1l\u00f3 min\u0151s\u00e9g\u0171 hardver megfizethet\u0151 \u00e1ron<\/h3>\n<h4>A rep\u00fcl\u0151 tokok meger\u0151s\u00edt\u00e9se megb\u00edzhat\u00f3 bilincsekkel<\/h4>\n<p>Azok sz\u00e1m\u00e1ra, akiknek tart\u00f3s v\u00e9delemre van sz\u00fcks\u00e9g\u00fck felszerel\u00e9s\u00fckh\u00f6z, az SX's <span style=\"color: #3366ff;\"><a style=\"color: #3366ff;\" href=\"https:\/\/sxpowercase.com\/product\/flight-case-corner-clamp-cla401\/\"><strong>Flight Case sarokr\u00f6gz\u00edt\u0151<\/strong><\/a><\/span> d\u00f6nt\u0151 fontoss\u00e1g\u00fa \u00f6sszetev\u0151. A stabilit\u00e1s \u00e9s biztons\u00e1g n\u00f6vel\u00e9s\u00e9re tervezett bilincsek t\u00f6k\u00e9letesen alkalmasak a rep\u00fcl\u0151 tokok sarkainak meger\u0151s\u00edt\u00e9s\u00e9re. Gy\u00e1ri k\u00f6zvetlen \u00e1rainkkal az SX biztos\u00edtja, hogy versenyk\u00e9pes \u00e1ron kapja meg a cs\u00facsmin\u0151s\u00e9g\u0171 hardvereket, kiv\u00e1l\u00f3 \u00e9rt\u00e9ket k\u00edn\u00e1lva a min\u0151s\u00e9g fel\u00e1ldoz\u00e1sa n\u00e9lk\u00fcl.<\/p>\n<h4>Tart\u00f3s konstrukci\u00f3, amelyre sz\u00e1m\u00edthat<\/h4>\n<p><a href=\"https:\/\/sxpowercase.com\/\" target=\"_blank\" rel=\"noopener\" title=\"SX\" data-wpil-monitor-id=\"691\">SX<\/a> <strong>Flight Case sarokbilincsek<\/strong> er\u0151s f\u00e9manyagokb\u00f3l \u00e9p\u00fclnek, amelyeket \u00fagy terveztek, hogy a legkem\u00e9nyebb k\u00f6r\u00fclm\u00e9nyeknek is ellen\u00e1lljanak. Ezek a bilincsek kiv\u00e1l\u00f3 v\u00e9delmet ny\u00fajtanak, biztos\u00edtva, hogy a felszerel\u00e9se a sz\u00e1ll\u00edt\u00e1s sor\u00e1n biztons\u00e1gban maradjon. A k\u00f6zvetlen gy\u00e1rt\u00e1s \u00e9s a sz\u00fcks\u00e9gtelen k\u00f6zvet\u00edt\u0151k kik\u00fcsz\u00f6b\u00f6l\u00e9se r\u00e9v\u00e9n az SX k\u00e9pes ezeket a kiv\u00e1l\u00f3 min\u0151s\u00e9g\u0171 term\u00e9keket olyan \u00e1ron sz\u00e1ll\u00edtani, amely b\u00e1rmilyen k\u00f6lts\u00e9gvet\u00e9sbe belef\u00e9r.<\/p>\n<h4>Gyors telep\u00edt\u00e9s \u00e9s maxim\u00e1lis v\u00e9delem<\/h4>\n<p>Az SX tervez\u00e9se <strong>Flight Case sarokr\u00f6gz\u00edt\u0151<\/strong> lehet\u0151v\u00e9 teszi az egyszer\u0171 \u00e9s gyors telep\u00edt\u00e9st. Ak\u00e1r profi \u00e9p\u00edt\u0151, ak\u00e1r bark\u00e1csprojektet kezel, ezek a bilincsek t\u00f6k\u00e9letes illeszked\u00e9st biztos\u00edtanak, amelyek a rep\u00fcl\u0151t\u00e1ska sarkait a hely\u00fck\u00f6n r\u00f6gz\u00edtik. Ez a stabilit\u00e1s minimaliz\u00e1lja a s\u00e9r\u00fcl\u00e9s kock\u00e1zat\u00e1t, \u00edgy alapvet\u0151 v\u00e1laszt\u00e1s mindazok sz\u00e1m\u00e1ra, akik meg akarj\u00e1k v\u00e9deni \u00e9rt\u00e9kes felszerel\u00e9s\u00fcket. Az SX k\u00f6zvetlen\u00fcl a gy\u00e1rb\u00f3l sz\u00e1rmaz\u00f3 megtakar\u00edt\u00e1s\u00e1val megfizethet\u0151 \u00e1ron biztos\u00edthatja tokjait.<\/p>\n<h4>Min\u0151s\u00e9gbiztos\u00edt\u00e1s minden v\u00e1s\u00e1rl\u00e1sn\u00e1l<\/h4>\n<p>Az SX-n\u00e9l nagy hangs\u00falyt fektet\u00fcnk a kiv\u00e1l\u00f3 min\u0151s\u00e9g\u0171 term\u00e9kek sz\u00e1ll\u00edt\u00e1s\u00e1ra. A <strong>Flight Case sarokbilincsek<\/strong> szigor\u00fa min\u0151s\u00e9gellen\u0151rz\u00e9si folyamatokon mennek kereszt\u00fcl, hogy biztos\u00edts\u00e1k az ipari szabv\u00e1nyoknak val\u00f3 megfelel\u00e9s\u00fcket. A gy\u00e1rt\u00e1s \u00e9s a forgalmaz\u00e1s h\u00e1zon bel\u00fcli ir\u00e1ny\u00edt\u00e1s\u00e1val az SX megb\u00edzhat\u00f3 hardvert k\u00edn\u00e1l alacsonyabb \u00e1ron, mik\u00f6zben fenntartja a szakemberek \u00e1ltal elv\u00e1rt min\u0151s\u00e9get.<\/p>\n<h4>Sokoldal\u00fa hardver a k\u00fcl\u00f6nb\u00f6z\u0151 tokszerkezetekhez<\/h4>\n<p>SX <strong>Flight Case sarokbilincsek<\/strong> sokoldal\u00faak \u00e9s alkalmazkodnak a k\u00fcl\u00f6nb\u00f6z\u0151 tokkonfigur\u00e1ci\u00f3khoz. Ak\u00e1r \u00faj tokot \u00e9p\u00edt, ak\u00e1r egy megl\u00e9v\u0151t er\u0151s\u00edt meg, ezek a bilincsek megb\u00edzhat\u00f3 saroktart\u00e1st biztos\u00edtanak a k\u00fcl\u00f6nb\u00f6z\u0151 tokm\u00e9retekben. A gy\u00e1ri k\u00f6zvetlen \u00e9rt\u00e9kes\u00edt\u00e9s ir\u00e1nti elk\u00f6telezetts\u00e9g\u00fcnk lehet\u0151v\u00e9 teszi, hogy megfizethet\u0151 \u00e1ron \u00e9lvezhesse a pr\u00e9mium kateg\u00f3ri\u00e1s hardvereket, \u00edgy k\u00f6nnyebben befejezheti projektjeit a k\u00f6lts\u00e9gvet\u00e9sen bel\u00fcl.<\/p>\n<h4>Testreszabhat\u00f3 megold\u00e1sok egyedi ig\u00e9nyekhez<\/h4>\n<p>Az SX testreszab\u00e1si lehet\u0151s\u00e9geket k\u00edn\u00e1l <strong>Flight Case sarokbilincsek<\/strong> a konkr\u00e9t projektig\u00e9nyeknek megfelel\u0151en. Ak\u00e1r k\u00fcl\u00f6nleges anyagokat, ak\u00e1r k\u00fcl\u00f6nleges fel\u00fcleteket vagy m\u00e9reteket ig\u00e9nyel, term\u00e9keinket ennek megfelel\u0151en tudjuk be\u00e1ll\u00edtani. Gy\u00e1ri k\u00f6zvetlen modell\u00fcnk biztos\u00edtja, hogy m\u00e9g a testreszabott bilincsek is versenyk\u00e9pes \u00e1ron kaphat\u00f3k, \u00edgy \u00d6n szem\u00e9lyre szabott megold\u00e1sokat kaphat, t\u00falz\u00f3 k\u00f6lts\u00e9gek n\u00e9lk\u00fcl.<\/p>\n<h4>SX: A min\u0151s\u00e9g \u00e9s a megfizethet\u0151s\u00e9g \u00f6tv\u00f6z\u00e9se<\/h4>\n<p>Az SX c\u00e9lja, hogy kiv\u00e1l\u00f3 min\u0151s\u00e9g\u0171 hardvert k\u00edn\u00e1ljon alacsony \u00e1ron. A <strong>Flight Case sarokbilincsek<\/strong> a legjobb p\u00e9lda arra, hogy hogyan biztos\u00edtjuk a tart\u00f3ss\u00e1got, a megb\u00edzhat\u00f3s\u00e1got \u00e9s a megfizethet\u0151s\u00e9get egy csomagban. A gy\u00e1rt\u00e1si folyamat ellen\u0151rz\u00e9s\u00e9vel \u00e9s a felesleges k\u00f6lts\u00e9gek lefarag\u00e1s\u00e1val er\u0151s \u00e9s megb\u00edzhat\u00f3 bilincseket biztos\u00edtunk \u00fcgyfeleinknek, amelyek kiv\u00e1l\u00f3 \u00e9rt\u00e9ket k\u00e9pviselnek.<\/p>\n<h4>Biztos\u00edtsa tokjait az SX Flight Case Hardware seg\u00edts\u00e9g\u00e9vel<\/h4>\n<p>Amikor a rep\u00fcl\u0151g\u00e9p tokjainak meger\u0151s\u00edt\u00e9s\u00e9r\u0151l van sz\u00f3, b\u00edzzon az SX's <strong>Flight Case sarokbilincsek<\/strong>. Az egyszer\u0171 telep\u00edt\u00e9snek, a tart\u00f3s kivitelnek \u00e9s a versenyk\u00e9pes \u00e1raknak k\u00f6sz\u00f6nhet\u0151en a bilincsek t\u00f6k\u00e9letes v\u00e1laszt\u00e1snak bizonyulnak a profik \u00e9s a hobbist\u00e1k sz\u00e1m\u00e1ra egyar\u00e1nt. V\u00e1lassza az SX-et a k\u00f6vetkez\u0151 projektj\u00e9hez, \u00e9s tapasztalja meg a min\u0151s\u00e9get \u00e9s a megtakar\u00edt\u00e1st, amelyet csak a gy\u00e1ri k\u00f6zvetlen term\u00e9kek tudnak biztos\u00edtani.<\/p>\n<p>Kapcsolatfelv\u00e9tel most:<span style=\"color: #0000ff;\"><a style=\"color: #0000ff;\" href=\"https:\/\/sxpowercase.com\/contact-us\/\">https:\/\/sxpowercase.com\/<\/a><\/span><\/p>\n<p>Hardver term\u00e9kkatal\u00f3gus\uff1a<span style=\"color: #3366ff;\"><a style=\"color: #3366ff;\" href=\"https:\/\/sxpowercase.com\/wp-content\/uploads\/2024\/07\/\u4e94\u91d1.pdf\">Hardver tartoz\u00e9kok katal\u00f3gusa<\/a><\/span><\/p>","protected":false},"excerpt":{"rendered":"<h3>SX Flight Case sarokbilincsek: Megfizethet\u0151 v\u00e9delem a felszerel\u00e9sednek<\/h3>\n<p>Az SX kiv\u00e1l\u00f3 min\u0151s\u00e9g\u0171 Flight Case sarokbilincseket k\u00edn\u00e1l, amelyek megb\u00edzhat\u00f3 sarokmeger\u0151s\u00edt\u00e9st biztos\u00edtanak a Flight Case-ek sz\u00e1m\u00e1ra. A gy\u00e1ri k\u00f6zvetlen \u00e1rk\u00e9pz\u00e9ssel tart\u00f3s hardvert kaphat, amelyet \u00fagy terveztek, hogy t\u00falk\u00f6ltekez\u00e9s n\u00e9lk\u00fcl v\u00e9dje berendez\u00e9seit.<\/p>\n<h3>Tart\u00f3san \u00e9p\u00edtett, k\u00f6nnyen telep\u00edthet\u0151<\/h3>\n<p>A robusztus f\u00e9mb\u0151l k\u00e9sz\u00fclt SX Flight Case sarokbilincsek hossz\u00fa t\u00e1v\u00fa tart\u00f3ss\u00e1got biztos\u00edtanak \u00e9s gyorsan telep\u00edthet\u0151k. Ak\u00e1r profi, ak\u00e1r bark\u00e1csol\u00f3, ezek a bilincsek er\u0151s tart\u00e1st biztos\u00edtanak a biztons\u00e1gos \u00e9s stabil rep\u00fcl\u0151 tokokhoz.<\/p>\n<h3>Testreszabhat\u00f3 opci\u00f3k gy\u00e1ri \u00e1ron<\/h3>\n<p>Az SX testreszabhat\u00f3 m\u00e9reteket \u00e9s kiviteleket k\u00edn\u00e1l a Flight Case sarokbilincsekhez. \u00c9lvezze az \u00d6n ig\u00e9nyeihez igaz\u00edtott pr\u00e9mium hardvereket verhetetlen \u00e1ron, k\u00f6sz\u00f6nhet\u0151en a k\u00f6zvetlen \u00fcgyf\u00e9l\u00e9rt\u00e9kes\u00edt\u00e9si modell\u00fcnknek.<\/p>","protected":false},"featured_media":4179,"comment_status":"open","ping_status":"closed","template":"","meta":[],"product_brand":[],"product_cat":[64],"product_tag":[],"class_list":{"0":"post-4208","1":"product","2":"type-product","3":"status-publish","4":"has-post-thumbnail","6":"product_cat-clamps","8":"first","9":"instock","10":"shipping-taxable","11":"product-type-simple"},"yoast_head":"<!-- This site is optimized with the Yoast SEO Premium plugin v27.1 (Yoast SEO v27.2) - https:\/\/yoast.com\/product\/yoast-seo-premium-wordpress\/ -->\n<title>Flight Case Corner Clamp CLA501 - https:\/\/sxflightcase.com \ud83d\udc97<\/title>\n<meta name=\"description\" content=\"Flight case corner clamp, factory direct! High-quality, durable clamps designed to reinforce and securely fasten flight case corners. Ideal for ensuring long-lasting protection during transport.\" \/>\n<meta name=\"robots\" content=\"index, follow, max-snippet:-1, max-image-preview:large, max-video-preview:-1\" \/>\n<link rel=\"canonical\" href=\"https:\/\/sxflightcase.com\/hu\/termek\/repulotaska-sarokrogzito-cla501\/\" \/>\n<meta property=\"og:locale\" content=\"hu_HU\" \/>\n<meta property=\"og:type\" content=\"article\" \/>\n<meta property=\"og:title\" content=\"Flight Case Corner Clamp CLA501\" \/>\n<meta property=\"og:description\" content=\"Flight case corner clamp, factory direct! High-quality, durable clamps designed to reinforce and securely fasten flight case corners. Ideal for ensuring long-lasting protection during transport.\" \/>\n<meta property=\"og:url\" content=\"https:\/\/sxflightcase.com\/hu\/termek\/repulotaska-sarokrogzito-cla501\/\" \/>\n<meta property=\"og:site_name\" content=\"https:\/\/sxflightcase.com\" \/>\n<meta property=\"article:publisher\" content=\"https:\/\/www.facebook.com\/profile.php?id=61560407257971\" \/>\n<meta property=\"article:modified_time\" content=\"2024-08-23T06:20:32+00:00\" \/>\n<meta property=\"og:image\" content=\"https:\/\/sxflightcase.com\/wp-content\/uploads\/2024\/08\/CLA501.jpg\" \/>\n\t<meta property=\"og:image:width\" content=\"700\" \/>\n\t<meta property=\"og:image:height\" content=\"700\" \/>\n\t<meta property=\"og:image:type\" content=\"image\/jpeg\" \/>\n<meta name=\"twitter:card\" content=\"summary_large_image\" \/>\n<meta name=\"twitter:label1\" content=\"Becs\u00fclt olvas\u00e1si id\u0151\" \/>\n\t<meta name=\"twitter:data1\" content=\"3 perc\" \/>\n<script type=\"application\/ld+json\" class=\"yoast-schema-graph\">{\"@context\":\"https:\/\/schema.org\",\"@graph\":[{\"@type\":\"WebPage\",\"@id\":\"https:\/\/sxflightcase.com\/product\/flight-case-corner-clamp-cla501\/\",\"url\":\"https:\/\/sxflightcase.com\/product\/flight-case-corner-clamp-cla501\/\",\"name\":\"Flight Case Corner Clamp CLA501 - https:\/\/sxflightcase.com \ud83d\udc97\",\"isPartOf\":{\"@id\":\"https:\/\/sxflightcase.com\/th\/#website\"},\"primaryImageOfPage\":{\"@id\":\"https:\/\/sxflightcase.com\/product\/flight-case-corner-clamp-cla501\/#primaryimage\"},\"image\":{\"@id\":\"https:\/\/sxflightcase.com\/product\/flight-case-corner-clamp-cla501\/#primaryimage\"},\"thumbnailUrl\":\"https:\/\/sxflightcase.com\/wp-content\/uploads\/2024\/08\/CLA501.jpg\",\"datePublished\":\"2024-08-23T06:20:31+00:00\",\"dateModified\":\"2024-08-23T06:20:32+00:00\",\"description\":\"Flight case corner clamp, factory direct! High-quality, durable clamps designed to reinforce and securely fasten flight case corners. Ideal for ensuring long-lasting protection during transport.\",\"breadcrumb\":{\"@id\":\"https:\/\/sxflightcase.com\/product\/flight-case-corner-clamp-cla501\/#breadcrumb\"},\"inLanguage\":\"hu\",\"potentialAction\":[{\"@type\":\"ReadAction\",\"target\":[\"https:\/\/sxflightcase.com\/product\/flight-case-corner-clamp-cla501\/\"]}]},{\"@type\":\"ImageObject\",\"inLanguage\":\"hu\",\"@id\":\"https:\/\/sxflightcase.com\/product\/flight-case-corner-clamp-cla501\/#primaryimage\",\"url\":\"https:\/\/sxflightcase.com\/wp-content\/uploads\/2024\/08\/CLA501.jpg\",\"contentUrl\":\"https:\/\/sxflightcase.com\/wp-content\/uploads\/2024\/08\/CLA501.jpg\",\"width\":700,\"height\":700,\"caption\":\"Flight Case Corner Clamp\"},{\"@type\":\"BreadcrumbList\",\"@id\":\"https:\/\/sxflightcase.com\/product\/flight-case-corner-clamp-cla501\/#breadcrumb\",\"itemListElement\":[{\"@type\":\"ListItem\",\"position\":1,\"name\":\"Home\",\"item\":\"https:\/\/sxflightcase.com\/\"},{\"@type\":\"ListItem\",\"position\":2,\"name\":\"\u0e2a\u0e34\u0e19\u0e04\u0e49\u0e32\",\"item\":\"https:\/\/sxflightcase.com\/th\/shop\/\"},{\"@type\":\"ListItem\",\"position\":3,\"name\":\"Flight Case Corner Clamp CLA501\"}]},{\"@type\":\"WebSite\",\"@id\":\"https:\/\/sxflightcase.com\/th\/#website\",\"url\":\"https:\/\/sxflightcase.com\/th\/\",\"name\":\"sxpowercase.com\",\"description\":\"Flight Case Factory\",\"publisher\":{\"@id\":\"https:\/\/sxflightcase.com\/th\/#organization\"},\"potentialAction\":[{\"@type\":\"SearchAction\",\"target\":{\"@type\":\"EntryPoint\",\"urlTemplate\":\"https:\/\/sxflightcase.com\/th\/?s={search_term_string}\"},\"query-input\":{\"@type\":\"PropertyValueSpecification\",\"valueRequired\":true,\"valueName\":\"search_term_string\"}}],\"inLanguage\":\"hu\"},{\"@type\":\"Organization\",\"@id\":\"https:\/\/sxflightcase.com\/th\/#organization\",\"name\":\"sxpowercase.com\",\"url\":\"https:\/\/sxflightcase.com\/th\/\",\"logo\":{\"@type\":\"ImageObject\",\"inLanguage\":\"hu\",\"@id\":\"https:\/\/sxflightcase.com\/th\/#\/schema\/logo\/image\/\",\"url\":\"https:\/\/sxflightcase.com\/wp-content\/uploads\/2024\/04\/1713919036007.jpg\",\"contentUrl\":\"https:\/\/sxflightcase.com\/wp-content\/uploads\/2024\/04\/1713919036007.jpg\",\"width\":382,\"height\":388,\"caption\":\"sxpowercase.com\"},\"image\":{\"@id\":\"https:\/\/sxflightcase.com\/th\/#\/schema\/logo\/image\/\"},\"sameAs\":[\"https:\/\/www.facebook.com\/profile.php?id=61560407257971\"],\"numberOfEmployees\":{\"@type\":\"QuantitativeValue\",\"minValue\":\"11\",\"maxValue\":\"50\"}}]}<\/script>\n<!-- \/ Yoast SEO Premium plugin. -->","yoast_head_json":{"title":"Flight Case Corner Clamp CLA501 - https:\/\/sxflightcase.com \ud83d\udc97","description":"Flightcase sarokbilincs, gy\u00e1ri direkt! Kiv\u00e1l\u00f3 min\u0151s\u00e9g\u0171, tart\u00f3s bilincsek, amelyeket a rep\u00fcl\u0151t\u00e1ska sarkainak meger\u0151s\u00edt\u00e9s\u00e9re \u00e9s biztons\u00e1gos r\u00f6gz\u00edt\u00e9s\u00e9re terveztek. Ide\u00e1lis a sz\u00e1ll\u00edt\u00e1s k\u00f6zbeni tart\u00f3s v\u00e9delem biztos\u00edt\u00e1s\u00e1hoz.","robots":{"index":"index","follow":"follow","max-snippet":"max-snippet:-1","max-image-preview":"max-image-preview:large","max-video-preview":"max-video-preview:-1"},"canonical":"https:\/\/sxflightcase.com\/hu\/termek\/repulotaska-sarokrogzito-cla501\/","og_locale":"hu_HU","og_type":"article","og_title":"Flight Case Corner Clamp CLA501","og_description":"Flight case corner clamp, factory direct! High-quality, durable clamps designed to reinforce and securely fasten flight case corners. Ideal for ensuring long-lasting protection during transport.","og_url":"https:\/\/sxflightcase.com\/hu\/termek\/repulotaska-sarokrogzito-cla501\/","og_site_name":"https:\/\/sxflightcase.com","article_publisher":"https:\/\/www.facebook.com\/profile.php?id=61560407257971","article_modified_time":"2024-08-23T06:20:32+00:00","og_image":[{"width":700,"height":700,"url":"https:\/\/sxflightcase.com\/wp-content\/uploads\/2024\/08\/CLA501.jpg","type":"image\/jpeg"}],"twitter_card":"summary_large_image","twitter_misc":{"Becs\u00fclt olvas\u00e1si id\u0151":"3 perc"},"schema":{"@context":"https:\/\/schema.org","@graph":[{"@type":"WebPage","@id":"https:\/\/sxflightcase.com\/product\/flight-case-corner-clamp-cla501\/","url":"https:\/\/sxflightcase.com\/product\/flight-case-corner-clamp-cla501\/","name":"Flight Case Corner Clamp CLA501 - https:\/\/sxflightcase.com \ud83d\udc97","isPartOf":{"@id":"https:\/\/sxflightcase.com\/th\/#website"},"primaryImageOfPage":{"@id":"https:\/\/sxflightcase.com\/product\/flight-case-corner-clamp-cla501\/#primaryimage"},"image":{"@id":"https:\/\/sxflightcase.com\/product\/flight-case-corner-clamp-cla501\/#primaryimage"},"thumbnailUrl":"https:\/\/sxflightcase.com\/wp-content\/uploads\/2024\/08\/CLA501.jpg","datePublished":"2024-08-23T06:20:31+00:00","dateModified":"2024-08-23T06:20:32+00:00","description":"Flightcase sarokbilincs, gy\u00e1ri direkt! Kiv\u00e1l\u00f3 min\u0151s\u00e9g\u0171, tart\u00f3s bilincsek, amelyeket a rep\u00fcl\u0151t\u00e1ska sarkainak meger\u0151s\u00edt\u00e9s\u00e9re \u00e9s biztons\u00e1gos r\u00f6gz\u00edt\u00e9s\u00e9re terveztek. Ide\u00e1lis a sz\u00e1ll\u00edt\u00e1s k\u00f6zbeni tart\u00f3s v\u00e9delem biztos\u00edt\u00e1s\u00e1hoz.","breadcrumb":{"@id":"https:\/\/sxflightcase.com\/product\/flight-case-corner-clamp-cla501\/#breadcrumb"},"inLanguage":"hu","potentialAction":[{"@type":"ReadAction","target":["https:\/\/sxflightcase.com\/product\/flight-case-corner-clamp-cla501\/"]}]},{"@type":"ImageObject","inLanguage":"hu","@id":"https:\/\/sxflightcase.com\/product\/flight-case-corner-clamp-cla501\/#primaryimage","url":"https:\/\/sxflightcase.com\/wp-content\/uploads\/2024\/08\/CLA501.jpg","contentUrl":"https:\/\/sxflightcase.com\/wp-content\/uploads\/2024\/08\/CLA501.jpg","width":700,"height":700,"caption":"Flight Case Corner Clamp"},{"@type":"BreadcrumbList","@id":"https:\/\/sxflightcase.com\/product\/flight-case-corner-clamp-cla501\/#breadcrumb","itemListElement":[{"@type":"ListItem","position":1,"name":"Home","item":"https:\/\/sxflightcase.com\/"},{"@type":"ListItem","position":2,"name":"\u0e2a\u0e34\u0e19\u0e04\u0e49\u0e32","item":"https:\/\/sxflightcase.com\/th\/shop\/"},{"@type":"ListItem","position":3,"name":"Flight Case Corner Clamp CLA501"}]},{"@type":"WebSite","@id":"https:\/\/sxflightcase.com\/th\/#website","url":"https:\/\/sxflightcase.com\/th\/","name":"sxpowercase.com","description":"Flight Case Factory","publisher":{"@id":"https:\/\/sxflightcase.com\/th\/#organization"},"potentialAction":[{"@type":"SearchAction","target":{"@type":"EntryPoint","urlTemplate":"https:\/\/sxflightcase.com\/th\/?s={search_term_string}"},"query-input":{"@type":"PropertyValueSpecification","valueRequired":true,"valueName":"search_term_string"}}],"inLanguage":"hu"},{"@type":"Organization","@id":"https:\/\/sxflightcase.com\/th\/#organization","name":"sxpowercase.com","url":"https:\/\/sxflightcase.com\/th\/","logo":{"@type":"ImageObject","inLanguage":"hu","@id":"https:\/\/sxflightcase.com\/th\/#\/schema\/logo\/image\/","url":"https:\/\/sxflightcase.com\/wp-content\/uploads\/2024\/04\/1713919036007.jpg","contentUrl":"https:\/\/sxflightcase.com\/wp-content\/uploads\/2024\/04\/1713919036007.jpg","width":382,"height":388,"caption":"sxpowercase.com"},"image":{"@id":"https:\/\/sxflightcase.com\/th\/#\/schema\/logo\/image\/"},"sameAs":["https:\/\/www.facebook.com\/profile.php?id=61560407257971"],"numberOfEmployees":{"@type":"QuantitativeValue","minValue":"11","maxValue":"50"}}]}},"_links":{"self":[{"href":"https:\/\/sxflightcase.com\/hu\/wp-json\/wp\/v2\/product\/4208","targetHints":{"allow":["GET"]}}],"collection":[{"href":"https:\/\/sxflightcase.com\/hu\/wp-json\/wp\/v2\/product"}],"about":[{"href":"https:\/\/sxflightcase.com\/hu\/wp-json\/wp\/v2\/types\/product"}],"replies":[{"embeddable":true,"href":"https:\/\/sxflightcase.com\/hu\/wp-json\/wp\/v2\/comments?post=4208"}],"version-history":[{"count":0,"href":"https:\/\/sxflightcase.com\/hu\/wp-json\/wp\/v2\/product\/4208\/revisions"}],"wp:featuredmedia":[{"embeddable":true,"href":"https:\/\/sxflightcase.com\/hu\/wp-json\/wp\/v2\/media\/4179"}],"wp:attachment":[{"href":"https:\/\/sxflightcase.com\/hu\/wp-json\/wp\/v2\/media?parent=4208"}],"wp:term":[{"taxonomy":"product_brand","embeddable":true,"href":"https:\/\/sxflightcase.com\/hu\/wp-json\/wp\/v2\/product_brand?post=4208"},{"taxonomy":"product_cat","embeddable":true,"href":"https:\/\/sxflightcase.com\/hu\/wp-json\/wp\/v2\/product_cat?post=4208"},{"taxonomy":"product_tag","embeddable":true,"href":"https:\/\/sxflightcase.com\/hu\/wp-json\/wp\/v2\/product_tag?post=4208"}],"curies":[{"name":"wp","href":"https:\/\/api.w.org\/{rel}","templated":true}]}}