{"id":4211,"date":"2024-08-24T07:59:50","date_gmt":"2024-08-24T06:59:50","guid":{"rendered":"https:\/\/sxpowercase.com\/?post_type=product&#038;p=4211"},"modified":"2024-08-24T07:59:51","modified_gmt":"2024-08-24T06:59:51","slug":"metal-corner-brace-cla502","status":"publish","type":"product","link":"https:\/\/sxflightcase.com\/hu\/termek\/fem-sarokmerevito-cla502\/","title":{"rendered":"F\u00e9m sarokmerev\u00edt\u0151 CLA502"},"content":{"rendered":"<h3>Kiv\u00e1l\u00f3 min\u0151s\u00e9g\u0171 SX f\u00e9m sarokmerev\u00edt\u0151: Tart\u00f3s t\u00e1mogat\u00e1s megfizethet\u0151 \u00e1ron<\/h3>\n<h4>Megb\u00edzhat\u00f3 sarokmerev\u00edt\u0151k a fokozott stabilit\u00e1s \u00e9rdek\u00e9ben<\/h4>\n<p>A k\u00fcl\u00f6nb\u00f6z\u0151 szerkezetek meger\u0151s\u00edt\u00e9sekor \u00e9s meger\u0151s\u00edt\u00e9sekor a <span style=\"color: #3366ff;\"><a style=\"color: #3366ff;\" href=\"https:\/\/sxpowercase.com\/product\/flight-case-corner-clamp-cla501\/\"><strong>F\u00e9m sarokmerev\u00edt\u0151<\/strong><\/a><\/span> az SX-t\u0151l alapvet\u0151 fontoss\u00e1g\u00fa \u00f6sszetev\u0151. Legyen sz\u00f3 szekr\u00e9nyekr\u0151l, tokokr\u00f3l vagy b\u00fatorokr\u00f3l, merev\u00edt\u0151inket \u00fagy tervezt\u00fck, hogy alacsony k\u00f6lts\u00e9gek mellett maxim\u00e1lis t\u00e1mogat\u00e1st ny\u00fajtsanak. A gy\u00e1ri k\u00f6zvetlen \u00e9rt\u00e9kes\u00edt\u00e9ssel az SX verhetetlen \u00e1rakat biztos\u00edt a min\u0151s\u00e9g kompromisszumai n\u00e9lk\u00fcl, \u00edgy biztos\u00edtva, hogy a legjobb \u00e1r-\u00e9rt\u00e9k ar\u00e1nyt kapja a v\u00e1s\u00e1rl\u00e1s\u00e1\u00e9rt.<\/p>\n<h4>Er\u0151re \u00e9s hossz\u00fa \u00e9lettartamra tervezve<\/h4>\n<p><a href=\"https:\/\/sxpowercase.com\/\" target=\"_blank\" rel=\"noopener\" title=\"SX\" data-wpil-monitor-id=\"692\">SX<\/a> <strong>F\u00e9m sarokmerev\u00edt\u0151k<\/strong> tart\u00f3s f\u00e9manyagokb\u00f3l k\u00e9sz\u00fcltek, amelyeket \u00fagy terveztek, hogy ellen\u00e1lljanak a nagy terhel\u00e9snek \u00e9s a kem\u00e9ny k\u00f6rnyezetnek. Term\u00e9keinket szigor\u00fa min\u0151s\u00e9gi ellen\u0151rz\u00e9seknek vetj\u00fck al\u00e1, hogy megfeleljenek a magas szint\u0171 ipari szabv\u00e1nyoknak. Gy\u00e1ri k\u00f6zvetlen forgalmaz\u00e1sunknak k\u00f6sz\u00f6nhet\u0151en szigor\u00fa ellen\u0151rz\u00e9st tudunk fenntartani a gy\u00e1rt\u00e1s felett, mik\u00f6zben a k\u00f6lts\u00e9geket alacsonyan tartjuk, \u00edgy \u00d6n egyszerre \u00e9lvezheti a cs\u00facsmin\u0151s\u00e9g \u00e9s a k\u00f6lts\u00e9gvet\u00e9s-bar\u00e1t \u00e1rak el\u0151nyeit.<\/p>\n<h4>Egyszer\u0171 telep\u00edt\u00e9s \u00e9s sokoldal\u00fa alkalmaz\u00e1sok<\/h4>\n<p>SX-ek telep\u00edt\u00e9se <strong>F\u00e9m sarokmerev\u00edt\u0151<\/strong> gyors \u00e9s egyszer\u0171, \u00edgy a profi \u00e9p\u00edt\u0151k \u00e9s a bark\u00e1csol\u00e1s szerelmesei sz\u00e1m\u00e1ra egyar\u00e1nt alkalmas. Ezek a merev\u00edt\u0151k sokoldal\u00faak, megb\u00edzhat\u00f3 t\u00e1maszt ny\u00fajtanak k\u00fcl\u00f6nb\u00f6z\u0151 projektekhez, a szekr\u00e9nyek r\u00f6gz\u00edt\u00e9s\u00e9t\u0151l a rep\u00fcl\u0151g\u00e9ph\u00e1zak meger\u0151s\u00edt\u00e9s\u00e9ig. Az SX megfizethet\u0151 \u00e1rak ir\u00e1nti elk\u00f6telezetts\u00e9g\u00e9vel hat\u00e9konyan, t\u00falk\u00f6ltekez\u00e9s n\u00e9lk\u00fcl fejezheti be projektjeit.<\/p>\n<h4>Garant\u00e1lt min\u0151s\u00e9g minden v\u00e1s\u00e1rl\u00e1sn\u00e1l<\/h4>\n<p>Az SX-n\u00e9l b\u00fcszk\u00e9k vagyunk arra, hogy olyan term\u00e9keket sz\u00e1ll\u00edtunk, amelyekben \u00fcgyfeleink megb\u00edzhatnak. A <strong>F\u00e9m sarokmerev\u00edt\u0151k<\/strong> szigor\u00fa min\u0151s\u00e9g-ellen\u0151rz\u00e9si int\u00e9zked\u00e9sek mellett k\u00e9sz\u00fclnek, biztos\u00edtva az egyenletes teljes\u00edtm\u00e9nyt minden egyes darabon. Az\u00e1ltal, hogy az SX k\u00f6zvetlen\u00fcl kezeli mind a gy\u00e1rt\u00e1st, mind a forgalmaz\u00e1st, alacsonyan tartja az \u00e1rakat, mik\u00f6zben fenntartja az \u00fcgyfeleink \u00e1ltal elv\u00e1rt magas sz\u00ednvonalat.<\/p>\n<h4>Egyedi ig\u00e9nyekre szabott megold\u00e1sok<\/h4>\n<p>Az SX meg\u00e9rti, hogy minden projekt egyedi. Testreszab\u00e1si lehet\u0151s\u00e9geket k\u00edn\u00e1lunk <strong>F\u00e9m sarokmerev\u00edt\u0151k<\/strong>, \u00edgy \u00d6n kiv\u00e1laszthatja az ig\u00e9nyeinek legink\u00e1bb megfelel\u0151 m\u00e9retet, anyagot vagy kivitelez\u00e9st. Annak ellen\u00e9re, hogy testreszabhat\u00f3 megold\u00e1sokat k\u00edn\u00e1lunk, gy\u00e1ri k\u00f6zvetlen modell\u00fcnk biztos\u00edtja, hogy m\u00e9g a speci\u00e1lis megrendel\u00e9sek eset\u00e9ben is versenyk\u00e9pes \u00e1rakat \u00e9lvezhessen.<\/p>\n<h4>\u00c9rt\u00e9korient\u00e1lt hardver az SX-t\u0151l<\/h4>\n<p>Az SX elk\u00f6telezett amellett, hogy min\u0151s\u00e9gi hardvert sz\u00e1ll\u00edtson alacsony \u00e1ron. A k\u00f6zvet\u00edt\u0151k kik\u00fcsz\u00f6b\u00f6l\u00e9s\u00e9vel a k\u00f6vetkez\u0151 szolg\u00e1ltat\u00e1sokat tudjuk ny\u00fajtani <strong>F\u00e9m sarokmerev\u00edt\u0151k<\/strong> k\u00f6zvetlen\u00fcl a gy\u00e1rb\u00f3l, jelent\u0151s megtakar\u00edt\u00e1sokat adva \u00e1t \u00fcgyfeleinknek. Ak\u00e1r nagyszab\u00e1s\u00fa projekteket, ak\u00e1r kisebb bark\u00e1csfeladatokat ir\u00e1ny\u00edt, az SX-re sz\u00e1m\u00edthat a k\u00f6lts\u00e9ghat\u00e9kony \u00e9s megb\u00edzhat\u00f3 hardverek tekintet\u00e9ben.<\/p>\n<h4>V\u00e1lassza az SX-et a sarokmerev\u00edt\u0151 ig\u00e9nyeihez<\/h4>\n<p>Ha projektjeinek biztos\u00edt\u00e1s\u00e1r\u00f3l \u00e9s meger\u0151s\u00edt\u00e9s\u00e9r\u0151l van sz\u00f3, b\u00edzzon az SX's <strong>F\u00e9m sarokmerev\u00edt\u0151<\/strong>. A tart\u00f3ss\u00e1got, a k\u00f6nny\u0171 szerelhet\u0151s\u00e9get \u00e9s a gy\u00e1ri k\u00f6zvetlen megfizethet\u0151s\u00e9get \u00f6tv\u00f6zve ezek a merev\u00edt\u0151k a min\u0151s\u00e9g \u00e9s az \u00e9rt\u00e9k t\u00f6k\u00e9letes kever\u00e9k\u00e9t k\u00edn\u00e1lj\u00e1k. Ha sokoldal\u00fa t\u00e1mogat\u00e1st szeretne, amely nem t\u00f6ri meg a bankot, ne keressen tov\u00e1bb az SX-n\u00e9l, a megb\u00edzhat\u00f3 hardvermegold\u00e1sok m\u00e1rk\u00e1j\u00e1n\u00e1l.<\/p>\n<p>Kapcsolatfelv\u00e9tel most:<span style=\"color: #0000ff;\"><a style=\"color: #0000ff;\" href=\"https:\/\/sxpowercase.com\/contact-us\/\">https:\/\/sxpowercase.com\/<\/a><\/span><\/p>\n<p>Hardver term\u00e9kkatal\u00f3gus\uff1a<span style=\"color: #3366ff;\"><a style=\"color: #3366ff;\" href=\"https:\/\/sxpowercase.com\/wp-content\/uploads\/2024\/07\/\u4e94\u91d1.pdf\">Hardver tartoz\u00e9kok katal\u00f3gusa<\/a><\/span><\/p>","protected":false},"excerpt":{"rendered":"<h3>SX f\u00e9m sarokmerev\u00edt\u0151: Megfizethet\u0151, kiv\u00e1l\u00f3 min\u0151s\u00e9g\u0171 t\u00e1mogat\u00e1s<\/h3>\n<p>Er\u0151s\u00edtse meg szerkezeteit az SX f\u00e9m sarokmerev\u00edt\u0151vel. Ide\u00e1lisak szekr\u00e9nyekhez, tokokhoz \u00e9s b\u00fatorokhoz, ezek a merev\u00edt\u0151k megb\u00edzhat\u00f3 szil\u00e1rds\u00e1got biztos\u00edtanak gy\u00e1ri \u00e1ron, verhetetlen \u00e9rt\u00e9ket k\u00edn\u00e1lva a min\u0151s\u00e9g kompromisszumai n\u00e9lk\u00fcl.<\/p>\n<h3>Tart\u00f3s \u00e9s tart\u00f3s<\/h3>\n<p>A robusztus f\u00e9mb\u0151l k\u00e9sz\u00fclt SX f\u00e9m sarokmerev\u00edt\u0151ket \u00fagy tervezt\u00e9k, hogy nagy terhel\u00e9st \u00e9s kem\u00e9ny k\u00f6r\u00fclm\u00e9nyeket is elb\u00edrjanak. A szigor\u00fa min\u0151s\u00e9gellen\u0151rz\u00e9seknek \u00e9s a gy\u00e1rb\u00f3l t\u00f6rt\u00e9n\u0151 k\u00f6zvetlen \u00e9rt\u00e9kes\u00edt\u00e9snek k\u00f6sz\u00f6nhet\u0151en hossz\u00fa t\u00e1v\u00fa teljes\u00edtm\u00e9nyt kaphat kedvez\u0151 \u00e1ron.<\/p>\n<h3>K\u00f6nnyen telep\u00edthet\u0151, sokoldal\u00faan alkalmazhat\u00f3 b\u00e1rmilyen projekthez<\/h3>\n<p>Az SX f\u00e9m sarokmerev\u00edt\u0151k gyorsan felszerelhet\u0151k \u00e9s k\u00fcl\u00f6nb\u00f6z\u0151 alkalmaz\u00e1sokhoz alkalmasak. Legyen sz\u00f3 ak\u00e1r szakemberr\u0151l, ak\u00e1r bark\u00e1csol\u00f3r\u00f3l, ezek a sokoldal\u00fa merev\u00edt\u0151k megb\u00edzhat\u00f3 t\u00e1maszt ny\u00fajtanak a k\u00fcl\u00f6nb\u00f6z\u0151 \u00e9p\u00edt\u00e9si ig\u00e9nyekhez, mik\u00f6zben a k\u00f6lts\u00e9geket alacsonyan tartj\u00e1k.<\/p>","protected":false},"featured_media":4180,"comment_status":"open","ping_status":"closed","template":"","meta":[],"product_brand":[],"product_cat":[64],"product_tag":[],"class_list":{"0":"post-4211","1":"product","2":"type-product","3":"status-publish","4":"has-post-thumbnail","6":"product_cat-clamps","8":"first","9":"instock","10":"shipping-taxable","11":"product-type-simple"},"yoast_head":"<!-- This site is optimized with the Yoast SEO Premium plugin v27.1 (Yoast SEO v27.2) - https:\/\/yoast.com\/product\/yoast-seo-premium-wordpress\/ -->\n<title>Metal Corner Brace CLA502 - https:\/\/sxflightcase.com \ud83d\udc97<\/title>\n<meta name=\"description\" content=\"Metal corner brace, factory direct! High-quality, durable braces for reinforcing and securing corners in furniture, cases, and structures. Perfect for added stability and strength in various applications.\" \/>\n<meta name=\"robots\" content=\"index, follow, max-snippet:-1, max-image-preview:large, max-video-preview:-1\" \/>\n<link rel=\"canonical\" href=\"https:\/\/sxflightcase.com\/hu\/termek\/fem-sarokmerevito-cla502\/\" \/>\n<meta property=\"og:locale\" content=\"hu_HU\" \/>\n<meta property=\"og:type\" content=\"article\" \/>\n<meta property=\"og:title\" content=\"Metal Corner Brace CLA502\" \/>\n<meta property=\"og:description\" content=\"Metal corner brace, factory direct! High-quality, durable braces for reinforcing and securing corners in furniture, cases, and structures. Perfect for added stability and strength in various applications.\" \/>\n<meta property=\"og:url\" content=\"https:\/\/sxflightcase.com\/hu\/termek\/fem-sarokmerevito-cla502\/\" \/>\n<meta property=\"og:site_name\" content=\"https:\/\/sxflightcase.com\" \/>\n<meta property=\"article:publisher\" content=\"https:\/\/www.facebook.com\/profile.php?id=61560407257971\" \/>\n<meta property=\"article:modified_time\" content=\"2024-08-24T06:59:51+00:00\" \/>\n<meta property=\"og:image\" content=\"https:\/\/sxflightcase.com\/wp-content\/uploads\/2024\/08\/CLA502.jpg\" \/>\n\t<meta property=\"og:image:width\" content=\"700\" \/>\n\t<meta property=\"og:image:height\" content=\"700\" \/>\n\t<meta property=\"og:image:type\" content=\"image\/jpeg\" \/>\n<meta name=\"twitter:card\" content=\"summary_large_image\" \/>\n<meta name=\"twitter:label1\" content=\"Becs\u00fclt olvas\u00e1si id\u0151\" \/>\n\t<meta name=\"twitter:data1\" content=\"3 perc\" \/>\n<script type=\"application\/ld+json\" class=\"yoast-schema-graph\">{\"@context\":\"https:\/\/schema.org\",\"@graph\":[{\"@type\":\"WebPage\",\"@id\":\"https:\/\/sxflightcase.com\/product\/metal-corner-brace-cla502\/\",\"url\":\"https:\/\/sxflightcase.com\/product\/metal-corner-brace-cla502\/\",\"name\":\"Metal Corner Brace CLA502 - https:\/\/sxflightcase.com \ud83d\udc97\",\"isPartOf\":{\"@id\":\"https:\/\/sxflightcase.com\/th\/#website\"},\"primaryImageOfPage\":{\"@id\":\"https:\/\/sxflightcase.com\/product\/metal-corner-brace-cla502\/#primaryimage\"},\"image\":{\"@id\":\"https:\/\/sxflightcase.com\/product\/metal-corner-brace-cla502\/#primaryimage\"},\"thumbnailUrl\":\"https:\/\/sxflightcase.com\/wp-content\/uploads\/2024\/08\/CLA502.jpg\",\"datePublished\":\"2024-08-24T06:59:50+00:00\",\"dateModified\":\"2024-08-24T06:59:51+00:00\",\"description\":\"Metal corner brace, factory direct! High-quality, durable braces for reinforcing and securing corners in furniture, cases, and structures. Perfect for added stability and strength in various applications.\",\"breadcrumb\":{\"@id\":\"https:\/\/sxflightcase.com\/product\/metal-corner-brace-cla502\/#breadcrumb\"},\"inLanguage\":\"hu\",\"potentialAction\":[{\"@type\":\"ReadAction\",\"target\":[\"https:\/\/sxflightcase.com\/product\/metal-corner-brace-cla502\/\"]}]},{\"@type\":\"ImageObject\",\"inLanguage\":\"hu\",\"@id\":\"https:\/\/sxflightcase.com\/product\/metal-corner-brace-cla502\/#primaryimage\",\"url\":\"https:\/\/sxflightcase.com\/wp-content\/uploads\/2024\/08\/CLA502.jpg\",\"contentUrl\":\"https:\/\/sxflightcase.com\/wp-content\/uploads\/2024\/08\/CLA502.jpg\",\"width\":700,\"height\":700,\"caption\":\"Metal Corner Brace\"},{\"@type\":\"BreadcrumbList\",\"@id\":\"https:\/\/sxflightcase.com\/product\/metal-corner-brace-cla502\/#breadcrumb\",\"itemListElement\":[{\"@type\":\"ListItem\",\"position\":1,\"name\":\"Home\",\"item\":\"https:\/\/sxflightcase.com\/\"},{\"@type\":\"ListItem\",\"position\":2,\"name\":\"\u0e2a\u0e34\u0e19\u0e04\u0e49\u0e32\",\"item\":\"https:\/\/sxflightcase.com\/th\/shop\/\"},{\"@type\":\"ListItem\",\"position\":3,\"name\":\"Metal Corner Brace CLA502\"}]},{\"@type\":\"WebSite\",\"@id\":\"https:\/\/sxflightcase.com\/th\/#website\",\"url\":\"https:\/\/sxflightcase.com\/th\/\",\"name\":\"sxpowercase.com\",\"description\":\"Flight Case Factory\",\"publisher\":{\"@id\":\"https:\/\/sxflightcase.com\/th\/#organization\"},\"potentialAction\":[{\"@type\":\"SearchAction\",\"target\":{\"@type\":\"EntryPoint\",\"urlTemplate\":\"https:\/\/sxflightcase.com\/th\/?s={search_term_string}\"},\"query-input\":{\"@type\":\"PropertyValueSpecification\",\"valueRequired\":true,\"valueName\":\"search_term_string\"}}],\"inLanguage\":\"hu\"},{\"@type\":\"Organization\",\"@id\":\"https:\/\/sxflightcase.com\/th\/#organization\",\"name\":\"sxpowercase.com\",\"url\":\"https:\/\/sxflightcase.com\/th\/\",\"logo\":{\"@type\":\"ImageObject\",\"inLanguage\":\"hu\",\"@id\":\"https:\/\/sxflightcase.com\/th\/#\/schema\/logo\/image\/\",\"url\":\"https:\/\/sxflightcase.com\/wp-content\/uploads\/2024\/04\/1713919036007.jpg\",\"contentUrl\":\"https:\/\/sxflightcase.com\/wp-content\/uploads\/2024\/04\/1713919036007.jpg\",\"width\":382,\"height\":388,\"caption\":\"sxpowercase.com\"},\"image\":{\"@id\":\"https:\/\/sxflightcase.com\/th\/#\/schema\/logo\/image\/\"},\"sameAs\":[\"https:\/\/www.facebook.com\/profile.php?id=61560407257971\"],\"numberOfEmployees\":{\"@type\":\"QuantitativeValue\",\"minValue\":\"11\",\"maxValue\":\"50\"}}]}<\/script>\n<!-- \/ Yoast SEO Premium plugin. -->","yoast_head_json":{"title":"Metal Corner Brace CLA502 - https:\/\/sxflightcase.com \ud83d\udc97","description":"F\u00e9m sarokmerev\u00edt\u0151, gy\u00e1ri direkt! Kiv\u00e1l\u00f3 min\u0151s\u00e9g\u0171, tart\u00f3s merev\u00edt\u0151k b\u00fatorok, l\u00e1d\u00e1k \u00e9s szerkezetek sarkainak meger\u0151s\u00edt\u00e9s\u00e9re \u00e9s r\u00f6gz\u00edt\u00e9s\u00e9re. T\u00f6k\u00e9letes a stabilit\u00e1s \u00e9s a szil\u00e1rds\u00e1g n\u00f6vel\u00e9s\u00e9hez k\u00fcl\u00f6nb\u00f6z\u0151 alkalmaz\u00e1sokban.","robots":{"index":"index","follow":"follow","max-snippet":"max-snippet:-1","max-image-preview":"max-image-preview:large","max-video-preview":"max-video-preview:-1"},"canonical":"https:\/\/sxflightcase.com\/hu\/termek\/fem-sarokmerevito-cla502\/","og_locale":"hu_HU","og_type":"article","og_title":"Metal Corner Brace CLA502","og_description":"Metal corner brace, factory direct! High-quality, durable braces for reinforcing and securing corners in furniture, cases, and structures. Perfect for added stability and strength in various applications.","og_url":"https:\/\/sxflightcase.com\/hu\/termek\/fem-sarokmerevito-cla502\/","og_site_name":"https:\/\/sxflightcase.com","article_publisher":"https:\/\/www.facebook.com\/profile.php?id=61560407257971","article_modified_time":"2024-08-24T06:59:51+00:00","og_image":[{"width":700,"height":700,"url":"https:\/\/sxflightcase.com\/wp-content\/uploads\/2024\/08\/CLA502.jpg","type":"image\/jpeg"}],"twitter_card":"summary_large_image","twitter_misc":{"Becs\u00fclt olvas\u00e1si id\u0151":"3 perc"},"schema":{"@context":"https:\/\/schema.org","@graph":[{"@type":"WebPage","@id":"https:\/\/sxflightcase.com\/product\/metal-corner-brace-cla502\/","url":"https:\/\/sxflightcase.com\/product\/metal-corner-brace-cla502\/","name":"Metal Corner Brace CLA502 - https:\/\/sxflightcase.com \ud83d\udc97","isPartOf":{"@id":"https:\/\/sxflightcase.com\/th\/#website"},"primaryImageOfPage":{"@id":"https:\/\/sxflightcase.com\/product\/metal-corner-brace-cla502\/#primaryimage"},"image":{"@id":"https:\/\/sxflightcase.com\/product\/metal-corner-brace-cla502\/#primaryimage"},"thumbnailUrl":"https:\/\/sxflightcase.com\/wp-content\/uploads\/2024\/08\/CLA502.jpg","datePublished":"2024-08-24T06:59:50+00:00","dateModified":"2024-08-24T06:59:51+00:00","description":"F\u00e9m sarokmerev\u00edt\u0151, gy\u00e1ri direkt! Kiv\u00e1l\u00f3 min\u0151s\u00e9g\u0171, tart\u00f3s merev\u00edt\u0151k b\u00fatorok, l\u00e1d\u00e1k \u00e9s szerkezetek sarkainak meger\u0151s\u00edt\u00e9s\u00e9re \u00e9s r\u00f6gz\u00edt\u00e9s\u00e9re. T\u00f6k\u00e9letes a stabilit\u00e1s \u00e9s a szil\u00e1rds\u00e1g n\u00f6vel\u00e9s\u00e9hez k\u00fcl\u00f6nb\u00f6z\u0151 alkalmaz\u00e1sokban.","breadcrumb":{"@id":"https:\/\/sxflightcase.com\/product\/metal-corner-brace-cla502\/#breadcrumb"},"inLanguage":"hu","potentialAction":[{"@type":"ReadAction","target":["https:\/\/sxflightcase.com\/product\/metal-corner-brace-cla502\/"]}]},{"@type":"ImageObject","inLanguage":"hu","@id":"https:\/\/sxflightcase.com\/product\/metal-corner-brace-cla502\/#primaryimage","url":"https:\/\/sxflightcase.com\/wp-content\/uploads\/2024\/08\/CLA502.jpg","contentUrl":"https:\/\/sxflightcase.com\/wp-content\/uploads\/2024\/08\/CLA502.jpg","width":700,"height":700,"caption":"Metal Corner Brace"},{"@type":"BreadcrumbList","@id":"https:\/\/sxflightcase.com\/product\/metal-corner-brace-cla502\/#breadcrumb","itemListElement":[{"@type":"ListItem","position":1,"name":"Home","item":"https:\/\/sxflightcase.com\/"},{"@type":"ListItem","position":2,"name":"\u0e2a\u0e34\u0e19\u0e04\u0e49\u0e32","item":"https:\/\/sxflightcase.com\/th\/shop\/"},{"@type":"ListItem","position":3,"name":"Metal Corner Brace CLA502"}]},{"@type":"WebSite","@id":"https:\/\/sxflightcase.com\/th\/#website","url":"https:\/\/sxflightcase.com\/th\/","name":"sxpowercase.com","description":"Flight Case Factory","publisher":{"@id":"https:\/\/sxflightcase.com\/th\/#organization"},"potentialAction":[{"@type":"SearchAction","target":{"@type":"EntryPoint","urlTemplate":"https:\/\/sxflightcase.com\/th\/?s={search_term_string}"},"query-input":{"@type":"PropertyValueSpecification","valueRequired":true,"valueName":"search_term_string"}}],"inLanguage":"hu"},{"@type":"Organization","@id":"https:\/\/sxflightcase.com\/th\/#organization","name":"sxpowercase.com","url":"https:\/\/sxflightcase.com\/th\/","logo":{"@type":"ImageObject","inLanguage":"hu","@id":"https:\/\/sxflightcase.com\/th\/#\/schema\/logo\/image\/","url":"https:\/\/sxflightcase.com\/wp-content\/uploads\/2024\/04\/1713919036007.jpg","contentUrl":"https:\/\/sxflightcase.com\/wp-content\/uploads\/2024\/04\/1713919036007.jpg","width":382,"height":388,"caption":"sxpowercase.com"},"image":{"@id":"https:\/\/sxflightcase.com\/th\/#\/schema\/logo\/image\/"},"sameAs":["https:\/\/www.facebook.com\/profile.php?id=61560407257971"],"numberOfEmployees":{"@type":"QuantitativeValue","minValue":"11","maxValue":"50"}}]}},"_links":{"self":[{"href":"https:\/\/sxflightcase.com\/hu\/wp-json\/wp\/v2\/product\/4211","targetHints":{"allow":["GET"]}}],"collection":[{"href":"https:\/\/sxflightcase.com\/hu\/wp-json\/wp\/v2\/product"}],"about":[{"href":"https:\/\/sxflightcase.com\/hu\/wp-json\/wp\/v2\/types\/product"}],"replies":[{"embeddable":true,"href":"https:\/\/sxflightcase.com\/hu\/wp-json\/wp\/v2\/comments?post=4211"}],"version-history":[{"count":0,"href":"https:\/\/sxflightcase.com\/hu\/wp-json\/wp\/v2\/product\/4211\/revisions"}],"wp:featuredmedia":[{"embeddable":true,"href":"https:\/\/sxflightcase.com\/hu\/wp-json\/wp\/v2\/media\/4180"}],"wp:attachment":[{"href":"https:\/\/sxflightcase.com\/hu\/wp-json\/wp\/v2\/media?parent=4211"}],"wp:term":[{"taxonomy":"product_brand","embeddable":true,"href":"https:\/\/sxflightcase.com\/hu\/wp-json\/wp\/v2\/product_brand?post=4211"},{"taxonomy":"product_cat","embeddable":true,"href":"https:\/\/sxflightcase.com\/hu\/wp-json\/wp\/v2\/product_cat?post=4211"},{"taxonomy":"product_tag","embeddable":true,"href":"https:\/\/sxflightcase.com\/hu\/wp-json\/wp\/v2\/product_tag?post=4211"}],"curies":[{"name":"wp","href":"https:\/\/api.w.org\/{rel}","templated":true}]}}