{"id":4215,"date":"2024-08-24T08:14:05","date_gmt":"2024-08-24T07:14:05","guid":{"rendered":"https:\/\/sxpowercase.com\/?post_type=product&#038;p=4215"},"modified":"2024-08-24T08:14:06","modified_gmt":"2024-08-24T07:14:06","slug":"flight-case-clamp-cla505","status":"publish","type":"product","link":"https:\/\/sxflightcase.com\/hu\/termek\/repulotaska-bilincs-cla505\/","title":{"rendered":"Flight Case Clamp CLA505"},"content":{"rendered":"<h3>SX Flight Case Clamp: Megfizethet\u0151 min\u0151s\u00e9g a megb\u00edzhat\u00f3 teljes\u00edtm\u00e9ny\u00e9rt<\/h3>\n<h4>Er\u0151s\u00edtse meg tokjait az SX Flight Case Clamp seg\u00edts\u00e9g\u00e9vel<\/h4>\n<p>Azok sz\u00e1m\u00e1ra, akiknek biztons\u00e1gos, hossz\u00fa \u00e9lettartam\u00fa hardverre van sz\u00fcks\u00e9g\u00fck, az SX megb\u00edzhat\u00f3 <strong><span style=\"color: #3366ff;\"><a style=\"color: #3366ff;\" href=\"https:\/\/sxpowercase.com\/product\/flight-case-clamp-cla504\/\">Rep\u00fcl\u0151 tok r\u00f6gz\u00edt\u0151<\/a><\/span>\u00a0 <\/strong>amelyek biztos\u00edtj\u00e1k, hogy a tokok szorosan z\u00e1rva maradjanak. R\u00f6gz\u00edt\u0151inket professzion\u00e1lis \u00e9s bark\u00e1csol\u00e1si c\u00e9lokra egyar\u00e1nt tervezt\u00e9k, t\u00f6k\u00e9letes megold\u00e1st ny\u00fajtva a berendez\u00e9sek, szersz\u00e1mok vagy m\u00e1s \u00e9rt\u00e9kes t\u00e1rgyak sz\u00e1ll\u00edt\u00e1s k\u00f6zbeni r\u00f6gz\u00edt\u00e9s\u00e9re. Az SX kombin\u00e1lja a gy\u00e1ri k\u00f6zvetlen \u00e1rakat a magas min\u0151s\u00e9gi el\u0151\u00edr\u00e1sokkal, hogy tart\u00f3s bilincseket biztos\u00edtson \u00d6nnek an\u00e9lk\u00fcl, hogy megterheln\u00e9 a k\u00f6lts\u00e9gvet\u00e9s\u00e9t.<\/p>\n<h4>Tart\u00f3s konstrukci\u00f3 nagy ig\u00e9nybev\u00e9telhez<\/h4>\n<p><a href=\"https:\/\/sxpowercase.com\/\" target=\"_blank\" rel=\"noopener\" title=\"SX\" data-wpil-monitor-id=\"695\">SX<\/a> <strong>Rep\u00fcl\u0151 tok r\u00f6gz\u00edt\u0151<\/strong>\u00a0robusztus anyagokb\u00f3l k\u00e9sz\u00fclnek, amelyek ellen\u00e1llnak a gyakori haszn\u00e1lat viszontags\u00e1gainak. Ak\u00e1r k\u00f6z\u00fati l\u00e1d\u00e1khoz, t\u00e1rol\u00f3ed\u00e9nyekhez vagy egyedi projektekhez van r\u00e1juk sz\u00fcks\u00e9ge, ezeket a bilincseket \u00fagy tervezt\u00e9k, hogy nyom\u00e1s alatt is szil\u00e1rdan tartsanak. Rozsda\u00e1ll\u00f3ak, \u00e9s \u00fagy k\u00e9sz\u00fcltek, hogy ellen\u00e1lljanak a kem\u00e9ny k\u00f6rnyezetnek, \u00edgy ide\u00e1lis v\u00e1laszt\u00e1snak bizonyulnak mind a belt\u00e9ri, mind a k\u00fclt\u00e9ri alkalmaz\u00e1sokhoz.<\/p>\n<h4>Gy\u00e1ri k\u00f6zvetlen \u00e1rk\u00e9pz\u00e9s garant\u00e1lt min\u0151s\u00e9ggel<\/h4>\n<p>Az SX eset\u00e9ben verhetetlen \u00e9rt\u00e9ket kap, k\u00f6sz\u00f6nhet\u0151en a k\u00f6zvetlen\u00fcl a gy\u00e1rb\u00f3l sz\u00e1rmaz\u00f3 megk\u00f6zel\u00edt\u00e9s\u00fcnknek. Ez lehet\u0151v\u00e9 teszi sz\u00e1munkra, hogy alacsonyan tartsuk a k\u00f6lts\u00e9geket, mik\u00f6zben minden l\u00e9p\u00e9sn\u00e9l szigor\u00fa min\u0151s\u00e9gellen\u0151rz\u00e9seket tartunk fenn. \u00d6n cs\u00facsmin\u0151s\u00e9g\u0171 <strong>Rep\u00fcl\u0151 tok r\u00f6gz\u00edt\u0151<\/strong>\u00a0az \u00d6n k\u00f6lts\u00e9gvet\u00e9s\u00e9be illeszked\u0151 \u00e1ron. A gy\u00e1ri k\u00f6zvetlen \u00e9rt\u00e9kes\u00edt\u00e9s ir\u00e1nti elk\u00f6telezetts\u00e9g\u00fcnk biztos\u00edtja, hogy nem kell felesleges fel\u00e1rat fizetnie, \u00edgy megfizethet\u0151 \u00e1ron \u00e9lvezheti a kiv\u00e1l\u00f3 min\u0151s\u00e9get.<\/p>\n<h4>Sokoldal\u00fas\u00e1g k\u00fcl\u00f6nb\u00f6z\u0151 alkalmaz\u00e1sokhoz<\/h4>\n<p>SX <strong>Flight Case bilincsek<\/strong> el\u00e9g sokoldal\u00faak ahhoz, hogy sokf\u00e9le felhaszn\u00e1l\u00e1si c\u00e9lra megfeleljenek. Ak\u00e1r egyedi tokokat tervez \u00e9l\u0151 esem\u00e9nyekhez, ak\u00e1r t\u00f6r\u00e9keny t\u00e1rgyakat sz\u00e1ll\u00edt, vagy t\u00e1rol\u00f3egys\u00e9geket \u00e9p\u00edt, ezek a bilincsek biztos\u00edtj\u00e1k a sz\u00fcks\u00e9ges rugalmass\u00e1got \u00e9s biztons\u00e1got. K\u00f6nny\u0171 felszerelhet\u0151s\u00e9g\u00fck \u00e9s tart\u00f3s kialak\u00edt\u00e1suk miatt minden m\u00e9ret\u0171 projekthez alkalmasak. Az SX seg\u00edts\u00e9g\u00e9vel olyan sokoldal\u00fa megold\u00e1sokhoz juthat hozz\u00e1, amelyek mind a szakmai, mind a szem\u00e9lyes ig\u00e9nyeknek megfelelnek.<\/p>\n<h4>Az \u00d6n ig\u00e9nyeihez szabott, testreszabhat\u00f3 lehet\u0151s\u00e9gek<\/h4>\n<p>Az SX-n\u00e9l meg\u00e9rtj\u00fck, hogy minden projekt egyedi. Ez\u00e9rt k\u00edn\u00e1lunk testreszabhat\u00f3 opci\u00f3kat a <strong>Flight Case bilincsek<\/strong>, a k\u00fcl\u00f6nleges m\u00e9retekt\u0151l a k\u00fcl\u00f6nb\u00f6z\u0151 kivitelekig. A testreszab\u00e1st\u00f3l f\u00fcggetlen\u00fcl a gy\u00e1ri k\u00f6zvetlen \u00e1raz\u00e1sunk biztos\u00edtja, hogy mindig nagyszer\u0171 \u00e9rt\u00e9ket kapjon. B\u00edzhat az SX-ben, hogy olyan szem\u00e9lyre szabott megold\u00e1sokat k\u00edn\u00e1l, amelyek pontosan megfelelnek az \u00d6n ig\u00e9nyeinek, an\u00e9lk\u00fcl, hogy a k\u00f6lts\u00e9gek felduzzadn\u00e1nak.<\/p>\n<h4>Mi\u00e9rt v\u00e1lassza az SX-et a rep\u00fcl\u0151 tok hardver\u00e9hez?<\/h4>\n<p>Az SX a kiv\u00e1l\u00f3 min\u0151s\u00e9g\u0171, megfizethet\u0151 hardvermegold\u00e1sok megb\u00edzhat\u00f3 szolg\u00e1ltat\u00f3ja. A <strong>Flight Case bilincsek<\/strong> azok sz\u00e1m\u00e1ra k\u00e9sz\u00fcltek, akiknek megb\u00edzhat\u00f3 teljes\u00edtm\u00e9nyre van sz\u00fcks\u00e9g\u00fck gazdas\u00e1gos \u00e1ron. Az \u00fcgyfelek el\u00e9gedetts\u00e9g\u00e9t helyezz\u00fck el\u0151t\u00e9rbe az\u00e1ltal, hogy tart\u00f3s, k\u00f6nnyen haszn\u00e1lhat\u00f3, testreszabhat\u00f3 \u00e9s versenyk\u00e9pes \u00e1r\u00fa term\u00e9keket sz\u00e1ll\u00edtunk.<\/p>\n<h4>V\u00e1lassza az SX-et a nagy \u00e9rt\u00e9k\u0171 rep\u00fcl\u0151 tokbilincsekhez<\/h4>\n<p>Ha olyan bilincsekre van sz\u00fcks\u00e9ge, amelyek az er\u0151t, a k\u00f6nny\u0171 haszn\u00e1latot \u00e9s a megfizethet\u0151s\u00e9get \u00f6tv\u00f6zik, akkor az SX m\u00e1rk\u00e1ban b\u00edzhat. A <strong>Flight Case bilincsek<\/strong> \u00fagy k\u00e9sz\u00fcltek, hogy ig\u00e9nyes k\u00f6r\u00fclm\u00e9nyek k\u00f6z\u00f6tt is megbirk\u00f3zzanak, mik\u00f6zben k\u00f6lts\u00e9gk\u00edm\u00e9l\u0151ek maradnak. Az SX seg\u00edts\u00e9g\u00e9vel megb\u00edzhat\u00f3 partnert v\u00e1laszt minden tokhardverig\u00e9nye sz\u00e1m\u00e1ra, amely minden v\u00e1s\u00e1rl\u00e1skor \u00e9rt\u00e9ket \u00e9s teljes\u00edtm\u00e9nyt k\u00edn\u00e1l.<\/p>\n<p>Kapcsolatfelv\u00e9tel most:<span style=\"color: #0000ff;\"><a style=\"color: #0000ff;\" href=\"https:\/\/sxpowercase.com\/contact-us\/\">https:\/\/sxpowercase.com\/<\/a><\/span><\/p>\n<p>Hardver term\u00e9kkatal\u00f3gus\uff1a<span style=\"color: #3366ff;\"><a style=\"color: #3366ff;\" href=\"https:\/\/sxpowercase.com\/wp-content\/uploads\/2024\/07\/\u4e94\u91d1.pdf\">Hardver tartoz\u00e9kok katal\u00f3gusa<\/a><\/span><\/p>","protected":false},"excerpt":{"rendered":"<div class=\"flex max-w-full flex-col flex-grow\">\n<div class=\"min-h-[20px] text-message flex w-full flex-col items-end gap-2 break-words [.text-message+&amp;]:mt-5 overflow-x-auto whitespace-normal\" dir=\"auto\" data-message-author-role=\"assistant\" data-message-id=\"fcb5a49e-2c52-4ff7-b7e2-5a7efc614dbf\">\n<div class=\"flex w-full flex-col gap-1 empty:hidden first:pt-[3px]\">\n<div class=\"markdown prose w-full break-words dark:prose-invert light\">\n<h3>SX Flight Case Clamp: Secure and Cost-Effective Hardware<\/h3>\n<p>SX Flight Case Clamps provide tight, stable connections for your cases, ensuring your gear remains safe. With direct-from-factory pricing, you get premium-quality clamps at unbeatable prices.<\/p>\n<h3>Strong and Easy to Install<\/h3>\n<p>Built from high-grade materials, SX Flight Case Clamps offer long-lasting performance and corrosion resistance. They\u2019re designed for easy installation, making them ideal for both professionals and DIY enthusiasts.<\/p>\n<h3>Customizable and Versatile Solutions<\/h3>\n<p>Whether for musical equipment or industrial storage, SX Flight Case Clamps fit various projects. Custom options are available, and our factory-direct model ensures you get the exact clamps you need at a budget-friendly price.<\/p>\n<\/div>\n<\/div>\n<\/div>\n<\/div>\n","protected":false},"featured_media":4183,"comment_status":"open","ping_status":"closed","template":"","meta":[],"product_brand":[],"product_cat":[64],"product_tag":[],"class_list":{"0":"post-4215","1":"product","2":"type-product","3":"status-publish","4":"has-post-thumbnail","6":"product_cat-clamps","8":"first","9":"instock","10":"shipping-taxable","11":"product-type-simple"},"yoast_head":"<!-- This site is optimized with the Yoast SEO Premium plugin v27.1 (Yoast SEO v27.2) - https:\/\/yoast.com\/product\/yoast-seo-premium-wordpress\/ -->\n<title>Flight Case Clamp CLA505 - https:\/\/sxflightcase.com \ud83d\udc97<\/title>\n<meta name=\"description\" content=\"Flight case clamp, factory direct! High-quality, durable clamps designed for secure assembly and reinforcement of flight case panels and corners. Ideal for ensuring long-lasting protection and stability.\" \/>\n<meta name=\"robots\" content=\"index, follow, max-snippet:-1, max-image-preview:large, max-video-preview:-1\" \/>\n<link rel=\"canonical\" href=\"https:\/\/sxflightcase.com\/hu\/termek\/repulotaska-bilincs-cla505\/\" \/>\n<meta property=\"og:locale\" content=\"hu_HU\" \/>\n<meta property=\"og:type\" content=\"article\" \/>\n<meta property=\"og:title\" content=\"Flight Case Clamp CLA505\" \/>\n<meta property=\"og:description\" content=\"Flight case clamp, factory direct! High-quality, durable clamps designed for secure assembly and reinforcement of flight case panels and corners. Ideal for ensuring long-lasting protection and stability.\" \/>\n<meta property=\"og:url\" content=\"https:\/\/sxflightcase.com\/hu\/termek\/repulotaska-bilincs-cla505\/\" \/>\n<meta property=\"og:site_name\" content=\"https:\/\/sxflightcase.com\" \/>\n<meta property=\"article:publisher\" content=\"https:\/\/www.facebook.com\/profile.php?id=61560407257971\" \/>\n<meta property=\"article:modified_time\" content=\"2024-08-24T07:14:06+00:00\" \/>\n<meta property=\"og:image\" content=\"https:\/\/sxflightcase.com\/wp-content\/uploads\/2024\/08\/CLA505.jpg\" \/>\n\t<meta property=\"og:image:width\" content=\"700\" \/>\n\t<meta property=\"og:image:height\" content=\"700\" \/>\n\t<meta property=\"og:image:type\" content=\"image\/jpeg\" \/>\n<meta name=\"twitter:card\" content=\"summary_large_image\" \/>\n<meta name=\"twitter:label1\" content=\"Becs\u00fclt olvas\u00e1si id\u0151\" \/>\n\t<meta name=\"twitter:data1\" content=\"3 perc\" \/>\n<script type=\"application\/ld+json\" class=\"yoast-schema-graph\">{\"@context\":\"https:\/\/schema.org\",\"@graph\":[{\"@type\":\"WebPage\",\"@id\":\"https:\/\/sxflightcase.com\/product\/flight-case-clamp-cla505\/\",\"url\":\"https:\/\/sxflightcase.com\/product\/flight-case-clamp-cla505\/\",\"name\":\"Flight Case Clamp CLA505 - https:\/\/sxflightcase.com \ud83d\udc97\",\"isPartOf\":{\"@id\":\"https:\/\/sxflightcase.com\/th\/#website\"},\"primaryImageOfPage\":{\"@id\":\"https:\/\/sxflightcase.com\/product\/flight-case-clamp-cla505\/#primaryimage\"},\"image\":{\"@id\":\"https:\/\/sxflightcase.com\/product\/flight-case-clamp-cla505\/#primaryimage\"},\"thumbnailUrl\":\"https:\/\/sxflightcase.com\/wp-content\/uploads\/2024\/08\/CLA505.jpg\",\"datePublished\":\"2024-08-24T07:14:05+00:00\",\"dateModified\":\"2024-08-24T07:14:06+00:00\",\"description\":\"Flight case clamp, factory direct! High-quality, durable clamps designed for secure assembly and reinforcement of flight case panels and corners. Ideal for ensuring long-lasting protection and stability.\",\"breadcrumb\":{\"@id\":\"https:\/\/sxflightcase.com\/product\/flight-case-clamp-cla505\/#breadcrumb\"},\"inLanguage\":\"hu\",\"potentialAction\":[{\"@type\":\"ReadAction\",\"target\":[\"https:\/\/sxflightcase.com\/product\/flight-case-clamp-cla505\/\"]}]},{\"@type\":\"ImageObject\",\"inLanguage\":\"hu\",\"@id\":\"https:\/\/sxflightcase.com\/product\/flight-case-clamp-cla505\/#primaryimage\",\"url\":\"https:\/\/sxflightcase.com\/wp-content\/uploads\/2024\/08\/CLA505.jpg\",\"contentUrl\":\"https:\/\/sxflightcase.com\/wp-content\/uploads\/2024\/08\/CLA505.jpg\",\"width\":700,\"height\":700,\"caption\":\"Flight Case Clamp\"},{\"@type\":\"BreadcrumbList\",\"@id\":\"https:\/\/sxflightcase.com\/product\/flight-case-clamp-cla505\/#breadcrumb\",\"itemListElement\":[{\"@type\":\"ListItem\",\"position\":1,\"name\":\"Home\",\"item\":\"https:\/\/sxflightcase.com\/\"},{\"@type\":\"ListItem\",\"position\":2,\"name\":\"\u0e2a\u0e34\u0e19\u0e04\u0e49\u0e32\",\"item\":\"https:\/\/sxflightcase.com\/th\/shop\/\"},{\"@type\":\"ListItem\",\"position\":3,\"name\":\"Flight Case Clamp CLA505\"}]},{\"@type\":\"WebSite\",\"@id\":\"https:\/\/sxflightcase.com\/th\/#website\",\"url\":\"https:\/\/sxflightcase.com\/th\/\",\"name\":\"sxpowercase.com\",\"description\":\"Flight Case Factory\",\"publisher\":{\"@id\":\"https:\/\/sxflightcase.com\/th\/#organization\"},\"potentialAction\":[{\"@type\":\"SearchAction\",\"target\":{\"@type\":\"EntryPoint\",\"urlTemplate\":\"https:\/\/sxflightcase.com\/th\/?s={search_term_string}\"},\"query-input\":{\"@type\":\"PropertyValueSpecification\",\"valueRequired\":true,\"valueName\":\"search_term_string\"}}],\"inLanguage\":\"hu\"},{\"@type\":\"Organization\",\"@id\":\"https:\/\/sxflightcase.com\/th\/#organization\",\"name\":\"sxpowercase.com\",\"url\":\"https:\/\/sxflightcase.com\/th\/\",\"logo\":{\"@type\":\"ImageObject\",\"inLanguage\":\"hu\",\"@id\":\"https:\/\/sxflightcase.com\/th\/#\/schema\/logo\/image\/\",\"url\":\"https:\/\/sxflightcase.com\/wp-content\/uploads\/2024\/04\/1713919036007.jpg\",\"contentUrl\":\"https:\/\/sxflightcase.com\/wp-content\/uploads\/2024\/04\/1713919036007.jpg\",\"width\":382,\"height\":388,\"caption\":\"sxpowercase.com\"},\"image\":{\"@id\":\"https:\/\/sxflightcase.com\/th\/#\/schema\/logo\/image\/\"},\"sameAs\":[\"https:\/\/www.facebook.com\/profile.php?id=61560407257971\"],\"numberOfEmployees\":{\"@type\":\"QuantitativeValue\",\"minValue\":\"11\",\"maxValue\":\"50\"}}]}<\/script>\n<!-- \/ Yoast SEO Premium plugin. -->","yoast_head_json":{"title":"Flight Case Clamp CLA505 - https:\/\/sxflightcase.com \ud83d\udc97","description":"Flight case bilincs, gy\u00e1ri k\u00f6zvetlen! Kiv\u00e1l\u00f3 min\u0151s\u00e9g\u0171, tart\u00f3s bilincsek, amelyeket a rep\u00fcl\u0151 tok paneljeinek \u00e9s sarkainak biztons\u00e1gos \u00f6sszeszerel\u00e9s\u00e9hez \u00e9s meger\u0151s\u00edt\u00e9s\u00e9hez terveztek. Ide\u00e1lis a hossz\u00fa t\u00e1v\u00fa v\u00e9delem \u00e9s stabilit\u00e1s biztos\u00edt\u00e1s\u00e1hoz.","robots":{"index":"index","follow":"follow","max-snippet":"max-snippet:-1","max-image-preview":"max-image-preview:large","max-video-preview":"max-video-preview:-1"},"canonical":"https:\/\/sxflightcase.com\/hu\/termek\/repulotaska-bilincs-cla505\/","og_locale":"hu_HU","og_type":"article","og_title":"Flight Case Clamp CLA505","og_description":"Flight case clamp, factory direct! High-quality, durable clamps designed for secure assembly and reinforcement of flight case panels and corners. Ideal for ensuring long-lasting protection and stability.","og_url":"https:\/\/sxflightcase.com\/hu\/termek\/repulotaska-bilincs-cla505\/","og_site_name":"https:\/\/sxflightcase.com","article_publisher":"https:\/\/www.facebook.com\/profile.php?id=61560407257971","article_modified_time":"2024-08-24T07:14:06+00:00","og_image":[{"width":700,"height":700,"url":"https:\/\/sxflightcase.com\/wp-content\/uploads\/2024\/08\/CLA505.jpg","type":"image\/jpeg"}],"twitter_card":"summary_large_image","twitter_misc":{"Becs\u00fclt olvas\u00e1si id\u0151":"3 perc"},"schema":{"@context":"https:\/\/schema.org","@graph":[{"@type":"WebPage","@id":"https:\/\/sxflightcase.com\/product\/flight-case-clamp-cla505\/","url":"https:\/\/sxflightcase.com\/product\/flight-case-clamp-cla505\/","name":"Flight Case Clamp CLA505 - https:\/\/sxflightcase.com \ud83d\udc97","isPartOf":{"@id":"https:\/\/sxflightcase.com\/th\/#website"},"primaryImageOfPage":{"@id":"https:\/\/sxflightcase.com\/product\/flight-case-clamp-cla505\/#primaryimage"},"image":{"@id":"https:\/\/sxflightcase.com\/product\/flight-case-clamp-cla505\/#primaryimage"},"thumbnailUrl":"https:\/\/sxflightcase.com\/wp-content\/uploads\/2024\/08\/CLA505.jpg","datePublished":"2024-08-24T07:14:05+00:00","dateModified":"2024-08-24T07:14:06+00:00","description":"Flight case bilincs, gy\u00e1ri k\u00f6zvetlen! Kiv\u00e1l\u00f3 min\u0151s\u00e9g\u0171, tart\u00f3s bilincsek, amelyeket a rep\u00fcl\u0151 tok paneljeinek \u00e9s sarkainak biztons\u00e1gos \u00f6sszeszerel\u00e9s\u00e9hez \u00e9s meger\u0151s\u00edt\u00e9s\u00e9hez terveztek. Ide\u00e1lis a hossz\u00fa t\u00e1v\u00fa v\u00e9delem \u00e9s stabilit\u00e1s biztos\u00edt\u00e1s\u00e1hoz.","breadcrumb":{"@id":"https:\/\/sxflightcase.com\/product\/flight-case-clamp-cla505\/#breadcrumb"},"inLanguage":"hu","potentialAction":[{"@type":"ReadAction","target":["https:\/\/sxflightcase.com\/product\/flight-case-clamp-cla505\/"]}]},{"@type":"ImageObject","inLanguage":"hu","@id":"https:\/\/sxflightcase.com\/product\/flight-case-clamp-cla505\/#primaryimage","url":"https:\/\/sxflightcase.com\/wp-content\/uploads\/2024\/08\/CLA505.jpg","contentUrl":"https:\/\/sxflightcase.com\/wp-content\/uploads\/2024\/08\/CLA505.jpg","width":700,"height":700,"caption":"Flight Case Clamp"},{"@type":"BreadcrumbList","@id":"https:\/\/sxflightcase.com\/product\/flight-case-clamp-cla505\/#breadcrumb","itemListElement":[{"@type":"ListItem","position":1,"name":"Home","item":"https:\/\/sxflightcase.com\/"},{"@type":"ListItem","position":2,"name":"\u0e2a\u0e34\u0e19\u0e04\u0e49\u0e32","item":"https:\/\/sxflightcase.com\/th\/shop\/"},{"@type":"ListItem","position":3,"name":"Flight Case Clamp CLA505"}]},{"@type":"WebSite","@id":"https:\/\/sxflightcase.com\/th\/#website","url":"https:\/\/sxflightcase.com\/th\/","name":"sxpowercase.com","description":"Flight Case Factory","publisher":{"@id":"https:\/\/sxflightcase.com\/th\/#organization"},"potentialAction":[{"@type":"SearchAction","target":{"@type":"EntryPoint","urlTemplate":"https:\/\/sxflightcase.com\/th\/?s={search_term_string}"},"query-input":{"@type":"PropertyValueSpecification","valueRequired":true,"valueName":"search_term_string"}}],"inLanguage":"hu"},{"@type":"Organization","@id":"https:\/\/sxflightcase.com\/th\/#organization","name":"sxpowercase.com","url":"https:\/\/sxflightcase.com\/th\/","logo":{"@type":"ImageObject","inLanguage":"hu","@id":"https:\/\/sxflightcase.com\/th\/#\/schema\/logo\/image\/","url":"https:\/\/sxflightcase.com\/wp-content\/uploads\/2024\/04\/1713919036007.jpg","contentUrl":"https:\/\/sxflightcase.com\/wp-content\/uploads\/2024\/04\/1713919036007.jpg","width":382,"height":388,"caption":"sxpowercase.com"},"image":{"@id":"https:\/\/sxflightcase.com\/th\/#\/schema\/logo\/image\/"},"sameAs":["https:\/\/www.facebook.com\/profile.php?id=61560407257971"],"numberOfEmployees":{"@type":"QuantitativeValue","minValue":"11","maxValue":"50"}}]}},"_links":{"self":[{"href":"https:\/\/sxflightcase.com\/hu\/wp-json\/wp\/v2\/product\/4215","targetHints":{"allow":["GET"]}}],"collection":[{"href":"https:\/\/sxflightcase.com\/hu\/wp-json\/wp\/v2\/product"}],"about":[{"href":"https:\/\/sxflightcase.com\/hu\/wp-json\/wp\/v2\/types\/product"}],"replies":[{"embeddable":true,"href":"https:\/\/sxflightcase.com\/hu\/wp-json\/wp\/v2\/comments?post=4215"}],"version-history":[{"count":0,"href":"https:\/\/sxflightcase.com\/hu\/wp-json\/wp\/v2\/product\/4215\/revisions"}],"wp:featuredmedia":[{"embeddable":true,"href":"https:\/\/sxflightcase.com\/hu\/wp-json\/wp\/v2\/media\/4183"}],"wp:attachment":[{"href":"https:\/\/sxflightcase.com\/hu\/wp-json\/wp\/v2\/media?parent=4215"}],"wp:term":[{"taxonomy":"product_brand","embeddable":true,"href":"https:\/\/sxflightcase.com\/hu\/wp-json\/wp\/v2\/product_brand?post=4215"},{"taxonomy":"product_cat","embeddable":true,"href":"https:\/\/sxflightcase.com\/hu\/wp-json\/wp\/v2\/product_cat?post=4215"},{"taxonomy":"product_tag","embeddable":true,"href":"https:\/\/sxflightcase.com\/hu\/wp-json\/wp\/v2\/product_tag?post=4215"}],"curies":[{"name":"wp","href":"https:\/\/api.w.org\/{rel}","templated":true}]}}