{"id":4221,"date":"2024-08-26T08:28:53","date_gmt":"2024-08-26T07:28:53","guid":{"rendered":"https:\/\/sxpowercase.com\/?post_type=product&#038;p=4221"},"modified":"2024-08-26T08:28:54","modified_gmt":"2024-08-26T07:28:54","slug":"flight-case-corner-brace-cla802","status":"publish","type":"product","link":"https:\/\/sxflightcase.com\/hu\/termek\/repulotaska-sarokmerevito-cla802\/","title":{"rendered":"Flight Case sarokmerev\u00edt\u0151 CLA802"},"content":{"rendered":"<h3>SX Flight Case sarokmerev\u00edt\u0151: N\u00f6velje a tart\u00f3ss\u00e1got an\u00e9lk\u00fcl, hogy a bankot megt\u00f6rn\u00e9<\/h3>\n<h4>Kiemelked\u0151 v\u00e9delem az SX Flight Case sarokmerev\u00edt\u0151vel<\/h4>\n<p>\u00c9rt\u00e9kes felszerel\u00e9s\u00e9nek v\u00e9delm\u00e9hez elengedhetetlen a megb\u00edzhat\u00f3 tokhardver. Az SX cs\u00facsmin\u0151s\u00e9g\u0171 <span style=\"color: #3366ff;\"><a style=\"color: #3366ff;\" href=\"https:\/\/sxpowercase.com\/product\/flight-case-corner-brace-cla801\/\"><strong>Flight Case sarokmerev\u00edt\u0151<\/strong><\/a><\/span>\u00a0amelyek fokozott tart\u00f3ss\u00e1got \u00e9s v\u00e9delmet ny\u00fajtanak felszerel\u00e9se sz\u00e1m\u00e1ra. A profiknak \u00e9s a bark\u00e1csol\u00f3knak egyar\u00e1nt tervezett merev\u00edt\u0151k seg\u00edtenek meger\u0151s\u00edteni a tokok szerkezeti integrit\u00e1s\u00e1t, mik\u00f6zben a k\u00f6lts\u00e9geket alacsonyan tartj\u00e1k.<\/p>\n<h4>Neh\u00e9z teherb\u00edr\u00e1s\u00fa teljes\u00edtm\u00e9nyre tervezve<\/h4>\n<p>SX <strong>Flight Case sarokmerev\u00edt\u0151k<\/strong> robusztus f\u00e9manyagokb\u00f3l k\u00e9sz\u00fclnek, \u00edgy biztos\u00edtj\u00e1k, hogy ellen\u00e1lljanak a gyakori haszn\u00e1lat sor\u00e1n fell\u00e9p\u0151 kop\u00e1snak. Ezek a sarokmerev\u00edt\u0151k megv\u00e9dik a tokokat az \u00fct\u00e9sekt\u0151l, \u00edgy a sz\u00e1ll\u00edt\u00e1s sor\u00e1n biztons\u00e1gban tartj\u00e1k a felszerel\u00e9s\u00e9t. A min\u0151s\u00e9gbiztos\u00edt\u00e1sra \u00f6sszpontos\u00edtva, <a href=\"https:\/\/sxpowercase.com\/\" target=\"_blank\" rel=\"noopener\" title=\"SX\" data-wpil-monitor-id=\"699\">SX<\/a> olyan hossz\u00fa \u00e9lettartam\u00fa hardvermegold\u00e1sokat k\u00edn\u00e1l, amelyek b\u00e1rmilyen k\u00f6rnyezetben teljes\u00edtenek.<\/p>\n<h4>Gy\u00e1ri k\u00f6zvetlen \u00e1rk\u00e9pz\u00e9s a nagyobb megtakar\u00edt\u00e1sok\u00e9rt<\/h4>\n<p>Az SX-n\u00e9l hisz\u00fcnk abban, hogy magas min\u0151s\u00e9g\u0171 term\u00e9keket k\u00edn\u00e1lunk magas \u00e1rc\u00e9dula n\u00e9lk\u00fcl. Azzal, hogy k\u00f6zvetlen\u00fcl a gy\u00e1runkb\u00f3l szerezz\u00fck be a term\u00e9keket, alacsonyan tartjuk a k\u00f6lts\u00e9geket, \u00e9s a megtakar\u00edt\u00e1sokat tov\u00e1bbadjuk \u00d6nnek. A <strong>Flight Case sarokmerev\u00edt\u0151k<\/strong> megfizethet\u0151 megold\u00e1st ny\u00fajtanak azok sz\u00e1m\u00e1ra, akik tart\u00f3ss\u00e1got \u00e9s min\u0151s\u00e9get szeretn\u00e9nek, an\u00e9lk\u00fcl, hogy t\u00falk\u00f6ltekezn\u00e9nek. A gy\u00e1ri k\u00f6zvetlen \u00e1rk\u00e9pz\u00e9s biztos\u00edtja, hogy t\u00f6bb \u00e9rt\u00e9ket kapjon a p\u00e9nz\u00e9\u00e9rt.<\/p>\n<h4>Egyszer\u0171 telep\u00edt\u00e9s \u00e9s sokoldal\u00fa illeszked\u00e9s<\/h4>\n<p>A <strong>Flight Case sarokmerev\u00edt\u0151k<\/strong> az SX-t\u0151l gyors \u00e9s egyszer\u0171 telep\u00edt\u00e9sre tervezt\u00e9k, \u00edgy ide\u00e1lisak a k\u00fcl\u00f6nb\u00f6z\u0151 tokszerkezetekhez. Ak\u00e1r megl\u00e9v\u0151 tokok korszer\u0171s\u00edt\u00e9s\u00e9r\u0151l, ak\u00e1r \u00fajak \u00f6sszeszerel\u00e9s\u00e9r\u0151l van sz\u00f3, sarokmerev\u00edt\u0151ink z\u00f6kken\u0151mentesen illeszkednek, \u00e9s biztos\u00edtj\u00e1k a sz\u00fcks\u00e9ges stabilit\u00e1st. Hardver\u00fcnk sokoldal\u00fas\u00e1ga biztos\u00edtja a kompatibilit\u00e1st t\u00f6bbf\u00e9le konfigur\u00e1ci\u00f3val, a k\u00fcl\u00f6nb\u00f6z\u0151 projektk\u00f6vetelm\u00e9nyeknek megfelel\u0151en.<\/p>\n<h4>Az \u00d6n ig\u00e9nyeihez szabott testreszab\u00e1si lehet\u0151s\u00e9gek<\/h4>\n<p>Az SX-n\u00e9l a testreszab\u00e1s kulcsfontoss\u00e1g\u00fa. Sz\u00e1mos lehet\u0151s\u00e9get k\u00edn\u00e1lunk <strong>Flight Case sarokmerev\u00edt\u0151k<\/strong>, \u00edgy \u00d6n kiv\u00e1laszthatja az \u00fcgyeinek legink\u00e1bb megfelel\u0151 specifik\u00e1ci\u00f3kat. A k\u00fcl\u00f6nb\u00f6z\u0151 m\u00e9retekt\u0151l kezdve a kivitelekig \u00e9s anyagokig, term\u00e9keinket az \u00d6n pontos preferenci\u00e1ihoz igaz\u00edtjuk, mik\u00f6zben versenyk\u00e9pes \u00e1rakat tartunk fenn. Az egyedi megold\u00e1soknak nem kell dr\u00e1g\u00e1nak lenni\u00fck az SX seg\u00edts\u00e9g\u00e9vel.<\/p>\n<h4>SX: Az \u00d6n megb\u00edzhat\u00f3 partnere a tokhardverek ter\u00e9n<\/h4>\n<p>Az SX elk\u00f6telezett amellett, hogy megb\u00edzhat\u00f3 \u00e9s k\u00f6lts\u00e9ghat\u00e9kony hardvert sz\u00e1ll\u00edtson a rep\u00fcl\u00e9si esetekhez. A <strong>Flight Case sarokmerev\u00edt\u0151k<\/strong> a r\u00e9szletekre odafigyelve k\u00e9sz\u00fcltek, optim\u00e1lis v\u00e9delmet \u00e9s teljes\u00edtm\u00e9nyt biztos\u00edtva. Ha az SX-et v\u00e1lasztja, akkor egy olyan m\u00e1rk\u00e1t v\u00e1laszt, amely a min\u0151s\u00e9gbiztos\u00edt\u00e1sr\u00f3l, a megfizethet\u0151s\u00e9gr\u0151l \u00e9s a vev\u0151i el\u00e9gedetts\u00e9gr\u0151l ismert.<\/p>\n<h4>V\u00e9dje felszerel\u00e9s\u00e9t az SX Flight Case sarokmerev\u00edt\u0151kkel<\/h4>\n<p>Egy rep\u00fcl\u0151g\u00e9ph\u00e1z \u00e9p\u00edt\u00e9se vagy jav\u00edt\u00e1sa sor\u00e1n minden alkatr\u00e9sz l\u00e9tfontoss\u00e1g\u00fa szerepet j\u00e1tszik abban, hogy a berendez\u00e9s biztons\u00e1gban maradjon. Az SX <strong>Flight Case sarokmerev\u00edt\u0151k<\/strong> a sz\u00fcks\u00e9ges extra meger\u0151s\u00edt\u00e9s, hogy a tokjait kiv\u00e1l\u00f3 \u00e1llapotban tartsa. A megfizethet\u0151s\u00e9g, a min\u0151s\u00e9g \u00e9s a k\u00f6nny\u0171 haszn\u00e1lat kever\u00e9k\u00e9vel az SX t\u00f6k\u00e9letes megold\u00e1st k\u00edn\u00e1l mindazok sz\u00e1m\u00e1ra, akik tart\u00f3s \u00e9s megb\u00edzhat\u00f3 hardverrel szeretn\u00e9k b\u0151v\u00edteni a rep\u00fcl\u0151 tokjukat.<\/p>\n<p>Kapcsolatfelv\u00e9tel most:<span style=\"color: #0000ff;\"><a style=\"color: #0000ff;\" href=\"https:\/\/sxpowercase.com\/contact-us\/\">https:\/\/sxpowercase.com\/<\/a><\/span><\/p>\n<p>Hardver term\u00e9kkatal\u00f3gus\uff1a<span style=\"color: #3366ff;\"><a style=\"color: #3366ff;\" href=\"https:\/\/sxpowercase.com\/wp-content\/uploads\/2024\/07\/\u4e94\u91d1.pdf\">Hardver tartoz\u00e9kok katal\u00f3gusa<\/a><\/span><\/p>","protected":false},"excerpt":{"rendered":"<h3>SX Flight Case sarokmerev\u00edt\u0151: Meger\u0151s\u00edtett v\u00e9delem megfizethet\u0151 \u00e1ron<\/h3>\n<p>Az SX kiv\u00e1l\u00f3 min\u0151s\u00e9g\u0171 f\u00e9m sarokmerev\u00edt\u0151ket k\u00edn\u00e1l a gyakori sz\u00e1ll\u00edt\u00e1shoz sz\u00fcks\u00e9ges tokok meger\u0151s\u00edt\u00e9s\u00e9re. A gy\u00e1ri k\u00f6zvetlen \u00e9rt\u00e9kes\u00edt\u00e9s biztos\u00edtja a tart\u00f3s hardvereket k\u00f6lts\u00e9gvet\u00e9sbar\u00e1t \u00e1ron.<\/p>\n<h3>Tart\u00f3s \u00e9s k\u00f6nnyen szerelhet\u0151 SX sarokmerev\u00edt\u0151k<\/h3>\n<p>Az SX sarokmerev\u00edt\u0151k k\u00fcl\u00f6nb\u00f6z\u0151 tok-kialak\u00edt\u00e1sokhoz illeszkednek, k\u00f6nnyen felszerelhet\u0151k \u00e9s fokozott stabilit\u00e1st biztos\u00edtanak. Ak\u00e1r r\u00e9gi tokok korszer\u0171s\u00edt\u00e9s\u00e9r\u0151l, ak\u00e1r \u00fajak \u00e9p\u00edt\u00e9s\u00e9r\u0151l van sz\u00f3, az SX megb\u00edzhat\u00f3 v\u00e1laszt\u00e1s.<\/p>\n<h3>Testreszabhat\u00f3 megold\u00e1sok az \u00d6n egyedi ig\u00e9nyeinek megfelel\u0151en<\/h3>\n<p>Az SX m\u00e9ret \u00e9s anyag testreszab\u00e1si lehet\u0151s\u00e9geket k\u00edn\u00e1l, mik\u00f6zben fenntartja a gy\u00e1ri k\u00f6zvetlen \u00e1rk\u00e9pz\u00e9st, \u00edgy k\u00f6lts\u00e9ghat\u00e9kony, az \u00d6n egyedi ig\u00e9nyeihez igaz\u00edtott hardvereket biztos\u00edt.<\/p>","protected":false},"featured_media":4187,"comment_status":"open","ping_status":"closed","template":"","meta":[],"product_brand":[],"product_cat":[64],"product_tag":[],"class_list":{"0":"post-4221","1":"product","2":"type-product","3":"status-publish","4":"has-post-thumbnail","6":"product_cat-clamps","8":"first","9":"instock","10":"shipping-taxable","11":"product-type-simple"},"yoast_head":"<!-- This site is optimized with the Yoast SEO Premium plugin v27.1 (Yoast SEO v27.2) - https:\/\/yoast.com\/product\/yoast-seo-premium-wordpress\/ -->\n<title>Flight Case Corner Brace CLA802 - https:\/\/sxflightcase.com \ud83d\udc97<\/title>\n<meta name=\"description\" content=\"Flight case corner brace, factory direct! Durable, high-quality braces designed to reinforce and secure flight case corners. Ideal for ensuring stability and long-lasting protection during transport.\" \/>\n<meta name=\"robots\" content=\"index, follow, max-snippet:-1, max-image-preview:large, max-video-preview:-1\" \/>\n<link rel=\"canonical\" href=\"https:\/\/sxflightcase.com\/hu\/termek\/repulotaska-sarokmerevito-cla802\/\" \/>\n<meta property=\"og:locale\" content=\"hu_HU\" \/>\n<meta property=\"og:type\" content=\"article\" \/>\n<meta property=\"og:title\" content=\"Flight Case Corner Brace CLA802\" \/>\n<meta property=\"og:description\" content=\"Flight case corner brace, factory direct! Durable, high-quality braces designed to reinforce and secure flight case corners. Ideal for ensuring stability and long-lasting protection during transport.\" \/>\n<meta property=\"og:url\" content=\"https:\/\/sxflightcase.com\/hu\/termek\/repulotaska-sarokmerevito-cla802\/\" \/>\n<meta property=\"og:site_name\" content=\"https:\/\/sxflightcase.com\" \/>\n<meta property=\"article:publisher\" content=\"https:\/\/www.facebook.com\/profile.php?id=61560407257971\" \/>\n<meta property=\"article:modified_time\" content=\"2024-08-26T07:28:54+00:00\" \/>\n<meta property=\"og:image\" content=\"https:\/\/sxflightcase.com\/wp-content\/uploads\/2024\/08\/CLA802.jpg\" \/>\n\t<meta property=\"og:image:width\" content=\"700\" \/>\n\t<meta property=\"og:image:height\" content=\"700\" \/>\n\t<meta property=\"og:image:type\" content=\"image\/jpeg\" \/>\n<meta name=\"twitter:card\" content=\"summary_large_image\" \/>\n<meta name=\"twitter:label1\" content=\"Becs\u00fclt olvas\u00e1si id\u0151\" \/>\n\t<meta name=\"twitter:data1\" content=\"3 perc\" \/>\n<script type=\"application\/ld+json\" class=\"yoast-schema-graph\">{\"@context\":\"https:\/\/schema.org\",\"@graph\":[{\"@type\":\"WebPage\",\"@id\":\"https:\/\/sxflightcase.com\/product\/flight-case-corner-brace-cla802\/\",\"url\":\"https:\/\/sxflightcase.com\/product\/flight-case-corner-brace-cla802\/\",\"name\":\"Flight Case Corner Brace CLA802 - https:\/\/sxflightcase.com \ud83d\udc97\",\"isPartOf\":{\"@id\":\"https:\/\/sxflightcase.com\/th\/#website\"},\"primaryImageOfPage\":{\"@id\":\"https:\/\/sxflightcase.com\/product\/flight-case-corner-brace-cla802\/#primaryimage\"},\"image\":{\"@id\":\"https:\/\/sxflightcase.com\/product\/flight-case-corner-brace-cla802\/#primaryimage\"},\"thumbnailUrl\":\"https:\/\/sxflightcase.com\/wp-content\/uploads\/2024\/08\/CLA802.jpg\",\"datePublished\":\"2024-08-26T07:28:53+00:00\",\"dateModified\":\"2024-08-26T07:28:54+00:00\",\"description\":\"Flight case corner brace, factory direct! Durable, high-quality braces designed to reinforce and secure flight case corners. Ideal for ensuring stability and long-lasting protection during transport.\",\"breadcrumb\":{\"@id\":\"https:\/\/sxflightcase.com\/product\/flight-case-corner-brace-cla802\/#breadcrumb\"},\"inLanguage\":\"hu\",\"potentialAction\":[{\"@type\":\"ReadAction\",\"target\":[\"https:\/\/sxflightcase.com\/product\/flight-case-corner-brace-cla802\/\"]}]},{\"@type\":\"ImageObject\",\"inLanguage\":\"hu\",\"@id\":\"https:\/\/sxflightcase.com\/product\/flight-case-corner-brace-cla802\/#primaryimage\",\"url\":\"https:\/\/sxflightcase.com\/wp-content\/uploads\/2024\/08\/CLA802.jpg\",\"contentUrl\":\"https:\/\/sxflightcase.com\/wp-content\/uploads\/2024\/08\/CLA802.jpg\",\"width\":700,\"height\":700,\"caption\":\"Flight Case Corner Brace\"},{\"@type\":\"BreadcrumbList\",\"@id\":\"https:\/\/sxflightcase.com\/product\/flight-case-corner-brace-cla802\/#breadcrumb\",\"itemListElement\":[{\"@type\":\"ListItem\",\"position\":1,\"name\":\"Home\",\"item\":\"https:\/\/sxflightcase.com\/\"},{\"@type\":\"ListItem\",\"position\":2,\"name\":\"\u0e2a\u0e34\u0e19\u0e04\u0e49\u0e32\",\"item\":\"https:\/\/sxflightcase.com\/th\/shop\/\"},{\"@type\":\"ListItem\",\"position\":3,\"name\":\"Flight Case Corner Brace CLA802\"}]},{\"@type\":\"WebSite\",\"@id\":\"https:\/\/sxflightcase.com\/th\/#website\",\"url\":\"https:\/\/sxflightcase.com\/th\/\",\"name\":\"sxpowercase.com\",\"description\":\"Flight Case Factory\",\"publisher\":{\"@id\":\"https:\/\/sxflightcase.com\/th\/#organization\"},\"potentialAction\":[{\"@type\":\"SearchAction\",\"target\":{\"@type\":\"EntryPoint\",\"urlTemplate\":\"https:\/\/sxflightcase.com\/th\/?s={search_term_string}\"},\"query-input\":{\"@type\":\"PropertyValueSpecification\",\"valueRequired\":true,\"valueName\":\"search_term_string\"}}],\"inLanguage\":\"hu\"},{\"@type\":\"Organization\",\"@id\":\"https:\/\/sxflightcase.com\/th\/#organization\",\"name\":\"sxpowercase.com\",\"url\":\"https:\/\/sxflightcase.com\/th\/\",\"logo\":{\"@type\":\"ImageObject\",\"inLanguage\":\"hu\",\"@id\":\"https:\/\/sxflightcase.com\/th\/#\/schema\/logo\/image\/\",\"url\":\"https:\/\/sxflightcase.com\/wp-content\/uploads\/2024\/04\/1713919036007.jpg\",\"contentUrl\":\"https:\/\/sxflightcase.com\/wp-content\/uploads\/2024\/04\/1713919036007.jpg\",\"width\":382,\"height\":388,\"caption\":\"sxpowercase.com\"},\"image\":{\"@id\":\"https:\/\/sxflightcase.com\/th\/#\/schema\/logo\/image\/\"},\"sameAs\":[\"https:\/\/www.facebook.com\/profile.php?id=61560407257971\"],\"numberOfEmployees\":{\"@type\":\"QuantitativeValue\",\"minValue\":\"11\",\"maxValue\":\"50\"}}]}<\/script>\n<!-- \/ Yoast SEO Premium plugin. -->","yoast_head_json":{"title":"Flight Case Corner Brace CLA802 - https:\/\/sxflightcase.com \ud83d\udc97","description":"Flightcase sarokmerev\u00edt\u0151, gy\u00e1ri direkt! Tart\u00f3s, kiv\u00e1l\u00f3 min\u0151s\u00e9g\u0171 merev\u00edt\u0151k, amelyeket a rep\u00fcl\u0151t\u00e1ska sarkainak meger\u0151s\u00edt\u00e9s\u00e9re \u00e9s r\u00f6gz\u00edt\u00e9s\u00e9re terveztek. Ide\u00e1lis a stabilit\u00e1s \u00e9s a tart\u00f3s v\u00e9delem biztos\u00edt\u00e1s\u00e1hoz sz\u00e1ll\u00edt\u00e1s k\u00f6zben.","robots":{"index":"index","follow":"follow","max-snippet":"max-snippet:-1","max-image-preview":"max-image-preview:large","max-video-preview":"max-video-preview:-1"},"canonical":"https:\/\/sxflightcase.com\/hu\/termek\/repulotaska-sarokmerevito-cla802\/","og_locale":"hu_HU","og_type":"article","og_title":"Flight Case Corner Brace CLA802","og_description":"Flight case corner brace, factory direct! Durable, high-quality braces designed to reinforce and secure flight case corners. Ideal for ensuring stability and long-lasting protection during transport.","og_url":"https:\/\/sxflightcase.com\/hu\/termek\/repulotaska-sarokmerevito-cla802\/","og_site_name":"https:\/\/sxflightcase.com","article_publisher":"https:\/\/www.facebook.com\/profile.php?id=61560407257971","article_modified_time":"2024-08-26T07:28:54+00:00","og_image":[{"width":700,"height":700,"url":"https:\/\/sxflightcase.com\/wp-content\/uploads\/2024\/08\/CLA802.jpg","type":"image\/jpeg"}],"twitter_card":"summary_large_image","twitter_misc":{"Becs\u00fclt olvas\u00e1si id\u0151":"3 perc"},"schema":{"@context":"https:\/\/schema.org","@graph":[{"@type":"WebPage","@id":"https:\/\/sxflightcase.com\/product\/flight-case-corner-brace-cla802\/","url":"https:\/\/sxflightcase.com\/product\/flight-case-corner-brace-cla802\/","name":"Flight Case Corner Brace CLA802 - https:\/\/sxflightcase.com \ud83d\udc97","isPartOf":{"@id":"https:\/\/sxflightcase.com\/th\/#website"},"primaryImageOfPage":{"@id":"https:\/\/sxflightcase.com\/product\/flight-case-corner-brace-cla802\/#primaryimage"},"image":{"@id":"https:\/\/sxflightcase.com\/product\/flight-case-corner-brace-cla802\/#primaryimage"},"thumbnailUrl":"https:\/\/sxflightcase.com\/wp-content\/uploads\/2024\/08\/CLA802.jpg","datePublished":"2024-08-26T07:28:53+00:00","dateModified":"2024-08-26T07:28:54+00:00","description":"Flightcase sarokmerev\u00edt\u0151, gy\u00e1ri direkt! Tart\u00f3s, kiv\u00e1l\u00f3 min\u0151s\u00e9g\u0171 merev\u00edt\u0151k, amelyeket a rep\u00fcl\u0151t\u00e1ska sarkainak meger\u0151s\u00edt\u00e9s\u00e9re \u00e9s r\u00f6gz\u00edt\u00e9s\u00e9re terveztek. Ide\u00e1lis a stabilit\u00e1s \u00e9s a tart\u00f3s v\u00e9delem biztos\u00edt\u00e1s\u00e1hoz sz\u00e1ll\u00edt\u00e1s k\u00f6zben.","breadcrumb":{"@id":"https:\/\/sxflightcase.com\/product\/flight-case-corner-brace-cla802\/#breadcrumb"},"inLanguage":"hu","potentialAction":[{"@type":"ReadAction","target":["https:\/\/sxflightcase.com\/product\/flight-case-corner-brace-cla802\/"]}]},{"@type":"ImageObject","inLanguage":"hu","@id":"https:\/\/sxflightcase.com\/product\/flight-case-corner-brace-cla802\/#primaryimage","url":"https:\/\/sxflightcase.com\/wp-content\/uploads\/2024\/08\/CLA802.jpg","contentUrl":"https:\/\/sxflightcase.com\/wp-content\/uploads\/2024\/08\/CLA802.jpg","width":700,"height":700,"caption":"Flight Case Corner Brace"},{"@type":"BreadcrumbList","@id":"https:\/\/sxflightcase.com\/product\/flight-case-corner-brace-cla802\/#breadcrumb","itemListElement":[{"@type":"ListItem","position":1,"name":"Home","item":"https:\/\/sxflightcase.com\/"},{"@type":"ListItem","position":2,"name":"\u0e2a\u0e34\u0e19\u0e04\u0e49\u0e32","item":"https:\/\/sxflightcase.com\/th\/shop\/"},{"@type":"ListItem","position":3,"name":"Flight Case Corner Brace CLA802"}]},{"@type":"WebSite","@id":"https:\/\/sxflightcase.com\/th\/#website","url":"https:\/\/sxflightcase.com\/th\/","name":"sxpowercase.com","description":"Flight Case Factory","publisher":{"@id":"https:\/\/sxflightcase.com\/th\/#organization"},"potentialAction":[{"@type":"SearchAction","target":{"@type":"EntryPoint","urlTemplate":"https:\/\/sxflightcase.com\/th\/?s={search_term_string}"},"query-input":{"@type":"PropertyValueSpecification","valueRequired":true,"valueName":"search_term_string"}}],"inLanguage":"hu"},{"@type":"Organization","@id":"https:\/\/sxflightcase.com\/th\/#organization","name":"sxpowercase.com","url":"https:\/\/sxflightcase.com\/th\/","logo":{"@type":"ImageObject","inLanguage":"hu","@id":"https:\/\/sxflightcase.com\/th\/#\/schema\/logo\/image\/","url":"https:\/\/sxflightcase.com\/wp-content\/uploads\/2024\/04\/1713919036007.jpg","contentUrl":"https:\/\/sxflightcase.com\/wp-content\/uploads\/2024\/04\/1713919036007.jpg","width":382,"height":388,"caption":"sxpowercase.com"},"image":{"@id":"https:\/\/sxflightcase.com\/th\/#\/schema\/logo\/image\/"},"sameAs":["https:\/\/www.facebook.com\/profile.php?id=61560407257971"],"numberOfEmployees":{"@type":"QuantitativeValue","minValue":"11","maxValue":"50"}}]}},"_links":{"self":[{"href":"https:\/\/sxflightcase.com\/hu\/wp-json\/wp\/v2\/product\/4221","targetHints":{"allow":["GET"]}}],"collection":[{"href":"https:\/\/sxflightcase.com\/hu\/wp-json\/wp\/v2\/product"}],"about":[{"href":"https:\/\/sxflightcase.com\/hu\/wp-json\/wp\/v2\/types\/product"}],"replies":[{"embeddable":true,"href":"https:\/\/sxflightcase.com\/hu\/wp-json\/wp\/v2\/comments?post=4221"}],"version-history":[{"count":0,"href":"https:\/\/sxflightcase.com\/hu\/wp-json\/wp\/v2\/product\/4221\/revisions"}],"wp:featuredmedia":[{"embeddable":true,"href":"https:\/\/sxflightcase.com\/hu\/wp-json\/wp\/v2\/media\/4187"}],"wp:attachment":[{"href":"https:\/\/sxflightcase.com\/hu\/wp-json\/wp\/v2\/media?parent=4221"}],"wp:term":[{"taxonomy":"product_brand","embeddable":true,"href":"https:\/\/sxflightcase.com\/hu\/wp-json\/wp\/v2\/product_brand?post=4221"},{"taxonomy":"product_cat","embeddable":true,"href":"https:\/\/sxflightcase.com\/hu\/wp-json\/wp\/v2\/product_cat?post=4221"},{"taxonomy":"product_tag","embeddable":true,"href":"https:\/\/sxflightcase.com\/hu\/wp-json\/wp\/v2\/product_tag?post=4221"}],"curies":[{"name":"wp","href":"https:\/\/api.w.org\/{rel}","templated":true}]}}