{"id":4225,"date":"2024-08-27T03:50:31","date_gmt":"2024-08-27T02:50:31","guid":{"rendered":"https:\/\/sxpowercase.com\/?post_type=product&#038;p=4225"},"modified":"2024-08-27T03:50:32","modified_gmt":"2024-08-27T02:50:32","slug":"road-case-corner-brace-cla804","status":"publish","type":"product","link":"https:\/\/sxflightcase.com\/hu\/termek\/kozuti-tok-sarokmerevito-cla804\/","title":{"rendered":"K\u00f6z\u00fati tok sarokmerev\u00edt\u0151 CLA804"},"content":{"rendered":"<h3>Tart\u00f3s k\u00f6z\u00fati tok sarokmerev\u00edt\u0151 az SX-t\u0151l<\/h3>\n<p>Amikor a berendez\u00e9seinek sz\u00e1ll\u00edt\u00e1s k\u00f6zbeni v\u00e9delm\u00e9r\u0151l van sz\u00f3, minden r\u00e9szlet sz\u00e1m\u00edt. Az SX <span style=\"color: #3366ff;\"><a style=\"color: #3366ff;\" href=\"https:\/\/sxpowercase.com\/product\/road-case-corner-brace-cla803\/\"><strong>Road Case sarokmerev\u00edt\u0151<\/strong><\/a><\/span>\u00a0\u00fagy tervezt\u00e9k, hogy fokozott v\u00e9delmet \u00e9s stabilit\u00e1st biztos\u00edtsanak a tokok sz\u00e1m\u00e1ra. Ezeket a merev\u00edt\u0151ket \u00fagy alak\u00edtott\u00e1k ki, hogy ellen\u00e1lljanak az \u00e1lland\u00f3 mozg\u00e1snak, \u00edgy biztos\u00edtva, hogy felszerel\u00e9sei m\u00e9g neh\u00e9z k\u00f6r\u00fclm\u00e9nyek k\u00f6z\u00f6tt is biztons\u00e1gban maradjanak. A <a href=\"https:\/\/sxpowercase.com\/\" target=\"_blank\" rel=\"noopener\" title=\"SX\" data-wpil-monitor-id=\"701\">SX<\/a>, pr\u00e9mium min\u0151s\u00e9gre sz\u00e1m\u00edthat gy\u00e1ri \u00e1ron, \u00edgy term\u00e9keink egyszerre megb\u00edzhat\u00f3ak \u00e9s megfizethet\u0151ek.<\/p>\n<h3>Nagy teherb\u00edr\u00e1s\u00fa konstrukci\u00f3 a maxim\u00e1lis tart\u00f3ss\u00e1g\u00e9rt<\/h3>\n<p>A <strong>Road Case sarokmerev\u00edt\u0151k<\/strong> kiv\u00e1l\u00f3 min\u0151s\u00e9g\u0171 f\u00e9mb\u0151l k\u00e9sz\u00fclnek, biztos\u00edtva az ig\u00e9nyes haszn\u00e1lathoz sz\u00fcks\u00e9ges robusztus meger\u0151s\u00edt\u00e9st. A massz\u00edv szerkezet seg\u00edt megel\u0151zni az \u00fct\u00e9sek, karcol\u00e1sok \u00e9s az \u00e1ltal\u00e1nos kop\u00e1s okozta s\u00e9r\u00fcl\u00e9seket, meghosszabb\u00edtva ezzel a tokok \u00e9lettartam\u00e1t. Az SX-n\u00e9l nem csak tart\u00f3s term\u00e9keket kap, hanem a gy\u00e1ri k\u00f6zvetlen beszerz\u00e9si modell\u00fcnknek k\u00f6sz\u00f6nhet\u0151en \u00e9sszer\u0171 \u00e1ron is.<\/p>\n<h3>K\u00f6lts\u00e9ghat\u00e9kony megold\u00e1sok min\u0151s\u00e9gbiztos\u00edt\u00e1ssal<\/h3>\n<p>Az SX-n\u00e9l hisz\u00fcnk abban, hogy magas min\u0151s\u00e9g\u0171 term\u00e9keket k\u00edn\u00e1lunk magas \u00e1rc\u00e9dula n\u00e9lk\u00fcl. Gy\u00e1ri k\u00f6zvetlen megk\u00f6zel\u00edt\u00e9s\u00fcnk kik\u00fcsz\u00f6b\u00f6li a k\u00f6zvet\u00edt\u0151ket, lehet\u0151v\u00e9 t\u00e9ve sz\u00e1munkra, hogy a k\u00f6vetkez\u0151ket k\u00edn\u00e1ljuk <strong>Road Case sarokmerev\u00edt\u0151<\/strong>\u00a0kiv\u00e9telesen alacsony \u00e1ron, a min\u0151s\u00e9g fel\u00e1ldoz\u00e1sa n\u00e9lk\u00fcl. Ez biztos\u00edtja, hogy az \u00d6n tokjai cs\u00facsmin\u0151s\u00e9g\u0171 v\u00e9delmet kapnak an\u00e9lk\u00fcl, hogy a k\u00f6lts\u00e9gvet\u00e9s\u00e9t megrong\u00e1ln\u00e1, \u00edgy az SX k\u00f6lts\u00e9ghat\u00e9kony v\u00e1laszt\u00e1s b\u00e1rmilyen projekthez.<\/p>\n<h3>Sokoldal\u00fa \u00e9s k\u00f6nnyen telep\u00edthet\u0151<\/h3>\n<p>SX <strong>Road Case sarokmerev\u00edt\u0151k<\/strong> \u00fagy tervezt\u00e9k, hogy k\u00f6nnyen integr\u00e1lhat\u00f3k legyenek a k\u00fcl\u00f6nb\u00f6z\u0151 tokszerkezetekbe. Ak\u00e1r \u00faj tokot \u00e9p\u00edt, ak\u00e1r egy megl\u00e9v\u0151t er\u0151s\u00edt meg, merev\u00edt\u0151inket egyszer\u0171 felszerelni, \u00edgy id\u0151t \u00e9s energi\u00e1t takar\u00edthat meg. Term\u00e9keink rugalmass\u00e1ga miatt sz\u00e1mos alkalmaz\u00e1shoz alkalmasak, a professzion\u00e1lis min\u0151s\u00e9g\u0171 tokokt\u00f3l az egyedi bark\u00e1csprojektekig.<\/p>\n<h3>Testreszabhat\u00f3 lehet\u0151s\u00e9gek az \u00d6n ig\u00e9nyeihez<\/h3>\n<p>Meg\u00e9rtj\u00fck, hogy a k\u00fcl\u00f6nb\u00f6z\u0151 projektek k\u00fcl\u00f6nb\u00f6z\u0151 megold\u00e1sokat ig\u00e9nyelnek. Ez\u00e9rt k\u00edn\u00e1l az SX testreszabhat\u00f3 lehet\u0151s\u00e9geket a k\u00f6vetkez\u0151 megold\u00e1sokhoz <strong>Road Case sarokmerev\u00edt\u0151k<\/strong>, \u00edgy \u00d6n kiv\u00e1laszthatja az \u00d6n egyedi ig\u00e9nyeinek megfelel\u0151 m\u00e9retet, kivitelez\u00e9st \u00e9s kialak\u00edt\u00e1st. V\u00e1laszt\u00e9kunk biztos\u00edtja, hogy pontosan azt tal\u00e1lja meg, amire sz\u00fcks\u00e9ge van, mindezt a min\u0151s\u00e9g \u00e9s a megfizethet\u0151s\u00e9g fenntart\u00e1sa mellett, amelyr\u0151l az SX ismert.<\/p>\n<h3>Ipari szakemberek bizalma<\/h3>\n<p>A szakemberek vil\u00e1gszerte az SX-ben b\u00edznak az \u00fatit\u00e1sk\u00e1k hardverig\u00e9nyei tekintet\u00e9ben. A <strong>Road Case sarokmerev\u00edt\u0151k<\/strong> \u00fagy tervezt\u00e9k, hogy hossz\u00fa t\u00e1v\u00fa megb\u00edzhat\u00f3s\u00e1got biztos\u00edtsanak, \u00edgy azok sz\u00e1m\u00e1ra, akiknek megb\u00edzhat\u00f3 hardverre van sz\u00fcks\u00e9g\u00fck, a legjobb v\u00e1laszt\u00e1snak bizonyulnak. Ak\u00e1r k\u00e9nyes hangszereket, audiovizu\u00e1lis berendez\u00e9seket vagy m\u00e1s \u00e9rt\u00e9kes felszerel\u00e9seket v\u00e9d, az SX biztos\u00edtja, hogy a tokok k\u00e9szen \u00e1lljanak az \u00fatra.<\/p>\n<h3>V\u00e1lassza az SX-et a verhetetlen v\u00e9delem\u00e9rt<\/h3>\n<p>Ha a befektet\u00e9se v\u00e9delm\u00e9r\u0151l van sz\u00f3, b\u00edzzon az SX's <strong>Road Case sarokmerev\u00edt\u0151k<\/strong>. A kiv\u00e1l\u00f3 min\u0151s\u00e9g\u0171 term\u00e9kek gy\u00e1ri \u00e1ron t\u00f6rt\u00e9n\u0151 sz\u00e1ll\u00edt\u00e1s\u00e1ra \u00f6sszpontos\u00edtva biztos\u00edtjuk a tart\u00f3ss\u00e1g \u00e9s a megfizethet\u0151s\u00e9g megfelel\u0151 egyens\u00faly\u00e1t. Biztos\u00edtsa berendez\u00e9seit bizalommal, \u00e9s hagyja, hogy az SX legyen az \u00d6n partnere a megb\u00edzhat\u00f3 k\u00f6z\u00fati tokhardverek ter\u00e9n.<\/p>\n<p>beruh\u00e1z\u00e1s, ha az SX-et v\u00e1lasztja a k\u00f6vetkez\u0151 projektj\u00e9hez.<\/p>\n<p>Kapcsolatfelv\u00e9tel most:<span style=\"color: #0000ff;\"><a style=\"color: #0000ff;\" href=\"https:\/\/sxpowercase.com\/contact-us\/\">https:\/\/sxpowercase.com\/<\/a><\/span><\/p>\n<p>Hardver term\u00e9kkatal\u00f3gus\uff1a<span style=\"color: #3366ff;\"><a style=\"color: #3366ff;\" href=\"https:\/\/sxpowercase.com\/wp-content\/uploads\/2024\/07\/\u4e94\u91d1.pdf\">Hardver tartoz\u00e9kok katal\u00f3gusa<\/a><\/span><\/p>","protected":false},"excerpt":{"rendered":"<h3>SX Road Case Corner Brace: Tart\u00f3s \u00e9s megfizethet\u0151 v\u00e9delem<\/h3>\n<p>Az SX nagy teherb\u00edr\u00e1s\u00fa sarokmerev\u00edt\u0151ket k\u00edn\u00e1l, amelyek megb\u00edzhat\u00f3 stabilit\u00e1st biztos\u00edtanak a k\u00f6z\u00fati esetekhez. A kem\u00e9ny f\u00e9mb\u0151l k\u00e9sz\u00fclt merev\u00edt\u0151k hossz\u00fa \u00e9lettartamot biztos\u00edtanak gy\u00e1ri \u00e1ron.<\/p>\n<h3>Er\u0151s\u00edtse meg tokjait az SX sarokmerev\u00edt\u0151kkel<\/h3>\n<p>Az SX sarokmerev\u00edt\u0151ket \u00fagy tervezt\u00e9k, hogy k\u00f6nnyen felszerelhet\u0151ek legyenek, \u00e9s ide\u00e1lisak mind a szakemberek, mind a bark\u00e1csol\u00f3k sz\u00e1m\u00e1ra. Extra v\u00e9delmet \u00e9s szil\u00e1rds\u00e1got adnak az \u00fatburkolatoknak, v\u00e9delmet ny\u00fajtanak a kop\u00e1s ellen.<\/p>\n<h3>Testreszabhat\u00f3 \u00e9s k\u00f6lts\u00e9ghat\u00e9kony hardver az SX-t\u0151l<\/h3>\n<p>Az SX testreszabhat\u00f3 lehet\u0151s\u00e9geket k\u00edn\u00e1l az \u00fatburkolati sarokmerev\u00edt\u0151kh\u00f6z, amelyek a megfizethet\u0151s\u00e9g fenntart\u00e1sa mellett megfelelnek az egyedi projektig\u00e9nyeknek. A szakemberek \u00e1ltal megb\u00edzhat\u00f3 SX minden term\u00e9k\u00e9ben egyes\u00edti a min\u0151s\u00e9get \u00e9s az \u00e9rt\u00e9ket.<\/p>","protected":false},"featured_media":4189,"comment_status":"open","ping_status":"closed","template":"","meta":[],"product_brand":[],"product_cat":[64],"product_tag":[],"class_list":{"0":"post-4225","1":"product","2":"type-product","3":"status-publish","4":"has-post-thumbnail","6":"product_cat-clamps","8":"first","9":"instock","10":"shipping-taxable","11":"product-type-simple"},"yoast_head":"<!-- This site is optimized with the Yoast SEO Premium plugin v27.1 (Yoast SEO v27.2) - https:\/\/yoast.com\/product\/yoast-seo-premium-wordpress\/ -->\n<title>Road Case Corner Brace CLA804 - https:\/\/sxflightcase.com \ud83d\udc97<\/title>\n<meta name=\"description\" content=\"Road case corner brace, factory direct! High-quality, durable braces designed to reinforce and secure road case corners. Ideal for added stability and protection during heavy-duty transport.\" \/>\n<meta name=\"robots\" content=\"index, follow, max-snippet:-1, max-image-preview:large, max-video-preview:-1\" \/>\n<link rel=\"canonical\" href=\"https:\/\/sxflightcase.com\/hu\/termek\/kozuti-tok-sarokmerevito-cla804\/\" \/>\n<meta property=\"og:locale\" content=\"hu_HU\" \/>\n<meta property=\"og:type\" content=\"article\" \/>\n<meta property=\"og:title\" content=\"Road Case Corner Brace CLA804\" \/>\n<meta property=\"og:description\" content=\"Road case corner brace, factory direct! High-quality, durable braces designed to reinforce and secure road case corners. Ideal for added stability and protection during heavy-duty transport.\" \/>\n<meta property=\"og:url\" content=\"https:\/\/sxflightcase.com\/hu\/termek\/kozuti-tok-sarokmerevito-cla804\/\" \/>\n<meta property=\"og:site_name\" content=\"https:\/\/sxflightcase.com\" \/>\n<meta property=\"article:publisher\" content=\"https:\/\/www.facebook.com\/profile.php?id=61560407257971\" \/>\n<meta property=\"article:modified_time\" content=\"2024-08-27T02:50:32+00:00\" \/>\n<meta property=\"og:image\" content=\"https:\/\/sxflightcase.com\/wp-content\/uploads\/2024\/08\/CLA804.jpg\" \/>\n\t<meta property=\"og:image:width\" content=\"700\" \/>\n\t<meta property=\"og:image:height\" content=\"700\" \/>\n\t<meta property=\"og:image:type\" content=\"image\/jpeg\" \/>\n<meta name=\"twitter:card\" content=\"summary_large_image\" \/>\n<meta name=\"twitter:label1\" content=\"Becs\u00fclt olvas\u00e1si id\u0151\" \/>\n\t<meta name=\"twitter:data1\" content=\"3 perc\" \/>\n<script type=\"application\/ld+json\" class=\"yoast-schema-graph\">{\"@context\":\"https:\/\/schema.org\",\"@graph\":[{\"@type\":\"WebPage\",\"@id\":\"https:\/\/sxflightcase.com\/product\/road-case-corner-brace-cla804\/\",\"url\":\"https:\/\/sxflightcase.com\/product\/road-case-corner-brace-cla804\/\",\"name\":\"Road Case Corner Brace CLA804 - https:\/\/sxflightcase.com \ud83d\udc97\",\"isPartOf\":{\"@id\":\"https:\/\/sxflightcase.com\/th\/#website\"},\"primaryImageOfPage\":{\"@id\":\"https:\/\/sxflightcase.com\/product\/road-case-corner-brace-cla804\/#primaryimage\"},\"image\":{\"@id\":\"https:\/\/sxflightcase.com\/product\/road-case-corner-brace-cla804\/#primaryimage\"},\"thumbnailUrl\":\"https:\/\/sxflightcase.com\/wp-content\/uploads\/2024\/08\/CLA804.jpg\",\"datePublished\":\"2024-08-27T02:50:31+00:00\",\"dateModified\":\"2024-08-27T02:50:32+00:00\",\"description\":\"Road case corner brace, factory direct! High-quality, durable braces designed to reinforce and secure road case corners. Ideal for added stability and protection during heavy-duty transport.\",\"breadcrumb\":{\"@id\":\"https:\/\/sxflightcase.com\/product\/road-case-corner-brace-cla804\/#breadcrumb\"},\"inLanguage\":\"hu\",\"potentialAction\":[{\"@type\":\"ReadAction\",\"target\":[\"https:\/\/sxflightcase.com\/product\/road-case-corner-brace-cla804\/\"]}]},{\"@type\":\"ImageObject\",\"inLanguage\":\"hu\",\"@id\":\"https:\/\/sxflightcase.com\/product\/road-case-corner-brace-cla804\/#primaryimage\",\"url\":\"https:\/\/sxflightcase.com\/wp-content\/uploads\/2024\/08\/CLA804.jpg\",\"contentUrl\":\"https:\/\/sxflightcase.com\/wp-content\/uploads\/2024\/08\/CLA804.jpg\",\"width\":700,\"height\":700,\"caption\":\"Road Case Corner Brace\"},{\"@type\":\"BreadcrumbList\",\"@id\":\"https:\/\/sxflightcase.com\/product\/road-case-corner-brace-cla804\/#breadcrumb\",\"itemListElement\":[{\"@type\":\"ListItem\",\"position\":1,\"name\":\"Home\",\"item\":\"https:\/\/sxflightcase.com\/\"},{\"@type\":\"ListItem\",\"position\":2,\"name\":\"\u0e2a\u0e34\u0e19\u0e04\u0e49\u0e32\",\"item\":\"https:\/\/sxflightcase.com\/th\/shop\/\"},{\"@type\":\"ListItem\",\"position\":3,\"name\":\"Road Case Corner Brace CLA804\"}]},{\"@type\":\"WebSite\",\"@id\":\"https:\/\/sxflightcase.com\/th\/#website\",\"url\":\"https:\/\/sxflightcase.com\/th\/\",\"name\":\"sxpowercase.com\",\"description\":\"Flight Case Factory\",\"publisher\":{\"@id\":\"https:\/\/sxflightcase.com\/th\/#organization\"},\"potentialAction\":[{\"@type\":\"SearchAction\",\"target\":{\"@type\":\"EntryPoint\",\"urlTemplate\":\"https:\/\/sxflightcase.com\/th\/?s={search_term_string}\"},\"query-input\":{\"@type\":\"PropertyValueSpecification\",\"valueRequired\":true,\"valueName\":\"search_term_string\"}}],\"inLanguage\":\"hu\"},{\"@type\":\"Organization\",\"@id\":\"https:\/\/sxflightcase.com\/th\/#organization\",\"name\":\"sxpowercase.com\",\"url\":\"https:\/\/sxflightcase.com\/th\/\",\"logo\":{\"@type\":\"ImageObject\",\"inLanguage\":\"hu\",\"@id\":\"https:\/\/sxflightcase.com\/th\/#\/schema\/logo\/image\/\",\"url\":\"https:\/\/sxflightcase.com\/wp-content\/uploads\/2024\/04\/1713919036007.jpg\",\"contentUrl\":\"https:\/\/sxflightcase.com\/wp-content\/uploads\/2024\/04\/1713919036007.jpg\",\"width\":382,\"height\":388,\"caption\":\"sxpowercase.com\"},\"image\":{\"@id\":\"https:\/\/sxflightcase.com\/th\/#\/schema\/logo\/image\/\"},\"sameAs\":[\"https:\/\/www.facebook.com\/profile.php?id=61560407257971\"],\"numberOfEmployees\":{\"@type\":\"QuantitativeValue\",\"minValue\":\"11\",\"maxValue\":\"50\"}}]}<\/script>\n<!-- \/ Yoast SEO Premium plugin. -->","yoast_head_json":{"title":"Road Case Corner Brace CLA804 - https:\/\/sxflightcase.com \ud83d\udc97","description":"K\u00f6z\u00fati tok sarokmerev\u00edt\u0151, gy\u00e1ri direkt! Kiv\u00e1l\u00f3 min\u0151s\u00e9g\u0171, tart\u00f3s merev\u00edt\u0151k, amelyeket a k\u00f6z\u00fati tok sarkok meger\u0151s\u00edt\u00e9s\u00e9re \u00e9s r\u00f6gz\u00edt\u00e9s\u00e9re terveztek. Ide\u00e1lis kieg\u00e9sz\u00edt\u0151 stabilit\u00e1shoz \u00e9s v\u00e9delemhez a nagy ig\u00e9nybev\u00e9tel\u0171 sz\u00e1ll\u00edt\u00e1s sor\u00e1n.","robots":{"index":"index","follow":"follow","max-snippet":"max-snippet:-1","max-image-preview":"max-image-preview:large","max-video-preview":"max-video-preview:-1"},"canonical":"https:\/\/sxflightcase.com\/hu\/termek\/kozuti-tok-sarokmerevito-cla804\/","og_locale":"hu_HU","og_type":"article","og_title":"Road Case Corner Brace CLA804","og_description":"Road case corner brace, factory direct! High-quality, durable braces designed to reinforce and secure road case corners. Ideal for added stability and protection during heavy-duty transport.","og_url":"https:\/\/sxflightcase.com\/hu\/termek\/kozuti-tok-sarokmerevito-cla804\/","og_site_name":"https:\/\/sxflightcase.com","article_publisher":"https:\/\/www.facebook.com\/profile.php?id=61560407257971","article_modified_time":"2024-08-27T02:50:32+00:00","og_image":[{"width":700,"height":700,"url":"https:\/\/sxflightcase.com\/wp-content\/uploads\/2024\/08\/CLA804.jpg","type":"image\/jpeg"}],"twitter_card":"summary_large_image","twitter_misc":{"Becs\u00fclt olvas\u00e1si id\u0151":"3 perc"},"schema":{"@context":"https:\/\/schema.org","@graph":[{"@type":"WebPage","@id":"https:\/\/sxflightcase.com\/product\/road-case-corner-brace-cla804\/","url":"https:\/\/sxflightcase.com\/product\/road-case-corner-brace-cla804\/","name":"Road Case Corner Brace CLA804 - https:\/\/sxflightcase.com \ud83d\udc97","isPartOf":{"@id":"https:\/\/sxflightcase.com\/th\/#website"},"primaryImageOfPage":{"@id":"https:\/\/sxflightcase.com\/product\/road-case-corner-brace-cla804\/#primaryimage"},"image":{"@id":"https:\/\/sxflightcase.com\/product\/road-case-corner-brace-cla804\/#primaryimage"},"thumbnailUrl":"https:\/\/sxflightcase.com\/wp-content\/uploads\/2024\/08\/CLA804.jpg","datePublished":"2024-08-27T02:50:31+00:00","dateModified":"2024-08-27T02:50:32+00:00","description":"K\u00f6z\u00fati tok sarokmerev\u00edt\u0151, gy\u00e1ri direkt! Kiv\u00e1l\u00f3 min\u0151s\u00e9g\u0171, tart\u00f3s merev\u00edt\u0151k, amelyeket a k\u00f6z\u00fati tok sarkok meger\u0151s\u00edt\u00e9s\u00e9re \u00e9s r\u00f6gz\u00edt\u00e9s\u00e9re terveztek. Ide\u00e1lis kieg\u00e9sz\u00edt\u0151 stabilit\u00e1shoz \u00e9s v\u00e9delemhez a nagy ig\u00e9nybev\u00e9tel\u0171 sz\u00e1ll\u00edt\u00e1s sor\u00e1n.","breadcrumb":{"@id":"https:\/\/sxflightcase.com\/product\/road-case-corner-brace-cla804\/#breadcrumb"},"inLanguage":"hu","potentialAction":[{"@type":"ReadAction","target":["https:\/\/sxflightcase.com\/product\/road-case-corner-brace-cla804\/"]}]},{"@type":"ImageObject","inLanguage":"hu","@id":"https:\/\/sxflightcase.com\/product\/road-case-corner-brace-cla804\/#primaryimage","url":"https:\/\/sxflightcase.com\/wp-content\/uploads\/2024\/08\/CLA804.jpg","contentUrl":"https:\/\/sxflightcase.com\/wp-content\/uploads\/2024\/08\/CLA804.jpg","width":700,"height":700,"caption":"Road Case Corner Brace"},{"@type":"BreadcrumbList","@id":"https:\/\/sxflightcase.com\/product\/road-case-corner-brace-cla804\/#breadcrumb","itemListElement":[{"@type":"ListItem","position":1,"name":"Home","item":"https:\/\/sxflightcase.com\/"},{"@type":"ListItem","position":2,"name":"\u0e2a\u0e34\u0e19\u0e04\u0e49\u0e32","item":"https:\/\/sxflightcase.com\/th\/shop\/"},{"@type":"ListItem","position":3,"name":"Road Case Corner Brace CLA804"}]},{"@type":"WebSite","@id":"https:\/\/sxflightcase.com\/th\/#website","url":"https:\/\/sxflightcase.com\/th\/","name":"sxpowercase.com","description":"Flight Case Factory","publisher":{"@id":"https:\/\/sxflightcase.com\/th\/#organization"},"potentialAction":[{"@type":"SearchAction","target":{"@type":"EntryPoint","urlTemplate":"https:\/\/sxflightcase.com\/th\/?s={search_term_string}"},"query-input":{"@type":"PropertyValueSpecification","valueRequired":true,"valueName":"search_term_string"}}],"inLanguage":"hu"},{"@type":"Organization","@id":"https:\/\/sxflightcase.com\/th\/#organization","name":"sxpowercase.com","url":"https:\/\/sxflightcase.com\/th\/","logo":{"@type":"ImageObject","inLanguage":"hu","@id":"https:\/\/sxflightcase.com\/th\/#\/schema\/logo\/image\/","url":"https:\/\/sxflightcase.com\/wp-content\/uploads\/2024\/04\/1713919036007.jpg","contentUrl":"https:\/\/sxflightcase.com\/wp-content\/uploads\/2024\/04\/1713919036007.jpg","width":382,"height":388,"caption":"sxpowercase.com"},"image":{"@id":"https:\/\/sxflightcase.com\/th\/#\/schema\/logo\/image\/"},"sameAs":["https:\/\/www.facebook.com\/profile.php?id=61560407257971"],"numberOfEmployees":{"@type":"QuantitativeValue","minValue":"11","maxValue":"50"}}]}},"_links":{"self":[{"href":"https:\/\/sxflightcase.com\/hu\/wp-json\/wp\/v2\/product\/4225","targetHints":{"allow":["GET"]}}],"collection":[{"href":"https:\/\/sxflightcase.com\/hu\/wp-json\/wp\/v2\/product"}],"about":[{"href":"https:\/\/sxflightcase.com\/hu\/wp-json\/wp\/v2\/types\/product"}],"replies":[{"embeddable":true,"href":"https:\/\/sxflightcase.com\/hu\/wp-json\/wp\/v2\/comments?post=4225"}],"version-history":[{"count":0,"href":"https:\/\/sxflightcase.com\/hu\/wp-json\/wp\/v2\/product\/4225\/revisions"}],"wp:featuredmedia":[{"embeddable":true,"href":"https:\/\/sxflightcase.com\/hu\/wp-json\/wp\/v2\/media\/4189"}],"wp:attachment":[{"href":"https:\/\/sxflightcase.com\/hu\/wp-json\/wp\/v2\/media?parent=4225"}],"wp:term":[{"taxonomy":"product_brand","embeddable":true,"href":"https:\/\/sxflightcase.com\/hu\/wp-json\/wp\/v2\/product_brand?post=4225"},{"taxonomy":"product_cat","embeddable":true,"href":"https:\/\/sxflightcase.com\/hu\/wp-json\/wp\/v2\/product_cat?post=4225"},{"taxonomy":"product_tag","embeddable":true,"href":"https:\/\/sxflightcase.com\/hu\/wp-json\/wp\/v2\/product_tag?post=4225"}],"curies":[{"name":"wp","href":"https:\/\/api.w.org\/{rel}","templated":true}]}}