{"id":4226,"date":"2024-08-27T03:54:31","date_gmt":"2024-08-27T02:54:31","guid":{"rendered":"https:\/\/sxpowercase.com\/?post_type=product&#038;p=4226"},"modified":"2024-08-27T03:54:32","modified_gmt":"2024-08-27T02:54:32","slug":"flight-case-brace-clb101","status":"publish","type":"product","link":"https:\/\/sxflightcase.com\/hu\/termek\/repulesi-tok-merevito-clb101\/","title":{"rendered":"Rep\u00fcl\u0151 tok merev\u00edt\u0151 CLB101"},"content":{"rendered":"<h3>Kiv\u00e1l\u00f3 min\u0151s\u00e9g\u0171 rep\u00fcl\u00e9si tok merev\u00edt\u0151 az SX-t\u0151l<\/h3>\n<p>A rep\u00fcl\u0151 tokok \u00e9p\u00edt\u00e9s\u00e9n\u00e9l vagy korszer\u0171s\u00edt\u00e9s\u00e9n\u00e9l elengedhetetlen az er\u0151s meger\u0151s\u00edt\u00e9s. Az SX pr\u00e9mium min\u0151s\u00e9g\u0171 <span style=\"color: #3366ff;\"><a style=\"color: #3366ff;\" href=\"https:\/\/sxpowercase.com\/product\/road-case-corner-brace-cla804\/\"><strong>Rep\u00fcl\u0151 tok merev\u00edt\u0151<\/strong><\/a><\/span> \u00fagy tervezt\u00e9k, hogy megb\u00edzhat\u00f3 al\u00e1t\u00e1maszt\u00e1st \u00e9s extra tart\u00f3ss\u00e1got biztos\u00edtson. Ak\u00e1r k\u00e9nyes berendez\u00e9seket kell r\u00f6gz\u00edtenie, ak\u00e1r nagy ig\u00e9nybev\u00e9telnek kell ellen\u00e1llnia, merev\u00edt\u0151inket \u00fagy tervezt\u00e9k, hogy kiv\u00e1l\u00f3 teljes\u00edtm\u00e9nyt ny\u00fajtsanak. A <a href=\"https:\/\/sxpowercase.com\/\" target=\"_blank\" rel=\"noopener\" title=\"SX\" data-wpil-monitor-id=\"702\">SX<\/a>, \u00d6n a gy\u00e1ri k\u00f6zvetlen \u00e1rak el\u0151nyeit \u00e9lvezheti, ami min\u0151s\u00e9gi v\u00e9delmet biztos\u00edt megfizethet\u0151 \u00e1ron.<\/p>\n<h3>Er\u0151re \u00e9s hossz\u00fa \u00e9lettartamra tervezve<\/h3>\n<p>A <strong>Rep\u00fcl\u0151 tok merev\u00edt\u0151<\/strong> nagy szil\u00e1rds\u00e1g\u00fa f\u00e9mb\u0151l k\u00e9sz\u00fcl, amelyet \u00fagy terveztek, hogy hat\u00e9konyan er\u0151s\u00edtse a tokszerkezetet. Ez a robusztus konstrukci\u00f3 seg\u00edt megel\u0151zni a hajl\u00edt\u00e1st, a s\u00e9r\u00fcl\u00e9seket \u00e9s m\u00e1s gyakori probl\u00e9m\u00e1kat a sz\u00e1ll\u00edt\u00e1s sor\u00e1n. Az SX-n\u00e9l min\u0151s\u00e9gi hardvert kap, amely tart\u00f3san meg\u00e9p\u00edtett, mindezt alacsony \u00e1rak mellett, a gy\u00e1ri k\u00f6zvetlen modell\u00fcnk r\u00e9v\u00e9n. \u00c9lvezze a kiv\u00e1l\u00f3 term\u00e9kek el\u0151nyeit a magas \u00e1rc\u00e9dula n\u00e9lk\u00fcl.<\/p>\n<h3>Megb\u00edzhat\u00f3 v\u00e9delem gy\u00e1ri \u00e1ron<\/h3>\n<p>Az SX-n\u00e9l arra \u00f6sszpontos\u00edtunk, hogy olyan kiv\u00e1l\u00f3 min\u0151s\u00e9g\u0171 term\u00e9keket sz\u00e1ll\u00edtsunk, amelyek megfelelnek az \u00d6n k\u00f6lts\u00e9gvet\u00e9s\u00e9nek. A <strong>Rep\u00fcl\u0151 tok merev\u00edt\u0151<\/strong> a sz\u00fcks\u00e9ges szil\u00e1rds\u00e1got \u00e9s stabilit\u00e1st a k\u00f6lts\u00e9gek t\u00f6red\u00e9k\u00e9\u00e9rt k\u00edn\u00e1lja. A k\u00f6zvet\u00edt\u0151k kiz\u00e1r\u00e1s\u00e1val biztos\u00edtjuk, hogy \u00fcgyfeleink a min\u0151s\u00e9g rov\u00e1s\u00e1ra t\u00f6rt\u00e9n\u0151 kompromisszumok n\u00e9lk\u00fcl, alacsony k\u00f6lts\u00e9g\u0171 megold\u00e1sokat kapjanak. B\u00edzzon az SX-ben a megb\u00edzhat\u00f3 v\u00e9delmet ny\u00fajt\u00f3, tart\u00f3s hardverek\u00e9rt, mindezt versenyk\u00e9pes \u00e1ron.<\/p>\n<h3>Egyszer\u0171 telep\u00edt\u00e9s \u00e9s sokoldal\u00fa kialak\u00edt\u00e1s<\/h3>\n<p>SX <strong>Rep\u00fcl\u0151 tok merev\u00edt\u0151<\/strong> gyors \u00e9s probl\u00e9mamentes telep\u00edt\u00e9sre tervezt\u00e9k. Ak\u00e1r \u00faj tokot \u00e1ll\u00edt \u00f6ssze, ak\u00e1r megl\u00e9v\u0151 tokot korszer\u0171s\u00edt, merev\u00edt\u0151nk z\u00f6kken\u0151mentesen illeszkedik a k\u00fcl\u00f6nb\u00f6z\u0151 kialak\u00edt\u00e1sokhoz. A sokoldal\u00fa kialak\u00edt\u00e1s biztos\u00edtja, hogy j\u00f3l m\u0171k\u00f6dik a k\u00fcl\u00f6nb\u00f6z\u0151 t\u00edpus\u00fa tokokhoz, \u00e9s biztos\u00edtja a sz\u00fcks\u00e9ges meger\u0151s\u00edt\u00e9st, hogy biztons\u00e1gban tartsa berendez\u00e9seit. Az SX seg\u00edts\u00e9g\u00e9vel id\u0151t \u00e9s energi\u00e1t takar\u00edthat meg, mik\u00f6zben egy megb\u00edzhat\u00f3, az ig\u00e9nyeinek megfelel\u0151 term\u00e9ket kap.<\/p>\n<h3>Testreszab\u00e1s az \u00d6n egyedi ig\u00e9nyeihez<\/h3>\n<p>Az SX-n\u00e9l meg\u00e9rtj\u00fck, hogy minden projekt egyedi. Ez\u00e9rt k\u00edn\u00e1lunk testreszabhat\u00f3 opci\u00f3kat a <strong>Rep\u00fcl\u0151 tok merev\u00edt\u0151<\/strong>. K\u00fcl\u00f6nb\u00f6z\u0151 m\u00e9retek, kivitelek \u00e9s formatervek k\u00f6z\u00fcl v\u00e1laszthat, hogy megfeleljen az \u00d6n egyedi ig\u00e9nyeinek. Ak\u00e1r nagy teherb\u00edr\u00e1s\u00fa merev\u00edt\u0151kre van sz\u00fcks\u00e9ge, ak\u00e1r egy k\u00f6nnyebb opci\u00f3ra, az SX szem\u00e9lyre szabott megold\u00e1sokat k\u00edn\u00e1l, amelyek igazodnak az \u00d6n projektc\u00e9ljaihoz.<\/p>\n<h3>Szakemberek vil\u00e1gszerte megb\u00edznak benne<\/h3>\n<p>A k\u00fcl\u00f6nb\u00f6z\u0151 ipar\u00e1gakban dolgoz\u00f3 szakemberek az SX-re t\u00e1maszkodnak a rep\u00fcl\u00e9si tok hardverig\u00e9nyeik tekintet\u00e9ben. A <strong>Rep\u00fcl\u0151 tok merev\u00edt\u0151<\/strong> \u00fagy tervezt\u00e9k, hogy ellen\u00e1lljon a gyakori utaz\u00e1s \u00e9s a nagy ig\u00e9nybev\u00e9tel viszontags\u00e1gainak, \u00edgy a legjobb v\u00e1laszt\u00e1s azok sz\u00e1m\u00e1ra, akiknek fontos a tart\u00f3ss\u00e1g \u00e9s a teljes\u00edtm\u00e9ny. Legyen sz\u00f3 audiovizu\u00e1lis eszk\u00f6z\u00f6kr\u0151l, hangszerekr\u0151l vagy m\u00e1s \u00e9rt\u00e9kes berendez\u00e9sekr\u0151l, az SX olyan v\u00e9delmet ny\u00fajt, amelyben megb\u00edzhat.<\/p>\n<h3>V\u00e1lassza az SX-et a megb\u00edzhat\u00f3 Flight Case hardverek\u00e9rt<\/h3>\n<p>Amikor a beruh\u00e1z\u00e1s biztons\u00e1g\u00e1r\u00f3l van sz\u00f3, az SX's <strong>Rep\u00fcl\u0151 tok merev\u00edt\u0151<\/strong> az ide\u00e1lis v\u00e1laszt\u00e1s. A gy\u00e1ri k\u00f6zvetlen \u00e1rk\u00e9pz\u00e9sre, a min\u0151s\u00e9gbiztos\u00edt\u00e1sra \u00e9s a tart\u00f3ss\u00e1gra \u00f6sszpontos\u00edtva olyan hardvereket k\u00edn\u00e1lunk, amelyekben megb\u00edzhat. V\u00e9dje felszerel\u00e9s\u00e9t magabiztosan, \u00e9s \u00e9lvezze a nyugalmat, tudv\u00e1n, hogy tokjait az SX megb\u00edzhat\u00f3 megold\u00e1sai er\u0151s\u00edtik meg.<\/p>\n<p>Kapcsolatfelv\u00e9tel most:<span style=\"color: #0000ff;\"><a style=\"color: #0000ff;\" href=\"https:\/\/sxpowercase.com\/contact-us\/\">https:\/\/sxpowercase.com\/<\/a><\/span><\/p>\n<p>Hardver term\u00e9kkatal\u00f3gus\uff1a<span style=\"color: #3366ff;\"><a style=\"color: #3366ff;\" href=\"https:\/\/sxpowercase.com\/wp-content\/uploads\/2024\/07\/\u4e94\u91d1.pdf\">Hardver tartoz\u00e9kok katal\u00f3gusa<\/a><\/span><\/p>","protected":false},"excerpt":{"rendered":"<h3>SX Flight Case Brace: Tart\u00f3s v\u00e9delem gy\u00e1ri \u00e1ron<\/h3>\n<p>Er\u0151s\u00edtse meg rep\u00fcl\u0151 tokjait az SX nagy szil\u00e1rds\u00e1g\u00fa f\u00e9m merev\u00edt\u0151kkel, amelyeket tart\u00f3s t\u00e1mogat\u00e1sra \u00e9s megb\u00edzhat\u00f3 teljes\u00edtm\u00e9nyre terveztek. \u00c9lvezze a min\u0151s\u00e9gi v\u00e9delmet t\u00falk\u00f6ltekez\u00e9s n\u00e9lk\u00fcl.<\/p>\n<h3>Er\u0151s\u00edtse a tokjait az SX Flight Case Brace seg\u00edts\u00e9g\u00e9vel<\/h3>\n<p>Az SX robusztus rep\u00fcl\u0151 tok merev\u00edt\u0151ket k\u00edn\u00e1l, amelyek megakad\u00e1lyozz\u00e1k a sz\u00e1ll\u00edt\u00e1s k\u00f6zbeni elhajl\u00e1st \u00e9s s\u00e9r\u00fcl\u00e9st. K\u00f6nnyen felszerelhet\u0151ek \u00e9s sokoldal\u00faak, z\u00f6kken\u0151mentesen illeszkednek a k\u00fcl\u00f6nb\u00f6z\u0151 tokszerkezetekhez.<\/p>\n<h3>Testreszabhat\u00f3 \u00e9s megfizethet\u0151 Flight Case Braces az SX-t\u0151l<\/h3>\n<p>V\u00e1lasszon az \u00d6n egyedi ig\u00e9nyeihez igaz\u00edtott lehet\u0151s\u00e9gek k\u00f6z\u00fcl. Az SX k\u00f6lts\u00e9ghat\u00e9kony, gy\u00e1ri megold\u00e1sokat k\u00edn\u00e1l, amelyekben a szakemberek vil\u00e1gszerte megb\u00edznak tart\u00f3ss\u00e1guk \u00e9s teljes\u00edtm\u00e9ny\u00fck miatt.<\/p>","protected":false},"featured_media":4190,"comment_status":"open","ping_status":"closed","template":"","meta":[],"product_brand":[],"product_cat":[64],"product_tag":[],"class_list":{"0":"post-4226","1":"product","2":"type-product","3":"status-publish","4":"has-post-thumbnail","6":"product_cat-clamps","8":"first","9":"instock","10":"shipping-taxable","11":"product-type-simple"},"yoast_head":"<!-- This site is optimized with the Yoast SEO Premium plugin v27.1 (Yoast SEO v27.2) - https:\/\/yoast.com\/product\/yoast-seo-premium-wordpress\/ -->\n<title>Flight Case Brace CLB101 - https:\/\/sxflightcase.com \ud83d\udc97<\/title>\n<meta name=\"description\" content=\"Flight case brace, factory direct! High-quality, durable braces designed to reinforce and secure flight case panels and corners. Perfect for ensuring stability and long-lasting protection.\" \/>\n<meta name=\"robots\" content=\"index, follow, max-snippet:-1, max-image-preview:large, max-video-preview:-1\" \/>\n<link rel=\"canonical\" href=\"https:\/\/sxflightcase.com\/hu\/termek\/repulesi-tok-merevito-clb101\/\" \/>\n<meta property=\"og:locale\" content=\"hu_HU\" \/>\n<meta property=\"og:type\" content=\"article\" \/>\n<meta property=\"og:title\" content=\"Flight Case Brace CLB101\" \/>\n<meta property=\"og:description\" content=\"Flight case brace, factory direct! High-quality, durable braces designed to reinforce and secure flight case panels and corners. Perfect for ensuring stability and long-lasting protection.\" \/>\n<meta property=\"og:url\" content=\"https:\/\/sxflightcase.com\/hu\/termek\/repulesi-tok-merevito-clb101\/\" \/>\n<meta property=\"og:site_name\" content=\"https:\/\/sxflightcase.com\" \/>\n<meta property=\"article:publisher\" content=\"https:\/\/www.facebook.com\/profile.php?id=61560407257971\" \/>\n<meta property=\"article:modified_time\" content=\"2024-08-27T02:54:32+00:00\" \/>\n<meta property=\"og:image\" content=\"https:\/\/sxflightcase.com\/wp-content\/uploads\/2024\/08\/CLB101.jpg\" \/>\n\t<meta property=\"og:image:width\" content=\"520\" \/>\n\t<meta property=\"og:image:height\" content=\"520\" \/>\n\t<meta property=\"og:image:type\" content=\"image\/jpeg\" \/>\n<meta name=\"twitter:card\" content=\"summary_large_image\" \/>\n<meta name=\"twitter:label1\" content=\"Becs\u00fclt olvas\u00e1si id\u0151\" \/>\n\t<meta name=\"twitter:data1\" content=\"3 perc\" \/>\n<script type=\"application\/ld+json\" class=\"yoast-schema-graph\">{\"@context\":\"https:\/\/schema.org\",\"@graph\":[{\"@type\":\"WebPage\",\"@id\":\"https:\/\/sxflightcase.com\/product\/flight-case-brace-clb101\/\",\"url\":\"https:\/\/sxflightcase.com\/product\/flight-case-brace-clb101\/\",\"name\":\"Flight Case Brace CLB101 - https:\/\/sxflightcase.com \ud83d\udc97\",\"isPartOf\":{\"@id\":\"https:\/\/sxflightcase.com\/th\/#website\"},\"primaryImageOfPage\":{\"@id\":\"https:\/\/sxflightcase.com\/product\/flight-case-brace-clb101\/#primaryimage\"},\"image\":{\"@id\":\"https:\/\/sxflightcase.com\/product\/flight-case-brace-clb101\/#primaryimage\"},\"thumbnailUrl\":\"https:\/\/sxflightcase.com\/wp-content\/uploads\/2024\/08\/CLB101.jpg\",\"datePublished\":\"2024-08-27T02:54:31+00:00\",\"dateModified\":\"2024-08-27T02:54:32+00:00\",\"description\":\"Flight case brace, factory direct! High-quality, durable braces designed to reinforce and secure flight case panels and corners. Perfect for ensuring stability and long-lasting protection.\",\"breadcrumb\":{\"@id\":\"https:\/\/sxflightcase.com\/product\/flight-case-brace-clb101\/#breadcrumb\"},\"inLanguage\":\"hu\",\"potentialAction\":[{\"@type\":\"ReadAction\",\"target\":[\"https:\/\/sxflightcase.com\/product\/flight-case-brace-clb101\/\"]}]},{\"@type\":\"ImageObject\",\"inLanguage\":\"hu\",\"@id\":\"https:\/\/sxflightcase.com\/product\/flight-case-brace-clb101\/#primaryimage\",\"url\":\"https:\/\/sxflightcase.com\/wp-content\/uploads\/2024\/08\/CLB101.jpg\",\"contentUrl\":\"https:\/\/sxflightcase.com\/wp-content\/uploads\/2024\/08\/CLB101.jpg\",\"width\":520,\"height\":520,\"caption\":\"Flight Case Brace\"},{\"@type\":\"BreadcrumbList\",\"@id\":\"https:\/\/sxflightcase.com\/product\/flight-case-brace-clb101\/#breadcrumb\",\"itemListElement\":[{\"@type\":\"ListItem\",\"position\":1,\"name\":\"Home\",\"item\":\"https:\/\/sxflightcase.com\/\"},{\"@type\":\"ListItem\",\"position\":2,\"name\":\"\u0e2a\u0e34\u0e19\u0e04\u0e49\u0e32\",\"item\":\"https:\/\/sxflightcase.com\/th\/shop\/\"},{\"@type\":\"ListItem\",\"position\":3,\"name\":\"Flight Case Brace CLB101\"}]},{\"@type\":\"WebSite\",\"@id\":\"https:\/\/sxflightcase.com\/th\/#website\",\"url\":\"https:\/\/sxflightcase.com\/th\/\",\"name\":\"sxpowercase.com\",\"description\":\"Flight Case Factory\",\"publisher\":{\"@id\":\"https:\/\/sxflightcase.com\/th\/#organization\"},\"potentialAction\":[{\"@type\":\"SearchAction\",\"target\":{\"@type\":\"EntryPoint\",\"urlTemplate\":\"https:\/\/sxflightcase.com\/th\/?s={search_term_string}\"},\"query-input\":{\"@type\":\"PropertyValueSpecification\",\"valueRequired\":true,\"valueName\":\"search_term_string\"}}],\"inLanguage\":\"hu\"},{\"@type\":\"Organization\",\"@id\":\"https:\/\/sxflightcase.com\/th\/#organization\",\"name\":\"sxpowercase.com\",\"url\":\"https:\/\/sxflightcase.com\/th\/\",\"logo\":{\"@type\":\"ImageObject\",\"inLanguage\":\"hu\",\"@id\":\"https:\/\/sxflightcase.com\/th\/#\/schema\/logo\/image\/\",\"url\":\"https:\/\/sxflightcase.com\/wp-content\/uploads\/2024\/04\/1713919036007.jpg\",\"contentUrl\":\"https:\/\/sxflightcase.com\/wp-content\/uploads\/2024\/04\/1713919036007.jpg\",\"width\":382,\"height\":388,\"caption\":\"sxpowercase.com\"},\"image\":{\"@id\":\"https:\/\/sxflightcase.com\/th\/#\/schema\/logo\/image\/\"},\"sameAs\":[\"https:\/\/www.facebook.com\/profile.php?id=61560407257971\"],\"numberOfEmployees\":{\"@type\":\"QuantitativeValue\",\"minValue\":\"11\",\"maxValue\":\"50\"}}]}<\/script>\n<!-- \/ Yoast SEO Premium plugin. -->","yoast_head_json":{"title":"Flight Case Brace CLB101 - https:\/\/sxflightcase.com \ud83d\udc97","description":"Rep\u00fcl\u0151 tok merev\u00edt\u0151, gy\u00e1ri k\u00f6zvetlen! Kiv\u00e1l\u00f3 min\u0151s\u00e9g\u0171, tart\u00f3s merev\u00edt\u0151k, amelyeket a rep\u00fcl\u0151 tok paneljeinek \u00e9s sarkainak meger\u0151s\u00edt\u00e9s\u00e9re \u00e9s r\u00f6gz\u00edt\u00e9s\u00e9re terveztek. T\u00f6k\u00e9letes a stabilit\u00e1s \u00e9s a hossz\u00fa t\u00e1v\u00fa v\u00e9delem biztos\u00edt\u00e1s\u00e1hoz.","robots":{"index":"index","follow":"follow","max-snippet":"max-snippet:-1","max-image-preview":"max-image-preview:large","max-video-preview":"max-video-preview:-1"},"canonical":"https:\/\/sxflightcase.com\/hu\/termek\/repulesi-tok-merevito-clb101\/","og_locale":"hu_HU","og_type":"article","og_title":"Flight Case Brace CLB101","og_description":"Flight case brace, factory direct! High-quality, durable braces designed to reinforce and secure flight case panels and corners. Perfect for ensuring stability and long-lasting protection.","og_url":"https:\/\/sxflightcase.com\/hu\/termek\/repulesi-tok-merevito-clb101\/","og_site_name":"https:\/\/sxflightcase.com","article_publisher":"https:\/\/www.facebook.com\/profile.php?id=61560407257971","article_modified_time":"2024-08-27T02:54:32+00:00","og_image":[{"width":520,"height":520,"url":"https:\/\/sxflightcase.com\/wp-content\/uploads\/2024\/08\/CLB101.jpg","type":"image\/jpeg"}],"twitter_card":"summary_large_image","twitter_misc":{"Becs\u00fclt olvas\u00e1si id\u0151":"3 perc"},"schema":{"@context":"https:\/\/schema.org","@graph":[{"@type":"WebPage","@id":"https:\/\/sxflightcase.com\/product\/flight-case-brace-clb101\/","url":"https:\/\/sxflightcase.com\/product\/flight-case-brace-clb101\/","name":"Flight Case Brace CLB101 - https:\/\/sxflightcase.com \ud83d\udc97","isPartOf":{"@id":"https:\/\/sxflightcase.com\/th\/#website"},"primaryImageOfPage":{"@id":"https:\/\/sxflightcase.com\/product\/flight-case-brace-clb101\/#primaryimage"},"image":{"@id":"https:\/\/sxflightcase.com\/product\/flight-case-brace-clb101\/#primaryimage"},"thumbnailUrl":"https:\/\/sxflightcase.com\/wp-content\/uploads\/2024\/08\/CLB101.jpg","datePublished":"2024-08-27T02:54:31+00:00","dateModified":"2024-08-27T02:54:32+00:00","description":"Rep\u00fcl\u0151 tok merev\u00edt\u0151, gy\u00e1ri k\u00f6zvetlen! Kiv\u00e1l\u00f3 min\u0151s\u00e9g\u0171, tart\u00f3s merev\u00edt\u0151k, amelyeket a rep\u00fcl\u0151 tok paneljeinek \u00e9s sarkainak meger\u0151s\u00edt\u00e9s\u00e9re \u00e9s r\u00f6gz\u00edt\u00e9s\u00e9re terveztek. T\u00f6k\u00e9letes a stabilit\u00e1s \u00e9s a hossz\u00fa t\u00e1v\u00fa v\u00e9delem biztos\u00edt\u00e1s\u00e1hoz.","breadcrumb":{"@id":"https:\/\/sxflightcase.com\/product\/flight-case-brace-clb101\/#breadcrumb"},"inLanguage":"hu","potentialAction":[{"@type":"ReadAction","target":["https:\/\/sxflightcase.com\/product\/flight-case-brace-clb101\/"]}]},{"@type":"ImageObject","inLanguage":"hu","@id":"https:\/\/sxflightcase.com\/product\/flight-case-brace-clb101\/#primaryimage","url":"https:\/\/sxflightcase.com\/wp-content\/uploads\/2024\/08\/CLB101.jpg","contentUrl":"https:\/\/sxflightcase.com\/wp-content\/uploads\/2024\/08\/CLB101.jpg","width":520,"height":520,"caption":"Flight Case Brace"},{"@type":"BreadcrumbList","@id":"https:\/\/sxflightcase.com\/product\/flight-case-brace-clb101\/#breadcrumb","itemListElement":[{"@type":"ListItem","position":1,"name":"Home","item":"https:\/\/sxflightcase.com\/"},{"@type":"ListItem","position":2,"name":"\u0e2a\u0e34\u0e19\u0e04\u0e49\u0e32","item":"https:\/\/sxflightcase.com\/th\/shop\/"},{"@type":"ListItem","position":3,"name":"Flight Case Brace CLB101"}]},{"@type":"WebSite","@id":"https:\/\/sxflightcase.com\/th\/#website","url":"https:\/\/sxflightcase.com\/th\/","name":"sxpowercase.com","description":"Flight Case Factory","publisher":{"@id":"https:\/\/sxflightcase.com\/th\/#organization"},"potentialAction":[{"@type":"SearchAction","target":{"@type":"EntryPoint","urlTemplate":"https:\/\/sxflightcase.com\/th\/?s={search_term_string}"},"query-input":{"@type":"PropertyValueSpecification","valueRequired":true,"valueName":"search_term_string"}}],"inLanguage":"hu"},{"@type":"Organization","@id":"https:\/\/sxflightcase.com\/th\/#organization","name":"sxpowercase.com","url":"https:\/\/sxflightcase.com\/th\/","logo":{"@type":"ImageObject","inLanguage":"hu","@id":"https:\/\/sxflightcase.com\/th\/#\/schema\/logo\/image\/","url":"https:\/\/sxflightcase.com\/wp-content\/uploads\/2024\/04\/1713919036007.jpg","contentUrl":"https:\/\/sxflightcase.com\/wp-content\/uploads\/2024\/04\/1713919036007.jpg","width":382,"height":388,"caption":"sxpowercase.com"},"image":{"@id":"https:\/\/sxflightcase.com\/th\/#\/schema\/logo\/image\/"},"sameAs":["https:\/\/www.facebook.com\/profile.php?id=61560407257971"],"numberOfEmployees":{"@type":"QuantitativeValue","minValue":"11","maxValue":"50"}}]}},"_links":{"self":[{"href":"https:\/\/sxflightcase.com\/hu\/wp-json\/wp\/v2\/product\/4226","targetHints":{"allow":["GET"]}}],"collection":[{"href":"https:\/\/sxflightcase.com\/hu\/wp-json\/wp\/v2\/product"}],"about":[{"href":"https:\/\/sxflightcase.com\/hu\/wp-json\/wp\/v2\/types\/product"}],"replies":[{"embeddable":true,"href":"https:\/\/sxflightcase.com\/hu\/wp-json\/wp\/v2\/comments?post=4226"}],"version-history":[{"count":0,"href":"https:\/\/sxflightcase.com\/hu\/wp-json\/wp\/v2\/product\/4226\/revisions"}],"wp:featuredmedia":[{"embeddable":true,"href":"https:\/\/sxflightcase.com\/hu\/wp-json\/wp\/v2\/media\/4190"}],"wp:attachment":[{"href":"https:\/\/sxflightcase.com\/hu\/wp-json\/wp\/v2\/media?parent=4226"}],"wp:term":[{"taxonomy":"product_brand","embeddable":true,"href":"https:\/\/sxflightcase.com\/hu\/wp-json\/wp\/v2\/product_brand?post=4226"},{"taxonomy":"product_cat","embeddable":true,"href":"https:\/\/sxflightcase.com\/hu\/wp-json\/wp\/v2\/product_cat?post=4226"},{"taxonomy":"product_tag","embeddable":true,"href":"https:\/\/sxflightcase.com\/hu\/wp-json\/wp\/v2\/product_tag?post=4226"}],"curies":[{"name":"wp","href":"https:\/\/api.w.org\/{rel}","templated":true}]}}