{"id":4232,"date":"2024-09-02T07:23:24","date_gmt":"2024-09-02T06:23:24","guid":{"rendered":"https:\/\/sxpowercase.com\/?post_type=product&#038;p=4232"},"modified":"2024-09-02T07:23:35","modified_gmt":"2024-09-02T06:23:35","slug":"road-case-brace","status":"publish","type":"product","link":"https:\/\/sxflightcase.com\/hu\/termek\/kozuti-merevito\/","title":{"rendered":"K\u00f6z\u00fati tok merev\u00edt\u0151 CLB103"},"content":{"rendered":"<h3>Er\u0151s\u00edtse meg k\u00f6z\u00fati tokjait az SX Road Case Brace seg\u00edts\u00e9g\u00e9vel<\/h3>\n<p>\u00c9rt\u00e9kes berendez\u00e9sek sz\u00e1ll\u00edt\u00e1sakor a legutols\u00f3 dolog, amit szeretne, az a nem megfelel\u0151 v\u00e9delem miatti s\u00e9r\u00fcl\u00e9s. Az SX tart\u00f3s \u00e9s k\u00f6lts\u00e9ghat\u00e9kony megold\u00e1st k\u00edn\u00e1l a mi <a href=\"https:\/\/sxpowercase.com\/product\/flight-case-brace-clb102\/\"><strong>Road Case merev\u00edt\u0151<\/strong><\/a>, amelyet \u00fagy terveztek, hogy tov\u00e1bbi meger\u0151s\u00edt\u00e9st ny\u00fajtson a k\u00f6z\u00fati tokok sz\u00e1m\u00e1ra. Az SX-n\u00e9l hisz\u00fcnk abban, hogy a min\u0151s\u00e9get \u00e9s a megb\u00edzhat\u00f3s\u00e1got gy\u00e1ri \u00e1ron biztos\u00edtjuk, \u00edgy biztos\u00edtva, hogy a legjobb \u00e9rt\u00e9ket kapja a befektet\u00e9s\u00e9\u00e9rt.<\/p>\n<h3>Tart\u00f3ss\u00e1g, amely kitart<\/h3>\n<p>A <strong>Road Case merev\u00edt\u0151<\/strong> a  c\u00edmr\u0151l <a title=\"SX\" href=\"https:\/\/sxpowercase.com\/\" target=\"_blank\" rel=\"noopener\" data-wpil-monitor-id=\"704\">SX<\/a> kiv\u00e1l\u00f3 min\u0151s\u00e9g\u0171 anyagokb\u00f3l k\u00e9sz\u00fclt, amelyek ellen\u00e1llnak az utaz\u00e1s viszontags\u00e1gainak. Ak\u00e1r gyakori kezel\u00e9snek, ak\u00e1r hossz\u00fa t\u00e1v\u00fa sz\u00e1ll\u00edt\u00e1snak vannak kit\u00e9ve a b\u0151r\u00f6nd\u00f6k, a mi merev\u00edt\u0151nk biztos\u00edtja, hogy a k\u00f6z\u00fati b\u0151r\u00f6nd\u00f6k s\u00e9rtetlenek \u00e9s biztons\u00e1gosak maradjanak. A merev\u00edt\u0151ink szil\u00e1rds\u00e1ga \u00e9s tart\u00f3ss\u00e1ga nyugalmat ny\u00fajt, hiszen tudhatja, hogy felszerel\u00e9se a legnehezebb k\u00f6r\u00fclm\u00e9nyek k\u00f6z\u00f6tt is v\u00e9dve van. B\u00edzzon az SX-ben, hogy olyan term\u00e9keket sz\u00e1ll\u00edt, amelyek a min\u0151s\u00e9g kompromisszumai n\u00e9lk\u00fcl tart\u00f3sak.<\/p>\n<h3>Min\u0151s\u00e9gbiztos\u00edt\u00e1s gy\u00e1ri \u00e1ron<\/h3>\n<p>Az SX elk\u00f6telezett amellett, hogy k\u00f6zvetlen\u00fcl a gy\u00e1rb\u00f3l sz\u00e1rmaz\u00f3, kiv\u00e1l\u00f3 min\u0151s\u00e9g\u0171 term\u00e9keket k\u00edn\u00e1ljon. Ez azt jelenti, hogy jelent\u0151s k\u00f6lts\u00e9gmegtakar\u00edt\u00e1sban r\u00e9szes\u00fcl an\u00e9lk\u00fcl, hogy a min\u0151s\u00e9g fel\u00e1ldozn\u00e1 a <strong>Road Case merev\u00edt\u0151<\/strong>. Gy\u00e1ri k\u00f6zvetlen megk\u00f6zel\u00edt\u00e9s\u00fcnk lehet\u0151v\u00e9 teszi sz\u00e1munkra, hogy szigor\u00fa min\u0151s\u00e9gellen\u0151rz\u00e9seket tartsunk fenn, biztos\u00edtva, hogy minden merev\u00edt\u0151 megfeleljen a magas szint\u0171 elv\u00e1r\u00e1sainknak. Nem kell t\u00falk\u00f6ltekeznie ahhoz, hogy megkapja a sz\u00fcks\u00e9ges meger\u0151s\u00edt\u00e9st az \u00fatburkolatokhoz; az SX megfizethet\u0151v\u00e9 teszi a cs\u00facsmin\u0151s\u00e9g\u0171 v\u00e9delmet.<\/p>\n<h3>Az \u00d6n ig\u00e9nyeire szabva<\/h3>\n<p>Minden k\u00f6z\u00fati eset m\u00e1s \u00e9s m\u00e1s, \u00e9s az SX-n\u00e9l felismerj\u00fck a rugalmass\u00e1g sz\u00fcks\u00e9gess\u00e9g\u00e9t. Ez\u00e9rt a <strong>Road Case merev\u00edt\u0151<\/strong> k\u00fcl\u00f6nb\u00f6z\u0151 m\u00e9retekben \u00e9s konfigur\u00e1ci\u00f3kban kaphat\u00f3, \u00edgy \u00d6n kiv\u00e1laszthatja az \u00d6n ig\u00e9nyeinek legink\u00e1bb megfelel\u0151 opci\u00f3t. Ak\u00e1r szabv\u00e1nyos merev\u00edt\u0151re, ak\u00e1r egyedi megold\u00e1sra van sz\u00fcks\u00e9ge, az SX olyan lehet\u0151s\u00e9geket k\u00edn\u00e1l, amelyek megfelelnek az \u00d6n egyedi ig\u00e9nyeinek - mindezt versenyk\u00e9pes \u00e1ron. C\u00e9lunk, hogy olyan term\u00e9keket k\u00edn\u00e1ljunk, amelyek nem csak megfelelnek, hanem meg is haladj\u00e1k az \u00d6n elv\u00e1r\u00e1sait.<\/p>\n<h3>Szakemberek \u00e1ltal megb\u00edzhat\u00f3<\/h3>\n<p>Az SX megb\u00edzhat\u00f3 n\u00e9vv\u00e9 v\u00e1lt azon szakemberek k\u00f6r\u00e9ben, akik sz\u00e1m\u00edtanak arra, hogy felszerel\u00e9s\u00fck j\u00f3l v\u00e9dett. A <strong>Road Case merev\u00edt\u0151<\/strong> a sz\u00f3rakoztat\u00f3ipar, a m\u0171sorsz\u00f3r\u00e1s \u00e9s a rendezv\u00e9nyek ter\u00fclet\u00e9n dolgoz\u00f3k kedvelik robusztuss\u00e1ga \u00e9s megb\u00edzhat\u00f3s\u00e1ga miatt. Ha az SX-et v\u00e1lasztja, akkor olyan m\u00e1rk\u00e1t v\u00e1laszt, amely tiszt\u00e1ban van azzal, hogy mennyire fontos, hogy a berendez\u00e9seit biztons\u00e1gban \u00e9s \u00e9ps\u00e9gben tartsa sz\u00e1ll\u00edt\u00e1s k\u00f6zben.<\/p>\n<h3>Mi\u00e9rt v\u00e1lassza az SX-et?<\/h3>\n<p>Az SX-n\u00e9l a min\u0151s\u00e9get, a megfizethet\u0151s\u00e9get \u00e9s a k\u00f6nny\u0171 haszn\u00e1latot \u00f6tv\u00f6zz\u00fck a <strong>Road Case merev\u00edt\u0151<\/strong>. A gy\u00e1ri k\u00f6zvetlen \u00e9rt\u00e9kes\u00edt\u00e9s ir\u00e1nti elk\u00f6telezetts\u00e9g\u00fcnk azt jelenti, hogy \u00d6n kiv\u00e1l\u00f3 min\u0151s\u00e9g\u0171 term\u00e9ket kap alacsony \u00e1ron, mik\u00f6zben r\u00e9szes\u00fcl a szigor\u00fa min\u0151s\u00e9gbiztos\u00edt\u00e1si folyamataink el\u0151nyeib\u0151l. Ha az \u00fatburkolatok meger\u0151s\u00edt\u00e9s\u00e9r\u0151l van sz\u00f3, az SX az okos v\u00e1laszt\u00e1s a szakemberek sz\u00e1m\u00e1ra, akik a legjobbat k\u00f6vetelik meg \u00e9sszer\u0171 \u00e1ron. V\u00e9dje felszerel\u00e9s\u00e9t az SX-szel, \u00e9s tapasztalja meg, hogy a min\u0151s\u00e9g milyen k\u00fcl\u00f6nbs\u00e9get jelent.<\/p>\n<p>Kapcsolatfelv\u00e9tel most:<span style=\"color: #0000ff;\"><a style=\"color: #0000ff;\" href=\"https:\/\/sxpowercase.com\/contact-us\/\">https:\/\/sxpowercase.com\/<\/a><\/span><\/p>\n<p>Hardver term\u00e9kkatal\u00f3gus\uff1a<span style=\"color: #3366ff;\"><a style=\"color: #3366ff;\" href=\"https:\/\/sxpowercase.com\/wp-content\/uploads\/2024\/07\/\u4e94\u91d1.pdf\">Hardver tartoz\u00e9kok katal\u00f3gusa<\/a><\/span><\/p>","protected":false},"excerpt":{"rendered":"<div class=\"flex max-w-full flex-col flex-grow\">\n<div class=\"min-h-[20px] text-message flex w-full flex-col items-end gap-2 break-words [.text-message+&amp;]:mt-5 overflow-x-auto whitespace-normal\" dir=\"auto\" data-message-author-role=\"assistant\" data-message-id=\"60de0853-cc30-4040-89ae-7656540583ea\">\n<div class=\"flex w-full flex-col gap-1 empty:hidden first:pt-[3px]\">\n<div class=\"markdown prose w-full break-words dark:prose-invert light\">\n<h3>SX Road Case Brace: Affordable, Durable Protection<\/h3>\n<p>Ensure your road cases are secure with SX\u2019s high-grade braces, designed to withstand the toughest travel conditions. Quality and durability at factory-direct prices.<\/p>\n<h3>Reinforce Your Road Cases with SX Braces<\/h3>\n<p>SX offers robust, reliable road case braces that protect your valuable gear during transport. Benefit from customizable options and unbeatable value.<\/p>\n<h3>Trusted by Professionals: SX Road Case Brace<\/h3>\n<p>Favored by industry experts, SX\u2019s Road Case Brace provides top-tier reinforcement at low costs. Choose SX for dependable protection and peace of mind.<\/p>\n<\/div>\n<\/div>\n<\/div>\n<\/div>\n","protected":false},"featured_media":4192,"comment_status":"open","ping_status":"closed","template":"","meta":[],"product_brand":[],"product_cat":[64],"product_tag":[],"class_list":{"0":"post-4232","1":"product","2":"type-product","3":"status-publish","4":"has-post-thumbnail","6":"product_cat-clamps","8":"first","9":"instock","10":"shipping-taxable","11":"product-type-simple"},"yoast_head":"<!-- This site is optimized with the Yoast SEO Premium plugin v27.1 (Yoast SEO v27.2) - https:\/\/yoast.com\/product\/yoast-seo-premium-wordpress\/ -->\n<title>Road Case Brace CLB103 - https:\/\/sxflightcase.com \ud83d\udc97<\/title>\n<meta name=\"description\" content=\"Road case brace, factory direct! High-quality, durable braces designed to reinforce and secure road case panels and corners. Ideal for ensuring stability and protection during heavy-duty transport.\" \/>\n<meta name=\"robots\" content=\"index, follow, max-snippet:-1, max-image-preview:large, max-video-preview:-1\" \/>\n<link rel=\"canonical\" href=\"https:\/\/sxflightcase.com\/hu\/termek\/kozuti-merevito\/\" \/>\n<meta property=\"og:locale\" content=\"hu_HU\" \/>\n<meta property=\"og:type\" content=\"article\" \/>\n<meta property=\"og:title\" content=\"Road Case Brace CLB103\" \/>\n<meta property=\"og:description\" content=\"Road case brace, factory direct! High-quality, durable braces designed to reinforce and secure road case panels and corners. Ideal for ensuring stability and protection during heavy-duty transport.\" \/>\n<meta property=\"og:url\" content=\"https:\/\/sxflightcase.com\/hu\/termek\/kozuti-merevito\/\" \/>\n<meta property=\"og:site_name\" content=\"https:\/\/sxflightcase.com\" \/>\n<meta property=\"article:publisher\" content=\"https:\/\/www.facebook.com\/profile.php?id=61560407257971\" \/>\n<meta property=\"article:modified_time\" content=\"2024-09-02T06:23:35+00:00\" \/>\n<meta property=\"og:image\" content=\"https:\/\/sxflightcase.com\/wp-content\/uploads\/2024\/08\/CLB103.jpg\" \/>\n\t<meta property=\"og:image:width\" content=\"700\" \/>\n\t<meta property=\"og:image:height\" content=\"700\" \/>\n\t<meta property=\"og:image:type\" content=\"image\/jpeg\" \/>\n<meta name=\"twitter:card\" content=\"summary_large_image\" \/>\n<meta name=\"twitter:label1\" content=\"Becs\u00fclt olvas\u00e1si id\u0151\" \/>\n\t<meta name=\"twitter:data1\" content=\"3 perc\" \/>\n<script type=\"application\/ld+json\" class=\"yoast-schema-graph\">{\"@context\":\"https:\/\/schema.org\",\"@graph\":[{\"@type\":\"WebPage\",\"@id\":\"https:\/\/sxflightcase.com\/product\/road-case-brace\/\",\"url\":\"https:\/\/sxflightcase.com\/product\/road-case-brace\/\",\"name\":\"Road Case Brace CLB103 - https:\/\/sxflightcase.com \ud83d\udc97\",\"isPartOf\":{\"@id\":\"https:\/\/sxflightcase.com\/th\/#website\"},\"primaryImageOfPage\":{\"@id\":\"https:\/\/sxflightcase.com\/product\/road-case-brace\/#primaryimage\"},\"image\":{\"@id\":\"https:\/\/sxflightcase.com\/product\/road-case-brace\/#primaryimage\"},\"thumbnailUrl\":\"https:\/\/sxflightcase.com\/wp-content\/uploads\/2024\/08\/CLB103.jpg\",\"datePublished\":\"2024-09-02T06:23:24+00:00\",\"dateModified\":\"2024-09-02T06:23:35+00:00\",\"description\":\"Road case brace, factory direct! High-quality, durable braces designed to reinforce and secure road case panels and corners. Ideal for ensuring stability and protection during heavy-duty transport.\",\"breadcrumb\":{\"@id\":\"https:\/\/sxflightcase.com\/product\/road-case-brace\/#breadcrumb\"},\"inLanguage\":\"hu\",\"potentialAction\":[{\"@type\":\"ReadAction\",\"target\":[\"https:\/\/sxflightcase.com\/product\/road-case-brace\/\"]}]},{\"@type\":\"ImageObject\",\"inLanguage\":\"hu\",\"@id\":\"https:\/\/sxflightcase.com\/product\/road-case-brace\/#primaryimage\",\"url\":\"https:\/\/sxflightcase.com\/wp-content\/uploads\/2024\/08\/CLB103.jpg\",\"contentUrl\":\"https:\/\/sxflightcase.com\/wp-content\/uploads\/2024\/08\/CLB103.jpg\",\"width\":700,\"height\":700,\"caption\":\"Road Case Brace\"},{\"@type\":\"BreadcrumbList\",\"@id\":\"https:\/\/sxflightcase.com\/product\/road-case-brace\/#breadcrumb\",\"itemListElement\":[{\"@type\":\"ListItem\",\"position\":1,\"name\":\"Home\",\"item\":\"https:\/\/sxflightcase.com\/\"},{\"@type\":\"ListItem\",\"position\":2,\"name\":\"\u0e2a\u0e34\u0e19\u0e04\u0e49\u0e32\",\"item\":\"https:\/\/sxflightcase.com\/th\/shop\/\"},{\"@type\":\"ListItem\",\"position\":3,\"name\":\"Road Case Brace CLB103\"}]},{\"@type\":\"WebSite\",\"@id\":\"https:\/\/sxflightcase.com\/th\/#website\",\"url\":\"https:\/\/sxflightcase.com\/th\/\",\"name\":\"sxpowercase.com\",\"description\":\"Flight Case Factory\",\"publisher\":{\"@id\":\"https:\/\/sxflightcase.com\/th\/#organization\"},\"potentialAction\":[{\"@type\":\"SearchAction\",\"target\":{\"@type\":\"EntryPoint\",\"urlTemplate\":\"https:\/\/sxflightcase.com\/th\/?s={search_term_string}\"},\"query-input\":{\"@type\":\"PropertyValueSpecification\",\"valueRequired\":true,\"valueName\":\"search_term_string\"}}],\"inLanguage\":\"hu\"},{\"@type\":\"Organization\",\"@id\":\"https:\/\/sxflightcase.com\/th\/#organization\",\"name\":\"sxpowercase.com\",\"url\":\"https:\/\/sxflightcase.com\/th\/\",\"logo\":{\"@type\":\"ImageObject\",\"inLanguage\":\"hu\",\"@id\":\"https:\/\/sxflightcase.com\/th\/#\/schema\/logo\/image\/\",\"url\":\"https:\/\/sxflightcase.com\/wp-content\/uploads\/2024\/04\/1713919036007.jpg\",\"contentUrl\":\"https:\/\/sxflightcase.com\/wp-content\/uploads\/2024\/04\/1713919036007.jpg\",\"width\":382,\"height\":388,\"caption\":\"sxpowercase.com\"},\"image\":{\"@id\":\"https:\/\/sxflightcase.com\/th\/#\/schema\/logo\/image\/\"},\"sameAs\":[\"https:\/\/www.facebook.com\/profile.php?id=61560407257971\"],\"numberOfEmployees\":{\"@type\":\"QuantitativeValue\",\"minValue\":\"11\",\"maxValue\":\"50\"}}]}<\/script>\n<!-- \/ Yoast SEO Premium plugin. -->","yoast_head_json":{"title":"Road Case Brace CLB103 - https:\/\/sxflightcase.com \ud83d\udc97","description":"K\u00f6z\u00fati tok merev\u00edt\u0151, gy\u00e1ri k\u00f6zvetlen! Kiv\u00e1l\u00f3 min\u0151s\u00e9g\u0171, tart\u00f3s merev\u00edt\u0151k, amelyeket a road case panelek \u00e9s sarkok meger\u0151s\u00edt\u00e9s\u00e9re \u00e9s r\u00f6gz\u00edt\u00e9s\u00e9re terveztek. Ide\u00e1lis a stabilit\u00e1s \u00e9s a v\u00e9delem biztos\u00edt\u00e1s\u00e1hoz a nagy ig\u00e9nybev\u00e9tel\u0171 sz\u00e1ll\u00edt\u00e1s sor\u00e1n.","robots":{"index":"index","follow":"follow","max-snippet":"max-snippet:-1","max-image-preview":"max-image-preview:large","max-video-preview":"max-video-preview:-1"},"canonical":"https:\/\/sxflightcase.com\/hu\/termek\/kozuti-merevito\/","og_locale":"hu_HU","og_type":"article","og_title":"Road Case Brace CLB103","og_description":"Road case brace, factory direct! High-quality, durable braces designed to reinforce and secure road case panels and corners. Ideal for ensuring stability and protection during heavy-duty transport.","og_url":"https:\/\/sxflightcase.com\/hu\/termek\/kozuti-merevito\/","og_site_name":"https:\/\/sxflightcase.com","article_publisher":"https:\/\/www.facebook.com\/profile.php?id=61560407257971","article_modified_time":"2024-09-02T06:23:35+00:00","og_image":[{"width":700,"height":700,"url":"https:\/\/sxflightcase.com\/wp-content\/uploads\/2024\/08\/CLB103.jpg","type":"image\/jpeg"}],"twitter_card":"summary_large_image","twitter_misc":{"Becs\u00fclt olvas\u00e1si id\u0151":"3 perc"},"schema":{"@context":"https:\/\/schema.org","@graph":[{"@type":"WebPage","@id":"https:\/\/sxflightcase.com\/product\/road-case-brace\/","url":"https:\/\/sxflightcase.com\/product\/road-case-brace\/","name":"Road Case Brace CLB103 - https:\/\/sxflightcase.com \ud83d\udc97","isPartOf":{"@id":"https:\/\/sxflightcase.com\/th\/#website"},"primaryImageOfPage":{"@id":"https:\/\/sxflightcase.com\/product\/road-case-brace\/#primaryimage"},"image":{"@id":"https:\/\/sxflightcase.com\/product\/road-case-brace\/#primaryimage"},"thumbnailUrl":"https:\/\/sxflightcase.com\/wp-content\/uploads\/2024\/08\/CLB103.jpg","datePublished":"2024-09-02T06:23:24+00:00","dateModified":"2024-09-02T06:23:35+00:00","description":"K\u00f6z\u00fati tok merev\u00edt\u0151, gy\u00e1ri k\u00f6zvetlen! Kiv\u00e1l\u00f3 min\u0151s\u00e9g\u0171, tart\u00f3s merev\u00edt\u0151k, amelyeket a road case panelek \u00e9s sarkok meger\u0151s\u00edt\u00e9s\u00e9re \u00e9s r\u00f6gz\u00edt\u00e9s\u00e9re terveztek. Ide\u00e1lis a stabilit\u00e1s \u00e9s a v\u00e9delem biztos\u00edt\u00e1s\u00e1hoz a nagy ig\u00e9nybev\u00e9tel\u0171 sz\u00e1ll\u00edt\u00e1s sor\u00e1n.","breadcrumb":{"@id":"https:\/\/sxflightcase.com\/product\/road-case-brace\/#breadcrumb"},"inLanguage":"hu","potentialAction":[{"@type":"ReadAction","target":["https:\/\/sxflightcase.com\/product\/road-case-brace\/"]}]},{"@type":"ImageObject","inLanguage":"hu","@id":"https:\/\/sxflightcase.com\/product\/road-case-brace\/#primaryimage","url":"https:\/\/sxflightcase.com\/wp-content\/uploads\/2024\/08\/CLB103.jpg","contentUrl":"https:\/\/sxflightcase.com\/wp-content\/uploads\/2024\/08\/CLB103.jpg","width":700,"height":700,"caption":"Road Case Brace"},{"@type":"BreadcrumbList","@id":"https:\/\/sxflightcase.com\/product\/road-case-brace\/#breadcrumb","itemListElement":[{"@type":"ListItem","position":1,"name":"Home","item":"https:\/\/sxflightcase.com\/"},{"@type":"ListItem","position":2,"name":"\u0e2a\u0e34\u0e19\u0e04\u0e49\u0e32","item":"https:\/\/sxflightcase.com\/th\/shop\/"},{"@type":"ListItem","position":3,"name":"Road Case Brace CLB103"}]},{"@type":"WebSite","@id":"https:\/\/sxflightcase.com\/th\/#website","url":"https:\/\/sxflightcase.com\/th\/","name":"sxpowercase.com","description":"Flight Case Factory","publisher":{"@id":"https:\/\/sxflightcase.com\/th\/#organization"},"potentialAction":[{"@type":"SearchAction","target":{"@type":"EntryPoint","urlTemplate":"https:\/\/sxflightcase.com\/th\/?s={search_term_string}"},"query-input":{"@type":"PropertyValueSpecification","valueRequired":true,"valueName":"search_term_string"}}],"inLanguage":"hu"},{"@type":"Organization","@id":"https:\/\/sxflightcase.com\/th\/#organization","name":"sxpowercase.com","url":"https:\/\/sxflightcase.com\/th\/","logo":{"@type":"ImageObject","inLanguage":"hu","@id":"https:\/\/sxflightcase.com\/th\/#\/schema\/logo\/image\/","url":"https:\/\/sxflightcase.com\/wp-content\/uploads\/2024\/04\/1713919036007.jpg","contentUrl":"https:\/\/sxflightcase.com\/wp-content\/uploads\/2024\/04\/1713919036007.jpg","width":382,"height":388,"caption":"sxpowercase.com"},"image":{"@id":"https:\/\/sxflightcase.com\/th\/#\/schema\/logo\/image\/"},"sameAs":["https:\/\/www.facebook.com\/profile.php?id=61560407257971"],"numberOfEmployees":{"@type":"QuantitativeValue","minValue":"11","maxValue":"50"}}]}},"_links":{"self":[{"href":"https:\/\/sxflightcase.com\/hu\/wp-json\/wp\/v2\/product\/4232","targetHints":{"allow":["GET"]}}],"collection":[{"href":"https:\/\/sxflightcase.com\/hu\/wp-json\/wp\/v2\/product"}],"about":[{"href":"https:\/\/sxflightcase.com\/hu\/wp-json\/wp\/v2\/types\/product"}],"replies":[{"embeddable":true,"href":"https:\/\/sxflightcase.com\/hu\/wp-json\/wp\/v2\/comments?post=4232"}],"version-history":[{"count":0,"href":"https:\/\/sxflightcase.com\/hu\/wp-json\/wp\/v2\/product\/4232\/revisions"}],"wp:featuredmedia":[{"embeddable":true,"href":"https:\/\/sxflightcase.com\/hu\/wp-json\/wp\/v2\/media\/4192"}],"wp:attachment":[{"href":"https:\/\/sxflightcase.com\/hu\/wp-json\/wp\/v2\/media?parent=4232"}],"wp:term":[{"taxonomy":"product_brand","embeddable":true,"href":"https:\/\/sxflightcase.com\/hu\/wp-json\/wp\/v2\/product_brand?post=4232"},{"taxonomy":"product_cat","embeddable":true,"href":"https:\/\/sxflightcase.com\/hu\/wp-json\/wp\/v2\/product_cat?post=4232"},{"taxonomy":"product_tag","embeddable":true,"href":"https:\/\/sxflightcase.com\/hu\/wp-json\/wp\/v2\/product_tag?post=4232"}],"curies":[{"name":"wp","href":"https:\/\/api.w.org\/{rel}","templated":true}]}}