{"id":4233,"date":"2024-09-02T07:27:59","date_gmt":"2024-09-02T06:27:59","guid":{"rendered":"https:\/\/sxpowercase.com\/?post_type=product&#038;p=4233"},"modified":"2024-09-02T07:28:00","modified_gmt":"2024-09-02T06:28:00","slug":"road-case-brace-clb201","status":"publish","type":"product","link":"https:\/\/sxflightcase.com\/hu\/termek\/kozuti-tok-merevito-clb201\/","title":{"rendered":"K\u00f6z\u00fati tok merev\u00edt\u0151 CLB201"},"content":{"rendered":"<h3>Fokozza a tart\u00f3ss\u00e1got az SX Road Case Brace seg\u00edts\u00e9g\u00e9vel<\/h3>\n<p>Ha \u00e9rt\u00e9kes felszerel\u00e9s\u00e9nek v\u00e9delm\u00e9r\u0151l van sz\u00f3, nem lehet el\u00e9gg\u00e9 hangs\u00falyozni egy er\u0151s \u00fatit\u00e1ska fontoss\u00e1g\u00e1t. A <a href=\"https:\/\/sxpowercase.com\/product\/road-case-brace\/\"><strong>Road Case merev\u00edt\u0151<\/strong><\/a> by SX \u00fagy tervezt\u00e9k, hogy tov\u00e1bbi meger\u0151s\u00edt\u00e9st ny\u00fajtson, biztos\u00edtva, hogy a felszerel\u00e9se biztons\u00e1gban \u00e9s v\u00e9dve maradjon. Az SX-n\u00e9l \u00f6tv\u00f6zz\u00fck a min\u0151s\u00e9get a megfizethet\u0151s\u00e9ggel, a legmagasabb k\u00f6vetelm\u00e9nyeknek megfelel\u0151 term\u00e9keket k\u00edn\u00e1lunk gy\u00e1ri \u00e1ron.<\/p>\n<h3>Tart\u00f3san \u00e9p\u00edtett<\/h3>\n<p>A <strong>Road Case merev\u00edt\u0151<\/strong> a  c\u00edmr\u0151l <a href=\"https:\/\/sxpowercase.com\/\" target=\"_blank\" rel=\"noopener\" title=\"SX\" data-wpil-monitor-id=\"705\">SX<\/a> kiv\u00e1l\u00f3 min\u0151s\u00e9g\u0171 anyagok felhaszn\u00e1l\u00e1s\u00e1val k\u00e9sz\u00fclt, amelyek ellen\u00e1llnak a gyakori utaz\u00e1s viszontags\u00e1gainak. Ak\u00e1r a v\u00e1roson, ak\u00e1r az orsz\u00e1gon kereszt\u00fcl sz\u00e1ll\u00edtja a felszerel\u00e9s\u00e9t, ez a merev\u00edt\u0151 alapvet\u0151 tart\u00f3ss\u00e1got k\u00f6lcs\u00f6n\u00f6z az \u00fatit\u00e1sk\u00e1knak, \u00edgy a felszerel\u00e9se minden utaz\u00e1s sor\u00e1n s\u00e9rtetlen marad.<\/p>\n<h3>Gy\u00e1ri k\u00f6zvetlen \u00e1rk\u00e9pz\u00e9s<\/h3>\n<p>Az\u00e1ltal, hogy k\u00f6zvetlen\u00fcl a gy\u00e1runkb\u00f3l szerezz\u00fck be a term\u00e9keket, az SX pr\u00e9mium min\u0151s\u00e9g\u0171 term\u00e9keket tud k\u00edn\u00e1lni \u00d6nnek. <strong>Road Case Braces<\/strong> verhetetlen \u00e1ron. Hissz\u00fck, hogy a kiv\u00e1l\u00f3 min\u0151s\u00e9g\u0171 v\u00e9delemnek nem kell magas \u00e1rc\u00e9dul\u00e1val j\u00e1rnia. Az SX-n\u00e9l a legjobb \u00e1r-\u00e9rt\u00e9k ar\u00e1nyt kapja a p\u00e9nz\u00e9\u00e9rt an\u00e9lk\u00fcl, hogy kompromisszumot k\u00f6tne a min\u0151s\u00e9gben.<\/p>\n<h3>Egyszer\u0171 telep\u00edt\u00e9s<\/h3>\n<p>A <strong>Road Case merev\u00edt\u0151<\/strong> \u00fagy tervezt\u00e9k, hogy k\u00f6nnyen telep\u00edthet\u0151 legyen, \u00e9s z\u00f6kken\u0151mentesen illeszkedjen a megl\u00e9v\u0151 tokokba. Ez a felhaszn\u00e1l\u00f3bar\u00e1t funkci\u00f3 biztos\u00edtja, hogy gyorsan, gond n\u00e9lk\u00fcl friss\u00edtheti tokjait, \u00edgy t\u00f6bb ideje marad a munk\u00e1j\u00e1ra, mint a bonyolult \u00f6sszeszerel\u00e9sre.<\/p>\n<h3>Megb\u00edzhat\u00f3 teljes\u00edtm\u00e9ny<\/h3>\n<p>Az SX elk\u00f6telezett a megb\u00edzhat\u00f3 teljes\u00edtm\u00e9nyt ny\u00fajt\u00f3 term\u00e9kek biztos\u00edt\u00e1sa mellett. A <strong>Road Case merev\u00edt\u0151<\/strong> a k\u00fcl\u00f6nb\u00f6z\u0151 ipar\u00e1gak szakemberei megb\u00edznak benne, mivel k\u00e9pes k\u00f6vetkezetesen v\u00e9delmet \u00e9s stabilit\u00e1st ny\u00fajtani. Sz\u00e1m\u00edthat az SX-re, hogy biztons\u00e1gban tartja berendez\u00e9seit, b\u00e1rhov\u00e1 is vezessen a munk\u00e1ja.<\/p>\n<h3>Testreszab\u00e1si lehet\u0151s\u00e9gek<\/h3>\n<p>Mivel minden eset egyedi, az SX sz\u00e1mos k\u00fcl\u00f6nb\u00f6z\u0151 <strong>Road Case Braces<\/strong> a k\u00fcl\u00f6nb\u00f6z\u0151 ig\u00e9nyek kiel\u00e9g\u00edt\u00e9s\u00e9re. Ak\u00e1r egy adott m\u00e9retre, ak\u00e1r egyedi szerelv\u00e9nyekre van sz\u00fcks\u00e9ge, olyan megold\u00e1sokat k\u00edn\u00e1lunk, amelyek pontosan megfelelnek az \u00d6n ig\u00e9nyeinek, mindezt versenyk\u00e9pes \u00e1rakon.<\/p>\n<h3>V\u00e1lassza az SX-et a min\u0151s\u00e9g\u00e9rt<\/h3>\n<p>Az SX olyan term\u00e9kek sz\u00e1ll\u00edt\u00e1s\u00e1ra t\u00f6rekszik, amelyek az er\u0151t, a megfizethet\u0151s\u00e9get \u00e9s a k\u00f6nny\u0171 haszn\u00e1latot \u00f6tv\u00f6zik. A <strong>Road Case merev\u00edt\u0151<\/strong> p\u00e9ld\u00e1zza ezt az elk\u00f6telezetts\u00e9get, mivel megb\u00edzhat\u00f3 megold\u00e1st k\u00edn\u00e1l berendez\u00e9sei v\u00e9delm\u00e9nek fokoz\u00e1s\u00e1ra. Gy\u00e1ri k\u00f6zvetlen \u00e1rainkkal nem kell fel\u00e1ldoznia a min\u0151s\u00e9get a k\u00f6lts\u00e9gek\u00e9rt.<\/p>\n<h3>K\u00f6vetkeztet\u00e9s<\/h3>\n<p>Befektet\u00e9s egy <strong>Road Case merev\u00edt\u0151<\/strong> az SX-t\u0151l a nyugalomba val\u00f3 befektet\u00e9st jelenti. A merev\u00edt\u0151 megold\u00e1saink biztos\u00edtj\u00e1k, hogy a tokok tart\u00f3sak \u00e9s megb\u00edzhat\u00f3ak maradnak, \u00e9s biztos\u00edtj\u00e1k az \u00e9rt\u00e9kes berendez\u00e9sek meg\u00e9rdemelt v\u00e9delm\u00e9t. V\u00e1lassza az SX-et, \u00e9s tapasztalja meg a min\u0151s\u00e9get, a megfizethet\u0151s\u00e9get \u00e9s a kiv\u00e1l\u00f3 \u00fcgyf\u00e9lszolg\u00e1latot minden v\u00e1s\u00e1rl\u00e1s sor\u00e1n.<\/p>\n<p>Kapcsolatfelv\u00e9tel most:<span style=\"color: #0000ff;\"><a style=\"color: #0000ff;\" href=\"https:\/\/sxpowercase.com\/contact-us\/\">https:\/\/sxpowercase.com\/<\/a><\/span><\/p>\n<p>Hardver term\u00e9kkatal\u00f3gus\uff1a<span style=\"color: #3366ff;\"><a style=\"color: #3366ff;\" href=\"https:\/\/sxpowercase.com\/wp-content\/uploads\/2024\/07\/\u4e94\u91d1.pdf\">Hardver tartoz\u00e9kok katal\u00f3gusa<\/a><\/span><\/p>","protected":false},"excerpt":{"rendered":"<div class=\"flex max-w-full flex-col flex-grow\">\n<div class=\"min-h-[20px] text-message flex w-full flex-col items-end gap-2 break-words [.text-message+&amp;]:mt-5 overflow-x-auto whitespace-normal\" dir=\"auto\" data-message-author-role=\"assistant\" data-message-id=\"60de0853-cc30-4040-89ae-7656540583ea\">\n<div class=\"flex w-full flex-col gap-1 empty:hidden first:pt-[3px]\">\n<div class=\"markdown prose w-full break-words dark:prose-invert light\">\n<h3>SX Road Case Brace: Affordable, Durable Protection<\/h3>\n<p>Ensure your road cases are secure with SX\u2019s high-grade braces, designed to withstand the toughest travel conditions. Quality and durability at factory-direct prices.<\/p>\n<h3>Reinforce Your Road Cases with SX Braces<\/h3>\n<p>SX offers robust, reliable road case braces that protect your valuable gear during transport. Benefit from customizable options and unbeatable value.<\/p>\n<h3>Trusted by Professionals: SX Road Case Brace<\/h3>\n<p>Favored by industry experts, SX\u2019s Road Case Brace provides top-tier reinforcement at low costs. Choose SX for dependable protection and peace of mind.<\/p>\n<\/div>\n<\/div>\n<\/div>\n<\/div>\n","protected":false},"featured_media":4193,"comment_status":"open","ping_status":"closed","template":"","meta":[],"product_brand":[],"product_cat":[64],"product_tag":[],"class_list":{"0":"post-4233","1":"product","2":"type-product","3":"status-publish","4":"has-post-thumbnail","6":"product_cat-clamps","8":"first","9":"instock","10":"shipping-taxable","11":"product-type-simple"},"yoast_head":"<!-- This site is optimized with the Yoast SEO Premium plugin v27.1 (Yoast SEO v27.2) - https:\/\/yoast.com\/product\/yoast-seo-premium-wordpress\/ -->\n<title>Road Case Brace CLB201 - https:\/\/sxflightcase.com \ud83d\udc97<\/title>\n<meta name=\"description\" content=\"Road case brace, factory direct! High-quality, durable braces designed to reinforce and secure road case panels and corners. Ideal for ensuring stability and protection during heavy-duty transport.\" \/>\n<meta name=\"robots\" content=\"index, follow, max-snippet:-1, max-image-preview:large, max-video-preview:-1\" \/>\n<link rel=\"canonical\" href=\"https:\/\/sxflightcase.com\/hu\/termek\/kozuti-tok-merevito-clb201\/\" \/>\n<meta property=\"og:locale\" content=\"hu_HU\" \/>\n<meta property=\"og:type\" content=\"article\" \/>\n<meta property=\"og:title\" content=\"Road Case Brace CLB201\" \/>\n<meta property=\"og:description\" content=\"Road case brace, factory direct! High-quality, durable braces designed to reinforce and secure road case panels and corners. Ideal for ensuring stability and protection during heavy-duty transport.\" \/>\n<meta property=\"og:url\" content=\"https:\/\/sxflightcase.com\/hu\/termek\/kozuti-tok-merevito-clb201\/\" \/>\n<meta property=\"og:site_name\" content=\"https:\/\/sxflightcase.com\" \/>\n<meta property=\"article:publisher\" content=\"https:\/\/www.facebook.com\/profile.php?id=61560407257971\" \/>\n<meta property=\"article:modified_time\" content=\"2024-09-02T06:28:00+00:00\" \/>\n<meta property=\"og:image\" content=\"https:\/\/sxflightcase.com\/wp-content\/uploads\/2024\/08\/CLB201.jpg\" \/>\n\t<meta property=\"og:image:width\" content=\"517\" \/>\n\t<meta property=\"og:image:height\" content=\"517\" \/>\n\t<meta property=\"og:image:type\" content=\"image\/jpeg\" \/>\n<meta name=\"twitter:card\" content=\"summary_large_image\" \/>\n<meta name=\"twitter:label1\" content=\"Becs\u00fclt olvas\u00e1si id\u0151\" \/>\n\t<meta name=\"twitter:data1\" content=\"3 perc\" \/>\n<script type=\"application\/ld+json\" class=\"yoast-schema-graph\">{\"@context\":\"https:\/\/schema.org\",\"@graph\":[{\"@type\":\"WebPage\",\"@id\":\"https:\/\/sxflightcase.com\/product\/road-case-brace-clb201\/\",\"url\":\"https:\/\/sxflightcase.com\/product\/road-case-brace-clb201\/\",\"name\":\"Road Case Brace CLB201 - https:\/\/sxflightcase.com \ud83d\udc97\",\"isPartOf\":{\"@id\":\"https:\/\/sxflightcase.com\/th\/#website\"},\"primaryImageOfPage\":{\"@id\":\"https:\/\/sxflightcase.com\/product\/road-case-brace-clb201\/#primaryimage\"},\"image\":{\"@id\":\"https:\/\/sxflightcase.com\/product\/road-case-brace-clb201\/#primaryimage\"},\"thumbnailUrl\":\"https:\/\/sxflightcase.com\/wp-content\/uploads\/2024\/08\/CLB201.jpg\",\"datePublished\":\"2024-09-02T06:27:59+00:00\",\"dateModified\":\"2024-09-02T06:28:00+00:00\",\"description\":\"Road case brace, factory direct! High-quality, durable braces designed to reinforce and secure road case panels and corners. Ideal for ensuring stability and protection during heavy-duty transport.\",\"breadcrumb\":{\"@id\":\"https:\/\/sxflightcase.com\/product\/road-case-brace-clb201\/#breadcrumb\"},\"inLanguage\":\"hu\",\"potentialAction\":[{\"@type\":\"ReadAction\",\"target\":[\"https:\/\/sxflightcase.com\/product\/road-case-brace-clb201\/\"]}]},{\"@type\":\"ImageObject\",\"inLanguage\":\"hu\",\"@id\":\"https:\/\/sxflightcase.com\/product\/road-case-brace-clb201\/#primaryimage\",\"url\":\"https:\/\/sxflightcase.com\/wp-content\/uploads\/2024\/08\/CLB201.jpg\",\"contentUrl\":\"https:\/\/sxflightcase.com\/wp-content\/uploads\/2024\/08\/CLB201.jpg\",\"width\":517,\"height\":517,\"caption\":\"Road Case Brace\"},{\"@type\":\"BreadcrumbList\",\"@id\":\"https:\/\/sxflightcase.com\/product\/road-case-brace-clb201\/#breadcrumb\",\"itemListElement\":[{\"@type\":\"ListItem\",\"position\":1,\"name\":\"Home\",\"item\":\"https:\/\/sxflightcase.com\/\"},{\"@type\":\"ListItem\",\"position\":2,\"name\":\"\u0e2a\u0e34\u0e19\u0e04\u0e49\u0e32\",\"item\":\"https:\/\/sxflightcase.com\/th\/shop\/\"},{\"@type\":\"ListItem\",\"position\":3,\"name\":\"Road Case Brace CLB201\"}]},{\"@type\":\"WebSite\",\"@id\":\"https:\/\/sxflightcase.com\/th\/#website\",\"url\":\"https:\/\/sxflightcase.com\/th\/\",\"name\":\"sxpowercase.com\",\"description\":\"Flight Case Factory\",\"publisher\":{\"@id\":\"https:\/\/sxflightcase.com\/th\/#organization\"},\"potentialAction\":[{\"@type\":\"SearchAction\",\"target\":{\"@type\":\"EntryPoint\",\"urlTemplate\":\"https:\/\/sxflightcase.com\/th\/?s={search_term_string}\"},\"query-input\":{\"@type\":\"PropertyValueSpecification\",\"valueRequired\":true,\"valueName\":\"search_term_string\"}}],\"inLanguage\":\"hu\"},{\"@type\":\"Organization\",\"@id\":\"https:\/\/sxflightcase.com\/th\/#organization\",\"name\":\"sxpowercase.com\",\"url\":\"https:\/\/sxflightcase.com\/th\/\",\"logo\":{\"@type\":\"ImageObject\",\"inLanguage\":\"hu\",\"@id\":\"https:\/\/sxflightcase.com\/th\/#\/schema\/logo\/image\/\",\"url\":\"https:\/\/sxflightcase.com\/wp-content\/uploads\/2024\/04\/1713919036007.jpg\",\"contentUrl\":\"https:\/\/sxflightcase.com\/wp-content\/uploads\/2024\/04\/1713919036007.jpg\",\"width\":382,\"height\":388,\"caption\":\"sxpowercase.com\"},\"image\":{\"@id\":\"https:\/\/sxflightcase.com\/th\/#\/schema\/logo\/image\/\"},\"sameAs\":[\"https:\/\/www.facebook.com\/profile.php?id=61560407257971\"],\"numberOfEmployees\":{\"@type\":\"QuantitativeValue\",\"minValue\":\"11\",\"maxValue\":\"50\"}}]}<\/script>\n<!-- \/ Yoast SEO Premium plugin. -->","yoast_head_json":{"title":"Road Case Brace CLB201 - https:\/\/sxflightcase.com \ud83d\udc97","description":"K\u00f6z\u00fati tok merev\u00edt\u0151, gy\u00e1ri k\u00f6zvetlen! Kiv\u00e1l\u00f3 min\u0151s\u00e9g\u0171, tart\u00f3s merev\u00edt\u0151k, amelyeket a road case panelek \u00e9s sarkok meger\u0151s\u00edt\u00e9s\u00e9re \u00e9s r\u00f6gz\u00edt\u00e9s\u00e9re terveztek. Ide\u00e1lis a stabilit\u00e1s \u00e9s a v\u00e9delem biztos\u00edt\u00e1s\u00e1hoz a nagy ig\u00e9nybev\u00e9tel\u0171 sz\u00e1ll\u00edt\u00e1s sor\u00e1n.","robots":{"index":"index","follow":"follow","max-snippet":"max-snippet:-1","max-image-preview":"max-image-preview:large","max-video-preview":"max-video-preview:-1"},"canonical":"https:\/\/sxflightcase.com\/hu\/termek\/kozuti-tok-merevito-clb201\/","og_locale":"hu_HU","og_type":"article","og_title":"Road Case Brace CLB201","og_description":"Road case brace, factory direct! High-quality, durable braces designed to reinforce and secure road case panels and corners. Ideal for ensuring stability and protection during heavy-duty transport.","og_url":"https:\/\/sxflightcase.com\/hu\/termek\/kozuti-tok-merevito-clb201\/","og_site_name":"https:\/\/sxflightcase.com","article_publisher":"https:\/\/www.facebook.com\/profile.php?id=61560407257971","article_modified_time":"2024-09-02T06:28:00+00:00","og_image":[{"width":517,"height":517,"url":"https:\/\/sxflightcase.com\/wp-content\/uploads\/2024\/08\/CLB201.jpg","type":"image\/jpeg"}],"twitter_card":"summary_large_image","twitter_misc":{"Becs\u00fclt olvas\u00e1si id\u0151":"3 perc"},"schema":{"@context":"https:\/\/schema.org","@graph":[{"@type":"WebPage","@id":"https:\/\/sxflightcase.com\/product\/road-case-brace-clb201\/","url":"https:\/\/sxflightcase.com\/product\/road-case-brace-clb201\/","name":"Road Case Brace CLB201 - https:\/\/sxflightcase.com \ud83d\udc97","isPartOf":{"@id":"https:\/\/sxflightcase.com\/th\/#website"},"primaryImageOfPage":{"@id":"https:\/\/sxflightcase.com\/product\/road-case-brace-clb201\/#primaryimage"},"image":{"@id":"https:\/\/sxflightcase.com\/product\/road-case-brace-clb201\/#primaryimage"},"thumbnailUrl":"https:\/\/sxflightcase.com\/wp-content\/uploads\/2024\/08\/CLB201.jpg","datePublished":"2024-09-02T06:27:59+00:00","dateModified":"2024-09-02T06:28:00+00:00","description":"K\u00f6z\u00fati tok merev\u00edt\u0151, gy\u00e1ri k\u00f6zvetlen! Kiv\u00e1l\u00f3 min\u0151s\u00e9g\u0171, tart\u00f3s merev\u00edt\u0151k, amelyeket a road case panelek \u00e9s sarkok meger\u0151s\u00edt\u00e9s\u00e9re \u00e9s r\u00f6gz\u00edt\u00e9s\u00e9re terveztek. Ide\u00e1lis a stabilit\u00e1s \u00e9s a v\u00e9delem biztos\u00edt\u00e1s\u00e1hoz a nagy ig\u00e9nybev\u00e9tel\u0171 sz\u00e1ll\u00edt\u00e1s sor\u00e1n.","breadcrumb":{"@id":"https:\/\/sxflightcase.com\/product\/road-case-brace-clb201\/#breadcrumb"},"inLanguage":"hu","potentialAction":[{"@type":"ReadAction","target":["https:\/\/sxflightcase.com\/product\/road-case-brace-clb201\/"]}]},{"@type":"ImageObject","inLanguage":"hu","@id":"https:\/\/sxflightcase.com\/product\/road-case-brace-clb201\/#primaryimage","url":"https:\/\/sxflightcase.com\/wp-content\/uploads\/2024\/08\/CLB201.jpg","contentUrl":"https:\/\/sxflightcase.com\/wp-content\/uploads\/2024\/08\/CLB201.jpg","width":517,"height":517,"caption":"Road Case Brace"},{"@type":"BreadcrumbList","@id":"https:\/\/sxflightcase.com\/product\/road-case-brace-clb201\/#breadcrumb","itemListElement":[{"@type":"ListItem","position":1,"name":"Home","item":"https:\/\/sxflightcase.com\/"},{"@type":"ListItem","position":2,"name":"\u0e2a\u0e34\u0e19\u0e04\u0e49\u0e32","item":"https:\/\/sxflightcase.com\/th\/shop\/"},{"@type":"ListItem","position":3,"name":"Road Case Brace CLB201"}]},{"@type":"WebSite","@id":"https:\/\/sxflightcase.com\/th\/#website","url":"https:\/\/sxflightcase.com\/th\/","name":"sxpowercase.com","description":"Flight Case Factory","publisher":{"@id":"https:\/\/sxflightcase.com\/th\/#organization"},"potentialAction":[{"@type":"SearchAction","target":{"@type":"EntryPoint","urlTemplate":"https:\/\/sxflightcase.com\/th\/?s={search_term_string}"},"query-input":{"@type":"PropertyValueSpecification","valueRequired":true,"valueName":"search_term_string"}}],"inLanguage":"hu"},{"@type":"Organization","@id":"https:\/\/sxflightcase.com\/th\/#organization","name":"sxpowercase.com","url":"https:\/\/sxflightcase.com\/th\/","logo":{"@type":"ImageObject","inLanguage":"hu","@id":"https:\/\/sxflightcase.com\/th\/#\/schema\/logo\/image\/","url":"https:\/\/sxflightcase.com\/wp-content\/uploads\/2024\/04\/1713919036007.jpg","contentUrl":"https:\/\/sxflightcase.com\/wp-content\/uploads\/2024\/04\/1713919036007.jpg","width":382,"height":388,"caption":"sxpowercase.com"},"image":{"@id":"https:\/\/sxflightcase.com\/th\/#\/schema\/logo\/image\/"},"sameAs":["https:\/\/www.facebook.com\/profile.php?id=61560407257971"],"numberOfEmployees":{"@type":"QuantitativeValue","minValue":"11","maxValue":"50"}}]}},"_links":{"self":[{"href":"https:\/\/sxflightcase.com\/hu\/wp-json\/wp\/v2\/product\/4233","targetHints":{"allow":["GET"]}}],"collection":[{"href":"https:\/\/sxflightcase.com\/hu\/wp-json\/wp\/v2\/product"}],"about":[{"href":"https:\/\/sxflightcase.com\/hu\/wp-json\/wp\/v2\/types\/product"}],"replies":[{"embeddable":true,"href":"https:\/\/sxflightcase.com\/hu\/wp-json\/wp\/v2\/comments?post=4233"}],"version-history":[{"count":0,"href":"https:\/\/sxflightcase.com\/hu\/wp-json\/wp\/v2\/product\/4233\/revisions"}],"wp:featuredmedia":[{"embeddable":true,"href":"https:\/\/sxflightcase.com\/hu\/wp-json\/wp\/v2\/media\/4193"}],"wp:attachment":[{"href":"https:\/\/sxflightcase.com\/hu\/wp-json\/wp\/v2\/media?parent=4233"}],"wp:term":[{"taxonomy":"product_brand","embeddable":true,"href":"https:\/\/sxflightcase.com\/hu\/wp-json\/wp\/v2\/product_brand?post=4233"},{"taxonomy":"product_cat","embeddable":true,"href":"https:\/\/sxflightcase.com\/hu\/wp-json\/wp\/v2\/product_cat?post=4233"},{"taxonomy":"product_tag","embeddable":true,"href":"https:\/\/sxflightcase.com\/hu\/wp-json\/wp\/v2\/product_tag?post=4233"}],"curies":[{"name":"wp","href":"https:\/\/api.w.org\/{rel}","templated":true}]}}