{"id":4234,"date":"2024-09-02T07:37:21","date_gmt":"2024-09-02T06:37:21","guid":{"rendered":"https:\/\/sxpowercase.com\/?post_type=product&#038;p=4234"},"modified":"2024-09-02T07:37:22","modified_gmt":"2024-09-02T06:37:22","slug":"flight-case-clamps-clb202","status":"publish","type":"product","link":"https:\/\/sxflightcase.com\/hu\/termek\/repulesi-tok-bilincsek-clb202\/","title":{"rendered":"Rep\u00fcl\u0151 tok bilincsek CLB202"},"content":{"rendered":"<h3>Pr\u00e9mium min\u0151s\u00e9g\u0171 Flight Case Clamps by SX<\/h3>\n<p>Amikor a rep\u00fcl\u00e9si tokok biztos\u00edt\u00e1s\u00e1r\u00f3l van sz\u00f3, a min\u0151s\u00e9g alapvet\u0151 fontoss\u00e1g\u00fa. Az SX-n\u00e9l pr\u00e9mium min\u0151s\u00e9g\u0171<a href=\"https:\/\/sxpowercase.com\/product\/road-case-brace-clb201\/\"> <strong>Flight Case bilincsek<\/strong><\/a> \u00fagy tervezt\u00e9k, hogy megb\u00edzhat\u00f3 t\u00e1mogat\u00e1st \u00e9s tart\u00f3s tart\u00f3ss\u00e1got biztos\u00edtson. A bilincsek prec\u00edzen k\u00e9sz\u00fcltek, hogy \u00e9rt\u00e9kes felszerel\u00e9seit sz\u00e1ll\u00edt\u00e1s k\u00f6zben is v\u00e9dve tarts\u00e1k. A  oldalon <a href=\"https:\/\/sxpowercase.com\/\" target=\"_blank\" rel=\"noopener\" title=\"SX\" data-wpil-monitor-id=\"706\">SX<\/a>, a kiv\u00e1l\u00f3 min\u0151s\u00e9g \u00e9s a megfizethet\u0151s\u00e9g t\u00f6k\u00e9letes egyens\u00faly\u00e1t kapja.<\/p>\n<h3>Maxim\u00e1lis v\u00e9delemre \u00e9s tart\u00f3ss\u00e1gra tervezve<\/h3>\n<p>SX <strong>Flight Case bilincsek<\/strong> a legmagasabb sz\u00ednvonalat szem el\u0151tt tartva \u00e9p\u00fclnek. Ak\u00e1r profi t\u00far\u00e1z\u00f3, ak\u00e1r rendezv\u00e9nyszervez\u0151, vagy egyszer\u0171en csak biztons\u00e1gban kell tartania felszerel\u00e9s\u00e9t, bilincseink ide\u00e1lis v\u00e1laszt\u00e1snak bizonyulnak. Er\u0151s, tart\u00f3s anyagokb\u00f3l k\u00e9sz\u00fcltek, \u00fagy tervezt\u00e9k \u0151ket, hogy ellen\u00e1lljanak a nagy ig\u00e9nybev\u00e9telnek, mik\u00f6zben biztons\u00e1gosan z\u00e1rva tartj\u00e1k a t\u00e1sk\u00e1kat. Ez azt jelenti, hogy felszerel\u00e9se biztons\u00e1gban \u00e9rkezik meg, b\u00e1rmilyen r\u00f6g\u00f6s is az \u00fat.<\/p>\n<h3>Gy\u00e1ri k\u00f6zvetlen \u00e9rt\u00e9kes\u00edt\u00e9s verhetetlen \u00e1ron<\/h3>\n<p>Az SX egyik kiemelked\u0151 jellemz\u0151je a gy\u00e1ri k\u00f6zvetlen \u00e9rt\u00e9kes\u00edt\u00e9s ir\u00e1nti elk\u00f6telezetts\u00e9g\u00fcnk. A k\u00f6zvet\u00edt\u0151k kik\u00fcsz\u00f6b\u00f6l\u00e9s\u00e9vel a k\u00f6vetkez\u0151ket k\u00edn\u00e1ljuk <strong>Flight Case bilincsek<\/strong> olyan \u00e1rakon, amelyeket neh\u00e9z fel\u00fclm\u00falni. K\u00f6zvetlen\u00fcl a fogyaszt\u00f3knak sz\u00f3l\u00f3 megk\u00f6zel\u00edt\u00e9s\u00fcnk biztos\u00edtja, hogy a legjobb \u00e1r-\u00e9rt\u00e9k ar\u00e1nyt kapja a p\u00e9nz\u00e9\u00e9rt, a min\u0151s\u00e9g fel\u00e1ldoz\u00e1sa n\u00e9lk\u00fcl. Ha az SX-t\u0151l v\u00e1s\u00e1rol, nem csak alacsony \u00e1rakat kap, hanem azt a biztos\u00edt\u00e9kot is, hogy minden egyes bilincs a legmagasabb sz\u00ednvonalon k\u00e9sz\u00fcl.<\/p>\n<h3>Szigor\u00fa min\u0151s\u00e9gellen\u0151rz\u00e9s a megb\u00edzhat\u00f3 teljes\u00edtm\u00e9ny \u00e9rdek\u00e9ben<\/h3>\n<p>Versenyk\u00e9pes \u00e1raink mellett az SX garant\u00e1lja az \u00e1ltalunk \u00e9rt\u00e9kes\u00edtett term\u00e9kek min\u0151s\u00e9g\u00e9t. A <strong>Flight Case bilincsek<\/strong> szigor\u00fa min\u0151s\u00e9gellen\u0151rz\u00e9si folyamatoknak vetj\u00fck al\u00e1, hogy megfeleljenek szigor\u00fa szabv\u00e1nyainknak. Ez azt jelenti, hogy b\u00edzhat abban, hogy minden egyes bilincs, amelyet megv\u00e1s\u00e1rol, hossz\u00fa t\u00e1von megb\u00edzhat\u00f3an fog m\u0171k\u00f6dni, \u00edgy biztos\u00edtva \u00d6nnek a meg\u00e9rdemelt nyugalmat.<\/p>\n<h3>Garant\u00e1lt \u00fcgyf\u00e9l-el\u00e9gedetts\u00e9g<\/h3>\n<p>Az SX-n\u00e9l tiszt\u00e1ban vagyunk az \u00fcgyfelek el\u00e9gedetts\u00e9g\u00e9nek fontoss\u00e1g\u00e1val. Ez\u00e9rt nem csak megfizethet\u0151 \u00e1rakat k\u00edn\u00e1lunk, hanem el\u00e9gedetts\u00e9gi garanci\u00e1t is minden term\u00e9k\u00fcnkre. <strong>Flight Case bilincsek<\/strong>. Ki\u00e1llunk term\u00e9keink tart\u00f3ss\u00e1ga \u00e9s teljes\u00edtm\u00e9nye mellett, \u00e9s csapatunk mindig k\u00e9szen \u00e1ll arra, hogy b\u00e1rmilyen k\u00e9rd\u00e9ssel vagy probl\u00e9m\u00e1val kapcsolatban seg\u00edts\u00e9get ny\u00fajtson \u00d6nnek.<\/p>\n<h3>B\u00edzzon az SX-ben minden rep\u00fcl\u00e9si tokkal kapcsolatos ig\u00e9nye eset\u00e9n<\/h3>\n<p>Az SX v\u00e1laszt\u00e1sa azt jelenti, hogy olyan m\u00e1rk\u00e1t v\u00e1laszt, amely \u00e9rt\u00e9keli az \u00d6n ig\u00e9nyeit. Ak\u00e1r \u00faj tokok felszerel\u00e9s\u00e9r\u0151l, ak\u00e1r r\u00e9gi hardverek cser\u00e9j\u00e9r\u0151l van sz\u00f3, a mi <strong>Rep\u00fcl\u0151 tok r\u00f6gz\u00edt\u0151<\/strong>\u00a0biztos\u00edtja az \u00d6n \u00e1ltal ig\u00e9nyelt szil\u00e1rds\u00e1got \u00e9s megb\u00edzhat\u00f3s\u00e1got. Fedezze fel, hogy a szakemberek vil\u00e1gszerte mi\u00e9rt b\u00edznak a SX-ben, ha rep\u00fcl\u0151t\u00e1sk\u00e1ra van sz\u00fcks\u00e9g\u00fck, \u00e9s haszn\u00e1lja ki verhetetlen gy\u00e1ri k\u00f6zvetlen \u00e1rainkat m\u00e9g ma.<\/p>\n<p>Kapcsolatfelv\u00e9tel most:<span style=\"color: #0000ff;\"><a style=\"color: #0000ff;\" href=\"https:\/\/sxpowercase.com\/contact-us\/\">https:\/\/sxpowercase.com\/<\/a><\/span><\/p>\n<p>Hardver term\u00e9kkatal\u00f3gus\uff1a<span style=\"color: #3366ff;\"><a style=\"color: #3366ff;\" href=\"https:\/\/sxpowercase.com\/wp-content\/uploads\/2024\/07\/\u4e94\u91d1.pdf\">Hardver tartoz\u00e9kok katal\u00f3gusa<\/a><\/span><\/p>","protected":false},"excerpt":{"rendered":"<div class=\"flex max-w-full flex-col flex-grow\">\n<div class=\"min-h-[20px] text-message flex w-full flex-col items-end gap-2 break-words [.text-message+&amp;]:mt-5 overflow-x-auto whitespace-normal\" dir=\"auto\" data-message-author-role=\"assistant\" data-message-id=\"d91c7d02-28cb-40d5-842f-74035d9988ba\">\n<div class=\"flex w-full flex-col gap-1 empty:hidden first:pt-[3px]\">\n<div class=\"markdown prose w-full break-words dark:prose-invert light\">\n<h3>SX Flight Case Clamps: Top-Quality Protection at Affordable Prices<\/h3>\n<p>Secure your gear with SX\u2019s durable Flight Case Clamps, designed for maximum protection during transport. Enjoy factory-direct pricing without sacrificing quality.<\/p>\n<h3>Reliable Flight Case Clamps by SX<\/h3>\n<p>SX offers precision-crafted Flight Case Clamps that ensure your equipment stays safe. Trusted by professionals, our clamps deliver long-lasting performance.<\/p>\n<h3>Factory-Direct Savings with SX Flight Case Clamps<\/h3>\n<p>Get premium Flight Case Clamps at unbeatable prices from SX. Our commitment to quality control guarantees reliable, durable protection for your gear.<\/p>\n<\/div>\n<\/div>\n<\/div>\n<\/div>\n","protected":false},"featured_media":4194,"comment_status":"open","ping_status":"closed","template":"","meta":[],"product_brand":[],"product_cat":[64],"product_tag":[],"class_list":{"0":"post-4234","1":"product","2":"type-product","3":"status-publish","4":"has-post-thumbnail","6":"product_cat-clamps","8":"first","9":"instock","10":"shipping-taxable","11":"product-type-simple"},"yoast_head":"<!-- This site is optimized with the Yoast SEO Premium plugin v27.1 (Yoast SEO v27.2) - https:\/\/yoast.com\/product\/yoast-seo-premium-wordpress\/ -->\n<title>Flight Case Clamps CLB202 - https:\/\/sxflightcase.com \ud83d\udc97<\/title>\n<meta name=\"description\" content=\"Flight case clamps, factory direct! High-quality, durable clamps designed for securely assembling and reinforcing flight case panels and corners. Perfect for ensuring long-lasting protection and stability.\" \/>\n<meta name=\"robots\" content=\"index, follow, max-snippet:-1, max-image-preview:large, max-video-preview:-1\" \/>\n<link rel=\"canonical\" href=\"https:\/\/sxflightcase.com\/hu\/termek\/repulesi-tok-bilincsek-clb202\/\" \/>\n<meta property=\"og:locale\" content=\"hu_HU\" \/>\n<meta property=\"og:type\" content=\"article\" \/>\n<meta property=\"og:title\" content=\"Flight Case Clamps CLB202\" \/>\n<meta property=\"og:description\" content=\"Flight case clamps, factory direct! High-quality, durable clamps designed for securely assembling and reinforcing flight case panels and corners. Perfect for ensuring long-lasting protection and stability.\" \/>\n<meta property=\"og:url\" content=\"https:\/\/sxflightcase.com\/hu\/termek\/repulesi-tok-bilincsek-clb202\/\" \/>\n<meta property=\"og:site_name\" content=\"https:\/\/sxflightcase.com\" \/>\n<meta property=\"article:publisher\" content=\"https:\/\/www.facebook.com\/profile.php?id=61560407257971\" \/>\n<meta property=\"article:modified_time\" content=\"2024-09-02T06:37:22+00:00\" \/>\n<meta property=\"og:image\" content=\"https:\/\/sxflightcase.com\/wp-content\/uploads\/2024\/08\/CLB202.jpg\" \/>\n\t<meta property=\"og:image:width\" content=\"700\" \/>\n\t<meta property=\"og:image:height\" content=\"700\" \/>\n\t<meta property=\"og:image:type\" content=\"image\/jpeg\" \/>\n<meta name=\"twitter:card\" content=\"summary_large_image\" \/>\n<meta name=\"twitter:label1\" content=\"Becs\u00fclt olvas\u00e1si id\u0151\" \/>\n\t<meta name=\"twitter:data1\" content=\"3 perc\" \/>\n<script type=\"application\/ld+json\" class=\"yoast-schema-graph\">{\"@context\":\"https:\/\/schema.org\",\"@graph\":[{\"@type\":\"WebPage\",\"@id\":\"https:\/\/sxflightcase.com\/product\/flight-case-clamps-clb202\/\",\"url\":\"https:\/\/sxflightcase.com\/product\/flight-case-clamps-clb202\/\",\"name\":\"Flight Case Clamps CLB202 - https:\/\/sxflightcase.com \ud83d\udc97\",\"isPartOf\":{\"@id\":\"https:\/\/sxflightcase.com\/th\/#website\"},\"primaryImageOfPage\":{\"@id\":\"https:\/\/sxflightcase.com\/product\/flight-case-clamps-clb202\/#primaryimage\"},\"image\":{\"@id\":\"https:\/\/sxflightcase.com\/product\/flight-case-clamps-clb202\/#primaryimage\"},\"thumbnailUrl\":\"https:\/\/sxflightcase.com\/wp-content\/uploads\/2024\/08\/CLB202.jpg\",\"datePublished\":\"2024-09-02T06:37:21+00:00\",\"dateModified\":\"2024-09-02T06:37:22+00:00\",\"description\":\"Flight case clamps, factory direct! High-quality, durable clamps designed for securely assembling and reinforcing flight case panels and corners. Perfect for ensuring long-lasting protection and stability.\",\"breadcrumb\":{\"@id\":\"https:\/\/sxflightcase.com\/product\/flight-case-clamps-clb202\/#breadcrumb\"},\"inLanguage\":\"hu\",\"potentialAction\":[{\"@type\":\"ReadAction\",\"target\":[\"https:\/\/sxflightcase.com\/product\/flight-case-clamps-clb202\/\"]}]},{\"@type\":\"ImageObject\",\"inLanguage\":\"hu\",\"@id\":\"https:\/\/sxflightcase.com\/product\/flight-case-clamps-clb202\/#primaryimage\",\"url\":\"https:\/\/sxflightcase.com\/wp-content\/uploads\/2024\/08\/CLB202.jpg\",\"contentUrl\":\"https:\/\/sxflightcase.com\/wp-content\/uploads\/2024\/08\/CLB202.jpg\",\"width\":700,\"height\":700,\"caption\":\"Flight Case Clamps\"},{\"@type\":\"BreadcrumbList\",\"@id\":\"https:\/\/sxflightcase.com\/product\/flight-case-clamps-clb202\/#breadcrumb\",\"itemListElement\":[{\"@type\":\"ListItem\",\"position\":1,\"name\":\"Home\",\"item\":\"https:\/\/sxflightcase.com\/\"},{\"@type\":\"ListItem\",\"position\":2,\"name\":\"\u0e2a\u0e34\u0e19\u0e04\u0e49\u0e32\",\"item\":\"https:\/\/sxflightcase.com\/th\/shop\/\"},{\"@type\":\"ListItem\",\"position\":3,\"name\":\"Flight Case Clamps CLB202\"}]},{\"@type\":\"WebSite\",\"@id\":\"https:\/\/sxflightcase.com\/th\/#website\",\"url\":\"https:\/\/sxflightcase.com\/th\/\",\"name\":\"sxpowercase.com\",\"description\":\"Flight Case Factory\",\"publisher\":{\"@id\":\"https:\/\/sxflightcase.com\/th\/#organization\"},\"potentialAction\":[{\"@type\":\"SearchAction\",\"target\":{\"@type\":\"EntryPoint\",\"urlTemplate\":\"https:\/\/sxflightcase.com\/th\/?s={search_term_string}\"},\"query-input\":{\"@type\":\"PropertyValueSpecification\",\"valueRequired\":true,\"valueName\":\"search_term_string\"}}],\"inLanguage\":\"hu\"},{\"@type\":\"Organization\",\"@id\":\"https:\/\/sxflightcase.com\/th\/#organization\",\"name\":\"sxpowercase.com\",\"url\":\"https:\/\/sxflightcase.com\/th\/\",\"logo\":{\"@type\":\"ImageObject\",\"inLanguage\":\"hu\",\"@id\":\"https:\/\/sxflightcase.com\/th\/#\/schema\/logo\/image\/\",\"url\":\"https:\/\/sxflightcase.com\/wp-content\/uploads\/2024\/04\/1713919036007.jpg\",\"contentUrl\":\"https:\/\/sxflightcase.com\/wp-content\/uploads\/2024\/04\/1713919036007.jpg\",\"width\":382,\"height\":388,\"caption\":\"sxpowercase.com\"},\"image\":{\"@id\":\"https:\/\/sxflightcase.com\/th\/#\/schema\/logo\/image\/\"},\"sameAs\":[\"https:\/\/www.facebook.com\/profile.php?id=61560407257971\"],\"numberOfEmployees\":{\"@type\":\"QuantitativeValue\",\"minValue\":\"11\",\"maxValue\":\"50\"}}]}<\/script>\n<!-- \/ Yoast SEO Premium plugin. -->","yoast_head_json":{"title":"Flight Case Clamps CLB202 - https:\/\/sxflightcase.com \ud83d\udc97","description":"Flightcase bilincsek, gy\u00e1ri direkt! Kiv\u00e1l\u00f3 min\u0151s\u00e9g\u0171, tart\u00f3s bilincsek, amelyeket a rep\u00fcl\u0151 tok paneljeinek \u00e9s sarkainak biztons\u00e1gos \u00f6sszeszerel\u00e9s\u00e9hez \u00e9s meger\u0151s\u00edt\u00e9s\u00e9hez terveztek. T\u00f6k\u00e9letes a hossz\u00fa t\u00e1v\u00fa v\u00e9delem \u00e9s stabilit\u00e1s biztos\u00edt\u00e1s\u00e1hoz.","robots":{"index":"index","follow":"follow","max-snippet":"max-snippet:-1","max-image-preview":"max-image-preview:large","max-video-preview":"max-video-preview:-1"},"canonical":"https:\/\/sxflightcase.com\/hu\/termek\/repulesi-tok-bilincsek-clb202\/","og_locale":"hu_HU","og_type":"article","og_title":"Flight Case Clamps CLB202","og_description":"Flight case clamps, factory direct! High-quality, durable clamps designed for securely assembling and reinforcing flight case panels and corners. Perfect for ensuring long-lasting protection and stability.","og_url":"https:\/\/sxflightcase.com\/hu\/termek\/repulesi-tok-bilincsek-clb202\/","og_site_name":"https:\/\/sxflightcase.com","article_publisher":"https:\/\/www.facebook.com\/profile.php?id=61560407257971","article_modified_time":"2024-09-02T06:37:22+00:00","og_image":[{"width":700,"height":700,"url":"https:\/\/sxflightcase.com\/wp-content\/uploads\/2024\/08\/CLB202.jpg","type":"image\/jpeg"}],"twitter_card":"summary_large_image","twitter_misc":{"Becs\u00fclt olvas\u00e1si id\u0151":"3 perc"},"schema":{"@context":"https:\/\/schema.org","@graph":[{"@type":"WebPage","@id":"https:\/\/sxflightcase.com\/product\/flight-case-clamps-clb202\/","url":"https:\/\/sxflightcase.com\/product\/flight-case-clamps-clb202\/","name":"Flight Case Clamps CLB202 - https:\/\/sxflightcase.com \ud83d\udc97","isPartOf":{"@id":"https:\/\/sxflightcase.com\/th\/#website"},"primaryImageOfPage":{"@id":"https:\/\/sxflightcase.com\/product\/flight-case-clamps-clb202\/#primaryimage"},"image":{"@id":"https:\/\/sxflightcase.com\/product\/flight-case-clamps-clb202\/#primaryimage"},"thumbnailUrl":"https:\/\/sxflightcase.com\/wp-content\/uploads\/2024\/08\/CLB202.jpg","datePublished":"2024-09-02T06:37:21+00:00","dateModified":"2024-09-02T06:37:22+00:00","description":"Flightcase bilincsek, gy\u00e1ri direkt! Kiv\u00e1l\u00f3 min\u0151s\u00e9g\u0171, tart\u00f3s bilincsek, amelyeket a rep\u00fcl\u0151 tok paneljeinek \u00e9s sarkainak biztons\u00e1gos \u00f6sszeszerel\u00e9s\u00e9hez \u00e9s meger\u0151s\u00edt\u00e9s\u00e9hez terveztek. T\u00f6k\u00e9letes a hossz\u00fa t\u00e1v\u00fa v\u00e9delem \u00e9s stabilit\u00e1s biztos\u00edt\u00e1s\u00e1hoz.","breadcrumb":{"@id":"https:\/\/sxflightcase.com\/product\/flight-case-clamps-clb202\/#breadcrumb"},"inLanguage":"hu","potentialAction":[{"@type":"ReadAction","target":["https:\/\/sxflightcase.com\/product\/flight-case-clamps-clb202\/"]}]},{"@type":"ImageObject","inLanguage":"hu","@id":"https:\/\/sxflightcase.com\/product\/flight-case-clamps-clb202\/#primaryimage","url":"https:\/\/sxflightcase.com\/wp-content\/uploads\/2024\/08\/CLB202.jpg","contentUrl":"https:\/\/sxflightcase.com\/wp-content\/uploads\/2024\/08\/CLB202.jpg","width":700,"height":700,"caption":"Flight Case Clamps"},{"@type":"BreadcrumbList","@id":"https:\/\/sxflightcase.com\/product\/flight-case-clamps-clb202\/#breadcrumb","itemListElement":[{"@type":"ListItem","position":1,"name":"Home","item":"https:\/\/sxflightcase.com\/"},{"@type":"ListItem","position":2,"name":"\u0e2a\u0e34\u0e19\u0e04\u0e49\u0e32","item":"https:\/\/sxflightcase.com\/th\/shop\/"},{"@type":"ListItem","position":3,"name":"Flight Case Clamps CLB202"}]},{"@type":"WebSite","@id":"https:\/\/sxflightcase.com\/th\/#website","url":"https:\/\/sxflightcase.com\/th\/","name":"sxpowercase.com","description":"Flight Case Factory","publisher":{"@id":"https:\/\/sxflightcase.com\/th\/#organization"},"potentialAction":[{"@type":"SearchAction","target":{"@type":"EntryPoint","urlTemplate":"https:\/\/sxflightcase.com\/th\/?s={search_term_string}"},"query-input":{"@type":"PropertyValueSpecification","valueRequired":true,"valueName":"search_term_string"}}],"inLanguage":"hu"},{"@type":"Organization","@id":"https:\/\/sxflightcase.com\/th\/#organization","name":"sxpowercase.com","url":"https:\/\/sxflightcase.com\/th\/","logo":{"@type":"ImageObject","inLanguage":"hu","@id":"https:\/\/sxflightcase.com\/th\/#\/schema\/logo\/image\/","url":"https:\/\/sxflightcase.com\/wp-content\/uploads\/2024\/04\/1713919036007.jpg","contentUrl":"https:\/\/sxflightcase.com\/wp-content\/uploads\/2024\/04\/1713919036007.jpg","width":382,"height":388,"caption":"sxpowercase.com"},"image":{"@id":"https:\/\/sxflightcase.com\/th\/#\/schema\/logo\/image\/"},"sameAs":["https:\/\/www.facebook.com\/profile.php?id=61560407257971"],"numberOfEmployees":{"@type":"QuantitativeValue","minValue":"11","maxValue":"50"}}]}},"_links":{"self":[{"href":"https:\/\/sxflightcase.com\/hu\/wp-json\/wp\/v2\/product\/4234","targetHints":{"allow":["GET"]}}],"collection":[{"href":"https:\/\/sxflightcase.com\/hu\/wp-json\/wp\/v2\/product"}],"about":[{"href":"https:\/\/sxflightcase.com\/hu\/wp-json\/wp\/v2\/types\/product"}],"replies":[{"embeddable":true,"href":"https:\/\/sxflightcase.com\/hu\/wp-json\/wp\/v2\/comments?post=4234"}],"version-history":[{"count":0,"href":"https:\/\/sxflightcase.com\/hu\/wp-json\/wp\/v2\/product\/4234\/revisions"}],"wp:featuredmedia":[{"embeddable":true,"href":"https:\/\/sxflightcase.com\/hu\/wp-json\/wp\/v2\/media\/4194"}],"wp:attachment":[{"href":"https:\/\/sxflightcase.com\/hu\/wp-json\/wp\/v2\/media?parent=4234"}],"wp:term":[{"taxonomy":"product_brand","embeddable":true,"href":"https:\/\/sxflightcase.com\/hu\/wp-json\/wp\/v2\/product_brand?post=4234"},{"taxonomy":"product_cat","embeddable":true,"href":"https:\/\/sxflightcase.com\/hu\/wp-json\/wp\/v2\/product_cat?post=4234"},{"taxonomy":"product_tag","embeddable":true,"href":"https:\/\/sxflightcase.com\/hu\/wp-json\/wp\/v2\/product_tag?post=4234"}],"curies":[{"name":"wp","href":"https:\/\/api.w.org\/{rel}","templated":true}]}}