{"id":4240,"date":"2024-09-03T07:14:52","date_gmt":"2024-09-03T06:14:52","guid":{"rendered":"https:\/\/sxpowercase.com\/?post_type=product&#038;p=4240"},"modified":"2024-09-03T07:14:53","modified_gmt":"2024-09-03T06:14:53","slug":"flight-case-dishes-dia101","status":"publish","type":"product","link":"https:\/\/sxflightcase.com\/hu\/termek\/repulesi-tok-edenyek-dia101\/","title":{"rendered":"Flight Case ed\u00e9nyek DIA101"},"content":{"rendered":"<h3>Emelje a Flight Case-t az SX Flight Case t\u00e1ny\u00e9rokkal<\/h3>\n<p>Amikor a rep\u00fcl\u0151 t\u00e1sk\u00e1j\u00e1nak testre szab\u00e1s\u00e1r\u00f3l van sz\u00f3, a megfelel\u0151 tartoz\u00e9kok sokat sz\u00e1m\u00edthatnak. <strong>SX Flight Case ed\u00e9nyek<\/strong> \u00fagy tervezt\u00e9k, hogy egyszerre biztos\u00edts\u00e1k a funkcionalit\u00e1st \u00e9s a st\u00edlust. Ezek a kiv\u00e1l\u00f3 min\u0151s\u00e9g\u0171 anyagokb\u00f3l k\u00e9sz\u00fclt ed\u00e9nyek tart\u00f3san k\u00e9sz\u00fclnek, \u00edgy biztos\u00edtva, hogy a rep\u00fcl\u0151t\u00e1sk\u00e1ja tart\u00f3s \u00e9s megb\u00edzhat\u00f3 maradjon. Ak\u00e1r utaz\u00f3 zen\u00e9sz, ak\u00e1r utaz\u00f3 technikus, a rep\u00fcl\u0151 t\u00e1sk\u00e1k t\u00e1lc\u00e1i t\u00f6k\u00e9letes megold\u00e1st k\u00edn\u00e1lnak felszerel\u00e9s\u00e9nek rendszerez\u00e9s\u00e9re, mik\u00f6zben megv\u00e9dik a s\u00e9r\u00fcl\u00e9sekt\u0151l.<\/p>\n<h3>Megb\u00edzhat\u00f3 min\u0151s\u00e9g<\/h3>\n<p>A  c\u00edmen. <a href=\"https:\/\/sxpowercase.com\/\" target=\"_blank\" rel=\"noopener\" title=\"SX\" data-wpil-monitor-id=\"709\">SX<\/a>, hisz\u00fcnk abban, hogy csak a legjobbat k\u00edn\u00e1ljuk \u00fcgyfeleinknek. Ez\u00e9rt van az, hogy <strong>\u00dat <\/strong><strong>Case ed\u00e9nyek<\/strong> kiv\u00e1l\u00f3 min\u0151s\u00e9g\u0171 anyagok \u00e9s fejlett gy\u00e1rt\u00e1si technik\u00e1k felhaszn\u00e1l\u00e1s\u00e1val k\u00e9sz\u00fclnek. B\u00fcszk\u00e9k vagyunk arra, hogy gy\u00e1ri k\u00f6zvetlen \u00e1rakat k\u00edn\u00e1lunk, \u00edgy a legjobb \u00e1r-\u00e9rt\u00e9k ar\u00e1nyt kapja an\u00e9lk\u00fcl, hogy a min\u0151s\u00e9gben kompromisszumot k\u00f6tne. A min\u0151s\u00e9gbiztos\u00edt\u00e1s ir\u00e1nti elk\u00f6telezetts\u00e9g\u00fcnk azt jelenti, hogy b\u00edzhat abban, hogy minden \u00e1ltalunk gy\u00e1rtott ed\u00e9ny megfelel a tart\u00f3ss\u00e1gra \u00e9s teljes\u00edtm\u00e9nyre vonatkoz\u00f3 szigor\u00fa szabv\u00e1nyainknak.<\/p>\n<h3>Gy\u00e1ri k\u00f6zvetlen megtakar\u00edt\u00e1s<\/h3>\n<p>Mi\u00e9rt fizetne t\u00f6bbet, ha k\u00f6zvetlen\u00fcl a forr\u00e1st\u00f3l v\u00e1s\u00e1rolhat? A <strong>SX<\/strong>, gy\u00e1ri k\u00f6zvetlen megtakar\u00edt\u00e1st kapsz minden rep\u00fcl\u0151t\u00e1sk\u00e1s t\u00e1ny\u00e9runkra. Kihagyjuk a k\u00f6zvet\u00edt\u0151ket, \u00e9s a megtakar\u00edt\u00e1st tov\u00e1bbadjuk \u00d6nnek. Versenyk\u00e9pes \u00e1raink nem jelentik azt, hogy fel kell \u00e1ldoznia a min\u0151s\u00e9get - minden t\u00e1ny\u00e9rt apr\u00f3l\u00e9kosan kidolgozunk, hogy biztos\u00edtsuk, hogy \u00e9vekig megb\u00edzhat\u00f3an m\u0171k\u00f6dj\u00f6n. Az SX eset\u00e9ben olyan term\u00e9kbe fektet, amely \u00fagy k\u00e9sz\u00fclt, hogy ellen\u00e1lljon az utaz\u00e1s viszontags\u00e1gainak.<\/p>\n<h3>T\u00f6k\u00e9letes illeszked\u00e9s b\u00e1rmilyen tokhoz<\/h3>\n<p>A <strong>\u00dat <\/strong><strong>Case ed\u00e9nyek<\/strong> \u00fagy tervezt\u00e9k, hogy k\u00fcl\u00f6nb\u00f6z\u0151 rep\u00fcl\u0151 tokokhoz illeszkedjenek, \u00edgy sokoldal\u00faan kieg\u00e9sz\u00edtik a felszerel\u00e9s\u00e9t. Ak\u00e1r k\u00e1belek, kieg\u00e9sz\u00edt\u0151k vagy egy\u00e9b felszerel\u00e9sek sz\u00e1m\u00e1ra van sz\u00fcks\u00e9ge ed\u00e9nyekre, az SX t\u00f6k\u00e9letes megold\u00e1st k\u00edn\u00e1l. Minden t\u00e1lc\u00e1t k\u00f6nny\u0171 felszerelni, biztons\u00e1gos \u00e9s szoros illeszked\u00e9st biztos\u00edtva, amely rendezett\u00e9 \u00e9s k\u00f6nnyen hozz\u00e1f\u00e9rhet\u0151v\u00e9 teszi felszerel\u00e9s\u00e9t. R\u00e1ad\u00e1sul az opci\u00f3k sz\u00e9les v\u00e1laszt\u00e9k\u00e1val biztosan megtal\u00e1lja az egyedi ig\u00e9nyeinek megfelel\u0151 t\u00e1lc\u00e1t.<\/p>\n<h3>Garant\u00e1lt \u00fcgyf\u00e9l-el\u00e9gedetts\u00e9g<\/h3>\n<p>Az SX-n\u00e9l az \u00fcgyfelek el\u00e9gedetts\u00e9ge a legfontosabb priorit\u00e1s. Mi \u00e1llunk a mi <strong>Road Case ed\u00e9nyek<\/strong> min\u0151s\u00e9gi garanci\u00e1val, amely biztos\u00edtja az \u00d6n teljes el\u00e9gedetts\u00e9g\u00e9t. Ha nem el\u00e9gedett a v\u00e1s\u00e1rl\u00e1ssal, mi itt vagyunk, hogy helyrehozzuk. A kiv\u00e1l\u00f3s\u00e1g ir\u00e1nti elk\u00f6telezetts\u00e9g\u00fcnk t\u00falmutat term\u00e9keinken - elk\u00f6telezt\u00fck magunkat a kiv\u00e9teles \u00fcgyf\u00e9lszolg\u00e1lat \u00e9s t\u00e1mogat\u00e1s biztos\u00edt\u00e1sa mellett. V\u00e1lassza az SX-et rep\u00fcl\u0151t\u00e1sk\u00e1val kapcsolatos ig\u00e9nyeihez, \u00e9s tapasztalja meg, hogy a min\u0151s\u00e9g, a megfizethet\u0151s\u00e9g \u00e9s a megb\u00edzhat\u00f3s\u00e1g milyen k\u00fcl\u00f6nbs\u00e9get jelent.<\/p>\n<p>Kapcsolatfelv\u00e9tel most:<span style=\"color: #0000ff;\"><a style=\"color: #0000ff;\" href=\"https:\/\/sxpowercase.com\/contact-us\/\">https:\/\/sxpowercase.com\/<\/a><\/span><\/p>\n<p>Hardver term\u00e9kkatal\u00f3gus\uff1a<span style=\"color: #3366ff;\"><a style=\"color: #3366ff;\" href=\"https:\/\/sxpowercase.com\/wp-content\/uploads\/2024\/07\/\u4e94\u91d1.pdf\">Hardver tartoz\u00e9kok katal\u00f3gusa<\/a><\/span><\/p>","protected":false},"excerpt":{"rendered":"<div class=\"flex max-w-full flex-col flex-grow\">\n<div class=\"min-h-[20px] text-message flex w-full flex-col items-end gap-2 break-words [.text-message+&amp;]:mt-5 overflow-x-auto whitespace-normal\" dir=\"auto\" data-message-author-role=\"assistant\" data-message-id=\"42bf8b70-78ed-45dc-bd0a-25747a65912a\">\n<div class=\"flex w-full flex-col gap-1 empty:hidden first:pt-[3px]\">\n<div class=\"markdown prose w-full break-words dark:prose-invert light\">\n<h3>SX Flight Case Dishes: Durable and Stylish<\/h3>\n<p>Customize your flight case with SX\u2019s high-quality Flight Case Dishes. Designed for durability and easy organization, they\u2019re perfect for protecting your gear.<\/p>\n<h3>Factory-Direct Savings on SX Flight Case Dishes<\/h3>\n<p>Get top-grade Flight Case Dishes from SX at unbeatable factory-direct prices. Enjoy quality and reliability without overpaying, all backed by a satisfaction guarantee.<\/p>\n<h3>Versatile Flight Case Dishes by SX<\/h3>\n<p>SX offers versatile Flight Case Dishes that fit a variety of cases, ensuring a secure fit and easy installation. Trust SX for durable solutions that meet your needs.<\/p>\n<\/div>\n<\/div>\n<\/div>\n<\/div>\n","protected":false},"featured_media":4241,"comment_status":"open","ping_status":"closed","template":"","meta":[],"product_brand":[],"product_cat":[65],"product_tag":[],"class_list":{"0":"post-4240","1":"product","2":"type-product","3":"status-publish","4":"has-post-thumbnail","6":"product_cat-dishes","8":"first","9":"instock","10":"shipping-taxable","11":"product-type-simple"},"yoast_head":"<!-- This site is optimized with the Yoast SEO Premium plugin v27.1 (Yoast SEO v27.2) - https:\/\/yoast.com\/product\/yoast-seo-premium-wordpress\/ -->\n<title>Flight Case Dishes DIA101 - https:\/\/sxflightcase.com \ud83d\udc97<\/title>\n<meta name=\"description\" content=\"Flight case dishes, factory direct! High-quality, durable dishes designed for mounting handles, latches, and other hardware in flight cases. Ideal for a flush, professional finish and long-lasting use.\" \/>\n<meta name=\"robots\" content=\"index, follow, max-snippet:-1, max-image-preview:large, max-video-preview:-1\" \/>\n<link rel=\"canonical\" href=\"https:\/\/sxflightcase.com\/hu\/termek\/repulesi-tok-edenyek-dia101\/\" \/>\n<meta property=\"og:locale\" content=\"hu_HU\" \/>\n<meta property=\"og:type\" content=\"article\" \/>\n<meta property=\"og:title\" content=\"Flight Case Dishes DIA101\" \/>\n<meta property=\"og:description\" content=\"Flight case dishes, factory direct! High-quality, durable dishes designed for mounting handles, latches, and other hardware in flight cases. Ideal for a flush, professional finish and long-lasting use.\" \/>\n<meta property=\"og:url\" content=\"https:\/\/sxflightcase.com\/hu\/termek\/repulesi-tok-edenyek-dia101\/\" \/>\n<meta property=\"og:site_name\" content=\"https:\/\/sxflightcase.com\" \/>\n<meta property=\"article:publisher\" content=\"https:\/\/www.facebook.com\/profile.php?id=61560407257971\" \/>\n<meta property=\"article:modified_time\" content=\"2024-09-03T06:14:53+00:00\" \/>\n<meta property=\"og:image\" content=\"https:\/\/sxflightcase.com\/wp-content\/uploads\/2024\/09\/DIA101.jpg\" \/>\n\t<meta property=\"og:image:width\" content=\"700\" \/>\n\t<meta property=\"og:image:height\" content=\"700\" \/>\n\t<meta property=\"og:image:type\" content=\"image\/jpeg\" \/>\n<meta name=\"twitter:card\" content=\"summary_large_image\" \/>\n<meta name=\"twitter:label1\" content=\"Becs\u00fclt olvas\u00e1si id\u0151\" \/>\n\t<meta name=\"twitter:data1\" content=\"3 perc\" \/>\n<script type=\"application\/ld+json\" class=\"yoast-schema-graph\">{\"@context\":\"https:\/\/schema.org\",\"@graph\":[{\"@type\":\"WebPage\",\"@id\":\"https:\/\/sxflightcase.com\/product\/flight-case-dishes-dia101\/\",\"url\":\"https:\/\/sxflightcase.com\/product\/flight-case-dishes-dia101\/\",\"name\":\"Flight Case Dishes DIA101 - https:\/\/sxflightcase.com \ud83d\udc97\",\"isPartOf\":{\"@id\":\"https:\/\/sxflightcase.com\/th\/#website\"},\"primaryImageOfPage\":{\"@id\":\"https:\/\/sxflightcase.com\/product\/flight-case-dishes-dia101\/#primaryimage\"},\"image\":{\"@id\":\"https:\/\/sxflightcase.com\/product\/flight-case-dishes-dia101\/#primaryimage\"},\"thumbnailUrl\":\"https:\/\/sxflightcase.com\/wp-content\/uploads\/2024\/09\/DIA101.jpg\",\"datePublished\":\"2024-09-03T06:14:52+00:00\",\"dateModified\":\"2024-09-03T06:14:53+00:00\",\"description\":\"Flight case dishes, factory direct! High-quality, durable dishes designed for mounting handles, latches, and other hardware in flight cases. Ideal for a flush, professional finish and long-lasting use.\",\"breadcrumb\":{\"@id\":\"https:\/\/sxflightcase.com\/product\/flight-case-dishes-dia101\/#breadcrumb\"},\"inLanguage\":\"hu\",\"potentialAction\":[{\"@type\":\"ReadAction\",\"target\":[\"https:\/\/sxflightcase.com\/product\/flight-case-dishes-dia101\/\"]}]},{\"@type\":\"ImageObject\",\"inLanguage\":\"hu\",\"@id\":\"https:\/\/sxflightcase.com\/product\/flight-case-dishes-dia101\/#primaryimage\",\"url\":\"https:\/\/sxflightcase.com\/wp-content\/uploads\/2024\/09\/DIA101.jpg\",\"contentUrl\":\"https:\/\/sxflightcase.com\/wp-content\/uploads\/2024\/09\/DIA101.jpg\",\"width\":700,\"height\":700,\"caption\":\"Flight Case Dishes\"},{\"@type\":\"BreadcrumbList\",\"@id\":\"https:\/\/sxflightcase.com\/product\/flight-case-dishes-dia101\/#breadcrumb\",\"itemListElement\":[{\"@type\":\"ListItem\",\"position\":1,\"name\":\"Home\",\"item\":\"https:\/\/sxflightcase.com\/\"},{\"@type\":\"ListItem\",\"position\":2,\"name\":\"\u0e2a\u0e34\u0e19\u0e04\u0e49\u0e32\",\"item\":\"https:\/\/sxflightcase.com\/th\/shop\/\"},{\"@type\":\"ListItem\",\"position\":3,\"name\":\"Flight Case Dishes DIA101\"}]},{\"@type\":\"WebSite\",\"@id\":\"https:\/\/sxflightcase.com\/th\/#website\",\"url\":\"https:\/\/sxflightcase.com\/th\/\",\"name\":\"sxpowercase.com\",\"description\":\"Flight Case Factory\",\"publisher\":{\"@id\":\"https:\/\/sxflightcase.com\/th\/#organization\"},\"potentialAction\":[{\"@type\":\"SearchAction\",\"target\":{\"@type\":\"EntryPoint\",\"urlTemplate\":\"https:\/\/sxflightcase.com\/th\/?s={search_term_string}\"},\"query-input\":{\"@type\":\"PropertyValueSpecification\",\"valueRequired\":true,\"valueName\":\"search_term_string\"}}],\"inLanguage\":\"hu\"},{\"@type\":\"Organization\",\"@id\":\"https:\/\/sxflightcase.com\/th\/#organization\",\"name\":\"sxpowercase.com\",\"url\":\"https:\/\/sxflightcase.com\/th\/\",\"logo\":{\"@type\":\"ImageObject\",\"inLanguage\":\"hu\",\"@id\":\"https:\/\/sxflightcase.com\/th\/#\/schema\/logo\/image\/\",\"url\":\"https:\/\/sxflightcase.com\/wp-content\/uploads\/2024\/04\/1713919036007.jpg\",\"contentUrl\":\"https:\/\/sxflightcase.com\/wp-content\/uploads\/2024\/04\/1713919036007.jpg\",\"width\":382,\"height\":388,\"caption\":\"sxpowercase.com\"},\"image\":{\"@id\":\"https:\/\/sxflightcase.com\/th\/#\/schema\/logo\/image\/\"},\"sameAs\":[\"https:\/\/www.facebook.com\/profile.php?id=61560407257971\"],\"numberOfEmployees\":{\"@type\":\"QuantitativeValue\",\"minValue\":\"11\",\"maxValue\":\"50\"}}]}<\/script>\n<!-- \/ Yoast SEO Premium plugin. -->","yoast_head_json":{"title":"Flight Case Dishes DIA101 - https:\/\/sxflightcase.com \ud83d\udc97","description":"Flight case ed\u00e9nyek, gy\u00e1ri k\u00f6zvetlen! Kiv\u00e1l\u00f3 min\u0151s\u00e9g\u0171, tart\u00f3s t\u00e1lak, amelyeket foganty\u00fak, reteszek \u00e9s egy\u00e9b hardverek r\u00f6gz\u00edt\u00e9s\u00e9re terveztek a rep\u00fcl\u0151 tokokba. Ide\u00e1lis a sima, professzion\u00e1lis kivitelhez \u00e9s a hossz\u00fa t\u00e1v\u00fa haszn\u00e1lathoz.","robots":{"index":"index","follow":"follow","max-snippet":"max-snippet:-1","max-image-preview":"max-image-preview:large","max-video-preview":"max-video-preview:-1"},"canonical":"https:\/\/sxflightcase.com\/hu\/termek\/repulesi-tok-edenyek-dia101\/","og_locale":"hu_HU","og_type":"article","og_title":"Flight Case Dishes DIA101","og_description":"Flight case dishes, factory direct! High-quality, durable dishes designed for mounting handles, latches, and other hardware in flight cases. Ideal for a flush, professional finish and long-lasting use.","og_url":"https:\/\/sxflightcase.com\/hu\/termek\/repulesi-tok-edenyek-dia101\/","og_site_name":"https:\/\/sxflightcase.com","article_publisher":"https:\/\/www.facebook.com\/profile.php?id=61560407257971","article_modified_time":"2024-09-03T06:14:53+00:00","og_image":[{"width":700,"height":700,"url":"https:\/\/sxflightcase.com\/wp-content\/uploads\/2024\/09\/DIA101.jpg","type":"image\/jpeg"}],"twitter_card":"summary_large_image","twitter_misc":{"Becs\u00fclt olvas\u00e1si id\u0151":"3 perc"},"schema":{"@context":"https:\/\/schema.org","@graph":[{"@type":"WebPage","@id":"https:\/\/sxflightcase.com\/product\/flight-case-dishes-dia101\/","url":"https:\/\/sxflightcase.com\/product\/flight-case-dishes-dia101\/","name":"Flight Case Dishes DIA101 - https:\/\/sxflightcase.com \ud83d\udc97","isPartOf":{"@id":"https:\/\/sxflightcase.com\/th\/#website"},"primaryImageOfPage":{"@id":"https:\/\/sxflightcase.com\/product\/flight-case-dishes-dia101\/#primaryimage"},"image":{"@id":"https:\/\/sxflightcase.com\/product\/flight-case-dishes-dia101\/#primaryimage"},"thumbnailUrl":"https:\/\/sxflightcase.com\/wp-content\/uploads\/2024\/09\/DIA101.jpg","datePublished":"2024-09-03T06:14:52+00:00","dateModified":"2024-09-03T06:14:53+00:00","description":"Flight case ed\u00e9nyek, gy\u00e1ri k\u00f6zvetlen! Kiv\u00e1l\u00f3 min\u0151s\u00e9g\u0171, tart\u00f3s t\u00e1lak, amelyeket foganty\u00fak, reteszek \u00e9s egy\u00e9b hardverek r\u00f6gz\u00edt\u00e9s\u00e9re terveztek a rep\u00fcl\u0151 tokokba. Ide\u00e1lis a sima, professzion\u00e1lis kivitelhez \u00e9s a hossz\u00fa t\u00e1v\u00fa haszn\u00e1lathoz.","breadcrumb":{"@id":"https:\/\/sxflightcase.com\/product\/flight-case-dishes-dia101\/#breadcrumb"},"inLanguage":"hu","potentialAction":[{"@type":"ReadAction","target":["https:\/\/sxflightcase.com\/product\/flight-case-dishes-dia101\/"]}]},{"@type":"ImageObject","inLanguage":"hu","@id":"https:\/\/sxflightcase.com\/product\/flight-case-dishes-dia101\/#primaryimage","url":"https:\/\/sxflightcase.com\/wp-content\/uploads\/2024\/09\/DIA101.jpg","contentUrl":"https:\/\/sxflightcase.com\/wp-content\/uploads\/2024\/09\/DIA101.jpg","width":700,"height":700,"caption":"Flight Case Dishes"},{"@type":"BreadcrumbList","@id":"https:\/\/sxflightcase.com\/product\/flight-case-dishes-dia101\/#breadcrumb","itemListElement":[{"@type":"ListItem","position":1,"name":"Home","item":"https:\/\/sxflightcase.com\/"},{"@type":"ListItem","position":2,"name":"\u0e2a\u0e34\u0e19\u0e04\u0e49\u0e32","item":"https:\/\/sxflightcase.com\/th\/shop\/"},{"@type":"ListItem","position":3,"name":"Flight Case Dishes DIA101"}]},{"@type":"WebSite","@id":"https:\/\/sxflightcase.com\/th\/#website","url":"https:\/\/sxflightcase.com\/th\/","name":"sxpowercase.com","description":"Flight Case Factory","publisher":{"@id":"https:\/\/sxflightcase.com\/th\/#organization"},"potentialAction":[{"@type":"SearchAction","target":{"@type":"EntryPoint","urlTemplate":"https:\/\/sxflightcase.com\/th\/?s={search_term_string}"},"query-input":{"@type":"PropertyValueSpecification","valueRequired":true,"valueName":"search_term_string"}}],"inLanguage":"hu"},{"@type":"Organization","@id":"https:\/\/sxflightcase.com\/th\/#organization","name":"sxpowercase.com","url":"https:\/\/sxflightcase.com\/th\/","logo":{"@type":"ImageObject","inLanguage":"hu","@id":"https:\/\/sxflightcase.com\/th\/#\/schema\/logo\/image\/","url":"https:\/\/sxflightcase.com\/wp-content\/uploads\/2024\/04\/1713919036007.jpg","contentUrl":"https:\/\/sxflightcase.com\/wp-content\/uploads\/2024\/04\/1713919036007.jpg","width":382,"height":388,"caption":"sxpowercase.com"},"image":{"@id":"https:\/\/sxflightcase.com\/th\/#\/schema\/logo\/image\/"},"sameAs":["https:\/\/www.facebook.com\/profile.php?id=61560407257971"],"numberOfEmployees":{"@type":"QuantitativeValue","minValue":"11","maxValue":"50"}}]}},"_links":{"self":[{"href":"https:\/\/sxflightcase.com\/hu\/wp-json\/wp\/v2\/product\/4240","targetHints":{"allow":["GET"]}}],"collection":[{"href":"https:\/\/sxflightcase.com\/hu\/wp-json\/wp\/v2\/product"}],"about":[{"href":"https:\/\/sxflightcase.com\/hu\/wp-json\/wp\/v2\/types\/product"}],"replies":[{"embeddable":true,"href":"https:\/\/sxflightcase.com\/hu\/wp-json\/wp\/v2\/comments?post=4240"}],"version-history":[{"count":0,"href":"https:\/\/sxflightcase.com\/hu\/wp-json\/wp\/v2\/product\/4240\/revisions"}],"wp:featuredmedia":[{"embeddable":true,"href":"https:\/\/sxflightcase.com\/hu\/wp-json\/wp\/v2\/media\/4241"}],"wp:attachment":[{"href":"https:\/\/sxflightcase.com\/hu\/wp-json\/wp\/v2\/media?parent=4240"}],"wp:term":[{"taxonomy":"product_brand","embeddable":true,"href":"https:\/\/sxflightcase.com\/hu\/wp-json\/wp\/v2\/product_brand?post=4240"},{"taxonomy":"product_cat","embeddable":true,"href":"https:\/\/sxflightcase.com\/hu\/wp-json\/wp\/v2\/product_cat?post=4240"},{"taxonomy":"product_tag","embeddable":true,"href":"https:\/\/sxflightcase.com\/hu\/wp-json\/wp\/v2\/product_tag?post=4240"}],"curies":[{"name":"wp","href":"https:\/\/api.w.org\/{rel}","templated":true}]}}