{"id":4249,"date":"2024-09-03T07:22:33","date_gmt":"2024-09-03T06:22:33","guid":{"rendered":"https:\/\/sxpowercase.com\/?post_type=product&#038;p=4249"},"modified":"2024-09-03T07:22:33","modified_gmt":"2024-09-03T06:22:33","slug":"flight-case-dishes-dia201","status":"publish","type":"product","link":"https:\/\/sxflightcase.com\/hu\/termek\/repulesi-tok-edenyek-dia201\/","title":{"rendered":"Flight Case ed\u00e9nyek DIA201"},"content":{"rendered":"<h3>N\u00f6velje felszerel\u00e9s\u00e9t az SX Flight Case t\u00e1ny\u00e9rokkal<\/h3>\n<p>Ha \u00e9rt\u00e9kes felszerel\u00e9s\u00e9nek v\u00e9delm\u00e9r\u0151l van sz\u00f3, <span style=\"color: #3366ff;\"><a style=\"color: #3366ff;\" href=\"https:\/\/sxpowercase.com\/product\/flight-case-dishes-dia101\/\"><strong>SX Flight Case ed\u00e9nyek<\/strong><\/a><\/span> n\u00e9lk\u00fcl\u00f6zhetetlen tartoz\u00e9k. Ezek a tart\u00f3ss\u00e1g \u00e9s funkcionalit\u00e1s \u00e9rdek\u00e9ben tervezett ed\u00e9nyek biztons\u00e1gos illeszked\u00e9st biztos\u00edtanak az \u00f6sszes felszerel\u00e9s\u00e9nek, \u00e9s biztos\u00edtj\u00e1k, hogy minden a hely\u00e9n maradjon sz\u00e1ll\u00edt\u00e1s k\u00f6zben. Legyen sz\u00f3 el\u0151ad\u00f3m\u0171v\u00e9szr\u0151l, technikusr\u00f3l vagy DJ-r\u0151l, rep\u00fcl\u0151 t\u00e1sk\u00e1ink seg\u00edtenek rendben \u00e9s v\u00e9dve tartani felszerel\u00e9s\u00e9t, \u00edgy nyugodt lehet az \u00faton.<\/p>\n<h3>P\u00e1ratlan min\u0151s\u00e9g gy\u00e1ri \u00e1ron<\/h3>\n<p>A  c\u00edmen. <strong><a href=\"https:\/\/sxpowercase.com\/\" target=\"_blank\" rel=\"noopener\" title=\"SX\" data-wpil-monitor-id=\"710\">SX<\/a><\/strong>, elk\u00f6telezettek vagyunk amellett, hogy kiv\u00e1l\u00f3 term\u00e9keket sz\u00e1ll\u00edtsunk verhetetlen \u00e1ron. A <strong>Flight Case ed\u00e9nyek<\/strong> kiv\u00e1l\u00f3 min\u0151s\u00e9g\u0171 anyagokb\u00f3l k\u00e9sz\u00fclnek, \u00edgy biztos\u00edtj\u00e1k, hogy ki\u00e1llj\u00e1k az id\u0151 pr\u00f3b\u00e1j\u00e1t. A gy\u00e1ri k\u00f6zvetlen \u00e1rk\u00e9pz\u00e9ssel kik\u00fcsz\u00f6b\u00f6lj\u00fck a felesleges k\u00f6lts\u00e9geket, \u00edgy \u00d6n an\u00e9lk\u00fcl fektethet a min\u0151s\u00e9gbe, hogy a bankot megroppantan\u00e1. Ed\u00e9nyeinket szigor\u00faan tesztelj\u00fck, hogy megfeleljenek magas sz\u00ednvonalunknak, \u00edgy minden egyes darab teljes\u00edtm\u00e9ny\u00e9ben megb\u00edzhat.<\/p>\n<h3>K\u00f6lts\u00e9ghat\u00e9kony \u00e9s megb\u00edzhat\u00f3 megold\u00e1sok<\/h3>\n<p>Mi\u00e9rt \u00e9rn\u00e9 be kevesebbel, ha a legjobbat kaphatja a k\u00f6lts\u00e9gek t\u00f6red\u00e9k\u00e9\u00e9rt? <strong>SX<\/strong> k\u00f6lts\u00e9ghat\u00e9kony megold\u00e1sokat k\u00edn\u00e1l minden rep\u00fcl\u0151t\u00e1sk\u00e1val kapcsolatos ig\u00e9ny\u00e9re. A <strong>Flight Case ed\u00e9nyek<\/strong> megb\u00edzhat\u00f3 teljes\u00edtm\u00e9nyt ny\u00fajtanak a pr\u00e9mium \u00e1rc\u00e9dula n\u00e9lk\u00fcl. A k\u00f6nny\u0171 telep\u00edt\u00e9sre \u00e9s hossz\u00fa t\u00e1v\u00fa haszn\u00e1latra tervezett ed\u00e9nyek kiv\u00e1l\u00f3 \u00e9rt\u00e9ket biztos\u00edtanak, \u00edgy okos v\u00e1laszt\u00e1snak bizonyulnak azon szakemberek sz\u00e1m\u00e1ra, akiknek tart\u00f3s \u00e9s megfizethet\u0151 felszerel\u00e9sre van sz\u00fcks\u00e9g\u00fck.<\/p>\n<h3>Sokoldal\u00fa \u00e9s k\u00f6nnyen telep\u00edthet\u0151<\/h3>\n<p>A <strong>\u00dat<\/strong> <strong>Case ed\u00e9nyek<\/strong> el\u00e9g sokoldal\u00faak ahhoz, hogy az ig\u00e9nyek sz\u00e9les k\u00f6r\u00e9t kiel\u00e9g\u00edts\u00e9k. Ak\u00e1r k\u00e1belek szervez\u00e9s\u00e9r\u0151l, tartoz\u00e9kok r\u00f6gz\u00edt\u00e9s\u00e9r\u0151l vagy k\u00e9nyes berendez\u00e9sek v\u00e9delm\u00e9r\u0151l van sz\u00f3, az SX k\u00edn\u00e1lat\u00e1ban megtal\u00e1lhat\u00f3 a megfelel\u0151 t\u00e1lca. Az egyszer\u0171 telep\u00edt\u00e9shez tervezett t\u00e1lc\u00e1ink biztos\u00edtj\u00e1k a biztons\u00e1gos illeszked\u00e9st b\u00e1rmely rep\u00fcl\u0151g\u00e9p-t\u00e1sk\u00e1ban. A t\u00f6bbf\u00e9le opci\u00f3val a rendelkez\u00e9sre \u00e1ll\u00f3 be\u00e1ll\u00edt\u00e1sokat az \u00d6n egyedi ig\u00e9nyeihez igaz\u00edthatja, mik\u00f6zben \u00e9lvezheti a j\u00f3l szervezett tokkal j\u00e1r\u00f3 nyugalmat.<\/p>\n<h3>Garant\u00e1lt el\u00e9gedetts\u00e9g minden v\u00e1s\u00e1rl\u00e1sn\u00e1l<\/h3>\n<p>A  c\u00edmen. <strong>SX<\/strong>, az \u00d6n el\u00e9gedetts\u00e9ge a mi priorit\u00e1sunk. Mi t\u00e1mogatjuk a <strong>\u00dat<\/strong> <strong>Case ed\u00e9nyek<\/strong> garanci\u00e1val, amely biztos\u00edtja, hogy \u00d6n teljes m\u00e9rt\u00e9kben el\u00e9gedett legyen a v\u00e1s\u00e1rl\u00e1ssal. Ha nem el\u00e9gedett, \u00fcgyf\u00e9lszolg\u00e1lati csapatunk k\u00e9szs\u00e9ggel \u00e1ll rendelkez\u00e9s\u00e9re. Hisz\u00fcnk term\u00e9keink min\u0151s\u00e9g\u00e9ben \u00e9s az \u00e1ltaluk k\u00edn\u00e1lt \u00e9rt\u00e9kben, \u00e9s biztosak vagyunk benne, hogy ha egyszer az SX-et v\u00e1lasztja, soha nem n\u00e9z vissza. Tapasztalja meg a k\u00fcl\u00f6nbs\u00e9get, amit a min\u0151s\u00e9g \u00e9s a megfizethet\u0151s\u00e9g jelenthet - v\u00e1lassza az SX-et a rep\u00fcl\u0151t\u00e1sk\u00e1val kapcsolatos ig\u00e9nyeihez.<\/p>\n<p>Kapcsolatfelv\u00e9tel most:<span style=\"color: #0000ff;\"><a style=\"color: #0000ff;\" href=\"https:\/\/sxpowercase.com\/contact-us\/\">https:\/\/sxpowercase.com\/<\/a><\/span><\/p>\n<p>Hardver term\u00e9kkatal\u00f3gus\uff1a<span style=\"color: #3366ff;\"><a style=\"color: #3366ff;\" href=\"https:\/\/sxpowercase.com\/wp-content\/uploads\/2024\/07\/\u4e94\u91d1.pdf\">Hardver tartoz\u00e9kok katal\u00f3gusa<\/a><\/span><\/p>","protected":false},"excerpt":{"rendered":"<div class=\"flex max-w-full flex-col flex-grow\">\n<div class=\"min-h-[20px] text-message flex w-full flex-col items-end gap-2 break-words [.text-message+&amp;]:mt-5 overflow-x-auto whitespace-normal\" dir=\"auto\" data-message-author-role=\"assistant\" data-message-id=\"42bf8b70-78ed-45dc-bd0a-25747a65912a\">\n<div class=\"flex w-full flex-col gap-1 empty:hidden first:pt-[3px]\">\n<div class=\"markdown prose w-full break-words dark:prose-invert light\">\n<h3>SX Flight Case Dishes: Durable and Stylish<\/h3>\n<p>Customize your flight case with SX\u2019s high-quality Flight Case Dishes. Designed for durability and easy organization, they\u2019re perfect for protecting your gear.<\/p>\n<h3>Factory-Direct Savings on SX Flight Case Dishes<\/h3>\n<p>Get top-grade Flight Case Dishes from SX at unbeatable factory-direct prices. Enjoy quality and reliability without overpaying, all backed by a satisfaction guarantee.<\/p>\n<h3>Versatile Flight Case Dishes by SX<\/h3>\n<p>SX offers versatile Flight Case Dishes that fit a variety of cases, ensuring a secure fit and easy installation. Trust SX for durable solutions that meet your needs.<\/p>\n<\/div>\n<\/div>\n<\/div>\n<\/div>\n","protected":false},"featured_media":4242,"comment_status":"open","ping_status":"closed","template":"","meta":[],"product_brand":[],"product_cat":[65],"product_tag":[],"class_list":{"0":"post-4249","1":"product","2":"type-product","3":"status-publish","4":"has-post-thumbnail","6":"product_cat-dishes","8":"first","9":"instock","10":"shipping-taxable","11":"product-type-simple"},"yoast_head":"<!-- This site is optimized with the Yoast SEO Premium plugin v27.1 (Yoast SEO v27.2) - https:\/\/yoast.com\/product\/yoast-seo-premium-wordpress\/ -->\n<title>Flight Case Dishes DIA201 - https:\/\/sxflightcase.com \ud83d\udc97<\/title>\n<meta name=\"description\" content=\"Flight case dishes, factory direct! High-quality, durable dishes designed for mounting handles, latches, and other hardware in flight cases. Ideal for a flush, professional finish and long-lasting use.\" \/>\n<meta name=\"robots\" content=\"index, follow, max-snippet:-1, max-image-preview:large, max-video-preview:-1\" \/>\n<link rel=\"canonical\" href=\"https:\/\/sxflightcase.com\/hu\/termek\/repulesi-tok-edenyek-dia201\/\" \/>\n<meta property=\"og:locale\" content=\"hu_HU\" \/>\n<meta property=\"og:type\" content=\"article\" \/>\n<meta property=\"og:title\" content=\"Flight Case Dishes DIA201\" \/>\n<meta property=\"og:description\" content=\"Flight case dishes, factory direct! High-quality, durable dishes designed for mounting handles, latches, and other hardware in flight cases. Ideal for a flush, professional finish and long-lasting use.\" \/>\n<meta property=\"og:url\" content=\"https:\/\/sxflightcase.com\/hu\/termek\/repulesi-tok-edenyek-dia201\/\" \/>\n<meta property=\"og:site_name\" content=\"https:\/\/sxflightcase.com\" \/>\n<meta property=\"article:publisher\" content=\"https:\/\/www.facebook.com\/profile.php?id=61560407257971\" \/>\n<meta property=\"og:image\" content=\"https:\/\/sxflightcase.com\/wp-content\/uploads\/2024\/09\/DIA201.jpg\" \/>\n\t<meta property=\"og:image:width\" content=\"700\" \/>\n\t<meta property=\"og:image:height\" content=\"700\" \/>\n\t<meta property=\"og:image:type\" content=\"image\/jpeg\" \/>\n<meta name=\"twitter:card\" content=\"summary_large_image\" \/>\n<meta name=\"twitter:label1\" content=\"Becs\u00fclt olvas\u00e1si id\u0151\" \/>\n\t<meta name=\"twitter:data1\" content=\"3 perc\" \/>\n<script type=\"application\/ld+json\" class=\"yoast-schema-graph\">{\"@context\":\"https:\/\/schema.org\",\"@graph\":[{\"@type\":\"WebPage\",\"@id\":\"https:\/\/sxflightcase.com\/product\/flight-case-dishes-dia201\/\",\"url\":\"https:\/\/sxflightcase.com\/product\/flight-case-dishes-dia201\/\",\"name\":\"Flight Case Dishes DIA201 - https:\/\/sxflightcase.com \ud83d\udc97\",\"isPartOf\":{\"@id\":\"https:\/\/sxflightcase.com\/th\/#website\"},\"primaryImageOfPage\":{\"@id\":\"https:\/\/sxflightcase.com\/product\/flight-case-dishes-dia201\/#primaryimage\"},\"image\":{\"@id\":\"https:\/\/sxflightcase.com\/product\/flight-case-dishes-dia201\/#primaryimage\"},\"thumbnailUrl\":\"https:\/\/sxflightcase.com\/wp-content\/uploads\/2024\/09\/DIA201.jpg\",\"datePublished\":\"2024-09-03T06:22:33+00:00\",\"description\":\"Flight case dishes, factory direct! High-quality, durable dishes designed for mounting handles, latches, and other hardware in flight cases. Ideal for a flush, professional finish and long-lasting use.\",\"breadcrumb\":{\"@id\":\"https:\/\/sxflightcase.com\/product\/flight-case-dishes-dia201\/#breadcrumb\"},\"inLanguage\":\"hu\",\"potentialAction\":[{\"@type\":\"ReadAction\",\"target\":[\"https:\/\/sxflightcase.com\/product\/flight-case-dishes-dia201\/\"]}]},{\"@type\":\"ImageObject\",\"inLanguage\":\"hu\",\"@id\":\"https:\/\/sxflightcase.com\/product\/flight-case-dishes-dia201\/#primaryimage\",\"url\":\"https:\/\/sxflightcase.com\/wp-content\/uploads\/2024\/09\/DIA201.jpg\",\"contentUrl\":\"https:\/\/sxflightcase.com\/wp-content\/uploads\/2024\/09\/DIA201.jpg\",\"width\":700,\"height\":700,\"caption\":\"Flight Case Dishes\"},{\"@type\":\"BreadcrumbList\",\"@id\":\"https:\/\/sxflightcase.com\/product\/flight-case-dishes-dia201\/#breadcrumb\",\"itemListElement\":[{\"@type\":\"ListItem\",\"position\":1,\"name\":\"Home\",\"item\":\"https:\/\/sxflightcase.com\/\"},{\"@type\":\"ListItem\",\"position\":2,\"name\":\"\u0e2a\u0e34\u0e19\u0e04\u0e49\u0e32\",\"item\":\"https:\/\/sxflightcase.com\/th\/shop\/\"},{\"@type\":\"ListItem\",\"position\":3,\"name\":\"Flight Case Dishes DIA201\"}]},{\"@type\":\"WebSite\",\"@id\":\"https:\/\/sxflightcase.com\/th\/#website\",\"url\":\"https:\/\/sxflightcase.com\/th\/\",\"name\":\"sxpowercase.com\",\"description\":\"Flight Case Factory\",\"publisher\":{\"@id\":\"https:\/\/sxflightcase.com\/th\/#organization\"},\"potentialAction\":[{\"@type\":\"SearchAction\",\"target\":{\"@type\":\"EntryPoint\",\"urlTemplate\":\"https:\/\/sxflightcase.com\/th\/?s={search_term_string}\"},\"query-input\":{\"@type\":\"PropertyValueSpecification\",\"valueRequired\":true,\"valueName\":\"search_term_string\"}}],\"inLanguage\":\"hu\"},{\"@type\":\"Organization\",\"@id\":\"https:\/\/sxflightcase.com\/th\/#organization\",\"name\":\"sxpowercase.com\",\"url\":\"https:\/\/sxflightcase.com\/th\/\",\"logo\":{\"@type\":\"ImageObject\",\"inLanguage\":\"hu\",\"@id\":\"https:\/\/sxflightcase.com\/th\/#\/schema\/logo\/image\/\",\"url\":\"https:\/\/sxflightcase.com\/wp-content\/uploads\/2024\/04\/1713919036007.jpg\",\"contentUrl\":\"https:\/\/sxflightcase.com\/wp-content\/uploads\/2024\/04\/1713919036007.jpg\",\"width\":382,\"height\":388,\"caption\":\"sxpowercase.com\"},\"image\":{\"@id\":\"https:\/\/sxflightcase.com\/th\/#\/schema\/logo\/image\/\"},\"sameAs\":[\"https:\/\/www.facebook.com\/profile.php?id=61560407257971\"],\"numberOfEmployees\":{\"@type\":\"QuantitativeValue\",\"minValue\":\"11\",\"maxValue\":\"50\"}}]}<\/script>\n<!-- \/ Yoast SEO Premium plugin. -->","yoast_head_json":{"title":"Flight Case Dishes DIA201 - https:\/\/sxflightcase.com \ud83d\udc97","description":"Flight case ed\u00e9nyek, gy\u00e1ri k\u00f6zvetlen! Kiv\u00e1l\u00f3 min\u0151s\u00e9g\u0171, tart\u00f3s t\u00e1lak, amelyeket foganty\u00fak, reteszek \u00e9s egy\u00e9b hardverek r\u00f6gz\u00edt\u00e9s\u00e9re terveztek a rep\u00fcl\u0151 tokokba. Ide\u00e1lis a sima, professzion\u00e1lis kivitelhez \u00e9s a hossz\u00fa t\u00e1v\u00fa haszn\u00e1lathoz.","robots":{"index":"index","follow":"follow","max-snippet":"max-snippet:-1","max-image-preview":"max-image-preview:large","max-video-preview":"max-video-preview:-1"},"canonical":"https:\/\/sxflightcase.com\/hu\/termek\/repulesi-tok-edenyek-dia201\/","og_locale":"hu_HU","og_type":"article","og_title":"Flight Case Dishes DIA201","og_description":"Flight case dishes, factory direct! High-quality, durable dishes designed for mounting handles, latches, and other hardware in flight cases. Ideal for a flush, professional finish and long-lasting use.","og_url":"https:\/\/sxflightcase.com\/hu\/termek\/repulesi-tok-edenyek-dia201\/","og_site_name":"https:\/\/sxflightcase.com","article_publisher":"https:\/\/www.facebook.com\/profile.php?id=61560407257971","og_image":[{"width":700,"height":700,"url":"https:\/\/sxflightcase.com\/wp-content\/uploads\/2024\/09\/DIA201.jpg","type":"image\/jpeg"}],"twitter_card":"summary_large_image","twitter_misc":{"Becs\u00fclt olvas\u00e1si id\u0151":"3 perc"},"schema":{"@context":"https:\/\/schema.org","@graph":[{"@type":"WebPage","@id":"https:\/\/sxflightcase.com\/product\/flight-case-dishes-dia201\/","url":"https:\/\/sxflightcase.com\/product\/flight-case-dishes-dia201\/","name":"Flight Case Dishes DIA201 - https:\/\/sxflightcase.com \ud83d\udc97","isPartOf":{"@id":"https:\/\/sxflightcase.com\/th\/#website"},"primaryImageOfPage":{"@id":"https:\/\/sxflightcase.com\/product\/flight-case-dishes-dia201\/#primaryimage"},"image":{"@id":"https:\/\/sxflightcase.com\/product\/flight-case-dishes-dia201\/#primaryimage"},"thumbnailUrl":"https:\/\/sxflightcase.com\/wp-content\/uploads\/2024\/09\/DIA201.jpg","datePublished":"2024-09-03T06:22:33+00:00","description":"Flight case ed\u00e9nyek, gy\u00e1ri k\u00f6zvetlen! Kiv\u00e1l\u00f3 min\u0151s\u00e9g\u0171, tart\u00f3s t\u00e1lak, amelyeket foganty\u00fak, reteszek \u00e9s egy\u00e9b hardverek r\u00f6gz\u00edt\u00e9s\u00e9re terveztek a rep\u00fcl\u0151 tokokba. Ide\u00e1lis a sima, professzion\u00e1lis kivitelhez \u00e9s a hossz\u00fa t\u00e1v\u00fa haszn\u00e1lathoz.","breadcrumb":{"@id":"https:\/\/sxflightcase.com\/product\/flight-case-dishes-dia201\/#breadcrumb"},"inLanguage":"hu","potentialAction":[{"@type":"ReadAction","target":["https:\/\/sxflightcase.com\/product\/flight-case-dishes-dia201\/"]}]},{"@type":"ImageObject","inLanguage":"hu","@id":"https:\/\/sxflightcase.com\/product\/flight-case-dishes-dia201\/#primaryimage","url":"https:\/\/sxflightcase.com\/wp-content\/uploads\/2024\/09\/DIA201.jpg","contentUrl":"https:\/\/sxflightcase.com\/wp-content\/uploads\/2024\/09\/DIA201.jpg","width":700,"height":700,"caption":"Flight Case Dishes"},{"@type":"BreadcrumbList","@id":"https:\/\/sxflightcase.com\/product\/flight-case-dishes-dia201\/#breadcrumb","itemListElement":[{"@type":"ListItem","position":1,"name":"Home","item":"https:\/\/sxflightcase.com\/"},{"@type":"ListItem","position":2,"name":"\u0e2a\u0e34\u0e19\u0e04\u0e49\u0e32","item":"https:\/\/sxflightcase.com\/th\/shop\/"},{"@type":"ListItem","position":3,"name":"Flight Case Dishes DIA201"}]},{"@type":"WebSite","@id":"https:\/\/sxflightcase.com\/th\/#website","url":"https:\/\/sxflightcase.com\/th\/","name":"sxpowercase.com","description":"Flight Case Factory","publisher":{"@id":"https:\/\/sxflightcase.com\/th\/#organization"},"potentialAction":[{"@type":"SearchAction","target":{"@type":"EntryPoint","urlTemplate":"https:\/\/sxflightcase.com\/th\/?s={search_term_string}"},"query-input":{"@type":"PropertyValueSpecification","valueRequired":true,"valueName":"search_term_string"}}],"inLanguage":"hu"},{"@type":"Organization","@id":"https:\/\/sxflightcase.com\/th\/#organization","name":"sxpowercase.com","url":"https:\/\/sxflightcase.com\/th\/","logo":{"@type":"ImageObject","inLanguage":"hu","@id":"https:\/\/sxflightcase.com\/th\/#\/schema\/logo\/image\/","url":"https:\/\/sxflightcase.com\/wp-content\/uploads\/2024\/04\/1713919036007.jpg","contentUrl":"https:\/\/sxflightcase.com\/wp-content\/uploads\/2024\/04\/1713919036007.jpg","width":382,"height":388,"caption":"sxpowercase.com"},"image":{"@id":"https:\/\/sxflightcase.com\/th\/#\/schema\/logo\/image\/"},"sameAs":["https:\/\/www.facebook.com\/profile.php?id=61560407257971"],"numberOfEmployees":{"@type":"QuantitativeValue","minValue":"11","maxValue":"50"}}]}},"_links":{"self":[{"href":"https:\/\/sxflightcase.com\/hu\/wp-json\/wp\/v2\/product\/4249","targetHints":{"allow":["GET"]}}],"collection":[{"href":"https:\/\/sxflightcase.com\/hu\/wp-json\/wp\/v2\/product"}],"about":[{"href":"https:\/\/sxflightcase.com\/hu\/wp-json\/wp\/v2\/types\/product"}],"replies":[{"embeddable":true,"href":"https:\/\/sxflightcase.com\/hu\/wp-json\/wp\/v2\/comments?post=4249"}],"version-history":[{"count":0,"href":"https:\/\/sxflightcase.com\/hu\/wp-json\/wp\/v2\/product\/4249\/revisions"}],"wp:featuredmedia":[{"embeddable":true,"href":"https:\/\/sxflightcase.com\/hu\/wp-json\/wp\/v2\/media\/4242"}],"wp:attachment":[{"href":"https:\/\/sxflightcase.com\/hu\/wp-json\/wp\/v2\/media?parent=4249"}],"wp:term":[{"taxonomy":"product_brand","embeddable":true,"href":"https:\/\/sxflightcase.com\/hu\/wp-json\/wp\/v2\/product_brand?post=4249"},{"taxonomy":"product_cat","embeddable":true,"href":"https:\/\/sxflightcase.com\/hu\/wp-json\/wp\/v2\/product_cat?post=4249"},{"taxonomy":"product_tag","embeddable":true,"href":"https:\/\/sxflightcase.com\/hu\/wp-json\/wp\/v2\/product_tag?post=4249"}],"curies":[{"name":"wp","href":"https:\/\/api.w.org\/{rel}","templated":true}]}}