{"id":4250,"date":"2024-09-03T07:29:04","date_gmt":"2024-09-03T06:29:04","guid":{"rendered":"https:\/\/sxpowercase.com\/?post_type=product&#038;p=4250"},"modified":"2024-09-03T07:29:05","modified_gmt":"2024-09-03T06:29:05","slug":"flight-case-wheel-hub-dia301","status":"publish","type":"product","link":"https:\/\/sxflightcase.com\/hu\/termek\/repulesi-tok-kerekagy-dia301\/","title":{"rendered":"Rep\u00fcl\u00e9si tok ker\u00e9kagy DIA301"},"content":{"rendered":"<h3>Fedezze fel az SX Flight Case ker\u00e9kagyak tart\u00f3ss\u00e1g\u00e1t<\/h3>\n<p>Ha \u00e9rt\u00e9kes felszerel\u00e9s\u00e9nek sz\u00e1ll\u00edt\u00e1s\u00e1r\u00f3l van sz\u00f3, a rep\u00fcl\u0151 tok megb\u00edzhat\u00f3s\u00e1ga d\u00f6nt\u0151 fontoss\u00e1g\u00fa. A <strong>SX Flight Case ker\u00e9kagy<\/strong> \u00fagy tervezt\u00e9k, hogy z\u00f6kken\u0151mentes \u00e9s biztons\u00e1gos mobilit\u00e1st biztos\u00edtson a felszerel\u00e9s\u00e9nek. A kiv\u00e1l\u00f3 min\u0151s\u00e9g\u0171 anyagokb\u00f3l k\u00e9sz\u00fclt ker\u00e9kt\u00e1rcs\u00e1k biztos\u00edtj\u00e1k, hogy a rep\u00fcl\u0151 t\u00e1sk\u00e1k k\u00f6nnyed\u00e9n siklanak, cs\u00f6kkentve mind a t\u00e1ska, mind a benne l\u00e9v\u0151 tartalom kop\u00e1s\u00e1t. A  c\u00edmen. <a href=\"https:\/\/sxpowercase.com\/\" target=\"_blank\" rel=\"noopener\" title=\"SX\" data-wpil-monitor-id=\"711\">SX<\/a>, az er\u0151 \u00e9s a teljes\u00edtm\u00e9ny t\u00f6k\u00e9letes kombin\u00e1ci\u00f3j\u00e1t kapja, \u00edgy a sz\u00e1ll\u00edt\u00e1s gondtalan lesz.<\/p>\n<h3>Gy\u00e1ri k\u00f6zvetlen \u00e1rak a p\u00e1ratlan \u00e9rt\u00e9k\u00e9rt<\/h3>\n<p>A  c\u00edmen. <strong>SX<\/strong>, hisz\u00fcnk abban, hogy pr\u00e9mium min\u0151s\u00e9get k\u00edn\u00e1lunk pr\u00e9mium \u00e1rc\u00e9dula n\u00e9lk\u00fcl. A <a href=\"https:\/\/sxpowercase.com\/product\/flight-case-dishes-dia201\/\"><strong>Flight Case ker\u00e9kt\u00e1rcs\u00e1k<\/strong><\/a> gy\u00e1ri k\u00f6zvetlen \u00e1ron kaphat\u00f3k, \u00edgy biztos\u00edtva, hogy \u00d6n a legjobb \u00e1r-\u00e9rt\u00e9k ar\u00e1nyt kapja a p\u00e9nz\u00e9\u00e9rt. A k\u00f6zvet\u00edt\u0151 c\u00e9gek kihagy\u00e1s\u00e1val a megtakar\u00edt\u00e1st k\u00f6zvetlen\u00fcl \u00d6nnek adjuk \u00e1t, \u00edgy \u00d6n megfizethet\u0151 \u00e1ron, kiv\u00e1l\u00f3 min\u0151s\u00e9g\u0171 term\u00e9kekbe fektethet be. Minden hubot apr\u00f3l\u00e9kosan, a magas szint\u0171 szabv\u00e1nyoknak megfelel\u0151en k\u00e9sz\u00edt\u00fcnk el, \u00edgy biztos\u00edtva, hogy berendez\u00e9sei mindig a legjobb t\u00e1mogat\u00e1ssal legyenek mozg\u00e1sban.<\/p>\n<h3>Megb\u00edzhat\u00f3 min\u0151s\u00e9g<\/h3>\n<p><strong>SX Flight Case ker\u00e9kt\u00e1rcs\u00e1k<\/strong> a tart\u00f3ss\u00e1gra \u00e9p\u00fclnek, a tart\u00f3ss\u00e1gra \u00e9s a teljes\u00edtm\u00e9nyre \u00f6sszpontos\u00edtva. Meg\u00e9rtj\u00fck, hogy az \u00d6n felszerel\u00e9s\u00e9nek biztons\u00e1ga nem k\u00e9pezi vita t\u00e1rgy\u00e1t, ez\u00e9rt csak kiv\u00e1l\u00f3 min\u0151s\u00e9g\u0171 anyagokat haszn\u00e1lunk a hubjainkban. Minden term\u00e9k szigor\u00fa tesztel\u00e9sen megy kereszt\u00fcl, hogy megfeleljen szigor\u00fa min\u0151s\u00e9gi ir\u00e1nyelveinknek. A <strong>SX<\/strong>, b\u00edzhat abban, hogy a rep\u00fcl\u0151 t\u00e1sk\u00e1ja a legjobb teljes\u00edtm\u00e9nyt ny\u00fajtja majd, utaz\u00e1sr\u00f3l utaz\u00e1sra.<\/p>\n<h3>Egyszer\u0171 telep\u00edt\u00e9s \u00e9s sokoldal\u00fa haszn\u00e1lat<\/h3>\n<p>A <strong>SX Flight Case ker\u00e9kagy<\/strong> gyerekj\u00e1t\u00e9k. Ezek a csom\u00f3pontok a rep\u00fcl\u0151 tokok sz\u00e9les sk\u00e1l\u00e1j\u00e1ba val\u00f3 egyszer\u0171 be\u00e9p\u00edt\u00e9sre lettek tervezve, \u00edgy biztons\u00e1gos \u00e9s stabil alapot biztos\u00edtanak minden felszerel\u00e9s\u00e9nek. Ak\u00e1r egy \u00faj tokot szerel fel, ak\u00e1r egy megl\u00e9v\u0151t friss\u00edt, ker\u00e9kt\u00e1rcs\u00e1ink t\u00f6k\u00e9letes v\u00e1laszt\u00e1snak bizonyulnak. Sokoldal\u00fas\u00e1guknak k\u00f6sz\u00f6nhet\u0151en k\u00fcl\u00f6nb\u00f6z\u0151 alkalmaz\u00e1sokhoz alkalmasak, \u00edgy felszerel\u00e9s\u00e9t mindig j\u00f3l al\u00e1t\u00e1masztj\u00e1k, f\u00fcggetlen\u00fcl att\u00f3l, hogy milyen \u00fatra indul.<\/p>\n<h3>Garant\u00e1lt el\u00e9gedetts\u00e9g az SX-szel<\/h3>\n<p>Az \u00d6n el\u00e9gedetts\u00e9ge a legf\u0151bb priorit\u00e1sunk <strong>SX<\/strong>. Ki\u00e1llunk a min\u0151s\u00e9g mellett <strong>Flight Case ker\u00e9kt\u00e1rcs\u00e1k<\/strong> \u00e9s elk\u00f6telezettek vagyunk amellett, hogy \u00d6n teljesen el\u00e9gedett legyen a v\u00e1s\u00e1rl\u00e1ssal. Ha b\u00e1rmilyen okb\u00f3l kifoly\u00f3lag nem el\u00e9gedett, elk\u00f6telezett \u00fcgyf\u00e9lszolg\u00e1lati csapatunk k\u00e9szs\u00e9ggel \u00e1ll az \u00d6n rendelkez\u00e9s\u00e9re. Biztosak vagyunk benne, hogy amint megtapasztalja ker\u00e9kagyaink tart\u00f3ss\u00e1g\u00e1t \u00e9s teljes\u00edtm\u00e9ny\u00e9t, l\u00e1tni fogja, mi\u00e9rt az SX a rep\u00fcl\u0151g\u00e9p-t\u00e1ska tartoz\u00e9kok els\u0151 sz\u00e1m\u00fa m\u00e1rk\u00e1ja. V\u00e1lassza az SX-et a k\u00f6vetkez\u0151 friss\u00edt\u00e9shez, \u00e9s \u00e9lvezze a megb\u00edzhat\u00f3 teljes\u00edtm\u00e9nyt olyan \u00e1ron, amely nem fogja megzavarni a bankot.<\/p>\n<p>Kapcsolatfelv\u00e9tel most:<span style=\"color: #0000ff;\"><a style=\"color: #0000ff;\" href=\"https:\/\/sxpowercase.com\/contact-us\/\">https:\/\/sxpowercase.com\/<\/a><\/span><\/p>\n<p>Hardver term\u00e9kkatal\u00f3gus\uff1a<span style=\"color: #3366ff;\"><a style=\"color: #3366ff;\" href=\"https:\/\/sxpowercase.com\/wp-content\/uploads\/2024\/07\/\u4e94\u91d1.pdf\">Hardver tartoz\u00e9kok katal\u00f3gusa<\/a><\/span><\/p>","protected":false},"excerpt":{"rendered":"<h3>SX Flight Case ker\u00e9kagyak: Z\u00f6kken\u0151mentes \u00e9s biztons\u00e1gos mobilit\u00e1s<\/h3>\n<p>Biztos\u00edtsa felszerel\u00e9s\u00e9nek k\u00f6nnyed sz\u00e1ll\u00edt\u00e1s\u00e1t az SX Flight Case ker\u00e9kagyakkal. Ezek a kiv\u00e1l\u00f3 min\u0151s\u00e9g\u0171 anyagokb\u00f3l k\u00e9sz\u00fclt ker\u00e9kagyak megb\u00edzhat\u00f3 teljes\u00edtm\u00e9nyt ny\u00fajtanak utaz\u00e1sr\u00f3l utaz\u00e1sra.<\/p>\n<h3>Megfizethet\u0151 min\u0151s\u00e9g SX gy\u00e1ri k\u00f6zvetlen \u00e1rk\u00e9pz\u00e9ssel<\/h3>\n<p>Pr\u00e9mium kateg\u00f3ri\u00e1s Flight Case ker\u00e9kagyak verhetetlen gy\u00e1ri \u00e1ron az SX-t\u0151l. \u00c9lvezze a cs\u00facsmin\u0151s\u00e9g\u0171 tart\u00f3ss\u00e1got \u00e9s teljes\u00edtm\u00e9nyt magas k\u00f6lts\u00e9gek n\u00e9lk\u00fcl.<\/p>\n<h3>Egyszer\u0171 telep\u00edt\u00e9s \u00e9s megb\u00edzhat\u00f3 t\u00e1mogat\u00e1s<\/h3>\n<p>Az SX Flight Case ker\u00e9kagyak k\u00f6nnyen felszerelhet\u0151k \u00e9s sokoldal\u00faan alkalmazhat\u00f3k k\u00fcl\u00f6nb\u00f6z\u0151 alkalmaz\u00e1sokhoz. B\u00edzzon az SX-ben, hogy felszerel\u00e9se j\u00f3l megt\u00e1masztva \u00e9s z\u00f6kken\u0151mentesen mozogjon.<\/p>","protected":false},"featured_media":4243,"comment_status":"open","ping_status":"closed","template":"","meta":[],"product_brand":[],"product_cat":[65],"product_tag":[],"class_list":{"0":"post-4250","1":"product","2":"type-product","3":"status-publish","4":"has-post-thumbnail","6":"product_cat-dishes","8":"first","9":"instock","10":"shipping-taxable","11":"product-type-simple"},"yoast_head":"<!-- This site is optimized with the Yoast SEO Premium plugin v27.1 (Yoast SEO v27.2) - https:\/\/yoast.com\/product\/yoast-seo-premium-wordpress\/ -->\n<title>Flight Case Wheel Hub DIA301 - https:\/\/sxflightcase.com \ud83d\udc97<\/title>\n<meta name=\"description\" content=\"Flight case wheel hub, factory direct! High-quality, durable hubs designed for smooth and reliable mobility of flight cases. Perfect for ensuring easy transport and long-lasting performance.\" \/>\n<meta name=\"robots\" content=\"index, follow, max-snippet:-1, max-image-preview:large, max-video-preview:-1\" \/>\n<link rel=\"canonical\" href=\"https:\/\/sxflightcase.com\/hu\/termek\/repulesi-tok-kerekagy-dia301\/\" \/>\n<meta property=\"og:locale\" content=\"hu_HU\" \/>\n<meta property=\"og:type\" content=\"article\" \/>\n<meta property=\"og:title\" content=\"Flight Case Wheel Hub DIA301\" \/>\n<meta property=\"og:description\" content=\"Flight case wheel hub, factory direct! High-quality, durable hubs designed for smooth and reliable mobility of flight cases. Perfect for ensuring easy transport and long-lasting performance.\" \/>\n<meta property=\"og:url\" content=\"https:\/\/sxflightcase.com\/hu\/termek\/repulesi-tok-kerekagy-dia301\/\" \/>\n<meta property=\"og:site_name\" content=\"https:\/\/sxflightcase.com\" \/>\n<meta property=\"article:publisher\" content=\"https:\/\/www.facebook.com\/profile.php?id=61560407257971\" \/>\n<meta property=\"article:modified_time\" content=\"2024-09-03T06:29:05+00:00\" \/>\n<meta property=\"og:image\" content=\"https:\/\/sxflightcase.com\/wp-content\/uploads\/2024\/09\/DIA301.jpg\" \/>\n\t<meta property=\"og:image:width\" content=\"700\" \/>\n\t<meta property=\"og:image:height\" content=\"700\" \/>\n\t<meta property=\"og:image:type\" content=\"image\/jpeg\" \/>\n<meta name=\"twitter:card\" content=\"summary_large_image\" \/>\n<meta name=\"twitter:label1\" content=\"Becs\u00fclt olvas\u00e1si id\u0151\" \/>\n\t<meta name=\"twitter:data1\" content=\"3 perc\" \/>\n<script type=\"application\/ld+json\" class=\"yoast-schema-graph\">{\"@context\":\"https:\/\/schema.org\",\"@graph\":[{\"@type\":\"WebPage\",\"@id\":\"https:\/\/sxflightcase.com\/product\/flight-case-wheel-hub-dia301\/\",\"url\":\"https:\/\/sxflightcase.com\/product\/flight-case-wheel-hub-dia301\/\",\"name\":\"Flight Case Wheel Hub DIA301 - https:\/\/sxflightcase.com \ud83d\udc97\",\"isPartOf\":{\"@id\":\"https:\/\/sxflightcase.com\/th\/#website\"},\"primaryImageOfPage\":{\"@id\":\"https:\/\/sxflightcase.com\/product\/flight-case-wheel-hub-dia301\/#primaryimage\"},\"image\":{\"@id\":\"https:\/\/sxflightcase.com\/product\/flight-case-wheel-hub-dia301\/#primaryimage\"},\"thumbnailUrl\":\"https:\/\/sxflightcase.com\/wp-content\/uploads\/2024\/09\/DIA301.jpg\",\"datePublished\":\"2024-09-03T06:29:04+00:00\",\"dateModified\":\"2024-09-03T06:29:05+00:00\",\"description\":\"Flight case wheel hub, factory direct! High-quality, durable hubs designed for smooth and reliable mobility of flight cases. Perfect for ensuring easy transport and long-lasting performance.\",\"breadcrumb\":{\"@id\":\"https:\/\/sxflightcase.com\/product\/flight-case-wheel-hub-dia301\/#breadcrumb\"},\"inLanguage\":\"hu\",\"potentialAction\":[{\"@type\":\"ReadAction\",\"target\":[\"https:\/\/sxflightcase.com\/product\/flight-case-wheel-hub-dia301\/\"]}]},{\"@type\":\"ImageObject\",\"inLanguage\":\"hu\",\"@id\":\"https:\/\/sxflightcase.com\/product\/flight-case-wheel-hub-dia301\/#primaryimage\",\"url\":\"https:\/\/sxflightcase.com\/wp-content\/uploads\/2024\/09\/DIA301.jpg\",\"contentUrl\":\"https:\/\/sxflightcase.com\/wp-content\/uploads\/2024\/09\/DIA301.jpg\",\"width\":700,\"height\":700,\"caption\":\"Flight Case Wheel Hub\"},{\"@type\":\"BreadcrumbList\",\"@id\":\"https:\/\/sxflightcase.com\/product\/flight-case-wheel-hub-dia301\/#breadcrumb\",\"itemListElement\":[{\"@type\":\"ListItem\",\"position\":1,\"name\":\"Home\",\"item\":\"https:\/\/sxflightcase.com\/\"},{\"@type\":\"ListItem\",\"position\":2,\"name\":\"\u0e2a\u0e34\u0e19\u0e04\u0e49\u0e32\",\"item\":\"https:\/\/sxflightcase.com\/th\/shop\/\"},{\"@type\":\"ListItem\",\"position\":3,\"name\":\"Flight Case Wheel Hub DIA301\"}]},{\"@type\":\"WebSite\",\"@id\":\"https:\/\/sxflightcase.com\/th\/#website\",\"url\":\"https:\/\/sxflightcase.com\/th\/\",\"name\":\"sxpowercase.com\",\"description\":\"Flight Case Factory\",\"publisher\":{\"@id\":\"https:\/\/sxflightcase.com\/th\/#organization\"},\"potentialAction\":[{\"@type\":\"SearchAction\",\"target\":{\"@type\":\"EntryPoint\",\"urlTemplate\":\"https:\/\/sxflightcase.com\/th\/?s={search_term_string}\"},\"query-input\":{\"@type\":\"PropertyValueSpecification\",\"valueRequired\":true,\"valueName\":\"search_term_string\"}}],\"inLanguage\":\"hu\"},{\"@type\":\"Organization\",\"@id\":\"https:\/\/sxflightcase.com\/th\/#organization\",\"name\":\"sxpowercase.com\",\"url\":\"https:\/\/sxflightcase.com\/th\/\",\"logo\":{\"@type\":\"ImageObject\",\"inLanguage\":\"hu\",\"@id\":\"https:\/\/sxflightcase.com\/th\/#\/schema\/logo\/image\/\",\"url\":\"https:\/\/sxflightcase.com\/wp-content\/uploads\/2024\/04\/1713919036007.jpg\",\"contentUrl\":\"https:\/\/sxflightcase.com\/wp-content\/uploads\/2024\/04\/1713919036007.jpg\",\"width\":382,\"height\":388,\"caption\":\"sxpowercase.com\"},\"image\":{\"@id\":\"https:\/\/sxflightcase.com\/th\/#\/schema\/logo\/image\/\"},\"sameAs\":[\"https:\/\/www.facebook.com\/profile.php?id=61560407257971\"],\"numberOfEmployees\":{\"@type\":\"QuantitativeValue\",\"minValue\":\"11\",\"maxValue\":\"50\"}}]}<\/script>\n<!-- \/ Yoast SEO Premium plugin. -->","yoast_head_json":{"title":"Flight Case Wheel Hub DIA301 - https:\/\/sxflightcase.com \ud83d\udc97","description":"Flight case ker\u00e9kagy, gy\u00e1ri k\u00f6zvetlen! Kiv\u00e1l\u00f3 min\u0151s\u00e9g\u0171, tart\u00f3s ker\u00e9kt\u00e1rcs\u00e1k, amelyeket a rep\u00fcl\u0151t\u00e1sk\u00e1k z\u00f6kken\u0151mentes \u00e9s megb\u00edzhat\u00f3 mobilit\u00e1s\u00e1hoz terveztek. T\u00f6k\u00e9letes a k\u00f6nny\u0171 sz\u00e1ll\u00edt\u00e1s \u00e9s a hossz\u00fa t\u00e1v\u00fa teljes\u00edtm\u00e9ny biztos\u00edt\u00e1s\u00e1hoz.","robots":{"index":"index","follow":"follow","max-snippet":"max-snippet:-1","max-image-preview":"max-image-preview:large","max-video-preview":"max-video-preview:-1"},"canonical":"https:\/\/sxflightcase.com\/hu\/termek\/repulesi-tok-kerekagy-dia301\/","og_locale":"hu_HU","og_type":"article","og_title":"Flight Case Wheel Hub DIA301","og_description":"Flight case wheel hub, factory direct! High-quality, durable hubs designed for smooth and reliable mobility of flight cases. Perfect for ensuring easy transport and long-lasting performance.","og_url":"https:\/\/sxflightcase.com\/hu\/termek\/repulesi-tok-kerekagy-dia301\/","og_site_name":"https:\/\/sxflightcase.com","article_publisher":"https:\/\/www.facebook.com\/profile.php?id=61560407257971","article_modified_time":"2024-09-03T06:29:05+00:00","og_image":[{"width":700,"height":700,"url":"https:\/\/sxflightcase.com\/wp-content\/uploads\/2024\/09\/DIA301.jpg","type":"image\/jpeg"}],"twitter_card":"summary_large_image","twitter_misc":{"Becs\u00fclt olvas\u00e1si id\u0151":"3 perc"},"schema":{"@context":"https:\/\/schema.org","@graph":[{"@type":"WebPage","@id":"https:\/\/sxflightcase.com\/product\/flight-case-wheel-hub-dia301\/","url":"https:\/\/sxflightcase.com\/product\/flight-case-wheel-hub-dia301\/","name":"Flight Case Wheel Hub DIA301 - https:\/\/sxflightcase.com \ud83d\udc97","isPartOf":{"@id":"https:\/\/sxflightcase.com\/th\/#website"},"primaryImageOfPage":{"@id":"https:\/\/sxflightcase.com\/product\/flight-case-wheel-hub-dia301\/#primaryimage"},"image":{"@id":"https:\/\/sxflightcase.com\/product\/flight-case-wheel-hub-dia301\/#primaryimage"},"thumbnailUrl":"https:\/\/sxflightcase.com\/wp-content\/uploads\/2024\/09\/DIA301.jpg","datePublished":"2024-09-03T06:29:04+00:00","dateModified":"2024-09-03T06:29:05+00:00","description":"Flight case ker\u00e9kagy, gy\u00e1ri k\u00f6zvetlen! Kiv\u00e1l\u00f3 min\u0151s\u00e9g\u0171, tart\u00f3s ker\u00e9kt\u00e1rcs\u00e1k, amelyeket a rep\u00fcl\u0151t\u00e1sk\u00e1k z\u00f6kken\u0151mentes \u00e9s megb\u00edzhat\u00f3 mobilit\u00e1s\u00e1hoz terveztek. T\u00f6k\u00e9letes a k\u00f6nny\u0171 sz\u00e1ll\u00edt\u00e1s \u00e9s a hossz\u00fa t\u00e1v\u00fa teljes\u00edtm\u00e9ny biztos\u00edt\u00e1s\u00e1hoz.","breadcrumb":{"@id":"https:\/\/sxflightcase.com\/product\/flight-case-wheel-hub-dia301\/#breadcrumb"},"inLanguage":"hu","potentialAction":[{"@type":"ReadAction","target":["https:\/\/sxflightcase.com\/product\/flight-case-wheel-hub-dia301\/"]}]},{"@type":"ImageObject","inLanguage":"hu","@id":"https:\/\/sxflightcase.com\/product\/flight-case-wheel-hub-dia301\/#primaryimage","url":"https:\/\/sxflightcase.com\/wp-content\/uploads\/2024\/09\/DIA301.jpg","contentUrl":"https:\/\/sxflightcase.com\/wp-content\/uploads\/2024\/09\/DIA301.jpg","width":700,"height":700,"caption":"Flight Case Wheel Hub"},{"@type":"BreadcrumbList","@id":"https:\/\/sxflightcase.com\/product\/flight-case-wheel-hub-dia301\/#breadcrumb","itemListElement":[{"@type":"ListItem","position":1,"name":"Home","item":"https:\/\/sxflightcase.com\/"},{"@type":"ListItem","position":2,"name":"\u0e2a\u0e34\u0e19\u0e04\u0e49\u0e32","item":"https:\/\/sxflightcase.com\/th\/shop\/"},{"@type":"ListItem","position":3,"name":"Flight Case Wheel Hub DIA301"}]},{"@type":"WebSite","@id":"https:\/\/sxflightcase.com\/th\/#website","url":"https:\/\/sxflightcase.com\/th\/","name":"sxpowercase.com","description":"Flight Case Factory","publisher":{"@id":"https:\/\/sxflightcase.com\/th\/#organization"},"potentialAction":[{"@type":"SearchAction","target":{"@type":"EntryPoint","urlTemplate":"https:\/\/sxflightcase.com\/th\/?s={search_term_string}"},"query-input":{"@type":"PropertyValueSpecification","valueRequired":true,"valueName":"search_term_string"}}],"inLanguage":"hu"},{"@type":"Organization","@id":"https:\/\/sxflightcase.com\/th\/#organization","name":"sxpowercase.com","url":"https:\/\/sxflightcase.com\/th\/","logo":{"@type":"ImageObject","inLanguage":"hu","@id":"https:\/\/sxflightcase.com\/th\/#\/schema\/logo\/image\/","url":"https:\/\/sxflightcase.com\/wp-content\/uploads\/2024\/04\/1713919036007.jpg","contentUrl":"https:\/\/sxflightcase.com\/wp-content\/uploads\/2024\/04\/1713919036007.jpg","width":382,"height":388,"caption":"sxpowercase.com"},"image":{"@id":"https:\/\/sxflightcase.com\/th\/#\/schema\/logo\/image\/"},"sameAs":["https:\/\/www.facebook.com\/profile.php?id=61560407257971"],"numberOfEmployees":{"@type":"QuantitativeValue","minValue":"11","maxValue":"50"}}]}},"_links":{"self":[{"href":"https:\/\/sxflightcase.com\/hu\/wp-json\/wp\/v2\/product\/4250","targetHints":{"allow":["GET"]}}],"collection":[{"href":"https:\/\/sxflightcase.com\/hu\/wp-json\/wp\/v2\/product"}],"about":[{"href":"https:\/\/sxflightcase.com\/hu\/wp-json\/wp\/v2\/types\/product"}],"replies":[{"embeddable":true,"href":"https:\/\/sxflightcase.com\/hu\/wp-json\/wp\/v2\/comments?post=4250"}],"version-history":[{"count":0,"href":"https:\/\/sxflightcase.com\/hu\/wp-json\/wp\/v2\/product\/4250\/revisions"}],"wp:featuredmedia":[{"embeddable":true,"href":"https:\/\/sxflightcase.com\/hu\/wp-json\/wp\/v2\/media\/4243"}],"wp:attachment":[{"href":"https:\/\/sxflightcase.com\/hu\/wp-json\/wp\/v2\/media?parent=4250"}],"wp:term":[{"taxonomy":"product_brand","embeddable":true,"href":"https:\/\/sxflightcase.com\/hu\/wp-json\/wp\/v2\/product_brand?post=4250"},{"taxonomy":"product_cat","embeddable":true,"href":"https:\/\/sxflightcase.com\/hu\/wp-json\/wp\/v2\/product_cat?post=4250"},{"taxonomy":"product_tag","embeddable":true,"href":"https:\/\/sxflightcase.com\/hu\/wp-json\/wp\/v2\/product_tag?post=4250"}],"curies":[{"name":"wp","href":"https:\/\/api.w.org\/{rel}","templated":true}]}}