{"id":4251,"date":"2024-09-03T07:45:43","date_gmt":"2024-09-03T06:45:43","guid":{"rendered":"https:\/\/sxpowercase.com\/?post_type=product&#038;p=4251"},"modified":"2024-09-03T07:45:44","modified_gmt":"2024-09-03T06:45:44","slug":"flight-case-wheel-hub-dia401","status":"publish","type":"product","link":"https:\/\/sxflightcase.com\/hu\/termek\/repulotaska-kerekagy-dia401\/","title":{"rendered":"Rep\u00fcl\u00e9si tok ker\u00e9kagy DIA401"},"content":{"rendered":"<h3>Fokozza a sz\u00e1ll\u00edt\u00e1st az SX Flight Case ker\u00e9kagyakkal<\/h3>\n<p>Az \u00e9rt\u00e9kes felszerel\u00e9s z\u00f6kken\u0151mentes sz\u00e1ll\u00edt\u00e1sa \u00e9rdek\u00e9ben a <strong>SX Flight Case ker\u00e9kagy<\/strong> az ide\u00e1lis megold\u00e1s. Ezek a prec\u00edzen tervezett \u00e9s kiv\u00e1l\u00f3 min\u0151s\u00e9g\u0171 anyagokb\u00f3l k\u00e9sz\u00fclt hubok biztos\u00edtj\u00e1k, hogy a rep\u00fcl\u0151 tokok z\u00f6kken\u0151mentesen \u00e9s hat\u00e9konyan mozogjanak. Ak\u00e1r a rep\u00fcl\u0151tereken navig\u00e1l, ak\u00e1r a felszerel\u00e9seket rakodja be a j\u00e1rm\u0171vekbe, az SX hubok megb\u00edzhat\u00f3 \u00e9s k\u00f6nnyed mobilit\u00e1st biztos\u00edtanak, megk\u00f6nny\u00edtve \u00e9s biztons\u00e1gosabb\u00e1 t\u00e9ve utaz\u00e1sait.<\/p>\n<h3>Megfizethet\u0151 kiv\u00e1l\u00f3s\u00e1g gy\u00e1ri k\u00f6zvetlen \u00e1rk\u00e9pz\u00e9ssel<\/h3>\n<p>A  c\u00edmen. <strong><a href=\"https:\/\/sxpowercase.com\/\" target=\"_blank\" rel=\"noopener\" title=\"SX\" data-wpil-monitor-id=\"712\">SX<\/a><\/strong>, elk\u00f6telezettek vagyunk amellett, hogy kiv\u00e1l\u00f3 min\u0151s\u00e9get sz\u00e1ll\u00edtsunk verhetetlen \u00e1ron. A <strong><span style=\"color: #3366ff;\"><a style=\"color: #3366ff;\" href=\"https:\/\/sxpowercase.com\/product\/flight-case-wheel-hub-dia301\/\">Flight Case ker\u00e9kagy<\/a><\/span>s<\/strong> k\u00f6zvetlen\u00fcl a gy\u00e1rb\u00f3l ker\u00fclnek \u00e9rt\u00e9kes\u00edt\u00e9sre, ami kik\u00fcsz\u00f6b\u00f6li az extra k\u00f6lts\u00e9geket, \u00e9s lehet\u0151v\u00e9 teszi sz\u00e1munkra, hogy az el\u00e9rhet\u0151 legjobb \u00e1rakat k\u00edn\u00e1ljuk \u00d6nnek. Ez a k\u00f6zvetlen megk\u00f6zel\u00edt\u00e9s biztos\u00edtja, hogy nagy teljes\u00edtm\u00e9ny\u0171 ker\u00e9kagyakat kapjon an\u00e9lk\u00fcl, hogy a k\u00f6lts\u00e9gvet\u00e9s\u00e9t vesz\u00e9lyeztetn\u00e9. Fektessen a kiv\u00e1l\u00f3s\u00e1gba, \u00e9s \u00e9lvezze a jelent\u0151s megtakar\u00edt\u00e1sokat az SX-szel.<\/p>\n<h3>P\u00e1ratlan min\u0151s\u00e9g \u00e9s tart\u00f3ss\u00e1g<\/h3>\n<p>A <strong>SX Flight Case ker\u00e9kagy<\/strong> hossz\u00fa \u00e9lettartamra \u00e9s teljes\u00edtm\u00e9nyre tervezt\u00e9k. Cs\u00facsmin\u0151s\u00e9g\u0171 anyagokat haszn\u00e1lunk a ker\u00e9kagyak gy\u00e1rt\u00e1s\u00e1hoz, \u00edgy biztos\u00edtva, hogy ellen\u00e1lljanak az utaz\u00e1s \u00e9s a nagy ig\u00e9nybev\u00e9tel viszontags\u00e1gainak. Minden egyes ker\u00e9kagyat szigor\u00fa min\u0151s\u00e9g-ellen\u0151rz\u00e9si int\u00e9zked\u00e9seknek vet\u00fcnk al\u00e1, amelyek garant\u00e1lj\u00e1k, hogy megfelelnek a magas szint\u0171 szabv\u00e1nyainknak. B\u00edzzon az SX-ben, hogy olyan term\u00e9ket biztos\u00edt \u00d6nnek, amely egyszerre ny\u00fajt tart\u00f3ss\u00e1got \u00e9s megb\u00edzhat\u00f3s\u00e1got.<\/p>\n<h3>Egyszer\u0171 telep\u00edt\u00e9s sokoldal\u00fa alkalmaz\u00e1sokhoz<\/h3>\n<p>A <strong>SX Flight Case ker\u00e9kagy<\/strong> egyszer\u0171, \u00edgy t\u00f6k\u00e9letes v\u00e1laszt\u00e1s mind az \u00faj, mind a megl\u00e9v\u0151 esetek sz\u00e1m\u00e1ra. A hubjainkat \u00fagy tervezt\u00fck, hogy k\u00f6nnyen integr\u00e1lhat\u00f3ak legyenek, \u00e9s illeszkedjenek a k\u00fcl\u00f6nb\u00f6z\u0151 rep\u00fcl\u0151 tok kialak\u00edt\u00e1sokhoz. Ez a sokoldal\u00fas\u00e1g biztos\u00edtja, hogy b\u00e1rmelyik tok mobilit\u00e1s\u00e1t fokozhatja, biztons\u00e1gos t\u00e1maszt ny\u00fajtva felszerel\u00e9s\u00e9nek minden utaz\u00e1s sor\u00e1n.<\/p>\n<h3>SX elk\u00f6telezetts\u00e9ge az \u00d6n el\u00e9gedetts\u00e9ge ir\u00e1nt<\/h3>\n<p>A  c\u00edmen. <strong>SX<\/strong>, az \u00fcgyfelek el\u00e9gedetts\u00e9ge minden tev\u00e9kenys\u00e9g\u00fcnk k\u00f6z\u00e9ppontj\u00e1ban \u00e1ll. Mi \u00e1llunk a min\u0151s\u00e9g m\u00f6g\u00f6tt a mi <strong>Flight Case ker\u00e9kt\u00e1rcs\u00e1k<\/strong> \u00e9s elk\u00f6telezettek vagyunk amellett, hogy \u00d6n teljes m\u00e9rt\u00e9kben el\u00e9gedett legyen a v\u00e1s\u00e1rl\u00e1ssal. \u00dcgyf\u00e9lszolg\u00e1lati csapatunk k\u00e9szs\u00e9ggel \u00e1ll rendelkez\u00e9s\u00e9re, hogy seg\u00edtsen b\u00e1rmilyen probl\u00e9m\u00e1val vagy k\u00e9rd\u00e9ssel kapcsolatban. V\u00e1lassza az SX-et rep\u00fcl\u0151t\u00e1sk\u00e1val kapcsolatos ig\u00e9nyeihez, \u00e9s tapasztalja meg a teljes\u00edtm\u00e9ny, a min\u0151s\u00e9g \u00e9s az \u00e9rt\u00e9k t\u00f6k\u00e9letes kever\u00e9k\u00e9t. Az SX seg\u00edts\u00e9g\u00e9vel magabiztosan utazhat, tudva, hogy felszerel\u00e9s\u00e9t a legjobbak t\u00e1mogatj\u00e1k.<\/p>\n<p>Kapcsolatfelv\u00e9tel most:<span style=\"color: #0000ff;\"><a style=\"color: #0000ff;\" href=\"https:\/\/sxpowercase.com\/contact-us\/\">https:\/\/sxpowercase.com\/<\/a><\/span><\/p>\n<p>Hardver term\u00e9kkatal\u00f3gus\uff1a<span style=\"color: #3366ff;\"><a style=\"color: #3366ff;\" href=\"https:\/\/sxpowercase.com\/wp-content\/uploads\/2024\/07\/\u4e94\u91d1.pdf\">Hardver tartoz\u00e9kok katal\u00f3gusa<\/a><\/span><\/p>","protected":false},"excerpt":{"rendered":"<h3>SX Flight Case ker\u00e9kagyak: Z\u00f6kken\u0151mentes \u00e9s biztons\u00e1gos mobilit\u00e1s<\/h3>\n<p>Biztos\u00edtsa felszerel\u00e9s\u00e9nek k\u00f6nnyed sz\u00e1ll\u00edt\u00e1s\u00e1t az SX Flight Case ker\u00e9kagyakkal. Ezek a kiv\u00e1l\u00f3 min\u0151s\u00e9g\u0171 anyagokb\u00f3l k\u00e9sz\u00fclt ker\u00e9kagyak megb\u00edzhat\u00f3 teljes\u00edtm\u00e9nyt ny\u00fajtanak utaz\u00e1sr\u00f3l utaz\u00e1sra.<\/p>\n<h3>Megfizethet\u0151 min\u0151s\u00e9g SX gy\u00e1ri k\u00f6zvetlen \u00e1rk\u00e9pz\u00e9ssel<\/h3>\n<p>Pr\u00e9mium kateg\u00f3ri\u00e1s Flight Case ker\u00e9kagyak verhetetlen gy\u00e1ri \u00e1ron az SX-t\u0151l. \u00c9lvezze a cs\u00facsmin\u0151s\u00e9g\u0171 tart\u00f3ss\u00e1got \u00e9s teljes\u00edtm\u00e9nyt magas k\u00f6lts\u00e9gek n\u00e9lk\u00fcl.<\/p>\n<h3>Egyszer\u0171 telep\u00edt\u00e9s \u00e9s megb\u00edzhat\u00f3 t\u00e1mogat\u00e1s<\/h3>\n<p>Az SX Flight Case ker\u00e9kagyak k\u00f6nnyen felszerelhet\u0151k \u00e9s sokoldal\u00faan alkalmazhat\u00f3k k\u00fcl\u00f6nb\u00f6z\u0151 alkalmaz\u00e1sokhoz. B\u00edzzon az SX-ben, hogy felszerel\u00e9se j\u00f3l megt\u00e1masztva \u00e9s z\u00f6kken\u0151mentesen mozogjon.<\/p>","protected":false},"featured_media":4244,"comment_status":"open","ping_status":"closed","template":"","meta":[],"product_brand":[],"product_cat":[65],"product_tag":[],"class_list":{"0":"post-4251","1":"product","2":"type-product","3":"status-publish","4":"has-post-thumbnail","6":"product_cat-dishes","8":"first","9":"instock","10":"shipping-taxable","11":"product-type-simple"},"yoast_head":"<!-- This site is optimized with the Yoast SEO Premium plugin v27.1 (Yoast SEO v27.2) - https:\/\/yoast.com\/product\/yoast-seo-premium-wordpress\/ -->\n<title>Flight Case Wheel Hub DIA401 - https:\/\/sxflightcase.com \ud83d\udc97<\/title>\n<meta name=\"description\" content=\"Flight case wheel hub, factory direct! High-quality, durable hubs designed for smooth and reliable mobility of flight cases. Perfect for ensuring easy transport and long-lasting performance.\" \/>\n<meta name=\"robots\" content=\"index, follow, max-snippet:-1, max-image-preview:large, max-video-preview:-1\" \/>\n<link rel=\"canonical\" href=\"https:\/\/sxflightcase.com\/hu\/termek\/repulotaska-kerekagy-dia401\/\" \/>\n<meta property=\"og:locale\" content=\"hu_HU\" \/>\n<meta property=\"og:type\" content=\"article\" \/>\n<meta property=\"og:title\" content=\"Flight Case Wheel Hub DIA401\" \/>\n<meta property=\"og:description\" content=\"Flight case wheel hub, factory direct! High-quality, durable hubs designed for smooth and reliable mobility of flight cases. Perfect for ensuring easy transport and long-lasting performance.\" \/>\n<meta property=\"og:url\" content=\"https:\/\/sxflightcase.com\/hu\/termek\/repulotaska-kerekagy-dia401\/\" \/>\n<meta property=\"og:site_name\" content=\"https:\/\/sxflightcase.com\" \/>\n<meta property=\"article:publisher\" content=\"https:\/\/www.facebook.com\/profile.php?id=61560407257971\" \/>\n<meta property=\"article:modified_time\" content=\"2024-09-03T06:45:44+00:00\" \/>\n<meta property=\"og:image\" content=\"https:\/\/sxflightcase.com\/wp-content\/uploads\/2024\/09\/DIA401.jpg\" \/>\n\t<meta property=\"og:image:width\" content=\"700\" \/>\n\t<meta property=\"og:image:height\" content=\"700\" \/>\n\t<meta property=\"og:image:type\" content=\"image\/jpeg\" \/>\n<meta name=\"twitter:card\" content=\"summary_large_image\" \/>\n<meta name=\"twitter:label1\" content=\"Becs\u00fclt olvas\u00e1si id\u0151\" \/>\n\t<meta name=\"twitter:data1\" content=\"3 perc\" \/>\n<script type=\"application\/ld+json\" class=\"yoast-schema-graph\">{\"@context\":\"https:\/\/schema.org\",\"@graph\":[{\"@type\":\"WebPage\",\"@id\":\"https:\/\/sxflightcase.com\/product\/flight-case-wheel-hub-dia401\/\",\"url\":\"https:\/\/sxflightcase.com\/product\/flight-case-wheel-hub-dia401\/\",\"name\":\"Flight Case Wheel Hub DIA401 - https:\/\/sxflightcase.com \ud83d\udc97\",\"isPartOf\":{\"@id\":\"https:\/\/sxflightcase.com\/th\/#website\"},\"primaryImageOfPage\":{\"@id\":\"https:\/\/sxflightcase.com\/product\/flight-case-wheel-hub-dia401\/#primaryimage\"},\"image\":{\"@id\":\"https:\/\/sxflightcase.com\/product\/flight-case-wheel-hub-dia401\/#primaryimage\"},\"thumbnailUrl\":\"https:\/\/sxflightcase.com\/wp-content\/uploads\/2024\/09\/DIA401.jpg\",\"datePublished\":\"2024-09-03T06:45:43+00:00\",\"dateModified\":\"2024-09-03T06:45:44+00:00\",\"description\":\"Flight case wheel hub, factory direct! High-quality, durable hubs designed for smooth and reliable mobility of flight cases. Perfect for ensuring easy transport and long-lasting performance.\",\"breadcrumb\":{\"@id\":\"https:\/\/sxflightcase.com\/product\/flight-case-wheel-hub-dia401\/#breadcrumb\"},\"inLanguage\":\"hu\",\"potentialAction\":[{\"@type\":\"ReadAction\",\"target\":[\"https:\/\/sxflightcase.com\/product\/flight-case-wheel-hub-dia401\/\"]}]},{\"@type\":\"ImageObject\",\"inLanguage\":\"hu\",\"@id\":\"https:\/\/sxflightcase.com\/product\/flight-case-wheel-hub-dia401\/#primaryimage\",\"url\":\"https:\/\/sxflightcase.com\/wp-content\/uploads\/2024\/09\/DIA401.jpg\",\"contentUrl\":\"https:\/\/sxflightcase.com\/wp-content\/uploads\/2024\/09\/DIA401.jpg\",\"width\":700,\"height\":700,\"caption\":\"Flight Case Wheel Hub\"},{\"@type\":\"BreadcrumbList\",\"@id\":\"https:\/\/sxflightcase.com\/product\/flight-case-wheel-hub-dia401\/#breadcrumb\",\"itemListElement\":[{\"@type\":\"ListItem\",\"position\":1,\"name\":\"Home\",\"item\":\"https:\/\/sxflightcase.com\/\"},{\"@type\":\"ListItem\",\"position\":2,\"name\":\"\u0e2a\u0e34\u0e19\u0e04\u0e49\u0e32\",\"item\":\"https:\/\/sxflightcase.com\/th\/shop\/\"},{\"@type\":\"ListItem\",\"position\":3,\"name\":\"Flight Case Wheel Hub DIA401\"}]},{\"@type\":\"WebSite\",\"@id\":\"https:\/\/sxflightcase.com\/th\/#website\",\"url\":\"https:\/\/sxflightcase.com\/th\/\",\"name\":\"sxpowercase.com\",\"description\":\"Flight Case Factory\",\"publisher\":{\"@id\":\"https:\/\/sxflightcase.com\/th\/#organization\"},\"potentialAction\":[{\"@type\":\"SearchAction\",\"target\":{\"@type\":\"EntryPoint\",\"urlTemplate\":\"https:\/\/sxflightcase.com\/th\/?s={search_term_string}\"},\"query-input\":{\"@type\":\"PropertyValueSpecification\",\"valueRequired\":true,\"valueName\":\"search_term_string\"}}],\"inLanguage\":\"hu\"},{\"@type\":\"Organization\",\"@id\":\"https:\/\/sxflightcase.com\/th\/#organization\",\"name\":\"sxpowercase.com\",\"url\":\"https:\/\/sxflightcase.com\/th\/\",\"logo\":{\"@type\":\"ImageObject\",\"inLanguage\":\"hu\",\"@id\":\"https:\/\/sxflightcase.com\/th\/#\/schema\/logo\/image\/\",\"url\":\"https:\/\/sxflightcase.com\/wp-content\/uploads\/2024\/04\/1713919036007.jpg\",\"contentUrl\":\"https:\/\/sxflightcase.com\/wp-content\/uploads\/2024\/04\/1713919036007.jpg\",\"width\":382,\"height\":388,\"caption\":\"sxpowercase.com\"},\"image\":{\"@id\":\"https:\/\/sxflightcase.com\/th\/#\/schema\/logo\/image\/\"},\"sameAs\":[\"https:\/\/www.facebook.com\/profile.php?id=61560407257971\"],\"numberOfEmployees\":{\"@type\":\"QuantitativeValue\",\"minValue\":\"11\",\"maxValue\":\"50\"}}]}<\/script>\n<!-- \/ Yoast SEO Premium plugin. -->","yoast_head_json":{"title":"Flight Case Wheel Hub DIA401 - https:\/\/sxflightcase.com \ud83d\udc97","description":"Flight case ker\u00e9kagy, gy\u00e1ri k\u00f6zvetlen! Kiv\u00e1l\u00f3 min\u0151s\u00e9g\u0171, tart\u00f3s ker\u00e9kt\u00e1rcs\u00e1k, amelyeket a rep\u00fcl\u0151t\u00e1sk\u00e1k z\u00f6kken\u0151mentes \u00e9s megb\u00edzhat\u00f3 mobilit\u00e1s\u00e1hoz terveztek. T\u00f6k\u00e9letes a k\u00f6nny\u0171 sz\u00e1ll\u00edt\u00e1s \u00e9s a hossz\u00fa t\u00e1v\u00fa teljes\u00edtm\u00e9ny biztos\u00edt\u00e1s\u00e1hoz.","robots":{"index":"index","follow":"follow","max-snippet":"max-snippet:-1","max-image-preview":"max-image-preview:large","max-video-preview":"max-video-preview:-1"},"canonical":"https:\/\/sxflightcase.com\/hu\/termek\/repulotaska-kerekagy-dia401\/","og_locale":"hu_HU","og_type":"article","og_title":"Flight Case Wheel Hub DIA401","og_description":"Flight case wheel hub, factory direct! High-quality, durable hubs designed for smooth and reliable mobility of flight cases. Perfect for ensuring easy transport and long-lasting performance.","og_url":"https:\/\/sxflightcase.com\/hu\/termek\/repulotaska-kerekagy-dia401\/","og_site_name":"https:\/\/sxflightcase.com","article_publisher":"https:\/\/www.facebook.com\/profile.php?id=61560407257971","article_modified_time":"2024-09-03T06:45:44+00:00","og_image":[{"width":700,"height":700,"url":"https:\/\/sxflightcase.com\/wp-content\/uploads\/2024\/09\/DIA401.jpg","type":"image\/jpeg"}],"twitter_card":"summary_large_image","twitter_misc":{"Becs\u00fclt olvas\u00e1si id\u0151":"3 perc"},"schema":{"@context":"https:\/\/schema.org","@graph":[{"@type":"WebPage","@id":"https:\/\/sxflightcase.com\/product\/flight-case-wheel-hub-dia401\/","url":"https:\/\/sxflightcase.com\/product\/flight-case-wheel-hub-dia401\/","name":"Flight Case Wheel Hub DIA401 - https:\/\/sxflightcase.com \ud83d\udc97","isPartOf":{"@id":"https:\/\/sxflightcase.com\/th\/#website"},"primaryImageOfPage":{"@id":"https:\/\/sxflightcase.com\/product\/flight-case-wheel-hub-dia401\/#primaryimage"},"image":{"@id":"https:\/\/sxflightcase.com\/product\/flight-case-wheel-hub-dia401\/#primaryimage"},"thumbnailUrl":"https:\/\/sxflightcase.com\/wp-content\/uploads\/2024\/09\/DIA401.jpg","datePublished":"2024-09-03T06:45:43+00:00","dateModified":"2024-09-03T06:45:44+00:00","description":"Flight case ker\u00e9kagy, gy\u00e1ri k\u00f6zvetlen! Kiv\u00e1l\u00f3 min\u0151s\u00e9g\u0171, tart\u00f3s ker\u00e9kt\u00e1rcs\u00e1k, amelyeket a rep\u00fcl\u0151t\u00e1sk\u00e1k z\u00f6kken\u0151mentes \u00e9s megb\u00edzhat\u00f3 mobilit\u00e1s\u00e1hoz terveztek. T\u00f6k\u00e9letes a k\u00f6nny\u0171 sz\u00e1ll\u00edt\u00e1s \u00e9s a hossz\u00fa t\u00e1v\u00fa teljes\u00edtm\u00e9ny biztos\u00edt\u00e1s\u00e1hoz.","breadcrumb":{"@id":"https:\/\/sxflightcase.com\/product\/flight-case-wheel-hub-dia401\/#breadcrumb"},"inLanguage":"hu","potentialAction":[{"@type":"ReadAction","target":["https:\/\/sxflightcase.com\/product\/flight-case-wheel-hub-dia401\/"]}]},{"@type":"ImageObject","inLanguage":"hu","@id":"https:\/\/sxflightcase.com\/product\/flight-case-wheel-hub-dia401\/#primaryimage","url":"https:\/\/sxflightcase.com\/wp-content\/uploads\/2024\/09\/DIA401.jpg","contentUrl":"https:\/\/sxflightcase.com\/wp-content\/uploads\/2024\/09\/DIA401.jpg","width":700,"height":700,"caption":"Flight Case Wheel Hub"},{"@type":"BreadcrumbList","@id":"https:\/\/sxflightcase.com\/product\/flight-case-wheel-hub-dia401\/#breadcrumb","itemListElement":[{"@type":"ListItem","position":1,"name":"Home","item":"https:\/\/sxflightcase.com\/"},{"@type":"ListItem","position":2,"name":"\u0e2a\u0e34\u0e19\u0e04\u0e49\u0e32","item":"https:\/\/sxflightcase.com\/th\/shop\/"},{"@type":"ListItem","position":3,"name":"Flight Case Wheel Hub DIA401"}]},{"@type":"WebSite","@id":"https:\/\/sxflightcase.com\/th\/#website","url":"https:\/\/sxflightcase.com\/th\/","name":"sxpowercase.com","description":"Flight Case Factory","publisher":{"@id":"https:\/\/sxflightcase.com\/th\/#organization"},"potentialAction":[{"@type":"SearchAction","target":{"@type":"EntryPoint","urlTemplate":"https:\/\/sxflightcase.com\/th\/?s={search_term_string}"},"query-input":{"@type":"PropertyValueSpecification","valueRequired":true,"valueName":"search_term_string"}}],"inLanguage":"hu"},{"@type":"Organization","@id":"https:\/\/sxflightcase.com\/th\/#organization","name":"sxpowercase.com","url":"https:\/\/sxflightcase.com\/th\/","logo":{"@type":"ImageObject","inLanguage":"hu","@id":"https:\/\/sxflightcase.com\/th\/#\/schema\/logo\/image\/","url":"https:\/\/sxflightcase.com\/wp-content\/uploads\/2024\/04\/1713919036007.jpg","contentUrl":"https:\/\/sxflightcase.com\/wp-content\/uploads\/2024\/04\/1713919036007.jpg","width":382,"height":388,"caption":"sxpowercase.com"},"image":{"@id":"https:\/\/sxflightcase.com\/th\/#\/schema\/logo\/image\/"},"sameAs":["https:\/\/www.facebook.com\/profile.php?id=61560407257971"],"numberOfEmployees":{"@type":"QuantitativeValue","minValue":"11","maxValue":"50"}}]}},"_links":{"self":[{"href":"https:\/\/sxflightcase.com\/hu\/wp-json\/wp\/v2\/product\/4251","targetHints":{"allow":["GET"]}}],"collection":[{"href":"https:\/\/sxflightcase.com\/hu\/wp-json\/wp\/v2\/product"}],"about":[{"href":"https:\/\/sxflightcase.com\/hu\/wp-json\/wp\/v2\/types\/product"}],"replies":[{"embeddable":true,"href":"https:\/\/sxflightcase.com\/hu\/wp-json\/wp\/v2\/comments?post=4251"}],"version-history":[{"count":0,"href":"https:\/\/sxflightcase.com\/hu\/wp-json\/wp\/v2\/product\/4251\/revisions"}],"wp:featuredmedia":[{"embeddable":true,"href":"https:\/\/sxflightcase.com\/hu\/wp-json\/wp\/v2\/media\/4244"}],"wp:attachment":[{"href":"https:\/\/sxflightcase.com\/hu\/wp-json\/wp\/v2\/media?parent=4251"}],"wp:term":[{"taxonomy":"product_brand","embeddable":true,"href":"https:\/\/sxflightcase.com\/hu\/wp-json\/wp\/v2\/product_brand?post=4251"},{"taxonomy":"product_cat","embeddable":true,"href":"https:\/\/sxflightcase.com\/hu\/wp-json\/wp\/v2\/product_cat?post=4251"},{"taxonomy":"product_tag","embeddable":true,"href":"https:\/\/sxflightcase.com\/hu\/wp-json\/wp\/v2\/product_tag?post=4251"}],"curies":[{"name":"wp","href":"https:\/\/api.w.org\/{rel}","templated":true}]}}