{"id":4303,"date":"2024-09-05T08:14:09","date_gmt":"2024-09-05T07:14:09","guid":{"rendered":"https:\/\/sxpowercase.com\/?post_type=product&#038;p=4303"},"modified":"2024-09-05T08:14:10","modified_gmt":"2024-09-05T07:14:10","slug":"rack-strip-rails-raa301","status":"publish","type":"product","link":"https:\/\/sxflightcase.com\/hu\/termek\/rack-szalagsinek-raa301\/","title":{"rendered":"Rack Strip RAA301"},"content":{"rendered":"<h3>B\u0151v\u00edtse be\u00e1ll\u00edt\u00e1sait az SX Rack Strip Rails s\u00ednekkel<\/h3>\n<p>Amikor a felszerel\u00e9s rendezett \u00e9s biztons\u00e1gos t\u00e1rol\u00e1s\u00e1r\u00f3l van sz\u00f3, <strong>SX Rack Strip s\u00ednek<\/strong> ide\u00e1lis megold\u00e1st k\u00edn\u00e1lnak. Ezek a s\u00ednek szil\u00e1rd \u00e9s megb\u00edzhat\u00f3 alapot biztos\u00edtanak az \u00e1llv\u00e1nyra szerelt eszk\u00f6z\u00f6k sz\u00e1m\u00e1ra, ak\u00e1r professzion\u00e1lis, ak\u00e1r szem\u00e9lyes haszn\u00e1latra, biztos\u00edtva, hogy a felszerel\u00e9se biztons\u00e1gban \u00e9s a hely\u00e9n maradjon.<\/p>\n<h3>Gy\u00e1ri k\u00f6zvetlen, min\u0151s\u00e9gbiztos\u00edtott<\/h3>\n<p>A  c\u00edmen. <strong>SX<\/strong>, pr\u00e9miumot sz\u00e1ll\u00edtunk <strong>Rack Strip s\u00ednek<\/strong> k\u00f6zvetlen\u00fcl a gy\u00e1runkb\u00f3l az \u00d6n sz\u00e1m\u00e1ra. Ez kik\u00fcsz\u00f6b\u00f6li a k\u00f6zvet\u00edt\u0151i k\u00f6lts\u00e9geket, \u00edgy kiv\u00e1l\u00f3 min\u0151s\u00e9g\u0171 term\u00e9keket k\u00edn\u00e1lunk \u00d6nnek gy\u00e1ri k\u00f6zvetlen \u00e1ron. A legjobb \u00e1r-\u00e9rt\u00e9k ar\u00e1nyra sz\u00e1m\u00edthat an\u00e9lk\u00fcl, hogy kompromisszumot k\u00f6tne a teljes\u00edtm\u00e9nyben.<\/p>\n<h3>Tart\u00f3san \u00e9p\u00edtett<\/h3>\n<p>A tart\u00f3ss\u00e1got szem el\u0151tt tartva tervezt\u00e9k, <strong><a href=\"https:\/\/sxpowercase.com\/\" target=\"_blank\" rel=\"noopener\" title=\"SX\" data-wpil-monitor-id=\"724\">SX<\/a> Rack Strip s\u00ednek<\/strong> er\u0151s, rugalmas anyagokb\u00f3l k\u00e9sz\u00fclnek. S\u00ednjeink ellen\u00e1llnak a mindennapi haszn\u00e1lat k\u00f6vetelm\u00e9nyeinek, hossz\u00fa t\u00e1v\u00fa biztons\u00e1got \u00e9s szil\u00e1rds\u00e1got ny\u00fajtanak m\u00e9g a legnehezebb be\u00e1ll\u00edt\u00e1sok eset\u00e9n is. <strong>SX<\/strong> biztos\u00edtja, hogy a felszerel\u00e9s szil\u00e1rdan a hely\u00e9n maradjon, \u00edgy nyugalmat biztos\u00edt.<\/p>\n<h3>Egyszer\u0171 \u00e9s gyors telep\u00edt\u00e9s<\/h3>\n<p>A telep\u00edt\u00e9si folyamat a <strong>SX Rack Strip s\u00ednek<\/strong> gyors \u00e9s probl\u00e9mamentes. Ezek a s\u00ednek kompatibilisek a legt\u00f6bb \u00e1llv\u00e1nyrendszerrel, \u00edgy k\u00f6nnyen integr\u00e1lhat\u00f3k a megl\u00e9v\u0151 berendez\u00e9sekbe vagy \u00faj projektekbe. Rendszerezze rendszer\u00e9t pillanatok alatt a <strong>SX<\/strong>.<\/p>\n<h3>Megb\u00edzhat\u00f3 teljes\u00edtm\u00e9ny, amelyre sz\u00e1m\u00edthat<\/h3>\n<p>Minden <strong>SX Rack Strip Rail<\/strong> a maxim\u00e1lis megb\u00edzhat\u00f3s\u00e1g \u00e9s tart\u00f3ss\u00e1g \u00e9rdek\u00e9ben tesztelt\u00e9k. A  c\u00edmen <strong>SX<\/strong>, tudja, hogy olyan term\u00e9ket kap, amely hossz\u00fa \u00e9lettartamra k\u00e9sz\u00fclt, \u00edgy biztos\u00edtva, hogy berendez\u00e9se \u00e9vekig biztons\u00e1gos \u00e9s stabil maradjon. Minden egyes term\u00e9k eset\u00e9ben ki\u00e1llunk a kiv\u00e1l\u00f3 min\u0151s\u00e9g ir\u00e1nti elk\u00f6telezetts\u00e9g\u00fcnk mellett.<\/p>\n<h3>A megfizethet\u0151 v\u00e1laszt\u00e1s a szakemberek sz\u00e1m\u00e1ra<\/h3>\n<p>Ha megfizethet\u0151, m\u00e9gis nagy teljes\u00edtm\u00e9ny\u0171 megold\u00e1st keres az \u00e1llv\u00e1nyaihoz, akkor ne keressen tov\u00e1bb, mint a <strong>SX Rack Strip Rail<\/strong>. T\u00f6k\u00e9letes olyan szakemberek sz\u00e1m\u00e1ra, akiknek er\u0151s, biztons\u00e1gos rendszerekre van sz\u00fcks\u00e9g\u00fck extra k\u00f6lts\u00e9gek n\u00e9lk\u00fcl, <strong>SX<\/strong> egyes\u00edti a megb\u00edzhat\u00f3s\u00e1got \u00e9s az \u00e9rt\u00e9ket egyben.<\/p>\n<p>Friss\u00edtse be\u00e1ll\u00edt\u00e1sait a <strong>SX Rack Strip Rail<\/strong>\u00a0m\u00e9g ma, \u00e9s \u00e9lvezze a hossz\u00fa t\u00e1v\u00fa, megb\u00edzhat\u00f3 teljes\u00edtm\u00e9nyt verhetetlen \u00e1ron.<\/p>\n<p>Kapcsolatfelv\u00e9tel most:<span style=\"color: #0000ff;\"><a style=\"color: #0000ff;\" href=\"https:\/\/sxpowercase.com\/contact-us\/\">https:\/\/sxpowercase.com\/<\/a><\/span><\/p>\n<p>Hardver term\u00e9kkatal\u00f3gus\uff1a<span style=\"color: #3366ff;\"><a style=\"color: #3366ff;\" href=\"https:\/\/sxpowercase.com\/wp-content\/uploads\/2024\/07\/\u4e94\u91d1.pdf\">Hardver tartoz\u00e9kok katal\u00f3gusa<\/a><\/span><\/p>","protected":false},"excerpt":{"rendered":"<div class=\"flex max-w-full flex-col flex-grow\">\n<div class=\"min-h-[20px] text-message flex w-full flex-col items-end gap-2 break-words [.text-message+&amp;]:mt-5 overflow-x-auto whitespace-normal\" dir=\"auto\" data-message-author-role=\"assistant\" data-message-id=\"cd0e0203-a40a-4a45-ac0e-80ee1eb3a095\">\n<div class=\"flex w-full flex-col gap-1 empty:hidden first:pt-[3px]\">\n<div class=\"markdown prose w-full break-words dark:prose-invert light\">\n<h3>SX Rack Strip Rails: Secure and Organize Your Equipment<\/h3>\n<p>SX Rack Strip Rails provide professional-grade stability, ensuring your servers or audio gear remain securely in place.<\/p>\n<h3>Affordable, Factory-Direct Pricing<\/h3>\n<p>Get top-quality Rack Strip Rails at factory-direct prices, offering durability and reliability without the high cost.<\/p>\n<h3>Easy Installation and Long-Lasting Durability<\/h3>\n<p>SX Rack Strip Rails are designed for easy installation and are built to withstand heavy loads, ensuring long-term support for any rack system.<\/p>\n<\/div>\n<\/div>\n<\/div>\n<\/div>\n","protected":false},"featured_media":4271,"comment_status":"open","ping_status":"closed","template":"","meta":[],"product_brand":[],"product_cat":[66],"product_tag":[],"class_list":{"0":"post-4303","1":"product","2":"type-product","3":"status-publish","4":"has-post-thumbnail","6":"product_cat-rack-hardware","8":"first","9":"instock","10":"shipping-taxable","11":"product-type-simple"},"yoast_head":"<!-- This site is optimized with the Yoast SEO Premium plugin v27.1 (Yoast SEO v27.2) - https:\/\/yoast.com\/product\/yoast-seo-premium-wordpress\/ -->\n<title>Rack Strip Rails RAA301 - https:\/\/sxflightcase.com \ud83d\udc97<\/title>\n<meta name=\"description\" content=\"Rack strip rails, factory direct! High-quality, durable rails designed for secure mounting and organization of rack equipment. Perfect for flight cases, server racks, and professional setups.\" \/>\n<meta name=\"robots\" content=\"index, follow, max-snippet:-1, max-image-preview:large, max-video-preview:-1\" \/>\n<link rel=\"canonical\" href=\"https:\/\/sxflightcase.com\/hu\/termek\/rack-szalagsinek-raa301\/\" \/>\n<meta property=\"og:locale\" content=\"hu_HU\" \/>\n<meta property=\"og:type\" content=\"article\" \/>\n<meta property=\"og:title\" content=\"Rack Strip Rails RAA301\" \/>\n<meta property=\"og:description\" content=\"Rack strip rails, factory direct! High-quality, durable rails designed for secure mounting and organization of rack equipment. Perfect for flight cases, server racks, and professional setups.\" \/>\n<meta property=\"og:url\" content=\"https:\/\/sxflightcase.com\/hu\/termek\/rack-szalagsinek-raa301\/\" \/>\n<meta property=\"og:site_name\" content=\"https:\/\/sxflightcase.com\" \/>\n<meta property=\"article:publisher\" content=\"https:\/\/www.facebook.com\/profile.php?id=61560407257971\" \/>\n<meta property=\"article:modified_time\" content=\"2024-09-05T07:14:10+00:00\" \/>\n<meta property=\"og:image\" content=\"https:\/\/sxflightcase.com\/wp-content\/uploads\/2024\/09\/RAA301.jpg\" \/>\n\t<meta property=\"og:image:width\" content=\"700\" \/>\n\t<meta property=\"og:image:height\" content=\"700\" \/>\n\t<meta property=\"og:image:type\" content=\"image\/jpeg\" \/>\n<meta name=\"twitter:card\" content=\"summary_large_image\" \/>\n<meta name=\"twitter:label1\" content=\"Becs\u00fclt olvas\u00e1si id\u0151\" \/>\n\t<meta name=\"twitter:data1\" content=\"2 perc\" \/>\n<script type=\"application\/ld+json\" class=\"yoast-schema-graph\">{\"@context\":\"https:\/\/schema.org\",\"@graph\":[{\"@type\":\"WebPage\",\"@id\":\"https:\/\/sxflightcase.com\/product\/rack-strip-rails-raa301\/\",\"url\":\"https:\/\/sxflightcase.com\/product\/rack-strip-rails-raa301\/\",\"name\":\"Rack Strip Rails RAA301 - https:\/\/sxflightcase.com \ud83d\udc97\",\"isPartOf\":{\"@id\":\"https:\/\/sxflightcase.com\/th\/#website\"},\"primaryImageOfPage\":{\"@id\":\"https:\/\/sxflightcase.com\/product\/rack-strip-rails-raa301\/#primaryimage\"},\"image\":{\"@id\":\"https:\/\/sxflightcase.com\/product\/rack-strip-rails-raa301\/#primaryimage\"},\"thumbnailUrl\":\"https:\/\/sxflightcase.com\/wp-content\/uploads\/2024\/09\/RAA301.jpg\",\"datePublished\":\"2024-09-05T07:14:09+00:00\",\"dateModified\":\"2024-09-05T07:14:10+00:00\",\"description\":\"Rack strip rails, factory direct! High-quality, durable rails designed for secure mounting and organization of rack equipment. Perfect for flight cases, server racks, and professional setups.\",\"breadcrumb\":{\"@id\":\"https:\/\/sxflightcase.com\/product\/rack-strip-rails-raa301\/#breadcrumb\"},\"inLanguage\":\"hu\",\"potentialAction\":[{\"@type\":\"ReadAction\",\"target\":[\"https:\/\/sxflightcase.com\/product\/rack-strip-rails-raa301\/\"]}]},{\"@type\":\"ImageObject\",\"inLanguage\":\"hu\",\"@id\":\"https:\/\/sxflightcase.com\/product\/rack-strip-rails-raa301\/#primaryimage\",\"url\":\"https:\/\/sxflightcase.com\/wp-content\/uploads\/2024\/09\/RAA301.jpg\",\"contentUrl\":\"https:\/\/sxflightcase.com\/wp-content\/uploads\/2024\/09\/RAA301.jpg\",\"width\":700,\"height\":700,\"caption\":\"Rack Strip Rails\"},{\"@type\":\"BreadcrumbList\",\"@id\":\"https:\/\/sxflightcase.com\/product\/rack-strip-rails-raa301\/#breadcrumb\",\"itemListElement\":[{\"@type\":\"ListItem\",\"position\":1,\"name\":\"Home\",\"item\":\"https:\/\/sxflightcase.com\/\"},{\"@type\":\"ListItem\",\"position\":2,\"name\":\"\u0e2a\u0e34\u0e19\u0e04\u0e49\u0e32\",\"item\":\"https:\/\/sxflightcase.com\/th\/shop\/\"},{\"@type\":\"ListItem\",\"position\":3,\"name\":\"Rack Strip Rails RAA301\"}]},{\"@type\":\"WebSite\",\"@id\":\"https:\/\/sxflightcase.com\/th\/#website\",\"url\":\"https:\/\/sxflightcase.com\/th\/\",\"name\":\"sxpowercase.com\",\"description\":\"Flight Case Factory\",\"publisher\":{\"@id\":\"https:\/\/sxflightcase.com\/th\/#organization\"},\"potentialAction\":[{\"@type\":\"SearchAction\",\"target\":{\"@type\":\"EntryPoint\",\"urlTemplate\":\"https:\/\/sxflightcase.com\/th\/?s={search_term_string}\"},\"query-input\":{\"@type\":\"PropertyValueSpecification\",\"valueRequired\":true,\"valueName\":\"search_term_string\"}}],\"inLanguage\":\"hu\"},{\"@type\":\"Organization\",\"@id\":\"https:\/\/sxflightcase.com\/th\/#organization\",\"name\":\"sxpowercase.com\",\"url\":\"https:\/\/sxflightcase.com\/th\/\",\"logo\":{\"@type\":\"ImageObject\",\"inLanguage\":\"hu\",\"@id\":\"https:\/\/sxflightcase.com\/th\/#\/schema\/logo\/image\/\",\"url\":\"https:\/\/sxflightcase.com\/wp-content\/uploads\/2024\/04\/1713919036007.jpg\",\"contentUrl\":\"https:\/\/sxflightcase.com\/wp-content\/uploads\/2024\/04\/1713919036007.jpg\",\"width\":382,\"height\":388,\"caption\":\"sxpowercase.com\"},\"image\":{\"@id\":\"https:\/\/sxflightcase.com\/th\/#\/schema\/logo\/image\/\"},\"sameAs\":[\"https:\/\/www.facebook.com\/profile.php?id=61560407257971\"],\"numberOfEmployees\":{\"@type\":\"QuantitativeValue\",\"minValue\":\"11\",\"maxValue\":\"50\"}}]}<\/script>\n<!-- \/ Yoast SEO Premium plugin. -->","yoast_head_json":{"title":"Rack Strip Rails RAA301 - https:\/\/sxflightcase.com \ud83d\udc97","description":"Rack szalags\u00ednek, gy\u00e1ri direkt! Kiv\u00e1l\u00f3 min\u0151s\u00e9g\u0171, tart\u00f3s s\u00ednek, amelyeket a rackberendez\u00e9sek biztons\u00e1gos r\u00f6gz\u00edt\u00e9s\u00e9re \u00e9s szervez\u00e9s\u00e9re terveztek. T\u00f6k\u00e9letes flightcase-ekhez, szerver\u00e1llv\u00e1nyokhoz \u00e9s professzion\u00e1lis be\u00e1ll\u00edt\u00e1sokhoz.","robots":{"index":"index","follow":"follow","max-snippet":"max-snippet:-1","max-image-preview":"max-image-preview:large","max-video-preview":"max-video-preview:-1"},"canonical":"https:\/\/sxflightcase.com\/hu\/termek\/rack-szalagsinek-raa301\/","og_locale":"hu_HU","og_type":"article","og_title":"Rack Strip Rails RAA301","og_description":"Rack strip rails, factory direct! High-quality, durable rails designed for secure mounting and organization of rack equipment. Perfect for flight cases, server racks, and professional setups.","og_url":"https:\/\/sxflightcase.com\/hu\/termek\/rack-szalagsinek-raa301\/","og_site_name":"https:\/\/sxflightcase.com","article_publisher":"https:\/\/www.facebook.com\/profile.php?id=61560407257971","article_modified_time":"2024-09-05T07:14:10+00:00","og_image":[{"width":700,"height":700,"url":"https:\/\/sxflightcase.com\/wp-content\/uploads\/2024\/09\/RAA301.jpg","type":"image\/jpeg"}],"twitter_card":"summary_large_image","twitter_misc":{"Becs\u00fclt olvas\u00e1si id\u0151":"2 perc"},"schema":{"@context":"https:\/\/schema.org","@graph":[{"@type":"WebPage","@id":"https:\/\/sxflightcase.com\/product\/rack-strip-rails-raa301\/","url":"https:\/\/sxflightcase.com\/product\/rack-strip-rails-raa301\/","name":"Rack Strip Rails RAA301 - https:\/\/sxflightcase.com \ud83d\udc97","isPartOf":{"@id":"https:\/\/sxflightcase.com\/th\/#website"},"primaryImageOfPage":{"@id":"https:\/\/sxflightcase.com\/product\/rack-strip-rails-raa301\/#primaryimage"},"image":{"@id":"https:\/\/sxflightcase.com\/product\/rack-strip-rails-raa301\/#primaryimage"},"thumbnailUrl":"https:\/\/sxflightcase.com\/wp-content\/uploads\/2024\/09\/RAA301.jpg","datePublished":"2024-09-05T07:14:09+00:00","dateModified":"2024-09-05T07:14:10+00:00","description":"Rack szalags\u00ednek, gy\u00e1ri direkt! Kiv\u00e1l\u00f3 min\u0151s\u00e9g\u0171, tart\u00f3s s\u00ednek, amelyeket a rackberendez\u00e9sek biztons\u00e1gos r\u00f6gz\u00edt\u00e9s\u00e9re \u00e9s szervez\u00e9s\u00e9re terveztek. T\u00f6k\u00e9letes flightcase-ekhez, szerver\u00e1llv\u00e1nyokhoz \u00e9s professzion\u00e1lis be\u00e1ll\u00edt\u00e1sokhoz.","breadcrumb":{"@id":"https:\/\/sxflightcase.com\/product\/rack-strip-rails-raa301\/#breadcrumb"},"inLanguage":"hu","potentialAction":[{"@type":"ReadAction","target":["https:\/\/sxflightcase.com\/product\/rack-strip-rails-raa301\/"]}]},{"@type":"ImageObject","inLanguage":"hu","@id":"https:\/\/sxflightcase.com\/product\/rack-strip-rails-raa301\/#primaryimage","url":"https:\/\/sxflightcase.com\/wp-content\/uploads\/2024\/09\/RAA301.jpg","contentUrl":"https:\/\/sxflightcase.com\/wp-content\/uploads\/2024\/09\/RAA301.jpg","width":700,"height":700,"caption":"Rack Strip Rails"},{"@type":"BreadcrumbList","@id":"https:\/\/sxflightcase.com\/product\/rack-strip-rails-raa301\/#breadcrumb","itemListElement":[{"@type":"ListItem","position":1,"name":"Home","item":"https:\/\/sxflightcase.com\/"},{"@type":"ListItem","position":2,"name":"\u0e2a\u0e34\u0e19\u0e04\u0e49\u0e32","item":"https:\/\/sxflightcase.com\/th\/shop\/"},{"@type":"ListItem","position":3,"name":"Rack Strip Rails RAA301"}]},{"@type":"WebSite","@id":"https:\/\/sxflightcase.com\/th\/#website","url":"https:\/\/sxflightcase.com\/th\/","name":"sxpowercase.com","description":"Flight Case Factory","publisher":{"@id":"https:\/\/sxflightcase.com\/th\/#organization"},"potentialAction":[{"@type":"SearchAction","target":{"@type":"EntryPoint","urlTemplate":"https:\/\/sxflightcase.com\/th\/?s={search_term_string}"},"query-input":{"@type":"PropertyValueSpecification","valueRequired":true,"valueName":"search_term_string"}}],"inLanguage":"hu"},{"@type":"Organization","@id":"https:\/\/sxflightcase.com\/th\/#organization","name":"sxpowercase.com","url":"https:\/\/sxflightcase.com\/th\/","logo":{"@type":"ImageObject","inLanguage":"hu","@id":"https:\/\/sxflightcase.com\/th\/#\/schema\/logo\/image\/","url":"https:\/\/sxflightcase.com\/wp-content\/uploads\/2024\/04\/1713919036007.jpg","contentUrl":"https:\/\/sxflightcase.com\/wp-content\/uploads\/2024\/04\/1713919036007.jpg","width":382,"height":388,"caption":"sxpowercase.com"},"image":{"@id":"https:\/\/sxflightcase.com\/th\/#\/schema\/logo\/image\/"},"sameAs":["https:\/\/www.facebook.com\/profile.php?id=61560407257971"],"numberOfEmployees":{"@type":"QuantitativeValue","minValue":"11","maxValue":"50"}}]}},"_links":{"self":[{"href":"https:\/\/sxflightcase.com\/hu\/wp-json\/wp\/v2\/product\/4303","targetHints":{"allow":["GET"]}}],"collection":[{"href":"https:\/\/sxflightcase.com\/hu\/wp-json\/wp\/v2\/product"}],"about":[{"href":"https:\/\/sxflightcase.com\/hu\/wp-json\/wp\/v2\/types\/product"}],"replies":[{"embeddable":true,"href":"https:\/\/sxflightcase.com\/hu\/wp-json\/wp\/v2\/comments?post=4303"}],"version-history":[{"count":0,"href":"https:\/\/sxflightcase.com\/hu\/wp-json\/wp\/v2\/product\/4303\/revisions"}],"wp:featuredmedia":[{"embeddable":true,"href":"https:\/\/sxflightcase.com\/hu\/wp-json\/wp\/v2\/media\/4271"}],"wp:attachment":[{"href":"https:\/\/sxflightcase.com\/hu\/wp-json\/wp\/v2\/media?parent=4303"}],"wp:term":[{"taxonomy":"product_brand","embeddable":true,"href":"https:\/\/sxflightcase.com\/hu\/wp-json\/wp\/v2\/product_brand?post=4303"},{"taxonomy":"product_cat","embeddable":true,"href":"https:\/\/sxflightcase.com\/hu\/wp-json\/wp\/v2\/product_cat?post=4303"},{"taxonomy":"product_tag","embeddable":true,"href":"https:\/\/sxflightcase.com\/hu\/wp-json\/wp\/v2\/product_tag?post=4303"}],"curies":[{"name":"wp","href":"https:\/\/api.w.org\/{rel}","templated":true}]}}