{"id":4312,"date":"2024-09-06T07:37:31","date_gmt":"2024-09-06T06:37:31","guid":{"rendered":"https:\/\/sxpowercase.com\/?post_type=product&#038;p=4312"},"modified":"2024-09-06T07:37:32","modified_gmt":"2024-09-06T06:37:32","slug":"punched-rack-panel-raa401","status":"publish","type":"product","link":"https:\/\/sxflightcase.com\/hu\/termek\/lyukasztott-rack-panel-raa401\/","title":{"rendered":"RAA401 lyukacsos \u00e1llv\u00e1nypanel"},"content":{"rendered":"<h3>B\u0151v\u00edtse be\u00e1ll\u00edt\u00e1sait az SX Punched Rack Panel seg\u00edts\u00e9g\u00e9vel<\/h3>\n<p>Tart\u00f3s \u00e9s k\u00f6lts\u00e9ghat\u00e9kony megold\u00e1st keres \u00e1llv\u00e1nyra szerelt berendez\u00e9sei rendszerez\u00e9s\u00e9re? A <strong>SX lyukasztott \u00e1llv\u00e1nylap<\/strong> \u00fagy tervezt\u00e9k, hogy egyszer\u0171s\u00edtse a k\u00e1belkezel\u00e9st \u00e9s jav\u00edtsa a rendszer l\u00e9g\u00e1raml\u00e1s\u00e1t. A prec\u00edz perfor\u00e1ci\u00f3kkal ez a panel biztos\u00edtja a k\u00e1belek k\u00f6nny\u0171 integr\u00e1l\u00e1s\u00e1t, mik\u00f6zben eleg\u00e1ns megjelen\u00e9st biztos\u00edt.<\/p>\n<h3>Gy\u00e1ri k\u00f6zvetlen \u00e1rak \u00e9s kiv\u00e1l\u00f3 min\u0151s\u00e9gbiztos\u00edt\u00e1s<\/h3>\n<p>A  c\u00edmen. <strong><a href=\"https:\/\/sxpowercase.com\/\" target=\"_blank\" rel=\"noopener\" title=\"SX\" data-wpil-monitor-id=\"727\">SX<\/a><\/strong>, k\u00edn\u00e1lunk <strong>Lyukasztott Rack panel<\/strong> term\u00e9kek gy\u00e1ri k\u00f6zvetlen \u00e1rk\u00e9pz\u00e9ssel. Ez lehet\u0151v\u00e9 teszi sz\u00e1munkra, hogy pr\u00e9mium min\u0151s\u00e9get k\u00edn\u00e1ljunk versenyk\u00e9pes \u00e1ron. K\u00f6zvet\u00edt\u0151k n\u00e9lk\u00fcl a legjobb \u00e1r-\u00e9rt\u00e9k ar\u00e1nyt kapja a p\u00e9nz\u00e9\u00e9rt, an\u00e9lk\u00fcl, hogy a min\u0151s\u00e9gben kompromisszumot k\u00f6tne. Term\u00e9keink a legmagasabb ipari szabv\u00e1nyoknak megfelel\u0151en k\u00e9sz\u00fclnek.<\/p>\n<h3>Er\u0151s \u00e9s megb\u00edzhat\u00f3 konstrukci\u00f3<\/h3>\n<p>A <strong>SX lyukasztott \u00e1llv\u00e1nylap<\/strong> kiv\u00e1l\u00f3 min\u0151s\u00e9g\u0171 anyagokb\u00f3l \u00e9p\u00fcl, biztos\u00edtva az er\u0151ss\u00e9get \u00e9s a tart\u00f3ss\u00e1got. Robusztus fel\u00e9p\u00edt\u00e9se garant\u00e1lja, hogy berendez\u00e9sei m\u00e9g ig\u00e9nyes k\u00f6rnyezetben is biztons\u00e1gosan r\u00f6gz\u00edtve maradnak. Megb\u00edzhat a <strong>SX<\/strong> a hossz\u00fa \u00e9lettartam\u00fa, megb\u00edzhat\u00f3 megold\u00e1sok\u00e9rt alacsony \u00e1ron.<\/p>\n<h3>Egyszer\u0171 telep\u00edt\u00e9s a gyors telep\u00edt\u00e9shez<\/h3>\n<p>A <strong>Lyukasztott Rack panel<\/strong> \u00fagy tervezt\u00e9k, hogy k\u00f6nnyed\u00e9n telep\u00edthet\u0151 legyen, \u00e9s z\u00f6kken\u0151mentesen illeszkedjen a szabv\u00e1nyos rackrendszerekbe. Prec\u00edzi\u00f3san kiv\u00e1gott furatainak k\u00f6sz\u00f6nhet\u0151en leegyszer\u0171s\u00edti a k\u00e1belkezel\u00e9st, biztos\u00edtva a tiszta \u00e9s professzion\u00e1lis fel\u00e1ll\u00edt\u00e1st. Takar\u00edtson meg id\u0151t \u00e9s ker\u00fclje el a gondokat ezzel a k\u00f6nnyen haszn\u00e1lhat\u00f3 megold\u00e1ssal a <strong>SX<\/strong>.<\/p>\n<h3>Sokoldal\u00fa \u00e9s megfizethet\u0151<\/h3>\n<p>Ak\u00e1r adatk\u00f6zpontot, m\u0171sorsz\u00f3r\u00f3 st\u00fadi\u00f3t vagy otthoni irod\u00e1t hoz l\u00e9tre, a <strong>SX lyukasztott \u00e1llv\u00e1ny <\/strong>sokoldal\u00fas\u00e1got k\u00edn\u00e1l a k\u00fcl\u00f6nb\u00f6z\u0151 alkalmaz\u00e1sokhoz. Nemcsak megfizethet\u0151, de biztons\u00e1gos illeszked\u00e9st is biztos\u00edt az eszk\u00f6z\u00f6kh\u00f6z, \u00edgy kiv\u00e1l\u00f3 \u00e9rt\u00e9ket ny\u00fajt a befektet\u00e9s\u00e9hez.<\/p>\n<h3>Garant\u00e1lt min\u0151s\u00e9g<\/h3>\n<p>A  c\u00edmen. <strong>SX<\/strong>, ki\u00e1llunk term\u00e9keink min\u0151s\u00e9ge mellett. Minden <strong>Lyukasztott \u00e1llv\u00e1ny <\/strong>szigor\u00fa min\u0151s\u00e9gi ellen\u0151rz\u00e9seken megy kereszt\u00fcl annak \u00e9rdek\u00e9ben, hogy megfeleljen az \u00d6n elv\u00e1r\u00e1sainak a tart\u00f3ss\u00e1g \u00e9s a teljes\u00edtm\u00e9ny tekintet\u00e9ben. A min\u0151s\u00e9g ir\u00e1nti elk\u00f6telezetts\u00e9g\u00fcnknek k\u00f6sz\u00f6nhet\u0151en b\u00edzhat abban, hogy <strong>SX<\/strong> term\u00e9kek minden alkalommal megb\u00edzhat\u00f3 teljes\u00edtm\u00e9nyt ny\u00fajtanak.<\/p>\n<p>Friss\u00edtse rendszer\u00e9t a <strong>SX lyukasztott \u00e1llv\u00e1ny <\/strong>\u00e9s \u00e9lvezze a kiv\u00e1l\u00f3 min\u0151s\u00e9g\u0171 anyagok, a gy\u00e1ri \u00e1rak \u00e9s az egyszer\u0171 telep\u00edt\u00e9s t\u00f6k\u00e9letes kombin\u00e1ci\u00f3j\u00e1t.<\/p>\n<p>Kapcsolatfelv\u00e9tel most:<span style=\"color: #0000ff;\"><a style=\"color: #0000ff;\" href=\"https:\/\/sxpowercase.com\/contact-us\/\">https:\/\/sxpowercase.com\/<\/a><\/span><\/p>\n<p>Hardver term\u00e9kkatal\u00f3gus\uff1a<span style=\"color: #3366ff;\"><a style=\"color: #3366ff;\" href=\"https:\/\/sxpowercase.com\/wp-content\/uploads\/2024\/07\/\u4e94\u91d1.pdf\">Hardver tartoz\u00e9kok katal\u00f3gusa<\/a><\/span><\/p>","protected":false},"excerpt":{"rendered":"<h3>SX lyukacsos Rack panel: Tart\u00f3s k\u00e1belkezel\u00e9si megold\u00e1s<\/h3>\n<p>Egyszer\u0171s\u00edtse rackbe szerelt be\u00e1ll\u00edt\u00e1sait az SX Punched Rack Panel seg\u00edts\u00e9g\u00e9vel, amelyet a k\u00f6nny\u0171 k\u00e1belkezel\u00e9s \u00e9s a jobb l\u00e9g\u00e1raml\u00e1s \u00e9rdek\u00e9ben terveztek.<\/p>\n<h3>Gy\u00e1ri k\u00f6zvetlen \u00e1rak pr\u00e9mium min\u0151s\u00e9ggel<\/h3>\n<p>Kiv\u00e1l\u00f3 min\u0151s\u00e9g\u0171 lyukasztott \u00e1llv\u00e1nylemezeket kaphat versenyk\u00e9pes \u00e1ron, gy\u00e1ri k\u00f6zvetlen \u00e1rk\u00e9pz\u00e9ssel, ami a legjobb \u00e9rt\u00e9ket biztos\u00edtja k\u00f6zvet\u00edt\u0151i k\u00f6lts\u00e9gek n\u00e9lk\u00fcl.<\/p>\n<h3>Egyszer\u0171 telep\u00edt\u00e9s \u00e9s sokoldal\u00fa haszn\u00e1lat<\/h3>\n<p>Az SX lyukacsos \u00e1llv\u00e1nypanel probl\u00e9mamentes telep\u00edt\u00e9st k\u00edn\u00e1l, \u00e9s illeszkedik a szabv\u00e1nyos \u00e1llv\u00e1nyrendszerekhez, \u00edgy megb\u00edzhat\u00f3, megfizethet\u0151 megold\u00e1st ny\u00fajt a k\u00fcl\u00f6nb\u00f6z\u0151 alkalmaz\u00e1sokhoz.<\/p>","protected":false},"featured_media":4273,"comment_status":"open","ping_status":"closed","template":"","meta":[],"product_brand":[],"product_cat":[66],"product_tag":[],"class_list":{"0":"post-4312","1":"product","2":"type-product","3":"status-publish","4":"has-post-thumbnail","6":"product_cat-rack-hardware","8":"first","9":"instock","10":"shipping-taxable","11":"product-type-simple"},"yoast_head":"<!-- This site is optimized with the Yoast SEO Premium plugin v27.1 (Yoast SEO v27.2) - https:\/\/yoast.com\/product\/yoast-seo-premium-wordpress\/ -->\n<title>Punched Rack Panel RAA401 - https:\/\/sxflightcase.com \ud83d\udc97<\/title>\n<meta name=\"description\" content=\"Punched rack panel, factory direct! Durable, high-quality panels with pre-punched holes for easy and secure equipment mounting. Ideal for efficient organization in racks and flight cases.\" \/>\n<meta name=\"robots\" content=\"index, follow, max-snippet:-1, max-image-preview:large, max-video-preview:-1\" \/>\n<link rel=\"canonical\" href=\"https:\/\/sxflightcase.com\/hu\/termek\/lyukasztott-rack-panel-raa401\/\" \/>\n<meta property=\"og:locale\" content=\"hu_HU\" \/>\n<meta property=\"og:type\" content=\"article\" \/>\n<meta property=\"og:title\" content=\"Punched Rack Panel RAA401\" \/>\n<meta property=\"og:description\" content=\"Punched rack panel, factory direct! Durable, high-quality panels with pre-punched holes for easy and secure equipment mounting. Ideal for efficient organization in racks and flight cases.\" \/>\n<meta property=\"og:url\" content=\"https:\/\/sxflightcase.com\/hu\/termek\/lyukasztott-rack-panel-raa401\/\" \/>\n<meta property=\"og:site_name\" content=\"https:\/\/sxflightcase.com\" \/>\n<meta property=\"article:publisher\" content=\"https:\/\/www.facebook.com\/profile.php?id=61560407257971\" \/>\n<meta property=\"article:modified_time\" content=\"2024-09-06T06:37:32+00:00\" \/>\n<meta property=\"og:image\" content=\"https:\/\/sxflightcase.com\/wp-content\/uploads\/2024\/09\/RAA401.jpg\" \/>\n\t<meta property=\"og:image:width\" content=\"700\" \/>\n\t<meta property=\"og:image:height\" content=\"700\" \/>\n\t<meta property=\"og:image:type\" content=\"image\/jpeg\" \/>\n<meta name=\"twitter:card\" content=\"summary_large_image\" \/>\n<meta name=\"twitter:label1\" content=\"Becs\u00fclt olvas\u00e1si id\u0151\" \/>\n\t<meta name=\"twitter:data1\" content=\"2 perc\" \/>\n<script type=\"application\/ld+json\" class=\"yoast-schema-graph\">{\"@context\":\"https:\/\/schema.org\",\"@graph\":[{\"@type\":\"WebPage\",\"@id\":\"https:\/\/sxflightcase.com\/product\/punched-rack-panel-raa401\/\",\"url\":\"https:\/\/sxflightcase.com\/product\/punched-rack-panel-raa401\/\",\"name\":\"Punched Rack Panel RAA401 - https:\/\/sxflightcase.com \ud83d\udc97\",\"isPartOf\":{\"@id\":\"https:\/\/sxflightcase.com\/th\/#website\"},\"primaryImageOfPage\":{\"@id\":\"https:\/\/sxflightcase.com\/product\/punched-rack-panel-raa401\/#primaryimage\"},\"image\":{\"@id\":\"https:\/\/sxflightcase.com\/product\/punched-rack-panel-raa401\/#primaryimage\"},\"thumbnailUrl\":\"https:\/\/sxflightcase.com\/wp-content\/uploads\/2024\/09\/RAA401.jpg\",\"datePublished\":\"2024-09-06T06:37:31+00:00\",\"dateModified\":\"2024-09-06T06:37:32+00:00\",\"description\":\"Punched rack panel, factory direct! Durable, high-quality panels with pre-punched holes for easy and secure equipment mounting. Ideal for efficient organization in racks and flight cases.\",\"breadcrumb\":{\"@id\":\"https:\/\/sxflightcase.com\/product\/punched-rack-panel-raa401\/#breadcrumb\"},\"inLanguage\":\"hu\",\"potentialAction\":[{\"@type\":\"ReadAction\",\"target\":[\"https:\/\/sxflightcase.com\/product\/punched-rack-panel-raa401\/\"]}]},{\"@type\":\"ImageObject\",\"inLanguage\":\"hu\",\"@id\":\"https:\/\/sxflightcase.com\/product\/punched-rack-panel-raa401\/#primaryimage\",\"url\":\"https:\/\/sxflightcase.com\/wp-content\/uploads\/2024\/09\/RAA401.jpg\",\"contentUrl\":\"https:\/\/sxflightcase.com\/wp-content\/uploads\/2024\/09\/RAA401.jpg\",\"width\":700,\"height\":700,\"caption\":\"Punched Rack Panel\"},{\"@type\":\"BreadcrumbList\",\"@id\":\"https:\/\/sxflightcase.com\/product\/punched-rack-panel-raa401\/#breadcrumb\",\"itemListElement\":[{\"@type\":\"ListItem\",\"position\":1,\"name\":\"Home\",\"item\":\"https:\/\/sxflightcase.com\/\"},{\"@type\":\"ListItem\",\"position\":2,\"name\":\"\u0e2a\u0e34\u0e19\u0e04\u0e49\u0e32\",\"item\":\"https:\/\/sxflightcase.com\/th\/shop\/\"},{\"@type\":\"ListItem\",\"position\":3,\"name\":\"Punched Rack Panel RAA401\"}]},{\"@type\":\"WebSite\",\"@id\":\"https:\/\/sxflightcase.com\/th\/#website\",\"url\":\"https:\/\/sxflightcase.com\/th\/\",\"name\":\"sxpowercase.com\",\"description\":\"Flight Case Factory\",\"publisher\":{\"@id\":\"https:\/\/sxflightcase.com\/th\/#organization\"},\"potentialAction\":[{\"@type\":\"SearchAction\",\"target\":{\"@type\":\"EntryPoint\",\"urlTemplate\":\"https:\/\/sxflightcase.com\/th\/?s={search_term_string}\"},\"query-input\":{\"@type\":\"PropertyValueSpecification\",\"valueRequired\":true,\"valueName\":\"search_term_string\"}}],\"inLanguage\":\"hu\"},{\"@type\":\"Organization\",\"@id\":\"https:\/\/sxflightcase.com\/th\/#organization\",\"name\":\"sxpowercase.com\",\"url\":\"https:\/\/sxflightcase.com\/th\/\",\"logo\":{\"@type\":\"ImageObject\",\"inLanguage\":\"hu\",\"@id\":\"https:\/\/sxflightcase.com\/th\/#\/schema\/logo\/image\/\",\"url\":\"https:\/\/sxflightcase.com\/wp-content\/uploads\/2024\/04\/1713919036007.jpg\",\"contentUrl\":\"https:\/\/sxflightcase.com\/wp-content\/uploads\/2024\/04\/1713919036007.jpg\",\"width\":382,\"height\":388,\"caption\":\"sxpowercase.com\"},\"image\":{\"@id\":\"https:\/\/sxflightcase.com\/th\/#\/schema\/logo\/image\/\"},\"sameAs\":[\"https:\/\/www.facebook.com\/profile.php?id=61560407257971\"],\"numberOfEmployees\":{\"@type\":\"QuantitativeValue\",\"minValue\":\"11\",\"maxValue\":\"50\"}}]}<\/script>\n<!-- \/ Yoast SEO Premium plugin. -->","yoast_head_json":{"title":"Punched Rack Panel RAA401 - https:\/\/sxflightcase.com \ud83d\udc97","description":"Lyukasztott rack panel, gy\u00e1ri direkt! Tart\u00f3s, kiv\u00e1l\u00f3 min\u0151s\u00e9g\u0171 panelek el\u0151re lyukasztott lyukakkal a berendez\u00e9sek egyszer\u0171 \u00e9s biztons\u00e1gos r\u00f6gz\u00edt\u00e9s\u00e9hez. Ide\u00e1lis a hat\u00e9kony szervez\u00e9shez rackekben \u00e9s flightcase-ekben.","robots":{"index":"index","follow":"follow","max-snippet":"max-snippet:-1","max-image-preview":"max-image-preview:large","max-video-preview":"max-video-preview:-1"},"canonical":"https:\/\/sxflightcase.com\/hu\/termek\/lyukasztott-rack-panel-raa401\/","og_locale":"hu_HU","og_type":"article","og_title":"Punched Rack Panel RAA401","og_description":"Punched rack panel, factory direct! Durable, high-quality panels with pre-punched holes for easy and secure equipment mounting. Ideal for efficient organization in racks and flight cases.","og_url":"https:\/\/sxflightcase.com\/hu\/termek\/lyukasztott-rack-panel-raa401\/","og_site_name":"https:\/\/sxflightcase.com","article_publisher":"https:\/\/www.facebook.com\/profile.php?id=61560407257971","article_modified_time":"2024-09-06T06:37:32+00:00","og_image":[{"width":700,"height":700,"url":"https:\/\/sxflightcase.com\/wp-content\/uploads\/2024\/09\/RAA401.jpg","type":"image\/jpeg"}],"twitter_card":"summary_large_image","twitter_misc":{"Becs\u00fclt olvas\u00e1si id\u0151":"2 perc"},"schema":{"@context":"https:\/\/schema.org","@graph":[{"@type":"WebPage","@id":"https:\/\/sxflightcase.com\/product\/punched-rack-panel-raa401\/","url":"https:\/\/sxflightcase.com\/product\/punched-rack-panel-raa401\/","name":"Punched Rack Panel RAA401 - https:\/\/sxflightcase.com \ud83d\udc97","isPartOf":{"@id":"https:\/\/sxflightcase.com\/th\/#website"},"primaryImageOfPage":{"@id":"https:\/\/sxflightcase.com\/product\/punched-rack-panel-raa401\/#primaryimage"},"image":{"@id":"https:\/\/sxflightcase.com\/product\/punched-rack-panel-raa401\/#primaryimage"},"thumbnailUrl":"https:\/\/sxflightcase.com\/wp-content\/uploads\/2024\/09\/RAA401.jpg","datePublished":"2024-09-06T06:37:31+00:00","dateModified":"2024-09-06T06:37:32+00:00","description":"Lyukasztott rack panel, gy\u00e1ri direkt! Tart\u00f3s, kiv\u00e1l\u00f3 min\u0151s\u00e9g\u0171 panelek el\u0151re lyukasztott lyukakkal a berendez\u00e9sek egyszer\u0171 \u00e9s biztons\u00e1gos r\u00f6gz\u00edt\u00e9s\u00e9hez. Ide\u00e1lis a hat\u00e9kony szervez\u00e9shez rackekben \u00e9s flightcase-ekben.","breadcrumb":{"@id":"https:\/\/sxflightcase.com\/product\/punched-rack-panel-raa401\/#breadcrumb"},"inLanguage":"hu","potentialAction":[{"@type":"ReadAction","target":["https:\/\/sxflightcase.com\/product\/punched-rack-panel-raa401\/"]}]},{"@type":"ImageObject","inLanguage":"hu","@id":"https:\/\/sxflightcase.com\/product\/punched-rack-panel-raa401\/#primaryimage","url":"https:\/\/sxflightcase.com\/wp-content\/uploads\/2024\/09\/RAA401.jpg","contentUrl":"https:\/\/sxflightcase.com\/wp-content\/uploads\/2024\/09\/RAA401.jpg","width":700,"height":700,"caption":"Punched Rack Panel"},{"@type":"BreadcrumbList","@id":"https:\/\/sxflightcase.com\/product\/punched-rack-panel-raa401\/#breadcrumb","itemListElement":[{"@type":"ListItem","position":1,"name":"Home","item":"https:\/\/sxflightcase.com\/"},{"@type":"ListItem","position":2,"name":"\u0e2a\u0e34\u0e19\u0e04\u0e49\u0e32","item":"https:\/\/sxflightcase.com\/th\/shop\/"},{"@type":"ListItem","position":3,"name":"Punched Rack Panel RAA401"}]},{"@type":"WebSite","@id":"https:\/\/sxflightcase.com\/th\/#website","url":"https:\/\/sxflightcase.com\/th\/","name":"sxpowercase.com","description":"Flight Case Factory","publisher":{"@id":"https:\/\/sxflightcase.com\/th\/#organization"},"potentialAction":[{"@type":"SearchAction","target":{"@type":"EntryPoint","urlTemplate":"https:\/\/sxflightcase.com\/th\/?s={search_term_string}"},"query-input":{"@type":"PropertyValueSpecification","valueRequired":true,"valueName":"search_term_string"}}],"inLanguage":"hu"},{"@type":"Organization","@id":"https:\/\/sxflightcase.com\/th\/#organization","name":"sxpowercase.com","url":"https:\/\/sxflightcase.com\/th\/","logo":{"@type":"ImageObject","inLanguage":"hu","@id":"https:\/\/sxflightcase.com\/th\/#\/schema\/logo\/image\/","url":"https:\/\/sxflightcase.com\/wp-content\/uploads\/2024\/04\/1713919036007.jpg","contentUrl":"https:\/\/sxflightcase.com\/wp-content\/uploads\/2024\/04\/1713919036007.jpg","width":382,"height":388,"caption":"sxpowercase.com"},"image":{"@id":"https:\/\/sxflightcase.com\/th\/#\/schema\/logo\/image\/"},"sameAs":["https:\/\/www.facebook.com\/profile.php?id=61560407257971"],"numberOfEmployees":{"@type":"QuantitativeValue","minValue":"11","maxValue":"50"}}]}},"_links":{"self":[{"href":"https:\/\/sxflightcase.com\/hu\/wp-json\/wp\/v2\/product\/4312","targetHints":{"allow":["GET"]}}],"collection":[{"href":"https:\/\/sxflightcase.com\/hu\/wp-json\/wp\/v2\/product"}],"about":[{"href":"https:\/\/sxflightcase.com\/hu\/wp-json\/wp\/v2\/types\/product"}],"replies":[{"embeddable":true,"href":"https:\/\/sxflightcase.com\/hu\/wp-json\/wp\/v2\/comments?post=4312"}],"version-history":[{"count":0,"href":"https:\/\/sxflightcase.com\/hu\/wp-json\/wp\/v2\/product\/4312\/revisions"}],"wp:featuredmedia":[{"embeddable":true,"href":"https:\/\/sxflightcase.com\/hu\/wp-json\/wp\/v2\/media\/4273"}],"wp:attachment":[{"href":"https:\/\/sxflightcase.com\/hu\/wp-json\/wp\/v2\/media?parent=4312"}],"wp:term":[{"taxonomy":"product_brand","embeddable":true,"href":"https:\/\/sxflightcase.com\/hu\/wp-json\/wp\/v2\/product_brand?post=4312"},{"taxonomy":"product_cat","embeddable":true,"href":"https:\/\/sxflightcase.com\/hu\/wp-json\/wp\/v2\/product_cat?post=4312"},{"taxonomy":"product_tag","embeddable":true,"href":"https:\/\/sxflightcase.com\/hu\/wp-json\/wp\/v2\/product_tag?post=4312"}],"curies":[{"name":"wp","href":"https:\/\/api.w.org\/{rel}","templated":true}]}}