{"id":4313,"date":"2024-09-06T07:42:52","date_gmt":"2024-09-06T06:42:52","guid":{"rendered":"https:\/\/sxpowercase.com\/?post_type=product&#038;p=4313"},"modified":"2024-09-06T07:42:53","modified_gmt":"2024-09-06T06:42:53","slug":"rack-rail-pair-raa402","status":"publish","type":"product","link":"https:\/\/sxflightcase.com\/hu\/termek\/rack-sinpar-raa402\/","title":{"rendered":"Rack s\u00ednp\u00e1r RAA402"},"content":{"rendered":"<h3>Biztos\u00edtsa berendez\u00e9seit az SX Rack Rail P\u00e1rral<\/h3>\n<p>Ha a berendez\u00e9s biztons\u00e1gos r\u00f6gz\u00edt\u00e9s\u00e9r\u0151l van sz\u00f3, a <a href=\"https:\/\/sxpowercase.com\/product\/punched-rack-panel-raa401\/\"><strong>SX Rack s\u00ednp\u00e1r<\/strong><\/a> az ide\u00e1lis v\u00e1laszt\u00e1s. Ez a term\u00e9k er\u0151s al\u00e1t\u00e1maszt\u00e1st ny\u00fajt, \u00e9s biztos\u00edtja a felszerel\u00e9s biztons\u00e1gos felszerel\u00e9s\u00e9t, stabilit\u00e1st \u00e9s megb\u00edzhat\u00f3s\u00e1got biztos\u00edtva. <strong>SX<\/strong> ezt a megold\u00e1st gy\u00e1ri k\u00f6zvetlen \u00e1ron k\u00edn\u00e1lja, biztos\u00edtva, hogy \u00d6n magas min\u0151s\u00e9get kapjon a magas k\u00f6lts\u00e9gek n\u00e9lk\u00fcl.<\/p>\n<h3>Kiv\u00e1l\u00f3 min\u0151s\u00e9g\u0171 anyag a hossz\u00fa \u00e9lettartam\u00fa teljes\u00edtm\u00e9ny\u00e9rt<\/h3>\n<p>A <strong>Rack s\u00ednp\u00e1r<\/strong> tart\u00f3s, kiv\u00e1l\u00f3 min\u0151s\u00e9g\u0171 anyagokb\u00f3l k\u00e9sz\u00fcl, garant\u00e1lva a hossz\u00fa t\u00e1v\u00fa teljes\u00edtm\u00e9nyt. Ak\u00e1r egy professzion\u00e1lis st\u00fadi\u00f3ban, ak\u00e1r egy otthoni irod\u00e1ban \u00e1ll\u00edt be, ezek a s\u00ednek \u00fagy vannak kialak\u00edtva, hogy ellen\u00e1lljanak a nagy ig\u00e9nybev\u00e9telnek. A  oldalon <strong><a href=\"https:\/\/sxpowercase.com\/\" target=\"_blank\" rel=\"noopener\" title=\"SX\" data-wpil-monitor-id=\"728\">SX<\/a><\/strong>, a min\u0151s\u00e9gbiztos\u00edt\u00e1st helyezz\u00fck el\u0151t\u00e9rbe, hogy term\u00e9keink megfeleljenek a szigor\u00fa ipar\u00e1gi szabv\u00e1nyoknak.<\/p>\n<h3>Egyszer\u0171 telep\u00edt\u00e9s \u00e9s sokoldal\u00fas\u00e1g<\/h3>\n<p>A <strong>SX Rack s\u00ednp\u00e1r<\/strong> gyors \u00e9s egyszer\u0171 telep\u00edt\u00e9sre tervezt\u00e9k, a legt\u00f6bb \u00e1llv\u00e1nyrendszerbe illeszkedik. Sokoldal\u00fa kialak\u00edt\u00e1s\u00e1nak k\u00f6sz\u00f6nhet\u0151en sz\u00e1mos eszk\u00f6z befogad\u00e1s\u00e1ra alkalmas, \u00edgy t\u00f6k\u00e9letes megold\u00e1st jelent b\u00e1rmilyen be\u00e1ll\u00edt\u00e1shoz. Prec\u00edzi\u00f3s tervez\u00e9s\u00e9nek k\u00f6sz\u00f6nhet\u0151en k\u00f6nnyed\u00e9n telep\u00edtheti, id\u0151t \u00e9s f\u00e1rads\u00e1got megtakar\u00edtva.<\/p>\n<h3>Gy\u00e1ri k\u00f6zvetlen \u00e1rk\u00e9pz\u00e9s a maxim\u00e1lis \u00e9rt\u00e9k\u00e9rt<\/h3>\n<p>A  c\u00edmen. <strong>SX<\/strong>, hisz\u00fcnk abban, hogy versenyk\u00e9pes \u00e1ron k\u00edn\u00e1lunk cs\u00facsmin\u0151s\u00e9g\u0171 term\u00e9keket. A <strong>Rack s\u00ednp\u00e1r<\/strong> k\u00f6zvetlen\u00fcl a gy\u00e1runkb\u00f3l sz\u00e1rmazik, \u00edgy kiz\u00e1rva a k\u00f6zvet\u00edt\u0151ket, \u00e9s lehet\u0151v\u00e9 t\u00e9ve sz\u00e1munkra, hogy a megtakar\u00edt\u00e1sokat tov\u00e1bbadjuk \u00d6nnek. Ez azt jelenti, hogy pr\u00e9mium min\u0151s\u00e9get kap megfizethet\u0151 \u00e1ron, \u00edgy <strong>SX<\/strong> a p\u00e9nzt\u00e1rcabar\u00e1t v\u00e1s\u00e1rl\u00f3k v\u00e1laszt\u00e1sa.<\/p>\n<h3>Megb\u00edzhat\u00f3 megb\u00edzhat\u00f3s\u00e1g<\/h3>\n<p>A <strong>SX Rack s\u00ednp\u00e1r<\/strong>, mindig megb\u00edzhat\u00f3 teljes\u00edtm\u00e9nyre sz\u00e1m\u00edthat. Ak\u00e1r neh\u00e9z szervereket, audioberendez\u00e9seket vagy m\u00e1s eszk\u00f6z\u00f6ket szerel fel, ezek a s\u00ednek biztos\u00edtj\u00e1k a sz\u00fcks\u00e9ges t\u00e1mogat\u00e1st. A biztons\u00e1gos illeszked\u00e9sre \u00e9s minim\u00e1lis mozg\u00e1sra tervezt\u00e9k \u0151ket, \u00edgy seg\u00edtenek megv\u00e9deni \u00e9rt\u00e9kes berendez\u00e9seit.<\/p>\n<h3>Ide\u00e1lis b\u00e1rmilyen k\u00f6rnyezetbe<\/h3>\n<p>Az adatk\u00f6zpontokt\u00f3l a hangst\u00fadi\u00f3kig, a <strong>SX Rack s\u00ednp\u00e1rok<\/strong> sokoldal\u00fa funkcionalit\u00e1st k\u00edn\u00e1l. Robusztus kialak\u00edt\u00e1sa \u00e9s k\u00f6nny\u0171 adapt\u00e1lhat\u00f3s\u00e1ga miatt sz\u00e1mos alkalmaz\u00e1shoz alkalmas. B\u00e1rhol is haszn\u00e1lja, ezek a s\u00ednek a megfizethet\u0151s\u00e9g \u00e9s a tart\u00f3ss\u00e1g t\u00f6k\u00e9letes egyens\u00faly\u00e1t biztos\u00edtj\u00e1k.<\/p>\n<h3>Min\u0151s\u00e9g, amelyre t\u00e1maszkodhat<\/h3>\n<p>A  c\u00edmen. <strong>SX<\/strong>, elk\u00f6telezettek vagyunk amellett, hogy olyan term\u00e9keket sz\u00e1ll\u00edtsunk, amelyekben megb\u00edzhat. Minden <strong>Rack s\u00ednp\u00e1rok<\/strong> szigor\u00fa min\u0151s\u00e9gi ellen\u0151rz\u00e9seken megy kereszt\u00fcl, miel\u0151tt elhagyja gy\u00e1runkat, \u00edgy biztos\u00edtva, hogy \u00d6n olyan term\u00e9ket kapjon, amely meghaladja az \u00d6n elv\u00e1r\u00e1sait. A <strong>SX<\/strong>, \u00d6n a min\u0151s\u00e9gi kivitelez\u00e9s bizalm\u00e1t kapja alacsony \u00e1ron.<\/p>\n<p>Friss\u00edtse felszerel\u00e9si \u00e1llv\u00e1ny\u00e1t a <strong>SX Rack s\u00ednp\u00e1rok<\/strong> \u00e9s \u00e9lvezze a pr\u00e9mium funkci\u00f3kat, a min\u0151s\u00e9gbiztos\u00edt\u00e1st \u00e9s a verhetetlen \u00e9rt\u00e9ket - mindezt egy olyan m\u00e1rk\u00e1t\u00f3l, amelyre sz\u00e1m\u00edthat.<\/p>\n<p>Kapcsolatfelv\u00e9tel most:<span style=\"color: #0000ff;\"><a style=\"color: #0000ff;\" href=\"https:\/\/sxpowercase.com\/contact-us\/\">https:\/\/sxpowercase.com\/<\/a><\/span><\/p>\n<p>Hardver term\u00e9kkatal\u00f3gus\uff1a<span style=\"color: #3366ff;\"><a style=\"color: #3366ff;\" href=\"https:\/\/sxpowercase.com\/wp-content\/uploads\/2024\/07\/\u4e94\u91d1.pdf\">Hardver tartoz\u00e9kok katal\u00f3gusa<\/a><\/span><\/p>","protected":false},"excerpt":{"rendered":"<h3>Biztos\u00edtsa be\u00e1ll\u00edt\u00e1s\u00e1t az SX Rack Rail Pairrel<\/h3>\n<p>Az SX Rack Rail Pair megb\u00edzhat\u00f3 \u00e9s stabil t\u00e1maszt ny\u00fajt a berendez\u00e9sek biztons\u00e1gos r\u00f6gz\u00edt\u00e9s\u00e9hez, hossz\u00fa t\u00e1v\u00fa teljes\u00edtm\u00e9nyt biztos\u00edtva gy\u00e1ri \u00e1ron.<\/p>\n<h3>Tart\u00f3s konstrukci\u00f3 neh\u00e9z haszn\u00e1latra<\/h3>\n<p>A kiv\u00e1l\u00f3 min\u0151s\u00e9g\u0171 anyagokb\u00f3l k\u00e9sz\u00fclt SX Rack Rail Pair \u00fagy k\u00e9sz\u00fclt, hogy ellen\u00e1lljon a nagy terhel\u00e9snek, \u00edgy t\u00f6k\u00e9letesen alkalmas professzion\u00e1lis st\u00fadi\u00f3kba vagy otthoni irod\u00e1kba.<\/p>\n<h3>Egyszer\u0171 telep\u00edt\u00e9s \u00e9s maxim\u00e1lis \u00e9rt\u00e9k<\/h3>\n<p>A gyors telep\u00edt\u00e9snek \u00e9s a sokoldal\u00fa kialak\u00edt\u00e1snak k\u00f6sz\u00f6nhet\u0151en az SX Rack Rail Pair a legt\u00f6bb \u00e1llv\u00e1nyrendszerhez illeszkedik. \u00c9lvezze a pr\u00e9mium min\u0151s\u00e9get megfizethet\u0151, gy\u00e1ri k\u00f6zvetlen \u00e1ron.<\/p>","protected":false},"featured_media":4274,"comment_status":"open","ping_status":"closed","template":"","meta":[],"product_brand":[],"product_cat":[66],"product_tag":[],"class_list":{"0":"post-4313","1":"product","2":"type-product","3":"status-publish","4":"has-post-thumbnail","6":"product_cat-rack-hardware","8":"first","9":"instock","10":"shipping-taxable","11":"product-type-simple"},"yoast_head":"<!-- This site is optimized with the Yoast SEO Premium plugin v27.1 (Yoast SEO v27.2) - https:\/\/yoast.com\/product\/yoast-seo-premium-wordpress\/ -->\n<title>Rack Rail Pair RAA402 - https:\/\/sxflightcase.com \ud83d\udc97<\/title>\n<meta name=\"description\" content=\"Rack rail pair, factory direct! High-quality, durable rails designed for secure mounting of rack equipment. Ideal for professional setups in cases, server racks, and more.\" \/>\n<meta name=\"robots\" content=\"index, follow, max-snippet:-1, max-image-preview:large, max-video-preview:-1\" \/>\n<link rel=\"canonical\" href=\"https:\/\/sxflightcase.com\/hu\/produk\/pasangan-rel-rak-raa402-2\/\" \/>\n<meta property=\"og:locale\" content=\"hu_HU\" \/>\n<meta property=\"og:type\" content=\"article\" \/>\n<meta property=\"og:title\" content=\"Rack Rail Pair RAA402\" \/>\n<meta property=\"og:description\" content=\"Rack rail pair, factory direct! High-quality, durable rails designed for secure mounting of rack equipment. Ideal for professional setups in cases, server racks, and more.\" \/>\n<meta property=\"og:url\" content=\"https:\/\/sxflightcase.com\/hu\/produk\/pasangan-rel-rak-raa402-2\/\" \/>\n<meta property=\"og:site_name\" content=\"https:\/\/sxflightcase.com\" \/>\n<meta property=\"article:publisher\" content=\"https:\/\/www.facebook.com\/profile.php?id=61560407257971\" \/>\n<meta property=\"article:modified_time\" content=\"2024-09-06T06:42:53+00:00\" \/>\n<meta property=\"og:image\" content=\"https:\/\/sxflightcase.com\/wp-content\/uploads\/2024\/09\/RAA402.jpg\" \/>\n\t<meta property=\"og:image:width\" content=\"700\" \/>\n\t<meta property=\"og:image:height\" content=\"700\" \/>\n\t<meta property=\"og:image:type\" content=\"image\/jpeg\" \/>\n<meta name=\"twitter:card\" content=\"summary_large_image\" \/>\n<meta name=\"twitter:label1\" content=\"Becs\u00fclt olvas\u00e1si id\u0151\" \/>\n\t<meta name=\"twitter:data1\" content=\"3 perc\" \/>\n<script type=\"application\/ld+json\" class=\"yoast-schema-graph\">{\"@context\":\"https:\/\/schema.org\",\"@graph\":[{\"@type\":\"WebPage\",\"@id\":\"https:\/\/sxflightcase.com\/id\/produk\/pasangan-rel-rak-raa402-2\/\",\"url\":\"https:\/\/sxflightcase.com\/id\/produk\/pasangan-rel-rak-raa402-2\/\",\"name\":\"Rack Rail Pair RAA402 - https:\/\/sxflightcase.com \ud83d\udc97\",\"isPartOf\":{\"@id\":\"https:\/\/sxflightcase.com\/th\/#website\"},\"primaryImageOfPage\":{\"@id\":\"https:\/\/sxflightcase.com\/id\/produk\/pasangan-rel-rak-raa402-2\/#primaryimage\"},\"image\":{\"@id\":\"https:\/\/sxflightcase.com\/id\/produk\/pasangan-rel-rak-raa402-2\/#primaryimage\"},\"thumbnailUrl\":\"https:\/\/sxflightcase.com\/wp-content\/uploads\/2024\/09\/RAA402.jpg\",\"datePublished\":\"2024-09-06T06:42:52+00:00\",\"dateModified\":\"2024-09-06T06:42:53+00:00\",\"description\":\"Rack rail pair, factory direct! High-quality, durable rails designed for secure mounting of rack equipment. Ideal for professional setups in cases, server racks, and more.\",\"breadcrumb\":{\"@id\":\"https:\/\/sxflightcase.com\/id\/produk\/pasangan-rel-rak-raa402-2\/#breadcrumb\"},\"inLanguage\":\"hu\",\"potentialAction\":[{\"@type\":\"ReadAction\",\"target\":[\"https:\/\/sxflightcase.com\/id\/produk\/pasangan-rel-rak-raa402-2\/\"]}]},{\"@type\":\"ImageObject\",\"inLanguage\":\"hu\",\"@id\":\"https:\/\/sxflightcase.com\/id\/produk\/pasangan-rel-rak-raa402-2\/#primaryimage\",\"url\":\"https:\/\/sxflightcase.com\/wp-content\/uploads\/2024\/09\/RAA402.jpg\",\"contentUrl\":\"https:\/\/sxflightcase.com\/wp-content\/uploads\/2024\/09\/RAA402.jpg\",\"width\":700,\"height\":700,\"caption\":\"Rack Rail Pair\"},{\"@type\":\"BreadcrumbList\",\"@id\":\"https:\/\/sxflightcase.com\/id\/produk\/pasangan-rel-rak-raa402-2\/#breadcrumb\",\"itemListElement\":[{\"@type\":\"ListItem\",\"position\":1,\"name\":\"Home\",\"item\":\"https:\/\/sxflightcase.com\/\"},{\"@type\":\"ListItem\",\"position\":2,\"name\":\"\u0e2a\u0e34\u0e19\u0e04\u0e49\u0e32\",\"item\":\"https:\/\/sxflightcase.com\/th\/shop\/\"},{\"@type\":\"ListItem\",\"position\":3,\"name\":\"Rack Rail Pair RAA402\"}]},{\"@type\":\"WebSite\",\"@id\":\"https:\/\/sxflightcase.com\/th\/#website\",\"url\":\"https:\/\/sxflightcase.com\/th\/\",\"name\":\"sxpowercase.com\",\"description\":\"Flight Case Factory\",\"publisher\":{\"@id\":\"https:\/\/sxflightcase.com\/th\/#organization\"},\"potentialAction\":[{\"@type\":\"SearchAction\",\"target\":{\"@type\":\"EntryPoint\",\"urlTemplate\":\"https:\/\/sxflightcase.com\/th\/?s={search_term_string}\"},\"query-input\":{\"@type\":\"PropertyValueSpecification\",\"valueRequired\":true,\"valueName\":\"search_term_string\"}}],\"inLanguage\":\"hu\"},{\"@type\":\"Organization\",\"@id\":\"https:\/\/sxflightcase.com\/th\/#organization\",\"name\":\"sxpowercase.com\",\"url\":\"https:\/\/sxflightcase.com\/th\/\",\"logo\":{\"@type\":\"ImageObject\",\"inLanguage\":\"hu\",\"@id\":\"https:\/\/sxflightcase.com\/th\/#\/schema\/logo\/image\/\",\"url\":\"https:\/\/sxflightcase.com\/wp-content\/uploads\/2024\/04\/1713919036007.jpg\",\"contentUrl\":\"https:\/\/sxflightcase.com\/wp-content\/uploads\/2024\/04\/1713919036007.jpg\",\"width\":382,\"height\":388,\"caption\":\"sxpowercase.com\"},\"image\":{\"@id\":\"https:\/\/sxflightcase.com\/th\/#\/schema\/logo\/image\/\"},\"sameAs\":[\"https:\/\/www.facebook.com\/profile.php?id=61560407257971\"],\"numberOfEmployees\":{\"@type\":\"QuantitativeValue\",\"minValue\":\"11\",\"maxValue\":\"50\"}}]}<\/script>\n<!-- \/ Yoast SEO Premium plugin. -->","yoast_head_json":{"title":"Rack Rail Pair RAA402 - https:\/\/sxflightcase.com \ud83d\udc97","description":"Rack s\u00ednp\u00e1r, gy\u00e1ri direkt! Kiv\u00e1l\u00f3 min\u0151s\u00e9g\u0171, tart\u00f3s s\u00ednek, amelyeket a rack-berendez\u00e9sek biztons\u00e1gos r\u00f6gz\u00edt\u00e9s\u00e9re terveztek. Ide\u00e1lis professzion\u00e1lis be\u00e1ll\u00edt\u00e1sokhoz tokokba, szerver\u00e1llv\u00e1nyokba \u00e9s egy\u00e9b eszk\u00f6z\u00f6kbe.","robots":{"index":"index","follow":"follow","max-snippet":"max-snippet:-1","max-image-preview":"max-image-preview:large","max-video-preview":"max-video-preview:-1"},"canonical":"https:\/\/sxflightcase.com\/hu\/produk\/pasangan-rel-rak-raa402-2\/","og_locale":"hu_HU","og_type":"article","og_title":"Rack Rail Pair RAA402","og_description":"Rack rail pair, factory direct! High-quality, durable rails designed for secure mounting of rack equipment. Ideal for professional setups in cases, server racks, and more.","og_url":"https:\/\/sxflightcase.com\/hu\/produk\/pasangan-rel-rak-raa402-2\/","og_site_name":"https:\/\/sxflightcase.com","article_publisher":"https:\/\/www.facebook.com\/profile.php?id=61560407257971","article_modified_time":"2024-09-06T06:42:53+00:00","og_image":[{"width":700,"height":700,"url":"https:\/\/sxflightcase.com\/wp-content\/uploads\/2024\/09\/RAA402.jpg","type":"image\/jpeg"}],"twitter_card":"summary_large_image","twitter_misc":{"Becs\u00fclt olvas\u00e1si id\u0151":"3 perc"},"schema":{"@context":"https:\/\/schema.org","@graph":[{"@type":"WebPage","@id":"https:\/\/sxflightcase.com\/id\/produk\/pasangan-rel-rak-raa402-2\/","url":"https:\/\/sxflightcase.com\/id\/produk\/pasangan-rel-rak-raa402-2\/","name":"Rack Rail Pair RAA402 - https:\/\/sxflightcase.com \ud83d\udc97","isPartOf":{"@id":"https:\/\/sxflightcase.com\/th\/#website"},"primaryImageOfPage":{"@id":"https:\/\/sxflightcase.com\/id\/produk\/pasangan-rel-rak-raa402-2\/#primaryimage"},"image":{"@id":"https:\/\/sxflightcase.com\/id\/produk\/pasangan-rel-rak-raa402-2\/#primaryimage"},"thumbnailUrl":"https:\/\/sxflightcase.com\/wp-content\/uploads\/2024\/09\/RAA402.jpg","datePublished":"2024-09-06T06:42:52+00:00","dateModified":"2024-09-06T06:42:53+00:00","description":"Rack s\u00ednp\u00e1r, gy\u00e1ri direkt! Kiv\u00e1l\u00f3 min\u0151s\u00e9g\u0171, tart\u00f3s s\u00ednek, amelyeket a rack-berendez\u00e9sek biztons\u00e1gos r\u00f6gz\u00edt\u00e9s\u00e9re terveztek. Ide\u00e1lis professzion\u00e1lis be\u00e1ll\u00edt\u00e1sokhoz tokokba, szerver\u00e1llv\u00e1nyokba \u00e9s egy\u00e9b eszk\u00f6z\u00f6kbe.","breadcrumb":{"@id":"https:\/\/sxflightcase.com\/id\/produk\/pasangan-rel-rak-raa402-2\/#breadcrumb"},"inLanguage":"hu","potentialAction":[{"@type":"ReadAction","target":["https:\/\/sxflightcase.com\/id\/produk\/pasangan-rel-rak-raa402-2\/"]}]},{"@type":"ImageObject","inLanguage":"hu","@id":"https:\/\/sxflightcase.com\/id\/produk\/pasangan-rel-rak-raa402-2\/#primaryimage","url":"https:\/\/sxflightcase.com\/wp-content\/uploads\/2024\/09\/RAA402.jpg","contentUrl":"https:\/\/sxflightcase.com\/wp-content\/uploads\/2024\/09\/RAA402.jpg","width":700,"height":700,"caption":"Rack Rail Pair"},{"@type":"BreadcrumbList","@id":"https:\/\/sxflightcase.com\/id\/produk\/pasangan-rel-rak-raa402-2\/#breadcrumb","itemListElement":[{"@type":"ListItem","position":1,"name":"Home","item":"https:\/\/sxflightcase.com\/"},{"@type":"ListItem","position":2,"name":"\u0e2a\u0e34\u0e19\u0e04\u0e49\u0e32","item":"https:\/\/sxflightcase.com\/th\/shop\/"},{"@type":"ListItem","position":3,"name":"Rack Rail Pair RAA402"}]},{"@type":"WebSite","@id":"https:\/\/sxflightcase.com\/th\/#website","url":"https:\/\/sxflightcase.com\/th\/","name":"sxpowercase.com","description":"Flight Case Factory","publisher":{"@id":"https:\/\/sxflightcase.com\/th\/#organization"},"potentialAction":[{"@type":"SearchAction","target":{"@type":"EntryPoint","urlTemplate":"https:\/\/sxflightcase.com\/th\/?s={search_term_string}"},"query-input":{"@type":"PropertyValueSpecification","valueRequired":true,"valueName":"search_term_string"}}],"inLanguage":"hu"},{"@type":"Organization","@id":"https:\/\/sxflightcase.com\/th\/#organization","name":"sxpowercase.com","url":"https:\/\/sxflightcase.com\/th\/","logo":{"@type":"ImageObject","inLanguage":"hu","@id":"https:\/\/sxflightcase.com\/th\/#\/schema\/logo\/image\/","url":"https:\/\/sxflightcase.com\/wp-content\/uploads\/2024\/04\/1713919036007.jpg","contentUrl":"https:\/\/sxflightcase.com\/wp-content\/uploads\/2024\/04\/1713919036007.jpg","width":382,"height":388,"caption":"sxpowercase.com"},"image":{"@id":"https:\/\/sxflightcase.com\/th\/#\/schema\/logo\/image\/"},"sameAs":["https:\/\/www.facebook.com\/profile.php?id=61560407257971"],"numberOfEmployees":{"@type":"QuantitativeValue","minValue":"11","maxValue":"50"}}]}},"_links":{"self":[{"href":"https:\/\/sxflightcase.com\/hu\/wp-json\/wp\/v2\/product\/4313","targetHints":{"allow":["GET"]}}],"collection":[{"href":"https:\/\/sxflightcase.com\/hu\/wp-json\/wp\/v2\/product"}],"about":[{"href":"https:\/\/sxflightcase.com\/hu\/wp-json\/wp\/v2\/types\/product"}],"replies":[{"embeddable":true,"href":"https:\/\/sxflightcase.com\/hu\/wp-json\/wp\/v2\/comments?post=4313"}],"version-history":[{"count":0,"href":"https:\/\/sxflightcase.com\/hu\/wp-json\/wp\/v2\/product\/4313\/revisions"}],"wp:featuredmedia":[{"embeddable":true,"href":"https:\/\/sxflightcase.com\/hu\/wp-json\/wp\/v2\/media\/4274"}],"wp:attachment":[{"href":"https:\/\/sxflightcase.com\/hu\/wp-json\/wp\/v2\/media?parent=4313"}],"wp:term":[{"taxonomy":"product_brand","embeddable":true,"href":"https:\/\/sxflightcase.com\/hu\/wp-json\/wp\/v2\/product_brand?post=4313"},{"taxonomy":"product_cat","embeddable":true,"href":"https:\/\/sxflightcase.com\/hu\/wp-json\/wp\/v2\/product_cat?post=4313"},{"taxonomy":"product_tag","embeddable":true,"href":"https:\/\/sxflightcase.com\/hu\/wp-json\/wp\/v2\/product_tag?post=4313"}],"curies":[{"name":"wp","href":"https:\/\/api.w.org\/{rel}","templated":true}]}}