{"id":4314,"date":"2024-09-06T07:49:10","date_gmt":"2024-09-06T06:49:10","guid":{"rendered":"https:\/\/sxpowercase.com\/?post_type=product&#038;p=4314"},"modified":"2024-09-09T05:01:14","modified_gmt":"2024-09-09T04:01:14","slug":"rack-rail-rab101","status":"publish","type":"product","link":"https:\/\/sxflightcase.com\/hu\/termek\/allvanysin-rab101\/","title":{"rendered":"Rack s\u00edn RAB101"},"content":{"rendered":"<h3>Er\u0151s t\u00e1mogat\u00e1s az SX Rack s\u00ednnel<\/h3>\n<p>Amikor a berendez\u00e9sek biztons\u00e1g\u00e1r\u00f3l van sz\u00f3, a <strong>SX <a href=\"https:\/\/sxpowercase.com\/product\/rack-rail-rab101\/\">Rack s\u00edn<\/a><\/strong> t\u00f6k\u00e9letes megold\u00e1st k\u00edn\u00e1l. Er\u0151ss\u00e9gre \u00e9s tart\u00f3ss\u00e1gra tervezt\u00e9k, \u00edgy biztos\u00edtja, hogy a felszerel\u00e9se a hely\u00e9n maradjon, \u00e9s megb\u00edzhat\u00f3 t\u00e1maszt ny\u00fajt. <strong>SX<\/strong> gy\u00e1ri k\u00f6zvetlen \u00e1rakat k\u00edn\u00e1l, \u00edgy \u00d6n kiv\u00e1l\u00f3 min\u0151s\u00e9g\u0171 term\u00e9ket kap alacsony \u00e1ron, ami t\u00f6k\u00e9letes minden p\u00e9nzt\u00e1rcabar\u00e1t szakember sz\u00e1m\u00e1ra.<\/p>\n<h3>Kiv\u00e1l\u00f3 min\u0151s\u00e9g\u0171 anyag a hossz\u00fa t\u00e1v\u00fa haszn\u00e1lathoz<\/h3>\n<p>A <strong><a title=\"SX\" href=\"https:\/\/sxpowercase.com\/\" target=\"_blank\" rel=\"noopener\" data-wpil-monitor-id=\"729\">SX<\/a> Rack s\u00edn<\/strong> pr\u00e9mium min\u0151s\u00e9g\u0171 anyagokb\u00f3l k\u00e9sz\u00fclt, amelyek hossz\u00fa id\u0151n kereszt\u00fcl nagy ig\u00e9nybev\u00e9telnek is ellen\u00e1llnak. Ak\u00e1r audio-, IT- vagy m\u0171sorsz\u00f3r\u00f3 berendez\u00e9sekkel dolgozik, ez a rack-s\u00edn garant\u00e1lja a szil\u00e1rd teljes\u00edtm\u00e9nyt \u00e9s a tart\u00f3s megb\u00edzhat\u00f3s\u00e1got. A  oldalon <strong>SX<\/strong>, hisz\u00fcnk a min\u0151s\u00e9gbiztos\u00edt\u00e1sban, \u00e9s meggy\u0151z\u0151d\u00fcnk arr\u00f3l, hogy minden term\u00e9k megfelel az ipari szabv\u00e1nyoknak, miel\u0151tt eljutna \u00d6nh\u00f6z.<\/p>\n<h3>Egyszer\u0171 telep\u00edt\u00e9s \u00e9s alkalmazkod\u00f3k\u00e9pess\u00e9g<\/h3>\n<p>A  c\u00edmen <strong>SX Rack s\u00ednek<\/strong>, a telep\u00edt\u00e9s gyors \u00e9s egyszer\u0171. Ezek a s\u00ednek z\u00f6kken\u0151mentesen illeszkednek a legt\u00f6bb \u00e1llv\u00e1nyrendszerbe, rugalmass\u00e1got biztos\u00edtva a k\u00fcl\u00f6nb\u00f6z\u0151 be\u00e1ll\u00edt\u00e1sokn\u00e1l. Ak\u00e1r otthoni st\u00fadi\u00f3t, irod\u00e1t vagy adatk\u00f6zpontot szerel fel, e s\u00ednek sokoldal\u00fas\u00e1ga miatt minden alkalmaz\u00e1shoz t\u00f6k\u00e9letes v\u00e1laszt\u00e1snak bizonyulnak.<\/p>\n<h3>Gy\u00e1ri k\u00f6zvetlen \u00e1rk\u00e9pz\u00e9s a nagyobb \u00e9rt\u00e9k \u00e9rdek\u00e9ben<\/h3>\n<p>A  c\u00edmen. <strong>SX<\/strong>, biztos\u00edtjuk \u00fcgyfeleink sz\u00e1m\u00e1ra a gy\u00e1ri k\u00f6zvetlen \u00e1rk\u00e9pz\u00e9s el\u0151nyeit. A k\u00f6zvet\u00edt\u0151k kik\u00fcsz\u00f6b\u00f6l\u00e9s\u00e9vel olyan cs\u00facsmin\u0151s\u00e9g\u0171 term\u00e9keket k\u00edn\u00e1lunk, mint a <strong>Rack s\u00edn<\/strong> versenyk\u00e9pes \u00e1ron. A legjobb \u00e1r-\u00e9rt\u00e9k ar\u00e1nyt kapja a min\u0151s\u00e9g fel\u00e1ldoz\u00e1sa n\u00e9lk\u00fcl, ami megk\u00f6nny\u00edti az \u00e1llv\u00e1nyok k\u00f6lts\u00e9gvet\u00e9si keretek k\u00f6z\u00f6tt t\u00f6rt\u00e9n\u0151 felszerel\u00e9s\u00e9t.<\/p>\n<h3>Stabilit\u00e1s \u00e9s v\u00e9delem<\/h3>\n<p>A <strong>SX \u00e1llv\u00e1nys\u00edn<\/strong> kiv\u00e1l\u00f3 stabilit\u00e1st biztos\u00edt, r\u00f6gz\u00edti az eszk\u00f6z\u00f6ket a hely\u00fck\u00f6n, \u00e9s megakad\u00e1lyozza a nem k\u00edv\u00e1nt mozg\u00e1st. Ez biztos\u00edtja, hogy \u00e9rt\u00e9kes berendez\u00e9sei m\u00e9g forgalmas k\u00f6rnyezetben is v\u00e9dve legyenek. Legyen sz\u00f3 k\u00f6nny\u0171 eszk\u00f6z\u00f6kr\u0151l vagy neh\u00e9z szerverekr\u0151l, ezek a s\u00ednek nyugalmat biztos\u00edtanak.<\/p>\n<h3>Sokoldal\u00fa alkalmaz\u00e1sokhoz k\u00e9sz\u00fclt<\/h3>\n<p>Ak\u00e1r professzion\u00e1lis k\u00f6rnyezetben, ak\u00e1r otthon, a <strong>SX Rack s\u00ednek<\/strong> sz\u00e9les k\u00f6r\u0171 felhaszn\u00e1l\u00e1sra tervezt\u00e9k. A st\u00fadi\u00f3kt\u00f3l az adatk\u00f6zpontokig, ezeknek a s\u00edneknek az alkalmazkod\u00f3k\u00e9pess\u00e9ge \u00e9s szil\u00e1rds\u00e1ga minden forgat\u00f3k\u00f6nyvh\u00f6z alkalmass\u00e1 teszi \u0151ket. Er\u0151s fel\u00e9p\u00edt\u00e9se \u00e9s k\u00f6nny\u0171 integr\u00e1lhat\u00f3s\u00e1ga megb\u00edzhat\u00f3 kieg\u00e9sz\u00edt\u0151j\u00e9v\u00e9 teszi a be\u00e1ll\u00edt\u00e1soknak.<\/p>\n<h3>Megb\u00edzhat\u00f3 min\u0151s\u00e9g<\/h3>\n<p><strong>SX<\/strong> elk\u00f6telezett a megb\u00edzhat\u00f3, kiv\u00e1l\u00f3 min\u0151s\u00e9g\u0171 term\u00e9kek sz\u00e1ll\u00edt\u00e1sa mellett. A <strong>Rack s\u00edn<\/strong> szigor\u00faan tesztelik a teljes\u00edtm\u00e9ny \u00e9s a tart\u00f3ss\u00e1g szempontj\u00e1b\u00f3l, \u00edgy biztos\u00edtva, hogy a legjobbat kapja. A gy\u00e1ri k\u00f6zvetlen \u00e1rk\u00e9pz\u00e9ssel \u00e9s a min\u0151s\u00e9gbiztos\u00edt\u00e1sra val\u00f3 \u00f6sszpontos\u00edt\u00e1ssal megb\u00edzhat a k\u00f6vetkez\u0151kben <strong>SX<\/strong> hogy minden alkalommal \u00e9rt\u00e9ket ny\u00fajtsunk.<\/p>\n<ol>\n<li>Kapcsolatfelv\u00e9tel most:<span style=\"color: #0000ff;\"><a style=\"color: #0000ff;\" href=\"https:\/\/sxpowercase.com\/contact-us\/\">https:\/\/sxpowercase.com\/<\/a><\/span><\/li>\n<li>Hardver term\u00e9kkatal\u00f3gus\uff1a<span style=\"color: #3366ff;\"><a style=\"color: #3366ff;\" href=\"https:\/\/sxpowercase.com\/wp-content\/uploads\/2024\/07\/\u4e94\u91d1.pdf\">Hardver tartoz\u00e9kok katal\u00f3gusa<\/a><\/span><\/li>\n<\/ol>","protected":false},"excerpt":{"rendered":"<h3>Megb\u00edzhat\u00f3 t\u00e1mogat\u00e1s az SX Rack Rail seg\u00edts\u00e9g\u00e9vel<\/h3>\n<p>Az SX Rack Rail er\u0151s, tart\u00f3s t\u00e1maszt ny\u00fajt a berendez\u00e9sek r\u00f6gz\u00edt\u00e9s\u00e9hez, \u00e9s megb\u00edzhat\u00f3 teljes\u00edtm\u00e9nyt ny\u00fajt megfizethet\u0151, gy\u00e1ri \u00e1ron.<\/p>\n<h3>Kiv\u00e1l\u00f3 min\u0151s\u00e9g\u0171 anyagok hossz\u00fa t\u00e1v\u00fa haszn\u00e1latra<\/h3>\n<p>A pr\u00e9mium min\u0151s\u00e9g\u0171 anyagokb\u00f3l k\u00e9sz\u00fclt SX Rack Rail tart\u00f3s tart\u00f3ss\u00e1got biztos\u00edt, \u00e9s t\u00f6k\u00e9letes a nagy ig\u00e9nybev\u00e9telnek kitett alkalmaz\u00e1sokhoz az IT, audio vagy m\u0171sorsz\u00f3r\u00f3 berendez\u00e9sekben.<\/p>\n<h3>Egyszer\u0171 telep\u00edt\u00e9s \u00e9s maxim\u00e1lis sokoldal\u00fas\u00e1g<\/h3>\n<p>A z\u00f6kken\u0151mentes telep\u00edt\u00e9shez tervezett SX Rack Rails a legt\u00f6bb \u00e1llv\u00e1nyrendszerhez illeszkedik, \u00edgy ide\u00e1lis v\u00e1laszt\u00e1s mind professzion\u00e1lis, mind otthoni k\u00f6rnyezetben.<\/p>","protected":false},"featured_media":4275,"comment_status":"open","ping_status":"closed","template":"","meta":[],"product_brand":[],"product_cat":[66],"product_tag":[],"class_list":{"0":"post-4314","1":"product","2":"type-product","3":"status-publish","4":"has-post-thumbnail","6":"product_cat-rack-hardware","8":"first","9":"instock","10":"shipping-taxable","11":"product-type-simple"},"yoast_head":"<!-- This site is optimized with the Yoast SEO Premium plugin v27.1 (Yoast SEO v27.2) - https:\/\/yoast.com\/product\/yoast-seo-premium-wordpress\/ -->\n<title>Rack Rail RAB101 - https:\/\/sxflightcase.com \ud83d\udc97<\/title>\n<meta name=\"description\" content=\"Rack rail, factory direct! High-quality, durable rail designed for secure and organized mounting of rack equipment. Perfect for professional use in cases, server racks, and AV setups.\" \/>\n<meta name=\"robots\" content=\"index, follow, max-snippet:-1, max-image-preview:large, max-video-preview:-1\" \/>\n<link rel=\"canonical\" href=\"https:\/\/sxflightcase.com\/hu\/termek\/allvanysin-rab101\/\" \/>\n<meta property=\"og:locale\" content=\"hu_HU\" \/>\n<meta property=\"og:type\" content=\"article\" \/>\n<meta property=\"og:title\" content=\"Rack Rail RAB101\" \/>\n<meta property=\"og:description\" content=\"Rack rail, factory direct! High-quality, durable rail designed for secure and organized mounting of rack equipment. Perfect for professional use in cases, server racks, and AV setups.\" \/>\n<meta property=\"og:url\" content=\"https:\/\/sxflightcase.com\/hu\/termek\/allvanysin-rab101\/\" \/>\n<meta property=\"og:site_name\" content=\"https:\/\/sxflightcase.com\" \/>\n<meta property=\"article:publisher\" content=\"https:\/\/www.facebook.com\/profile.php?id=61560407257971\" \/>\n<meta property=\"article:modified_time\" content=\"2024-09-09T04:01:14+00:00\" \/>\n<meta property=\"og:image\" content=\"https:\/\/sxflightcase.com\/wp-content\/uploads\/2024\/09\/RAB101.jpg\" \/>\n\t<meta property=\"og:image:width\" content=\"700\" \/>\n\t<meta property=\"og:image:height\" content=\"700\" \/>\n\t<meta property=\"og:image:type\" content=\"image\/jpeg\" \/>\n<meta name=\"twitter:card\" content=\"summary_large_image\" \/>\n<meta name=\"twitter:label1\" content=\"Becs\u00fclt olvas\u00e1si id\u0151\" \/>\n\t<meta name=\"twitter:data1\" content=\"3 perc\" \/>\n<script type=\"application\/ld+json\" class=\"yoast-schema-graph\">{\"@context\":\"https:\/\/schema.org\",\"@graph\":[{\"@type\":\"WebPage\",\"@id\":\"https:\/\/sxflightcase.com\/product\/rack-rail-rab101\/\",\"url\":\"https:\/\/sxflightcase.com\/product\/rack-rail-rab101\/\",\"name\":\"Rack Rail RAB101 - https:\/\/sxflightcase.com \ud83d\udc97\",\"isPartOf\":{\"@id\":\"https:\/\/sxflightcase.com\/th\/#website\"},\"primaryImageOfPage\":{\"@id\":\"https:\/\/sxflightcase.com\/product\/rack-rail-rab101\/#primaryimage\"},\"image\":{\"@id\":\"https:\/\/sxflightcase.com\/product\/rack-rail-rab101\/#primaryimage\"},\"thumbnailUrl\":\"https:\/\/sxflightcase.com\/wp-content\/uploads\/2024\/09\/RAB101.jpg\",\"datePublished\":\"2024-09-06T06:49:10+00:00\",\"dateModified\":\"2024-09-09T04:01:14+00:00\",\"description\":\"Rack rail, factory direct! High-quality, durable rail designed for secure and organized mounting of rack equipment. Perfect for professional use in cases, server racks, and AV setups.\",\"breadcrumb\":{\"@id\":\"https:\/\/sxflightcase.com\/product\/rack-rail-rab101\/#breadcrumb\"},\"inLanguage\":\"hu\",\"potentialAction\":[{\"@type\":\"ReadAction\",\"target\":[\"https:\/\/sxflightcase.com\/product\/rack-rail-rab101\/\"]}]},{\"@type\":\"ImageObject\",\"inLanguage\":\"hu\",\"@id\":\"https:\/\/sxflightcase.com\/product\/rack-rail-rab101\/#primaryimage\",\"url\":\"https:\/\/sxflightcase.com\/wp-content\/uploads\/2024\/09\/RAB101.jpg\",\"contentUrl\":\"https:\/\/sxflightcase.com\/wp-content\/uploads\/2024\/09\/RAB101.jpg\",\"width\":700,\"height\":700,\"caption\":\"Rack Rail\"},{\"@type\":\"BreadcrumbList\",\"@id\":\"https:\/\/sxflightcase.com\/product\/rack-rail-rab101\/#breadcrumb\",\"itemListElement\":[{\"@type\":\"ListItem\",\"position\":1,\"name\":\"Home\",\"item\":\"https:\/\/sxflightcase.com\/\"},{\"@type\":\"ListItem\",\"position\":2,\"name\":\"\u0e2a\u0e34\u0e19\u0e04\u0e49\u0e32\",\"item\":\"https:\/\/sxflightcase.com\/th\/shop\/\"},{\"@type\":\"ListItem\",\"position\":3,\"name\":\"Rack Rail RAB101\"}]},{\"@type\":\"WebSite\",\"@id\":\"https:\/\/sxflightcase.com\/th\/#website\",\"url\":\"https:\/\/sxflightcase.com\/th\/\",\"name\":\"sxpowercase.com\",\"description\":\"Flight Case Factory\",\"publisher\":{\"@id\":\"https:\/\/sxflightcase.com\/th\/#organization\"},\"potentialAction\":[{\"@type\":\"SearchAction\",\"target\":{\"@type\":\"EntryPoint\",\"urlTemplate\":\"https:\/\/sxflightcase.com\/th\/?s={search_term_string}\"},\"query-input\":{\"@type\":\"PropertyValueSpecification\",\"valueRequired\":true,\"valueName\":\"search_term_string\"}}],\"inLanguage\":\"hu\"},{\"@type\":\"Organization\",\"@id\":\"https:\/\/sxflightcase.com\/th\/#organization\",\"name\":\"sxpowercase.com\",\"url\":\"https:\/\/sxflightcase.com\/th\/\",\"logo\":{\"@type\":\"ImageObject\",\"inLanguage\":\"hu\",\"@id\":\"https:\/\/sxflightcase.com\/th\/#\/schema\/logo\/image\/\",\"url\":\"https:\/\/sxflightcase.com\/wp-content\/uploads\/2024\/04\/1713919036007.jpg\",\"contentUrl\":\"https:\/\/sxflightcase.com\/wp-content\/uploads\/2024\/04\/1713919036007.jpg\",\"width\":382,\"height\":388,\"caption\":\"sxpowercase.com\"},\"image\":{\"@id\":\"https:\/\/sxflightcase.com\/th\/#\/schema\/logo\/image\/\"},\"sameAs\":[\"https:\/\/www.facebook.com\/profile.php?id=61560407257971\"],\"numberOfEmployees\":{\"@type\":\"QuantitativeValue\",\"minValue\":\"11\",\"maxValue\":\"50\"}}]}<\/script>\n<!-- \/ Yoast SEO Premium plugin. -->","yoast_head_json":{"title":"Rack Rail RAB101 - https:\/\/sxflightcase.com \ud83d\udc97","description":"Rack s\u00edn, gy\u00e1ri k\u00f6zvetlen! Kiv\u00e1l\u00f3 min\u0151s\u00e9g\u0171, tart\u00f3s s\u00edn, amelyet a rackberendez\u00e9sek biztons\u00e1gos \u00e9s szervezett r\u00f6gz\u00edt\u00e9s\u00e9re terveztek. T\u00f6k\u00e9letes professzion\u00e1lis haszn\u00e1latra tokokba, szerver\u00e1llv\u00e1nyokba \u00e9s AV-berendez\u00e9sekbe.","robots":{"index":"index","follow":"follow","max-snippet":"max-snippet:-1","max-image-preview":"max-image-preview:large","max-video-preview":"max-video-preview:-1"},"canonical":"https:\/\/sxflightcase.com\/hu\/termek\/allvanysin-rab101\/","og_locale":"hu_HU","og_type":"article","og_title":"Rack Rail RAB101","og_description":"Rack rail, factory direct! High-quality, durable rail designed for secure and organized mounting of rack equipment. Perfect for professional use in cases, server racks, and AV setups.","og_url":"https:\/\/sxflightcase.com\/hu\/termek\/allvanysin-rab101\/","og_site_name":"https:\/\/sxflightcase.com","article_publisher":"https:\/\/www.facebook.com\/profile.php?id=61560407257971","article_modified_time":"2024-09-09T04:01:14+00:00","og_image":[{"width":700,"height":700,"url":"https:\/\/sxflightcase.com\/wp-content\/uploads\/2024\/09\/RAB101.jpg","type":"image\/jpeg"}],"twitter_card":"summary_large_image","twitter_misc":{"Becs\u00fclt olvas\u00e1si id\u0151":"3 perc"},"schema":{"@context":"https:\/\/schema.org","@graph":[{"@type":"WebPage","@id":"https:\/\/sxflightcase.com\/product\/rack-rail-rab101\/","url":"https:\/\/sxflightcase.com\/product\/rack-rail-rab101\/","name":"Rack Rail RAB101 - https:\/\/sxflightcase.com \ud83d\udc97","isPartOf":{"@id":"https:\/\/sxflightcase.com\/th\/#website"},"primaryImageOfPage":{"@id":"https:\/\/sxflightcase.com\/product\/rack-rail-rab101\/#primaryimage"},"image":{"@id":"https:\/\/sxflightcase.com\/product\/rack-rail-rab101\/#primaryimage"},"thumbnailUrl":"https:\/\/sxflightcase.com\/wp-content\/uploads\/2024\/09\/RAB101.jpg","datePublished":"2024-09-06T06:49:10+00:00","dateModified":"2024-09-09T04:01:14+00:00","description":"Rack s\u00edn, gy\u00e1ri k\u00f6zvetlen! Kiv\u00e1l\u00f3 min\u0151s\u00e9g\u0171, tart\u00f3s s\u00edn, amelyet a rackberendez\u00e9sek biztons\u00e1gos \u00e9s szervezett r\u00f6gz\u00edt\u00e9s\u00e9re terveztek. T\u00f6k\u00e9letes professzion\u00e1lis haszn\u00e1latra tokokba, szerver\u00e1llv\u00e1nyokba \u00e9s AV-berendez\u00e9sekbe.","breadcrumb":{"@id":"https:\/\/sxflightcase.com\/product\/rack-rail-rab101\/#breadcrumb"},"inLanguage":"hu","potentialAction":[{"@type":"ReadAction","target":["https:\/\/sxflightcase.com\/product\/rack-rail-rab101\/"]}]},{"@type":"ImageObject","inLanguage":"hu","@id":"https:\/\/sxflightcase.com\/product\/rack-rail-rab101\/#primaryimage","url":"https:\/\/sxflightcase.com\/wp-content\/uploads\/2024\/09\/RAB101.jpg","contentUrl":"https:\/\/sxflightcase.com\/wp-content\/uploads\/2024\/09\/RAB101.jpg","width":700,"height":700,"caption":"Rack Rail"},{"@type":"BreadcrumbList","@id":"https:\/\/sxflightcase.com\/product\/rack-rail-rab101\/#breadcrumb","itemListElement":[{"@type":"ListItem","position":1,"name":"Home","item":"https:\/\/sxflightcase.com\/"},{"@type":"ListItem","position":2,"name":"\u0e2a\u0e34\u0e19\u0e04\u0e49\u0e32","item":"https:\/\/sxflightcase.com\/th\/shop\/"},{"@type":"ListItem","position":3,"name":"Rack Rail RAB101"}]},{"@type":"WebSite","@id":"https:\/\/sxflightcase.com\/th\/#website","url":"https:\/\/sxflightcase.com\/th\/","name":"sxpowercase.com","description":"Flight Case Factory","publisher":{"@id":"https:\/\/sxflightcase.com\/th\/#organization"},"potentialAction":[{"@type":"SearchAction","target":{"@type":"EntryPoint","urlTemplate":"https:\/\/sxflightcase.com\/th\/?s={search_term_string}"},"query-input":{"@type":"PropertyValueSpecification","valueRequired":true,"valueName":"search_term_string"}}],"inLanguage":"hu"},{"@type":"Organization","@id":"https:\/\/sxflightcase.com\/th\/#organization","name":"sxpowercase.com","url":"https:\/\/sxflightcase.com\/th\/","logo":{"@type":"ImageObject","inLanguage":"hu","@id":"https:\/\/sxflightcase.com\/th\/#\/schema\/logo\/image\/","url":"https:\/\/sxflightcase.com\/wp-content\/uploads\/2024\/04\/1713919036007.jpg","contentUrl":"https:\/\/sxflightcase.com\/wp-content\/uploads\/2024\/04\/1713919036007.jpg","width":382,"height":388,"caption":"sxpowercase.com"},"image":{"@id":"https:\/\/sxflightcase.com\/th\/#\/schema\/logo\/image\/"},"sameAs":["https:\/\/www.facebook.com\/profile.php?id=61560407257971"],"numberOfEmployees":{"@type":"QuantitativeValue","minValue":"11","maxValue":"50"}}]}},"_links":{"self":[{"href":"https:\/\/sxflightcase.com\/hu\/wp-json\/wp\/v2\/product\/4314","targetHints":{"allow":["GET"]}}],"collection":[{"href":"https:\/\/sxflightcase.com\/hu\/wp-json\/wp\/v2\/product"}],"about":[{"href":"https:\/\/sxflightcase.com\/hu\/wp-json\/wp\/v2\/types\/product"}],"replies":[{"embeddable":true,"href":"https:\/\/sxflightcase.com\/hu\/wp-json\/wp\/v2\/comments?post=4314"}],"version-history":[{"count":0,"href":"https:\/\/sxflightcase.com\/hu\/wp-json\/wp\/v2\/product\/4314\/revisions"}],"wp:featuredmedia":[{"embeddable":true,"href":"https:\/\/sxflightcase.com\/hu\/wp-json\/wp\/v2\/media\/4275"}],"wp:attachment":[{"href":"https:\/\/sxflightcase.com\/hu\/wp-json\/wp\/v2\/media?parent=4314"}],"wp:term":[{"taxonomy":"product_brand","embeddable":true,"href":"https:\/\/sxflightcase.com\/hu\/wp-json\/wp\/v2\/product_brand?post=4314"},{"taxonomy":"product_cat","embeddable":true,"href":"https:\/\/sxflightcase.com\/hu\/wp-json\/wp\/v2\/product_cat?post=4314"},{"taxonomy":"product_tag","embeddable":true,"href":"https:\/\/sxflightcase.com\/hu\/wp-json\/wp\/v2\/product_tag?post=4314"}],"curies":[{"name":"wp","href":"https:\/\/api.w.org\/{rel}","templated":true}]}}