{"id":4320,"date":"2024-09-09T07:11:30","date_gmt":"2024-09-09T06:11:30","guid":{"rendered":"https:\/\/sxpowercase.com\/?post_type=product&#038;p=4320"},"modified":"2024-09-09T07:11:31","modified_gmt":"2024-09-09T06:11:31","slug":"rack-mounting-rails-rab102","status":"publish","type":"product","link":"https:\/\/sxflightcase.com\/hu\/termek\/rack-szerelosinek-rab102\/","title":{"rendered":"RAB102 \u00e1llv\u00e1nyr\u00f6gz\u00edt\u0151 s\u00ednek"},"content":{"rendered":"<h3>B\u0151v\u00edtse be\u00e1ll\u00edt\u00e1sait az SX Rack szerel\u0151s\u00ednekkel<\/h3>\n<p>Amikor a berendez\u00e9s biztons\u00e1gos r\u00f6gz\u00edt\u00e9s\u00e9r\u0151l van sz\u00f3, <strong>SX <a href=\"https:\/\/sxpowercase.com\/product\/rack-rail-rab101\/\">Rack r\u00f6gz\u00edt\u0151 s\u00ednek<\/a><\/strong> minden professzion\u00e1lis be\u00e1ll\u00edt\u00e1s elengedhetetlen elemei. Ezeket a s\u00edneket er\u0151ss\u00e9gre \u00e9s megb\u00edzhat\u00f3s\u00e1gra tervezt\u00e9k, megk\u00f6nny\u00edtve ezzel \u00e9rt\u00e9kes felszerel\u00e9s\u00e9nek al\u00e1t\u00e1maszt\u00e1s\u00e1t. A <strong>SX<\/strong>, gy\u00e1ri k\u00f6zvetlen \u00e1rakat kap, ami biztos\u00edtja a kiv\u00e1l\u00f3 min\u0151s\u00e9get az \u00d6n k\u00f6lts\u00e9gvet\u00e9s\u00e9be illeszked\u0151 \u00e1ron.<\/p>\n<h3>Tart\u00f3ss\u00e1g, amire sz\u00e1m\u00edthat<\/h3>\n<p>A <strong>Rack r\u00f6gz\u00edt\u0151 s\u00ednek<\/strong> pr\u00e9mium min\u0151s\u00e9g\u0171 anyagokb\u00f3l k\u00e9sz\u00fclnek, amelyeket \u00fagy terveztek, hogy ellen\u00e1lljanak a mindennapi haszn\u00e1lat viszontags\u00e1gainak. Ak\u00e1r st\u00fadi\u00f3ban, szerverszob\u00e1ban vagy m\u0171helyben \u00e1ll\u00edt be, ezek a s\u00ednek hossz\u00fa t\u00e1v\u00fa teljes\u00edtm\u00e9nyt ny\u00fajtanak. <strong><a href=\"https:\/\/sxpowercase.com\/\" target=\"_blank\" rel=\"noopener\" title=\"SX\" data-wpil-monitor-id=\"731\">SX<\/a><\/strong> biztos\u00edtja, hogy minden term\u00e9k megfelel a szigor\u00fa min\u0151s\u00e9gi el\u0151\u00edr\u00e1soknak, \u00edgy \u00d6n b\u00edzhat minden s\u00edn tart\u00f3ss\u00e1g\u00e1ban \u00e9s rugalmass\u00e1g\u00e1ban.<\/p>\n<h3>Egyszer\u0171 integr\u00e1ci\u00f3 \u00e9s testreszab\u00e1s<\/h3>\n<p>SX <strong>Rack r\u00f6gz\u00edt\u0151 s\u00ednek<\/strong> kompatibilisek a legt\u00f6bb szabv\u00e1nyos \u00e1llv\u00e1nyrendszerrel, \u00edgy k\u00f6nnyen integr\u00e1lhat\u00f3k a megl\u00e9v\u0151 berendez\u00e9sbe. Ak\u00e1r audioberendez\u00e9sekkel, informatikai hardverekkel vagy ipari szersz\u00e1mokkal dolgozik, ezek a s\u00ednek sokoldal\u00faan t\u00e1mogatnak b\u00e1rmilyen t\u00edpus\u00fa felszerel\u00e9st. R\u00e1ad\u00e1sul alkalmazkod\u00f3 kialak\u00edt\u00e1suk gyors \u00e9s egyszer\u0171 telep\u00edt\u00e9st tesz lehet\u0151v\u00e9, \u00edgy id\u0151t takar\u00edthat meg.<\/p>\n<h3>Gy\u00e1ri k\u00f6zvetlen \u00e1rk\u00e9pz\u00e9s a maxim\u00e1lis \u00e9rt\u00e9k\u00e9rt<\/h3>\n<p>A  c\u00edmen. <strong>SX<\/strong>...kiv\u00e1gjuk a k\u00f6zvet\u00edt\u0151t, hogy a sz\u00e1ll\u00edtm\u00e1nyt... <strong>Rack szerel\u0151s\u00edn<\/strong>\u00a0verhetetlen gy\u00e1ri k\u00f6zvetlen \u00e1ron. Ez azt jelenti, hogy pr\u00e9mium min\u0151s\u00e9get kaphat olcs\u00f3bban, an\u00e9lk\u00fcl, hogy kompromisszumot k\u00f6tne a teljes\u00edtm\u00e9ny vagy a megb\u00edzhat\u00f3s\u00e1g ter\u00e9n. Olyan v\u00e1llalkoz\u00e1sok sz\u00e1m\u00e1ra, amelyek t\u00falk\u00f6ltekez\u00e9s n\u00e9lk\u00fcl szeretn\u00e9k maximaliz\u00e1lni az \u00e9rt\u00e9ket, <strong>SX<\/strong> az ide\u00e1lis v\u00e1laszt\u00e1s.<\/p>\n<h3>Megb\u00edzhat\u00f3 stabilit\u00e1s az \u00d6n berendez\u00e9seinek<\/h3>\n<p>A stabilit\u00e1s kritikus a neh\u00e9z berendez\u00e9sek felszerel\u00e9s\u00e9n\u00e9l, \u00e9s <strong>SX Rack szerel\u0151s\u00edn<\/strong>\u00a0\u00fagy tervezt\u00e9k, hogy biztons\u00e1gosan a hely\u00e9n tartsa az eszk\u00f6z\u00f6ket. Ak\u00e1r neh\u00e9z szerverekr\u0151l, ak\u00e1r k\u00e9nyes audioeszk\u00f6z\u00f6kr\u0151l van sz\u00f3, ezek a s\u00ednek biztos\u00edtj\u00e1k, hogy minden a hely\u00e9n maradjon. Ez a t\u00e1mogat\u00e1si szint seg\u00edt megv\u00e9deni \u00e9rt\u00e9kes eszk\u00f6zeit a v\u00e9letlen s\u00e9r\u00fcl\u00e9sekt\u0151l.<\/p>\n<h3>Sokoldal\u00fa \u00e9s megb\u00edzhat\u00f3<\/h3>\n<p>A m\u0171sorsz\u00f3r\u00f3 berendez\u00e9sekt\u0151l az IT-infrastrukt\u00far\u00e1ig, <strong>SX Rack szerel\u0151s\u00edn<\/strong>\u00a0sz\u00e1mos alkalmaz\u00e1shoz k\u00e9sz\u00fcltek. Rugalmass\u00e1guk \u00e9s nagyfok\u00fa tart\u00f3ss\u00e1guk r\u00e9v\u00e9n b\u00e1rmilyen k\u00f6rnyezetben haszn\u00e1lhat\u00f3ak. A szakemberek b\u00edznak <strong>SX<\/strong> term\u00e9kek robusztus teljes\u00edtm\u00e9ny\u00fck \u00e9s k\u00f6nny\u0171 alkalmazkod\u00f3k\u00e9pess\u00e9g\u00fck miatt.<\/p>\n<h3>Min\u0151s\u00e9g \u00e9s min\u0151s\u00e9gbiztos\u00edt\u00e1s<\/h3>\n<p>A  c\u00edmen. <strong>SX<\/strong>, b\u00fcszk\u00e9k vagyunk arra, hogy olyan min\u0151s\u00e9get ny\u00fajtunk, amelyben megb\u00edzhat. Minden <strong>Rack szerel\u0151s\u00edn<\/strong> szigor\u00fa tesztel\u00e9snek vetj\u00fck al\u00e1, hogy biztos\u00edtsuk, hogy megfeleljen a magas sz\u00ednvonal\u00fa szabv\u00e1nyainknak. Gy\u00e1ri k\u00f6zvetlen \u00e1rk\u00e9pz\u00e9ssel \u00e9s a cs\u00facsmin\u0151s\u00e9g\u0171 anyagokra \u00f6sszpontos\u00edtva, <strong>SX<\/strong> az \u00d6n m\u00e1rk\u00e1ja a megb\u00edzhat\u00f3 rack-szerel\u00e9si megold\u00e1sok\u00e9rt, amelyek nem fogj\u00e1k megt\u00f6rni a bankot.<\/p>\n<p>Ha megb\u00edzhat\u00f3, tart\u00f3s \u00e9s megfizethet\u0151 megold\u00e1st szeretne, v\u00e1lassza a <strong>SX Rack szerel\u0151s\u00edn<\/strong>\u00a0hogy magabiztosan t\u00e1mogassa berendez\u00e9seit.<\/p>\n<ol>\n<li>Kapcsolatfelv\u00e9tel most:<span style=\"color: #0000ff;\"><a style=\"color: #0000ff;\" href=\"https:\/\/sxpowercase.com\/contact-us\/\">https:\/\/sxpowercase.com\/<\/a><\/span><\/li>\n<li>Hardver term\u00e9kkatal\u00f3gus\uff1a<span style=\"color: #3366ff;\"><a style=\"color: #3366ff;\" href=\"https:\/\/sxpowercase.com\/wp-content\/uploads\/2024\/07\/\u4e94\u91d1.pdf\">Hardver tartoz\u00e9kok katal\u00f3gusa<\/a><\/span><\/li>\n<\/ol>","protected":false},"excerpt":{"rendered":"<h3>Biztos\u00edtsa berendez\u00e9seit az SX Rack szerel\u0151s\u00ednekkel<\/h3>\n<p>Az SX Rack szerel\u0151s\u00ednek er\u0151s, megb\u00edzhat\u00f3 t\u00e1maszt ny\u00fajtanak professzion\u00e1lis felszerel\u00e9s\u00e9hez, stabilit\u00e1st \u00e9s biztons\u00e1got biztos\u00edtva felszerel\u00e9s\u00e9nek, gy\u00e1ri \u00e1ron.<\/p>\n<h3>Tart\u00f3s \u00e9s tart\u00f3s<\/h3>\n<p>A pr\u00e9mium min\u0151s\u00e9g\u0171 anyagokb\u00f3l k\u00e9sz\u00fclt SX Rack szerel\u0151s\u00edneket \u00fagy tervezt\u00e9k, hogy ellen\u00e1lljanak a nagy ig\u00e9nybev\u00e9telnek, \u00e9s hossz\u00fa t\u00e1v\u00fa teljes\u00edtm\u00e9nyt ny\u00fajtsanak b\u00e1rmilyen k\u00f6rnyezetben.<\/p>\n<h3>Egyszer\u0171 telep\u00edt\u00e9s \u00e9s sokoldal\u00fa kompatibilit\u00e1s<\/h3>\n<p>A legt\u00f6bb szabv\u00e1nyos rackrendszerrel kompatibilis SX Rack Mounting Rails gyors telep\u00edt\u00e9st \u00e9s a berendez\u00e9sek sz\u00e9les sk\u00e1l\u00e1j\u00e1nak adapt\u00e1lhat\u00f3 t\u00e1mogat\u00e1s\u00e1t biztos\u00edtja.<\/p>","protected":false},"featured_media":4276,"comment_status":"open","ping_status":"closed","template":"","meta":[],"product_brand":[],"product_cat":[66],"product_tag":[],"class_list":{"0":"post-4320","1":"product","2":"type-product","3":"status-publish","4":"has-post-thumbnail","6":"product_cat-rack-hardware","8":"first","9":"instock","10":"shipping-taxable","11":"product-type-simple"},"yoast_head":"<!-- This site is optimized with the Yoast SEO Premium plugin v27.1 (Yoast SEO v27.2) - https:\/\/yoast.com\/product\/yoast-seo-premium-wordpress\/ -->\n<title>Rack Mounting Rails RAB102 - https:\/\/sxflightcase.com \ud83d\udc97<\/title>\n<meta name=\"description\" content=\"Rack mounting rails, factory direct! High-quality, durable rails designed for securely mounting and organizing equipment in racks.\" \/>\n<meta name=\"robots\" content=\"index, follow, max-snippet:-1, max-image-preview:large, max-video-preview:-1\" \/>\n<link rel=\"canonical\" href=\"https:\/\/sxflightcase.com\/hu\/termek\/rack-szerelosinek-rab102\/\" \/>\n<meta property=\"og:locale\" content=\"hu_HU\" \/>\n<meta property=\"og:type\" content=\"article\" \/>\n<meta property=\"og:title\" content=\"Rack Mounting Rails RAB102\" \/>\n<meta property=\"og:description\" content=\"Rack mounting rails, factory direct! High-quality, durable rails designed for securely mounting and organizing equipment in racks.\" \/>\n<meta property=\"og:url\" content=\"https:\/\/sxflightcase.com\/hu\/termek\/rack-szerelosinek-rab102\/\" \/>\n<meta property=\"og:site_name\" content=\"https:\/\/sxflightcase.com\" \/>\n<meta property=\"article:publisher\" content=\"https:\/\/www.facebook.com\/profile.php?id=61560407257971\" \/>\n<meta property=\"article:modified_time\" content=\"2024-09-09T06:11:31+00:00\" \/>\n<meta property=\"og:image\" content=\"https:\/\/sxflightcase.com\/wp-content\/uploads\/2024\/09\/RAB102.jpg\" \/>\n\t<meta property=\"og:image:width\" content=\"700\" \/>\n\t<meta property=\"og:image:height\" content=\"700\" \/>\n\t<meta property=\"og:image:type\" content=\"image\/jpeg\" \/>\n<meta name=\"twitter:card\" content=\"summary_large_image\" \/>\n<meta name=\"twitter:label1\" content=\"Becs\u00fclt olvas\u00e1si id\u0151\" \/>\n\t<meta name=\"twitter:data1\" content=\"3 perc\" \/>\n<script type=\"application\/ld+json\" class=\"yoast-schema-graph\">{\"@context\":\"https:\/\/schema.org\",\"@graph\":[{\"@type\":\"WebPage\",\"@id\":\"https:\/\/sxflightcase.com\/product\/rack-mounting-rails-rab102\/\",\"url\":\"https:\/\/sxflightcase.com\/product\/rack-mounting-rails-rab102\/\",\"name\":\"Rack Mounting Rails RAB102 - https:\/\/sxflightcase.com \ud83d\udc97\",\"isPartOf\":{\"@id\":\"https:\/\/sxflightcase.com\/th\/#website\"},\"primaryImageOfPage\":{\"@id\":\"https:\/\/sxflightcase.com\/product\/rack-mounting-rails-rab102\/#primaryimage\"},\"image\":{\"@id\":\"https:\/\/sxflightcase.com\/product\/rack-mounting-rails-rab102\/#primaryimage\"},\"thumbnailUrl\":\"https:\/\/sxflightcase.com\/wp-content\/uploads\/2024\/09\/RAB102.jpg\",\"datePublished\":\"2024-09-09T06:11:30+00:00\",\"dateModified\":\"2024-09-09T06:11:31+00:00\",\"description\":\"Rack mounting rails, factory direct! High-quality, durable rails designed for securely mounting and organizing equipment in racks.\",\"breadcrumb\":{\"@id\":\"https:\/\/sxflightcase.com\/product\/rack-mounting-rails-rab102\/#breadcrumb\"},\"inLanguage\":\"hu\",\"potentialAction\":[{\"@type\":\"ReadAction\",\"target\":[\"https:\/\/sxflightcase.com\/product\/rack-mounting-rails-rab102\/\"]}]},{\"@type\":\"ImageObject\",\"inLanguage\":\"hu\",\"@id\":\"https:\/\/sxflightcase.com\/product\/rack-mounting-rails-rab102\/#primaryimage\",\"url\":\"https:\/\/sxflightcase.com\/wp-content\/uploads\/2024\/09\/RAB102.jpg\",\"contentUrl\":\"https:\/\/sxflightcase.com\/wp-content\/uploads\/2024\/09\/RAB102.jpg\",\"width\":700,\"height\":700,\"caption\":\"Rack Mounting Rails\"},{\"@type\":\"BreadcrumbList\",\"@id\":\"https:\/\/sxflightcase.com\/product\/rack-mounting-rails-rab102\/#breadcrumb\",\"itemListElement\":[{\"@type\":\"ListItem\",\"position\":1,\"name\":\"Home\",\"item\":\"https:\/\/sxflightcase.com\/\"},{\"@type\":\"ListItem\",\"position\":2,\"name\":\"\u0e2a\u0e34\u0e19\u0e04\u0e49\u0e32\",\"item\":\"https:\/\/sxflightcase.com\/th\/shop\/\"},{\"@type\":\"ListItem\",\"position\":3,\"name\":\"Rack Mounting Rails RAB102\"}]},{\"@type\":\"WebSite\",\"@id\":\"https:\/\/sxflightcase.com\/th\/#website\",\"url\":\"https:\/\/sxflightcase.com\/th\/\",\"name\":\"sxpowercase.com\",\"description\":\"Flight Case Factory\",\"publisher\":{\"@id\":\"https:\/\/sxflightcase.com\/th\/#organization\"},\"potentialAction\":[{\"@type\":\"SearchAction\",\"target\":{\"@type\":\"EntryPoint\",\"urlTemplate\":\"https:\/\/sxflightcase.com\/th\/?s={search_term_string}\"},\"query-input\":{\"@type\":\"PropertyValueSpecification\",\"valueRequired\":true,\"valueName\":\"search_term_string\"}}],\"inLanguage\":\"hu\"},{\"@type\":\"Organization\",\"@id\":\"https:\/\/sxflightcase.com\/th\/#organization\",\"name\":\"sxpowercase.com\",\"url\":\"https:\/\/sxflightcase.com\/th\/\",\"logo\":{\"@type\":\"ImageObject\",\"inLanguage\":\"hu\",\"@id\":\"https:\/\/sxflightcase.com\/th\/#\/schema\/logo\/image\/\",\"url\":\"https:\/\/sxflightcase.com\/wp-content\/uploads\/2024\/04\/1713919036007.jpg\",\"contentUrl\":\"https:\/\/sxflightcase.com\/wp-content\/uploads\/2024\/04\/1713919036007.jpg\",\"width\":382,\"height\":388,\"caption\":\"sxpowercase.com\"},\"image\":{\"@id\":\"https:\/\/sxflightcase.com\/th\/#\/schema\/logo\/image\/\"},\"sameAs\":[\"https:\/\/www.facebook.com\/profile.php?id=61560407257971\"],\"numberOfEmployees\":{\"@type\":\"QuantitativeValue\",\"minValue\":\"11\",\"maxValue\":\"50\"}}]}<\/script>\n<!-- \/ Yoast SEO Premium plugin. -->","yoast_head_json":{"title":"Rack Mounting Rails RAB102 - https:\/\/sxflightcase.com \ud83d\udc97","description":"Rack r\u00f6gz\u00edt\u0151 s\u00ednek, gy\u00e1ri k\u00f6zvetlen! Kiv\u00e1l\u00f3 min\u0151s\u00e9g\u0171, tart\u00f3s s\u00ednek, amelyeket a berendez\u00e9sek biztons\u00e1gos r\u00f6gz\u00edt\u00e9s\u00e9re \u00e9s szervez\u00e9s\u00e9re terveztek az \u00e1llv\u00e1nyokban.","robots":{"index":"index","follow":"follow","max-snippet":"max-snippet:-1","max-image-preview":"max-image-preview:large","max-video-preview":"max-video-preview:-1"},"canonical":"https:\/\/sxflightcase.com\/hu\/termek\/rack-szerelosinek-rab102\/","og_locale":"hu_HU","og_type":"article","og_title":"Rack Mounting Rails RAB102","og_description":"Rack mounting rails, factory direct! High-quality, durable rails designed for securely mounting and organizing equipment in racks.","og_url":"https:\/\/sxflightcase.com\/hu\/termek\/rack-szerelosinek-rab102\/","og_site_name":"https:\/\/sxflightcase.com","article_publisher":"https:\/\/www.facebook.com\/profile.php?id=61560407257971","article_modified_time":"2024-09-09T06:11:31+00:00","og_image":[{"width":700,"height":700,"url":"https:\/\/sxflightcase.com\/wp-content\/uploads\/2024\/09\/RAB102.jpg","type":"image\/jpeg"}],"twitter_card":"summary_large_image","twitter_misc":{"Becs\u00fclt olvas\u00e1si id\u0151":"3 perc"},"schema":{"@context":"https:\/\/schema.org","@graph":[{"@type":"WebPage","@id":"https:\/\/sxflightcase.com\/product\/rack-mounting-rails-rab102\/","url":"https:\/\/sxflightcase.com\/product\/rack-mounting-rails-rab102\/","name":"Rack Mounting Rails RAB102 - https:\/\/sxflightcase.com \ud83d\udc97","isPartOf":{"@id":"https:\/\/sxflightcase.com\/th\/#website"},"primaryImageOfPage":{"@id":"https:\/\/sxflightcase.com\/product\/rack-mounting-rails-rab102\/#primaryimage"},"image":{"@id":"https:\/\/sxflightcase.com\/product\/rack-mounting-rails-rab102\/#primaryimage"},"thumbnailUrl":"https:\/\/sxflightcase.com\/wp-content\/uploads\/2024\/09\/RAB102.jpg","datePublished":"2024-09-09T06:11:30+00:00","dateModified":"2024-09-09T06:11:31+00:00","description":"Rack r\u00f6gz\u00edt\u0151 s\u00ednek, gy\u00e1ri k\u00f6zvetlen! Kiv\u00e1l\u00f3 min\u0151s\u00e9g\u0171, tart\u00f3s s\u00ednek, amelyeket a berendez\u00e9sek biztons\u00e1gos r\u00f6gz\u00edt\u00e9s\u00e9re \u00e9s szervez\u00e9s\u00e9re terveztek az \u00e1llv\u00e1nyokban.","breadcrumb":{"@id":"https:\/\/sxflightcase.com\/product\/rack-mounting-rails-rab102\/#breadcrumb"},"inLanguage":"hu","potentialAction":[{"@type":"ReadAction","target":["https:\/\/sxflightcase.com\/product\/rack-mounting-rails-rab102\/"]}]},{"@type":"ImageObject","inLanguage":"hu","@id":"https:\/\/sxflightcase.com\/product\/rack-mounting-rails-rab102\/#primaryimage","url":"https:\/\/sxflightcase.com\/wp-content\/uploads\/2024\/09\/RAB102.jpg","contentUrl":"https:\/\/sxflightcase.com\/wp-content\/uploads\/2024\/09\/RAB102.jpg","width":700,"height":700,"caption":"Rack Mounting Rails"},{"@type":"BreadcrumbList","@id":"https:\/\/sxflightcase.com\/product\/rack-mounting-rails-rab102\/#breadcrumb","itemListElement":[{"@type":"ListItem","position":1,"name":"Home","item":"https:\/\/sxflightcase.com\/"},{"@type":"ListItem","position":2,"name":"\u0e2a\u0e34\u0e19\u0e04\u0e49\u0e32","item":"https:\/\/sxflightcase.com\/th\/shop\/"},{"@type":"ListItem","position":3,"name":"Rack Mounting Rails RAB102"}]},{"@type":"WebSite","@id":"https:\/\/sxflightcase.com\/th\/#website","url":"https:\/\/sxflightcase.com\/th\/","name":"sxpowercase.com","description":"Flight Case Factory","publisher":{"@id":"https:\/\/sxflightcase.com\/th\/#organization"},"potentialAction":[{"@type":"SearchAction","target":{"@type":"EntryPoint","urlTemplate":"https:\/\/sxflightcase.com\/th\/?s={search_term_string}"},"query-input":{"@type":"PropertyValueSpecification","valueRequired":true,"valueName":"search_term_string"}}],"inLanguage":"hu"},{"@type":"Organization","@id":"https:\/\/sxflightcase.com\/th\/#organization","name":"sxpowercase.com","url":"https:\/\/sxflightcase.com\/th\/","logo":{"@type":"ImageObject","inLanguage":"hu","@id":"https:\/\/sxflightcase.com\/th\/#\/schema\/logo\/image\/","url":"https:\/\/sxflightcase.com\/wp-content\/uploads\/2024\/04\/1713919036007.jpg","contentUrl":"https:\/\/sxflightcase.com\/wp-content\/uploads\/2024\/04\/1713919036007.jpg","width":382,"height":388,"caption":"sxpowercase.com"},"image":{"@id":"https:\/\/sxflightcase.com\/th\/#\/schema\/logo\/image\/"},"sameAs":["https:\/\/www.facebook.com\/profile.php?id=61560407257971"],"numberOfEmployees":{"@type":"QuantitativeValue","minValue":"11","maxValue":"50"}}]}},"_links":{"self":[{"href":"https:\/\/sxflightcase.com\/hu\/wp-json\/wp\/v2\/product\/4320","targetHints":{"allow":["GET"]}}],"collection":[{"href":"https:\/\/sxflightcase.com\/hu\/wp-json\/wp\/v2\/product"}],"about":[{"href":"https:\/\/sxflightcase.com\/hu\/wp-json\/wp\/v2\/types\/product"}],"replies":[{"embeddable":true,"href":"https:\/\/sxflightcase.com\/hu\/wp-json\/wp\/v2\/comments?post=4320"}],"version-history":[{"count":0,"href":"https:\/\/sxflightcase.com\/hu\/wp-json\/wp\/v2\/product\/4320\/revisions"}],"wp:featuredmedia":[{"embeddable":true,"href":"https:\/\/sxflightcase.com\/hu\/wp-json\/wp\/v2\/media\/4276"}],"wp:attachment":[{"href":"https:\/\/sxflightcase.com\/hu\/wp-json\/wp\/v2\/media?parent=4320"}],"wp:term":[{"taxonomy":"product_brand","embeddable":true,"href":"https:\/\/sxflightcase.com\/hu\/wp-json\/wp\/v2\/product_brand?post=4320"},{"taxonomy":"product_cat","embeddable":true,"href":"https:\/\/sxflightcase.com\/hu\/wp-json\/wp\/v2\/product_cat?post=4320"},{"taxonomy":"product_tag","embeddable":true,"href":"https:\/\/sxflightcase.com\/hu\/wp-json\/wp\/v2\/product_tag?post=4320"}],"curies":[{"name":"wp","href":"https:\/\/api.w.org\/{rel}","templated":true}]}}