{"id":4321,"date":"2024-09-09T07:19:35","date_gmt":"2024-09-09T06:19:35","guid":{"rendered":"https:\/\/sxpowercase.com\/?post_type=product&#038;p=4321"},"modified":"2024-09-09T07:19:36","modified_gmt":"2024-09-09T06:19:36","slug":"rack-mounting-rails-rab103","status":"publish","type":"product","link":"https:\/\/sxflightcase.com\/hu\/termek\/rack-szerelosinek-rab103\/","title":{"rendered":"RAB103 \u00e1llv\u00e1nyr\u00f6gz\u00edt\u0151 s\u00ednek"},"content":{"rendered":"<h3>Pr\u00e9mium min\u0151s\u00e9g\u0171 SX Rack szerel\u0151s\u00ednek minden be\u00e1ll\u00edt\u00e1shoz<\/h3>\n<p>Megb\u00edzhat\u00f3 \u00e9s k\u00f6lts\u00e9ghat\u00e9kony megold\u00e1st keres felszerel\u00e9s\u00e9nek felszerel\u00e9s\u00e9hez? <strong>SX <a href=\"https:\/\/sxpowercase.com\/product\/rack-mounting-rails-rab102\/\">Rack r\u00f6gz\u00edt\u0151 s\u00ednek<\/a><\/strong> t\u00f6k\u00e9letes megold\u00e1st ny\u00fajtanak professzion\u00e1lis berendez\u00e9sekhez, legyen sz\u00f3 st\u00fadi\u00f3kr\u00f3l, szerverszob\u00e1kr\u00f3l vagy ipari terekr\u0151l. <strong>SX<\/strong> gy\u00e1ri k\u00f6zvetlen \u00e1rk\u00e9pz\u00e9st k\u00edn\u00e1l, \u00edgy magas min\u0151s\u00e9g\u0171 term\u00e9keket biztos\u00edt a magas k\u00f6lts\u00e9gek n\u00e9lk\u00fcl.<\/p>\n<h3>Maxim\u00e1lis tart\u00f3ss\u00e1gra tervezve<\/h3>\n<p>Minden <strong>Rack szerel\u0151s\u00edn<\/strong> a  c\u00edmr\u0151l <strong><a href=\"https:\/\/sxpowercase.com\/\" target=\"_blank\" rel=\"noopener\" title=\"SX\" data-wpil-monitor-id=\"732\">SX<\/a><\/strong> robosztus anyagokb\u00f3l k\u00e9sz\u00fclt, \u00edgy nagy terhel\u00e9s eset\u00e9n is hossz\u00fa \u00e9lettartamot biztos\u00edt. Ezek a s\u00edneket \u00fagy tervezt\u00e9k, hogy ellen\u00e1lljanak a legkem\u00e9nyebb k\u00f6r\u00fclm\u00e9nyeknek is, \u00e9s megb\u00edzhat\u00f3 t\u00e1mogat\u00e1st ny\u00fajtanak minden szerel\u00e9si ig\u00e9nye sz\u00e1m\u00e1ra. B\u00edzzon a <strong>SX<\/strong> az er\u0151 \u00e9s a stabilit\u00e1s \u00e9rdek\u00e9ben minden term\u00e9kn\u00e9l.<\/p>\n<h3>Egyszer\u0171 telep\u00edt\u00e9s \u00e9s alkalmazkod\u00f3k\u00e9pess\u00e9g<\/h3>\n<p>A <strong>Rack r\u00f6gz\u00edt\u0151 s\u00ednek<\/strong> k\u00f6nnyen telep\u00edthet\u0151k \u00e9s a be\u00e1ll\u00edt\u00e1sok sz\u00e9les sk\u00e1l\u00e1j\u00e1hoz alkalmazkodnak. Legyen sz\u00f3 audioberendez\u00e9sek, informatikai szerverek vagy ipari hardverek felszerel\u00e9s\u00e9r\u0151l, <strong>SX<\/strong> s\u00ednek teszik a folyamatot z\u00f6kken\u0151mentess\u00e9 \u00e9s hat\u00e9konny\u00e1. Sokoldal\u00fa kialak\u00edt\u00e1suknak k\u00f6sz\u00f6nhet\u0151en z\u00f6kken\u0151mentesen illeszkednek b\u00e1rmely szabv\u00e1nyos \u00e1llv\u00e1nyrendszerbe.<\/p>\n<h3>Gy\u00e1ri k\u00f6zvetlen megtakar\u00edt\u00e1s<\/h3>\n<p>A  c\u00edmen. <strong>SX<\/strong>, k\u00f6zvetlen\u00fcl a gy\u00e1rt\u00f3t\u00f3l sz\u00e1rmaz\u00f3 \u00e1rakat k\u00edn\u00e1lunk, ami azt jelenti, hogy kiv\u00e1l\u00f3 min\u0151s\u00e9get kap alacsonyabb \u00e1ron. Nem kell kompromisszumot k\u00f6tnie a min\u0151s\u00e9g ter\u00e9n, ha megfizethet\u0151 megold\u00e1sokhoz juthat k\u00f6zvetlen\u00fcl a forr\u00e1st\u00f3l. A <strong>SX<\/strong>, garant\u00e1ltan megtal\u00e1lja a legjobb \u00e1r-\u00e9rt\u00e9k ar\u00e1nyt a k\u00f6lts\u00e9gvet\u00e9s\u00e9hez k\u00e9pest.<\/p>\n<h3>Biztons\u00e1gos \u00e9s biztons\u00e1gos berendez\u00e9sszerel\u00e9s<\/h3>\n<p>A <strong>Rack r\u00f6gz\u00edt\u0151 s\u00ednek<\/strong> a <strong>SX<\/strong> biztos\u00edtj\u00e1k a neh\u00e9z vagy k\u00e9nyes berendez\u00e9sekhez sz\u00fcks\u00e9ges stabilit\u00e1st \u00e9s biztons\u00e1got. Biztos lehet benne, hogy eszk\u00f6zei szil\u00e1rdan a hely\u00fck\u00f6n maradnak, cs\u00f6kkentve a v\u00e9letlen lees\u00e9s vagy s\u00e9r\u00fcl\u00e9s kock\u00e1zat\u00e1t. Ez a megb\u00edzhat\u00f3s\u00e1g biztos\u00edtja, hogy \u00e9rt\u00e9kes felszerel\u00e9sei biztons\u00e1gban maradjanak haszn\u00e1lat k\u00f6zben.<\/p>\n<h3>Ide\u00e1lis a legk\u00fcl\u00f6nb\u00f6z\u0151bb alkalmaz\u00e1sokhoz<\/h3>\n<p>Nem sz\u00e1m\u00edt, milyen t\u00edpus\u00fa be\u00e1ll\u00edt\u00e1ssal dolgozik, <strong>SX Rack szerel\u0151s\u00ednek<\/strong> rugalmass\u00e1got \u00e9s szil\u00e1rds\u00e1got biztos\u00edtanak a t\u00e1mogat\u00e1s\u00e1hoz. Az adatk\u00f6zpontokt\u00f3l a m\u0171sorsz\u00f3r\u00f3 st\u00fadi\u00f3kig, s\u00ednjeinket a sokoldal\u00fas\u00e1gra tervezt\u00e9k. A min\u0151s\u00e9g \u00e9s a rugalmass\u00e1g h\u00edrnev\u00e9vel, <strong>SX<\/strong> term\u00e9kekben vil\u00e1gszerte megb\u00edznak a szakemberek.<\/p>\n<h3>Min\u0151s\u00e9gbiztos\u00edt\u00e1s, amiben megb\u00edzhat<\/h3>\n<p>A  c\u00edmen. <strong>SX<\/strong>, elk\u00f6telezettek vagyunk amellett, hogy a legjobbat ny\u00fajtsuk. Minden <strong>Rack szerel\u0151s\u00edn<\/strong> szigor\u00fa min\u0151s\u00e9gi ellen\u0151rz\u00e9seken megy kereszt\u00fcl, amelyek biztos\u00edtj\u00e1k, hogy megfeleljen a legmagasabb k\u00f6vetelm\u00e9nyeknek. Biztos lehet benne, hogy ha a <strong>SX<\/strong>, olyan term\u00e9kbe fektet, amely \u00f6tv\u00f6zi a tart\u00f3ss\u00e1got, a megb\u00edzhat\u00f3s\u00e1got \u00e9s a megfizethet\u0151s\u00e9get.<\/p>\n<p>V\u00e1lasszon okosan a k\u00f6vetkez\u0151 projektj\u00e9hez a <strong>SX Rack szerel\u0151s\u00ednek<\/strong>-min\u0151s\u00e9g, amire sz\u00e1m\u00edthat, olyan \u00e1ron, amit megengedhet mag\u00e1nak.<\/p>\n<ol>\n<li>Kapcsolatfelv\u00e9tel most:<span style=\"color: #0000ff;\"><a style=\"color: #0000ff;\" href=\"https:\/\/sxpowercase.com\/contact-us\/\">https:\/\/sxpowercase.com\/<\/a><\/span><\/li>\n<li>Hardver term\u00e9kkatal\u00f3gus\uff1a<span style=\"color: #3366ff;\"><a style=\"color: #3366ff;\" href=\"https:\/\/sxpowercase.com\/wp-content\/uploads\/2024\/07\/\u4e94\u91d1.pdf\">Hardver tartoz\u00e9kok katal\u00f3gusa<\/a><\/span><\/li>\n<\/ol>","protected":false},"excerpt":{"rendered":"<h3>Biztos\u00edtsa berendez\u00e9seit az SX Rack szerel\u0151s\u00ednekkel<\/h3>\n<p>Az SX Rack szerel\u0151s\u00ednek er\u0151s, megb\u00edzhat\u00f3 t\u00e1maszt ny\u00fajtanak professzion\u00e1lis felszerel\u00e9s\u00e9hez, stabilit\u00e1st \u00e9s biztons\u00e1got biztos\u00edtva felszerel\u00e9s\u00e9nek, gy\u00e1ri \u00e1ron.<\/p>\n<h3>Tart\u00f3s \u00e9s tart\u00f3s<\/h3>\n<p>A pr\u00e9mium min\u0151s\u00e9g\u0171 anyagokb\u00f3l k\u00e9sz\u00fclt SX Rack szerel\u0151s\u00edneket \u00fagy tervezt\u00e9k, hogy ellen\u00e1lljanak a nagy ig\u00e9nybev\u00e9telnek, \u00e9s hossz\u00fa t\u00e1v\u00fa teljes\u00edtm\u00e9nyt ny\u00fajtsanak b\u00e1rmilyen k\u00f6rnyezetben.<\/p>\n<h3>Egyszer\u0171 telep\u00edt\u00e9s \u00e9s sokoldal\u00fa kompatibilit\u00e1s<\/h3>\n<p>A legt\u00f6bb szabv\u00e1nyos rackrendszerrel kompatibilis SX Rack Mounting Rails gyors telep\u00edt\u00e9st \u00e9s a berendez\u00e9sek sz\u00e9les sk\u00e1l\u00e1j\u00e1nak adapt\u00e1lhat\u00f3 t\u00e1mogat\u00e1s\u00e1t biztos\u00edtja.<\/p>","protected":false},"featured_media":4277,"comment_status":"open","ping_status":"closed","template":"","meta":[],"product_brand":[],"product_cat":[66],"product_tag":[],"class_list":{"0":"post-4321","1":"product","2":"type-product","3":"status-publish","4":"has-post-thumbnail","6":"product_cat-rack-hardware","8":"first","9":"instock","10":"shipping-taxable","11":"product-type-simple"},"yoast_head":"<!-- This site is optimized with the Yoast SEO Premium plugin v27.1 (Yoast SEO v27.2) - https:\/\/yoast.com\/product\/yoast-seo-premium-wordpress\/ -->\n<title>Rack Mounting Rails RAB103 - https:\/\/sxflightcase.com \ud83d\udc97<\/title>\n<meta name=\"description\" content=\"Rack mounting rails, factory direct! High-quality, durable rails designed for securely mounting and organizing equipment in racks.\" \/>\n<meta name=\"robots\" content=\"index, follow, max-snippet:-1, max-image-preview:large, max-video-preview:-1\" \/>\n<link rel=\"canonical\" href=\"https:\/\/sxflightcase.com\/hu\/termek\/rack-szerelosinek-rab103\/\" \/>\n<meta property=\"og:locale\" content=\"hu_HU\" \/>\n<meta property=\"og:type\" content=\"article\" \/>\n<meta property=\"og:title\" content=\"Rack Mounting Rails RAB103\" \/>\n<meta property=\"og:description\" content=\"Rack mounting rails, factory direct! High-quality, durable rails designed for securely mounting and organizing equipment in racks.\" \/>\n<meta property=\"og:url\" content=\"https:\/\/sxflightcase.com\/hu\/termek\/rack-szerelosinek-rab103\/\" \/>\n<meta property=\"og:site_name\" content=\"https:\/\/sxflightcase.com\" \/>\n<meta property=\"article:publisher\" content=\"https:\/\/www.facebook.com\/profile.php?id=61560407257971\" \/>\n<meta property=\"article:modified_time\" content=\"2024-09-09T06:19:36+00:00\" \/>\n<meta property=\"og:image\" content=\"https:\/\/sxflightcase.com\/wp-content\/uploads\/2024\/09\/RAB103.jpg\" \/>\n\t<meta property=\"og:image:width\" content=\"700\" \/>\n\t<meta property=\"og:image:height\" content=\"700\" \/>\n\t<meta property=\"og:image:type\" content=\"image\/jpeg\" \/>\n<meta name=\"twitter:card\" content=\"summary_large_image\" \/>\n<meta name=\"twitter:label1\" content=\"Becs\u00fclt olvas\u00e1si id\u0151\" \/>\n\t<meta name=\"twitter:data1\" content=\"3 perc\" \/>\n<script type=\"application\/ld+json\" class=\"yoast-schema-graph\">{\"@context\":\"https:\/\/schema.org\",\"@graph\":[{\"@type\":\"WebPage\",\"@id\":\"https:\/\/sxflightcase.com\/product\/rack-mounting-rails-rab103\/\",\"url\":\"https:\/\/sxflightcase.com\/product\/rack-mounting-rails-rab103\/\",\"name\":\"Rack Mounting Rails RAB103 - https:\/\/sxflightcase.com \ud83d\udc97\",\"isPartOf\":{\"@id\":\"https:\/\/sxflightcase.com\/th\/#website\"},\"primaryImageOfPage\":{\"@id\":\"https:\/\/sxflightcase.com\/product\/rack-mounting-rails-rab103\/#primaryimage\"},\"image\":{\"@id\":\"https:\/\/sxflightcase.com\/product\/rack-mounting-rails-rab103\/#primaryimage\"},\"thumbnailUrl\":\"https:\/\/sxflightcase.com\/wp-content\/uploads\/2024\/09\/RAB103.jpg\",\"datePublished\":\"2024-09-09T06:19:35+00:00\",\"dateModified\":\"2024-09-09T06:19:36+00:00\",\"description\":\"Rack mounting rails, factory direct! High-quality, durable rails designed for securely mounting and organizing equipment in racks.\",\"breadcrumb\":{\"@id\":\"https:\/\/sxflightcase.com\/product\/rack-mounting-rails-rab103\/#breadcrumb\"},\"inLanguage\":\"hu\",\"potentialAction\":[{\"@type\":\"ReadAction\",\"target\":[\"https:\/\/sxflightcase.com\/product\/rack-mounting-rails-rab103\/\"]}]},{\"@type\":\"ImageObject\",\"inLanguage\":\"hu\",\"@id\":\"https:\/\/sxflightcase.com\/product\/rack-mounting-rails-rab103\/#primaryimage\",\"url\":\"https:\/\/sxflightcase.com\/wp-content\/uploads\/2024\/09\/RAB103.jpg\",\"contentUrl\":\"https:\/\/sxflightcase.com\/wp-content\/uploads\/2024\/09\/RAB103.jpg\",\"width\":700,\"height\":700,\"caption\":\"Rack Mounting Rails\"},{\"@type\":\"BreadcrumbList\",\"@id\":\"https:\/\/sxflightcase.com\/product\/rack-mounting-rails-rab103\/#breadcrumb\",\"itemListElement\":[{\"@type\":\"ListItem\",\"position\":1,\"name\":\"Home\",\"item\":\"https:\/\/sxflightcase.com\/\"},{\"@type\":\"ListItem\",\"position\":2,\"name\":\"\u0e2a\u0e34\u0e19\u0e04\u0e49\u0e32\",\"item\":\"https:\/\/sxflightcase.com\/th\/shop\/\"},{\"@type\":\"ListItem\",\"position\":3,\"name\":\"Rack Mounting Rails RAB103\"}]},{\"@type\":\"WebSite\",\"@id\":\"https:\/\/sxflightcase.com\/th\/#website\",\"url\":\"https:\/\/sxflightcase.com\/th\/\",\"name\":\"sxpowercase.com\",\"description\":\"Flight Case Factory\",\"publisher\":{\"@id\":\"https:\/\/sxflightcase.com\/th\/#organization\"},\"potentialAction\":[{\"@type\":\"SearchAction\",\"target\":{\"@type\":\"EntryPoint\",\"urlTemplate\":\"https:\/\/sxflightcase.com\/th\/?s={search_term_string}\"},\"query-input\":{\"@type\":\"PropertyValueSpecification\",\"valueRequired\":true,\"valueName\":\"search_term_string\"}}],\"inLanguage\":\"hu\"},{\"@type\":\"Organization\",\"@id\":\"https:\/\/sxflightcase.com\/th\/#organization\",\"name\":\"sxpowercase.com\",\"url\":\"https:\/\/sxflightcase.com\/th\/\",\"logo\":{\"@type\":\"ImageObject\",\"inLanguage\":\"hu\",\"@id\":\"https:\/\/sxflightcase.com\/th\/#\/schema\/logo\/image\/\",\"url\":\"https:\/\/sxflightcase.com\/wp-content\/uploads\/2024\/04\/1713919036007.jpg\",\"contentUrl\":\"https:\/\/sxflightcase.com\/wp-content\/uploads\/2024\/04\/1713919036007.jpg\",\"width\":382,\"height\":388,\"caption\":\"sxpowercase.com\"},\"image\":{\"@id\":\"https:\/\/sxflightcase.com\/th\/#\/schema\/logo\/image\/\"},\"sameAs\":[\"https:\/\/www.facebook.com\/profile.php?id=61560407257971\"],\"numberOfEmployees\":{\"@type\":\"QuantitativeValue\",\"minValue\":\"11\",\"maxValue\":\"50\"}}]}<\/script>\n<!-- \/ Yoast SEO Premium plugin. -->","yoast_head_json":{"title":"Rack Mounting Rails RAB103 - https:\/\/sxflightcase.com \ud83d\udc97","description":"Rack r\u00f6gz\u00edt\u0151 s\u00ednek, gy\u00e1ri k\u00f6zvetlen! Kiv\u00e1l\u00f3 min\u0151s\u00e9g\u0171, tart\u00f3s s\u00ednek, amelyeket a berendez\u00e9sek biztons\u00e1gos r\u00f6gz\u00edt\u00e9s\u00e9re \u00e9s szervez\u00e9s\u00e9re terveztek az \u00e1llv\u00e1nyokban.","robots":{"index":"index","follow":"follow","max-snippet":"max-snippet:-1","max-image-preview":"max-image-preview:large","max-video-preview":"max-video-preview:-1"},"canonical":"https:\/\/sxflightcase.com\/hu\/termek\/rack-szerelosinek-rab103\/","og_locale":"hu_HU","og_type":"article","og_title":"Rack Mounting Rails RAB103","og_description":"Rack mounting rails, factory direct! High-quality, durable rails designed for securely mounting and organizing equipment in racks.","og_url":"https:\/\/sxflightcase.com\/hu\/termek\/rack-szerelosinek-rab103\/","og_site_name":"https:\/\/sxflightcase.com","article_publisher":"https:\/\/www.facebook.com\/profile.php?id=61560407257971","article_modified_time":"2024-09-09T06:19:36+00:00","og_image":[{"width":700,"height":700,"url":"https:\/\/sxflightcase.com\/wp-content\/uploads\/2024\/09\/RAB103.jpg","type":"image\/jpeg"}],"twitter_card":"summary_large_image","twitter_misc":{"Becs\u00fclt olvas\u00e1si id\u0151":"3 perc"},"schema":{"@context":"https:\/\/schema.org","@graph":[{"@type":"WebPage","@id":"https:\/\/sxflightcase.com\/product\/rack-mounting-rails-rab103\/","url":"https:\/\/sxflightcase.com\/product\/rack-mounting-rails-rab103\/","name":"Rack Mounting Rails RAB103 - https:\/\/sxflightcase.com \ud83d\udc97","isPartOf":{"@id":"https:\/\/sxflightcase.com\/th\/#website"},"primaryImageOfPage":{"@id":"https:\/\/sxflightcase.com\/product\/rack-mounting-rails-rab103\/#primaryimage"},"image":{"@id":"https:\/\/sxflightcase.com\/product\/rack-mounting-rails-rab103\/#primaryimage"},"thumbnailUrl":"https:\/\/sxflightcase.com\/wp-content\/uploads\/2024\/09\/RAB103.jpg","datePublished":"2024-09-09T06:19:35+00:00","dateModified":"2024-09-09T06:19:36+00:00","description":"Rack r\u00f6gz\u00edt\u0151 s\u00ednek, gy\u00e1ri k\u00f6zvetlen! Kiv\u00e1l\u00f3 min\u0151s\u00e9g\u0171, tart\u00f3s s\u00ednek, amelyeket a berendez\u00e9sek biztons\u00e1gos r\u00f6gz\u00edt\u00e9s\u00e9re \u00e9s szervez\u00e9s\u00e9re terveztek az \u00e1llv\u00e1nyokban.","breadcrumb":{"@id":"https:\/\/sxflightcase.com\/product\/rack-mounting-rails-rab103\/#breadcrumb"},"inLanguage":"hu","potentialAction":[{"@type":"ReadAction","target":["https:\/\/sxflightcase.com\/product\/rack-mounting-rails-rab103\/"]}]},{"@type":"ImageObject","inLanguage":"hu","@id":"https:\/\/sxflightcase.com\/product\/rack-mounting-rails-rab103\/#primaryimage","url":"https:\/\/sxflightcase.com\/wp-content\/uploads\/2024\/09\/RAB103.jpg","contentUrl":"https:\/\/sxflightcase.com\/wp-content\/uploads\/2024\/09\/RAB103.jpg","width":700,"height":700,"caption":"Rack Mounting Rails"},{"@type":"BreadcrumbList","@id":"https:\/\/sxflightcase.com\/product\/rack-mounting-rails-rab103\/#breadcrumb","itemListElement":[{"@type":"ListItem","position":1,"name":"Home","item":"https:\/\/sxflightcase.com\/"},{"@type":"ListItem","position":2,"name":"\u0e2a\u0e34\u0e19\u0e04\u0e49\u0e32","item":"https:\/\/sxflightcase.com\/th\/shop\/"},{"@type":"ListItem","position":3,"name":"Rack Mounting Rails RAB103"}]},{"@type":"WebSite","@id":"https:\/\/sxflightcase.com\/th\/#website","url":"https:\/\/sxflightcase.com\/th\/","name":"sxpowercase.com","description":"Flight Case Factory","publisher":{"@id":"https:\/\/sxflightcase.com\/th\/#organization"},"potentialAction":[{"@type":"SearchAction","target":{"@type":"EntryPoint","urlTemplate":"https:\/\/sxflightcase.com\/th\/?s={search_term_string}"},"query-input":{"@type":"PropertyValueSpecification","valueRequired":true,"valueName":"search_term_string"}}],"inLanguage":"hu"},{"@type":"Organization","@id":"https:\/\/sxflightcase.com\/th\/#organization","name":"sxpowercase.com","url":"https:\/\/sxflightcase.com\/th\/","logo":{"@type":"ImageObject","inLanguage":"hu","@id":"https:\/\/sxflightcase.com\/th\/#\/schema\/logo\/image\/","url":"https:\/\/sxflightcase.com\/wp-content\/uploads\/2024\/04\/1713919036007.jpg","contentUrl":"https:\/\/sxflightcase.com\/wp-content\/uploads\/2024\/04\/1713919036007.jpg","width":382,"height":388,"caption":"sxpowercase.com"},"image":{"@id":"https:\/\/sxflightcase.com\/th\/#\/schema\/logo\/image\/"},"sameAs":["https:\/\/www.facebook.com\/profile.php?id=61560407257971"],"numberOfEmployees":{"@type":"QuantitativeValue","minValue":"11","maxValue":"50"}}]}},"_links":{"self":[{"href":"https:\/\/sxflightcase.com\/hu\/wp-json\/wp\/v2\/product\/4321","targetHints":{"allow":["GET"]}}],"collection":[{"href":"https:\/\/sxflightcase.com\/hu\/wp-json\/wp\/v2\/product"}],"about":[{"href":"https:\/\/sxflightcase.com\/hu\/wp-json\/wp\/v2\/types\/product"}],"replies":[{"embeddable":true,"href":"https:\/\/sxflightcase.com\/hu\/wp-json\/wp\/v2\/comments?post=4321"}],"version-history":[{"count":0,"href":"https:\/\/sxflightcase.com\/hu\/wp-json\/wp\/v2\/product\/4321\/revisions"}],"wp:featuredmedia":[{"embeddable":true,"href":"https:\/\/sxflightcase.com\/hu\/wp-json\/wp\/v2\/media\/4277"}],"wp:attachment":[{"href":"https:\/\/sxflightcase.com\/hu\/wp-json\/wp\/v2\/media?parent=4321"}],"wp:term":[{"taxonomy":"product_brand","embeddable":true,"href":"https:\/\/sxflightcase.com\/hu\/wp-json\/wp\/v2\/product_brand?post=4321"},{"taxonomy":"product_cat","embeddable":true,"href":"https:\/\/sxflightcase.com\/hu\/wp-json\/wp\/v2\/product_cat?post=4321"},{"taxonomy":"product_tag","embeddable":true,"href":"https:\/\/sxflightcase.com\/hu\/wp-json\/wp\/v2\/product_tag?post=4321"}],"curies":[{"name":"wp","href":"https:\/\/api.w.org\/{rel}","templated":true}]}}