{"id":4332,"date":"2024-09-10T07:18:39","date_gmt":"2024-09-10T06:18:39","guid":{"rendered":"https:\/\/sxpowercase.com\/?post_type=product&#038;p=4332"},"modified":"2024-09-10T07:18:40","modified_gmt":"2024-09-10T06:18:40","slug":"equipment-rack-plate-rab202","status":"publish","type":"product","link":"https:\/\/sxflightcase.com\/hu\/termek\/rab202-felszerelesi-allvanylemez\/","title":{"rendered":"RAB202 felszerel\u00e9si \u00e1llv\u00e1nylemez"},"content":{"rendered":"<h3>Kiv\u00e1l\u00f3 min\u0151s\u00e9g\u0171 SX felszerel\u00e9si \u00e1llv\u00e1nylemez professzion\u00e1lis haszn\u00e1latra<\/h3>\n<p>Megb\u00edzhat\u00f3 <span style=\"color: #3366ff;\"><a style=\"color: #3366ff;\" href=\"https:\/\/sxpowercase.com\/product\/equipment-rack-plate-rab201\/\"><strong>Berendez\u00e9si \u00e1llv\u00e1nylemez<\/strong><\/a><\/span> megfizethet\u0151 \u00e1ron? <strong>SX<\/strong> kiv\u00e1l\u00f3 min\u0151s\u00e9g\u0171 megold\u00e1st k\u00edn\u00e1l, amely tart\u00f3s \u00e9s k\u00f6lts\u00e9ghat\u00e9kony, k\u00f6sz\u00f6nhet\u0151en a gy\u00e1ri k\u00f6zvetlen \u00e1rk\u00e9pz\u00e9snek. Ezek a racklemezek t\u00f6k\u00e9letesen alkalmasak audiovizu\u00e1lis berendez\u00e9sek, szerverek \u00e9s egy\u00e9b professzion\u00e1lis felszerel\u00e9sek r\u00f6gz\u00edt\u00e9s\u00e9re.<\/p>\n<h3>Tart\u00f3s anyagok a hossz\u00fa \u00e9lettartam\u00fa teljes\u00edtm\u00e9ny\u00e9rt<\/h3>\n<p><strong><a href=\"https:\/\/sxpowercase.com\/\" target=\"_blank\" rel=\"noopener\" title=\"SX\" data-wpil-monitor-id=\"735\">SX<\/a> Berendez\u00e9si \u00e1llv\u00e1nylemezek<\/strong> pr\u00e9mium min\u0151s\u00e9g\u0171 anyagokb\u00f3l k\u00e9sz\u00fclnek a hossz\u00fa t\u00e1v\u00fa teljes\u00edtm\u00e9ny biztos\u00edt\u00e1sa \u00e9rdek\u00e9ben. Ezek a szil\u00e1rds\u00e1gra \u00e9s tart\u00f3ss\u00e1gra tervezett lemezek biztos\u00edtj\u00e1k a sz\u00fcks\u00e9ges t\u00e1mogat\u00e1st a berendez\u00e9sek sz\u00e1m\u00e1ra, legyen sz\u00f3 st\u00fadi\u00f3r\u00f3l, adatk\u00f6zpontr\u00f3l vagy irod\u00e1r\u00f3l.<\/p>\n<h3>Egyszer\u0171 telep\u00edt\u00e9s standard illeszt\u00e9ssel<\/h3>\n<p>A <strong>Berendez\u00e9si \u00e1llv\u00e1nylemezek<\/strong> \u00fagy tervezt\u00e9k, hogy k\u00f6nnyen felszerelhet\u0151 legyen. A szabv\u00e1nyos \u00e1llv\u00e1nyokhoz illeszkednek, \u00edgy a fel\u00e1ll\u00edt\u00e1suk gyors \u00e9s probl\u00e9mamentes. Ez\u00e1ltal <strong>SX lemezek<\/strong> t\u00f6k\u00e9letes v\u00e1laszt\u00e1s azon szakemberek sz\u00e1m\u00e1ra, akiknek egyszer\u0171, hat\u00e9kony megold\u00e1sra van sz\u00fcks\u00e9g\u00fck bonyolult \u00f6sszeszerel\u00e9s n\u00e9lk\u00fcl.<\/p>\n<h3>Versenyk\u00e9pes \u00e1rk\u00e9pz\u00e9s kompromisszumok n\u00e9lk\u00fcl<\/h3>\n<p>A  c\u00edmen. <strong>SX<\/strong>, verhetetlen gy\u00e1ri k\u00f6zvetlen \u00e1rakat k\u00edn\u00e1lunk minden <strong>Berendez\u00e9si \u00e1llv\u00e1nylemezek<\/strong>. Ez lehet\u0151v\u00e9 teszi, hogy a pr\u00e9mium m\u00e1rk\u00e1khoz jellemz\u0151en kapcsol\u00f3d\u00f3 magas k\u00f6lts\u00e9gek n\u00e9lk\u00fcl jusson hozz\u00e1 a cs\u00facsmin\u0151s\u00e9g\u0171 term\u00e9kekhez. Hisz\u00fcnk abban, hogy a legjobb \u00e9rt\u00e9ket kell ny\u00fajtanunk a min\u0151s\u00e9g fel\u00e1ldoz\u00e1sa n\u00e9lk\u00fcl.<\/p>\n<h3>Sokoldal\u00fa alkalmaz\u00e1sokhoz tervezve<\/h3>\n<p>Ak\u00e1r szervereket, hangberendez\u00e9seket vagy m\u00e1s eszk\u00f6z\u00f6ket szerel fel, a <strong>SX felszerel\u00e9s \u00e1llv\u00e1nylemez<\/strong> sokoldal\u00fa \u00e9s rugalmas megold\u00e1st k\u00edn\u00e1l. \u00dagy tervezt\u00e9k, hogy a legk\u00fcl\u00f6nf\u00e9l\u00e9bb berendez\u00e9sekhez igazodjon, \u00e9s biztos\u00edtja a professzion\u00e1lis k\u00f6rnyezetben sz\u00fcks\u00e9ges stabilit\u00e1st, biztos\u00edtva a felszerel\u00e9s biztons\u00e1gos elhelyez\u00e9s\u00e9t.<\/p>\n<h3>Szigor\u00fa min\u0151s\u00e9gellen\u0151rz\u00e9s a kiv\u00e1l\u00f3 term\u00e9kek\u00e9rt<\/h3>\n<p>Minden <strong>Berendez\u00e9si \u00e1llv\u00e1nylemez<\/strong> a  c\u00edmr\u0151l <strong>SX<\/strong> szigor\u00fa min\u0151s\u00e9gellen\u0151rz\u00e9snek van al\u00e1vetve. Ez biztos\u00edtja, hogy term\u00e9keink megfelelnek a tart\u00f3ss\u00e1g, szil\u00e1rds\u00e1g \u00e9s teljes\u00edtm\u00e9ny legmagasabb k\u00f6vetelm\u00e9nyeinek. A <strong>SX<\/strong>, b\u00edzhat abban, hogy minden egyes lemez egyenletes megb\u00edzhat\u00f3s\u00e1got ny\u00fajt, f\u00fcggetlen\u00fcl az alkalmaz\u00e1st\u00f3l.<\/p>\n<h3>A szakemberek megb\u00edzhat\u00f3s\u00e1ga miatt b\u00edznak benne<\/h3>\n<p>A <strong>SX felszerel\u00e9s \u00e1llv\u00e1nylemez<\/strong> a megb\u00edzhat\u00f3, k\u00f6nnyen haszn\u00e1lhat\u00f3 megold\u00e1st keres\u0151 szakemberek sz\u00e1m\u00e1ra a legjobb v\u00e1laszt\u00e1s. A k\u00fcl\u00f6nb\u00f6z\u0151 be\u00e1ll\u00edt\u00e1sokhoz tervezett lemez ide\u00e1lis v\u00e1laszt\u00e1s mindazok sz\u00e1m\u00e1ra, akik biztons\u00e1gos r\u00f6gz\u00edt\u00e9si lehet\u0151s\u00e9geket keresnek versenyk\u00e9pes \u00e1ron.<\/p>\n<p>A kiv\u00e1l\u00f3 min\u0151s\u00e9g\u0171, megfizethet\u0151 <strong>Berendez\u00e9si \u00e1llv\u00e1nylemezek<\/strong>, bizalom <strong>SX<\/strong> hogy minden alkalommal teljes\u00edtsen.<\/p>\n<ol>\n<li>Kapcsolatfelv\u00e9tel most:<span style=\"color: #0000ff;\"><a style=\"color: #0000ff;\" href=\"https:\/\/sxpowercase.com\/contact-us\/\">https:\/\/sxpowercase.com\/<\/a><\/span><\/li>\n<li>Hardver term\u00e9kkatal\u00f3gus\uff1a<span style=\"color: #0000ff;\"><a style=\"color: #0000ff;\" href=\"https:\/\/sxpowercase.com\/wp-content\/uploads\/2024\/07\/\u4e94\u91d1.pdf\">Hardver tartoz\u00e9kok katal\u00f3gusa<\/a><\/span><\/li>\n<\/ol>","protected":false},"excerpt":{"rendered":"<h3>SX felszerel\u00e9si \u00e1llv\u00e1nylemez: Megb\u00edzhat\u00f3 \u00e9s megfizethet\u0151<\/h3>\n<p>Az SX tart\u00f3s felszerel\u00e9si \u00e1llv\u00e1nylemezeket k\u00edn\u00e1l gy\u00e1ri k\u00f6zvetlen \u00e1rakon, biztos\u00edtva a min\u0151s\u00e9get \u00e9s a megfizethet\u0151s\u00e9get a professzion\u00e1lis be\u00e1ll\u00edt\u00e1shoz.<\/p>\n<h3>Er\u0151re \u00e9s hossz\u00fa \u00e9lettartamra tervezve<\/h3>\n<p>A kiv\u00e1l\u00f3 min\u0151s\u00e9g\u0171 anyagokb\u00f3l k\u00e9sz\u00fclt SX Equipment Rack lemezeket \u00fagy tervezt\u00e9k, hogy ellen\u00e1lljanak az ig\u00e9nyes k\u00f6rnyezetnek, \u00e9s hossz\u00fa t\u00e1v\u00fa teljes\u00edtm\u00e9nyt ny\u00fajtsanak.<\/p>\n<h3>Egyszer\u0171 telep\u00edt\u00e9s a rugalmas haszn\u00e1lathoz<\/h3>\n<p>A prec\u00edzi\u00f3s illeszked\u00e9s \u00e9s a szabv\u00e1nyos \u00e1llv\u00e1nyokkal val\u00f3 kompatibilit\u00e1s r\u00e9v\u00e9n az SX Equipment Rack lemezek gyors \u00e9s probl\u00e9mamentes telep\u00edt\u00e9st biztos\u00edtanak b\u00e1rmilyen be\u00e1ll\u00edt\u00e1shoz.<\/p>","protected":false},"featured_media":4279,"comment_status":"open","ping_status":"closed","template":"","meta":[],"product_brand":[],"product_cat":[66],"product_tag":[],"class_list":{"0":"post-4332","1":"product","2":"type-product","3":"status-publish","4":"has-post-thumbnail","6":"product_cat-rack-hardware","8":"first","9":"instock","10":"shipping-taxable","11":"product-type-simple"},"yoast_head":"<!-- This site is optimized with the Yoast SEO Premium plugin v27.1 (Yoast SEO v27.2) - https:\/\/yoast.com\/product\/yoast-seo-premium-wordpress\/ -->\n<title>Equipment Rack Plate RAB202 - https:\/\/sxflightcase.com \ud83d\udc97<\/title>\n<meta name=\"description\" content=\"Equipment rack plate, factory direct! High-quality, durable plates designed for securely mounting equipment in racks. Ideal for professional setups, providing stability and organization for your gear.\" \/>\n<meta name=\"robots\" content=\"index, follow, max-snippet:-1, max-image-preview:large, max-video-preview:-1\" \/>\n<link rel=\"canonical\" href=\"https:\/\/sxflightcase.com\/hu\/termek\/rab202-felszerelesi-allvanylemez\/\" \/>\n<meta property=\"og:locale\" content=\"hu_HU\" \/>\n<meta property=\"og:type\" content=\"article\" \/>\n<meta property=\"og:title\" content=\"Equipment Rack Plate RAB202\" \/>\n<meta property=\"og:description\" content=\"Equipment rack plate, factory direct! High-quality, durable plates designed for securely mounting equipment in racks. Ideal for professional setups, providing stability and organization for your gear.\" \/>\n<meta property=\"og:url\" content=\"https:\/\/sxflightcase.com\/hu\/termek\/rab202-felszerelesi-allvanylemez\/\" \/>\n<meta property=\"og:site_name\" content=\"https:\/\/sxflightcase.com\" \/>\n<meta property=\"article:publisher\" content=\"https:\/\/www.facebook.com\/profile.php?id=61560407257971\" \/>\n<meta property=\"article:modified_time\" content=\"2024-09-10T06:18:40+00:00\" \/>\n<meta property=\"og:image\" content=\"https:\/\/sxflightcase.com\/wp-content\/uploads\/2024\/09\/RAB202.jpg\" \/>\n\t<meta property=\"og:image:width\" content=\"700\" \/>\n\t<meta property=\"og:image:height\" content=\"700\" \/>\n\t<meta property=\"og:image:type\" content=\"image\/jpeg\" \/>\n<meta name=\"twitter:card\" content=\"summary_large_image\" \/>\n<meta name=\"twitter:label1\" content=\"Becs\u00fclt olvas\u00e1si id\u0151\" \/>\n\t<meta name=\"twitter:data1\" content=\"2 perc\" \/>\n<script type=\"application\/ld+json\" class=\"yoast-schema-graph\">{\"@context\":\"https:\/\/schema.org\",\"@graph\":[{\"@type\":\"WebPage\",\"@id\":\"https:\/\/sxflightcase.com\/product\/equipment-rack-plate-rab202\/\",\"url\":\"https:\/\/sxflightcase.com\/product\/equipment-rack-plate-rab202\/\",\"name\":\"Equipment Rack Plate RAB202 - https:\/\/sxflightcase.com \ud83d\udc97\",\"isPartOf\":{\"@id\":\"https:\/\/sxflightcase.com\/th\/#website\"},\"primaryImageOfPage\":{\"@id\":\"https:\/\/sxflightcase.com\/product\/equipment-rack-plate-rab202\/#primaryimage\"},\"image\":{\"@id\":\"https:\/\/sxflightcase.com\/product\/equipment-rack-plate-rab202\/#primaryimage\"},\"thumbnailUrl\":\"https:\/\/sxflightcase.com\/wp-content\/uploads\/2024\/09\/RAB202.jpg\",\"datePublished\":\"2024-09-10T06:18:39+00:00\",\"dateModified\":\"2024-09-10T06:18:40+00:00\",\"description\":\"Equipment rack plate, factory direct! High-quality, durable plates designed for securely mounting equipment in racks. Ideal for professional setups, providing stability and organization for your gear.\",\"breadcrumb\":{\"@id\":\"https:\/\/sxflightcase.com\/product\/equipment-rack-plate-rab202\/#breadcrumb\"},\"inLanguage\":\"hu\",\"potentialAction\":[{\"@type\":\"ReadAction\",\"target\":[\"https:\/\/sxflightcase.com\/product\/equipment-rack-plate-rab202\/\"]}]},{\"@type\":\"ImageObject\",\"inLanguage\":\"hu\",\"@id\":\"https:\/\/sxflightcase.com\/product\/equipment-rack-plate-rab202\/#primaryimage\",\"url\":\"https:\/\/sxflightcase.com\/wp-content\/uploads\/2024\/09\/RAB202.jpg\",\"contentUrl\":\"https:\/\/sxflightcase.com\/wp-content\/uploads\/2024\/09\/RAB202.jpg\",\"width\":700,\"height\":700,\"caption\":\"Equipment Rack Plate\"},{\"@type\":\"BreadcrumbList\",\"@id\":\"https:\/\/sxflightcase.com\/product\/equipment-rack-plate-rab202\/#breadcrumb\",\"itemListElement\":[{\"@type\":\"ListItem\",\"position\":1,\"name\":\"Home\",\"item\":\"https:\/\/sxflightcase.com\/\"},{\"@type\":\"ListItem\",\"position\":2,\"name\":\"\u0e2a\u0e34\u0e19\u0e04\u0e49\u0e32\",\"item\":\"https:\/\/sxflightcase.com\/th\/shop\/\"},{\"@type\":\"ListItem\",\"position\":3,\"name\":\"Equipment Rack Plate RAB202\"}]},{\"@type\":\"WebSite\",\"@id\":\"https:\/\/sxflightcase.com\/th\/#website\",\"url\":\"https:\/\/sxflightcase.com\/th\/\",\"name\":\"sxpowercase.com\",\"description\":\"Flight Case Factory\",\"publisher\":{\"@id\":\"https:\/\/sxflightcase.com\/th\/#organization\"},\"potentialAction\":[{\"@type\":\"SearchAction\",\"target\":{\"@type\":\"EntryPoint\",\"urlTemplate\":\"https:\/\/sxflightcase.com\/th\/?s={search_term_string}\"},\"query-input\":{\"@type\":\"PropertyValueSpecification\",\"valueRequired\":true,\"valueName\":\"search_term_string\"}}],\"inLanguage\":\"hu\"},{\"@type\":\"Organization\",\"@id\":\"https:\/\/sxflightcase.com\/th\/#organization\",\"name\":\"sxpowercase.com\",\"url\":\"https:\/\/sxflightcase.com\/th\/\",\"logo\":{\"@type\":\"ImageObject\",\"inLanguage\":\"hu\",\"@id\":\"https:\/\/sxflightcase.com\/th\/#\/schema\/logo\/image\/\",\"url\":\"https:\/\/sxflightcase.com\/wp-content\/uploads\/2024\/04\/1713919036007.jpg\",\"contentUrl\":\"https:\/\/sxflightcase.com\/wp-content\/uploads\/2024\/04\/1713919036007.jpg\",\"width\":382,\"height\":388,\"caption\":\"sxpowercase.com\"},\"image\":{\"@id\":\"https:\/\/sxflightcase.com\/th\/#\/schema\/logo\/image\/\"},\"sameAs\":[\"https:\/\/www.facebook.com\/profile.php?id=61560407257971\"],\"numberOfEmployees\":{\"@type\":\"QuantitativeValue\",\"minValue\":\"11\",\"maxValue\":\"50\"}}]}<\/script>\n<!-- \/ Yoast SEO Premium plugin. -->","yoast_head_json":{"title":"Equipment Rack Plate RAB202 - https:\/\/sxflightcase.com \ud83d\udc97","description":"Berendez\u00e9si \u00e1llv\u00e1nylemez, gy\u00e1ri k\u00f6zvetlen! Kiv\u00e1l\u00f3 min\u0151s\u00e9g\u0171, tart\u00f3s lemezek, amelyeket a berendez\u00e9sek biztons\u00e1gos rackbe t\u00f6rt\u00e9n\u0151 r\u00f6gz\u00edt\u00e9s\u00e9re terveztek. Ide\u00e1lis professzion\u00e1lis be\u00e1ll\u00edt\u00e1sokhoz, stabilit\u00e1st \u00e9s szervezetts\u00e9get biztos\u00edtva felszerel\u00e9s\u00e9nek.","robots":{"index":"index","follow":"follow","max-snippet":"max-snippet:-1","max-image-preview":"max-image-preview:large","max-video-preview":"max-video-preview:-1"},"canonical":"https:\/\/sxflightcase.com\/hu\/termek\/rab202-felszerelesi-allvanylemez\/","og_locale":"hu_HU","og_type":"article","og_title":"Equipment Rack Plate RAB202","og_description":"Equipment rack plate, factory direct! High-quality, durable plates designed for securely mounting equipment in racks. Ideal for professional setups, providing stability and organization for your gear.","og_url":"https:\/\/sxflightcase.com\/hu\/termek\/rab202-felszerelesi-allvanylemez\/","og_site_name":"https:\/\/sxflightcase.com","article_publisher":"https:\/\/www.facebook.com\/profile.php?id=61560407257971","article_modified_time":"2024-09-10T06:18:40+00:00","og_image":[{"width":700,"height":700,"url":"https:\/\/sxflightcase.com\/wp-content\/uploads\/2024\/09\/RAB202.jpg","type":"image\/jpeg"}],"twitter_card":"summary_large_image","twitter_misc":{"Becs\u00fclt olvas\u00e1si id\u0151":"2 perc"},"schema":{"@context":"https:\/\/schema.org","@graph":[{"@type":"WebPage","@id":"https:\/\/sxflightcase.com\/product\/equipment-rack-plate-rab202\/","url":"https:\/\/sxflightcase.com\/product\/equipment-rack-plate-rab202\/","name":"Equipment Rack Plate RAB202 - https:\/\/sxflightcase.com \ud83d\udc97","isPartOf":{"@id":"https:\/\/sxflightcase.com\/th\/#website"},"primaryImageOfPage":{"@id":"https:\/\/sxflightcase.com\/product\/equipment-rack-plate-rab202\/#primaryimage"},"image":{"@id":"https:\/\/sxflightcase.com\/product\/equipment-rack-plate-rab202\/#primaryimage"},"thumbnailUrl":"https:\/\/sxflightcase.com\/wp-content\/uploads\/2024\/09\/RAB202.jpg","datePublished":"2024-09-10T06:18:39+00:00","dateModified":"2024-09-10T06:18:40+00:00","description":"Berendez\u00e9si \u00e1llv\u00e1nylemez, gy\u00e1ri k\u00f6zvetlen! Kiv\u00e1l\u00f3 min\u0151s\u00e9g\u0171, tart\u00f3s lemezek, amelyeket a berendez\u00e9sek biztons\u00e1gos rackbe t\u00f6rt\u00e9n\u0151 r\u00f6gz\u00edt\u00e9s\u00e9re terveztek. Ide\u00e1lis professzion\u00e1lis be\u00e1ll\u00edt\u00e1sokhoz, stabilit\u00e1st \u00e9s szervezetts\u00e9get biztos\u00edtva felszerel\u00e9s\u00e9nek.","breadcrumb":{"@id":"https:\/\/sxflightcase.com\/product\/equipment-rack-plate-rab202\/#breadcrumb"},"inLanguage":"hu","potentialAction":[{"@type":"ReadAction","target":["https:\/\/sxflightcase.com\/product\/equipment-rack-plate-rab202\/"]}]},{"@type":"ImageObject","inLanguage":"hu","@id":"https:\/\/sxflightcase.com\/product\/equipment-rack-plate-rab202\/#primaryimage","url":"https:\/\/sxflightcase.com\/wp-content\/uploads\/2024\/09\/RAB202.jpg","contentUrl":"https:\/\/sxflightcase.com\/wp-content\/uploads\/2024\/09\/RAB202.jpg","width":700,"height":700,"caption":"Equipment Rack Plate"},{"@type":"BreadcrumbList","@id":"https:\/\/sxflightcase.com\/product\/equipment-rack-plate-rab202\/#breadcrumb","itemListElement":[{"@type":"ListItem","position":1,"name":"Home","item":"https:\/\/sxflightcase.com\/"},{"@type":"ListItem","position":2,"name":"\u0e2a\u0e34\u0e19\u0e04\u0e49\u0e32","item":"https:\/\/sxflightcase.com\/th\/shop\/"},{"@type":"ListItem","position":3,"name":"Equipment Rack Plate RAB202"}]},{"@type":"WebSite","@id":"https:\/\/sxflightcase.com\/th\/#website","url":"https:\/\/sxflightcase.com\/th\/","name":"sxpowercase.com","description":"Flight Case Factory","publisher":{"@id":"https:\/\/sxflightcase.com\/th\/#organization"},"potentialAction":[{"@type":"SearchAction","target":{"@type":"EntryPoint","urlTemplate":"https:\/\/sxflightcase.com\/th\/?s={search_term_string}"},"query-input":{"@type":"PropertyValueSpecification","valueRequired":true,"valueName":"search_term_string"}}],"inLanguage":"hu"},{"@type":"Organization","@id":"https:\/\/sxflightcase.com\/th\/#organization","name":"sxpowercase.com","url":"https:\/\/sxflightcase.com\/th\/","logo":{"@type":"ImageObject","inLanguage":"hu","@id":"https:\/\/sxflightcase.com\/th\/#\/schema\/logo\/image\/","url":"https:\/\/sxflightcase.com\/wp-content\/uploads\/2024\/04\/1713919036007.jpg","contentUrl":"https:\/\/sxflightcase.com\/wp-content\/uploads\/2024\/04\/1713919036007.jpg","width":382,"height":388,"caption":"sxpowercase.com"},"image":{"@id":"https:\/\/sxflightcase.com\/th\/#\/schema\/logo\/image\/"},"sameAs":["https:\/\/www.facebook.com\/profile.php?id=61560407257971"],"numberOfEmployees":{"@type":"QuantitativeValue","minValue":"11","maxValue":"50"}}]}},"_links":{"self":[{"href":"https:\/\/sxflightcase.com\/hu\/wp-json\/wp\/v2\/product\/4332","targetHints":{"allow":["GET"]}}],"collection":[{"href":"https:\/\/sxflightcase.com\/hu\/wp-json\/wp\/v2\/product"}],"about":[{"href":"https:\/\/sxflightcase.com\/hu\/wp-json\/wp\/v2\/types\/product"}],"replies":[{"embeddable":true,"href":"https:\/\/sxflightcase.com\/hu\/wp-json\/wp\/v2\/comments?post=4332"}],"version-history":[{"count":0,"href":"https:\/\/sxflightcase.com\/hu\/wp-json\/wp\/v2\/product\/4332\/revisions"}],"wp:featuredmedia":[{"embeddable":true,"href":"https:\/\/sxflightcase.com\/hu\/wp-json\/wp\/v2\/media\/4279"}],"wp:attachment":[{"href":"https:\/\/sxflightcase.com\/hu\/wp-json\/wp\/v2\/media?parent=4332"}],"wp:term":[{"taxonomy":"product_brand","embeddable":true,"href":"https:\/\/sxflightcase.com\/hu\/wp-json\/wp\/v2\/product_brand?post=4332"},{"taxonomy":"product_cat","embeddable":true,"href":"https:\/\/sxflightcase.com\/hu\/wp-json\/wp\/v2\/product_cat?post=4332"},{"taxonomy":"product_tag","embeddable":true,"href":"https:\/\/sxflightcase.com\/hu\/wp-json\/wp\/v2\/product_tag?post=4332"}],"curies":[{"name":"wp","href":"https:\/\/api.w.org\/{rel}","templated":true}]}}