{"id":4334,"date":"2024-09-10T07:25:20","date_gmt":"2024-09-10T06:25:20","guid":{"rendered":"https:\/\/sxpowercase.com\/?post_type=product&#038;p=4334"},"modified":"2024-09-10T07:25:21","modified_gmt":"2024-09-10T06:25:21","slug":"rack-panel-rab203","status":"publish","type":"product","link":"https:\/\/sxflightcase.com\/hu\/termek\/rack-panel-rab203\/","title":{"rendered":"Rack panel RAB203"},"content":{"rendered":"<h3>Pr\u00e9mium Rack Panelek az SX-t\u0151l minden ig\u00e9nyt kiel\u00e9g\u00edt\u0151en<\/h3>\n<p>Megb\u00edzhat\u00f3 <span style=\"color: #0000ff;\"><a style=\"color: #0000ff;\" href=\"https:\/\/sxpowercase.com\/product\/equipment-rack-plate-rab202\/\"><strong>Rack panel<\/strong><\/a><\/span> megfizethet\u0151 \u00e1ron? <strong>SX<\/strong> kiv\u00e1l\u00f3 min\u0151s\u00e9g\u0171 megold\u00e1sokat k\u00edn\u00e1l egyenesen a gy\u00e1rb\u00f3l. A <strong>Rack panelek<\/strong> az \u00d6n ig\u00e9nyeinek megfelel\u0151en tervezt\u00e9k, ak\u00e1r \u00faj rendszert \u00e1ll\u00edt fel, ak\u00e1r a jelenlegi rendszer\u00e9t friss\u00edti.<\/p>\n<h3>Kiv\u00e1l\u00f3 min\u0151s\u00e9g\u0171 anyagok a maxim\u00e1lis tart\u00f3ss\u00e1g\u00e9rt<\/h3>\n<p>A <strong>Rack panelek<\/strong> kiv\u00e1l\u00f3 min\u0151s\u00e9g\u0171 anyagokb\u00f3l k\u00e9sz\u00fclnek a tart\u00f3ss\u00e1g \u00e9s szil\u00e1rds\u00e1g biztos\u00edt\u00e1sa \u00e9rdek\u00e9ben. A <strong><a href=\"https:\/\/sxpowercase.com\/\" target=\"_blank\" rel=\"noopener\" title=\"SX\" data-wpil-monitor-id=\"736\">SX<\/a><\/strong> term\u00e9kekkel olyan panelt kap, amely nemcsak j\u00f3l n\u00e9z ki, hanem a professzion\u00e1lis k\u00f6rnyezet k\u00f6vetelm\u00e9nyeinek is megfelel. A min\u0151s\u00e9g garant\u00e1lt, \u00e9s a gy\u00e1ri k\u00f6zvetlen \u00e1rk\u00e9pz\u00e9s\u00fcnk azt jelenti, hogy nem kell a bankot megt\u00f6rnie.<\/p>\n<h3>Egyszer\u0171 telep\u00edt\u00e9s \u00e9s sokoldal\u00fas\u00e1g<\/h3>\n<p>A <strong>SX Rack panel<\/strong> \u00fagy tervezt\u00e9k, hogy k\u00f6nnyen telep\u00edthet\u0151 \u00e9s sokoldal\u00faan haszn\u00e1lhat\u00f3 legyen. Ak\u00e1r szervereket, audioberendez\u00e9seket vagy m\u00e1s hardvereket szerel fel, paneleink z\u00f6kken\u0151mentesen illeszkednek a szabv\u00e1nyos rackekbe, \u00edgy a telep\u00edt\u00e9s gyors \u00e9s egyszer\u0171. Ez minden alkalommal gondtalan \u00e9lm\u00e9nyt \u00e9s professzion\u00e1lis kivitelez\u00e9st biztos\u00edt.<\/p>\n<h3>Gy\u00e1ri k\u00f6zvetlen \u00e1rk\u00e9pz\u00e9s a nagyszer\u0171 \u00e9rt\u00e9k\u00e9rt<\/h3>\n<p>A  c\u00edmen. <strong>SX<\/strong>, k\u00edn\u00e1ljuk a mi <strong>Rack panelek<\/strong> k\u00f6zvetlen\u00fcl a gy\u00e1rb\u00f3l, ami azt jelenti, hogy alacsonyabb \u00e1rakat \u00e9lvezhet, an\u00e9lk\u00fcl, hogy a min\u0151s\u00e9gben kompromisszumot kellene k\u00f6tnie. K\u00f6zvetlen\u00fcl az \u00fcgyfeleknek sz\u00f3l\u00f3 megk\u00f6zel\u00edt\u00e9s\u00fcnk biztos\u00edtja, hogy kiv\u00e9teles \u00e9rt\u00e9ket kapjon, \u00e9s \u00edgy a k\u00f6lts\u00e9gek t\u00f6red\u00e9k\u00e9\u00e9rt felszerelheti \u00e1llv\u00e1ny\u00e1t pr\u00e9mium min\u0151s\u00e9g\u0171 panelekkel.<\/p>\n<h3>Sokoldal\u00fa alkalmaz\u00e1sok k\u00fcl\u00f6nb\u00f6z\u0151 ig\u00e9nyekhez<\/h3>\n<p>A <strong>SX Rack panel<\/strong> t\u00f6k\u00e9letes a szerver\u00e1llv\u00e1nyokt\u00f3l az AV-berendez\u00e9sekig sz\u00e1mos alkalmaz\u00e1shoz. Kialak\u00edt\u00e1sa alkalmazkodik a k\u00fcl\u00f6nb\u00f6z\u0151 szerel\u00e9si ig\u00e9nyekhez, \u00edgy sokoldal\u00fa v\u00e1laszt\u00e1s b\u00e1rmilyen professzion\u00e1lis vagy ipari berendez\u00e9shez. Ez a rugalmass\u00e1g teszi paneljeinket okos befektet\u00e9ss\u00e9 b\u00e1rmely berendez\u00e9sszervez\u00e9s sz\u00e1m\u00e1ra.<\/p>\n<h3>Szigor\u00fa min\u0151s\u00e9gbiztos\u00edt\u00e1s a nyugalom\u00e9rt<\/h3>\n<p>Minden <strong>Rack panel<\/strong> a  c\u00edmr\u0151l <strong>SX<\/strong> alapos min\u0151s\u00e9gellen\u0151rz\u00e9sen megy kereszt\u00fcl, hogy megfeleljen a magas szint\u0171 elv\u00e1r\u00e1sainknak. B\u00fcszk\u00e9k vagyunk arra, hogy olyan term\u00e9keket sz\u00e1ll\u00edtunk, amelyek megb\u00edzhat\u00f3s\u00e1got \u00e9s hossz\u00fa \u00e9lettartamot biztos\u00edtanak. Amikor \u00d6n a <strong>SX<\/strong>, \u00d6n a nyugalmat v\u00e1lasztja, tudva, hogy felszerel\u00e9se biztons\u00e1gosan van felszerelve.<\/p>\n<h3>Ipari szakemberek bizalma<\/h3>\n<p>A <strong>Rack panelek<\/strong> megb\u00edzhat\u00f3s\u00e1guk \u00e9s teljes\u00edtm\u00e9ny\u00fck miatt az ipar\u00e1gi szakemberek megb\u00edznak benn\u00fck. <strong>SX<\/strong> h\u00edrnevet szerzett a nyom\u00e1s alatt is kiv\u00e1l\u00f3an teljes\u00edt\u0151 min\u0151s\u00e9gi term\u00e9kekr\u0151l. Ak\u00e1r egy st\u00fadi\u00f3t, ak\u00e1r egy adatk\u00f6zpontot szerel fel, paneleink megb\u00edzhat\u00f3 megold\u00e1st k\u00edn\u00e1lnak.<\/p>\n<p>A pr\u00e9mium <strong>Rack panelek<\/strong> amelyek \u00f6tv\u00f6zik a min\u0151s\u00e9get, a megfizethet\u0151s\u00e9get \u00e9s a k\u00f6nny\u0171 haszn\u00e1latot, ne keressen tov\u00e1bb, mint a <strong>SX<\/strong>. Gy\u00e1ri k\u00f6zvetlen megk\u00f6zel\u00edt\u00e9s\u00fcnk biztos\u00edtja, hogy a legjobb term\u00e9ket kapja a legjobb \u00e1ron. V\u00e1lassza a  weboldalt. <strong>SX<\/strong> minden \u00e1llv\u00e1nyra szerel\u00e9si ig\u00e9nye eset\u00e9n.<\/p>\n<ol>\n<li>Kapcsolatfelv\u00e9tel most:<span style=\"color: #0000ff;\"><a style=\"color: #0000ff;\" href=\"https:\/\/sxpowercase.com\/contact-us\/\">https:\/\/sxpowercase.com\/<\/a><\/span><\/li>\n<li>Hardver term\u00e9kkatal\u00f3gus\uff1a<span style=\"color: #0000ff;\"><a style=\"color: #0000ff;\" href=\"https:\/\/sxpowercase.com\/wp-content\/uploads\/2024\/07\/\u4e94\u91d1.pdf\">Hardver tartoz\u00e9kok katal\u00f3gusa<\/a><\/span><\/li>\n<\/ol>","protected":false},"excerpt":{"rendered":"<div class=\"flex-shrink-0 flex flex-col relative items-end\">\n<div>\n<div class=\"pt-0\">\n<div class=\"gizmo-bot-avatar flex h-8 w-8 items-center justify-center overflow-hidden rounded-full\">\n<div class=\"relative p-1 rounded-sm flex items-center justify-center bg-token-main-surface-primary text-token-text-primary h-8 w-8\"><\/div>\n<\/div>\n<\/div>\n<\/div>\n<\/div>\n<div class=\"group\/conversation-turn relative flex w-full min-w-0 flex-col agent-turn\">\n<div class=\"flex-col gap-1 md:gap-3\">\n<div class=\"flex max-w-full flex-col flex-grow\">\n<div class=\"min-h-[20px] text-message flex w-full flex-col items-end gap-2 whitespace-normal break-words [.text-message+&amp;]:mt-5\" dir=\"auto\" data-message-author-role=\"assistant\" data-message-id=\"f77ba064-ccd1-4820-b71e-f917db2e329b\">\n<div class=\"flex w-full flex-col gap-1 empty:hidden first:pt-[3px]\">\n<div class=\"markdown prose w-full break-words dark:prose-invert light\">\n<h3>Premium SX Rack Panels: Affordable Excellence<\/h3>\n<p>SX delivers high-quality Rack Panels straight from the factory, offering both durability and affordability for your setup.<\/p>\n<h3>Durable Materials for Professional Use<\/h3>\n<p>Crafted from high-grade materials, SX Rack Panels provide long-lasting strength and reliability, perfect for demanding environments.<\/p>\n<h3>Easy Installation and Versatile Applications<\/h3>\n<p>Designed for quick setup and compatibility with standard racks, SX Rack Panels are versatile for various mounting needs, ensuring a seamless and professional finish.<\/p>\n<\/div>\n<\/div>\n<\/div>\n<\/div>\n<\/div>\n<\/div>\n","protected":false},"featured_media":4280,"comment_status":"open","ping_status":"closed","template":"","meta":[],"product_brand":[],"product_cat":[66],"product_tag":[],"class_list":{"0":"post-4334","1":"product","2":"type-product","3":"status-publish","4":"has-post-thumbnail","6":"product_cat-rack-hardware","8":"first","9":"instock","10":"shipping-taxable","11":"product-type-simple"},"yoast_head":"<!-- This site is optimized with the Yoast SEO Premium plugin v27.1 (Yoast SEO v27.2) - https:\/\/yoast.com\/product\/yoast-seo-premium-wordpress\/ -->\n<title>Rack Panel RAB203 - https:\/\/sxflightcase.com \ud83d\udc97<\/title>\n<meta name=\"description\" content=\"Rack panel, factory direct! High-quality, durable panels designed for mounting and organizing equipment in racks. Ideal for professional and industrial setups, ensuring secure and efficient use.\" \/>\n<meta name=\"robots\" content=\"index, follow, max-snippet:-1, max-image-preview:large, max-video-preview:-1\" \/>\n<link rel=\"canonical\" href=\"https:\/\/sxflightcase.com\/hu\/termek\/rack-panel-rab203\/\" \/>\n<meta property=\"og:locale\" content=\"hu_HU\" \/>\n<meta property=\"og:type\" content=\"article\" \/>\n<meta property=\"og:title\" content=\"Rack Panel RAB203\" \/>\n<meta property=\"og:description\" content=\"Rack panel, factory direct! High-quality, durable panels designed for mounting and organizing equipment in racks. Ideal for professional and industrial setups, ensuring secure and efficient use.\" \/>\n<meta property=\"og:url\" content=\"https:\/\/sxflightcase.com\/hu\/termek\/rack-panel-rab203\/\" \/>\n<meta property=\"og:site_name\" content=\"https:\/\/sxflightcase.com\" \/>\n<meta property=\"article:publisher\" content=\"https:\/\/www.facebook.com\/profile.php?id=61560407257971\" \/>\n<meta property=\"article:modified_time\" content=\"2024-09-10T06:25:21+00:00\" \/>\n<meta property=\"og:image\" content=\"https:\/\/sxflightcase.com\/wp-content\/uploads\/2024\/09\/RAB203.jpg\" \/>\n\t<meta property=\"og:image:width\" content=\"700\" \/>\n\t<meta property=\"og:image:height\" content=\"700\" \/>\n\t<meta property=\"og:image:type\" content=\"image\/jpeg\" \/>\n<meta name=\"twitter:card\" content=\"summary_large_image\" \/>\n<meta name=\"twitter:label1\" content=\"Becs\u00fclt olvas\u00e1si id\u0151\" \/>\n\t<meta name=\"twitter:data1\" content=\"3 perc\" \/>\n<script type=\"application\/ld+json\" class=\"yoast-schema-graph\">{\"@context\":\"https:\/\/schema.org\",\"@graph\":[{\"@type\":\"WebPage\",\"@id\":\"https:\/\/sxflightcase.com\/product\/rack-panel-rab203\/\",\"url\":\"https:\/\/sxflightcase.com\/product\/rack-panel-rab203\/\",\"name\":\"Rack Panel RAB203 - https:\/\/sxflightcase.com \ud83d\udc97\",\"isPartOf\":{\"@id\":\"https:\/\/sxflightcase.com\/th\/#website\"},\"primaryImageOfPage\":{\"@id\":\"https:\/\/sxflightcase.com\/product\/rack-panel-rab203\/#primaryimage\"},\"image\":{\"@id\":\"https:\/\/sxflightcase.com\/product\/rack-panel-rab203\/#primaryimage\"},\"thumbnailUrl\":\"https:\/\/sxflightcase.com\/wp-content\/uploads\/2024\/09\/RAB203.jpg\",\"datePublished\":\"2024-09-10T06:25:20+00:00\",\"dateModified\":\"2024-09-10T06:25:21+00:00\",\"description\":\"Rack panel, factory direct! High-quality, durable panels designed for mounting and organizing equipment in racks. Ideal for professional and industrial setups, ensuring secure and efficient use.\",\"breadcrumb\":{\"@id\":\"https:\/\/sxflightcase.com\/product\/rack-panel-rab203\/#breadcrumb\"},\"inLanguage\":\"hu\",\"potentialAction\":[{\"@type\":\"ReadAction\",\"target\":[\"https:\/\/sxflightcase.com\/product\/rack-panel-rab203\/\"]}]},{\"@type\":\"ImageObject\",\"inLanguage\":\"hu\",\"@id\":\"https:\/\/sxflightcase.com\/product\/rack-panel-rab203\/#primaryimage\",\"url\":\"https:\/\/sxflightcase.com\/wp-content\/uploads\/2024\/09\/RAB203.jpg\",\"contentUrl\":\"https:\/\/sxflightcase.com\/wp-content\/uploads\/2024\/09\/RAB203.jpg\",\"width\":700,\"height\":700,\"caption\":\"Rack Panel\"},{\"@type\":\"BreadcrumbList\",\"@id\":\"https:\/\/sxflightcase.com\/product\/rack-panel-rab203\/#breadcrumb\",\"itemListElement\":[{\"@type\":\"ListItem\",\"position\":1,\"name\":\"Home\",\"item\":\"https:\/\/sxflightcase.com\/\"},{\"@type\":\"ListItem\",\"position\":2,\"name\":\"\u0e2a\u0e34\u0e19\u0e04\u0e49\u0e32\",\"item\":\"https:\/\/sxflightcase.com\/th\/shop\/\"},{\"@type\":\"ListItem\",\"position\":3,\"name\":\"Rack Panel RAB203\"}]},{\"@type\":\"WebSite\",\"@id\":\"https:\/\/sxflightcase.com\/th\/#website\",\"url\":\"https:\/\/sxflightcase.com\/th\/\",\"name\":\"sxpowercase.com\",\"description\":\"Flight Case Factory\",\"publisher\":{\"@id\":\"https:\/\/sxflightcase.com\/th\/#organization\"},\"potentialAction\":[{\"@type\":\"SearchAction\",\"target\":{\"@type\":\"EntryPoint\",\"urlTemplate\":\"https:\/\/sxflightcase.com\/th\/?s={search_term_string}\"},\"query-input\":{\"@type\":\"PropertyValueSpecification\",\"valueRequired\":true,\"valueName\":\"search_term_string\"}}],\"inLanguage\":\"hu\"},{\"@type\":\"Organization\",\"@id\":\"https:\/\/sxflightcase.com\/th\/#organization\",\"name\":\"sxpowercase.com\",\"url\":\"https:\/\/sxflightcase.com\/th\/\",\"logo\":{\"@type\":\"ImageObject\",\"inLanguage\":\"hu\",\"@id\":\"https:\/\/sxflightcase.com\/th\/#\/schema\/logo\/image\/\",\"url\":\"https:\/\/sxflightcase.com\/wp-content\/uploads\/2024\/04\/1713919036007.jpg\",\"contentUrl\":\"https:\/\/sxflightcase.com\/wp-content\/uploads\/2024\/04\/1713919036007.jpg\",\"width\":382,\"height\":388,\"caption\":\"sxpowercase.com\"},\"image\":{\"@id\":\"https:\/\/sxflightcase.com\/th\/#\/schema\/logo\/image\/\"},\"sameAs\":[\"https:\/\/www.facebook.com\/profile.php?id=61560407257971\"],\"numberOfEmployees\":{\"@type\":\"QuantitativeValue\",\"minValue\":\"11\",\"maxValue\":\"50\"}}]}<\/script>\n<!-- \/ Yoast SEO Premium plugin. -->","yoast_head_json":{"title":"Rack Panel RAB203 - https:\/\/sxflightcase.com \ud83d\udc97","description":"Rack panel, gy\u00e1ri k\u00f6zvetlen! Kiv\u00e1l\u00f3 min\u0151s\u00e9g\u0171, tart\u00f3s panelek, amelyeket a berendez\u00e9sek \u00e1llv\u00e1nyokba t\u00f6rt\u00e9n\u0151 felszerel\u00e9s\u00e9hez \u00e9s rendszerez\u00e9s\u00e9hez terveztek. Ide\u00e1lis professzion\u00e1lis \u00e9s ipari be\u00e1ll\u00edt\u00e1sokhoz, biztons\u00e1gos \u00e9s hat\u00e9kony haszn\u00e1latot biztos\u00edtva.","robots":{"index":"index","follow":"follow","max-snippet":"max-snippet:-1","max-image-preview":"max-image-preview:large","max-video-preview":"max-video-preview:-1"},"canonical":"https:\/\/sxflightcase.com\/hu\/termek\/rack-panel-rab203\/","og_locale":"hu_HU","og_type":"article","og_title":"Rack Panel RAB203","og_description":"Rack panel, factory direct! High-quality, durable panels designed for mounting and organizing equipment in racks. Ideal for professional and industrial setups, ensuring secure and efficient use.","og_url":"https:\/\/sxflightcase.com\/hu\/termek\/rack-panel-rab203\/","og_site_name":"https:\/\/sxflightcase.com","article_publisher":"https:\/\/www.facebook.com\/profile.php?id=61560407257971","article_modified_time":"2024-09-10T06:25:21+00:00","og_image":[{"width":700,"height":700,"url":"https:\/\/sxflightcase.com\/wp-content\/uploads\/2024\/09\/RAB203.jpg","type":"image\/jpeg"}],"twitter_card":"summary_large_image","twitter_misc":{"Becs\u00fclt olvas\u00e1si id\u0151":"3 perc"},"schema":{"@context":"https:\/\/schema.org","@graph":[{"@type":"WebPage","@id":"https:\/\/sxflightcase.com\/product\/rack-panel-rab203\/","url":"https:\/\/sxflightcase.com\/product\/rack-panel-rab203\/","name":"Rack Panel RAB203 - https:\/\/sxflightcase.com \ud83d\udc97","isPartOf":{"@id":"https:\/\/sxflightcase.com\/th\/#website"},"primaryImageOfPage":{"@id":"https:\/\/sxflightcase.com\/product\/rack-panel-rab203\/#primaryimage"},"image":{"@id":"https:\/\/sxflightcase.com\/product\/rack-panel-rab203\/#primaryimage"},"thumbnailUrl":"https:\/\/sxflightcase.com\/wp-content\/uploads\/2024\/09\/RAB203.jpg","datePublished":"2024-09-10T06:25:20+00:00","dateModified":"2024-09-10T06:25:21+00:00","description":"Rack panel, gy\u00e1ri k\u00f6zvetlen! Kiv\u00e1l\u00f3 min\u0151s\u00e9g\u0171, tart\u00f3s panelek, amelyeket a berendez\u00e9sek \u00e1llv\u00e1nyokba t\u00f6rt\u00e9n\u0151 felszerel\u00e9s\u00e9hez \u00e9s rendszerez\u00e9s\u00e9hez terveztek. Ide\u00e1lis professzion\u00e1lis \u00e9s ipari be\u00e1ll\u00edt\u00e1sokhoz, biztons\u00e1gos \u00e9s hat\u00e9kony haszn\u00e1latot biztos\u00edtva.","breadcrumb":{"@id":"https:\/\/sxflightcase.com\/product\/rack-panel-rab203\/#breadcrumb"},"inLanguage":"hu","potentialAction":[{"@type":"ReadAction","target":["https:\/\/sxflightcase.com\/product\/rack-panel-rab203\/"]}]},{"@type":"ImageObject","inLanguage":"hu","@id":"https:\/\/sxflightcase.com\/product\/rack-panel-rab203\/#primaryimage","url":"https:\/\/sxflightcase.com\/wp-content\/uploads\/2024\/09\/RAB203.jpg","contentUrl":"https:\/\/sxflightcase.com\/wp-content\/uploads\/2024\/09\/RAB203.jpg","width":700,"height":700,"caption":"Rack Panel"},{"@type":"BreadcrumbList","@id":"https:\/\/sxflightcase.com\/product\/rack-panel-rab203\/#breadcrumb","itemListElement":[{"@type":"ListItem","position":1,"name":"Home","item":"https:\/\/sxflightcase.com\/"},{"@type":"ListItem","position":2,"name":"\u0e2a\u0e34\u0e19\u0e04\u0e49\u0e32","item":"https:\/\/sxflightcase.com\/th\/shop\/"},{"@type":"ListItem","position":3,"name":"Rack Panel RAB203"}]},{"@type":"WebSite","@id":"https:\/\/sxflightcase.com\/th\/#website","url":"https:\/\/sxflightcase.com\/th\/","name":"sxpowercase.com","description":"Flight Case Factory","publisher":{"@id":"https:\/\/sxflightcase.com\/th\/#organization"},"potentialAction":[{"@type":"SearchAction","target":{"@type":"EntryPoint","urlTemplate":"https:\/\/sxflightcase.com\/th\/?s={search_term_string}"},"query-input":{"@type":"PropertyValueSpecification","valueRequired":true,"valueName":"search_term_string"}}],"inLanguage":"hu"},{"@type":"Organization","@id":"https:\/\/sxflightcase.com\/th\/#organization","name":"sxpowercase.com","url":"https:\/\/sxflightcase.com\/th\/","logo":{"@type":"ImageObject","inLanguage":"hu","@id":"https:\/\/sxflightcase.com\/th\/#\/schema\/logo\/image\/","url":"https:\/\/sxflightcase.com\/wp-content\/uploads\/2024\/04\/1713919036007.jpg","contentUrl":"https:\/\/sxflightcase.com\/wp-content\/uploads\/2024\/04\/1713919036007.jpg","width":382,"height":388,"caption":"sxpowercase.com"},"image":{"@id":"https:\/\/sxflightcase.com\/th\/#\/schema\/logo\/image\/"},"sameAs":["https:\/\/www.facebook.com\/profile.php?id=61560407257971"],"numberOfEmployees":{"@type":"QuantitativeValue","minValue":"11","maxValue":"50"}}]}},"_links":{"self":[{"href":"https:\/\/sxflightcase.com\/hu\/wp-json\/wp\/v2\/product\/4334","targetHints":{"allow":["GET"]}}],"collection":[{"href":"https:\/\/sxflightcase.com\/hu\/wp-json\/wp\/v2\/product"}],"about":[{"href":"https:\/\/sxflightcase.com\/hu\/wp-json\/wp\/v2\/types\/product"}],"replies":[{"embeddable":true,"href":"https:\/\/sxflightcase.com\/hu\/wp-json\/wp\/v2\/comments?post=4334"}],"version-history":[{"count":0,"href":"https:\/\/sxflightcase.com\/hu\/wp-json\/wp\/v2\/product\/4334\/revisions"}],"wp:featuredmedia":[{"embeddable":true,"href":"https:\/\/sxflightcase.com\/hu\/wp-json\/wp\/v2\/media\/4280"}],"wp:attachment":[{"href":"https:\/\/sxflightcase.com\/hu\/wp-json\/wp\/v2\/media?parent=4334"}],"wp:term":[{"taxonomy":"product_brand","embeddable":true,"href":"https:\/\/sxflightcase.com\/hu\/wp-json\/wp\/v2\/product_brand?post=4334"},{"taxonomy":"product_cat","embeddable":true,"href":"https:\/\/sxflightcase.com\/hu\/wp-json\/wp\/v2\/product_cat?post=4334"},{"taxonomy":"product_tag","embeddable":true,"href":"https:\/\/sxflightcase.com\/hu\/wp-json\/wp\/v2\/product_tag?post=4334"}],"curies":[{"name":"wp","href":"https:\/\/api.w.org\/{rel}","templated":true}]}}