{"id":4355,"date":"2024-09-11T06:59:14","date_gmt":"2024-09-11T05:59:14","guid":{"rendered":"https:\/\/sxpowercase.com\/?post_type=product&#038;p=4355"},"modified":"2024-09-11T06:59:15","modified_gmt":"2024-09-11T05:59:15","slug":"panel-rack-rab205","status":"publish","type":"product","link":"https:\/\/sxflightcase.com\/hu\/termek\/panel-allvany-rab205\/","title":{"rendered":"Panel Rack RAB205"},"content":{"rendered":"<h3>Kiv\u00e1l\u00f3 min\u0151s\u00e9g\u0171 panel\u00e1llv\u00e1nyok az SX-t\u0151l megfizethet\u0151 \u00e1ron<\/h3>\n<p>Amikor megb\u00edzhat\u00f3 <a href=\"https:\/\/sxpowercase.com\/product\/rack-panel-rab204\/\"><strong>Panel Rack<\/strong><\/a>, <strong>SX<\/strong> fedezi \u00d6nt. Panel\u00e1llv\u00e1nyainkat \u00fagy tervezt\u00fck, hogy stabil tart\u00e1st \u00e9s maxim\u00e1lis funkcionalit\u00e1st biztos\u00edtsanak, mik\u00f6zben megfizethet\u0151 \u00e1rat tartanak fenn. A  weboldalon <strong>SX<\/strong>, olyan min\u0151s\u00e9get kap, amely tart\u00f3s, an\u00e9lk\u00fcl, hogy a bankot megt\u00f6rn\u00e9.<\/p>\n<h3>Tart\u00f3s kialak\u00edt\u00e1s \u00e9s megb\u00edzhat\u00f3 teljes\u00edtm\u00e9ny<\/h3>\n<p>A  c\u00edmen. <strong><a href=\"https:\/\/sxpowercase.com\/\" target=\"_blank\" rel=\"noopener\" title=\"SX\" data-wpil-monitor-id=\"742\">SX<\/a><\/strong>, a tart\u00f3ss\u00e1got \u00e9s a teljes\u00edtm\u00e9nyt helyezz\u00fck el\u0151t\u00e9rbe. Minden egyes <strong>Panel Rack<\/strong> Az \u00e1ltalunk gy\u00e1rtott term\u00e9kek kiv\u00e1l\u00f3 min\u0151s\u00e9g\u0171 anyagokb\u00f3l k\u00e9sz\u00fclnek, hogy a legkem\u00e9nyebb k\u00f6rnyezetben is ellen\u00e1lljanak. Ak\u00e1r kereskedelmi k\u00f6rnyezetben, ak\u00e1r otthoni st\u00fadi\u00f3ban haszn\u00e1lja, \u00e1llv\u00e1nyaink hossz\u00fa t\u00e1v\u00fa stabilit\u00e1st biztos\u00edtanak.<\/p>\n<h3>K\u00f6nnyen telep\u00edthet\u0151, Factory Direct megtakar\u00edt\u00e1s<\/h3>\n<p>A <strong>Panel \u00e1llv\u00e1nyok<\/strong> gyors telep\u00edt\u00e9sre tervezt\u00e9k, \u00edgy a telep\u00edt\u00e9si folyamat z\u00f6kken\u0151mentes \u00e9s probl\u00e9mamentes. R\u00e1ad\u00e1sul a gy\u00e1ri k\u00f6zvetlen modell\u00fcnknek k\u00f6sz\u00f6nhet\u0151en ezeket a pr\u00e9mium term\u00e9keket jelent\u0151sen alacsonyabb \u00e1ron k\u00edn\u00e1ljuk. Ez azt jelenti, hogy fels\u0151kateg\u00f3ri\u00e1s berendez\u00e9seket kap, an\u00e9lk\u00fcl, hogy pr\u00e9miumot kellene fizetnie.<\/p>\n<h3>Megb\u00edzhat\u00f3 min\u0151s\u00e9g, garant\u00e1ltan<\/h3>\n<p><strong>SX<\/strong> \u00e1ll a min\u0151s\u00e9g m\u00f6g\u00f6tt minden <strong>Panel Rack<\/strong> gy\u00e1rtunk. Szigor\u00fa tesztek biztos\u00edtj\u00e1k, hogy minden term\u00e9k megfelel a szil\u00e1rds\u00e1gra \u00e9s tart\u00f3ss\u00e1gra vonatkoz\u00f3 magas szint\u0171 szabv\u00e1nyainknak. Sz\u00e1m\u00edthat az \u00e1llv\u00e1nyainkra, hogy biztons\u00e1gban \u00e9s rendben tartj\u00e1k felszerel\u00e9s\u00e9t, f\u00fcggetlen\u00fcl az alkalmaz\u00e1st\u00f3l.<\/p>\n<h3>T\u00f6k\u00e9letes t\u00f6bbf\u00e9le alkalmaz\u00e1shoz<\/h3>\n<p>Ak\u00e1r egy AV-rendszert \u00e1ll\u00edt be, ak\u00e1r egy szerverszob\u00e1t kezel, <strong>SX<\/strong> <strong>Panel \u00e1llv\u00e1nyok<\/strong> el\u00e9g sokoldal\u00faak ahhoz, hogy minden ig\u00e9nyt kiel\u00e9g\u00edtsenek. Alkalmazkod\u00f3 kialak\u00edt\u00e1suknak k\u00f6sz\u00f6nhet\u0151en ide\u00e1lisak a k\u00fcl\u00f6nb\u00f6z\u0151 be\u00e1ll\u00edt\u00e1sokhoz, \u00e9s a berendez\u00e9sek sz\u00e9les sk\u00e1l\u00e1j\u00e1val val\u00f3 kompatibilit\u00e1st biztos\u00edtj\u00e1k. A  c\u00edmen <strong>SX<\/strong>, akkor van egy megold\u00e1s, ami illik.<\/p>\n<h3>\u00c9rt\u00e9k a p\u00e9nz\u00e9rt a Factory Direct \u00e9rt\u00e9kes\u00edt\u00e9ssel<\/h3>\n<p>A  c\u00edmen. <strong>SX<\/strong>, hisz\u00fcnk abban, hogy a kiv\u00e1l\u00f3 min\u0151s\u00e9g\u0171 megold\u00e1soknak megfizethet\u0151nek is kell lenni\u00fck. Gy\u00e1ri k\u00f6zvetlen \u00e9rt\u00e9kes\u00edt\u00e9si modell\u00fcnk lehet\u0151v\u00e9 teszi sz\u00e1munkra, hogy pr\u00e9mium kateg\u00f3ri\u00e1s term\u00e9keinket <strong>Panel \u00e1llv\u00e1nyok<\/strong> verhetetlen \u00e1ron. A <strong>SX<\/strong>, a legjobb min\u0151s\u00e9get kapja a magas k\u00f6lts\u00e9gek n\u00e9lk\u00fcl, \u00edgy biztos\u00edtva, hogy val\u00f3di \u00e9rt\u00e9ket kapjon a p\u00e9nz\u00e9\u00e9rt.<\/p>\n<h3>A szakemberek megb\u00edzhat\u00f3 v\u00e1laszt\u00e1sa vil\u00e1gszerte<\/h3>\n<p>A szakemberek vil\u00e1gszerte a <strong>SX panel \u00e1llv\u00e1nyok<\/strong> megb\u00edzhat\u00f3s\u00e1guk \u00e9s \u00e9rt\u00e9k\u00fck miatt. Az IT-szakemberekt\u0151l a hangm\u00e9rn\u00f6k\u00f6kig, \u00e1llv\u00e1nyainkban megb\u00edznak tart\u00f3ss\u00e1guk \u00e9s teljes\u00edtm\u00e9ny\u00fck miatt b\u00e1rmilyen k\u00f6rnyezetben. A <strong>SX<\/strong>, egy olyan m\u00e1rk\u00e1t v\u00e1laszt, amely a min\u0151s\u00e9gr\u0151l \u00e9s a bizalomr\u00f3l ismert.<\/p>\n<p>Ha megfizethet\u0151, nagy teljes\u00edtm\u00e9ny\u0171 <strong>Panel \u00e1llv\u00e1nyok<\/strong>, <strong>SX<\/strong> az a n\u00e9v, amelyre sz\u00e1m\u00edthat. A min\u0151s\u00e9g garant\u00e1lt, az \u00e1rak alacsonyak, a telep\u00edt\u00e9s pedig gyerekj\u00e1t\u00e9k. V\u00e1lassza a  weboldalt. <strong>SX<\/strong> a k\u00f6vetkez\u0151 rack-megold\u00e1s\u00e1hoz, \u00e9s tapasztalja meg a legmagasabb szint\u0171 megb\u00edzhat\u00f3s\u00e1got a magas k\u00f6lts\u00e9gek n\u00e9lk\u00fcl.<\/p>\n<ol>\n<li>Kapcsolatfelv\u00e9tel most:<span style=\"color: #0000ff;\"><a style=\"color: #0000ff;\" href=\"https:\/\/sxpowercase.com\/contact-us\/\">https:\/\/sxpowercase.com\/<\/a><\/span><\/li>\n<li>Hardver term\u00e9kkatal\u00f3gus\uff1a<span style=\"color: #0000ff;\"><a style=\"color: #0000ff;\" href=\"https:\/\/sxpowercase.com\/wp-content\/uploads\/2024\/07\/\u4e94\u91d1.pdf\">Hardver tartoz\u00e9kok katal\u00f3gusa<\/a><\/span><\/li>\n<\/ol>","protected":false},"excerpt":{"rendered":"<h3>SX Rack panelek: Kiv\u00e1l\u00f3 min\u0151s\u00e9g gy\u00e1ri \u00e1ron<\/h3>\n<p>Az SX pr\u00e9mium min\u0151s\u00e9g\u0171 anyagokb\u00f3l k\u00e9sz\u00fclt, tart\u00f3s Rack Paneleket k\u00edn\u00e1l, amelyek cs\u00facsmin\u0151s\u00e9get biztos\u00edtanak megfizethet\u0151, gy\u00e1ri k\u00f6zvetlen \u00e1ron.<\/p>\n<h3>Gyors telep\u00edt\u00e9s \u00e9s sokoldal\u00fa haszn\u00e1lat<\/h3>\n<p>Rack paneleinket \u00fagy tervezt\u00fck, hogy k\u00f6nnyen telep\u00edthet\u0151k \u00e9s kompatibilisek legyenek a k\u00fcl\u00f6nb\u00f6z\u0151 rendszerekkel, \u00edgy biztos\u00edtva a biztons\u00e1gos illeszked\u00e9st b\u00e1rmilyen be\u00e1ll\u00edt\u00e1shoz.<\/p>\n<h3>Szakemberek vil\u00e1gszerte megb\u00edznak benne<\/h3>\n<p>A szakemberek az SX Rack Panelek tart\u00f3ss\u00e1guk, teljes\u00edtm\u00e9ny\u00fck \u00e9s szigor\u00fa min\u0151s\u00e9gbiztos\u00edt\u00e1suk miatt b\u00edznak az SX Rack Panelekben, \u00edgy ezek a berendez\u00e9sek felszerel\u00e9s\u00e9hez a legjobb v\u00e1laszt\u00e1snak sz\u00e1m\u00edtanak.<\/p>","protected":false},"featured_media":4282,"comment_status":"open","ping_status":"closed","template":"","meta":[],"product_brand":[],"product_cat":[66],"product_tag":[],"class_list":{"0":"post-4355","1":"product","2":"type-product","3":"status-publish","4":"has-post-thumbnail","6":"product_cat-rack-hardware","8":"first","9":"instock","10":"shipping-taxable","11":"product-type-simple"},"yoast_head":"<!-- This site is optimized with the Yoast SEO Premium plugin v27.1 (Yoast SEO v27.2) - https:\/\/yoast.com\/product\/yoast-seo-premium-wordpress\/ -->\n<title>Panel Rack RAB205 - https:\/\/sxflightcase.com \ud83d\udc97<\/title>\n<meta name=\"description\" content=\"Panel rack, factory direct! High-quality, durable racks designed for securely mounting and organizing equipment. Perfect for professional setups, ensuring efficient use and stability.\" \/>\n<meta name=\"robots\" content=\"index, follow, max-snippet:-1, max-image-preview:large, max-video-preview:-1\" \/>\n<link rel=\"canonical\" href=\"https:\/\/sxflightcase.com\/hu\/\u4ea7\u54c1\/\u9762\u677f\u67b6-rab205-2\/\" \/>\n<meta property=\"og:locale\" content=\"hu_HU\" \/>\n<meta property=\"og:type\" content=\"article\" \/>\n<meta property=\"og:title\" content=\"Panel Rack RAB205\" \/>\n<meta property=\"og:description\" content=\"Panel rack, factory direct! High-quality, durable racks designed for securely mounting and organizing equipment. Perfect for professional setups, ensuring efficient use and stability.\" \/>\n<meta property=\"og:url\" content=\"https:\/\/sxflightcase.com\/hu\/\u4ea7\u54c1\/\u9762\u677f\u67b6-rab205-2\/\" \/>\n<meta property=\"og:site_name\" content=\"https:\/\/sxflightcase.com\" \/>\n<meta property=\"article:publisher\" content=\"https:\/\/www.facebook.com\/profile.php?id=61560407257971\" \/>\n<meta property=\"article:modified_time\" content=\"2024-09-11T05:59:15+00:00\" \/>\n<meta property=\"og:image\" content=\"https:\/\/sxflightcase.com\/wp-content\/uploads\/2024\/09\/RAB205.jpg\" \/>\n\t<meta property=\"og:image:width\" content=\"700\" \/>\n\t<meta property=\"og:image:height\" content=\"700\" \/>\n\t<meta property=\"og:image:type\" content=\"image\/jpeg\" \/>\n<meta name=\"twitter:card\" content=\"summary_large_image\" \/>\n<meta name=\"twitter:label1\" content=\"Becs\u00fclt olvas\u00e1si id\u0151\" \/>\n\t<meta name=\"twitter:data1\" content=\"3 perc\" \/>\n<script type=\"application\/ld+json\" class=\"yoast-schema-graph\">{\"@context\":\"https:\/\/schema.org\",\"@graph\":[{\"@type\":\"WebPage\",\"@id\":\"https:\/\/sxflightcase.com\/zh\/\u4ea7\u54c1\/\u9762\u677f\u67b6-rab205-2\/\",\"url\":\"https:\/\/sxflightcase.com\/zh\/\u4ea7\u54c1\/\u9762\u677f\u67b6-rab205-2\/\",\"name\":\"Panel Rack RAB205 - https:\/\/sxflightcase.com \ud83d\udc97\",\"isPartOf\":{\"@id\":\"https:\/\/sxflightcase.com\/th\/#website\"},\"primaryImageOfPage\":{\"@id\":\"https:\/\/sxflightcase.com\/zh\/\u4ea7\u54c1\/\u9762\u677f\u67b6-rab205-2\/#primaryimage\"},\"image\":{\"@id\":\"https:\/\/sxflightcase.com\/zh\/\u4ea7\u54c1\/\u9762\u677f\u67b6-rab205-2\/#primaryimage\"},\"thumbnailUrl\":\"https:\/\/sxflightcase.com\/wp-content\/uploads\/2024\/09\/RAB205.jpg\",\"datePublished\":\"2024-09-11T05:59:14+00:00\",\"dateModified\":\"2024-09-11T05:59:15+00:00\",\"description\":\"Panel rack, factory direct! High-quality, durable racks designed for securely mounting and organizing equipment. Perfect for professional setups, ensuring efficient use and stability.\",\"breadcrumb\":{\"@id\":\"https:\/\/sxflightcase.com\/zh\/\u4ea7\u54c1\/\u9762\u677f\u67b6-rab205-2\/#breadcrumb\"},\"inLanguage\":\"hu\",\"potentialAction\":[{\"@type\":\"ReadAction\",\"target\":[\"https:\/\/sxflightcase.com\/zh\/\u4ea7\u54c1\/\u9762\u677f\u67b6-rab205-2\/\"]}]},{\"@type\":\"ImageObject\",\"inLanguage\":\"hu\",\"@id\":\"https:\/\/sxflightcase.com\/zh\/\u4ea7\u54c1\/\u9762\u677f\u67b6-rab205-2\/#primaryimage\",\"url\":\"https:\/\/sxflightcase.com\/wp-content\/uploads\/2024\/09\/RAB205.jpg\",\"contentUrl\":\"https:\/\/sxflightcase.com\/wp-content\/uploads\/2024\/09\/RAB205.jpg\",\"width\":700,\"height\":700,\"caption\":\"Panel Rack\"},{\"@type\":\"BreadcrumbList\",\"@id\":\"https:\/\/sxflightcase.com\/zh\/\u4ea7\u54c1\/\u9762\u677f\u67b6-rab205-2\/#breadcrumb\",\"itemListElement\":[{\"@type\":\"ListItem\",\"position\":1,\"name\":\"Home\",\"item\":\"https:\/\/sxflightcase.com\/\"},{\"@type\":\"ListItem\",\"position\":2,\"name\":\"\u0e2a\u0e34\u0e19\u0e04\u0e49\u0e32\",\"item\":\"https:\/\/sxflightcase.com\/th\/shop\/\"},{\"@type\":\"ListItem\",\"position\":3,\"name\":\"Panel Rack RAB205\"}]},{\"@type\":\"WebSite\",\"@id\":\"https:\/\/sxflightcase.com\/th\/#website\",\"url\":\"https:\/\/sxflightcase.com\/th\/\",\"name\":\"sxpowercase.com\",\"description\":\"Flight Case Factory\",\"publisher\":{\"@id\":\"https:\/\/sxflightcase.com\/th\/#organization\"},\"potentialAction\":[{\"@type\":\"SearchAction\",\"target\":{\"@type\":\"EntryPoint\",\"urlTemplate\":\"https:\/\/sxflightcase.com\/th\/?s={search_term_string}\"},\"query-input\":{\"@type\":\"PropertyValueSpecification\",\"valueRequired\":true,\"valueName\":\"search_term_string\"}}],\"inLanguage\":\"hu\"},{\"@type\":\"Organization\",\"@id\":\"https:\/\/sxflightcase.com\/th\/#organization\",\"name\":\"sxpowercase.com\",\"url\":\"https:\/\/sxflightcase.com\/th\/\",\"logo\":{\"@type\":\"ImageObject\",\"inLanguage\":\"hu\",\"@id\":\"https:\/\/sxflightcase.com\/th\/#\/schema\/logo\/image\/\",\"url\":\"https:\/\/sxflightcase.com\/wp-content\/uploads\/2024\/04\/1713919036007.jpg\",\"contentUrl\":\"https:\/\/sxflightcase.com\/wp-content\/uploads\/2024\/04\/1713919036007.jpg\",\"width\":382,\"height\":388,\"caption\":\"sxpowercase.com\"},\"image\":{\"@id\":\"https:\/\/sxflightcase.com\/th\/#\/schema\/logo\/image\/\"},\"sameAs\":[\"https:\/\/www.facebook.com\/profile.php?id=61560407257971\"],\"numberOfEmployees\":{\"@type\":\"QuantitativeValue\",\"minValue\":\"11\",\"maxValue\":\"50\"}}]}<\/script>\n<!-- \/ Yoast SEO Premium plugin. -->","yoast_head_json":{"title":"Panel Rack RAB205 - https:\/\/sxflightcase.com \ud83d\udc97","description":"Panel \u00e1llv\u00e1ny, gy\u00e1ri k\u00f6zvetlen! Kiv\u00e1l\u00f3 min\u0151s\u00e9g\u0171, tart\u00f3s \u00e1llv\u00e1nyok, amelyeket a berendez\u00e9sek biztons\u00e1gos r\u00f6gz\u00edt\u00e9s\u00e9re \u00e9s rendszerez\u00e9s\u00e9re terveztek. T\u00f6k\u00e9letes professzion\u00e1lis be\u00e1ll\u00edt\u00e1sokhoz, hat\u00e9kony haszn\u00e1latot \u00e9s stabilit\u00e1st biztos\u00edtva.","robots":{"index":"index","follow":"follow","max-snippet":"max-snippet:-1","max-image-preview":"max-image-preview:large","max-video-preview":"max-video-preview:-1"},"canonical":"https:\/\/sxflightcase.com\/hu\/\u4ea7\u54c1\/\u9762\u677f\u67b6-rab205-2\/","og_locale":"hu_HU","og_type":"article","og_title":"Panel Rack RAB205","og_description":"Panel rack, factory direct! High-quality, durable racks designed for securely mounting and organizing equipment. Perfect for professional setups, ensuring efficient use and stability.","og_url":"https:\/\/sxflightcase.com\/hu\/\u4ea7\u54c1\/\u9762\u677f\u67b6-rab205-2\/","og_site_name":"https:\/\/sxflightcase.com","article_publisher":"https:\/\/www.facebook.com\/profile.php?id=61560407257971","article_modified_time":"2024-09-11T05:59:15+00:00","og_image":[{"width":700,"height":700,"url":"https:\/\/sxflightcase.com\/wp-content\/uploads\/2024\/09\/RAB205.jpg","type":"image\/jpeg"}],"twitter_card":"summary_large_image","twitter_misc":{"Becs\u00fclt olvas\u00e1si id\u0151":"3 perc"},"schema":{"@context":"https:\/\/schema.org","@graph":[{"@type":"WebPage","@id":"https:\/\/sxflightcase.com\/zh\/\u4ea7\u54c1\/\u9762\u677f\u67b6-rab205-2\/","url":"https:\/\/sxflightcase.com\/zh\/\u4ea7\u54c1\/\u9762\u677f\u67b6-rab205-2\/","name":"Panel Rack RAB205 - https:\/\/sxflightcase.com \ud83d\udc97","isPartOf":{"@id":"https:\/\/sxflightcase.com\/th\/#website"},"primaryImageOfPage":{"@id":"https:\/\/sxflightcase.com\/zh\/\u4ea7\u54c1\/\u9762\u677f\u67b6-rab205-2\/#primaryimage"},"image":{"@id":"https:\/\/sxflightcase.com\/zh\/\u4ea7\u54c1\/\u9762\u677f\u67b6-rab205-2\/#primaryimage"},"thumbnailUrl":"https:\/\/sxflightcase.com\/wp-content\/uploads\/2024\/09\/RAB205.jpg","datePublished":"2024-09-11T05:59:14+00:00","dateModified":"2024-09-11T05:59:15+00:00","description":"Panel \u00e1llv\u00e1ny, gy\u00e1ri k\u00f6zvetlen! Kiv\u00e1l\u00f3 min\u0151s\u00e9g\u0171, tart\u00f3s \u00e1llv\u00e1nyok, amelyeket a berendez\u00e9sek biztons\u00e1gos r\u00f6gz\u00edt\u00e9s\u00e9re \u00e9s rendszerez\u00e9s\u00e9re terveztek. T\u00f6k\u00e9letes professzion\u00e1lis be\u00e1ll\u00edt\u00e1sokhoz, hat\u00e9kony haszn\u00e1latot \u00e9s stabilit\u00e1st biztos\u00edtva.","breadcrumb":{"@id":"https:\/\/sxflightcase.com\/zh\/\u4ea7\u54c1\/\u9762\u677f\u67b6-rab205-2\/#breadcrumb"},"inLanguage":"hu","potentialAction":[{"@type":"ReadAction","target":["https:\/\/sxflightcase.com\/zh\/\u4ea7\u54c1\/\u9762\u677f\u67b6-rab205-2\/"]}]},{"@type":"ImageObject","inLanguage":"hu","@id":"https:\/\/sxflightcase.com\/zh\/\u4ea7\u54c1\/\u9762\u677f\u67b6-rab205-2\/#primaryimage","url":"https:\/\/sxflightcase.com\/wp-content\/uploads\/2024\/09\/RAB205.jpg","contentUrl":"https:\/\/sxflightcase.com\/wp-content\/uploads\/2024\/09\/RAB205.jpg","width":700,"height":700,"caption":"Panel Rack"},{"@type":"BreadcrumbList","@id":"https:\/\/sxflightcase.com\/zh\/\u4ea7\u54c1\/\u9762\u677f\u67b6-rab205-2\/#breadcrumb","itemListElement":[{"@type":"ListItem","position":1,"name":"Home","item":"https:\/\/sxflightcase.com\/"},{"@type":"ListItem","position":2,"name":"\u0e2a\u0e34\u0e19\u0e04\u0e49\u0e32","item":"https:\/\/sxflightcase.com\/th\/shop\/"},{"@type":"ListItem","position":3,"name":"Panel Rack RAB205"}]},{"@type":"WebSite","@id":"https:\/\/sxflightcase.com\/th\/#website","url":"https:\/\/sxflightcase.com\/th\/","name":"sxpowercase.com","description":"Flight Case Factory","publisher":{"@id":"https:\/\/sxflightcase.com\/th\/#organization"},"potentialAction":[{"@type":"SearchAction","target":{"@type":"EntryPoint","urlTemplate":"https:\/\/sxflightcase.com\/th\/?s={search_term_string}"},"query-input":{"@type":"PropertyValueSpecification","valueRequired":true,"valueName":"search_term_string"}}],"inLanguage":"hu"},{"@type":"Organization","@id":"https:\/\/sxflightcase.com\/th\/#organization","name":"sxpowercase.com","url":"https:\/\/sxflightcase.com\/th\/","logo":{"@type":"ImageObject","inLanguage":"hu","@id":"https:\/\/sxflightcase.com\/th\/#\/schema\/logo\/image\/","url":"https:\/\/sxflightcase.com\/wp-content\/uploads\/2024\/04\/1713919036007.jpg","contentUrl":"https:\/\/sxflightcase.com\/wp-content\/uploads\/2024\/04\/1713919036007.jpg","width":382,"height":388,"caption":"sxpowercase.com"},"image":{"@id":"https:\/\/sxflightcase.com\/th\/#\/schema\/logo\/image\/"},"sameAs":["https:\/\/www.facebook.com\/profile.php?id=61560407257971"],"numberOfEmployees":{"@type":"QuantitativeValue","minValue":"11","maxValue":"50"}}]}},"_links":{"self":[{"href":"https:\/\/sxflightcase.com\/hu\/wp-json\/wp\/v2\/product\/4355","targetHints":{"allow":["GET"]}}],"collection":[{"href":"https:\/\/sxflightcase.com\/hu\/wp-json\/wp\/v2\/product"}],"about":[{"href":"https:\/\/sxflightcase.com\/hu\/wp-json\/wp\/v2\/types\/product"}],"replies":[{"embeddable":true,"href":"https:\/\/sxflightcase.com\/hu\/wp-json\/wp\/v2\/comments?post=4355"}],"version-history":[{"count":0,"href":"https:\/\/sxflightcase.com\/hu\/wp-json\/wp\/v2\/product\/4355\/revisions"}],"wp:featuredmedia":[{"embeddable":true,"href":"https:\/\/sxflightcase.com\/hu\/wp-json\/wp\/v2\/media\/4282"}],"wp:attachment":[{"href":"https:\/\/sxflightcase.com\/hu\/wp-json\/wp\/v2\/media?parent=4355"}],"wp:term":[{"taxonomy":"product_brand","embeddable":true,"href":"https:\/\/sxflightcase.com\/hu\/wp-json\/wp\/v2\/product_brand?post=4355"},{"taxonomy":"product_cat","embeddable":true,"href":"https:\/\/sxflightcase.com\/hu\/wp-json\/wp\/v2\/product_cat?post=4355"},{"taxonomy":"product_tag","embeddable":true,"href":"https:\/\/sxflightcase.com\/hu\/wp-json\/wp\/v2\/product_tag?post=4355"}],"curies":[{"name":"wp","href":"https:\/\/api.w.org\/{rel}","templated":true}]}}