{"id":4356,"date":"2024-09-11T07:14:18","date_gmt":"2024-09-11T06:14:18","guid":{"rendered":"https:\/\/sxpowercase.com\/?post_type=product&#038;p=4356"},"modified":"2024-09-11T07:14:19","modified_gmt":"2024-09-11T06:14:19","slug":"panel-rack-rab301","status":"publish","type":"product","link":"https:\/\/sxflightcase.com\/hu\/termek\/panel-allvany-rab301\/","title":{"rendered":"Panel Rack RAB301"},"content":{"rendered":"<h3>Megfizethet\u0151 \u00e9s tart\u00f3s panel\u00e1llv\u00e1nyok az SX-t\u0151l<\/h3>\n<p>Megb\u00edzhat\u00f3 <a href=\"https:\/\/sxpowercase.com\/product\/panel-rack-rab205\/\"><strong>Panel Rack<\/strong><\/a>? <strong>SX<\/strong> min\u0151s\u00e9gi megold\u00e1sokat k\u00edn\u00e1l, amelyek minden ig\u00e9nyt kiel\u00e9g\u00edtenek. Panel\u00e1llv\u00e1nyainkat prec\u00edzen tervezz\u00fck \u00e9s tart\u00f3san \u00e9p\u00edtj\u00fck, megfizethet\u0151s\u00e9get \u00e9s tart\u00f3ss\u00e1got k\u00edn\u00e1lva egy csomagban. A  weboldalon <strong><a href=\"https:\/\/sxpowercase.com\/\" target=\"_blank\" rel=\"noopener\" title=\"SX\" data-wpil-monitor-id=\"743\">SX<\/a><\/strong>, b\u00edzhat abban, hogy kiv\u00e1l\u00f3 min\u0151s\u00e9g\u0171 berendez\u00e9sekbe fektet be gy\u00e1ri \u00e1ron.<\/p>\n<h3>Er\u0151s szerkezet a maxim\u00e1lis t\u00e1mogat\u00e1s\u00e9rt<\/h3>\n<p>Minden <strong>Panel Rack<\/strong> a  c\u00edmr\u0151l <strong>SX<\/strong> pr\u00e9mium min\u0151s\u00e9g\u0171 anyagokb\u00f3l k\u00e9sz\u00fcl, \u00edgy szil\u00e1rd \u00e9s robusztus szerkezetet biztos\u00edt, amely a legig\u00e9nyesebb k\u00f6rnyezetet is k\u00e9pes kezelni. Ak\u00e1r professzion\u00e1lis, ak\u00e1r ipari k\u00f6rnyezetben haszn\u00e1lj\u00e1k, \u00e1llv\u00e1nyaink stabil \u00e9s megb\u00edzhat\u00f3 t\u00e1maszt\u00e9kot ny\u00fajtanak minden berendez\u00e9s\u00e9nek.<\/p>\n<h3>Egyszer\u0171 telep\u00edt\u00e9s k\u00f6lts\u00e9ghat\u00e9kony \u00e1rakon<\/h3>\n<p>A  c\u00edmen. <strong>SX<\/strong>, egyszer\u0171v\u00e9 tessz\u00fck a telep\u00edt\u00e9si folyamatot. A <strong>Panel \u00e1llv\u00e1nyok<\/strong> gyors \u00f6sszeszerel\u00e9sre tervezt\u00e9k, \u00edgy id\u0151t \u00e9s energi\u00e1t takar\u00edthat meg. R\u00e1ad\u00e1sul k\u00f6lts\u00e9ghat\u00e9kony gy\u00e1rt\u00e1si folyamatunknak k\u00f6sz\u00f6nhet\u0151en ezeket a kiv\u00e1l\u00f3 min\u0151s\u00e9g\u0171 term\u00e9keket alacsonyabb \u00e1ron k\u00edn\u00e1ljuk, k\u00f6zvetlen\u00fcl a gy\u00e1rb\u00f3l az \u00d6n h\u00e1z\u00e1hoz.<\/p>\n<h3>Hossz\u00fa t\u00e1v\u00fa haszn\u00e1latra biztos\u00edtott min\u0151s\u00e9g<\/h3>\n<p>Amikor a <strong>SX<\/strong>, garant\u00e1lt min\u0151s\u00e9get v\u00e1laszt. Minden <strong>Panel Rack<\/strong> szigor\u00faan tesztelik a szil\u00e1rds\u00e1g \u00e9s a teljes\u00edtm\u00e9ny szempontj\u00e1b\u00f3l. Legyen sz\u00f3 ak\u00e1r egy kis st\u00fadi\u00f3r\u00f3l, ak\u00e1r egy nagy IT-rendszerr\u0151l, \u00e1llv\u00e1nyaink \u00fagy k\u00e9sz\u00fclnek, hogy \u00e9vekig ellen\u00e1lljanak a haszn\u00e1latnak, mik\u00f6zben biztons\u00e1gban \u00e9s rendben tartj\u00e1k a berendez\u00e9seket.<\/p>\n<h3>Sokoldal\u00fa megold\u00e1sok b\u00e1rmilyen be\u00e1ll\u00edt\u00e1shoz<\/h3>\n<p><strong>SX panel \u00e1llv\u00e1nyok<\/strong> \u00fagy tervezt\u00e9k, hogy sokoldal\u00faak legyenek, \u00e9s az audio-vizu\u00e1lis berendez\u00e9sekt\u0151l kezdve a h\u00e1l\u00f3zati \u00e9s szerverszob\u00e1kig sz\u00e1mos alkalmaz\u00e1shoz illeszkedjenek. F\u00fcggetlen\u00fcl az \u00d6n ig\u00e9nyeit\u0151l, \u00e1llv\u00e1nyaink rugalmass\u00e1got \u00e9s alkalmazkod\u00f3k\u00e9pess\u00e9get biztos\u00edtanak a berendez\u00e9sek sz\u00e9les sk\u00e1l\u00e1ja sz\u00e1m\u00e1ra. A  oldalon. <strong>SX<\/strong>, olyan megold\u00e1sokat kap, amelyek z\u00f6kken\u0151mentesen megfelelnek az \u00d6n egyedi k\u00f6vetelm\u00e9nyeinek.<\/p>\n<h3>Factory Direct a k\u00f6lts\u00e9gvet\u00e9s-bar\u00e1t lehet\u0151s\u00e9gek\u00e9rt<\/h3>\n<p>A v\u00e1s\u00e1rl\u00e1ssal a <strong>Panel \u00e1llv\u00e1nyok<\/strong> k\u00f6zvetlen\u00fcl a <strong>SX<\/strong>, jelent\u0151sen megtakar\u00edthat. Gy\u00e1ri k\u00f6zvetlen modell\u00fcnk kik\u00fcsz\u00f6b\u00f6li a k\u00f6zvet\u00edt\u0151ket, \u00edgy alacsonyabb \u00e1ron tudjuk ugyanazt a kiv\u00e1l\u00f3 min\u0151s\u00e9g\u0171 \u00e1llv\u00e1nyt biztos\u00edtani. Ez biztos\u00edtja, hogy a legjobb \u00e1r-\u00e9rt\u00e9k ar\u00e1nyt kapja an\u00e9lk\u00fcl, hogy kompromisszumot k\u00f6tne a min\u0151s\u00e9gben.<\/p>\n<h3>Szakemberek vil\u00e1gszerte megb\u00edznak benne<\/h3>\n<p>A k\u00fcl\u00f6nb\u00f6z\u0151 ipar\u00e1gak szakemberei a <strong>SX panel \u00e1llv\u00e1nyok<\/strong> megb\u00edzhat\u00f3s\u00e1guk \u00e9s megfizethet\u0151s\u00e9g\u00fck miatt. Az IT-szakemberek \u00e9s a hangm\u00e9rn\u00f6k\u00f6k is b\u00edznak \u00e1llv\u00e1nyainkban, mert megb\u00edzhat\u00f3 teljes\u00edtm\u00e9nyt \u00e9s hossz\u00fa \u00e9lettartamot biztos\u00edtanak. A <strong>SX<\/strong>, professzion\u00e1lis min\u0151s\u00e9g\u0171 berendez\u00e9seket kap, amelyek ki\u00e1llj\u00e1k az id\u0151 pr\u00f3b\u00e1j\u00e1t.<\/p>\n<p>Egy er\u0151s, megfizethet\u0151 \u00e9s k\u00f6nnyen telep\u00edthet\u0151 <strong>Panel Rack<\/strong>, <strong>SX<\/strong> az okos v\u00e1laszt\u00e1s. Term\u00e9keink a legjobb min\u0151s\u00e9get \u00e9s a k\u00f6lts\u00e9ghat\u00e9konys\u00e1got \u00f6tv\u00f6zik, \u00edgy t\u00f6k\u00e9letesek b\u00e1rmilyen berendez\u00e9shez. V\u00e1lassza a  weboldalt. <strong>SX<\/strong> \u00e9s \u00e9lvezze a megb\u00edzhat\u00f3, hossz\u00fa \u00e9lettartam\u00fa megold\u00e1sok el\u0151nyeit gy\u00e1ri \u00e1ron.<\/p>\n<ol>\n<li>Kapcsolatfelv\u00e9tel most:<span style=\"color: #0000ff;\"><a style=\"color: #0000ff;\" href=\"https:\/\/sxpowercase.com\/contact-us\/\">https:\/\/sxpowercase.com\/<\/a><\/span><\/li>\n<li>Hardver term\u00e9kkatal\u00f3gus\uff1a<span style=\"color: #0000ff;\"><a style=\"color: #0000ff;\" href=\"https:\/\/sxpowercase.com\/wp-content\/uploads\/2024\/07\/\u4e94\u91d1.pdf\">Hardver tartoz\u00e9kok katal\u00f3gusa<\/a><\/span><\/li>\n<\/ol>","protected":false},"excerpt":{"rendered":"<h3>SX Rack panelek: Kiv\u00e1l\u00f3 min\u0151s\u00e9g gy\u00e1ri \u00e1ron<\/h3>\n<p>Az SX pr\u00e9mium min\u0151s\u00e9g\u0171 anyagokb\u00f3l k\u00e9sz\u00fclt, tart\u00f3s Rack Paneleket k\u00edn\u00e1l, amelyek cs\u00facsmin\u0151s\u00e9get biztos\u00edtanak megfizethet\u0151, gy\u00e1ri k\u00f6zvetlen \u00e1ron.<\/p>\n<h3>Gyors telep\u00edt\u00e9s \u00e9s sokoldal\u00fa haszn\u00e1lat<\/h3>\n<p>Rack paneleinket \u00fagy tervezt\u00fck, hogy k\u00f6nnyen telep\u00edthet\u0151k \u00e9s kompatibilisek legyenek a k\u00fcl\u00f6nb\u00f6z\u0151 rendszerekkel, \u00edgy biztos\u00edtva a biztons\u00e1gos illeszked\u00e9st b\u00e1rmilyen be\u00e1ll\u00edt\u00e1shoz.<\/p>\n<h3>Szakemberek vil\u00e1gszerte megb\u00edznak benne<\/h3>\n<p>A szakemberek az SX Rack Panelek tart\u00f3ss\u00e1guk, teljes\u00edtm\u00e9ny\u00fck \u00e9s szigor\u00fa min\u0151s\u00e9gbiztos\u00edt\u00e1suk miatt b\u00edznak az SX Rack Panelekben, \u00edgy ezek a berendez\u00e9sek felszerel\u00e9s\u00e9hez a legjobb v\u00e1laszt\u00e1snak sz\u00e1m\u00edtanak.<\/p>","protected":false},"featured_media":4283,"comment_status":"open","ping_status":"closed","template":"","meta":[],"product_brand":[],"product_cat":[66],"product_tag":[],"class_list":{"0":"post-4356","1":"product","2":"type-product","3":"status-publish","4":"has-post-thumbnail","6":"product_cat-rack-hardware","8":"first","9":"instock","10":"shipping-taxable","11":"product-type-simple"},"yoast_head":"<!-- This site is optimized with the Yoast SEO Premium plugin v27.1 (Yoast SEO v27.2) - https:\/\/yoast.com\/product\/yoast-seo-premium-wordpress\/ -->\n<title>Panel Rack RAB301 - https:\/\/sxflightcase.com \ud83d\udc97<\/title>\n<meta name=\"description\" content=\"Panel rack, factory direct! High-quality, durable racks designed for securely mounting and organizing equipment. Perfect for professional setups, ensuring efficient use and stability.\" \/>\n<meta name=\"robots\" content=\"index, follow, max-snippet:-1, max-image-preview:large, max-video-preview:-1\" \/>\n<link rel=\"canonical\" href=\"https:\/\/sxflightcase.com\/hu\/\u0e1c\u0e25\u0e34\u0e15\u0e20\u0e31\u0e13\u0e11\u0e4c\/panel-rack-rab301\/\" \/>\n<meta property=\"og:locale\" content=\"hu_HU\" \/>\n<meta property=\"og:type\" content=\"article\" \/>\n<meta property=\"og:title\" content=\"Panel Rack RAB301\" \/>\n<meta property=\"og:description\" content=\"Panel rack, factory direct! High-quality, durable racks designed for securely mounting and organizing equipment. Perfect for professional setups, ensuring efficient use and stability.\" \/>\n<meta property=\"og:url\" content=\"https:\/\/sxflightcase.com\/hu\/\u0e1c\u0e25\u0e34\u0e15\u0e20\u0e31\u0e13\u0e11\u0e4c\/panel-rack-rab301\/\" \/>\n<meta property=\"og:site_name\" content=\"https:\/\/sxflightcase.com\" \/>\n<meta property=\"article:publisher\" content=\"https:\/\/www.facebook.com\/profile.php?id=61560407257971\" \/>\n<meta property=\"article:modified_time\" content=\"2024-09-11T06:14:19+00:00\" \/>\n<meta property=\"og:image\" content=\"https:\/\/sxflightcase.com\/wp-content\/uploads\/2024\/09\/RAB301.jpg\" \/>\n\t<meta property=\"og:image:width\" content=\"700\" \/>\n\t<meta property=\"og:image:height\" content=\"700\" \/>\n\t<meta property=\"og:image:type\" content=\"image\/jpeg\" \/>\n<meta name=\"twitter:card\" content=\"summary_large_image\" \/>\n<meta name=\"twitter:label1\" content=\"Becs\u00fclt olvas\u00e1si id\u0151\" \/>\n\t<meta name=\"twitter:data1\" content=\"3 perc\" \/>\n<script type=\"application\/ld+json\" class=\"yoast-schema-graph\">{\"@context\":\"https:\/\/schema.org\",\"@graph\":[{\"@type\":\"WebPage\",\"@id\":\"https:\/\/sxflightcase.com\/th\/\u0e1c\u0e25\u0e34\u0e15\u0e20\u0e31\u0e13\u0e11\u0e4c\/panel-rack-rab301\/\",\"url\":\"https:\/\/sxflightcase.com\/th\/\u0e1c\u0e25\u0e34\u0e15\u0e20\u0e31\u0e13\u0e11\u0e4c\/panel-rack-rab301\/\",\"name\":\"Panel Rack RAB301 - https:\/\/sxflightcase.com \ud83d\udc97\",\"isPartOf\":{\"@id\":\"https:\/\/sxflightcase.com\/th\/#website\"},\"primaryImageOfPage\":{\"@id\":\"https:\/\/sxflightcase.com\/th\/\u0e1c\u0e25\u0e34\u0e15\u0e20\u0e31\u0e13\u0e11\u0e4c\/panel-rack-rab301\/#primaryimage\"},\"image\":{\"@id\":\"https:\/\/sxflightcase.com\/th\/\u0e1c\u0e25\u0e34\u0e15\u0e20\u0e31\u0e13\u0e11\u0e4c\/panel-rack-rab301\/#primaryimage\"},\"thumbnailUrl\":\"https:\/\/sxflightcase.com\/wp-content\/uploads\/2024\/09\/RAB301.jpg\",\"datePublished\":\"2024-09-11T06:14:18+00:00\",\"dateModified\":\"2024-09-11T06:14:19+00:00\",\"description\":\"Panel rack, factory direct! High-quality, durable racks designed for securely mounting and organizing equipment. Perfect for professional setups, ensuring efficient use and stability.\",\"breadcrumb\":{\"@id\":\"https:\/\/sxflightcase.com\/th\/\u0e1c\u0e25\u0e34\u0e15\u0e20\u0e31\u0e13\u0e11\u0e4c\/panel-rack-rab301\/#breadcrumb\"},\"inLanguage\":\"hu\",\"potentialAction\":[{\"@type\":\"ReadAction\",\"target\":[\"https:\/\/sxflightcase.com\/th\/\u0e1c\u0e25\u0e34\u0e15\u0e20\u0e31\u0e13\u0e11\u0e4c\/panel-rack-rab301\/\"]}]},{\"@type\":\"ImageObject\",\"inLanguage\":\"hu\",\"@id\":\"https:\/\/sxflightcase.com\/th\/\u0e1c\u0e25\u0e34\u0e15\u0e20\u0e31\u0e13\u0e11\u0e4c\/panel-rack-rab301\/#primaryimage\",\"url\":\"https:\/\/sxflightcase.com\/wp-content\/uploads\/2024\/09\/RAB301.jpg\",\"contentUrl\":\"https:\/\/sxflightcase.com\/wp-content\/uploads\/2024\/09\/RAB301.jpg\",\"width\":700,\"height\":700,\"caption\":\"Panel Rack\"},{\"@type\":\"BreadcrumbList\",\"@id\":\"https:\/\/sxflightcase.com\/th\/\u0e1c\u0e25\u0e34\u0e15\u0e20\u0e31\u0e13\u0e11\u0e4c\/panel-rack-rab301\/#breadcrumb\",\"itemListElement\":[{\"@type\":\"ListItem\",\"position\":1,\"name\":\"Home\",\"item\":\"https:\/\/sxflightcase.com\/\"},{\"@type\":\"ListItem\",\"position\":2,\"name\":\"\u0e2a\u0e34\u0e19\u0e04\u0e49\u0e32\",\"item\":\"https:\/\/sxflightcase.com\/th\/shop\/\"},{\"@type\":\"ListItem\",\"position\":3,\"name\":\"Panel Rack RAB301\"}]},{\"@type\":\"WebSite\",\"@id\":\"https:\/\/sxflightcase.com\/th\/#website\",\"url\":\"https:\/\/sxflightcase.com\/th\/\",\"name\":\"sxpowercase.com\",\"description\":\"Flight Case Factory\",\"publisher\":{\"@id\":\"https:\/\/sxflightcase.com\/th\/#organization\"},\"potentialAction\":[{\"@type\":\"SearchAction\",\"target\":{\"@type\":\"EntryPoint\",\"urlTemplate\":\"https:\/\/sxflightcase.com\/th\/?s={search_term_string}\"},\"query-input\":{\"@type\":\"PropertyValueSpecification\",\"valueRequired\":true,\"valueName\":\"search_term_string\"}}],\"inLanguage\":\"hu\"},{\"@type\":\"Organization\",\"@id\":\"https:\/\/sxflightcase.com\/th\/#organization\",\"name\":\"sxpowercase.com\",\"url\":\"https:\/\/sxflightcase.com\/th\/\",\"logo\":{\"@type\":\"ImageObject\",\"inLanguage\":\"hu\",\"@id\":\"https:\/\/sxflightcase.com\/th\/#\/schema\/logo\/image\/\",\"url\":\"https:\/\/sxflightcase.com\/wp-content\/uploads\/2024\/04\/1713919036007.jpg\",\"contentUrl\":\"https:\/\/sxflightcase.com\/wp-content\/uploads\/2024\/04\/1713919036007.jpg\",\"width\":382,\"height\":388,\"caption\":\"sxpowercase.com\"},\"image\":{\"@id\":\"https:\/\/sxflightcase.com\/th\/#\/schema\/logo\/image\/\"},\"sameAs\":[\"https:\/\/www.facebook.com\/profile.php?id=61560407257971\"],\"numberOfEmployees\":{\"@type\":\"QuantitativeValue\",\"minValue\":\"11\",\"maxValue\":\"50\"}}]}<\/script>\n<!-- \/ Yoast SEO Premium plugin. -->","yoast_head_json":{"title":"Panel Rack RAB301 - https:\/\/sxflightcase.com \ud83d\udc97","description":"Panel \u00e1llv\u00e1ny, gy\u00e1ri k\u00f6zvetlen! Kiv\u00e1l\u00f3 min\u0151s\u00e9g\u0171, tart\u00f3s \u00e1llv\u00e1nyok, amelyeket a berendez\u00e9sek biztons\u00e1gos r\u00f6gz\u00edt\u00e9s\u00e9re \u00e9s rendszerez\u00e9s\u00e9re terveztek. T\u00f6k\u00e9letes professzion\u00e1lis be\u00e1ll\u00edt\u00e1sokhoz, hat\u00e9kony haszn\u00e1latot \u00e9s stabilit\u00e1st biztos\u00edtva.","robots":{"index":"index","follow":"follow","max-snippet":"max-snippet:-1","max-image-preview":"max-image-preview:large","max-video-preview":"max-video-preview:-1"},"canonical":"https:\/\/sxflightcase.com\/hu\/\u0e1c\u0e25\u0e34\u0e15\u0e20\u0e31\u0e13\u0e11\u0e4c\/panel-rack-rab301\/","og_locale":"hu_HU","og_type":"article","og_title":"Panel Rack RAB301","og_description":"Panel rack, factory direct! High-quality, durable racks designed for securely mounting and organizing equipment. Perfect for professional setups, ensuring efficient use and stability.","og_url":"https:\/\/sxflightcase.com\/hu\/\u0e1c\u0e25\u0e34\u0e15\u0e20\u0e31\u0e13\u0e11\u0e4c\/panel-rack-rab301\/","og_site_name":"https:\/\/sxflightcase.com","article_publisher":"https:\/\/www.facebook.com\/profile.php?id=61560407257971","article_modified_time":"2024-09-11T06:14:19+00:00","og_image":[{"width":700,"height":700,"url":"https:\/\/sxflightcase.com\/wp-content\/uploads\/2024\/09\/RAB301.jpg","type":"image\/jpeg"}],"twitter_card":"summary_large_image","twitter_misc":{"Becs\u00fclt olvas\u00e1si id\u0151":"3 perc"},"schema":{"@context":"https:\/\/schema.org","@graph":[{"@type":"WebPage","@id":"https:\/\/sxflightcase.com\/th\/\u0e1c\u0e25\u0e34\u0e15\u0e20\u0e31\u0e13\u0e11\u0e4c\/panel-rack-rab301\/","url":"https:\/\/sxflightcase.com\/th\/\u0e1c\u0e25\u0e34\u0e15\u0e20\u0e31\u0e13\u0e11\u0e4c\/panel-rack-rab301\/","name":"Panel Rack RAB301 - https:\/\/sxflightcase.com \ud83d\udc97","isPartOf":{"@id":"https:\/\/sxflightcase.com\/th\/#website"},"primaryImageOfPage":{"@id":"https:\/\/sxflightcase.com\/th\/\u0e1c\u0e25\u0e34\u0e15\u0e20\u0e31\u0e13\u0e11\u0e4c\/panel-rack-rab301\/#primaryimage"},"image":{"@id":"https:\/\/sxflightcase.com\/th\/\u0e1c\u0e25\u0e34\u0e15\u0e20\u0e31\u0e13\u0e11\u0e4c\/panel-rack-rab301\/#primaryimage"},"thumbnailUrl":"https:\/\/sxflightcase.com\/wp-content\/uploads\/2024\/09\/RAB301.jpg","datePublished":"2024-09-11T06:14:18+00:00","dateModified":"2024-09-11T06:14:19+00:00","description":"Panel \u00e1llv\u00e1ny, gy\u00e1ri k\u00f6zvetlen! Kiv\u00e1l\u00f3 min\u0151s\u00e9g\u0171, tart\u00f3s \u00e1llv\u00e1nyok, amelyeket a berendez\u00e9sek biztons\u00e1gos r\u00f6gz\u00edt\u00e9s\u00e9re \u00e9s rendszerez\u00e9s\u00e9re terveztek. T\u00f6k\u00e9letes professzion\u00e1lis be\u00e1ll\u00edt\u00e1sokhoz, hat\u00e9kony haszn\u00e1latot \u00e9s stabilit\u00e1st biztos\u00edtva.","breadcrumb":{"@id":"https:\/\/sxflightcase.com\/th\/\u0e1c\u0e25\u0e34\u0e15\u0e20\u0e31\u0e13\u0e11\u0e4c\/panel-rack-rab301\/#breadcrumb"},"inLanguage":"hu","potentialAction":[{"@type":"ReadAction","target":["https:\/\/sxflightcase.com\/th\/\u0e1c\u0e25\u0e34\u0e15\u0e20\u0e31\u0e13\u0e11\u0e4c\/panel-rack-rab301\/"]}]},{"@type":"ImageObject","inLanguage":"hu","@id":"https:\/\/sxflightcase.com\/th\/\u0e1c\u0e25\u0e34\u0e15\u0e20\u0e31\u0e13\u0e11\u0e4c\/panel-rack-rab301\/#primaryimage","url":"https:\/\/sxflightcase.com\/wp-content\/uploads\/2024\/09\/RAB301.jpg","contentUrl":"https:\/\/sxflightcase.com\/wp-content\/uploads\/2024\/09\/RAB301.jpg","width":700,"height":700,"caption":"Panel Rack"},{"@type":"BreadcrumbList","@id":"https:\/\/sxflightcase.com\/th\/\u0e1c\u0e25\u0e34\u0e15\u0e20\u0e31\u0e13\u0e11\u0e4c\/panel-rack-rab301\/#breadcrumb","itemListElement":[{"@type":"ListItem","position":1,"name":"Home","item":"https:\/\/sxflightcase.com\/"},{"@type":"ListItem","position":2,"name":"\u0e2a\u0e34\u0e19\u0e04\u0e49\u0e32","item":"https:\/\/sxflightcase.com\/th\/shop\/"},{"@type":"ListItem","position":3,"name":"Panel Rack RAB301"}]},{"@type":"WebSite","@id":"https:\/\/sxflightcase.com\/th\/#website","url":"https:\/\/sxflightcase.com\/th\/","name":"sxpowercase.com","description":"Flight Case Factory","publisher":{"@id":"https:\/\/sxflightcase.com\/th\/#organization"},"potentialAction":[{"@type":"SearchAction","target":{"@type":"EntryPoint","urlTemplate":"https:\/\/sxflightcase.com\/th\/?s={search_term_string}"},"query-input":{"@type":"PropertyValueSpecification","valueRequired":true,"valueName":"search_term_string"}}],"inLanguage":"hu"},{"@type":"Organization","@id":"https:\/\/sxflightcase.com\/th\/#organization","name":"sxpowercase.com","url":"https:\/\/sxflightcase.com\/th\/","logo":{"@type":"ImageObject","inLanguage":"hu","@id":"https:\/\/sxflightcase.com\/th\/#\/schema\/logo\/image\/","url":"https:\/\/sxflightcase.com\/wp-content\/uploads\/2024\/04\/1713919036007.jpg","contentUrl":"https:\/\/sxflightcase.com\/wp-content\/uploads\/2024\/04\/1713919036007.jpg","width":382,"height":388,"caption":"sxpowercase.com"},"image":{"@id":"https:\/\/sxflightcase.com\/th\/#\/schema\/logo\/image\/"},"sameAs":["https:\/\/www.facebook.com\/profile.php?id=61560407257971"],"numberOfEmployees":{"@type":"QuantitativeValue","minValue":"11","maxValue":"50"}}]}},"_links":{"self":[{"href":"https:\/\/sxflightcase.com\/hu\/wp-json\/wp\/v2\/product\/4356","targetHints":{"allow":["GET"]}}],"collection":[{"href":"https:\/\/sxflightcase.com\/hu\/wp-json\/wp\/v2\/product"}],"about":[{"href":"https:\/\/sxflightcase.com\/hu\/wp-json\/wp\/v2\/types\/product"}],"replies":[{"embeddable":true,"href":"https:\/\/sxflightcase.com\/hu\/wp-json\/wp\/v2\/comments?post=4356"}],"version-history":[{"count":0,"href":"https:\/\/sxflightcase.com\/hu\/wp-json\/wp\/v2\/product\/4356\/revisions"}],"wp:featuredmedia":[{"embeddable":true,"href":"https:\/\/sxflightcase.com\/hu\/wp-json\/wp\/v2\/media\/4283"}],"wp:attachment":[{"href":"https:\/\/sxflightcase.com\/hu\/wp-json\/wp\/v2\/media?parent=4356"}],"wp:term":[{"taxonomy":"product_brand","embeddable":true,"href":"https:\/\/sxflightcase.com\/hu\/wp-json\/wp\/v2\/product_brand?post=4356"},{"taxonomy":"product_cat","embeddable":true,"href":"https:\/\/sxflightcase.com\/hu\/wp-json\/wp\/v2\/product_cat?post=4356"},{"taxonomy":"product_tag","embeddable":true,"href":"https:\/\/sxflightcase.com\/hu\/wp-json\/wp\/v2\/product_tag?post=4356"}],"curies":[{"name":"wp","href":"https:\/\/api.w.org\/{rel}","templated":true}]}}