{"id":4398,"date":"2024-09-13T07:12:03","date_gmt":"2024-09-13T06:12:03","guid":{"rendered":"https:\/\/sxpowercase.com\/?post_type=product&#038;p=4398"},"modified":"2024-09-13T07:12:03","modified_gmt":"2024-09-13T06:12:03","slug":"audio-rack-panel-rab304","status":"publish","type":"product","link":"https:\/\/sxflightcase.com\/hu\/termek\/audio-rack-panel-rab304\/","title":{"rendered":"Audio Rack Panel RAB304"},"content":{"rendered":"<h3>Professzion\u00e1lis audio rack panelek az SX-t\u0151l<\/h3>\n<p>Amikor az audioberendez\u00e9sek szervez\u00e9s\u00e9r\u0151l van sz\u00f3, egy <span style=\"color: #0000ff;\"><a style=\"color: #0000ff;\" href=\"https:\/\/sxpowercase.com\/product\/blank-rack-panels\/\"><strong>Audio Rack panel<\/strong><\/a><\/span> mind a funkcionalit\u00e1s, mind a megjelen\u00e9s szempontj\u00e1b\u00f3l alapvet\u0151 fontoss\u00e1g\u00fa. A  oldalon <strong>SX<\/strong>, kiv\u00e1l\u00f3 min\u0151s\u00e9g\u0171 paneleket k\u00edn\u00e1lunk, amelyeket a k\u00fcl\u00f6nb\u00f6z\u0151 audiofelszerel\u00e9sekhez terveztek, biztos\u00edtva, hogy felszerel\u00e9sei v\u00e9dve \u00e9s rendszerezve legyenek. T\u00f6bb \u00e9ves szak\u00e9rtelemmel megb\u00edzhat\u00f3 audio megold\u00e1sok el\u0151\u00e1ll\u00edt\u00e1s\u00e1ban, <strong>SX<\/strong> garant\u00e1lja, hogy paneleink megfelelnek a legmagasabb ipari szabv\u00e1nyoknak.<\/p>\n<h3>Min\u0151s\u00e9gi konstrukci\u00f3 a tart\u00f3ss\u00e1g\u00e9rt<\/h3>\n<p>A <strong>Audio Rack panel<\/strong>\u00a0kiv\u00e1l\u00f3 min\u0151s\u00e9g\u0171 anyagokb\u00f3l k\u00e9sz\u00fclnek, hogy biztos\u00edts\u00e1k a szil\u00e1rds\u00e1got \u00e9s a hossz\u00fa \u00e9lettartamot. Ak\u00e1r professzion\u00e1lis hangrendszert, ak\u00e1r otthoni st\u00fadi\u00f3t kezel, <strong><a href=\"https:\/\/sxpowercase.com\/\" target=\"_blank\" rel=\"noopener\" title=\"SX\" data-wpil-monitor-id=\"751\">SX<\/a><\/strong> A panelek szil\u00e1rd alapot biztos\u00edtanak a berendez\u00e9s sz\u00e1m\u00e1ra. A tart\u00f3ss\u00e1gra tervezett panelek ellen\u00e1llnak a kop\u00e1snak \u00e9s az elhaszn\u00e1l\u00f3d\u00e1snak, \u00edgy megb\u00edzhat\u00f3 v\u00e1laszt\u00e1snak bizonyulnak minden audiofelszerel\u00e9si ig\u00e9nye eset\u00e9n.<\/p>\n<h3>Gy\u00e1ri k\u00f6zvetlen \u00e1rak, amelyekben megb\u00edzhat<\/h3>\n<p>A  c\u00edmen. <strong>SX<\/strong>, hisz\u00fcnk abban, hogy pr\u00e9mium term\u00e9keket k\u00edn\u00e1lunk pr\u00e9mium \u00e1rc\u00e9dula n\u00e9lk\u00fcl. A gy\u00e1ri k\u00f6zvetlen \u00e9rt\u00e9kes\u00edt\u00e9ssel kiz\u00e1rjuk a k\u00f6zvet\u00edt\u0151ket, \u00edgy biztos\u00edtva, hogy \u00d6n a legjobb \u00e1r-\u00e9rt\u00e9k ar\u00e1nyt kapja. A <strong>Audio Rack panel<\/strong>\u00a0versenyk\u00e9pes \u00e1r\u00faak, \u00e9s k\u00f6lts\u00e9ghat\u00e9kony megold\u00e1sokat k\u00edn\u00e1lnak a min\u0151s\u00e9g rov\u00e1s\u00e1ra. Ez lehet\u0151v\u00e9 teszi, hogy a k\u00f6lts\u00e9gek t\u00f6red\u00e9k\u00e9\u00e9rt megb\u00edzhat\u00f3 felszerel\u00e9ssel szerelje fel berendez\u00e9s\u00e9t.<\/p>\n<h3>Egyszer\u0171 telep\u00edt\u00e9s \u00e9s kompatibilit\u00e1s<\/h3>\n<p>SX <strong>Audio Rack panel<\/strong>\u00a0\u00fagy tervezt\u00e9k, hogy egyszer\u0171 \u00e9s k\u00f6nnyen telep\u00edthet\u0151 legyen. Kompatibilisek a szabv\u00e1nyos rackrendszerekkel, \u00edgy gyorsan felszerelhet\u0151k egy szervezett audiorendszer l\u00e9trehoz\u00e1s\u00e1hoz. A letisztult kialak\u00edt\u00e1s biztos\u00edtja, hogy a k\u00e9sz\u00fcl\u00e9k\u00e1llv\u00e1ny professzion\u00e1lis \u00e9s funkcion\u00e1lis maradjon, optim\u00e1lis helyet biztos\u00edtva a k\u00e1belek \u00e9s az audioeszk\u00f6z\u00f6k kezel\u00e9s\u00e9hez.<\/p>\n<h3>Optim\u00e1lis v\u00e9delem a hangbe\u00e1ll\u00edt\u00e1sok sz\u00e1m\u00e1ra<\/h3>\n<p>Az audioberendez\u00e9sek v\u00e9delme alapvet\u0151 fontoss\u00e1g\u00fa, \u00e9s a mi <strong>Audio Rack panel<\/strong>\u00a0megold\u00e1st ny\u00fajt. Nemcsak a felszerel\u00e9s r\u00f6gz\u00edt\u00e9s\u00e9t seg\u00edtik, hanem jav\u00edtj\u00e1k a l\u00e9g\u00e1raml\u00e1st is, cs\u00f6kkentve a t\u00falmeleged\u00e9s kock\u00e1zat\u00e1t. Ezek a panelek megv\u00e9dik berendez\u00e9seit a port\u00f3l \u00e9s a t\u00f6rmel\u00e9kt\u0151l, \u00edgy biztos\u00edtva az \u00f6sszes eszk\u00f6z hossz\u00fa \u00e9lettartam\u00e1t \u00e9s z\u00f6kken\u0151mentes m\u0171k\u00f6d\u00e9s\u00e9t.<\/p>\n<h3>Szakemberek vil\u00e1gszerte megb\u00edznak benne<\/h3>\n<p><strong>SX<\/strong> egy megb\u00edzhat\u00f3 n\u00e9v az audioiparban, amely a kiv\u00e1l\u00f3 min\u0151s\u00e9g\u0171, kiv\u00e1l\u00f3 min\u0151s\u00e9g\u0171 <strong>Audio Rack panelek<\/strong>. A zenei st\u00fadi\u00f3kt\u00f3l az \u00e9l\u0151 rendezv\u00e9nyekig, a szakemberek vil\u00e1gszerte megb\u00edznak paneleinkben tart\u00f3ss\u00e1guk, funkcionalit\u00e1suk \u00e9s megfizethet\u0151s\u00e9g\u00fck miatt. A min\u0151s\u00e9gre \u00e9s az \u00e1rra \u00f6sszpontos\u00edtva, <strong>SX<\/strong> biztos\u00edtja, hogy a legjobb term\u00e9keket kapja audio rackj\u00e9hez.<\/p>\n<h3>Az SX seg\u00edts\u00e9g\u00e9vel friss\u00edtheti audi\u00f3 be\u00e1ll\u00edt\u00e1sait<\/h3>\n<p>Ha szeretn\u00e9 jav\u00edtani audiofelszerel\u00e9seinek rendszerez\u00e9s\u00e9t \u00e9s v\u00e9delm\u00e9t, <strong>SX Audio Rack panelek<\/strong> a t\u00f6k\u00e9letes megold\u00e1s. A gy\u00e1ri k\u00f6zvetlen \u00e1rk\u00e9pz\u00e9s, a tart\u00f3s anyagok \u00e9s a professzion\u00e1lis formatervez\u00e9s ir\u00e1nti elk\u00f6telezetts\u00e9g\u00fcnkkel, <strong>SX<\/strong> a legjobb lehet\u0151s\u00e9geket k\u00edn\u00e1lja az audio rajong\u00f3k \u00e9s a szakemberek sz\u00e1m\u00e1ra egyar\u00e1nt. Szerelje fel rackj\u00e9t <strong>SX<\/strong> \u00e9s tapasztalja meg a min\u0151s\u00e9g \u00e9s a teljes\u00edtm\u00e9ny k\u00fcl\u00f6nbs\u00e9g\u00e9t.<\/p>\n<ol>\n<li>Kapcsolatfelv\u00e9tel most:<span style=\"color: #0000ff;\"><a style=\"color: #0000ff;\" href=\"https:\/\/sxpowercase.com\/contact-us\/\">https:\/\/sxpowercase.com\/<\/a><\/span><\/li>\n<li>Hardver term\u00e9kkatal\u00f3gus\uff1a<span style=\"color: #0000ff;\"><a style=\"color: #0000ff;\" href=\"https:\/\/sxpowercase.com\/wp-content\/uploads\/2024\/07\/\u4e94\u91d1.pdf\">Hardver tartoz\u00e9kok katal\u00f3gusa<\/a><\/span><\/li>\n<\/ol>","protected":false},"excerpt":{"rendered":"<div class=\"flex max-w-full flex-col flex-grow\">\n<div class=\"min-h-[20px] text-message flex w-full flex-col items-end gap-2 whitespace-normal break-words [.text-message+&amp;]:mt-5\" dir=\"auto\" data-message-author-role=\"assistant\" data-message-id=\"aba26d0f-37c4-4886-8751-c903e68e8cbc\">\n<div class=\"flex w-full flex-col gap-1 empty:hidden first:pt-[3px]\">\n<div class=\"markdown prose w-full break-words dark:prose-invert light\">\n<h3>Durable Audio Rack Panels by SX<\/h3>\n<p>SX Audio Rack Panels are built with high-quality materials, ensuring strength and longevity for both professional and home studio setups.<\/p>\n<h3>Affordable Factory-Direct Pricing<\/h3>\n<p>Get premium audio solutions at unbeatable factory-direct prices with SX, offering high-performance Audio Rack Panels without the middleman mark-up.<\/p>\n<h3>Easy Installation and Equipment Protection<\/h3>\n<p>SX Audio Rack Panels are simple to install, compatible with standard racks, and provide optimal protection by improving airflow and reducing dust buildup.<\/p>\n<\/div>\n<\/div>\n<\/div>\n<\/div>\n","protected":false},"featured_media":4286,"comment_status":"open","ping_status":"closed","template":"","meta":[],"product_brand":[],"product_cat":[66],"product_tag":[],"class_list":{"0":"post-4398","1":"product","2":"type-product","3":"status-publish","4":"has-post-thumbnail","6":"product_cat-rack-hardware","8":"first","9":"instock","10":"shipping-taxable","11":"product-type-simple"},"yoast_head":"<!-- This site is optimized with the Yoast SEO Premium plugin v27.1 (Yoast SEO v27.2) - https:\/\/yoast.com\/product\/yoast-seo-premium-wordpress\/ -->\n<title>Audio Rack Panel RAB304 - https:\/\/sxflightcase.com \ud83d\udc97<\/title>\n<meta name=\"description\" content=\"Audio rack panel, factory direct! High-quality, durable panels designed for securely mounting and organizing audio equipment in racks. Ideal for professional studios, live sound setups, and AV installations.\" \/>\n<meta name=\"robots\" content=\"index, follow, max-snippet:-1, max-image-preview:large, max-video-preview:-1\" \/>\n<link rel=\"canonical\" href=\"https:\/\/sxflightcase.com\/hu\/termek\/audio-rack-panel-rab304\/\" \/>\n<meta property=\"og:locale\" content=\"hu_HU\" \/>\n<meta property=\"og:type\" content=\"article\" \/>\n<meta property=\"og:title\" content=\"Audio Rack Panel RAB304\" \/>\n<meta property=\"og:description\" content=\"Audio rack panel, factory direct! High-quality, durable panels designed for securely mounting and organizing audio equipment in racks. Ideal for professional studios, live sound setups, and AV installations.\" \/>\n<meta property=\"og:url\" content=\"https:\/\/sxflightcase.com\/hu\/termek\/audio-rack-panel-rab304\/\" \/>\n<meta property=\"og:site_name\" content=\"https:\/\/sxflightcase.com\" \/>\n<meta property=\"article:publisher\" content=\"https:\/\/www.facebook.com\/profile.php?id=61560407257971\" \/>\n<meta property=\"og:image\" content=\"https:\/\/sxflightcase.com\/wp-content\/uploads\/2024\/09\/RAB304.jpg\" \/>\n\t<meta property=\"og:image:width\" content=\"700\" \/>\n\t<meta property=\"og:image:height\" content=\"700\" \/>\n\t<meta property=\"og:image:type\" content=\"image\/jpeg\" \/>\n<meta name=\"twitter:card\" content=\"summary_large_image\" \/>\n<meta name=\"twitter:label1\" content=\"Becs\u00fclt olvas\u00e1si id\u0151\" \/>\n\t<meta name=\"twitter:data1\" content=\"3 perc\" \/>\n<script type=\"application\/ld+json\" class=\"yoast-schema-graph\">{\"@context\":\"https:\/\/schema.org\",\"@graph\":[{\"@type\":\"WebPage\",\"@id\":\"https:\/\/sxflightcase.com\/product\/audio-rack-panel-rab304\/\",\"url\":\"https:\/\/sxflightcase.com\/product\/audio-rack-panel-rab304\/\",\"name\":\"Audio Rack Panel RAB304 - https:\/\/sxflightcase.com \ud83d\udc97\",\"isPartOf\":{\"@id\":\"https:\/\/sxflightcase.com\/th\/#website\"},\"primaryImageOfPage\":{\"@id\":\"https:\/\/sxflightcase.com\/product\/audio-rack-panel-rab304\/#primaryimage\"},\"image\":{\"@id\":\"https:\/\/sxflightcase.com\/product\/audio-rack-panel-rab304\/#primaryimage\"},\"thumbnailUrl\":\"https:\/\/sxflightcase.com\/wp-content\/uploads\/2024\/09\/RAB304.jpg\",\"datePublished\":\"2024-09-13T06:12:03+00:00\",\"description\":\"Audio rack panel, factory direct! High-quality, durable panels designed for securely mounting and organizing audio equipment in racks. Ideal for professional studios, live sound setups, and AV installations.\",\"breadcrumb\":{\"@id\":\"https:\/\/sxflightcase.com\/product\/audio-rack-panel-rab304\/#breadcrumb\"},\"inLanguage\":\"hu\",\"potentialAction\":[{\"@type\":\"ReadAction\",\"target\":[\"https:\/\/sxflightcase.com\/product\/audio-rack-panel-rab304\/\"]}]},{\"@type\":\"ImageObject\",\"inLanguage\":\"hu\",\"@id\":\"https:\/\/sxflightcase.com\/product\/audio-rack-panel-rab304\/#primaryimage\",\"url\":\"https:\/\/sxflightcase.com\/wp-content\/uploads\/2024\/09\/RAB304.jpg\",\"contentUrl\":\"https:\/\/sxflightcase.com\/wp-content\/uploads\/2024\/09\/RAB304.jpg\",\"width\":700,\"height\":700,\"caption\":\"Audio Rack Panel\"},{\"@type\":\"BreadcrumbList\",\"@id\":\"https:\/\/sxflightcase.com\/product\/audio-rack-panel-rab304\/#breadcrumb\",\"itemListElement\":[{\"@type\":\"ListItem\",\"position\":1,\"name\":\"Home\",\"item\":\"https:\/\/sxflightcase.com\/\"},{\"@type\":\"ListItem\",\"position\":2,\"name\":\"\u0e2a\u0e34\u0e19\u0e04\u0e49\u0e32\",\"item\":\"https:\/\/sxflightcase.com\/th\/shop\/\"},{\"@type\":\"ListItem\",\"position\":3,\"name\":\"Audio Rack Panel RAB304\"}]},{\"@type\":\"WebSite\",\"@id\":\"https:\/\/sxflightcase.com\/th\/#website\",\"url\":\"https:\/\/sxflightcase.com\/th\/\",\"name\":\"sxpowercase.com\",\"description\":\"Flight Case Factory\",\"publisher\":{\"@id\":\"https:\/\/sxflightcase.com\/th\/#organization\"},\"potentialAction\":[{\"@type\":\"SearchAction\",\"target\":{\"@type\":\"EntryPoint\",\"urlTemplate\":\"https:\/\/sxflightcase.com\/th\/?s={search_term_string}\"},\"query-input\":{\"@type\":\"PropertyValueSpecification\",\"valueRequired\":true,\"valueName\":\"search_term_string\"}}],\"inLanguage\":\"hu\"},{\"@type\":\"Organization\",\"@id\":\"https:\/\/sxflightcase.com\/th\/#organization\",\"name\":\"sxpowercase.com\",\"url\":\"https:\/\/sxflightcase.com\/th\/\",\"logo\":{\"@type\":\"ImageObject\",\"inLanguage\":\"hu\",\"@id\":\"https:\/\/sxflightcase.com\/th\/#\/schema\/logo\/image\/\",\"url\":\"https:\/\/sxflightcase.com\/wp-content\/uploads\/2024\/04\/1713919036007.jpg\",\"contentUrl\":\"https:\/\/sxflightcase.com\/wp-content\/uploads\/2024\/04\/1713919036007.jpg\",\"width\":382,\"height\":388,\"caption\":\"sxpowercase.com\"},\"image\":{\"@id\":\"https:\/\/sxflightcase.com\/th\/#\/schema\/logo\/image\/\"},\"sameAs\":[\"https:\/\/www.facebook.com\/profile.php?id=61560407257971\"],\"numberOfEmployees\":{\"@type\":\"QuantitativeValue\",\"minValue\":\"11\",\"maxValue\":\"50\"}}]}<\/script>\n<!-- \/ Yoast SEO Premium plugin. -->","yoast_head_json":{"title":"Audio Rack Panel RAB304 - https:\/\/sxflightcase.com \ud83d\udc97","description":"Audio rack panel, gy\u00e1ri direkt! Kiv\u00e1l\u00f3 min\u0151s\u00e9g\u0171, tart\u00f3s panelek, amelyeket az audioberendez\u00e9sek biztons\u00e1gos rackbe t\u00f6rt\u00e9n\u0151 r\u00f6gz\u00edt\u00e9s\u00e9re \u00e9s szervez\u00e9s\u00e9re terveztek. Ide\u00e1lis professzion\u00e1lis st\u00fadi\u00f3khoz, \u00e9l\u0151 hangfelszerel\u00e9sekhez \u00e9s AV-berendez\u00e9sekhez.","robots":{"index":"index","follow":"follow","max-snippet":"max-snippet:-1","max-image-preview":"max-image-preview:large","max-video-preview":"max-video-preview:-1"},"canonical":"https:\/\/sxflightcase.com\/hu\/termek\/audio-rack-panel-rab304\/","og_locale":"hu_HU","og_type":"article","og_title":"Audio Rack Panel RAB304","og_description":"Audio rack panel, factory direct! High-quality, durable panels designed for securely mounting and organizing audio equipment in racks. Ideal for professional studios, live sound setups, and AV installations.","og_url":"https:\/\/sxflightcase.com\/hu\/termek\/audio-rack-panel-rab304\/","og_site_name":"https:\/\/sxflightcase.com","article_publisher":"https:\/\/www.facebook.com\/profile.php?id=61560407257971","og_image":[{"width":700,"height":700,"url":"https:\/\/sxflightcase.com\/wp-content\/uploads\/2024\/09\/RAB304.jpg","type":"image\/jpeg"}],"twitter_card":"summary_large_image","twitter_misc":{"Becs\u00fclt olvas\u00e1si id\u0151":"3 perc"},"schema":{"@context":"https:\/\/schema.org","@graph":[{"@type":"WebPage","@id":"https:\/\/sxflightcase.com\/product\/audio-rack-panel-rab304\/","url":"https:\/\/sxflightcase.com\/product\/audio-rack-panel-rab304\/","name":"Audio Rack Panel RAB304 - https:\/\/sxflightcase.com \ud83d\udc97","isPartOf":{"@id":"https:\/\/sxflightcase.com\/th\/#website"},"primaryImageOfPage":{"@id":"https:\/\/sxflightcase.com\/product\/audio-rack-panel-rab304\/#primaryimage"},"image":{"@id":"https:\/\/sxflightcase.com\/product\/audio-rack-panel-rab304\/#primaryimage"},"thumbnailUrl":"https:\/\/sxflightcase.com\/wp-content\/uploads\/2024\/09\/RAB304.jpg","datePublished":"2024-09-13T06:12:03+00:00","description":"Audio rack panel, gy\u00e1ri direkt! Kiv\u00e1l\u00f3 min\u0151s\u00e9g\u0171, tart\u00f3s panelek, amelyeket az audioberendez\u00e9sek biztons\u00e1gos rackbe t\u00f6rt\u00e9n\u0151 r\u00f6gz\u00edt\u00e9s\u00e9re \u00e9s szervez\u00e9s\u00e9re terveztek. Ide\u00e1lis professzion\u00e1lis st\u00fadi\u00f3khoz, \u00e9l\u0151 hangfelszerel\u00e9sekhez \u00e9s AV-berendez\u00e9sekhez.","breadcrumb":{"@id":"https:\/\/sxflightcase.com\/product\/audio-rack-panel-rab304\/#breadcrumb"},"inLanguage":"hu","potentialAction":[{"@type":"ReadAction","target":["https:\/\/sxflightcase.com\/product\/audio-rack-panel-rab304\/"]}]},{"@type":"ImageObject","inLanguage":"hu","@id":"https:\/\/sxflightcase.com\/product\/audio-rack-panel-rab304\/#primaryimage","url":"https:\/\/sxflightcase.com\/wp-content\/uploads\/2024\/09\/RAB304.jpg","contentUrl":"https:\/\/sxflightcase.com\/wp-content\/uploads\/2024\/09\/RAB304.jpg","width":700,"height":700,"caption":"Audio Rack Panel"},{"@type":"BreadcrumbList","@id":"https:\/\/sxflightcase.com\/product\/audio-rack-panel-rab304\/#breadcrumb","itemListElement":[{"@type":"ListItem","position":1,"name":"Home","item":"https:\/\/sxflightcase.com\/"},{"@type":"ListItem","position":2,"name":"\u0e2a\u0e34\u0e19\u0e04\u0e49\u0e32","item":"https:\/\/sxflightcase.com\/th\/shop\/"},{"@type":"ListItem","position":3,"name":"Audio Rack Panel RAB304"}]},{"@type":"WebSite","@id":"https:\/\/sxflightcase.com\/th\/#website","url":"https:\/\/sxflightcase.com\/th\/","name":"sxpowercase.com","description":"Flight Case Factory","publisher":{"@id":"https:\/\/sxflightcase.com\/th\/#organization"},"potentialAction":[{"@type":"SearchAction","target":{"@type":"EntryPoint","urlTemplate":"https:\/\/sxflightcase.com\/th\/?s={search_term_string}"},"query-input":{"@type":"PropertyValueSpecification","valueRequired":true,"valueName":"search_term_string"}}],"inLanguage":"hu"},{"@type":"Organization","@id":"https:\/\/sxflightcase.com\/th\/#organization","name":"sxpowercase.com","url":"https:\/\/sxflightcase.com\/th\/","logo":{"@type":"ImageObject","inLanguage":"hu","@id":"https:\/\/sxflightcase.com\/th\/#\/schema\/logo\/image\/","url":"https:\/\/sxflightcase.com\/wp-content\/uploads\/2024\/04\/1713919036007.jpg","contentUrl":"https:\/\/sxflightcase.com\/wp-content\/uploads\/2024\/04\/1713919036007.jpg","width":382,"height":388,"caption":"sxpowercase.com"},"image":{"@id":"https:\/\/sxflightcase.com\/th\/#\/schema\/logo\/image\/"},"sameAs":["https:\/\/www.facebook.com\/profile.php?id=61560407257971"],"numberOfEmployees":{"@type":"QuantitativeValue","minValue":"11","maxValue":"50"}}]}},"_links":{"self":[{"href":"https:\/\/sxflightcase.com\/hu\/wp-json\/wp\/v2\/product\/4398","targetHints":{"allow":["GET"]}}],"collection":[{"href":"https:\/\/sxflightcase.com\/hu\/wp-json\/wp\/v2\/product"}],"about":[{"href":"https:\/\/sxflightcase.com\/hu\/wp-json\/wp\/v2\/types\/product"}],"replies":[{"embeddable":true,"href":"https:\/\/sxflightcase.com\/hu\/wp-json\/wp\/v2\/comments?post=4398"}],"version-history":[{"count":0,"href":"https:\/\/sxflightcase.com\/hu\/wp-json\/wp\/v2\/product\/4398\/revisions"}],"wp:featuredmedia":[{"embeddable":true,"href":"https:\/\/sxflightcase.com\/hu\/wp-json\/wp\/v2\/media\/4286"}],"wp:attachment":[{"href":"https:\/\/sxflightcase.com\/hu\/wp-json\/wp\/v2\/media?parent=4398"}],"wp:term":[{"taxonomy":"product_brand","embeddable":true,"href":"https:\/\/sxflightcase.com\/hu\/wp-json\/wp\/v2\/product_brand?post=4398"},{"taxonomy":"product_cat","embeddable":true,"href":"https:\/\/sxflightcase.com\/hu\/wp-json\/wp\/v2\/product_cat?post=4398"},{"taxonomy":"product_tag","embeddable":true,"href":"https:\/\/sxflightcase.com\/hu\/wp-json\/wp\/v2\/product_tag?post=4398"}],"curies":[{"name":"wp","href":"https:\/\/api.w.org\/{rel}","templated":true}]}}