{"id":4401,"date":"2024-09-13T07:29:12","date_gmt":"2024-09-13T06:29:12","guid":{"rendered":"https:\/\/sxpowercase.com\/?post_type=product&#038;p=4401"},"modified":"2024-09-13T07:29:13","modified_gmt":"2024-09-13T06:29:13","slug":"rack-panel-punched-rab307","status":"publish","type":"product","link":"https:\/\/sxflightcase.com\/hu\/termek\/rack-panel-lyukasztott-rab307\/","title":{"rendered":"Rack panel lyukasztott RAB307"},"content":{"rendered":"<h3>N\u00f6velje felszerel\u00e9s\u00e9t az SX Rack Panel Punched seg\u00edts\u00e9g\u00e9vel<\/h3>\n<p><a href=\"https:\/\/sxpowercase.com\/product\/rack-panel-punched-rab306\/\"><strong>SX Rack panel lyukasztott<\/strong><\/a> megb\u00edzhat\u00f3 \u00e9s professzion\u00e1lis megold\u00e1st k\u00edn\u00e1l az \u00e1llv\u00e1nyra szerelt rendszerek szervez\u00e9s\u00e9hez. A prec\u00edzen meg\u00e9p\u00edtett paneleket \u00fagy tervezt\u00e9k, hogy hat\u00e9kony elrendez\u00e9st biztos\u00edtsanak berendez\u00e9sei sz\u00e1m\u00e1ra, \u00edgy seg\u00edtve a k\u00e1belek \u00e9s csatlakoz\u00e1sok k\u00f6nnyed kezel\u00e9s\u00e9t. A  oldalon tal\u00e1lhat\u00f3 <strong>SX<\/strong>, tart\u00f3s term\u00e9keket kap, amelyek nemcsak hat\u00e9konyak, hanem megfizethet\u0151ek is.<\/p>\n<h3>Tart\u00f3s tart\u00f3ss\u00e1g<\/h3>\n<p>Minden <strong>Rack panel lyukasztott<\/strong> a  c\u00edmr\u0151l <strong><a href=\"https:\/\/sxpowercase.com\/\" target=\"_blank\" rel=\"noopener\" title=\"SX\" data-wpil-monitor-id=\"754\">SX<\/a><\/strong> kiv\u00e1l\u00f3 min\u0151s\u00e9g\u0171 anyagokb\u00f3l k\u00e9sz\u00fclt, amelyek hossz\u00fa \u00e9lettartamot biztos\u00edtanak. Ak\u00e1r szerverszob\u00e1t \u00e9p\u00edt, ak\u00e1r audiovizu\u00e1lis berendez\u00e9seket kezel, ezeket a paneleket \u00fagy tervezt\u00e9k, hogy ellen\u00e1lljanak a nagy ig\u00e9nybev\u00e9telnek. <strong>SX<\/strong> term\u00e9keket \u00fagy tervezt\u00e9k, hogy hossz\u00fa \u00e9lettartamot biztos\u00edtsanak, \u00e9s a megfelel\u0151 l\u00e9g\u00e1raml\u00e1s fenntart\u00e1sa mellett biztos\u00edts\u00e1k a berendez\u00e9sek v\u00e9delm\u00e9t.<\/p>\n<h3>Gy\u00e1ri k\u00f6zvetlen \u00e1rk\u00e9pz\u00e9s kompromisszumok n\u00e9lk\u00fcl<\/h3>\n<p>A  c\u00edmen. <strong>SX<\/strong>, elk\u00f6telezettek vagyunk a gy\u00e1ri k\u00f6zvetlen \u00e1rk\u00e9pz\u00e9s mellett. A k\u00f6zvet\u00edt\u0151k kik\u00fcsz\u00f6b\u00f6l\u00e9s\u00e9vel alacsonyan tudjuk tartani az \u00e1rakat an\u00e9lk\u00fcl, hogy a term\u00e9k min\u0151s\u00e9ge cs\u00f6kkenne. Ez azt jelenti, hogy pr\u00e9mium min\u0151s\u00e9g\u0171 <strong>Rack panel lyukasztott<\/strong> megold\u00e1sok megfizethet\u0151 \u00e1ron. A <strong>SX<\/strong>, garant\u00e1lt a min\u0151s\u00e9g \u00e9s a k\u00f6lts\u00e9gvet\u00e9s-bar\u00e1t \u00e1rk\u00e9pz\u00e9s.<\/p>\n<h3>Egyszer\u0171 integr\u00e1ci\u00f3 \u00e9s sokoldal\u00fa funkcionalit\u00e1s<\/h3>\n<p>A <strong>Rack panel lyukasztott<\/strong> k\u00f6nnyen telep\u00edthet\u0151, \u00e9s z\u00f6kken\u0151mentesen illeszkedik b\u00e1rmely szabv\u00e1nyos \u00e1llv\u00e1nyrendszerbe. Ak\u00e1r IT-berendez\u00e9sekkel, audio rendszerekkel vagy m\u00e1s berendez\u00e9sekkel dolgozik, <strong>SX<\/strong> biztos\u00edtja a sz\u00fcks\u00e9ges rugalmass\u00e1got. A lyukacsos kialak\u00edt\u00e1s lehet\u0151v\u00e9 teszi az optim\u00e1lis k\u00e1belkezel\u00e9st, leegyszer\u0171s\u00edtve az eszk\u00f6z\u00f6k csatlakoztat\u00e1s\u00e1t \u00e9s a be\u00e1ll\u00edt\u00e1sok karbantart\u00e1s\u00e1t.<\/p>\n<h3>Szakemberek \u00e1ltal megb\u00edzhat\u00f3<\/h3>\n<p>A k\u00fcl\u00f6nb\u00f6z\u0151 ter\u00fcleteken dolgoz\u00f3 szakemberek, a m\u0171sorszolg\u00e1ltat\u00e1st\u00f3l az informatik\u00e1ig, b\u00edznak a <strong>SX Rack panel lyukaszt\u00f3<\/strong>\u00a0tart\u00f3ss\u00e1ga \u00e9s eleg\u00e1ns kialak\u00edt\u00e1sa miatt. Term\u00e9keink elismertek a nagy teljes\u00edtm\u00e9ny\u00fckr\u0151l, mik\u00f6zben rendezett, tiszta megjelen\u00e9st biztos\u00edtanak. A <strong>SX<\/strong>, megb\u00edzhat\u00f3 megold\u00e1sokat v\u00e1laszt, amelyek megfelelnek a modern ipar\u00e1gak k\u00f6vetelm\u00e9nyeinek.<\/p>\n<h3>V\u00e1lassza az SX-et a kiv\u00e1l\u00f3 \u00e9rt\u00e9kek\u00e9rt<\/h3>\n<p>A  c\u00edmen <strong>SX<\/strong>, kiv\u00e1l\u00f3 min\u0151s\u00e9g\u0171 <strong>Rack panel lyukaszt\u00f3<\/strong>\u00a0term\u00e9kek verhetetlen \u00e1ron. Gy\u00e1ri k\u00f6zvetlen modell\u00fcnk lehet\u0151v\u00e9 teszi sz\u00e1munkra, hogy kiv\u00e9teles \u00e9rt\u00e9ket ny\u00fajtsunk an\u00e9lk\u00fcl, hogy a min\u0151s\u00e9gen sp\u00f3roln\u00e1nk. Ak\u00e1r megl\u00e9v\u0151 \u00e1llv\u00e1nyt korszer\u0171s\u00edt, ak\u00e1r \u00fajat \u00e9p\u00edt, <strong>SX<\/strong> a megb\u00edzhat\u00f3s\u00e1g \u00e9s a megfizethet\u0151s\u00e9g t\u00f6k\u00e9letes egyens\u00faly\u00e1t k\u00edn\u00e1lja.<\/p>\n<p>Befektet\u00e9s <strong>SX Rack panel lyukasztott<\/strong> megold\u00e1sokat m\u00e9g ma, \u00e9s \u00e9lvezze a tart\u00f3s, k\u00f6lts\u00e9ghat\u00e9kony lehet\u0151s\u00e9geket \u00e1llv\u00e1nyrendszere sz\u00e1m\u00e1ra.<\/p>\n<ol>\n<li>Kapcsolatfelv\u00e9tel most:<span style=\"color: #0000ff;\"><a style=\"color: #0000ff;\" href=\"https:\/\/sxpowercase.com\/contact-us\/\">https:\/\/sxpowercase.com\/<\/a><\/span><\/li>\n<li>Hardver term\u00e9kkatal\u00f3gus\uff1a<span style=\"color: #0000ff;\"><a style=\"color: #0000ff;\" href=\"https:\/\/sxpowercase.com\/wp-content\/uploads\/2024\/07\/\u4e94\u91d1.pdf\">Hardver tartoz\u00e9kok katal\u00f3gusa<\/a><\/span><\/li>\n<\/ol>","protected":false},"excerpt":{"rendered":"<h3>Kiv\u00e1l\u00f3 min\u0151s\u00e9g\u0171 audio rack panelek az SX-t\u0151l<\/h3>\n<p>Az SX pr\u00e9mium kateg\u00f3ri\u00e1s audio rack paneleket k\u00edn\u00e1l, amelyeket szak\u00e9rtelemmel k\u00e9sz\u00edtettek, hogy mind a professzion\u00e1lis, mind az otthoni st\u00fadi\u00f3berendez\u00e9sek sz\u00e1m\u00e1ra funkcionalit\u00e1st \u00e9s tart\u00f3ss\u00e1got biztos\u00edtsanak.<\/p>\n<h3>Gy\u00e1ri k\u00f6zvetlen \u00e1rk\u00e9pz\u00e9s a nagyszer\u0171 \u00e9rt\u00e9k\u00e9rt<\/h3>\n<p>Kiv\u00e9teles min\u0151s\u00e9get kaphat gy\u00e1ri \u00e1ron. Az SX kik\u00fcsz\u00f6b\u00f6li a k\u00f6zvet\u00edt\u0151ket, \u00edgy biztos\u00edtva, hogy versenyk\u00e9pes \u00e1ron kapja meg a cs\u00facsmin\u0151s\u00e9g\u0171 audio rack paneleket.<\/p>\n<h3>Egyszer\u0171 telep\u00edt\u00e9s \u00e9s maxim\u00e1lis v\u00e9delem<\/h3>\n<p>Az SX Audio Rack Panelek k\u00f6nnyen telep\u00edthet\u0151k, jav\u00edtj\u00e1k a szervezetts\u00e9get \u00e9s v\u00e9dik a berendez\u00e9seket a jobb l\u00e9g\u00e1raml\u00e1ssal \u00e9s por\u00e1ll\u00f3s\u00e1ggal a z\u00f6kken\u0151mentes, hossz\u00fa t\u00e1v\u00fa teljes\u00edtm\u00e9ny \u00e9rdek\u00e9ben.<\/p>","protected":false},"featured_media":4289,"comment_status":"open","ping_status":"closed","template":"","meta":[],"product_brand":[],"product_cat":[66],"product_tag":[],"class_list":{"0":"post-4401","1":"product","2":"type-product","3":"status-publish","4":"has-post-thumbnail","6":"product_cat-rack-hardware","8":"first","9":"instock","10":"shipping-taxable","11":"product-type-simple"},"yoast_head":"<!-- This site is optimized with the Yoast SEO Premium plugin v27.1 (Yoast SEO v27.2) - https:\/\/yoast.com\/product\/yoast-seo-premium-wordpress\/ -->\n<title>Rack Panel Punched RAB307 - https:\/\/sxflightcase.com \ud83d\udc97<\/title>\n<meta name=\"description\" content=\"Rack panel punched, factory direct! Durable, high-quality panels with pre-punched holes for easy and secure mounting of equipment. Ideal for professional rack setups and efficient organization.\" \/>\n<meta name=\"robots\" content=\"index, follow, max-snippet:-1, max-image-preview:large, max-video-preview:-1\" \/>\n<link rel=\"canonical\" href=\"https:\/\/sxflightcase.com\/hu\/termek\/rack-panel-lyukasztott-rab307\/\" \/>\n<meta property=\"og:locale\" content=\"hu_HU\" \/>\n<meta property=\"og:type\" content=\"article\" \/>\n<meta property=\"og:title\" content=\"Rack Panel Punched RAB307\" \/>\n<meta property=\"og:description\" content=\"Rack panel punched, factory direct! Durable, high-quality panels with pre-punched holes for easy and secure mounting of equipment. Ideal for professional rack setups and efficient organization.\" \/>\n<meta property=\"og:url\" content=\"https:\/\/sxflightcase.com\/hu\/termek\/rack-panel-lyukasztott-rab307\/\" \/>\n<meta property=\"og:site_name\" content=\"https:\/\/sxflightcase.com\" \/>\n<meta property=\"article:publisher\" content=\"https:\/\/www.facebook.com\/profile.php?id=61560407257971\" \/>\n<meta property=\"article:modified_time\" content=\"2024-09-13T06:29:13+00:00\" \/>\n<meta property=\"og:image\" content=\"https:\/\/sxflightcase.com\/wp-content\/uploads\/2024\/09\/RAB307.jpg\" \/>\n\t<meta property=\"og:image:width\" content=\"700\" \/>\n\t<meta property=\"og:image:height\" content=\"700\" \/>\n\t<meta property=\"og:image:type\" content=\"image\/jpeg\" \/>\n<meta name=\"twitter:card\" content=\"summary_large_image\" \/>\n<meta name=\"twitter:label1\" content=\"Becs\u00fclt olvas\u00e1si id\u0151\" \/>\n\t<meta name=\"twitter:data1\" content=\"3 perc\" \/>\n<script type=\"application\/ld+json\" class=\"yoast-schema-graph\">{\"@context\":\"https:\/\/schema.org\",\"@graph\":[{\"@type\":\"WebPage\",\"@id\":\"https:\/\/sxflightcase.com\/product\/rack-panel-punched-rab307\/\",\"url\":\"https:\/\/sxflightcase.com\/product\/rack-panel-punched-rab307\/\",\"name\":\"Rack Panel Punched RAB307 - https:\/\/sxflightcase.com \ud83d\udc97\",\"isPartOf\":{\"@id\":\"https:\/\/sxflightcase.com\/th\/#website\"},\"primaryImageOfPage\":{\"@id\":\"https:\/\/sxflightcase.com\/product\/rack-panel-punched-rab307\/#primaryimage\"},\"image\":{\"@id\":\"https:\/\/sxflightcase.com\/product\/rack-panel-punched-rab307\/#primaryimage\"},\"thumbnailUrl\":\"https:\/\/sxflightcase.com\/wp-content\/uploads\/2024\/09\/RAB307.jpg\",\"datePublished\":\"2024-09-13T06:29:12+00:00\",\"dateModified\":\"2024-09-13T06:29:13+00:00\",\"description\":\"Rack panel punched, factory direct! Durable, high-quality panels with pre-punched holes for easy and secure mounting of equipment. Ideal for professional rack setups and efficient organization.\",\"breadcrumb\":{\"@id\":\"https:\/\/sxflightcase.com\/product\/rack-panel-punched-rab307\/#breadcrumb\"},\"inLanguage\":\"hu\",\"potentialAction\":[{\"@type\":\"ReadAction\",\"target\":[\"https:\/\/sxflightcase.com\/product\/rack-panel-punched-rab307\/\"]}]},{\"@type\":\"ImageObject\",\"inLanguage\":\"hu\",\"@id\":\"https:\/\/sxflightcase.com\/product\/rack-panel-punched-rab307\/#primaryimage\",\"url\":\"https:\/\/sxflightcase.com\/wp-content\/uploads\/2024\/09\/RAB307.jpg\",\"contentUrl\":\"https:\/\/sxflightcase.com\/wp-content\/uploads\/2024\/09\/RAB307.jpg\",\"width\":700,\"height\":700,\"caption\":\"Rack Panel Punched\"},{\"@type\":\"BreadcrumbList\",\"@id\":\"https:\/\/sxflightcase.com\/product\/rack-panel-punched-rab307\/#breadcrumb\",\"itemListElement\":[{\"@type\":\"ListItem\",\"position\":1,\"name\":\"Home\",\"item\":\"https:\/\/sxflightcase.com\/\"},{\"@type\":\"ListItem\",\"position\":2,\"name\":\"\u0e2a\u0e34\u0e19\u0e04\u0e49\u0e32\",\"item\":\"https:\/\/sxflightcase.com\/th\/shop\/\"},{\"@type\":\"ListItem\",\"position\":3,\"name\":\"Rack Panel Punched RAB307\"}]},{\"@type\":\"WebSite\",\"@id\":\"https:\/\/sxflightcase.com\/th\/#website\",\"url\":\"https:\/\/sxflightcase.com\/th\/\",\"name\":\"sxpowercase.com\",\"description\":\"Flight Case Factory\",\"publisher\":{\"@id\":\"https:\/\/sxflightcase.com\/th\/#organization\"},\"potentialAction\":[{\"@type\":\"SearchAction\",\"target\":{\"@type\":\"EntryPoint\",\"urlTemplate\":\"https:\/\/sxflightcase.com\/th\/?s={search_term_string}\"},\"query-input\":{\"@type\":\"PropertyValueSpecification\",\"valueRequired\":true,\"valueName\":\"search_term_string\"}}],\"inLanguage\":\"hu\"},{\"@type\":\"Organization\",\"@id\":\"https:\/\/sxflightcase.com\/th\/#organization\",\"name\":\"sxpowercase.com\",\"url\":\"https:\/\/sxflightcase.com\/th\/\",\"logo\":{\"@type\":\"ImageObject\",\"inLanguage\":\"hu\",\"@id\":\"https:\/\/sxflightcase.com\/th\/#\/schema\/logo\/image\/\",\"url\":\"https:\/\/sxflightcase.com\/wp-content\/uploads\/2024\/04\/1713919036007.jpg\",\"contentUrl\":\"https:\/\/sxflightcase.com\/wp-content\/uploads\/2024\/04\/1713919036007.jpg\",\"width\":382,\"height\":388,\"caption\":\"sxpowercase.com\"},\"image\":{\"@id\":\"https:\/\/sxflightcase.com\/th\/#\/schema\/logo\/image\/\"},\"sameAs\":[\"https:\/\/www.facebook.com\/profile.php?id=61560407257971\"],\"numberOfEmployees\":{\"@type\":\"QuantitativeValue\",\"minValue\":\"11\",\"maxValue\":\"50\"}}]}<\/script>\n<!-- \/ Yoast SEO Premium plugin. -->","yoast_head_json":{"title":"Rack Panel Punched RAB307 - https:\/\/sxflightcase.com \ud83d\udc97","description":"Rack panel lyukasztott, gy\u00e1ri k\u00f6zvetlen! Tart\u00f3s, kiv\u00e1l\u00f3 min\u0151s\u00e9g\u0171 panelek el\u0151re lyukasztott lyukakkal a berendez\u00e9sek egyszer\u0171 \u00e9s biztons\u00e1gos r\u00f6gz\u00edt\u00e9s\u00e9hez. Ide\u00e1lis professzion\u00e1lis rack-felszerel\u00e9sekhez \u00e9s hat\u00e9kony szervez\u00e9shez.","robots":{"index":"index","follow":"follow","max-snippet":"max-snippet:-1","max-image-preview":"max-image-preview:large","max-video-preview":"max-video-preview:-1"},"canonical":"https:\/\/sxflightcase.com\/hu\/termek\/rack-panel-lyukasztott-rab307\/","og_locale":"hu_HU","og_type":"article","og_title":"Rack Panel Punched RAB307","og_description":"Rack panel punched, factory direct! Durable, high-quality panels with pre-punched holes for easy and secure mounting of equipment. Ideal for professional rack setups and efficient organization.","og_url":"https:\/\/sxflightcase.com\/hu\/termek\/rack-panel-lyukasztott-rab307\/","og_site_name":"https:\/\/sxflightcase.com","article_publisher":"https:\/\/www.facebook.com\/profile.php?id=61560407257971","article_modified_time":"2024-09-13T06:29:13+00:00","og_image":[{"width":700,"height":700,"url":"https:\/\/sxflightcase.com\/wp-content\/uploads\/2024\/09\/RAB307.jpg","type":"image\/jpeg"}],"twitter_card":"summary_large_image","twitter_misc":{"Becs\u00fclt olvas\u00e1si id\u0151":"3 perc"},"schema":{"@context":"https:\/\/schema.org","@graph":[{"@type":"WebPage","@id":"https:\/\/sxflightcase.com\/product\/rack-panel-punched-rab307\/","url":"https:\/\/sxflightcase.com\/product\/rack-panel-punched-rab307\/","name":"Rack Panel Punched RAB307 - https:\/\/sxflightcase.com \ud83d\udc97","isPartOf":{"@id":"https:\/\/sxflightcase.com\/th\/#website"},"primaryImageOfPage":{"@id":"https:\/\/sxflightcase.com\/product\/rack-panel-punched-rab307\/#primaryimage"},"image":{"@id":"https:\/\/sxflightcase.com\/product\/rack-panel-punched-rab307\/#primaryimage"},"thumbnailUrl":"https:\/\/sxflightcase.com\/wp-content\/uploads\/2024\/09\/RAB307.jpg","datePublished":"2024-09-13T06:29:12+00:00","dateModified":"2024-09-13T06:29:13+00:00","description":"Rack panel lyukasztott, gy\u00e1ri k\u00f6zvetlen! Tart\u00f3s, kiv\u00e1l\u00f3 min\u0151s\u00e9g\u0171 panelek el\u0151re lyukasztott lyukakkal a berendez\u00e9sek egyszer\u0171 \u00e9s biztons\u00e1gos r\u00f6gz\u00edt\u00e9s\u00e9hez. Ide\u00e1lis professzion\u00e1lis rack-felszerel\u00e9sekhez \u00e9s hat\u00e9kony szervez\u00e9shez.","breadcrumb":{"@id":"https:\/\/sxflightcase.com\/product\/rack-panel-punched-rab307\/#breadcrumb"},"inLanguage":"hu","potentialAction":[{"@type":"ReadAction","target":["https:\/\/sxflightcase.com\/product\/rack-panel-punched-rab307\/"]}]},{"@type":"ImageObject","inLanguage":"hu","@id":"https:\/\/sxflightcase.com\/product\/rack-panel-punched-rab307\/#primaryimage","url":"https:\/\/sxflightcase.com\/wp-content\/uploads\/2024\/09\/RAB307.jpg","contentUrl":"https:\/\/sxflightcase.com\/wp-content\/uploads\/2024\/09\/RAB307.jpg","width":700,"height":700,"caption":"Rack Panel Punched"},{"@type":"BreadcrumbList","@id":"https:\/\/sxflightcase.com\/product\/rack-panel-punched-rab307\/#breadcrumb","itemListElement":[{"@type":"ListItem","position":1,"name":"Home","item":"https:\/\/sxflightcase.com\/"},{"@type":"ListItem","position":2,"name":"\u0e2a\u0e34\u0e19\u0e04\u0e49\u0e32","item":"https:\/\/sxflightcase.com\/th\/shop\/"},{"@type":"ListItem","position":3,"name":"Rack Panel Punched RAB307"}]},{"@type":"WebSite","@id":"https:\/\/sxflightcase.com\/th\/#website","url":"https:\/\/sxflightcase.com\/th\/","name":"sxpowercase.com","description":"Flight Case Factory","publisher":{"@id":"https:\/\/sxflightcase.com\/th\/#organization"},"potentialAction":[{"@type":"SearchAction","target":{"@type":"EntryPoint","urlTemplate":"https:\/\/sxflightcase.com\/th\/?s={search_term_string}"},"query-input":{"@type":"PropertyValueSpecification","valueRequired":true,"valueName":"search_term_string"}}],"inLanguage":"hu"},{"@type":"Organization","@id":"https:\/\/sxflightcase.com\/th\/#organization","name":"sxpowercase.com","url":"https:\/\/sxflightcase.com\/th\/","logo":{"@type":"ImageObject","inLanguage":"hu","@id":"https:\/\/sxflightcase.com\/th\/#\/schema\/logo\/image\/","url":"https:\/\/sxflightcase.com\/wp-content\/uploads\/2024\/04\/1713919036007.jpg","contentUrl":"https:\/\/sxflightcase.com\/wp-content\/uploads\/2024\/04\/1713919036007.jpg","width":382,"height":388,"caption":"sxpowercase.com"},"image":{"@id":"https:\/\/sxflightcase.com\/th\/#\/schema\/logo\/image\/"},"sameAs":["https:\/\/www.facebook.com\/profile.php?id=61560407257971"],"numberOfEmployees":{"@type":"QuantitativeValue","minValue":"11","maxValue":"50"}}]}},"_links":{"self":[{"href":"https:\/\/sxflightcase.com\/hu\/wp-json\/wp\/v2\/product\/4401","targetHints":{"allow":["GET"]}}],"collection":[{"href":"https:\/\/sxflightcase.com\/hu\/wp-json\/wp\/v2\/product"}],"about":[{"href":"https:\/\/sxflightcase.com\/hu\/wp-json\/wp\/v2\/types\/product"}],"replies":[{"embeddable":true,"href":"https:\/\/sxflightcase.com\/hu\/wp-json\/wp\/v2\/comments?post=4401"}],"version-history":[{"count":0,"href":"https:\/\/sxflightcase.com\/hu\/wp-json\/wp\/v2\/product\/4401\/revisions"}],"wp:featuredmedia":[{"embeddable":true,"href":"https:\/\/sxflightcase.com\/hu\/wp-json\/wp\/v2\/media\/4289"}],"wp:attachment":[{"href":"https:\/\/sxflightcase.com\/hu\/wp-json\/wp\/v2\/media?parent=4401"}],"wp:term":[{"taxonomy":"product_brand","embeddable":true,"href":"https:\/\/sxflightcase.com\/hu\/wp-json\/wp\/v2\/product_brand?post=4401"},{"taxonomy":"product_cat","embeddable":true,"href":"https:\/\/sxflightcase.com\/hu\/wp-json\/wp\/v2\/product_cat?post=4401"},{"taxonomy":"product_tag","embeddable":true,"href":"https:\/\/sxflightcase.com\/hu\/wp-json\/wp\/v2\/product_tag?post=4401"}],"curies":[{"name":"wp","href":"https:\/\/api.w.org\/{rel}","templated":true}]}}