{"id":4422,"date":"2024-09-14T07:05:42","date_gmt":"2024-09-14T06:05:42","guid":{"rendered":"https:\/\/sxpowercase.com\/?post_type=product&#038;p=4422"},"modified":"2024-09-14T07:05:43","modified_gmt":"2024-09-14T06:05:43","slug":"rack-cabinet-panel-rab401","status":"publish","type":"product","link":"https:\/\/sxflightcase.com\/hu\/termek\/rack-szekreny-panel-rab401\/","title":{"rendered":"Rack szekr\u00e9ny panel RAB401"},"content":{"rendered":"<h3>Fedezze fel az SX Rack szekr\u00e9nypanelek tart\u00f3ss\u00e1g\u00e1t<\/h3>\n<p>Amikor az \u00e1llv\u00e1nyrendszerek szervez\u00e9s\u00e9r\u0151l van sz\u00f3, a <strong>Rack szekr\u00e9ny panel<\/strong> a  c\u00edmr\u0151l <strong>SX<\/strong> megb\u00edzhat\u00f3, kiv\u00e1l\u00f3 min\u0151s\u00e9g\u0171 megold\u00e1sk\u00e9nt t\u0171nik ki. Az informatikai, audiovizu\u00e1lis \u00e9s t\u00e1vk\u00f6zl\u00e9si ter\u00fcleteken dolgoz\u00f3 szakemberek ig\u00e9nyeinek megfelel\u0151en tervezett paneleink tart\u00f3sak \u00e9s k\u00f6nnyen telep\u00edthet\u0151k. <strong>SX<\/strong> kiv\u00e1l\u00f3 teljes\u00edtm\u00e9nyt \u00e9s funkcionalit\u00e1st biztos\u00edt minden olyan projekthez, amely hat\u00e9kony \u00e1llv\u00e1nyrendszer-szervez\u00e9st ig\u00e9nyel.<\/p>\n<h3>Kiv\u00e9teles min\u0151s\u00e9g, garant\u00e1ltan<\/h3>\n<p>A  c\u00edmen. <strong><a href=\"https:\/\/sxpowercase.com\/\" target=\"_blank\" rel=\"noopener\" title=\"SX\" data-wpil-monitor-id=\"758\">SX<\/a><\/strong>, a min\u0151s\u00e9g a mi priorit\u00e1sunk. A <strong>Rack szekr\u00e9ny panelek<\/strong> er\u0151s, tart\u00f3s anyagokb\u00f3l k\u00e9sz\u00fclnek, amelyek hossz\u00fa t\u00e1v\u00fa haszn\u00e1latot biztos\u00edtanak b\u00e1rmilyen k\u00f6rnyezetben. Ezeket a paneleket \u00fagy tervezt\u00e9k, hogy megv\u00e9dj\u00e9k berendez\u00e9seit, optimaliz\u00e1lj\u00e1k a helyet \u00e9s fokozz\u00e1k a h\u0171t\u00e9si k\u00e9pess\u00e9geket, ami azt jelenti, hogy felszerel\u00e9sei biztons\u00e1gban maradnak \u00e9s hat\u00e9konyan m\u0171k\u00f6dnek. Ak\u00e1r egy nagy adatk\u00f6zpontban, ak\u00e1r egy kis st\u00fadi\u00f3berendez\u00e9sben dolgozik, <strong>SX<\/strong> megb\u00edzhat\u00f3 \u00e9s tart\u00f3s term\u00e9keket sz\u00e1ll\u00edt.<\/p>\n<h3>Gy\u00e1ri k\u00f6zvetlen \u00e1rk\u00e9pz\u00e9s a nagy megtakar\u00edt\u00e1sok\u00e9rt<\/h3>\n<p>K\u00f6zvetlen\u00fcl a <strong>SX<\/strong>, \u00d6n a gy\u00e1ri k\u00f6zvetlen \u00e1rk\u00e9pz\u00e9s el\u0151nyeit \u00e9lvezheti, amely alacsonyan tartja a k\u00f6lts\u00e9geket, mik\u00f6zben fenntartja a kiv\u00e9teles min\u0151s\u00e9get. A <strong>Rack szekr\u00e9ny panelek<\/strong> versenyk\u00e9pes \u00e1r\u00faak, \u00edgy pr\u00e9mium term\u00e9kekhez juthat hozz\u00e1 an\u00e9lk\u00fcl, hogy megrong\u00e1ln\u00e1 a k\u00f6lts\u00e9gvet\u00e9s\u00e9t. Ez a k\u00f6zvetlen \u00e1rk\u00e9pz\u00e9si modell nagyban hozz\u00e1j\u00e1rul ahhoz, hogy a szakemberek mi\u00e9rt v\u00e1lasztj\u00e1k a <strong>SX<\/strong> a projektjeikhez.<\/p>\n<h3>Sokoldal\u00fa kialak\u00edt\u00e1s minden ig\u00e9nyt kiel\u00e9g\u00edt\u0151<\/h3>\n<p>Ak\u00e1r \u00f6sszetett AV-rendszerekkel, ak\u00e1r IT-berendez\u00e9sek kezel\u00e9s\u00e9vel foglalkozik, a <strong>Rack szekr\u00e9ny panel<\/strong> a  c\u00edmr\u0151l <strong>SX<\/strong> az alkalmaz\u00e1sok sz\u00e9les k\u00f6r\u00e9re tervezt\u00e9k. A panelek k\u00f6nnyen illeszkednek a szabv\u00e1nyos \u00e1llv\u00e1nyokba, \u00edgy a telep\u00edt\u00e9s gyors \u00e9s egyszer\u0171. Eleg\u00e1ns, helytakar\u00e9kos kialak\u00edt\u00e1sukkal, <strong>SX<\/strong> panelek seg\u00edtenek racionaliz\u00e1lni a munkater\u00fcletet, mik\u00f6zben hat\u00e9kony k\u00e1belkezel\u00e9st \u00e9s eszk\u00f6zv\u00e9delmet biztos\u00edtanak.<\/p>\n<h3>Ipari szak\u00e9rt\u0151k \u00e1ltal el\u0151nyben r\u00e9szes\u00edtett<\/h3>\n<p>A szakemberek ipar\u00e1gakon \u00e1t\u00edvel\u0151en b\u00edznak <strong>SX<\/strong> a rackpanel ig\u00e9nyeikhez. Az audio-vizu\u00e1lis install\u00e1ci\u00f3kt\u00f3l a szerverfel\u00e1ll\u00edt\u00e1sokig, a <strong>SX Rack szekr\u00e9ny panel<\/strong> tart\u00f3ss\u00e1g\u00e1r\u00f3l, funkcionalit\u00e1s\u00e1r\u00f3l \u00e9s k\u00f6nny\u0171 haszn\u00e1lat\u00e1r\u00f3l ismert. Nem sz\u00e1m\u00edt a projekt m\u00e9rete vagy terjedelme, <strong>SX<\/strong> megb\u00edzhat\u00f3 t\u00e1mogat\u00e1st ny\u00fajt, amelyre sz\u00fcks\u00e9ge van ahhoz, hogy biztos\u00edtsa a berendez\u00e9sek v\u00e9delm\u00e9t \u00e9s a rendszerek z\u00f6kken\u0151mentes m\u0171k\u00f6d\u00e9s\u00e9t.<\/p>\n<h3>Megfizethet\u0151 megold\u00e1sok a min\u0151s\u00e9g kompromisszumai n\u00e9lk\u00fcl<\/h3>\n<p>A  c\u00edmen <strong>SX<\/strong>, nem kell fel\u00e1ldoznia a min\u0151s\u00e9get a megfizethet\u0151s\u00e9g\u00e9rt. A <strong>Rack szekr\u00e9ny panelek<\/strong> kiv\u00e1l\u00f3 \u00e9rt\u00e9ket biztos\u00edtanak, a tart\u00f3ss\u00e1g, a formatervez\u00e9s \u00e9s a k\u00f6lts\u00e9ghat\u00e9konys\u00e1g t\u00f6k\u00e9letes egyens\u00faly\u00e1t k\u00edn\u00e1lj\u00e1k. B\u00edzzon a <strong>SX<\/strong> hogy a sz\u00fcks\u00e9ges \u00e1llv\u00e1nymegold\u00e1sokat az \u00d6n k\u00f6lts\u00e9gvet\u00e9s\u00e9hez illeszked\u0151 \u00e1ron k\u00edn\u00e1ljuk.<\/p>\n<p>A verhetetlen tart\u00f3ss\u00e1g \u00e9s k\u00f6lts\u00e9ghat\u00e9konys\u00e1g \u00e9rdek\u00e9ben v\u00e1lassza a <strong>SX Rack szekr\u00e9ny panel<\/strong> a k\u00f6vetkez\u0151 telep\u00edt\u00e9shez.<\/p>\n<ol>\n<li>Kapcsolatfelv\u00e9tel most:<span style=\"color: #0000ff;\"><a style=\"color: #0000ff;\" href=\"https:\/\/sxpowercase.com\/contact-us\/\">https:\/\/sxpowercase.com\/<\/a><\/span><\/li>\n<li>Hardver term\u00e9kkatal\u00f3gus\uff1a<span style=\"color: #0000ff;\"><a style=\"color: #0000ff;\" href=\"https:\/\/sxpowercase.com\/wp-content\/uploads\/2024\/07\/\u4e94\u91d1.pdf\">Hardver tartoz\u00e9kok katal\u00f3gusa<\/a><\/span><\/li>\n<\/ol>","protected":false},"excerpt":{"rendered":"<p><strong>Tart\u00f3s Rack szekr\u00e9nypanelek az SX-t\u0151l<\/strong><br \/>\nAz SX Rack szekr\u00e9nypanelek pr\u00e9mium min\u0151s\u00e9g\u0171 anyagokb\u00f3l k\u00e9sz\u00fclnek, amelyek hossz\u00fa t\u00e1v\u00fa teljes\u00edtm\u00e9nyt biztos\u00edtanak ig\u00e9nyes k\u00f6rnyezetben. Ide\u00e1lis a berendez\u00e9sek v\u00e9delm\u00e9re, mik\u00f6zben optimaliz\u00e1lj\u00e1k a l\u00e9g\u00e1raml\u00e1st \u00e9s a k\u00e1belkezel\u00e9st.<\/p>\n<p><strong>Gy\u00e1ri k\u00f6zvetlen megtakar\u00edt\u00e1s a szakemberek sz\u00e1m\u00e1ra<\/strong><br \/>\nAz SX gy\u00e1ri k\u00f6zvetlen \u00e1rk\u00e9pz\u00e9st k\u00edn\u00e1l, \u00e9s kiv\u00e1l\u00f3 min\u0151s\u00e9g\u0171 Rack szekr\u00e9nypaneleket sz\u00e1ll\u00edt megfizethet\u0151 \u00e1ron. \u00c9rje el a k\u00f6lts\u00e9ghat\u00e9konys\u00e1got an\u00e9lk\u00fcl, hogy kompromisszumot k\u00f6tne a tart\u00f3ss\u00e1g vagy a teljes\u00edtm\u00e9ny ter\u00e9n.<\/p>\n<p><strong>Egyszer\u0171 telep\u00edt\u00e9s \u00e9s sokoldal\u00fa kialak\u00edt\u00e1s<\/strong><br \/>\nA gyors telep\u00edt\u00e9sre tervezett SX Rack szekr\u00e9nypanelek szabv\u00e1nyos rackrendszerekhez illeszkednek, \u00e9s sokoldal\u00fa megold\u00e1st ny\u00fajtanak IT, AV \u00e9s h\u00e1l\u00f3zati be\u00e1ll\u00edt\u00e1sokhoz. A szakemberek vil\u00e1gszerte megb\u00edznak benn\u00fck.<\/p>","protected":false},"featured_media":4291,"comment_status":"open","ping_status":"closed","template":"","meta":[],"product_brand":[],"product_cat":[66],"product_tag":[],"class_list":{"0":"post-4422","1":"product","2":"type-product","3":"status-publish","4":"has-post-thumbnail","6":"product_cat-rack-hardware","8":"first","9":"instock","10":"shipping-taxable","11":"product-type-simple"},"yoast_head":"<!-- This site is optimized with the Yoast SEO Premium plugin v27.1 (Yoast SEO v27.2) - https:\/\/yoast.com\/product\/yoast-seo-premium-wordpress\/ -->\n<title>Rack Cabinet Panel RAB401 - https:\/\/sxflightcase.com \ud83d\udc97<\/title>\n<meta name=\"description\" content=\"Rack cabinet panel, factory direct! High-quality, durable panels designed for secure mounting and organization of equipment in rack cabinets. Ideal for professional setups, ensuring stability and efficient use.\" \/>\n<meta name=\"robots\" content=\"index, follow, max-snippet:-1, max-image-preview:large, max-video-preview:-1\" \/>\n<link rel=\"canonical\" href=\"https:\/\/sxflightcase.com\/hu\/\u4ea7\u54c1\/\u673a\u67b6\u67dc\u9762\u677f-rab401\/\" \/>\n<meta property=\"og:locale\" content=\"hu_HU\" \/>\n<meta property=\"og:type\" content=\"article\" \/>\n<meta property=\"og:title\" content=\"Rack Cabinet Panel RAB401\" \/>\n<meta property=\"og:description\" content=\"Rack cabinet panel, factory direct! High-quality, durable panels designed for secure mounting and organization of equipment in rack cabinets. Ideal for professional setups, ensuring stability and efficient use.\" \/>\n<meta property=\"og:url\" content=\"https:\/\/sxflightcase.com\/hu\/\u4ea7\u54c1\/\u673a\u67b6\u67dc\u9762\u677f-rab401\/\" \/>\n<meta property=\"og:site_name\" content=\"https:\/\/sxflightcase.com\" \/>\n<meta property=\"article:publisher\" content=\"https:\/\/www.facebook.com\/profile.php?id=61560407257971\" \/>\n<meta property=\"article:modified_time\" content=\"2024-09-14T06:05:43+00:00\" \/>\n<meta property=\"og:image\" content=\"https:\/\/sxflightcase.com\/wp-content\/uploads\/2024\/09\/RAB401.jpg\" \/>\n\t<meta property=\"og:image:width\" content=\"700\" \/>\n\t<meta property=\"og:image:height\" content=\"700\" \/>\n\t<meta property=\"og:image:type\" content=\"image\/jpeg\" \/>\n<meta name=\"twitter:card\" content=\"summary_large_image\" \/>\n<meta name=\"twitter:label1\" content=\"Becs\u00fclt olvas\u00e1si id\u0151\" \/>\n\t<meta name=\"twitter:data1\" content=\"3 perc\" \/>\n<script type=\"application\/ld+json\" class=\"yoast-schema-graph\">{\"@context\":\"https:\/\/schema.org\",\"@graph\":[{\"@type\":\"WebPage\",\"@id\":\"https:\/\/sxflightcase.com\/zh\/\u4ea7\u54c1\/\u673a\u67b6\u67dc\u9762\u677f-rab401\/\",\"url\":\"https:\/\/sxflightcase.com\/zh\/\u4ea7\u54c1\/\u673a\u67b6\u67dc\u9762\u677f-rab401\/\",\"name\":\"Rack Cabinet Panel RAB401 - https:\/\/sxflightcase.com \ud83d\udc97\",\"isPartOf\":{\"@id\":\"https:\/\/sxflightcase.com\/th\/#website\"},\"primaryImageOfPage\":{\"@id\":\"https:\/\/sxflightcase.com\/zh\/\u4ea7\u54c1\/\u673a\u67b6\u67dc\u9762\u677f-rab401\/#primaryimage\"},\"image\":{\"@id\":\"https:\/\/sxflightcase.com\/zh\/\u4ea7\u54c1\/\u673a\u67b6\u67dc\u9762\u677f-rab401\/#primaryimage\"},\"thumbnailUrl\":\"https:\/\/sxflightcase.com\/wp-content\/uploads\/2024\/09\/RAB401.jpg\",\"datePublished\":\"2024-09-14T06:05:42+00:00\",\"dateModified\":\"2024-09-14T06:05:43+00:00\",\"description\":\"Rack cabinet panel, factory direct! High-quality, durable panels designed for secure mounting and organization of equipment in rack cabinets. Ideal for professional setups, ensuring stability and efficient use.\",\"breadcrumb\":{\"@id\":\"https:\/\/sxflightcase.com\/zh\/\u4ea7\u54c1\/\u673a\u67b6\u67dc\u9762\u677f-rab401\/#breadcrumb\"},\"inLanguage\":\"hu\",\"potentialAction\":[{\"@type\":\"ReadAction\",\"target\":[\"https:\/\/sxflightcase.com\/zh\/\u4ea7\u54c1\/\u673a\u67b6\u67dc\u9762\u677f-rab401\/\"]}]},{\"@type\":\"ImageObject\",\"inLanguage\":\"hu\",\"@id\":\"https:\/\/sxflightcase.com\/zh\/\u4ea7\u54c1\/\u673a\u67b6\u67dc\u9762\u677f-rab401\/#primaryimage\",\"url\":\"https:\/\/sxflightcase.com\/wp-content\/uploads\/2024\/09\/RAB401.jpg\",\"contentUrl\":\"https:\/\/sxflightcase.com\/wp-content\/uploads\/2024\/09\/RAB401.jpg\",\"width\":700,\"height\":700,\"caption\":\"Rack Cabinet Panel\"},{\"@type\":\"BreadcrumbList\",\"@id\":\"https:\/\/sxflightcase.com\/zh\/\u4ea7\u54c1\/\u673a\u67b6\u67dc\u9762\u677f-rab401\/#breadcrumb\",\"itemListElement\":[{\"@type\":\"ListItem\",\"position\":1,\"name\":\"Home\",\"item\":\"https:\/\/sxflightcase.com\/\"},{\"@type\":\"ListItem\",\"position\":2,\"name\":\"\u0e2a\u0e34\u0e19\u0e04\u0e49\u0e32\",\"item\":\"https:\/\/sxflightcase.com\/th\/shop\/\"},{\"@type\":\"ListItem\",\"position\":3,\"name\":\"Rack Cabinet Panel RAB401\"}]},{\"@type\":\"WebSite\",\"@id\":\"https:\/\/sxflightcase.com\/th\/#website\",\"url\":\"https:\/\/sxflightcase.com\/th\/\",\"name\":\"sxpowercase.com\",\"description\":\"Flight Case Factory\",\"publisher\":{\"@id\":\"https:\/\/sxflightcase.com\/th\/#organization\"},\"potentialAction\":[{\"@type\":\"SearchAction\",\"target\":{\"@type\":\"EntryPoint\",\"urlTemplate\":\"https:\/\/sxflightcase.com\/th\/?s={search_term_string}\"},\"query-input\":{\"@type\":\"PropertyValueSpecification\",\"valueRequired\":true,\"valueName\":\"search_term_string\"}}],\"inLanguage\":\"hu\"},{\"@type\":\"Organization\",\"@id\":\"https:\/\/sxflightcase.com\/th\/#organization\",\"name\":\"sxpowercase.com\",\"url\":\"https:\/\/sxflightcase.com\/th\/\",\"logo\":{\"@type\":\"ImageObject\",\"inLanguage\":\"hu\",\"@id\":\"https:\/\/sxflightcase.com\/th\/#\/schema\/logo\/image\/\",\"url\":\"https:\/\/sxflightcase.com\/wp-content\/uploads\/2024\/04\/1713919036007.jpg\",\"contentUrl\":\"https:\/\/sxflightcase.com\/wp-content\/uploads\/2024\/04\/1713919036007.jpg\",\"width\":382,\"height\":388,\"caption\":\"sxpowercase.com\"},\"image\":{\"@id\":\"https:\/\/sxflightcase.com\/th\/#\/schema\/logo\/image\/\"},\"sameAs\":[\"https:\/\/www.facebook.com\/profile.php?id=61560407257971\"],\"numberOfEmployees\":{\"@type\":\"QuantitativeValue\",\"minValue\":\"11\",\"maxValue\":\"50\"}}]}<\/script>\n<!-- \/ Yoast SEO Premium plugin. -->","yoast_head_json":{"title":"Rack Cabinet Panel RAB401 - https:\/\/sxflightcase.com \ud83d\udc97","description":"Rack szekr\u00e9ny panel, gy\u00e1ri direkt! Kiv\u00e1l\u00f3 min\u0151s\u00e9g\u0171, tart\u00f3s panelek, amelyeket a berendez\u00e9sek biztons\u00e1gos r\u00f6gz\u00edt\u00e9s\u00e9re \u00e9s szervez\u00e9s\u00e9re terveztek rackszekr\u00e9nyekben. Ide\u00e1lis professzion\u00e1lis be\u00e1ll\u00edt\u00e1sokhoz, stabilit\u00e1st \u00e9s hat\u00e9kony haszn\u00e1latot biztos\u00edtva.","robots":{"index":"index","follow":"follow","max-snippet":"max-snippet:-1","max-image-preview":"max-image-preview:large","max-video-preview":"max-video-preview:-1"},"canonical":"https:\/\/sxflightcase.com\/hu\/\u4ea7\u54c1\/\u673a\u67b6\u67dc\u9762\u677f-rab401\/","og_locale":"hu_HU","og_type":"article","og_title":"Rack Cabinet Panel RAB401","og_description":"Rack cabinet panel, factory direct! High-quality, durable panels designed for secure mounting and organization of equipment in rack cabinets. Ideal for professional setups, ensuring stability and efficient use.","og_url":"https:\/\/sxflightcase.com\/hu\/\u4ea7\u54c1\/\u673a\u67b6\u67dc\u9762\u677f-rab401\/","og_site_name":"https:\/\/sxflightcase.com","article_publisher":"https:\/\/www.facebook.com\/profile.php?id=61560407257971","article_modified_time":"2024-09-14T06:05:43+00:00","og_image":[{"width":700,"height":700,"url":"https:\/\/sxflightcase.com\/wp-content\/uploads\/2024\/09\/RAB401.jpg","type":"image\/jpeg"}],"twitter_card":"summary_large_image","twitter_misc":{"Becs\u00fclt olvas\u00e1si id\u0151":"3 perc"},"schema":{"@context":"https:\/\/schema.org","@graph":[{"@type":"WebPage","@id":"https:\/\/sxflightcase.com\/zh\/\u4ea7\u54c1\/\u673a\u67b6\u67dc\u9762\u677f-rab401\/","url":"https:\/\/sxflightcase.com\/zh\/\u4ea7\u54c1\/\u673a\u67b6\u67dc\u9762\u677f-rab401\/","name":"Rack Cabinet Panel RAB401 - https:\/\/sxflightcase.com \ud83d\udc97","isPartOf":{"@id":"https:\/\/sxflightcase.com\/th\/#website"},"primaryImageOfPage":{"@id":"https:\/\/sxflightcase.com\/zh\/\u4ea7\u54c1\/\u673a\u67b6\u67dc\u9762\u677f-rab401\/#primaryimage"},"image":{"@id":"https:\/\/sxflightcase.com\/zh\/\u4ea7\u54c1\/\u673a\u67b6\u67dc\u9762\u677f-rab401\/#primaryimage"},"thumbnailUrl":"https:\/\/sxflightcase.com\/wp-content\/uploads\/2024\/09\/RAB401.jpg","datePublished":"2024-09-14T06:05:42+00:00","dateModified":"2024-09-14T06:05:43+00:00","description":"Rack szekr\u00e9ny panel, gy\u00e1ri direkt! Kiv\u00e1l\u00f3 min\u0151s\u00e9g\u0171, tart\u00f3s panelek, amelyeket a berendez\u00e9sek biztons\u00e1gos r\u00f6gz\u00edt\u00e9s\u00e9re \u00e9s szervez\u00e9s\u00e9re terveztek rackszekr\u00e9nyekben. Ide\u00e1lis professzion\u00e1lis be\u00e1ll\u00edt\u00e1sokhoz, stabilit\u00e1st \u00e9s hat\u00e9kony haszn\u00e1latot biztos\u00edtva.","breadcrumb":{"@id":"https:\/\/sxflightcase.com\/zh\/\u4ea7\u54c1\/\u673a\u67b6\u67dc\u9762\u677f-rab401\/#breadcrumb"},"inLanguage":"hu","potentialAction":[{"@type":"ReadAction","target":["https:\/\/sxflightcase.com\/zh\/\u4ea7\u54c1\/\u673a\u67b6\u67dc\u9762\u677f-rab401\/"]}]},{"@type":"ImageObject","inLanguage":"hu","@id":"https:\/\/sxflightcase.com\/zh\/\u4ea7\u54c1\/\u673a\u67b6\u67dc\u9762\u677f-rab401\/#primaryimage","url":"https:\/\/sxflightcase.com\/wp-content\/uploads\/2024\/09\/RAB401.jpg","contentUrl":"https:\/\/sxflightcase.com\/wp-content\/uploads\/2024\/09\/RAB401.jpg","width":700,"height":700,"caption":"Rack Cabinet Panel"},{"@type":"BreadcrumbList","@id":"https:\/\/sxflightcase.com\/zh\/\u4ea7\u54c1\/\u673a\u67b6\u67dc\u9762\u677f-rab401\/#breadcrumb","itemListElement":[{"@type":"ListItem","position":1,"name":"Home","item":"https:\/\/sxflightcase.com\/"},{"@type":"ListItem","position":2,"name":"\u0e2a\u0e34\u0e19\u0e04\u0e49\u0e32","item":"https:\/\/sxflightcase.com\/th\/shop\/"},{"@type":"ListItem","position":3,"name":"Rack Cabinet Panel RAB401"}]},{"@type":"WebSite","@id":"https:\/\/sxflightcase.com\/th\/#website","url":"https:\/\/sxflightcase.com\/th\/","name":"sxpowercase.com","description":"Flight Case Factory","publisher":{"@id":"https:\/\/sxflightcase.com\/th\/#organization"},"potentialAction":[{"@type":"SearchAction","target":{"@type":"EntryPoint","urlTemplate":"https:\/\/sxflightcase.com\/th\/?s={search_term_string}"},"query-input":{"@type":"PropertyValueSpecification","valueRequired":true,"valueName":"search_term_string"}}],"inLanguage":"hu"},{"@type":"Organization","@id":"https:\/\/sxflightcase.com\/th\/#organization","name":"sxpowercase.com","url":"https:\/\/sxflightcase.com\/th\/","logo":{"@type":"ImageObject","inLanguage":"hu","@id":"https:\/\/sxflightcase.com\/th\/#\/schema\/logo\/image\/","url":"https:\/\/sxflightcase.com\/wp-content\/uploads\/2024\/04\/1713919036007.jpg","contentUrl":"https:\/\/sxflightcase.com\/wp-content\/uploads\/2024\/04\/1713919036007.jpg","width":382,"height":388,"caption":"sxpowercase.com"},"image":{"@id":"https:\/\/sxflightcase.com\/th\/#\/schema\/logo\/image\/"},"sameAs":["https:\/\/www.facebook.com\/profile.php?id=61560407257971"],"numberOfEmployees":{"@type":"QuantitativeValue","minValue":"11","maxValue":"50"}}]}},"_links":{"self":[{"href":"https:\/\/sxflightcase.com\/hu\/wp-json\/wp\/v2\/product\/4422","targetHints":{"allow":["GET"]}}],"collection":[{"href":"https:\/\/sxflightcase.com\/hu\/wp-json\/wp\/v2\/product"}],"about":[{"href":"https:\/\/sxflightcase.com\/hu\/wp-json\/wp\/v2\/types\/product"}],"replies":[{"embeddable":true,"href":"https:\/\/sxflightcase.com\/hu\/wp-json\/wp\/v2\/comments?post=4422"}],"version-history":[{"count":0,"href":"https:\/\/sxflightcase.com\/hu\/wp-json\/wp\/v2\/product\/4422\/revisions"}],"wp:featuredmedia":[{"embeddable":true,"href":"https:\/\/sxflightcase.com\/hu\/wp-json\/wp\/v2\/media\/4291"}],"wp:attachment":[{"href":"https:\/\/sxflightcase.com\/hu\/wp-json\/wp\/v2\/media?parent=4422"}],"wp:term":[{"taxonomy":"product_brand","embeddable":true,"href":"https:\/\/sxflightcase.com\/hu\/wp-json\/wp\/v2\/product_brand?post=4422"},{"taxonomy":"product_cat","embeddable":true,"href":"https:\/\/sxflightcase.com\/hu\/wp-json\/wp\/v2\/product_cat?post=4422"},{"taxonomy":"product_tag","embeddable":true,"href":"https:\/\/sxflightcase.com\/hu\/wp-json\/wp\/v2\/product_tag?post=4422"}],"curies":[{"name":"wp","href":"https:\/\/api.w.org\/{rel}","templated":true}]}}