{"id":4424,"date":"2024-09-14T07:16:40","date_gmt":"2024-09-14T06:16:40","guid":{"rendered":"https:\/\/sxpowercase.com\/?post_type=product&#038;p=4424"},"modified":"2024-09-14T07:16:54","modified_gmt":"2024-09-14T06:16:54","slug":"rack-mountable-flat-raf102","status":"publish","type":"product","link":"https:\/\/sxflightcase.com\/hu\/termek\/rackbe-szerelheto-lapos-raf102\/","title":{"rendered":"Rackbe szerelhet\u0151 lapos RAF102"},"content":{"rendered":"<h3>Egyszer\u0171s\u00edtse a telep\u00edt\u00e9st az SX Rackbe szerelhet\u0151 lapos panelekkel<\/h3>\n<p>Az audio-vizu\u00e1lis vagy informatikai berendez\u00e9sek rendszerez\u00e9se m\u00e9g soha nem volt ilyen egyszer\u0171 a <strong>SX<\/strong>'s <a href=\"https:\/\/sxpowercase.com\/product\/rack-mountable-flat-raf101\/\"><strong>Rackre szerelhet\u0151 lapos<\/strong><\/a> panelek. Ezek a panelek eleg\u00e1ns kialak\u00edt\u00e1s\u00faak, seg\u00edtve a munkater\u00fclet rendben tart\u00e1s\u00e1t \u00e9s hozz\u00e1f\u00e9rhet\u0151s\u00e9g\u00e9t. T\u00f6k\u00e9letes megold\u00e1st jelentenek a berendez\u00e9sek biztons\u00e1gos \u00e9s hat\u00e9kony r\u00f6gz\u00edt\u00e9s\u00e9hez, biztos\u00edtva, hogy felszerel\u00e9se a hely\u00e9n maradjon an\u00e9lk\u00fcl, hogy felesleges helyet foglalna.<\/p>\n<h3>Tart\u00f3ss\u00e1g \u00e9s megb\u00edzhat\u00f3s\u00e1g<\/h3>\n<p>Ha a hossz\u00fa t\u00e1v\u00fa teljes\u00edtm\u00e9nyr\u0151l van sz\u00f3, <strong><a title=\"SX\" href=\"https:\/\/sxpowercase.com\/\" target=\"_blank\" rel=\"noopener\" data-wpil-monitor-id=\"760\">SX<\/a><\/strong> sz\u00e1ll\u00edt. A <strong>Rackre szerelhet\u0151 lapos<\/strong> A panelek kiv\u00e1l\u00f3 min\u0151s\u00e9g\u0171 anyagokb\u00f3l k\u00e9sz\u00fclnek, amelyeket \u00fagy terveztek, hogy ig\u00e9nyes k\u00f6rnyezetben is kib\u00edrj\u00e1k a napi haszn\u00e1latot. A robusztus szerkezet\u0171 panelek a szerverszob\u00e1kt\u00f3l a hangst\u00fadi\u00f3kig a legk\u00fcl\u00f6nb\u00f6z\u0151bb professzion\u00e1lis be\u00e1ll\u00edt\u00e1sokhoz sz\u00fcks\u00e9ges szil\u00e1rds\u00e1got \u00e9s t\u00e1mogat\u00e1st ny\u00fajtanak.<\/p>\n<h3>Gy\u00e1ri k\u00f6zvetlen \u00e1rk\u00e9pz\u00e9s a megfizethet\u0151 megold\u00e1sok\u00e9rt<\/h3>\n<p>A  c\u00edmen. <strong>SX<\/strong>, hisz\u00fcnk abban, hogy kiv\u00e1l\u00f3 min\u0151s\u00e9g\u0171 term\u00e9keket k\u00edn\u00e1lunk versenyk\u00e9pes \u00e1ron. Az\u00e1ltal, hogy <strong>Rackre szerelhet\u0151 lapos<\/strong> panelek k\u00f6zvetlen\u00fcl a gy\u00e1rb\u00f3l, biztos\u00edtjuk, hogy \u00fcgyfeleink a lehet\u0151 legjobb \u00fczletet kapj\u00e1k. Ez a k\u00f6lts\u00e9gtakar\u00e9kos megk\u00f6zel\u00edt\u00e9s lehet\u0151v\u00e9 teszi a v\u00e1llalkoz\u00e1sok sz\u00e1m\u00e1ra, hogy min\u0151s\u00e9gi berendez\u00e9sekbe fektessenek be an\u00e9lk\u00fcl, hogy t\u00falk\u00f6ltekezn\u00e9nek, \u00e9s \u00edgy <strong>SX<\/strong> ide\u00e1lis v\u00e1laszt\u00e1s a p\u00e9nzt\u00e1rcabar\u00e1t szakemberek sz\u00e1m\u00e1ra.<\/p>\n<h3>K\u00f6nny\u0171 integr\u00e1ci\u00f3 b\u00e1rmilyen \u00e1llv\u00e1nyrendszerbe<\/h3>\n<p>\u00dagy tervezt\u00e9k, hogy illeszkedjen a szabv\u00e1nyos \u00e1llv\u00e1nyokhoz, <strong>SX Rackbe szerelhet\u0151 lapos<\/strong> A panelek hihetetlen\u00fcl k\u00f6nnyen telep\u00edthet\u0151k. Mivel nincs sz\u00fcks\u00e9g bonyolult be\u00e1ll\u00edt\u00e1sra, ezek a panelek z\u00f6kken\u0151mentesen beilleszthet\u0151k a megl\u00e9v\u0151 infrastrukt\u00far\u00e1ba. Lapos kialak\u00edt\u00e1suk nemcsak helyet takar\u00edt meg, hanem jav\u00edtja a k\u00e1belkezel\u00e9st is, \u00edgy rendezett \u00e9s rendezetlen marad a telep\u00edt\u00e9se.<\/p>\n<h3>Ipari szakemberek bizalma<\/h3>\n<p>A szakemberek vil\u00e1gszerte megb\u00edznak <strong>SX<\/strong> a felszerel\u00e9si ig\u00e9nyeikhez. A <strong>Rackre szerelhet\u0151 lapos<\/strong> A panelek tart\u00f3ss\u00e1gukr\u00f3l, megfizethet\u0151s\u00e9g\u00fckr\u0151l \u00e9s egyszer\u0171 haszn\u00e1latukr\u00f3l ismertek, \u00edgy n\u00e9pszer\u0171 v\u00e1laszt\u00e1snak sz\u00e1m\u00edtanak olyan ipar\u00e1gakban, mint a m\u0171sorsz\u00f3r\u00e1s, az IT \u00e9s az \u00e9l\u0151 rendezv\u00e9nyek gy\u00e1rt\u00e1sa. Nem sz\u00e1m\u00edt, milyen ter\u00fcleten dolgozik, <strong>SX<\/strong> megb\u00edzhat\u00f3 megold\u00e1sokat k\u00edn\u00e1l, amelyekre sz\u00e1m\u00edthat.<\/p>\n<h3>Min\u0151s\u00e9g \u00e9s \u00e9rt\u00e9k, amire sz\u00e1m\u00edthat<\/h3>\n<p>A  c\u00edmen <strong>SX<\/strong>, \u00d6n t\u00f6bbet kap, mint egy term\u00e9ket - min\u0151s\u00e9get \u00e9s \u00e9rt\u00e9ket kap. A <strong>Rackbe szerelhet\u0151 lak\u00e1sok<\/strong> A panelek hossz\u00fa \u00e9lettartamot biztos\u00edtanak, \u00e9s az \u00e1r nem fogja megzavarni a bankot. Ak\u00e1r egy \u00faj st\u00fadi\u00f3t szerel fel, ak\u00e1r a jelenlegi rendszer\u00e9t korszer\u0171s\u00edti, <strong>SX<\/strong> megb\u00edzhat\u00f3, megfizethet\u0151 megold\u00e1sokat k\u00edn\u00e1l a sikerhez.<\/p>\n<p>V\u00e1lassza ki a  c\u00edmet. <strong>SX Rackbe szerelhet\u0151 lak\u00e1sok<\/strong> panelek a k\u00f6vetkez\u0151 projektj\u00e9hez, \u00e9s tapasztalja meg a min\u0151s\u00e9g, az \u00e1r \u00e9s a teljes\u00edtm\u00e9ny t\u00f6k\u00e9letes egyens\u00faly\u00e1t.<\/p>\n<ol>\n<li>Kapcsolatfelv\u00e9tel most:<span style=\"color: #0000ff;\"><a style=\"color: #0000ff;\" href=\"https:\/\/sxpowercase.com\/contact-us\/\">https:\/\/sxpowercase.com\/<\/a><\/span><\/li>\n<li>Hardver term\u00e9kkatal\u00f3gus\uff1a<span style=\"color: #0000ff;\"><a style=\"color: #0000ff;\" href=\"https:\/\/sxpowercase.com\/wp-content\/uploads\/2024\/07\/\u4e94\u91d1.pdf\">Hardver tartoz\u00e9kok katal\u00f3gusa<\/a><\/span><\/li>\n<\/ol>","protected":false},"excerpt":{"rendered":"<h3>Maxim\u00e1lis helykihaszn\u00e1l\u00e1s az SX Rackbe szerelhet\u0151 lapos panelekkel<\/h3>\n<p>Az SX Rackbe szerelhet\u0151 lapos panelek eleg\u00e1ns, helytakar\u00e9kos megold\u00e1st k\u00edn\u00e1lnak az audio-vizu\u00e1lis vagy informatikai berendez\u00e9sek rendszerez\u00e9s\u00e9hez, biztos\u00edtva a hat\u00e9konys\u00e1got \u00e9s a k\u00f6nny\u0171 hozz\u00e1f\u00e9r\u00e9st.<\/p>\n<h3>Tart\u00f3s \u00e9s k\u00f6lts\u00e9ghat\u00e9kony<\/h3>\n<p>A kiv\u00e1l\u00f3 min\u0151s\u00e9g\u0171 anyagokb\u00f3l k\u00e9sz\u00fclt panelek hossz\u00fa \u00e9lettartamot biztos\u00edtanak. A gy\u00e1ri k\u00f6zvetlen \u00e1rk\u00e9pz\u00e9s pr\u00e9mium min\u0151s\u00e9get biztos\u00edt alacsonyabb \u00e1ron, \u00edgy az SX a k\u00f6lts\u00e9gvet\u00e9s-bar\u00e1t v\u00e1laszt\u00e1s.<\/p>\n<h3>Egyszer\u0171 telep\u00edt\u00e9s b\u00e1rmilyen be\u00e1ll\u00edt\u00e1shoz<\/h3>\n<p>A szabv\u00e1nyos rackekhez tervezett SX panelek gyorsan telep\u00edthet\u0151k, \u00e9s seg\u00edtenek a k\u00e1belkezel\u00e9s egyszer\u0171s\u00edt\u00e9s\u00e9ben, jav\u00edtva b\u00e1rmely professzion\u00e1lis vagy otthoni berendez\u00e9s szervezetts\u00e9g\u00e9t.<\/p>","protected":false},"featured_media":4296,"comment_status":"open","ping_status":"closed","template":"","meta":[],"product_brand":[],"product_cat":[66],"product_tag":[],"class_list":{"0":"post-4424","1":"product","2":"type-product","3":"status-publish","4":"has-post-thumbnail","6":"product_cat-rack-hardware","8":"first","9":"instock","10":"shipping-taxable","11":"product-type-simple"},"yoast_head":"<!-- This site is optimized with the Yoast SEO Premium plugin v27.1 (Yoast SEO v27.2) - https:\/\/yoast.com\/product\/yoast-seo-premium-wordpress\/ -->\n<title>Rack Mountable Flat RAF102 - https:\/\/sxflightcase.com \ud83d\udc97<\/title>\n<meta name=\"description\" content=\"Rack mountable flat, factory direct! Durable and high-quality flat panels for securely mounting equipment in racks. Perfect for professional setups, ensuring stability and efficient space use.\" \/>\n<meta name=\"robots\" content=\"index, follow, max-snippet:-1, max-image-preview:large, max-video-preview:-1\" \/>\n<link rel=\"canonical\" href=\"https:\/\/sxflightcase.com\/hu\/urun\/rafa-monte-edilebilir-duz-raf102-2\/\" \/>\n<meta property=\"og:locale\" content=\"hu_HU\" \/>\n<meta property=\"og:type\" content=\"article\" \/>\n<meta property=\"og:title\" content=\"Rack Mountable Flat RAF102\" \/>\n<meta property=\"og:description\" content=\"Rack mountable flat, factory direct! Durable and high-quality flat panels for securely mounting equipment in racks. Perfect for professional setups, ensuring stability and efficient space use.\" \/>\n<meta property=\"og:url\" content=\"https:\/\/sxflightcase.com\/hu\/urun\/rafa-monte-edilebilir-duz-raf102-2\/\" \/>\n<meta property=\"og:site_name\" content=\"https:\/\/sxflightcase.com\" \/>\n<meta property=\"article:publisher\" content=\"https:\/\/www.facebook.com\/profile.php?id=61560407257971\" \/>\n<meta property=\"article:modified_time\" content=\"2024-09-14T06:16:54+00:00\" \/>\n<meta property=\"og:image\" content=\"https:\/\/sxflightcase.com\/wp-content\/uploads\/2024\/09\/RAF102.jpg\" \/>\n\t<meta property=\"og:image:width\" content=\"700\" \/>\n\t<meta property=\"og:image:height\" content=\"700\" \/>\n\t<meta property=\"og:image:type\" content=\"image\/jpeg\" \/>\n<meta name=\"twitter:card\" content=\"summary_large_image\" \/>\n<meta name=\"twitter:label1\" content=\"Becs\u00fclt olvas\u00e1si id\u0151\" \/>\n\t<meta name=\"twitter:data1\" content=\"3 perc\" \/>\n<script type=\"application\/ld+json\" class=\"yoast-schema-graph\">{\"@context\":\"https:\/\/schema.org\",\"@graph\":[{\"@type\":\"WebPage\",\"@id\":\"https:\/\/sxflightcase.com\/tr\/urun\/rafa-monte-edilebilir-duz-raf102-2\/\",\"url\":\"https:\/\/sxflightcase.com\/tr\/urun\/rafa-monte-edilebilir-duz-raf102-2\/\",\"name\":\"Rack Mountable Flat RAF102 - https:\/\/sxflightcase.com \ud83d\udc97\",\"isPartOf\":{\"@id\":\"https:\/\/sxflightcase.com\/th\/#website\"},\"primaryImageOfPage\":{\"@id\":\"https:\/\/sxflightcase.com\/tr\/urun\/rafa-monte-edilebilir-duz-raf102-2\/#primaryimage\"},\"image\":{\"@id\":\"https:\/\/sxflightcase.com\/tr\/urun\/rafa-monte-edilebilir-duz-raf102-2\/#primaryimage\"},\"thumbnailUrl\":\"https:\/\/sxflightcase.com\/wp-content\/uploads\/2024\/09\/RAF102.jpg\",\"datePublished\":\"2024-09-14T06:16:40+00:00\",\"dateModified\":\"2024-09-14T06:16:54+00:00\",\"description\":\"Rack mountable flat, factory direct! Durable and high-quality flat panels for securely mounting equipment in racks. Perfect for professional setups, ensuring stability and efficient space use.\",\"breadcrumb\":{\"@id\":\"https:\/\/sxflightcase.com\/tr\/urun\/rafa-monte-edilebilir-duz-raf102-2\/#breadcrumb\"},\"inLanguage\":\"hu\",\"potentialAction\":[{\"@type\":\"ReadAction\",\"target\":[\"https:\/\/sxflightcase.com\/tr\/urun\/rafa-monte-edilebilir-duz-raf102-2\/\"]}]},{\"@type\":\"ImageObject\",\"inLanguage\":\"hu\",\"@id\":\"https:\/\/sxflightcase.com\/tr\/urun\/rafa-monte-edilebilir-duz-raf102-2\/#primaryimage\",\"url\":\"https:\/\/sxflightcase.com\/wp-content\/uploads\/2024\/09\/RAF102.jpg\",\"contentUrl\":\"https:\/\/sxflightcase.com\/wp-content\/uploads\/2024\/09\/RAF102.jpg\",\"width\":700,\"height\":700,\"caption\":\"Rack Mountable Flat\"},{\"@type\":\"BreadcrumbList\",\"@id\":\"https:\/\/sxflightcase.com\/tr\/urun\/rafa-monte-edilebilir-duz-raf102-2\/#breadcrumb\",\"itemListElement\":[{\"@type\":\"ListItem\",\"position\":1,\"name\":\"Home\",\"item\":\"https:\/\/sxflightcase.com\/\"},{\"@type\":\"ListItem\",\"position\":2,\"name\":\"\u0e2a\u0e34\u0e19\u0e04\u0e49\u0e32\",\"item\":\"https:\/\/sxflightcase.com\/th\/shop\/\"},{\"@type\":\"ListItem\",\"position\":3,\"name\":\"Rack Mountable Flat RAF102\"}]},{\"@type\":\"WebSite\",\"@id\":\"https:\/\/sxflightcase.com\/th\/#website\",\"url\":\"https:\/\/sxflightcase.com\/th\/\",\"name\":\"sxpowercase.com\",\"description\":\"Flight Case Factory\",\"publisher\":{\"@id\":\"https:\/\/sxflightcase.com\/th\/#organization\"},\"potentialAction\":[{\"@type\":\"SearchAction\",\"target\":{\"@type\":\"EntryPoint\",\"urlTemplate\":\"https:\/\/sxflightcase.com\/th\/?s={search_term_string}\"},\"query-input\":{\"@type\":\"PropertyValueSpecification\",\"valueRequired\":true,\"valueName\":\"search_term_string\"}}],\"inLanguage\":\"hu\"},{\"@type\":\"Organization\",\"@id\":\"https:\/\/sxflightcase.com\/th\/#organization\",\"name\":\"sxpowercase.com\",\"url\":\"https:\/\/sxflightcase.com\/th\/\",\"logo\":{\"@type\":\"ImageObject\",\"inLanguage\":\"hu\",\"@id\":\"https:\/\/sxflightcase.com\/th\/#\/schema\/logo\/image\/\",\"url\":\"https:\/\/sxflightcase.com\/wp-content\/uploads\/2024\/04\/1713919036007.jpg\",\"contentUrl\":\"https:\/\/sxflightcase.com\/wp-content\/uploads\/2024\/04\/1713919036007.jpg\",\"width\":382,\"height\":388,\"caption\":\"sxpowercase.com\"},\"image\":{\"@id\":\"https:\/\/sxflightcase.com\/th\/#\/schema\/logo\/image\/\"},\"sameAs\":[\"https:\/\/www.facebook.com\/profile.php?id=61560407257971\"],\"numberOfEmployees\":{\"@type\":\"QuantitativeValue\",\"minValue\":\"11\",\"maxValue\":\"50\"}}]}<\/script>\n<!-- \/ Yoast SEO Premium plugin. -->","yoast_head_json":{"title":"Rack Mountable Flat RAF102 - https:\/\/sxflightcase.com \ud83d\udc97","description":"Rackbe szerelhet\u0151 lapos, gy\u00e1ri direkt! Tart\u00f3s \u00e9s kiv\u00e1l\u00f3 min\u0151s\u00e9g\u0171 lapos panelek a berendez\u00e9sek biztons\u00e1gos rackbe t\u00f6rt\u00e9n\u0151 r\u00f6gz\u00edt\u00e9s\u00e9hez. T\u00f6k\u00e9letes professzion\u00e1lis be\u00e1ll\u00edt\u00e1sokhoz, stabilit\u00e1st \u00e9s hat\u00e9kony helykihaszn\u00e1l\u00e1st biztos\u00edtva.","robots":{"index":"index","follow":"follow","max-snippet":"max-snippet:-1","max-image-preview":"max-image-preview:large","max-video-preview":"max-video-preview:-1"},"canonical":"https:\/\/sxflightcase.com\/hu\/urun\/rafa-monte-edilebilir-duz-raf102-2\/","og_locale":"hu_HU","og_type":"article","og_title":"Rack Mountable Flat RAF102","og_description":"Rack mountable flat, factory direct! Durable and high-quality flat panels for securely mounting equipment in racks. Perfect for professional setups, ensuring stability and efficient space use.","og_url":"https:\/\/sxflightcase.com\/hu\/urun\/rafa-monte-edilebilir-duz-raf102-2\/","og_site_name":"https:\/\/sxflightcase.com","article_publisher":"https:\/\/www.facebook.com\/profile.php?id=61560407257971","article_modified_time":"2024-09-14T06:16:54+00:00","og_image":[{"width":700,"height":700,"url":"https:\/\/sxflightcase.com\/wp-content\/uploads\/2024\/09\/RAF102.jpg","type":"image\/jpeg"}],"twitter_card":"summary_large_image","twitter_misc":{"Becs\u00fclt olvas\u00e1si id\u0151":"3 perc"},"schema":{"@context":"https:\/\/schema.org","@graph":[{"@type":"WebPage","@id":"https:\/\/sxflightcase.com\/tr\/urun\/rafa-monte-edilebilir-duz-raf102-2\/","url":"https:\/\/sxflightcase.com\/tr\/urun\/rafa-monte-edilebilir-duz-raf102-2\/","name":"Rack Mountable Flat RAF102 - https:\/\/sxflightcase.com \ud83d\udc97","isPartOf":{"@id":"https:\/\/sxflightcase.com\/th\/#website"},"primaryImageOfPage":{"@id":"https:\/\/sxflightcase.com\/tr\/urun\/rafa-monte-edilebilir-duz-raf102-2\/#primaryimage"},"image":{"@id":"https:\/\/sxflightcase.com\/tr\/urun\/rafa-monte-edilebilir-duz-raf102-2\/#primaryimage"},"thumbnailUrl":"https:\/\/sxflightcase.com\/wp-content\/uploads\/2024\/09\/RAF102.jpg","datePublished":"2024-09-14T06:16:40+00:00","dateModified":"2024-09-14T06:16:54+00:00","description":"Rackbe szerelhet\u0151 lapos, gy\u00e1ri direkt! Tart\u00f3s \u00e9s kiv\u00e1l\u00f3 min\u0151s\u00e9g\u0171 lapos panelek a berendez\u00e9sek biztons\u00e1gos rackbe t\u00f6rt\u00e9n\u0151 r\u00f6gz\u00edt\u00e9s\u00e9hez. T\u00f6k\u00e9letes professzion\u00e1lis be\u00e1ll\u00edt\u00e1sokhoz, stabilit\u00e1st \u00e9s hat\u00e9kony helykihaszn\u00e1l\u00e1st biztos\u00edtva.","breadcrumb":{"@id":"https:\/\/sxflightcase.com\/tr\/urun\/rafa-monte-edilebilir-duz-raf102-2\/#breadcrumb"},"inLanguage":"hu","potentialAction":[{"@type":"ReadAction","target":["https:\/\/sxflightcase.com\/tr\/urun\/rafa-monte-edilebilir-duz-raf102-2\/"]}]},{"@type":"ImageObject","inLanguage":"hu","@id":"https:\/\/sxflightcase.com\/tr\/urun\/rafa-monte-edilebilir-duz-raf102-2\/#primaryimage","url":"https:\/\/sxflightcase.com\/wp-content\/uploads\/2024\/09\/RAF102.jpg","contentUrl":"https:\/\/sxflightcase.com\/wp-content\/uploads\/2024\/09\/RAF102.jpg","width":700,"height":700,"caption":"Rack Mountable Flat"},{"@type":"BreadcrumbList","@id":"https:\/\/sxflightcase.com\/tr\/urun\/rafa-monte-edilebilir-duz-raf102-2\/#breadcrumb","itemListElement":[{"@type":"ListItem","position":1,"name":"Home","item":"https:\/\/sxflightcase.com\/"},{"@type":"ListItem","position":2,"name":"\u0e2a\u0e34\u0e19\u0e04\u0e49\u0e32","item":"https:\/\/sxflightcase.com\/th\/shop\/"},{"@type":"ListItem","position":3,"name":"Rack Mountable Flat RAF102"}]},{"@type":"WebSite","@id":"https:\/\/sxflightcase.com\/th\/#website","url":"https:\/\/sxflightcase.com\/th\/","name":"sxpowercase.com","description":"Flight Case Factory","publisher":{"@id":"https:\/\/sxflightcase.com\/th\/#organization"},"potentialAction":[{"@type":"SearchAction","target":{"@type":"EntryPoint","urlTemplate":"https:\/\/sxflightcase.com\/th\/?s={search_term_string}"},"query-input":{"@type":"PropertyValueSpecification","valueRequired":true,"valueName":"search_term_string"}}],"inLanguage":"hu"},{"@type":"Organization","@id":"https:\/\/sxflightcase.com\/th\/#organization","name":"sxpowercase.com","url":"https:\/\/sxflightcase.com\/th\/","logo":{"@type":"ImageObject","inLanguage":"hu","@id":"https:\/\/sxflightcase.com\/th\/#\/schema\/logo\/image\/","url":"https:\/\/sxflightcase.com\/wp-content\/uploads\/2024\/04\/1713919036007.jpg","contentUrl":"https:\/\/sxflightcase.com\/wp-content\/uploads\/2024\/04\/1713919036007.jpg","width":382,"height":388,"caption":"sxpowercase.com"},"image":{"@id":"https:\/\/sxflightcase.com\/th\/#\/schema\/logo\/image\/"},"sameAs":["https:\/\/www.facebook.com\/profile.php?id=61560407257971"],"numberOfEmployees":{"@type":"QuantitativeValue","minValue":"11","maxValue":"50"}}]}},"_links":{"self":[{"href":"https:\/\/sxflightcase.com\/hu\/wp-json\/wp\/v2\/product\/4424","targetHints":{"allow":["GET"]}}],"collection":[{"href":"https:\/\/sxflightcase.com\/hu\/wp-json\/wp\/v2\/product"}],"about":[{"href":"https:\/\/sxflightcase.com\/hu\/wp-json\/wp\/v2\/types\/product"}],"replies":[{"embeddable":true,"href":"https:\/\/sxflightcase.com\/hu\/wp-json\/wp\/v2\/comments?post=4424"}],"version-history":[{"count":0,"href":"https:\/\/sxflightcase.com\/hu\/wp-json\/wp\/v2\/product\/4424\/revisions"}],"wp:featuredmedia":[{"embeddable":true,"href":"https:\/\/sxflightcase.com\/hu\/wp-json\/wp\/v2\/media\/4296"}],"wp:attachment":[{"href":"https:\/\/sxflightcase.com\/hu\/wp-json\/wp\/v2\/media?parent=4424"}],"wp:term":[{"taxonomy":"product_brand","embeddable":true,"href":"https:\/\/sxflightcase.com\/hu\/wp-json\/wp\/v2\/product_brand?post=4424"},{"taxonomy":"product_cat","embeddable":true,"href":"https:\/\/sxflightcase.com\/hu\/wp-json\/wp\/v2\/product_cat?post=4424"},{"taxonomy":"product_tag","embeddable":true,"href":"https:\/\/sxflightcase.com\/hu\/wp-json\/wp\/v2\/product_tag?post=4424"}],"curies":[{"name":"wp","href":"https:\/\/api.w.org\/{rel}","templated":true}]}}