{"id":4430,"date":"2024-09-18T07:17:34","date_gmt":"2024-09-18T06:17:34","guid":{"rendered":"https:\/\/sxpowercase.com\/?post_type=product&#038;p=4430"},"modified":"2024-09-18T07:17:35","modified_gmt":"2024-09-18T06:17:35","slug":"metal-rack-filler-panel-rac101","status":"publish","type":"product","link":"https:\/\/sxflightcase.com\/hu\/termek\/fem-allvanykitolto-panel-rac101\/","title":{"rendered":"F\u00e9m \u00e1llv\u00e1nykit\u00f6lt\u0151 panel RAC101"},"content":{"rendered":"<h3>SX f\u00e9m \u00e1llv\u00e1nykit\u00f6lt\u0151 panel: A t\u00f6k\u00e9letes megold\u00e1s az \u00d6n \u00e1llv\u00e1nyfelszerel\u00e9s\u00e9hez<\/h3>\n<p>Amikor egy rendezett \u00e9s szervezett \u00e1llv\u00e1nyrendszer fenntart\u00e1s\u00e1r\u00f3l van sz\u00f3, <strong>SX <span style=\"color: #0000ff;\"><a style=\"color: #0000ff;\" href=\"https:\/\/sxpowercase.com\/product\/metal-rack-filler-panel-rab403\/\">F\u00e9m \u00e1llv\u00e1nykit\u00f6lt\u0151 panel<\/a><\/span><\/strong> n\u00e9lk\u00fcl\u00f6zhetetlen kieg\u00e9sz\u00edt\u00e9s. \u00dagy tervezt\u00e9k \u0151ket, hogy elfedj\u00e9k az \u00e1llv\u00e1ny \u00fcres helyeit, v\u00e9delmet \u00e9s f\u00e9nyes megjelen\u00e9st ny\u00fajtanak, mik\u00f6zben fokozz\u00e1k a l\u00e9g\u00e1raml\u00e1st. Ezek a panelek t\u00f6k\u00e9letes megold\u00e1st jelentenek a berendez\u00e9sek biztons\u00e1g\u00e1nak \u00e9s a munkater\u00fclet rendben tart\u00e1s\u00e1ra.<\/p>\n<h3>Kiv\u00e1l\u00f3 min\u0151s\u00e9g\u0171 \u00e9s hossz\u00fa \u00e9lettartam\u00fa<\/h3>\n<p>A  c\u00edmen. <strong><a href=\"https:\/\/sxpowercase.com\/\" target=\"_blank\" rel=\"noopener\" title=\"SX\" data-wpil-monitor-id=\"763\">SX<\/a><\/strong>, a min\u0151s\u00e9g a mi priorit\u00e1sunk. A <strong>F\u00e9m \u00e1llv\u00e1nykit\u00f6lt\u0151 panel<\/strong>\u00a0tart\u00f3s, kiv\u00e1l\u00f3 min\u0151s\u00e9g\u0171 f\u00e9mb\u0151l k\u00e9sz\u00fclnek, \u00edgy hossz\u00fa \u00e9veken \u00e1t tartanak. A massz\u00edv konstrukci\u00f3 megv\u00e9di a berendez\u00e9seket a port\u00f3l \u00e9s a k\u00fcls\u0151 s\u00e9r\u00fcl\u00e9sekt\u0151l, \u00edgy ide\u00e1lisak b\u00e1rmely professzion\u00e1lis rackrendszerhez. Mivel a hangs\u00falyt az er\u0151ss\u00e9gre \u00e9s a megb\u00edzhat\u00f3s\u00e1gra helyezz\u00fck, paneleink hossz\u00fa t\u00e1v\u00fa teljes\u00edtm\u00e9nyt ny\u00fajtanak, amelyre sz\u00e1m\u00edthat.<\/p>\n<h3>Megfizethet\u0151 k\u00f6zvetlen\u00fcl a gy\u00e1rb\u00f3l<\/h3>\n<p>A  c\u00edmen <strong>SX<\/strong>, nem kell agg\u00f3dnia a magas k\u00f6lts\u00e9gek miatt. A <strong>F\u00e9m \u00e1llv\u00e1nykit\u00f6lt\u0151 panel<\/strong>\u00a0gy\u00e1ri k\u00f6zvetlen \u00e1ron kaphat\u00f3k, \u00edgy nagyszer\u0171 \u00e9rt\u00e9ket k\u00edn\u00e1lnak a min\u0151s\u00e9g fel\u00e1ldoz\u00e1sa n\u00e9lk\u00fcl. Ez azt jelenti, hogy t\u00falk\u00f6ltekez\u00e9s n\u00e9lk\u00fcl fejlesztheti rackrendszer\u00e9t, \u00edgy a k\u00f6lts\u00e9gvet\u00e9se \u00e9rintetlen marad, mik\u00f6zben cs\u00facsmin\u0151s\u00e9g\u0171 teljes\u00edtm\u00e9nyt kap.<\/p>\n<h3>Egyszer\u0171 telep\u00edt\u00e9s b\u00e1rmilyen rackbe\u00e1ll\u00edt\u00e1shoz<\/h3>\n<p>A  telep\u00edt\u00e9se <strong>SX f\u00e9m \u00e1llv\u00e1nykit\u00f6lt\u0151 panelek<\/strong> gyors \u00e9s probl\u00e9mamentes. Ezeket a paneleket \u00fagy tervezt\u00e9k, hogy illeszkedjenek a legt\u00f6bb szabv\u00e1nyos \u00e1llv\u00e1nyhoz, \u00e9s percek alatt k\u00f6nnyen felszerelhet\u0151k. A kihaszn\u00e1latlan rackhelyek kit\u00f6lt\u00e9se nemcsak a berendez\u00e9s megjelen\u00e9s\u00e9t jav\u00edtja, hanem a l\u00e9g\u00e1raml\u00e1st is fokozza, ami elengedhetetlen a berendez\u00e9sek hossz\u00fa \u00e9lettartam\u00e1hoz.<\/p>\n<h3>Megb\u00edzhat\u00f3 min\u0151s\u00e9g a szakemberek sz\u00e1m\u00e1ra<\/h3>\n<p>A k\u00fcl\u00f6nb\u00f6z\u0151 ipar\u00e1gak szakemberei b\u00edznak <strong>SX<\/strong> az \u00e1llv\u00e1ny ig\u00e9nyeikhez. A <strong>F\u00e9m \u00e1llv\u00e1nykit\u00f6lt\u0151 panelek<\/strong> tart\u00f3ss\u00e1guk \u00e9s k\u00f6nny\u0171 haszn\u00e1lhat\u00f3s\u00e1guk miatt sz\u00e9les k\u00f6rben haszn\u00e1lj\u00e1k az informatikai, audio- \u00e9s m\u0171sorsz\u00f3r\u00f3 szektorban. Ak\u00e1r szerverszob\u00e1t, ak\u00e1r sz\u00f3rakoztat\u00f3 rendszert kezel, <strong>SX<\/strong> biztos\u00edtja, hogy az \u00e1llv\u00e1nyrendszer rendezett \u00e9s hat\u00e9kony maradjon.<\/p>\n<h3>Megb\u00edzhat\u00f3s\u00e1g alacsony k\u00f6lts\u00e9ggel<\/h3>\n<p>A  c\u00edmen. <strong>SX<\/strong>, hisz\u00fcnk abban, hogy kiv\u00e1l\u00f3 min\u0151s\u00e9g\u0171 term\u00e9keket sz\u00e1ll\u00edtunk versenyk\u00e9pes \u00e1ron. A <strong>F\u00e9m \u00e1llv\u00e1nykit\u00f6lt\u0151 panelek<\/strong> tart\u00f3san k\u00e9sz\u00fclnek, biztos\u00edtva az \u00e1llv\u00e1nyrendszer v\u00e9delm\u00e9t \u00e9s m\u0171k\u00f6d\u0151k\u00e9pess\u00e9g\u00e9t. A k\u00f6zvetlen gy\u00e1ri \u00e1rk\u00e9pz\u00e9ssel \u00e9s a min\u0151s\u00e9gre val\u00f3 nagy hangs\u00falyt fektetve mindk\u00e9t vil\u00e1g legjobbj\u00e1t kapja - megb\u00edzhat\u00f3 term\u00e9keket megfizethet\u0151 \u00e1ron.<\/p>\n<p>Rendelje meg <strong>SX f\u00e9m \u00e1llv\u00e1nykit\u00f6lt\u0151 panelek<\/strong> m\u00e9g ma, \u00e9s tegye meg az els\u0151 l\u00e9p\u00e9st egy szervezett \u00e9s professzion\u00e1lis \u00e1llv\u00e1nyrendszer fel\u00e9, m\u00e9ghozz\u00e1 \u00e9sszer\u0171 \u00e1ron!<\/p>\n<ol>\n<li>Kapcsolatfelv\u00e9tel most:<span style=\"color: #0000ff;\"><a style=\"color: #0000ff;\" href=\"https:\/\/sxpowercase.com\/contact-us\/\">https:\/\/sxpowercase.com\/<\/a><\/span><\/li>\n<li>Hardver term\u00e9kkatal\u00f3gus\uff1a<span style=\"color: #0000ff;\"><a style=\"color: #0000ff;\" href=\"https:\/\/sxpowercase.com\/wp-content\/uploads\/2024\/07\/\u4e94\u91d1.pdf\">Hardver tartoz\u00e9kok katal\u00f3gusa<\/a><\/span><\/li>\n<\/ol>","protected":false},"excerpt":{"rendered":"<div class=\"flex max-w-full flex-col flex-grow\">\n<div class=\"min-h-[20px] text-message flex w-full flex-col items-end gap-2 whitespace-normal break-words [.text-message+&amp;]:mt-5\" dir=\"auto\" data-message-author-role=\"assistant\" data-message-id=\"38208414-a302-4391-97c9-56384cd325e8\">\n<div class=\"flex w-full flex-col gap-1 empty:hidden first:pt-[3px]\">\n<div class=\"markdown prose w-full break-words dark:prose-invert light\">\n<h3>Organize Your Rack with SX Metal Rack Filler Panels<\/h3>\n<p>SX Metal Rack Filler Panels offer a sleek solution for filling unused rack spaces, improving airflow and maintaining a professional appearance.<\/p>\n<h3>Built for Durability<\/h3>\n<p>Made from premium-grade metal, these filler panels are designed to withstand heavy-duty use, ensuring long-lasting protection for your equipment.<\/p>\n<h3>Affordable Factory Direct Pricing<\/h3>\n<p>Get top-quality rack components at competitive prices with SX\u2019s factory-direct pricing, ensuring maximum value without sacrificing performance.<\/p>\n<\/div>\n<\/div>\n<\/div>\n<\/div>\n","protected":false},"featured_media":4293,"comment_status":"open","ping_status":"closed","template":"","meta":[],"product_brand":[],"product_cat":[66],"product_tag":[],"class_list":{"0":"post-4430","1":"product","2":"type-product","3":"status-publish","4":"has-post-thumbnail","6":"product_cat-rack-hardware","8":"first","9":"instock","10":"shipping-taxable","11":"product-type-simple"},"yoast_head":"<!-- This site is optimized with the Yoast SEO Premium plugin v27.1 (Yoast SEO v27.2) - https:\/\/yoast.com\/product\/yoast-seo-premium-wordpress\/ -->\n<title>Metal Rack Filler Panel RAC101 - https:\/\/sxflightcase.com \ud83d\udc97<\/title>\n<meta name=\"description\" content=\"Metal rack filler panel, factory direct! High-quality, durable panels designed to cover empty rack spaces for a clean, professional look. Ideal for improving airflow and organization in rack setups.\" \/>\n<meta name=\"robots\" content=\"index, follow, max-snippet:-1, max-image-preview:large, max-video-preview:-1\" \/>\n<link rel=\"canonical\" href=\"https:\/\/sxflightcase.com\/hu\/producto\/panel-metalico-de-relleno-de-estanterias-rac101\/\" \/>\n<meta property=\"og:locale\" content=\"hu_HU\" \/>\n<meta property=\"og:type\" content=\"article\" \/>\n<meta property=\"og:title\" content=\"Metal Rack Filler Panel RAC101\" \/>\n<meta property=\"og:description\" content=\"Metal rack filler panel, factory direct! High-quality, durable panels designed to cover empty rack spaces for a clean, professional look. Ideal for improving airflow and organization in rack setups.\" \/>\n<meta property=\"og:url\" content=\"https:\/\/sxflightcase.com\/hu\/producto\/panel-metalico-de-relleno-de-estanterias-rac101\/\" \/>\n<meta property=\"og:site_name\" content=\"https:\/\/sxflightcase.com\" \/>\n<meta property=\"article:publisher\" content=\"https:\/\/www.facebook.com\/profile.php?id=61560407257971\" \/>\n<meta property=\"article:modified_time\" content=\"2024-09-18T06:17:35+00:00\" \/>\n<meta property=\"og:image\" content=\"https:\/\/sxflightcase.com\/wp-content\/uploads\/2024\/09\/RAC101.jpg\" \/>\n\t<meta property=\"og:image:width\" content=\"700\" \/>\n\t<meta property=\"og:image:height\" content=\"700\" \/>\n\t<meta property=\"og:image:type\" content=\"image\/jpeg\" \/>\n<meta name=\"twitter:card\" content=\"summary_large_image\" \/>\n<meta name=\"twitter:label1\" content=\"Becs\u00fclt olvas\u00e1si id\u0151\" \/>\n\t<meta name=\"twitter:data1\" content=\"3 perc\" \/>\n<script type=\"application\/ld+json\" class=\"yoast-schema-graph\">{\"@context\":\"https:\/\/schema.org\",\"@graph\":[{\"@type\":\"WebPage\",\"@id\":\"https:\/\/sxflightcase.com\/es\/producto\/panel-metalico-de-relleno-de-estanterias-rac101\/\",\"url\":\"https:\/\/sxflightcase.com\/es\/producto\/panel-metalico-de-relleno-de-estanterias-rac101\/\",\"name\":\"Metal Rack Filler Panel RAC101 - https:\/\/sxflightcase.com \ud83d\udc97\",\"isPartOf\":{\"@id\":\"https:\/\/sxflightcase.com\/th\/#website\"},\"primaryImageOfPage\":{\"@id\":\"https:\/\/sxflightcase.com\/es\/producto\/panel-metalico-de-relleno-de-estanterias-rac101\/#primaryimage\"},\"image\":{\"@id\":\"https:\/\/sxflightcase.com\/es\/producto\/panel-metalico-de-relleno-de-estanterias-rac101\/#primaryimage\"},\"thumbnailUrl\":\"https:\/\/sxflightcase.com\/wp-content\/uploads\/2024\/09\/RAC101.jpg\",\"datePublished\":\"2024-09-18T06:17:34+00:00\",\"dateModified\":\"2024-09-18T06:17:35+00:00\",\"description\":\"Metal rack filler panel, factory direct! High-quality, durable panels designed to cover empty rack spaces for a clean, professional look. Ideal for improving airflow and organization in rack setups.\",\"breadcrumb\":{\"@id\":\"https:\/\/sxflightcase.com\/es\/producto\/panel-metalico-de-relleno-de-estanterias-rac101\/#breadcrumb\"},\"inLanguage\":\"hu\",\"potentialAction\":[{\"@type\":\"ReadAction\",\"target\":[\"https:\/\/sxflightcase.com\/es\/producto\/panel-metalico-de-relleno-de-estanterias-rac101\/\"]}]},{\"@type\":\"ImageObject\",\"inLanguage\":\"hu\",\"@id\":\"https:\/\/sxflightcase.com\/es\/producto\/panel-metalico-de-relleno-de-estanterias-rac101\/#primaryimage\",\"url\":\"https:\/\/sxflightcase.com\/wp-content\/uploads\/2024\/09\/RAC101.jpg\",\"contentUrl\":\"https:\/\/sxflightcase.com\/wp-content\/uploads\/2024\/09\/RAC101.jpg\",\"width\":700,\"height\":700,\"caption\":\"Metal Rack Filler Panel\"},{\"@type\":\"BreadcrumbList\",\"@id\":\"https:\/\/sxflightcase.com\/es\/producto\/panel-metalico-de-relleno-de-estanterias-rac101\/#breadcrumb\",\"itemListElement\":[{\"@type\":\"ListItem\",\"position\":1,\"name\":\"Home\",\"item\":\"https:\/\/sxflightcase.com\/\"},{\"@type\":\"ListItem\",\"position\":2,\"name\":\"\u0e2a\u0e34\u0e19\u0e04\u0e49\u0e32\",\"item\":\"https:\/\/sxflightcase.com\/th\/shop\/\"},{\"@type\":\"ListItem\",\"position\":3,\"name\":\"Metal Rack Filler Panel RAC101\"}]},{\"@type\":\"WebSite\",\"@id\":\"https:\/\/sxflightcase.com\/th\/#website\",\"url\":\"https:\/\/sxflightcase.com\/th\/\",\"name\":\"sxpowercase.com\",\"description\":\"Flight Case Factory\",\"publisher\":{\"@id\":\"https:\/\/sxflightcase.com\/th\/#organization\"},\"potentialAction\":[{\"@type\":\"SearchAction\",\"target\":{\"@type\":\"EntryPoint\",\"urlTemplate\":\"https:\/\/sxflightcase.com\/th\/?s={search_term_string}\"},\"query-input\":{\"@type\":\"PropertyValueSpecification\",\"valueRequired\":true,\"valueName\":\"search_term_string\"}}],\"inLanguage\":\"hu\"},{\"@type\":\"Organization\",\"@id\":\"https:\/\/sxflightcase.com\/th\/#organization\",\"name\":\"sxpowercase.com\",\"url\":\"https:\/\/sxflightcase.com\/th\/\",\"logo\":{\"@type\":\"ImageObject\",\"inLanguage\":\"hu\",\"@id\":\"https:\/\/sxflightcase.com\/th\/#\/schema\/logo\/image\/\",\"url\":\"https:\/\/sxflightcase.com\/wp-content\/uploads\/2024\/04\/1713919036007.jpg\",\"contentUrl\":\"https:\/\/sxflightcase.com\/wp-content\/uploads\/2024\/04\/1713919036007.jpg\",\"width\":382,\"height\":388,\"caption\":\"sxpowercase.com\"},\"image\":{\"@id\":\"https:\/\/sxflightcase.com\/th\/#\/schema\/logo\/image\/\"},\"sameAs\":[\"https:\/\/www.facebook.com\/profile.php?id=61560407257971\"],\"numberOfEmployees\":{\"@type\":\"QuantitativeValue\",\"minValue\":\"11\",\"maxValue\":\"50\"}}]}<\/script>\n<!-- \/ Yoast SEO Premium plugin. -->","yoast_head_json":{"title":"Metal Rack Filler Panel RAC101 - https:\/\/sxflightcase.com \ud83d\udc97","description":"F\u00e9m \u00e1llv\u00e1nykit\u00f6lt\u0151 panel, gy\u00e1ri direkt! Kiv\u00e1l\u00f3 min\u0151s\u00e9g\u0171, tart\u00f3s panelek, amelyeket az \u00fcres \u00e1llv\u00e1nyter\u00fcletek takar\u00e1s\u00e1ra terveztek a tiszta, professzion\u00e1lis megjelen\u00e9s \u00e9rdek\u00e9ben. Ide\u00e1lis a l\u00e9g\u00e1raml\u00e1s \u00e9s a szervez\u00e9s jav\u00edt\u00e1s\u00e1ra rack-\u00f6ssze\u00e1ll\u00edt\u00e1sokban.","robots":{"index":"index","follow":"follow","max-snippet":"max-snippet:-1","max-image-preview":"max-image-preview:large","max-video-preview":"max-video-preview:-1"},"canonical":"https:\/\/sxflightcase.com\/hu\/producto\/panel-metalico-de-relleno-de-estanterias-rac101\/","og_locale":"hu_HU","og_type":"article","og_title":"Metal Rack Filler Panel RAC101","og_description":"Metal rack filler panel, factory direct! High-quality, durable panels designed to cover empty rack spaces for a clean, professional look. Ideal for improving airflow and organization in rack setups.","og_url":"https:\/\/sxflightcase.com\/hu\/producto\/panel-metalico-de-relleno-de-estanterias-rac101\/","og_site_name":"https:\/\/sxflightcase.com","article_publisher":"https:\/\/www.facebook.com\/profile.php?id=61560407257971","article_modified_time":"2024-09-18T06:17:35+00:00","og_image":[{"width":700,"height":700,"url":"https:\/\/sxflightcase.com\/wp-content\/uploads\/2024\/09\/RAC101.jpg","type":"image\/jpeg"}],"twitter_card":"summary_large_image","twitter_misc":{"Becs\u00fclt olvas\u00e1si id\u0151":"3 perc"},"schema":{"@context":"https:\/\/schema.org","@graph":[{"@type":"WebPage","@id":"https:\/\/sxflightcase.com\/es\/producto\/panel-metalico-de-relleno-de-estanterias-rac101\/","url":"https:\/\/sxflightcase.com\/es\/producto\/panel-metalico-de-relleno-de-estanterias-rac101\/","name":"Metal Rack Filler Panel RAC101 - https:\/\/sxflightcase.com \ud83d\udc97","isPartOf":{"@id":"https:\/\/sxflightcase.com\/th\/#website"},"primaryImageOfPage":{"@id":"https:\/\/sxflightcase.com\/es\/producto\/panel-metalico-de-relleno-de-estanterias-rac101\/#primaryimage"},"image":{"@id":"https:\/\/sxflightcase.com\/es\/producto\/panel-metalico-de-relleno-de-estanterias-rac101\/#primaryimage"},"thumbnailUrl":"https:\/\/sxflightcase.com\/wp-content\/uploads\/2024\/09\/RAC101.jpg","datePublished":"2024-09-18T06:17:34+00:00","dateModified":"2024-09-18T06:17:35+00:00","description":"F\u00e9m \u00e1llv\u00e1nykit\u00f6lt\u0151 panel, gy\u00e1ri direkt! Kiv\u00e1l\u00f3 min\u0151s\u00e9g\u0171, tart\u00f3s panelek, amelyeket az \u00fcres \u00e1llv\u00e1nyter\u00fcletek takar\u00e1s\u00e1ra terveztek a tiszta, professzion\u00e1lis megjelen\u00e9s \u00e9rdek\u00e9ben. Ide\u00e1lis a l\u00e9g\u00e1raml\u00e1s \u00e9s a szervez\u00e9s jav\u00edt\u00e1s\u00e1ra rack-\u00f6ssze\u00e1ll\u00edt\u00e1sokban.","breadcrumb":{"@id":"https:\/\/sxflightcase.com\/es\/producto\/panel-metalico-de-relleno-de-estanterias-rac101\/#breadcrumb"},"inLanguage":"hu","potentialAction":[{"@type":"ReadAction","target":["https:\/\/sxflightcase.com\/es\/producto\/panel-metalico-de-relleno-de-estanterias-rac101\/"]}]},{"@type":"ImageObject","inLanguage":"hu","@id":"https:\/\/sxflightcase.com\/es\/producto\/panel-metalico-de-relleno-de-estanterias-rac101\/#primaryimage","url":"https:\/\/sxflightcase.com\/wp-content\/uploads\/2024\/09\/RAC101.jpg","contentUrl":"https:\/\/sxflightcase.com\/wp-content\/uploads\/2024\/09\/RAC101.jpg","width":700,"height":700,"caption":"Metal Rack Filler Panel"},{"@type":"BreadcrumbList","@id":"https:\/\/sxflightcase.com\/es\/producto\/panel-metalico-de-relleno-de-estanterias-rac101\/#breadcrumb","itemListElement":[{"@type":"ListItem","position":1,"name":"Home","item":"https:\/\/sxflightcase.com\/"},{"@type":"ListItem","position":2,"name":"\u0e2a\u0e34\u0e19\u0e04\u0e49\u0e32","item":"https:\/\/sxflightcase.com\/th\/shop\/"},{"@type":"ListItem","position":3,"name":"Metal Rack Filler Panel RAC101"}]},{"@type":"WebSite","@id":"https:\/\/sxflightcase.com\/th\/#website","url":"https:\/\/sxflightcase.com\/th\/","name":"sxpowercase.com","description":"Flight Case Factory","publisher":{"@id":"https:\/\/sxflightcase.com\/th\/#organization"},"potentialAction":[{"@type":"SearchAction","target":{"@type":"EntryPoint","urlTemplate":"https:\/\/sxflightcase.com\/th\/?s={search_term_string}"},"query-input":{"@type":"PropertyValueSpecification","valueRequired":true,"valueName":"search_term_string"}}],"inLanguage":"hu"},{"@type":"Organization","@id":"https:\/\/sxflightcase.com\/th\/#organization","name":"sxpowercase.com","url":"https:\/\/sxflightcase.com\/th\/","logo":{"@type":"ImageObject","inLanguage":"hu","@id":"https:\/\/sxflightcase.com\/th\/#\/schema\/logo\/image\/","url":"https:\/\/sxflightcase.com\/wp-content\/uploads\/2024\/04\/1713919036007.jpg","contentUrl":"https:\/\/sxflightcase.com\/wp-content\/uploads\/2024\/04\/1713919036007.jpg","width":382,"height":388,"caption":"sxpowercase.com"},"image":{"@id":"https:\/\/sxflightcase.com\/th\/#\/schema\/logo\/image\/"},"sameAs":["https:\/\/www.facebook.com\/profile.php?id=61560407257971"],"numberOfEmployees":{"@type":"QuantitativeValue","minValue":"11","maxValue":"50"}}]}},"_links":{"self":[{"href":"https:\/\/sxflightcase.com\/hu\/wp-json\/wp\/v2\/product\/4430","targetHints":{"allow":["GET"]}}],"collection":[{"href":"https:\/\/sxflightcase.com\/hu\/wp-json\/wp\/v2\/product"}],"about":[{"href":"https:\/\/sxflightcase.com\/hu\/wp-json\/wp\/v2\/types\/product"}],"replies":[{"embeddable":true,"href":"https:\/\/sxflightcase.com\/hu\/wp-json\/wp\/v2\/comments?post=4430"}],"version-history":[{"count":0,"href":"https:\/\/sxflightcase.com\/hu\/wp-json\/wp\/v2\/product\/4430\/revisions"}],"wp:featuredmedia":[{"embeddable":true,"href":"https:\/\/sxflightcase.com\/hu\/wp-json\/wp\/v2\/media\/4293"}],"wp:attachment":[{"href":"https:\/\/sxflightcase.com\/hu\/wp-json\/wp\/v2\/media?parent=4430"}],"wp:term":[{"taxonomy":"product_brand","embeddable":true,"href":"https:\/\/sxflightcase.com\/hu\/wp-json\/wp\/v2\/product_brand?post=4430"},{"taxonomy":"product_cat","embeddable":true,"href":"https:\/\/sxflightcase.com\/hu\/wp-json\/wp\/v2\/product_cat?post=4430"},{"taxonomy":"product_tag","embeddable":true,"href":"https:\/\/sxflightcase.com\/hu\/wp-json\/wp\/v2\/product_tag?post=4430"}],"curies":[{"name":"wp","href":"https:\/\/api.w.org\/{rel}","templated":true}]}}