{"id":4431,"date":"2024-09-18T07:22:10","date_gmt":"2024-09-18T06:22:10","guid":{"rendered":"https:\/\/sxpowercase.com\/?post_type=product&#038;p=4431"},"modified":"2024-09-18T07:22:11","modified_gmt":"2024-09-18T06:22:11","slug":"rack-panels-rae102","status":"publish","type":"product","link":"https:\/\/sxflightcase.com\/hu\/termek\/rack-panelek-rae102\/","title":{"rendered":"RAE102 Rack panelek"},"content":{"rendered":"<h3>SX Rack panelek: Min\u0151s\u00e9ggel \u00e9s megfizethet\u0151s\u00e9ggel b\u0151v\u00edtse rack rendszer\u00e9t<\/h3>\n<p>Ha megb\u00edzhat\u00f3 megold\u00e1st keres \u00e1llv\u00e1nyrendszer\u00e9nek jav\u00edt\u00e1s\u00e1ra, <strong>SX <span style=\"color: #0000ff;\"><a style=\"color: #0000ff;\" href=\"https:\/\/sxpowercase.com\/product\/metal-rack-filler-panel-rac101\/\">Rack panelek<\/a><\/span><\/strong> az ide\u00e1lis megold\u00e1s. Ezeket a paneleket \u00fagy tervezt\u00e9k, hogy elfedj\u00e9k a kihaszn\u00e1latlan helyeket a rackben, \u00edgy a berendez\u00e9s tiszt\u00e1bb \u00e9s rendezettebb megjelen\u00e9s\u0171 lesz. A  oldalon <strong>SX<\/strong>, biztos\u00edtjuk, hogy \u00e1llv\u00e1nypaneleinket kiv\u00e1l\u00f3 min\u0151s\u00e9g\u0171 anyagokb\u00f3l k\u00e9sz\u00edtik, hogy hossz\u00fa t\u00e1v\u00fa v\u00e9delmet \u00e9s tart\u00f3ss\u00e1got biztos\u00edtsanak.<\/p>\n<h3>Gy\u00e1ri k\u00f6zvetlen \u00e1rk\u00e9pz\u00e9s a maxim\u00e1lis \u00e9rt\u00e9k\u00e9rt<\/h3>\n<p>A  c\u00edmen <strong><a href=\"https:\/\/sxpowercase.com\/\" target=\"_blank\" rel=\"noopener\" title=\"SX\" data-wpil-monitor-id=\"764\">SX<\/a><\/strong>, \u00e9lvezheti a cs\u00facsmin\u0151s\u00e9g\u0171 <strong>\u00e1llv\u00e1nypanel<\/strong>\u00a0alacsony \u00e1ron. A gy\u00e1ri k\u00f6zvetlen \u00e9rt\u00e9kes\u00edt\u00e9ssel kik\u00fcsz\u00f6b\u00f6lj\u00fck a k\u00f6zvet\u00edt\u0151ket, \u00e9s a megtakar\u00edt\u00e1st tov\u00e1bbadjuk \u00d6nnek. Ez azt jelenti, hogy pr\u00e9mium min\u0151s\u00e9g\u0171 <strong>\u00e1llv\u00e1nypanel<\/strong>\u00a0a piacon jellemz\u0151en tapasztalhat\u00f3 t\u00falz\u00f3 k\u00f6lts\u00e9gek n\u00e9lk\u00fcl. Ez egy okos befektet\u00e9s mind min\u0151s\u00e9gben, mind \u00e1rban.<\/p>\n<h3>Egyszer\u0171 telep\u00edt\u00e9s a professzion\u00e1lis megjelen\u00e9s\u00e9rt<\/h3>\n<p>A <strong>SX Rack panel<\/strong>\u00a0\u00fagy tervezt\u00e9k, hogy z\u00f6kken\u0151mentesen illeszkedjenek b\u00e1rmely szabv\u00e1nyos rackrendszerbe. A telep\u00edt\u00e9s gyors \u00e9s egyszer\u0171, \u00edgy biztos\u00edtva, hogy azonnal jav\u00edthassa a berendez\u00e9s megjelen\u00e9s\u00e9t \u00e9s funkcionalit\u00e1s\u00e1t. Legyen sz\u00f3 audio-, szerver- vagy IT-rendszerekr\u0151l, ezek a panelek seg\u00edtik a professzion\u00e1lis megjelen\u00e9st, mik\u00f6zben jav\u00edtj\u00e1k a l\u00e9g\u00e1raml\u00e1st \u00e9s a berendez\u00e9sek v\u00e9delm\u00e9t.<\/p>\n<h3>Tart\u00f3s anyagok a hossz\u00fa \u00e9lettartam\u00fa teljes\u00edtm\u00e9ny\u00e9rt<\/h3>\n<p>Tart\u00f3s, kiv\u00e1l\u00f3 min\u0151s\u00e9g\u0171 f\u00e9mb\u0151l k\u00e9sz\u00fclt, <strong>SX Rack panel<\/strong>\u00a0\u00fagy \u00e9p\u00fclnek, hogy \u00e9vekig tart\u00f3 haszn\u00e1latot b\u00edrjanak. Megv\u00e9dik berendez\u00e9seit a port\u00f3l \u00e9s a fizikai s\u00e9r\u00fcl\u00e9sekt\u0151l, mik\u00f6zben optim\u00e1lis l\u00e9g\u00e1raml\u00e1st biztos\u00edtanak az \u00e1llv\u00e1nyon bel\u00fcl. Ha befektet ezekbe a panelekbe, biztos\u00edtja, hogy berendez\u00e9sei biztons\u00e1gban maradnak \u00e9s hossz\u00fa t\u00e1von hat\u00e9konyan m\u0171k\u00f6dnek.<\/p>\n<h3>Magas min\u0151s\u00e9g alacsony \u00e1ron<\/h3>\n<p>A  c\u00edmen. <strong>SX<\/strong>, b\u00fcszk\u00e9k vagyunk arra, hogy mind a min\u0151s\u00e9get, mind a megfizethet\u0151s\u00e9get biztos\u00edtjuk. A <strong>\u00e1llv\u00e1nypanel<\/strong>\u00a0\u00fagy vannak kialak\u00edtva, hogy megfeleljenek a szakmai el\u0151\u00edr\u00e1soknak, ugyanakkor k\u00f6lts\u00e9gk\u00edm\u00e9l\u0151ek maradjanak. Ak\u00e1r egy kis rendszer felszerel\u00e9s\u00e9r\u0151l, ak\u00e1r egy nagyszab\u00e1s\u00fa telep\u00edt\u00e9sr\u0151l van sz\u00f3, a k\u00f6vetkez\u0151kre sz\u00e1m\u00edthat <strong>SX<\/strong> hogy a legjobb megold\u00e1st k\u00edn\u00e1ljuk \u00d6nnek.<\/p>\n<h3>K\u00f6vetkeztet\u00e9s<\/h3>\n<p>A  c\u00edmen <strong>SX Rack panelek<\/strong>, tart\u00f3s, kiv\u00e1l\u00f3 min\u0151s\u00e9g\u0171 paneleket kaphat gy\u00e1ri \u00e1ron, \u00edgy kiv\u00e1l\u00f3 v\u00e1laszt\u00e1s b\u00e1rmilyen professzion\u00e1lis \u00e1llv\u00e1nyrendszerhez. Rendeljen most, \u00e9s \u00e9lvezze \u00e9rt\u00e9kes eszk\u00f6zei min\u0151s\u00e9gi v\u00e9delm\u00e9nek el\u0151nyeit a k\u00f6lts\u00e9gvet\u00e9s\u00e9hez ill\u0151 \u00e1ron!<\/p>\n<ol>\n<li>Kapcsolatfelv\u00e9tel most:<span style=\"color: #0000ff;\"><a style=\"color: #0000ff;\" href=\"https:\/\/sxpowercase.com\/contact-us\/\">https:\/\/sxpowercase.com\/<\/a><\/span><\/li>\n<li>Hardver term\u00e9kkatal\u00f3gus\uff1a<span style=\"color: #0000ff;\"><a style=\"color: #0000ff;\" href=\"https:\/\/sxpowercase.com\/wp-content\/uploads\/2024\/07\/\u4e94\u91d1.pdf\">Hardver tartoz\u00e9kok katal\u00f3gusa<\/a><\/span><\/li>\n<\/ol>","protected":false},"excerpt":{"rendered":"<h3>Szervezze az \u00e1llv\u00e1nyt az SX Rack panelek seg\u00edts\u00e9g\u00e9vel<\/h3>\n<p>Az SX Rack Panelek tiszta \u00e9s professzion\u00e1lis megjelen\u00e9st biztos\u00edtanak a rendszernek, mik\u00f6zben v\u00e9dik a berendez\u00e9seket \u00e9s optimaliz\u00e1lj\u00e1k a l\u00e9g\u00e1raml\u00e1st.<\/p>\n<h3>Gy\u00e1ri k\u00f6zvetlen \u00e1rk\u00e9pz\u00e9s a legjobb \u00e9rt\u00e9kek\u00e9rt<\/h3>\n<p>\u00c9lvezze a pr\u00e9mium min\u0151s\u00e9get verhetetlen \u00e1ron az SX gy\u00e1ri k\u00f6zvetlen \u00e9rt\u00e9kes\u00edt\u00e9s\u00e9vel, amely kiv\u00e1l\u00f3 min\u0151s\u00e9g\u0171 paneleket k\u00edn\u00e1l a magas k\u00f6lts\u00e9gek n\u00e9lk\u00fcl.<\/p>\n<h3>Tart\u00f3s \u00e9s k\u00f6nnyen telep\u00edthet\u0151<\/h3>\n<p>A hossz\u00fa \u00e9lettartam\u00fa f\u00e9mb\u0151l k\u00e9sz\u00fclt SX Rack Paneleket \u00fagy tervezt\u00e9k, hogy k\u00f6nnyen felszerelhet\u0151k legyenek a szabv\u00e1nyos rackekbe, megb\u00edzhat\u00f3 v\u00e9delmet \u00e9s jobb rendszerteljes\u00edtm\u00e9nyt biztos\u00edtva.<\/p>","protected":false},"featured_media":4294,"comment_status":"open","ping_status":"closed","template":"","meta":[],"product_brand":[],"product_cat":[66],"product_tag":[],"class_list":{"0":"post-4431","1":"product","2":"type-product","3":"status-publish","4":"has-post-thumbnail","6":"product_cat-rack-hardware","8":"first","9":"instock","10":"shipping-taxable","11":"product-type-simple"},"yoast_head":"<!-- This site is optimized with the Yoast SEO Premium plugin v27.1 (Yoast SEO v27.2) - https:\/\/yoast.com\/product\/yoast-seo-premium-wordpress\/ -->\n<title>Rack Panels RAE102 - https:\/\/sxflightcase.com \ud83d\udc97<\/title>\n<meta name=\"description\" content=\"SX Rack Panels offer high-quality, affordable solutions for covering unused rack spaces. Easy to install and factory-direct priced for maximum value.\" \/>\n<meta name=\"robots\" content=\"index, follow, max-snippet:-1, max-image-preview:large, max-video-preview:-1\" \/>\n<link rel=\"canonical\" href=\"https:\/\/sxflightcase.com\/hu\/termek\/rack-panelek-rae102\/\" \/>\n<meta property=\"og:locale\" content=\"hu_HU\" \/>\n<meta property=\"og:type\" content=\"article\" \/>\n<meta property=\"og:title\" content=\"Rack Panels RAE102\" \/>\n<meta property=\"og:description\" content=\"SX Rack Panels offer high-quality, affordable solutions for covering unused rack spaces. Easy to install and factory-direct priced for maximum value.\" \/>\n<meta property=\"og:url\" content=\"https:\/\/sxflightcase.com\/hu\/termek\/rack-panelek-rae102\/\" \/>\n<meta property=\"og:site_name\" content=\"https:\/\/sxflightcase.com\" \/>\n<meta property=\"article:publisher\" content=\"https:\/\/www.facebook.com\/profile.php?id=61560407257971\" \/>\n<meta property=\"article:modified_time\" content=\"2024-09-18T06:22:11+00:00\" \/>\n<meta property=\"og:image\" content=\"https:\/\/sxflightcase.com\/wp-content\/uploads\/2024\/09\/RAE102.jpg\" \/>\n\t<meta property=\"og:image:width\" content=\"700\" \/>\n\t<meta property=\"og:image:height\" content=\"700\" \/>\n\t<meta property=\"og:image:type\" content=\"image\/jpeg\" \/>\n<meta name=\"twitter:card\" content=\"summary_large_image\" \/>\n<meta name=\"twitter:label1\" content=\"Becs\u00fclt olvas\u00e1si id\u0151\" \/>\n\t<meta name=\"twitter:data1\" content=\"3 perc\" \/>\n<script type=\"application\/ld+json\" class=\"yoast-schema-graph\">{\"@context\":\"https:\/\/schema.org\",\"@graph\":[{\"@type\":\"WebPage\",\"@id\":\"https:\/\/sxflightcase.com\/product\/rack-panels-rae102\/\",\"url\":\"https:\/\/sxflightcase.com\/product\/rack-panels-rae102\/\",\"name\":\"Rack Panels RAE102 - https:\/\/sxflightcase.com \ud83d\udc97\",\"isPartOf\":{\"@id\":\"https:\/\/sxflightcase.com\/th\/#website\"},\"primaryImageOfPage\":{\"@id\":\"https:\/\/sxflightcase.com\/product\/rack-panels-rae102\/#primaryimage\"},\"image\":{\"@id\":\"https:\/\/sxflightcase.com\/product\/rack-panels-rae102\/#primaryimage\"},\"thumbnailUrl\":\"https:\/\/sxflightcase.com\/wp-content\/uploads\/2024\/09\/RAE102.jpg\",\"datePublished\":\"2024-09-18T06:22:10+00:00\",\"dateModified\":\"2024-09-18T06:22:11+00:00\",\"description\":\"SX Rack Panels offer high-quality, affordable solutions for covering unused rack spaces. Easy to install and factory-direct priced for maximum value.\",\"breadcrumb\":{\"@id\":\"https:\/\/sxflightcase.com\/product\/rack-panels-rae102\/#breadcrumb\"},\"inLanguage\":\"hu\",\"potentialAction\":[{\"@type\":\"ReadAction\",\"target\":[\"https:\/\/sxflightcase.com\/product\/rack-panels-rae102\/\"]}]},{\"@type\":\"ImageObject\",\"inLanguage\":\"hu\",\"@id\":\"https:\/\/sxflightcase.com\/product\/rack-panels-rae102\/#primaryimage\",\"url\":\"https:\/\/sxflightcase.com\/wp-content\/uploads\/2024\/09\/RAE102.jpg\",\"contentUrl\":\"https:\/\/sxflightcase.com\/wp-content\/uploads\/2024\/09\/RAE102.jpg\",\"width\":700,\"height\":700,\"caption\":\"Rack Panels\"},{\"@type\":\"BreadcrumbList\",\"@id\":\"https:\/\/sxflightcase.com\/product\/rack-panels-rae102\/#breadcrumb\",\"itemListElement\":[{\"@type\":\"ListItem\",\"position\":1,\"name\":\"Home\",\"item\":\"https:\/\/sxflightcase.com\/\"},{\"@type\":\"ListItem\",\"position\":2,\"name\":\"\u0e2a\u0e34\u0e19\u0e04\u0e49\u0e32\",\"item\":\"https:\/\/sxflightcase.com\/th\/shop\/\"},{\"@type\":\"ListItem\",\"position\":3,\"name\":\"Rack Panels RAE102\"}]},{\"@type\":\"WebSite\",\"@id\":\"https:\/\/sxflightcase.com\/th\/#website\",\"url\":\"https:\/\/sxflightcase.com\/th\/\",\"name\":\"sxpowercase.com\",\"description\":\"Flight Case Factory\",\"publisher\":{\"@id\":\"https:\/\/sxflightcase.com\/th\/#organization\"},\"potentialAction\":[{\"@type\":\"SearchAction\",\"target\":{\"@type\":\"EntryPoint\",\"urlTemplate\":\"https:\/\/sxflightcase.com\/th\/?s={search_term_string}\"},\"query-input\":{\"@type\":\"PropertyValueSpecification\",\"valueRequired\":true,\"valueName\":\"search_term_string\"}}],\"inLanguage\":\"hu\"},{\"@type\":\"Organization\",\"@id\":\"https:\/\/sxflightcase.com\/th\/#organization\",\"name\":\"sxpowercase.com\",\"url\":\"https:\/\/sxflightcase.com\/th\/\",\"logo\":{\"@type\":\"ImageObject\",\"inLanguage\":\"hu\",\"@id\":\"https:\/\/sxflightcase.com\/th\/#\/schema\/logo\/image\/\",\"url\":\"https:\/\/sxflightcase.com\/wp-content\/uploads\/2024\/04\/1713919036007.jpg\",\"contentUrl\":\"https:\/\/sxflightcase.com\/wp-content\/uploads\/2024\/04\/1713919036007.jpg\",\"width\":382,\"height\":388,\"caption\":\"sxpowercase.com\"},\"image\":{\"@id\":\"https:\/\/sxflightcase.com\/th\/#\/schema\/logo\/image\/\"},\"sameAs\":[\"https:\/\/www.facebook.com\/profile.php?id=61560407257971\"],\"numberOfEmployees\":{\"@type\":\"QuantitativeValue\",\"minValue\":\"11\",\"maxValue\":\"50\"}}]}<\/script>\n<!-- \/ Yoast SEO Premium plugin. -->","yoast_head_json":{"title":"Rack Panels RAE102 - https:\/\/sxflightcase.com \ud83d\udc97","description":"Az SX Rack Panelek kiv\u00e1l\u00f3 min\u0151s\u00e9g\u0171, megfizethet\u0151 megold\u00e1sokat k\u00edn\u00e1lnak a kihaszn\u00e1latlan rackhelyek lefed\u00e9s\u00e9re. K\u00f6nnyen telep\u00edthet\u0151 \u00e9s gy\u00e1ri k\u00f6zvetlen \u00e1r\u00faak a maxim\u00e1lis \u00e9rt\u00e9k \u00e9rdek\u00e9ben.","robots":{"index":"index","follow":"follow","max-snippet":"max-snippet:-1","max-image-preview":"max-image-preview:large","max-video-preview":"max-video-preview:-1"},"canonical":"https:\/\/sxflightcase.com\/hu\/termek\/rack-panelek-rae102\/","og_locale":"hu_HU","og_type":"article","og_title":"Rack Panels RAE102","og_description":"SX Rack Panels offer high-quality, affordable solutions for covering unused rack spaces. Easy to install and factory-direct priced for maximum value.","og_url":"https:\/\/sxflightcase.com\/hu\/termek\/rack-panelek-rae102\/","og_site_name":"https:\/\/sxflightcase.com","article_publisher":"https:\/\/www.facebook.com\/profile.php?id=61560407257971","article_modified_time":"2024-09-18T06:22:11+00:00","og_image":[{"width":700,"height":700,"url":"https:\/\/sxflightcase.com\/wp-content\/uploads\/2024\/09\/RAE102.jpg","type":"image\/jpeg"}],"twitter_card":"summary_large_image","twitter_misc":{"Becs\u00fclt olvas\u00e1si id\u0151":"3 perc"},"schema":{"@context":"https:\/\/schema.org","@graph":[{"@type":"WebPage","@id":"https:\/\/sxflightcase.com\/product\/rack-panels-rae102\/","url":"https:\/\/sxflightcase.com\/product\/rack-panels-rae102\/","name":"Rack Panels RAE102 - https:\/\/sxflightcase.com \ud83d\udc97","isPartOf":{"@id":"https:\/\/sxflightcase.com\/th\/#website"},"primaryImageOfPage":{"@id":"https:\/\/sxflightcase.com\/product\/rack-panels-rae102\/#primaryimage"},"image":{"@id":"https:\/\/sxflightcase.com\/product\/rack-panels-rae102\/#primaryimage"},"thumbnailUrl":"https:\/\/sxflightcase.com\/wp-content\/uploads\/2024\/09\/RAE102.jpg","datePublished":"2024-09-18T06:22:10+00:00","dateModified":"2024-09-18T06:22:11+00:00","description":"Az SX Rack Panelek kiv\u00e1l\u00f3 min\u0151s\u00e9g\u0171, megfizethet\u0151 megold\u00e1sokat k\u00edn\u00e1lnak a kihaszn\u00e1latlan rackhelyek lefed\u00e9s\u00e9re. K\u00f6nnyen telep\u00edthet\u0151 \u00e9s gy\u00e1ri k\u00f6zvetlen \u00e1r\u00faak a maxim\u00e1lis \u00e9rt\u00e9k \u00e9rdek\u00e9ben.","breadcrumb":{"@id":"https:\/\/sxflightcase.com\/product\/rack-panels-rae102\/#breadcrumb"},"inLanguage":"hu","potentialAction":[{"@type":"ReadAction","target":["https:\/\/sxflightcase.com\/product\/rack-panels-rae102\/"]}]},{"@type":"ImageObject","inLanguage":"hu","@id":"https:\/\/sxflightcase.com\/product\/rack-panels-rae102\/#primaryimage","url":"https:\/\/sxflightcase.com\/wp-content\/uploads\/2024\/09\/RAE102.jpg","contentUrl":"https:\/\/sxflightcase.com\/wp-content\/uploads\/2024\/09\/RAE102.jpg","width":700,"height":700,"caption":"Rack Panels"},{"@type":"BreadcrumbList","@id":"https:\/\/sxflightcase.com\/product\/rack-panels-rae102\/#breadcrumb","itemListElement":[{"@type":"ListItem","position":1,"name":"Home","item":"https:\/\/sxflightcase.com\/"},{"@type":"ListItem","position":2,"name":"\u0e2a\u0e34\u0e19\u0e04\u0e49\u0e32","item":"https:\/\/sxflightcase.com\/th\/shop\/"},{"@type":"ListItem","position":3,"name":"Rack Panels RAE102"}]},{"@type":"WebSite","@id":"https:\/\/sxflightcase.com\/th\/#website","url":"https:\/\/sxflightcase.com\/th\/","name":"sxpowercase.com","description":"Flight Case Factory","publisher":{"@id":"https:\/\/sxflightcase.com\/th\/#organization"},"potentialAction":[{"@type":"SearchAction","target":{"@type":"EntryPoint","urlTemplate":"https:\/\/sxflightcase.com\/th\/?s={search_term_string}"},"query-input":{"@type":"PropertyValueSpecification","valueRequired":true,"valueName":"search_term_string"}}],"inLanguage":"hu"},{"@type":"Organization","@id":"https:\/\/sxflightcase.com\/th\/#organization","name":"sxpowercase.com","url":"https:\/\/sxflightcase.com\/th\/","logo":{"@type":"ImageObject","inLanguage":"hu","@id":"https:\/\/sxflightcase.com\/th\/#\/schema\/logo\/image\/","url":"https:\/\/sxflightcase.com\/wp-content\/uploads\/2024\/04\/1713919036007.jpg","contentUrl":"https:\/\/sxflightcase.com\/wp-content\/uploads\/2024\/04\/1713919036007.jpg","width":382,"height":388,"caption":"sxpowercase.com"},"image":{"@id":"https:\/\/sxflightcase.com\/th\/#\/schema\/logo\/image\/"},"sameAs":["https:\/\/www.facebook.com\/profile.php?id=61560407257971"],"numberOfEmployees":{"@type":"QuantitativeValue","minValue":"11","maxValue":"50"}}]}},"_links":{"self":[{"href":"https:\/\/sxflightcase.com\/hu\/wp-json\/wp\/v2\/product\/4431","targetHints":{"allow":["GET"]}}],"collection":[{"href":"https:\/\/sxflightcase.com\/hu\/wp-json\/wp\/v2\/product"}],"about":[{"href":"https:\/\/sxflightcase.com\/hu\/wp-json\/wp\/v2\/types\/product"}],"replies":[{"embeddable":true,"href":"https:\/\/sxflightcase.com\/hu\/wp-json\/wp\/v2\/comments?post=4431"}],"version-history":[{"count":0,"href":"https:\/\/sxflightcase.com\/hu\/wp-json\/wp\/v2\/product\/4431\/revisions"}],"wp:featuredmedia":[{"embeddable":true,"href":"https:\/\/sxflightcase.com\/hu\/wp-json\/wp\/v2\/media\/4294"}],"wp:attachment":[{"href":"https:\/\/sxflightcase.com\/hu\/wp-json\/wp\/v2\/media?parent=4431"}],"wp:term":[{"taxonomy":"product_brand","embeddable":true,"href":"https:\/\/sxflightcase.com\/hu\/wp-json\/wp\/v2\/product_brand?post=4431"},{"taxonomy":"product_cat","embeddable":true,"href":"https:\/\/sxflightcase.com\/hu\/wp-json\/wp\/v2\/product_cat?post=4431"},{"taxonomy":"product_tag","embeddable":true,"href":"https:\/\/sxflightcase.com\/hu\/wp-json\/wp\/v2\/product_tag?post=4431"}],"curies":[{"name":"wp","href":"https:\/\/api.w.org\/{rel}","templated":true}]}}