{"id":4435,"date":"2024-09-19T04:05:42","date_gmt":"2024-09-19T03:05:42","guid":{"rendered":"https:\/\/sxpowercase.com\/?post_type=product&#038;p=4435"},"modified":"2024-09-19T04:09:52","modified_gmt":"2024-09-19T03:09:52","slug":"rack-accessories-raf201","status":"publish","type":"product","link":"https:\/\/sxflightcase.com\/hu\/termek\/rack-tartozekok-raf201\/","title":{"rendered":"Rack tartoz\u00e9kok RAF201"},"content":{"rendered":"<h3>SX Rack tartoz\u00e9kok: Kiv\u00e1l\u00f3 min\u0151s\u00e9g\u0171 megold\u00e1sokkal eg\u00e9sz\u00edtse ki a rack-felszerel\u00e9st<\/h3>\n<p>Amikor az \u00e1llv\u00e1nyrendszer optimaliz\u00e1l\u00e1s\u00e1r\u00f3l van sz\u00f3, <strong>SX <a href=\"https:\/\/sxpowercase.com\/product\/rack-panels-rae102\/\">Rack tartoz\u00e9kok<\/a><\/strong> \u00fagy tervezt\u00e9k, hogy p\u00e1ratlan funkcionalit\u00e1st \u00e9s tart\u00f3ss\u00e1got k\u00edn\u00e1ljanak. Legyen sz\u00f3 k\u00e1belkezel\u00e9si megold\u00e1sokr\u00f3l, szell\u0151z\u0151panelekr\u0151l vagy \u00e1llv\u00e1nys\u00ednekr\u0151l, <strong>SX<\/strong> tartoz\u00e9kok sz\u00e9les v\u00e1laszt\u00e9k\u00e1t k\u00edn\u00e1lja, amelyek biztos\u00edtj\u00e1k, hogy \u00e1llv\u00e1nya szervezett, hat\u00e9kony \u00e9s v\u00e9dett legyen. Minden tartoz\u00e9k pr\u00e9mium min\u0151s\u00e9g\u0171 anyagokb\u00f3l k\u00e9sz\u00fclt, hogy megfeleljen a professzion\u00e1lis be\u00e1ll\u00edt\u00e1sok k\u00f6vetelm\u00e9nyeinek.<\/p>\n<h3>Gy\u00e1ri k\u00f6zvetlen \u00e1rk\u00e9pz\u00e9s a maxim\u00e1lis megtakar\u00edt\u00e1s\u00e9rt<\/h3>\n<p>A  c\u00edmen. <strong><a title=\"SX\" href=\"https:\/\/sxpowercase.com\/\" target=\"_blank\" rel=\"noopener\" data-wpil-monitor-id=\"766\">SX<\/a><\/strong>, hisz\u00fcnk abban, hogy kiv\u00e1l\u00f3 min\u0151s\u00e9g\u0171 <strong>\u00e1llv\u00e1ny tartoz\u00e9kok<\/strong> megfizethet\u0151 \u00e1ron. A k\u00f6zvet\u00edt\u0151 c\u00e9gek kiz\u00e1r\u00e1s\u00e1val k\u00f6zvetlen gy\u00e1ri \u00e1rakat biztos\u00edtunk, amelyek seg\u00edts\u00e9g\u00e9vel p\u00e9nzt takar\u00edthat meg an\u00e9lk\u00fcl, hogy a min\u0151s\u00e9g rov\u00e1s\u00e1ra menne. Megb\u00edzhat <strong>SX<\/strong> a legjobbat ny\u00fajtani <strong>\u00e1llv\u00e1ny tartoz\u00e9k<\/strong>\u00a0a k\u00f6lts\u00e9gek t\u00f6red\u00e9k\u00e9\u00e9rt, biztos\u00edtva, hogy minden v\u00e1s\u00e1rl\u00e1skor maxim\u00e1lis \u00e9rt\u00e9ket kapjon.<\/p>\n<h3>Egyszer\u0171 telep\u00edt\u00e9s a gyors telep\u00edt\u00e9shez<\/h3>\n<p>A <strong>SX Rack tartoz\u00e9kok<\/strong> \u00fagy tervezt\u00e9k, hogy z\u00f6kken\u0151mentesen integr\u00e1lhat\u00f3 legyen b\u00e1rmely szabv\u00e1nyos rackrendszerbe. Ak\u00e1r k\u00e1belrendez\u0151t, ak\u00e1r r\u00f6gz\u00edt\u0151konzolokat vagy l\u00e9g\u00e1raml\u00e1si paneleket telep\u00edt, a folyamat egyszer\u0171 \u00e9s probl\u00e9mamentes. Ezek a <strong>\u00e1llv\u00e1ny tartoz\u00e9kok<\/strong> nem csak a rendszer megjelen\u00e9s\u00e9t, hanem a funkcionalit\u00e1s\u00e1t is jav\u00edtja, biztos\u00edtva a professzion\u00e1lis be\u00e1ll\u00edt\u00e1st.<\/p>\n<h3>Min\u0151s\u00e9gi anyagokkal tart\u00f3san \u00e9p\u00edtett<\/h3>\n<p>Minden <strong>SX<\/strong> term\u00e9k tart\u00f3s, hossz\u00fa \u00e9lettartam\u00fa anyagokb\u00f3l k\u00e9sz\u00fclt, \u00edgy biztos\u00edtva az \u00d6n <strong>\u00e1llv\u00e1ny tartoz\u00e9kok<\/strong> ki\u00e1llja az id\u0151 pr\u00f3b\u00e1j\u00e1t. Ak\u00e1r egy audiovizu\u00e1lis rendszer felszerel\u00e9s\u00e9r\u0151l, ak\u00e1r szervereszk\u00f6z\u00f6k kezel\u00e9s\u00e9r\u0151l van sz\u00f3, tartoz\u00e9kainkat \u00fagy tervezt\u00fck, hogy megv\u00e9dj\u00e9k \u00e9rt\u00e9kes felszerel\u00e9s\u00e9t, mik\u00f6zben mindent rendezetten tartanak. A  weboldalon <strong>SX<\/strong>, b\u00edzhat abban, hogy felszerel\u00e9se j\u00f3 kezekben van.<\/p>\n<h3>Megfizethet\u0151 megold\u00e1sok minden ig\u00e9nyre<\/h3>\n<p>K\u00edn\u00e1latunk <strong>\u00e1llv\u00e1ny tartoz\u00e9k<\/strong>\u00a0minden ig\u00e9nyt kiel\u00e9g\u00edt, a kit\u00f6lt\u0151panelekt\u0151l a r\u00f6gz\u00edt\u0151 hardverekig. <strong>SX<\/strong> elk\u00f6telezett amellett, hogy min\u0151s\u00e9gi term\u00e9keket k\u00edn\u00e1ljon a lehet\u0151 legalacsonyabb \u00e1ron, \u00edgy biztos\u00edtva, hogy mindent megkapjon, amire sz\u00fcks\u00e9ge van, an\u00e9lk\u00fcl, hogy t\u00falk\u00f6ltekezne. Garant\u00e1ljuk, hogy minden egyes \u00e1ltalunk k\u00edn\u00e1lt term\u00e9k gondosan meg\u00e9p\u00edtett, min\u0151s\u00e9get \u00e9s teljes\u00edtm\u00e9nyt ny\u00fajt, kedvez\u0151 \u00e1ron.<\/p>\n<h3>K\u00f6vetkeztet\u00e9s<\/h3>\n<p>Kiv\u00e1l\u00f3 min\u0151s\u00e9g\u0171, tart\u00f3s \u00e9s megfizethet\u0151 <strong>\u00e1llv\u00e1ny tartoz\u00e9k<\/strong>, ne keressen tov\u00e1bb, mint <strong>SX<\/strong>. Term\u00e9keink kiv\u00e1l\u00f3 v\u00e9delmet \u00e9s szervez\u00e9st ny\u00fajtanak az \u00e1llv\u00e1nyrendszer sz\u00e1m\u00e1ra, gy\u00e1ri k\u00f6zvetlen \u00e1ron, biztos\u00edtva, hogy a legjobb \u00e1r-\u00e9rt\u00e9k ar\u00e1nyt kapja a p\u00e9nz\u00e9\u00e9rt. N\u00f6velje be\u00e1ll\u00edt\u00e1sait a k\u00f6vetkez\u0151kkel <strong>SX Rack tartoz\u00e9k<\/strong><\/p>\n<ol>\n<li>Kapcsolatfelv\u00e9tel most:<span style=\"color: #0000ff;\"><a style=\"color: #0000ff;\" href=\"https:\/\/sxpowercase.com\/contact-us\/\">https:\/\/sxpowercase.com\/<\/a><\/span><\/li>\n<li>Hardver term\u00e9kkatal\u00f3gus\uff1a<span style=\"color: #0000ff;\"><a style=\"color: #0000ff;\" href=\"https:\/\/sxpowercase.com\/wp-content\/uploads\/2024\/07\/\u4e94\u91d1.pdf\">Hardver tartoz\u00e9kok katal\u00f3gusa<\/a><\/span><\/li>\n<\/ol>","protected":false},"excerpt":{"rendered":"<h3>Optimaliz\u00e1lja az \u00e1llv\u00e1ny\u00e1t az SX Rack tartoz\u00e9kokkal<\/h3>\n<p>Az SX Rack tartoz\u00e9kok kiv\u00e1l\u00f3 szervez\u00e9st \u00e9s v\u00e9delmet ny\u00fajtanak rendszere sz\u00e1m\u00e1ra, olyan tart\u00f3s megold\u00e1sokkal, mint a k\u00e1belkezel\u00e9s \u00e9s a rack s\u00ednek.<\/p>\n<h3>Gy\u00e1ri k\u00f6zvetlen \u00e1rak a maxim\u00e1lis megtakar\u00edt\u00e1s\u00e9rt<\/h3>\n<p>\u00c9lvezze a cs\u00facsmin\u0151s\u00e9g\u0171 \u00e1llv\u00e1nytart\u00f3 tartoz\u00e9kokat gy\u00e1ri \u00e1ron az SX seg\u00edts\u00e9g\u00e9vel, \u00e9s biztos\u00edtsa a pr\u00e9mium min\u0151s\u00e9get an\u00e9lk\u00fcl, hogy a k\u00f6lts\u00e9gvet\u00e9s\u00e9t megrong\u00e1ln\u00e1.<\/p>\n<h3>Egyszer\u0171 telep\u00edt\u00e9s \u00e9s hossz\u00fa \u00e9lettartam\u00fa anyagok<\/h3>\n<p>Az SX Rack tartoz\u00e9kok tart\u00f3sak \u00e9s k\u00f6nnyen telep\u00edthet\u0151k, \u00edgy t\u00f6k\u00e9letesen alkalmasak az \u00e1llv\u00e1nyrendszer hat\u00e9konys\u00e1g\u00e1nak \u00e9s \u00e9lettartam\u00e1nak n\u00f6vel\u00e9s\u00e9re.<\/p>","protected":false},"featured_media":4297,"comment_status":"open","ping_status":"closed","template":"","meta":[],"product_brand":[],"product_cat":[66],"product_tag":[],"class_list":{"0":"post-4435","1":"product","2":"type-product","3":"status-publish","4":"has-post-thumbnail","6":"product_cat-rack-hardware","8":"first","9":"instock","10":"shipping-taxable","11":"product-type-simple"},"yoast_head":"<!-- This site is optimized with the Yoast SEO Premium plugin v27.1 (Yoast SEO v27.2) - https:\/\/yoast.com\/product\/yoast-seo-premium-wordpress\/ -->\n<title>Rack Accessories RAF201 - https:\/\/sxflightcase.com \ud83d\udc97<\/title>\n<meta name=\"description\" content=\"SX Rack Accessories offer durable, affordable solutions for any rack setup. Factory-direct pricing ensures you get premium products without the high cost.\" \/>\n<meta name=\"robots\" content=\"index, follow, max-snippet:-1, max-image-preview:large, max-video-preview:-1\" \/>\n<link rel=\"canonical\" href=\"https:\/\/sxflightcase.com\/hu\/termek\/rack-tartozekok-raf201\/\" \/>\n<meta property=\"og:locale\" content=\"hu_HU\" \/>\n<meta property=\"og:type\" content=\"article\" \/>\n<meta property=\"og:title\" content=\"Rack Accessories RAF201\" \/>\n<meta property=\"og:description\" content=\"SX Rack Accessories offer durable, affordable solutions for any rack setup. Factory-direct pricing ensures you get premium products without the high cost.\" \/>\n<meta property=\"og:url\" content=\"https:\/\/sxflightcase.com\/hu\/termek\/rack-tartozekok-raf201\/\" \/>\n<meta property=\"og:site_name\" content=\"https:\/\/sxflightcase.com\" \/>\n<meta property=\"article:publisher\" content=\"https:\/\/www.facebook.com\/profile.php?id=61560407257971\" \/>\n<meta property=\"article:modified_time\" content=\"2024-09-19T03:09:52+00:00\" \/>\n<meta property=\"og:image\" content=\"https:\/\/sxflightcase.com\/wp-content\/uploads\/2024\/09\/RAF201.jpg\" \/>\n\t<meta property=\"og:image:width\" content=\"700\" \/>\n\t<meta property=\"og:image:height\" content=\"700\" \/>\n\t<meta property=\"og:image:type\" content=\"image\/jpeg\" \/>\n<meta name=\"twitter:card\" content=\"summary_large_image\" \/>\n<meta name=\"twitter:label1\" content=\"Becs\u00fclt olvas\u00e1si id\u0151\" \/>\n\t<meta name=\"twitter:data1\" content=\"3 perc\" \/>\n<script type=\"application\/ld+json\" class=\"yoast-schema-graph\">{\"@context\":\"https:\/\/schema.org\",\"@graph\":[{\"@type\":\"WebPage\",\"@id\":\"https:\/\/sxflightcase.com\/product\/rack-accessories-raf201\/\",\"url\":\"https:\/\/sxflightcase.com\/product\/rack-accessories-raf201\/\",\"name\":\"Rack Accessories RAF201 - https:\/\/sxflightcase.com \ud83d\udc97\",\"isPartOf\":{\"@id\":\"https:\/\/sxflightcase.com\/th\/#website\"},\"primaryImageOfPage\":{\"@id\":\"https:\/\/sxflightcase.com\/product\/rack-accessories-raf201\/#primaryimage\"},\"image\":{\"@id\":\"https:\/\/sxflightcase.com\/product\/rack-accessories-raf201\/#primaryimage\"},\"thumbnailUrl\":\"https:\/\/sxflightcase.com\/wp-content\/uploads\/2024\/09\/RAF201.jpg\",\"datePublished\":\"2024-09-19T03:05:42+00:00\",\"dateModified\":\"2024-09-19T03:09:52+00:00\",\"description\":\"SX Rack Accessories offer durable, affordable solutions for any rack setup. Factory-direct pricing ensures you get premium products without the high cost.\",\"breadcrumb\":{\"@id\":\"https:\/\/sxflightcase.com\/product\/rack-accessories-raf201\/#breadcrumb\"},\"inLanguage\":\"hu\",\"potentialAction\":[{\"@type\":\"ReadAction\",\"target\":[\"https:\/\/sxflightcase.com\/product\/rack-accessories-raf201\/\"]}]},{\"@type\":\"ImageObject\",\"inLanguage\":\"hu\",\"@id\":\"https:\/\/sxflightcase.com\/product\/rack-accessories-raf201\/#primaryimage\",\"url\":\"https:\/\/sxflightcase.com\/wp-content\/uploads\/2024\/09\/RAF201.jpg\",\"contentUrl\":\"https:\/\/sxflightcase.com\/wp-content\/uploads\/2024\/09\/RAF201.jpg\",\"width\":700,\"height\":700,\"caption\":\"Rack Accessories\"},{\"@type\":\"BreadcrumbList\",\"@id\":\"https:\/\/sxflightcase.com\/product\/rack-accessories-raf201\/#breadcrumb\",\"itemListElement\":[{\"@type\":\"ListItem\",\"position\":1,\"name\":\"Home\",\"item\":\"https:\/\/sxflightcase.com\/\"},{\"@type\":\"ListItem\",\"position\":2,\"name\":\"\u0e2a\u0e34\u0e19\u0e04\u0e49\u0e32\",\"item\":\"https:\/\/sxflightcase.com\/th\/shop\/\"},{\"@type\":\"ListItem\",\"position\":3,\"name\":\"Rack Accessories RAF201\"}]},{\"@type\":\"WebSite\",\"@id\":\"https:\/\/sxflightcase.com\/th\/#website\",\"url\":\"https:\/\/sxflightcase.com\/th\/\",\"name\":\"sxpowercase.com\",\"description\":\"Flight Case Factory\",\"publisher\":{\"@id\":\"https:\/\/sxflightcase.com\/th\/#organization\"},\"potentialAction\":[{\"@type\":\"SearchAction\",\"target\":{\"@type\":\"EntryPoint\",\"urlTemplate\":\"https:\/\/sxflightcase.com\/th\/?s={search_term_string}\"},\"query-input\":{\"@type\":\"PropertyValueSpecification\",\"valueRequired\":true,\"valueName\":\"search_term_string\"}}],\"inLanguage\":\"hu\"},{\"@type\":\"Organization\",\"@id\":\"https:\/\/sxflightcase.com\/th\/#organization\",\"name\":\"sxpowercase.com\",\"url\":\"https:\/\/sxflightcase.com\/th\/\",\"logo\":{\"@type\":\"ImageObject\",\"inLanguage\":\"hu\",\"@id\":\"https:\/\/sxflightcase.com\/th\/#\/schema\/logo\/image\/\",\"url\":\"https:\/\/sxflightcase.com\/wp-content\/uploads\/2024\/04\/1713919036007.jpg\",\"contentUrl\":\"https:\/\/sxflightcase.com\/wp-content\/uploads\/2024\/04\/1713919036007.jpg\",\"width\":382,\"height\":388,\"caption\":\"sxpowercase.com\"},\"image\":{\"@id\":\"https:\/\/sxflightcase.com\/th\/#\/schema\/logo\/image\/\"},\"sameAs\":[\"https:\/\/www.facebook.com\/profile.php?id=61560407257971\"],\"numberOfEmployees\":{\"@type\":\"QuantitativeValue\",\"minValue\":\"11\",\"maxValue\":\"50\"}}]}<\/script>\n<!-- \/ Yoast SEO Premium plugin. -->","yoast_head_json":{"title":"Rack Accessories RAF201 - https:\/\/sxflightcase.com \ud83d\udc97","description":"Az SX Rack tartoz\u00e9kok tart\u00f3s, megfizethet\u0151 megold\u00e1sokat k\u00edn\u00e1lnak b\u00e1rmilyen rack be\u00e1ll\u00edt\u00e1shoz. A gy\u00e1ri k\u00f6zvetlen \u00e1rk\u00e9pz\u00e9s biztos\u00edtja, hogy pr\u00e9mium term\u00e9keket kapjon magas k\u00f6lts\u00e9gek n\u00e9lk\u00fcl.","robots":{"index":"index","follow":"follow","max-snippet":"max-snippet:-1","max-image-preview":"max-image-preview:large","max-video-preview":"max-video-preview:-1"},"canonical":"https:\/\/sxflightcase.com\/hu\/termek\/rack-tartozekok-raf201\/","og_locale":"hu_HU","og_type":"article","og_title":"Rack Accessories RAF201","og_description":"SX Rack Accessories offer durable, affordable solutions for any rack setup. Factory-direct pricing ensures you get premium products without the high cost.","og_url":"https:\/\/sxflightcase.com\/hu\/termek\/rack-tartozekok-raf201\/","og_site_name":"https:\/\/sxflightcase.com","article_publisher":"https:\/\/www.facebook.com\/profile.php?id=61560407257971","article_modified_time":"2024-09-19T03:09:52+00:00","og_image":[{"width":700,"height":700,"url":"https:\/\/sxflightcase.com\/wp-content\/uploads\/2024\/09\/RAF201.jpg","type":"image\/jpeg"}],"twitter_card":"summary_large_image","twitter_misc":{"Becs\u00fclt olvas\u00e1si id\u0151":"3 perc"},"schema":{"@context":"https:\/\/schema.org","@graph":[{"@type":"WebPage","@id":"https:\/\/sxflightcase.com\/product\/rack-accessories-raf201\/","url":"https:\/\/sxflightcase.com\/product\/rack-accessories-raf201\/","name":"Rack Accessories RAF201 - https:\/\/sxflightcase.com \ud83d\udc97","isPartOf":{"@id":"https:\/\/sxflightcase.com\/th\/#website"},"primaryImageOfPage":{"@id":"https:\/\/sxflightcase.com\/product\/rack-accessories-raf201\/#primaryimage"},"image":{"@id":"https:\/\/sxflightcase.com\/product\/rack-accessories-raf201\/#primaryimage"},"thumbnailUrl":"https:\/\/sxflightcase.com\/wp-content\/uploads\/2024\/09\/RAF201.jpg","datePublished":"2024-09-19T03:05:42+00:00","dateModified":"2024-09-19T03:09:52+00:00","description":"Az SX Rack tartoz\u00e9kok tart\u00f3s, megfizethet\u0151 megold\u00e1sokat k\u00edn\u00e1lnak b\u00e1rmilyen rack be\u00e1ll\u00edt\u00e1shoz. A gy\u00e1ri k\u00f6zvetlen \u00e1rk\u00e9pz\u00e9s biztos\u00edtja, hogy pr\u00e9mium term\u00e9keket kapjon magas k\u00f6lts\u00e9gek n\u00e9lk\u00fcl.","breadcrumb":{"@id":"https:\/\/sxflightcase.com\/product\/rack-accessories-raf201\/#breadcrumb"},"inLanguage":"hu","potentialAction":[{"@type":"ReadAction","target":["https:\/\/sxflightcase.com\/product\/rack-accessories-raf201\/"]}]},{"@type":"ImageObject","inLanguage":"hu","@id":"https:\/\/sxflightcase.com\/product\/rack-accessories-raf201\/#primaryimage","url":"https:\/\/sxflightcase.com\/wp-content\/uploads\/2024\/09\/RAF201.jpg","contentUrl":"https:\/\/sxflightcase.com\/wp-content\/uploads\/2024\/09\/RAF201.jpg","width":700,"height":700,"caption":"Rack Accessories"},{"@type":"BreadcrumbList","@id":"https:\/\/sxflightcase.com\/product\/rack-accessories-raf201\/#breadcrumb","itemListElement":[{"@type":"ListItem","position":1,"name":"Home","item":"https:\/\/sxflightcase.com\/"},{"@type":"ListItem","position":2,"name":"\u0e2a\u0e34\u0e19\u0e04\u0e49\u0e32","item":"https:\/\/sxflightcase.com\/th\/shop\/"},{"@type":"ListItem","position":3,"name":"Rack Accessories RAF201"}]},{"@type":"WebSite","@id":"https:\/\/sxflightcase.com\/th\/#website","url":"https:\/\/sxflightcase.com\/th\/","name":"sxpowercase.com","description":"Flight Case Factory","publisher":{"@id":"https:\/\/sxflightcase.com\/th\/#organization"},"potentialAction":[{"@type":"SearchAction","target":{"@type":"EntryPoint","urlTemplate":"https:\/\/sxflightcase.com\/th\/?s={search_term_string}"},"query-input":{"@type":"PropertyValueSpecification","valueRequired":true,"valueName":"search_term_string"}}],"inLanguage":"hu"},{"@type":"Organization","@id":"https:\/\/sxflightcase.com\/th\/#organization","name":"sxpowercase.com","url":"https:\/\/sxflightcase.com\/th\/","logo":{"@type":"ImageObject","inLanguage":"hu","@id":"https:\/\/sxflightcase.com\/th\/#\/schema\/logo\/image\/","url":"https:\/\/sxflightcase.com\/wp-content\/uploads\/2024\/04\/1713919036007.jpg","contentUrl":"https:\/\/sxflightcase.com\/wp-content\/uploads\/2024\/04\/1713919036007.jpg","width":382,"height":388,"caption":"sxpowercase.com"},"image":{"@id":"https:\/\/sxflightcase.com\/th\/#\/schema\/logo\/image\/"},"sameAs":["https:\/\/www.facebook.com\/profile.php?id=61560407257971"],"numberOfEmployees":{"@type":"QuantitativeValue","minValue":"11","maxValue":"50"}}]}},"_links":{"self":[{"href":"https:\/\/sxflightcase.com\/hu\/wp-json\/wp\/v2\/product\/4435","targetHints":{"allow":["GET"]}}],"collection":[{"href":"https:\/\/sxflightcase.com\/hu\/wp-json\/wp\/v2\/product"}],"about":[{"href":"https:\/\/sxflightcase.com\/hu\/wp-json\/wp\/v2\/types\/product"}],"replies":[{"embeddable":true,"href":"https:\/\/sxflightcase.com\/hu\/wp-json\/wp\/v2\/comments?post=4435"}],"version-history":[{"count":0,"href":"https:\/\/sxflightcase.com\/hu\/wp-json\/wp\/v2\/product\/4435\/revisions"}],"wp:featuredmedia":[{"embeddable":true,"href":"https:\/\/sxflightcase.com\/hu\/wp-json\/wp\/v2\/media\/4297"}],"wp:attachment":[{"href":"https:\/\/sxflightcase.com\/hu\/wp-json\/wp\/v2\/media?parent=4435"}],"wp:term":[{"taxonomy":"product_brand","embeddable":true,"href":"https:\/\/sxflightcase.com\/hu\/wp-json\/wp\/v2\/product_brand?post=4435"},{"taxonomy":"product_cat","embeddable":true,"href":"https:\/\/sxflightcase.com\/hu\/wp-json\/wp\/v2\/product_cat?post=4435"},{"taxonomy":"product_tag","embeddable":true,"href":"https:\/\/sxflightcase.com\/hu\/wp-json\/wp\/v2\/product_tag?post=4435"}],"curies":[{"name":"wp","href":"https:\/\/api.w.org\/{rel}","templated":true}]}}