{"id":4488,"date":"2024-09-23T08:04:04","date_gmt":"2024-09-23T07:04:04","guid":{"rendered":"https:\/\/sxpowercase.com\/?post_type=product&#038;p=4488"},"modified":"2024-09-23T08:06:58","modified_gmt":"2024-09-23T07:06:58","slug":"hinge-manufacturers-hia101","status":"publish","type":"product","link":"https:\/\/sxflightcase.com\/hu\/termek\/csuklopant-gyartok-hia101\/","title":{"rendered":"Csukl\u00f3p\u00e1nt gy\u00e1rt\u00f3k HIA101"},"content":{"rendered":"<h3>SX: Az \u00d6n megb\u00edzhat\u00f3 zsan\u00e9rgy\u00e1rt\u00f3ja a kiv\u00e1l\u00f3 min\u0151s\u00e9g\u0171, megfizethet\u0151 megold\u00e1sok\u00e9rt<\/h3>\n<p>Amikor a <strong>Csukl\u00f3p\u00e1nt gy\u00e1rt\u00f3k<\/strong>, <strong>SX<\/strong> tart\u00f3s \u00e9s megfizethet\u0151 term\u00e9kekkel t\u0171nik ki. A zsan\u00e9rok v\u00e1laszt\u00e9k\u00e1t \u00fagy tervezt\u00fck, hogy megfeleljen az olyan ipar\u00e1gak v\u00e1ltozatos ig\u00e9nyeinek, mint az \u00e9p\u00edt\u0151ipar, a b\u00fatorok \u00e9s a neh\u00e9zg\u00e9pek. A  oldalon <strong>SX<\/strong>, b\u00fcszk\u00e9k vagyunk arra, hogy gy\u00e1ri k\u00f6zvetlen besz\u00e1ll\u00edt\u00f3k\u00e9nt megb\u00edzhat\u00f3 zsan\u00e9rokat k\u00edn\u00e1lunk versenyk\u00e9pes \u00e1ron, a min\u0151s\u00e9g rov\u00e1s\u00e1ra.<\/p>\n<h3>Gy\u00e1ri k\u00f6zvetlen \u00e1rk\u00e9pz\u00e9s a maxim\u00e1lis megtakar\u00edt\u00e1s\u00e9rt<\/h3>\n<p>A  kiv\u00e1laszt\u00e1sa <strong><a title=\"SX\" href=\"https:\/\/sxpowercase.com\/\" target=\"_blank\" rel=\"noopener\" data-wpil-monitor-id=\"770\">SX<\/a><\/strong> a gy\u00e1ri k\u00f6zvetlen \u00e1rk\u00e9pz\u00e9s el\u0151nyeit jelenti. A zsan\u00e9rokat k\u00f6zvetlen\u00fcl gy\u00e1rtjuk \u00e9s sz\u00e1ll\u00edtjuk, \u00edgy kiz\u00e1rjuk a k\u00f6zvet\u00edt\u0151ket, \u00e9s a lehet\u0151 legalacsonyabb \u00e1rakat tudjuk k\u00edn\u00e1lni. B\u00edzhat benn\u00fcnk, hogy <strong>kiv\u00e1l\u00f3 min\u0151s\u00e9g\u0171 zsan\u00e9rok<\/strong> amelyek tart\u00f3sak, \u00e9s mindezt \u00fagy, hogy k\u00f6zben alacsonyak maradnak a k\u00f6lts\u00e9gei az \u00d6n v\u00e1llalkoz\u00e1sa sz\u00e1m\u00e1ra. Elk\u00f6telezettek vagyunk amellett, hogy a legjobb \u00e1r-\u00e9rt\u00e9k ar\u00e1nyt adjuk a p\u00e9nz\u00e9\u00e9rt.<\/p>\n<h3>Min\u0151s\u00e9gbiztos\u00edt\u00e1s, amire sz\u00e1m\u00edthat<\/h3>\n<p>A  c\u00edmen. <strong>SX<\/strong>, biztos\u00edtjuk, hogy minden \u00e1ltalunk gy\u00e1rtott csukl\u00f3p\u00e1nt megfeleljen a szigor\u00fa min\u0151s\u00e9gi el\u0151\u00edr\u00e1soknak. Ak\u00e1r nagy teherb\u00edr\u00e1s\u00fa zsan\u00e9rokat, ak\u00e1r speci\u00e1lis kialak\u00edt\u00e1s\u00faakat keres, term\u00e9keink kiv\u00e1l\u00f3 teljes\u00edtm\u00e9nyt \u00e9s hossz\u00fa \u00e9lettartamot biztos\u00edtanak. Mint az egyik vezet\u0151 <strong>Csukl\u00f3p\u00e1nt gy\u00e1rt\u00f3k<\/strong>, hisz\u00fcnk abban, hogy a kiv\u00e1l\u00f3 k\u00e9zm\u0171ves munk\u00e1t a megfizethet\u0151s\u00e9ggel kombin\u00e1ljuk, hogy \u00fcgyfeleinknek mindk\u00e9t vil\u00e1g legjobbj\u00e1t ny\u00fajtsuk.<\/p>\n<h3>Testreszab\u00e1si lehet\u0151s\u00e9gek sz\u00e9les sk\u00e1l\u00e1ja<\/h3>\n<p>Meg\u00e9rtj\u00fck, hogy a k\u00fcl\u00f6nb\u00f6z\u0151 projektek k\u00fcl\u00f6nb\u00f6z\u0151 megold\u00e1sokat ig\u00e9nyelnek. Ez\u00e9rt <strong>SX<\/strong> a zsan\u00e9rok sz\u00e9les v\u00e1laszt\u00e9k\u00e1t k\u00edn\u00e1lja, bele\u00e9rtve az egyedi ig\u00e9nyeknek megfelel\u0151, testre szabhat\u00f3 opci\u00f3kat is. A rejtett zsan\u00e9rokt\u00f3l a nagy teherb\u00edr\u00e1s\u00fa v\u00e1ltozatokig sokoldal\u00fa k\u00edn\u00e1latunk biztos\u00edtja, hogy megtal\u00e1lja a megfelel\u0151 zsan\u00e9rt az \u00d6n alkalmaz\u00e1s\u00e1hoz. Nagy t\u00e9telben t\u00f6rt\u00e9n\u0151 megrendel\u00e9seket is tudunk fogadni gy\u00e1ri k\u00f6zvetlen \u00e1rakon, \u00edgy biztos\u00edtva, hogy pontosan azt kapja, amire sz\u00fcks\u00e9ge van, az \u00d6n sz\u00e1m\u00e1ra megfelel\u0151 \u00e1ron.<\/p>\n<h3>Z\u00f6kken\u0151mentes integr\u00e1ci\u00f3 \u00e9s egyszer\u0171 telep\u00edt\u00e9s<\/h3>\n<p>A zsan\u00e9rokat \u00fagy tervezt\u00fck, hogy k\u00f6nnyen felszerelhet\u0151ek legyenek, \u00edgy id\u0151t \u00e9s energi\u00e1t takar\u00edthat meg a projektjei sor\u00e1n. A  weboldalon <strong>SX<\/strong>, nem csak kiv\u00e1l\u00f3 min\u0151s\u00e9g\u0171 zsan\u00e9rokat v\u00e1s\u00e1rol - a hat\u00e9konys\u00e1gba \u00e9s a k\u00f6nny\u0171 haszn\u00e1latba fektet be. Ez teszi term\u00e9keinket t\u00f6k\u00e9letess\u00e9 olyan v\u00e1llalkoz\u00e1sok \u00e9s szakemberek sz\u00e1m\u00e1ra, akiknek gyors \u00f6sszeszerel\u00e9sre van sz\u00fcks\u00e9g\u00fck a teljes\u00edtm\u00e9ny \u00e9s a szil\u00e1rds\u00e1g fel\u00e1ldoz\u00e1sa n\u00e9lk\u00fcl.<\/p>\n<h3>K\u00f6vetkeztet\u00e9s<\/h3>\n<p>Mint az egyik legjobb <strong>Csukl\u00f3p\u00e1nt gy\u00e1rt\u00f3k<\/strong>, <strong>SX<\/strong> a legjobbat ny\u00fajtja a megfizethet\u0151s\u00e9g, a min\u0151s\u00e9g \u00e9s a testreszabhat\u00f3s\u00e1g ter\u00e9n. Gy\u00e1ri k\u00f6zvetlen \u00e1rainkkal \u00e9s a vev\u0151i el\u00e9gedetts\u00e9g ir\u00e1nti elk\u00f6telezetts\u00e9g\u00fcnkkel sz\u00e1m\u00edthat r\u00e1nk, hogy az \u00d6n ig\u00e9nyeinek megfelel\u0151 t\u00f6k\u00e9letes zsan\u00e9rokat k\u00edn\u00e1ljuk. Legyen sz\u00f3 \u00e9p\u00edt\u0151ipari, b\u00fatoripari vagy ipari felhaszn\u00e1l\u00e1sr\u00f3l, b\u00edzzon a <strong>SX<\/strong> a k\u00f6vetkez\u0151 zsan\u00e9rmegold\u00e1s sz\u00e1ll\u00edt\u00e1s\u00e1ra.<\/p>\n<ol>\n<li>Kapcsolatfelv\u00e9tel most:<span style=\"color: #0000ff;\"><a style=\"color: #0000ff;\" href=\"https:\/\/sxpowercase.com\/contact-us\/\">https:\/\/sxpowercase.com\/<\/a><\/span><\/li>\n<li>Hardver term\u00e9kkatal\u00f3gus\uff1a<span style=\"color: #0000ff;\"><a style=\"color: #0000ff;\" href=\"https:\/\/sxpowercase.com\/wp-content\/uploads\/2024\/07\/\u4e94\u91d1.pdf\">Hardver tartoz\u00e9kok katal\u00f3gusa<\/a><\/span><\/li>\n<\/ol>","protected":false},"excerpt":{"rendered":"<h3>SX: Az \u00d6n megb\u00edzhat\u00f3 partnere a kiv\u00e1l\u00f3 min\u0151s\u00e9g\u0171 zsan\u00e9rok ter\u00e9n<\/h3>\n<p>Az SX tart\u00f3s \u00e9s megfizethet\u0151 zsan\u00e9rokat k\u00edn\u00e1l olyan ipar\u00e1gak sz\u00e1m\u00e1ra, mint az \u00e9p\u00edt\u0151ipar \u00e9s a b\u00fatoripar. Gy\u00e1ri k\u00f6zvetlen besz\u00e1ll\u00edt\u00f3k\u00e9nt versenyk\u00e9pes \u00e1rakat biztos\u00edtunk a min\u0151s\u00e9g fel\u00e1ldoz\u00e1sa n\u00e9lk\u00fcl.<\/p>\n<h3>Gy\u00e1ri k\u00f6zvetlen \u00e1rk\u00e9pz\u00e9s a maxim\u00e1lis megtakar\u00edt\u00e1s\u00e9rt<\/h3>\n<p>A k\u00f6zvet\u00edt\u0151k kik\u00fcsz\u00f6b\u00f6l\u00e9s\u00e9vel az SX k\u00f6zvetlen gy\u00e1ri \u00e1rk\u00e9pz\u00e9st k\u00edn\u00e1l, \u00e9s a legjobb min\u0151s\u00e9g\u0171 zsan\u00e9rokat sz\u00e1ll\u00edtja a legalacsonyabb \u00e1ron, biztos\u00edtva, hogy \u00d6n a legjobb \u00e9rt\u00e9ket kapja v\u00e1llalkoz\u00e1sa sz\u00e1m\u00e1ra.<\/p>\n<h3>Testreszabhat\u00f3 megold\u00e1sok b\u00e1rmilyen projekthez<\/h3>\n<p>Az SX a zsan\u00e9rok sz\u00e9les v\u00e1laszt\u00e9k\u00e1t k\u00edn\u00e1lja, bele\u00e9rtve a projekt egyedi ig\u00e9nyeinek megfelel\u0151, testreszabhat\u00f3 opci\u00f3kat is, a rejtett \u00e9s a nagy teherb\u00edr\u00e1s\u00fa kivitelekig, mindezt gy\u00e1ri k\u00f6zvetlen \u00e1ron.<\/p>","protected":false},"featured_media":4489,"comment_status":"open","ping_status":"closed","template":"","meta":[],"product_brand":[],"product_cat":[67],"product_tag":[],"class_list":{"0":"post-4488","1":"product","2":"type-product","3":"status-publish","4":"has-post-thumbnail","6":"product_cat-hingesstays","8":"first","9":"instock","10":"shipping-taxable","11":"product-type-simple"},"yoast_head":"<!-- This site is optimized with the Yoast SEO Premium plugin v27.1 (Yoast SEO v27.2) - https:\/\/yoast.com\/product\/yoast-seo-premium-wordpress\/ -->\n<title>Hinge Manufacturers HIA101 - https:\/\/sxflightcase.com \ud83d\udc97<\/title>\n<meta name=\"description\" content=\"SX, a leading hinge manufacturer, offers durable, affordable hinges with factory-direct prices. Customization available for all industries.\" \/>\n<meta name=\"robots\" content=\"index, follow, max-snippet:-1, max-image-preview:large, max-video-preview:-1\" \/>\n<link rel=\"canonical\" href=\"https:\/\/sxflightcase.com\/hu\/produkt\/scharnierhersteller-hia101-2\/\" \/>\n<meta property=\"og:locale\" content=\"hu_HU\" \/>\n<meta property=\"og:type\" content=\"article\" \/>\n<meta property=\"og:title\" content=\"Hinge Manufacturers HIA101\" \/>\n<meta property=\"og:description\" content=\"SX, a leading hinge manufacturer, offers durable, affordable hinges with factory-direct prices. Customization available for all industries.\" \/>\n<meta property=\"og:url\" content=\"https:\/\/sxflightcase.com\/hu\/produkt\/scharnierhersteller-hia101-2\/\" \/>\n<meta property=\"og:site_name\" content=\"https:\/\/sxflightcase.com\" \/>\n<meta property=\"article:publisher\" content=\"https:\/\/www.facebook.com\/profile.php?id=61560407257971\" \/>\n<meta property=\"article:modified_time\" content=\"2024-09-23T07:06:58+00:00\" \/>\n<meta property=\"og:image\" content=\"https:\/\/sxflightcase.com\/wp-content\/uploads\/2024\/09\/HIA101.jpg\" \/>\n\t<meta property=\"og:image:width\" content=\"700\" \/>\n\t<meta property=\"og:image:height\" content=\"700\" \/>\n\t<meta property=\"og:image:type\" content=\"image\/jpeg\" \/>\n<meta name=\"twitter:card\" content=\"summary_large_image\" \/>\n<meta name=\"twitter:label1\" content=\"Becs\u00fclt olvas\u00e1si id\u0151\" \/>\n\t<meta name=\"twitter:data1\" content=\"3 perc\" \/>\n<script type=\"application\/ld+json\" class=\"yoast-schema-graph\">{\"@context\":\"https:\/\/schema.org\",\"@graph\":[{\"@type\":\"WebPage\",\"@id\":\"https:\/\/sxflightcase.com\/de\/produkt\/scharnierhersteller-hia101-2\/\",\"url\":\"https:\/\/sxflightcase.com\/de\/produkt\/scharnierhersteller-hia101-2\/\",\"name\":\"Hinge Manufacturers HIA101 - https:\/\/sxflightcase.com \ud83d\udc97\",\"isPartOf\":{\"@id\":\"https:\/\/sxflightcase.com\/th\/#website\"},\"primaryImageOfPage\":{\"@id\":\"https:\/\/sxflightcase.com\/de\/produkt\/scharnierhersteller-hia101-2\/#primaryimage\"},\"image\":{\"@id\":\"https:\/\/sxflightcase.com\/de\/produkt\/scharnierhersteller-hia101-2\/#primaryimage\"},\"thumbnailUrl\":\"https:\/\/sxflightcase.com\/wp-content\/uploads\/2024\/09\/HIA101.jpg\",\"datePublished\":\"2024-09-23T07:04:04+00:00\",\"dateModified\":\"2024-09-23T07:06:58+00:00\",\"description\":\"SX, a leading hinge manufacturer, offers durable, affordable hinges with factory-direct prices. Customization available for all industries.\",\"breadcrumb\":{\"@id\":\"https:\/\/sxflightcase.com\/de\/produkt\/scharnierhersteller-hia101-2\/#breadcrumb\"},\"inLanguage\":\"hu\",\"potentialAction\":[{\"@type\":\"ReadAction\",\"target\":[\"https:\/\/sxflightcase.com\/de\/produkt\/scharnierhersteller-hia101-2\/\"]}]},{\"@type\":\"ImageObject\",\"inLanguage\":\"hu\",\"@id\":\"https:\/\/sxflightcase.com\/de\/produkt\/scharnierhersteller-hia101-2\/#primaryimage\",\"url\":\"https:\/\/sxflightcase.com\/wp-content\/uploads\/2024\/09\/HIA101.jpg\",\"contentUrl\":\"https:\/\/sxflightcase.com\/wp-content\/uploads\/2024\/09\/HIA101.jpg\",\"width\":700,\"height\":700,\"caption\":\"hinge manufacturers\"},{\"@type\":\"BreadcrumbList\",\"@id\":\"https:\/\/sxflightcase.com\/de\/produkt\/scharnierhersteller-hia101-2\/#breadcrumb\",\"itemListElement\":[{\"@type\":\"ListItem\",\"position\":1,\"name\":\"Home\",\"item\":\"https:\/\/sxflightcase.com\/\"},{\"@type\":\"ListItem\",\"position\":2,\"name\":\"\u0e2a\u0e34\u0e19\u0e04\u0e49\u0e32\",\"item\":\"https:\/\/sxflightcase.com\/th\/shop\/\"},{\"@type\":\"ListItem\",\"position\":3,\"name\":\"Hinge Manufacturers HIA101\"}]},{\"@type\":\"WebSite\",\"@id\":\"https:\/\/sxflightcase.com\/th\/#website\",\"url\":\"https:\/\/sxflightcase.com\/th\/\",\"name\":\"sxpowercase.com\",\"description\":\"Flight Case Factory\",\"publisher\":{\"@id\":\"https:\/\/sxflightcase.com\/th\/#organization\"},\"potentialAction\":[{\"@type\":\"SearchAction\",\"target\":{\"@type\":\"EntryPoint\",\"urlTemplate\":\"https:\/\/sxflightcase.com\/th\/?s={search_term_string}\"},\"query-input\":{\"@type\":\"PropertyValueSpecification\",\"valueRequired\":true,\"valueName\":\"search_term_string\"}}],\"inLanguage\":\"hu\"},{\"@type\":\"Organization\",\"@id\":\"https:\/\/sxflightcase.com\/th\/#organization\",\"name\":\"sxpowercase.com\",\"url\":\"https:\/\/sxflightcase.com\/th\/\",\"logo\":{\"@type\":\"ImageObject\",\"inLanguage\":\"hu\",\"@id\":\"https:\/\/sxflightcase.com\/th\/#\/schema\/logo\/image\/\",\"url\":\"https:\/\/sxflightcase.com\/wp-content\/uploads\/2024\/04\/1713919036007.jpg\",\"contentUrl\":\"https:\/\/sxflightcase.com\/wp-content\/uploads\/2024\/04\/1713919036007.jpg\",\"width\":382,\"height\":388,\"caption\":\"sxpowercase.com\"},\"image\":{\"@id\":\"https:\/\/sxflightcase.com\/th\/#\/schema\/logo\/image\/\"},\"sameAs\":[\"https:\/\/www.facebook.com\/profile.php?id=61560407257971\"],\"numberOfEmployees\":{\"@type\":\"QuantitativeValue\",\"minValue\":\"11\",\"maxValue\":\"50\"}}]}<\/script>\n<!-- \/ Yoast SEO Premium plugin. -->","yoast_head_json":{"title":"Hinge Manufacturers HIA101 - https:\/\/sxflightcase.com \ud83d\udc97","description":"Az SX, az egyik vezet\u0151 zsan\u00e9rgy\u00e1rt\u00f3, tart\u00f3s, megfizethet\u0151 zsan\u00e9rokat k\u00edn\u00e1l gy\u00e1ri k\u00f6zvetlen \u00e1rakon. Testreszab\u00e1s minden ipar\u00e1g sz\u00e1m\u00e1ra el\u00e9rhet\u0151.","robots":{"index":"index","follow":"follow","max-snippet":"max-snippet:-1","max-image-preview":"max-image-preview:large","max-video-preview":"max-video-preview:-1"},"canonical":"https:\/\/sxflightcase.com\/hu\/produkt\/scharnierhersteller-hia101-2\/","og_locale":"hu_HU","og_type":"article","og_title":"Hinge Manufacturers HIA101","og_description":"SX, a leading hinge manufacturer, offers durable, affordable hinges with factory-direct prices. Customization available for all industries.","og_url":"https:\/\/sxflightcase.com\/hu\/produkt\/scharnierhersteller-hia101-2\/","og_site_name":"https:\/\/sxflightcase.com","article_publisher":"https:\/\/www.facebook.com\/profile.php?id=61560407257971","article_modified_time":"2024-09-23T07:06:58+00:00","og_image":[{"width":700,"height":700,"url":"https:\/\/sxflightcase.com\/wp-content\/uploads\/2024\/09\/HIA101.jpg","type":"image\/jpeg"}],"twitter_card":"summary_large_image","twitter_misc":{"Becs\u00fclt olvas\u00e1si id\u0151":"3 perc"},"schema":{"@context":"https:\/\/schema.org","@graph":[{"@type":"WebPage","@id":"https:\/\/sxflightcase.com\/de\/produkt\/scharnierhersteller-hia101-2\/","url":"https:\/\/sxflightcase.com\/de\/produkt\/scharnierhersteller-hia101-2\/","name":"Hinge Manufacturers HIA101 - https:\/\/sxflightcase.com \ud83d\udc97","isPartOf":{"@id":"https:\/\/sxflightcase.com\/th\/#website"},"primaryImageOfPage":{"@id":"https:\/\/sxflightcase.com\/de\/produkt\/scharnierhersteller-hia101-2\/#primaryimage"},"image":{"@id":"https:\/\/sxflightcase.com\/de\/produkt\/scharnierhersteller-hia101-2\/#primaryimage"},"thumbnailUrl":"https:\/\/sxflightcase.com\/wp-content\/uploads\/2024\/09\/HIA101.jpg","datePublished":"2024-09-23T07:04:04+00:00","dateModified":"2024-09-23T07:06:58+00:00","description":"Az SX, az egyik vezet\u0151 zsan\u00e9rgy\u00e1rt\u00f3, tart\u00f3s, megfizethet\u0151 zsan\u00e9rokat k\u00edn\u00e1l gy\u00e1ri k\u00f6zvetlen \u00e1rakon. Testreszab\u00e1s minden ipar\u00e1g sz\u00e1m\u00e1ra el\u00e9rhet\u0151.","breadcrumb":{"@id":"https:\/\/sxflightcase.com\/de\/produkt\/scharnierhersteller-hia101-2\/#breadcrumb"},"inLanguage":"hu","potentialAction":[{"@type":"ReadAction","target":["https:\/\/sxflightcase.com\/de\/produkt\/scharnierhersteller-hia101-2\/"]}]},{"@type":"ImageObject","inLanguage":"hu","@id":"https:\/\/sxflightcase.com\/de\/produkt\/scharnierhersteller-hia101-2\/#primaryimage","url":"https:\/\/sxflightcase.com\/wp-content\/uploads\/2024\/09\/HIA101.jpg","contentUrl":"https:\/\/sxflightcase.com\/wp-content\/uploads\/2024\/09\/HIA101.jpg","width":700,"height":700,"caption":"hinge manufacturers"},{"@type":"BreadcrumbList","@id":"https:\/\/sxflightcase.com\/de\/produkt\/scharnierhersteller-hia101-2\/#breadcrumb","itemListElement":[{"@type":"ListItem","position":1,"name":"Home","item":"https:\/\/sxflightcase.com\/"},{"@type":"ListItem","position":2,"name":"\u0e2a\u0e34\u0e19\u0e04\u0e49\u0e32","item":"https:\/\/sxflightcase.com\/th\/shop\/"},{"@type":"ListItem","position":3,"name":"Hinge Manufacturers HIA101"}]},{"@type":"WebSite","@id":"https:\/\/sxflightcase.com\/th\/#website","url":"https:\/\/sxflightcase.com\/th\/","name":"sxpowercase.com","description":"Flight Case Factory","publisher":{"@id":"https:\/\/sxflightcase.com\/th\/#organization"},"potentialAction":[{"@type":"SearchAction","target":{"@type":"EntryPoint","urlTemplate":"https:\/\/sxflightcase.com\/th\/?s={search_term_string}"},"query-input":{"@type":"PropertyValueSpecification","valueRequired":true,"valueName":"search_term_string"}}],"inLanguage":"hu"},{"@type":"Organization","@id":"https:\/\/sxflightcase.com\/th\/#organization","name":"sxpowercase.com","url":"https:\/\/sxflightcase.com\/th\/","logo":{"@type":"ImageObject","inLanguage":"hu","@id":"https:\/\/sxflightcase.com\/th\/#\/schema\/logo\/image\/","url":"https:\/\/sxflightcase.com\/wp-content\/uploads\/2024\/04\/1713919036007.jpg","contentUrl":"https:\/\/sxflightcase.com\/wp-content\/uploads\/2024\/04\/1713919036007.jpg","width":382,"height":388,"caption":"sxpowercase.com"},"image":{"@id":"https:\/\/sxflightcase.com\/th\/#\/schema\/logo\/image\/"},"sameAs":["https:\/\/www.facebook.com\/profile.php?id=61560407257971"],"numberOfEmployees":{"@type":"QuantitativeValue","minValue":"11","maxValue":"50"}}]}},"_links":{"self":[{"href":"https:\/\/sxflightcase.com\/hu\/wp-json\/wp\/v2\/product\/4488","targetHints":{"allow":["GET"]}}],"collection":[{"href":"https:\/\/sxflightcase.com\/hu\/wp-json\/wp\/v2\/product"}],"about":[{"href":"https:\/\/sxflightcase.com\/hu\/wp-json\/wp\/v2\/types\/product"}],"replies":[{"embeddable":true,"href":"https:\/\/sxflightcase.com\/hu\/wp-json\/wp\/v2\/comments?post=4488"}],"version-history":[{"count":0,"href":"https:\/\/sxflightcase.com\/hu\/wp-json\/wp\/v2\/product\/4488\/revisions"}],"wp:featuredmedia":[{"embeddable":true,"href":"https:\/\/sxflightcase.com\/hu\/wp-json\/wp\/v2\/media\/4489"}],"wp:attachment":[{"href":"https:\/\/sxflightcase.com\/hu\/wp-json\/wp\/v2\/media?parent=4488"}],"wp:term":[{"taxonomy":"product_brand","embeddable":true,"href":"https:\/\/sxflightcase.com\/hu\/wp-json\/wp\/v2\/product_brand?post=4488"},{"taxonomy":"product_cat","embeddable":true,"href":"https:\/\/sxflightcase.com\/hu\/wp-json\/wp\/v2\/product_cat?post=4488"},{"taxonomy":"product_tag","embeddable":true,"href":"https:\/\/sxflightcase.com\/hu\/wp-json\/wp\/v2\/product_tag?post=4488"}],"curies":[{"name":"wp","href":"https:\/\/api.w.org\/{rel}","templated":true}]}}