{"id":4512,"date":"2024-09-23T08:16:35","date_gmt":"2024-09-23T07:16:35","guid":{"rendered":"https:\/\/sxpowercase.com\/?post_type=product&#038;p=4512"},"modified":"2024-09-23T08:17:50","modified_gmt":"2024-09-23T07:17:50","slug":"hinges-supplier-hia202","status":"publish","type":"product","link":"https:\/\/sxflightcase.com\/hu\/termek\/zsanerok-szallito-hia202\/","title":{"rendered":"Csukl\u00f3p\u00e1ntok sz\u00e1ll\u00edt\u00f3 HIA202"},"content":{"rendered":"<h3>SX: A megb\u00edzhat\u00f3 zsan\u00e9rok besz\u00e1ll\u00edt\u00f3ja megfizethet\u0151 \u00e9s kiv\u00e1l\u00f3 min\u0151s\u00e9g\u0171 megold\u00e1sokhoz<\/h3>\n<p>Megb\u00edzhat\u00f3 <a href=\"https:\/\/sxpowercase.com\/product\/hinge-manufacturers-hia201\/\"><strong>zsan\u00e9rok sz\u00e1ll\u00edt\u00f3ja<\/strong><\/a> amely min\u0151s\u00e9get \u00e9s megfizethet\u0151s\u00e9get k\u00edn\u00e1l? <strong>SX<\/strong> a v\u00e1lasz. A zsan\u00e9rok egyik legjobb besz\u00e1ll\u00edt\u00f3jak\u00e9nt olyan term\u00e9keket k\u00edn\u00e1lunk, amelyek megfelelnek a szigor\u00fa szabv\u00e1nyoknak, mik\u00f6zben versenyk\u00e9pes \u00e1rakat tartunk fenn. P\u00e1ntjainkat \u00fagy tervezt\u00fck, hogy biztos\u00edts\u00e1k a tart\u00f3ss\u00e1got, legyen sz\u00f3 ipari, lakoss\u00e1gi vagy kereskedelmi felhaszn\u00e1l\u00e1sr\u00f3l.<\/p>\n<h3>Gy\u00e1ri k\u00f6zvetlen \u00e1rk\u00e9pz\u00e9s az alacsonyabb k\u00f6lts\u00e9gek\u00e9rt<\/h3>\n<p>A  c\u00edmen. <strong><a title=\"SX\" href=\"https:\/\/sxpowercase.com\/\" target=\"_blank\" rel=\"noopener\" data-wpil-monitor-id=\"772\">SX<\/a><\/strong>, hisz\u00fcnk az \u00e9rt\u00e9kteremt\u00e9sben. A gy\u00e1ri k\u00f6zvetlen \u00e1rk\u00e9pz\u00e9ssel kiv\u00e1gjuk a felesleges k\u00f6zvet\u00edt\u0151ket, \u00e9s a lehet\u0151 legalacsonyabb \u00e1rakat biztos\u00edtjuk \u00d6nnek. Ez lehet\u0151v\u00e9 teszi sz\u00e1munkra, hogy <strong>kiv\u00e1l\u00f3 min\u0151s\u00e9g\u0171 zsan\u00e9rok<\/strong> az \u00d6n k\u00f6lts\u00e9gvet\u00e9s\u00e9be illeszked\u0151 \u00e1ron, an\u00e9lk\u00fcl, hogy fel\u00e1ldozn\u00e1 a sz\u00fcks\u00e9ges megb\u00edzhat\u00f3s\u00e1got \u00e9s teljes\u00edtm\u00e9nyt.<\/p>\n<h3>Kiv\u00e1l\u00f3 min\u0151s\u00e9g minden term\u00e9kn\u00e9l<\/h3>\n<p>Mint vezet\u0151 <strong>zsan\u00e9rok sz\u00e1ll\u00edt\u00f3ja<\/strong>, <strong>SX<\/strong> garant\u00e1lja, hogy minden \u00e1ltalunk k\u00edn\u00e1lt term\u00e9k tart\u00f3san megmarad. Csak a legjobb anyagokat szerezz\u00fck be, \u00e9s a gy\u00e1rt\u00e1si folyamat sor\u00e1n szigor\u00fa min\u0151s\u00e9gellen\u0151rz\u00e9si int\u00e9zked\u00e9seket hajtunk v\u00e9gre. Ak\u00e1r nagy teherb\u00edr\u00e1s\u00fa zsan\u00e9rokra van sz\u00fcks\u00e9ge ipari felhaszn\u00e1l\u00e1sra, ak\u00e1r kisebb, dekorat\u00edv lehet\u0151s\u00e9gekre, zsan\u00e9rjaink fel\u00fclm\u00falj\u00e1k az elv\u00e1r\u00e1sait.<\/p>\n<h3>A zsan\u00e9rok sz\u00e9les v\u00e1laszt\u00e9ka az \u00d6n ig\u00e9nyeinek megfelel\u0151en<\/h3>\n<p><strong>SX<\/strong> a k\u00fcl\u00f6nb\u00f6z\u0151 alkalmaz\u00e1sokhoz megfelel\u0151 csukl\u00f3p\u00e1ntok sz\u00e9les v\u00e1laszt\u00e9k\u00e1t k\u00edn\u00e1lja. A rejtett zsan\u00e9rokt\u00f3l a nagy teherb\u00edr\u00e1s\u00fa modellekig, v\u00e1laszt\u00e9kunkat \u00fagy tervezt\u00fck, hogy minden projektnek megfeleljen. A testreszabhat\u00f3 opci\u00f3knak k\u00f6sz\u00f6nhet\u0151en megtal\u00e1lhatja a t\u00f6k\u00e9letes zsan\u00e9rt, amely pontosan megfelel az \u00d6n specifik\u00e1ci\u00f3inak, mik\u00f6zben \u00e9lvezheti a k\u00f6zvetlen\u00fcl a gy\u00e1rt\u00f3t\u00f3l sz\u00e1rmaz\u00f3 \u00e1r el\u0151nyeit.<\/p>\n<h3>Gyors \u00e9s egyszer\u0171 telep\u00edt\u00e9s<\/h3>\n<p>P\u00e1ntjaink nem csak tart\u00f3sak, de k\u00f6nnyen felszerelhet\u0151k is, \u00edgy id\u0151t \u00e9s energi\u00e1t takar\u00edthat meg a projektek sor\u00e1n. Ak\u00e1r az \u00e9p\u00edt\u0151iparban, ak\u00e1r a b\u00fatorgy\u00e1rt\u00e1sban vagy a bark\u00e1csol\u00e1sban dolgozik, <strong>SX<\/strong> olyan zsan\u00e9rokat k\u00edn\u00e1l, amelyek leegyszer\u0171s\u00edtik a beszerel\u00e9si folyamatot, gyorsabb\u00e1 \u00e9s k\u00f6nnyebb\u00e9 t\u00e9ve a munk\u00e1t, mik\u00f6zben professzion\u00e1lis min\u0151s\u00e9g\u0171 eredm\u00e9nyt biztos\u00edtanak.<\/p>\n<h3>K\u00f6vetkeztet\u00e9s<\/h3>\n<p>Mint vezet\u0151 <strong>zsan\u00e9rok sz\u00e1ll\u00edt\u00f3ja<\/strong>, <strong>SX<\/strong> a magas min\u0151s\u00e9g, a megfizethet\u0151 \u00e1r \u00e9s a megb\u00edzhat\u00f3 megold\u00e1sok t\u00f6k\u00e9letes egyens\u00faly\u00e1t biztos\u00edtja. A gy\u00e1ri k\u00f6zvetlen \u00e1rk\u00e9pz\u00e9ssel megb\u00edzhat <strong>SX<\/strong> hogy az \u00d6n \u00fczleti ig\u00e9nyeinek megfelel\u0151 zsan\u00e9rokat sz\u00e1ll\u00edthassuk, amelyek tart\u00f3ss\u00e1g\u00e1val \u00e9s szil\u00e1rds\u00e1g\u00e1val is al\u00e1t\u00e1masztja ezt.<\/p>\n<ol>\n<li>Kapcsolatfelv\u00e9tel most:<span style=\"color: #0000ff;\"><a style=\"color: #0000ff;\" href=\"https:\/\/sxpowercase.com\/contact-us\/\">https:\/\/sxpowercase.com\/<\/a><\/span><\/li>\n<li>Hardver term\u00e9kkatal\u00f3gus\uff1a<span style=\"color: #0000ff;\"><a style=\"color: #0000ff;\" href=\"https:\/\/sxpowercase.com\/wp-content\/uploads\/2024\/07\/\u4e94\u91d1.pdf\">Hardver tartoz\u00e9kok katal\u00f3gusa<\/a><\/span><\/li>\n<\/ol>","protected":false},"excerpt":{"rendered":"<h3>SX: Az \u00d6n megb\u00edzhat\u00f3 zsan\u00e9rbesz\u00e1ll\u00edt\u00f3ja a min\u0151s\u00e9g \u00e9s a megfizethet\u0151s\u00e9g ter\u00e9n<\/h3>\n<p>Az SX tart\u00f3s, kiv\u00e1l\u00f3 min\u0151s\u00e9g\u0171 zsan\u00e9rokat k\u00edn\u00e1l ipari, lakoss\u00e1gi \u00e9s kereskedelmi felhaszn\u00e1l\u00e1sra. Szigor\u00fa szabv\u00e1nyoknak tesz\u00fcnk eleget, mik\u00f6zben versenyk\u00e9pes \u00e1rakat tartunk fenn.<\/p>\n<h3>Gy\u00e1ri k\u00f6zvetlen \u00e1rk\u00e9pz\u00e9s a k\u00f6lts\u00e9gmegtakar\u00edt\u00e1s\u00e9rt<\/h3>\n<p>A k\u00f6zvet\u00edt\u0151k kik\u00fcsz\u00f6b\u00f6l\u00e9s\u00e9vel az SX k\u00f6zvetlen gy\u00e1ri \u00e1rk\u00e9pz\u00e9st biztos\u00edt, \u00edgy \u00d6n a legalacsonyabb \u00e1ron juthat pr\u00e9mium kateg\u00f3ri\u00e1s zsan\u00e9rokhoz, ami megfizethet\u0151v\u00e9 teszi a min\u0151s\u00e9get.<\/p>\n<h3>Kiv\u00e1l\u00f3 min\u0151s\u00e9g \u00e9s egyszer\u0171 telep\u00edt\u00e9s<\/h3>\n<p>Az SX garant\u00e1lja a tart\u00f3s zsan\u00e9rokat, amelyeket tart\u00f3san \u00e9p\u00edtettek, \u00e9s gyors, probl\u00e9mamentes telep\u00edt\u00e9sre terveztek, id\u0151t takar\u00edtanak meg \u00e9s professzion\u00e1lis eredm\u00e9nyt ny\u00fajtanak.<\/p>","protected":false},"featured_media":4491,"comment_status":"open","ping_status":"closed","template":"","meta":[],"product_brand":[],"product_cat":[67],"product_tag":[],"class_list":{"0":"post-4512","1":"product","2":"type-product","3":"status-publish","4":"has-post-thumbnail","6":"product_cat-hingesstays","8":"first","9":"instock","10":"shipping-taxable","11":"product-type-simple"},"yoast_head":"<!-- This site is optimized with the Yoast SEO Premium plugin v27.1 (Yoast SEO v27.2) - https:\/\/yoast.com\/product\/yoast-seo-premium-wordpress\/ -->\n<title>Hinges Supplier HIA202 - https:\/\/sxflightcase.com \ud83d\udc97<\/title>\n<meta name=\"description\" content=\"SX is a trusted hinges supplier offering factory-direct pricing and superior quality. Explore our range of durable, affordable hinges for all applications.\" \/>\n<meta name=\"robots\" content=\"index, follow, max-snippet:-1, max-image-preview:large, max-video-preview:-1\" \/>\n<link rel=\"canonical\" href=\"https:\/\/sxflightcase.com\/hu\/produkt\/leverandor-af-haengsler-hia202\/\" \/>\n<meta property=\"og:locale\" content=\"hu_HU\" \/>\n<meta property=\"og:type\" content=\"article\" \/>\n<meta property=\"og:title\" content=\"Hinges Supplier HIA202\" \/>\n<meta property=\"og:description\" content=\"SX is a trusted hinges supplier offering factory-direct pricing and superior quality. Explore our range of durable, affordable hinges for all applications.\" \/>\n<meta property=\"og:url\" content=\"https:\/\/sxflightcase.com\/hu\/produkt\/leverandor-af-haengsler-hia202\/\" \/>\n<meta property=\"og:site_name\" content=\"https:\/\/sxflightcase.com\" \/>\n<meta property=\"article:publisher\" content=\"https:\/\/www.facebook.com\/profile.php?id=61560407257971\" \/>\n<meta property=\"article:modified_time\" content=\"2024-09-23T07:17:50+00:00\" \/>\n<meta property=\"og:image\" content=\"https:\/\/sxflightcase.com\/wp-content\/uploads\/2024\/09\/HIA202.jpg\" \/>\n\t<meta property=\"og:image:width\" content=\"700\" \/>\n\t<meta property=\"og:image:height\" content=\"700\" \/>\n\t<meta property=\"og:image:type\" content=\"image\/jpeg\" \/>\n<meta name=\"twitter:card\" content=\"summary_large_image\" \/>\n<meta name=\"twitter:label1\" content=\"Becs\u00fclt olvas\u00e1si id\u0151\" \/>\n\t<meta name=\"twitter:data1\" content=\"2 perc\" \/>\n<script type=\"application\/ld+json\" class=\"yoast-schema-graph\">{\"@context\":\"https:\/\/schema.org\",\"@graph\":[{\"@type\":\"WebPage\",\"@id\":\"https:\/\/sxflightcase.com\/da\/produkt\/leverandor-af-haengsler-hia202\/\",\"url\":\"https:\/\/sxflightcase.com\/da\/produkt\/leverandor-af-haengsler-hia202\/\",\"name\":\"Hinges Supplier HIA202 - https:\/\/sxflightcase.com \ud83d\udc97\",\"isPartOf\":{\"@id\":\"https:\/\/sxflightcase.com\/th\/#website\"},\"primaryImageOfPage\":{\"@id\":\"https:\/\/sxflightcase.com\/da\/produkt\/leverandor-af-haengsler-hia202\/#primaryimage\"},\"image\":{\"@id\":\"https:\/\/sxflightcase.com\/da\/produkt\/leverandor-af-haengsler-hia202\/#primaryimage\"},\"thumbnailUrl\":\"https:\/\/sxflightcase.com\/wp-content\/uploads\/2024\/09\/HIA202.jpg\",\"datePublished\":\"2024-09-23T07:16:35+00:00\",\"dateModified\":\"2024-09-23T07:17:50+00:00\",\"description\":\"SX is a trusted hinges supplier offering factory-direct pricing and superior quality. Explore our range of durable, affordable hinges for all applications.\",\"breadcrumb\":{\"@id\":\"https:\/\/sxflightcase.com\/da\/produkt\/leverandor-af-haengsler-hia202\/#breadcrumb\"},\"inLanguage\":\"hu\",\"potentialAction\":[{\"@type\":\"ReadAction\",\"target\":[\"https:\/\/sxflightcase.com\/da\/produkt\/leverandor-af-haengsler-hia202\/\"]}]},{\"@type\":\"ImageObject\",\"inLanguage\":\"hu\",\"@id\":\"https:\/\/sxflightcase.com\/da\/produkt\/leverandor-af-haengsler-hia202\/#primaryimage\",\"url\":\"https:\/\/sxflightcase.com\/wp-content\/uploads\/2024\/09\/HIA202.jpg\",\"contentUrl\":\"https:\/\/sxflightcase.com\/wp-content\/uploads\/2024\/09\/HIA202.jpg\",\"width\":700,\"height\":700,\"caption\":\"Hinges Supplier\"},{\"@type\":\"BreadcrumbList\",\"@id\":\"https:\/\/sxflightcase.com\/da\/produkt\/leverandor-af-haengsler-hia202\/#breadcrumb\",\"itemListElement\":[{\"@type\":\"ListItem\",\"position\":1,\"name\":\"Home\",\"item\":\"https:\/\/sxflightcase.com\/\"},{\"@type\":\"ListItem\",\"position\":2,\"name\":\"\u0e2a\u0e34\u0e19\u0e04\u0e49\u0e32\",\"item\":\"https:\/\/sxflightcase.com\/th\/shop\/\"},{\"@type\":\"ListItem\",\"position\":3,\"name\":\"Hinges Supplier HIA202\"}]},{\"@type\":\"WebSite\",\"@id\":\"https:\/\/sxflightcase.com\/th\/#website\",\"url\":\"https:\/\/sxflightcase.com\/th\/\",\"name\":\"sxpowercase.com\",\"description\":\"Flight Case Factory\",\"publisher\":{\"@id\":\"https:\/\/sxflightcase.com\/th\/#organization\"},\"potentialAction\":[{\"@type\":\"SearchAction\",\"target\":{\"@type\":\"EntryPoint\",\"urlTemplate\":\"https:\/\/sxflightcase.com\/th\/?s={search_term_string}\"},\"query-input\":{\"@type\":\"PropertyValueSpecification\",\"valueRequired\":true,\"valueName\":\"search_term_string\"}}],\"inLanguage\":\"hu\"},{\"@type\":\"Organization\",\"@id\":\"https:\/\/sxflightcase.com\/th\/#organization\",\"name\":\"sxpowercase.com\",\"url\":\"https:\/\/sxflightcase.com\/th\/\",\"logo\":{\"@type\":\"ImageObject\",\"inLanguage\":\"hu\",\"@id\":\"https:\/\/sxflightcase.com\/th\/#\/schema\/logo\/image\/\",\"url\":\"https:\/\/sxflightcase.com\/wp-content\/uploads\/2024\/04\/1713919036007.jpg\",\"contentUrl\":\"https:\/\/sxflightcase.com\/wp-content\/uploads\/2024\/04\/1713919036007.jpg\",\"width\":382,\"height\":388,\"caption\":\"sxpowercase.com\"},\"image\":{\"@id\":\"https:\/\/sxflightcase.com\/th\/#\/schema\/logo\/image\/\"},\"sameAs\":[\"https:\/\/www.facebook.com\/profile.php?id=61560407257971\"],\"numberOfEmployees\":{\"@type\":\"QuantitativeValue\",\"minValue\":\"11\",\"maxValue\":\"50\"}}]}<\/script>\n<!-- \/ Yoast SEO Premium plugin. -->","yoast_head_json":{"title":"Hinges Supplier HIA202 - https:\/\/sxflightcase.com \ud83d\udc97","description":"Az SX megb\u00edzhat\u00f3 zsan\u00e9rok sz\u00e1ll\u00edt\u00f3ja, amely gy\u00e1ri k\u00f6zvetlen \u00e1rakat \u00e9s kiv\u00e1l\u00f3 min\u0151s\u00e9get k\u00edn\u00e1l. Fedezze fel tart\u00f3s, megfizethet\u0151 \u00e1r\u00fa zsan\u00e9rok k\u00edn\u00e1lat\u00e1t minden alkalmaz\u00e1shoz.","robots":{"index":"index","follow":"follow","max-snippet":"max-snippet:-1","max-image-preview":"max-image-preview:large","max-video-preview":"max-video-preview:-1"},"canonical":"https:\/\/sxflightcase.com\/hu\/produkt\/leverandor-af-haengsler-hia202\/","og_locale":"hu_HU","og_type":"article","og_title":"Hinges Supplier HIA202","og_description":"SX is a trusted hinges supplier offering factory-direct pricing and superior quality. Explore our range of durable, affordable hinges for all applications.","og_url":"https:\/\/sxflightcase.com\/hu\/produkt\/leverandor-af-haengsler-hia202\/","og_site_name":"https:\/\/sxflightcase.com","article_publisher":"https:\/\/www.facebook.com\/profile.php?id=61560407257971","article_modified_time":"2024-09-23T07:17:50+00:00","og_image":[{"width":700,"height":700,"url":"https:\/\/sxflightcase.com\/wp-content\/uploads\/2024\/09\/HIA202.jpg","type":"image\/jpeg"}],"twitter_card":"summary_large_image","twitter_misc":{"Becs\u00fclt olvas\u00e1si id\u0151":"2 perc"},"schema":{"@context":"https:\/\/schema.org","@graph":[{"@type":"WebPage","@id":"https:\/\/sxflightcase.com\/da\/produkt\/leverandor-af-haengsler-hia202\/","url":"https:\/\/sxflightcase.com\/da\/produkt\/leverandor-af-haengsler-hia202\/","name":"Hinges Supplier HIA202 - https:\/\/sxflightcase.com \ud83d\udc97","isPartOf":{"@id":"https:\/\/sxflightcase.com\/th\/#website"},"primaryImageOfPage":{"@id":"https:\/\/sxflightcase.com\/da\/produkt\/leverandor-af-haengsler-hia202\/#primaryimage"},"image":{"@id":"https:\/\/sxflightcase.com\/da\/produkt\/leverandor-af-haengsler-hia202\/#primaryimage"},"thumbnailUrl":"https:\/\/sxflightcase.com\/wp-content\/uploads\/2024\/09\/HIA202.jpg","datePublished":"2024-09-23T07:16:35+00:00","dateModified":"2024-09-23T07:17:50+00:00","description":"Az SX megb\u00edzhat\u00f3 zsan\u00e9rok sz\u00e1ll\u00edt\u00f3ja, amely gy\u00e1ri k\u00f6zvetlen \u00e1rakat \u00e9s kiv\u00e1l\u00f3 min\u0151s\u00e9get k\u00edn\u00e1l. Fedezze fel tart\u00f3s, megfizethet\u0151 \u00e1r\u00fa zsan\u00e9rok k\u00edn\u00e1lat\u00e1t minden alkalmaz\u00e1shoz.","breadcrumb":{"@id":"https:\/\/sxflightcase.com\/da\/produkt\/leverandor-af-haengsler-hia202\/#breadcrumb"},"inLanguage":"hu","potentialAction":[{"@type":"ReadAction","target":["https:\/\/sxflightcase.com\/da\/produkt\/leverandor-af-haengsler-hia202\/"]}]},{"@type":"ImageObject","inLanguage":"hu","@id":"https:\/\/sxflightcase.com\/da\/produkt\/leverandor-af-haengsler-hia202\/#primaryimage","url":"https:\/\/sxflightcase.com\/wp-content\/uploads\/2024\/09\/HIA202.jpg","contentUrl":"https:\/\/sxflightcase.com\/wp-content\/uploads\/2024\/09\/HIA202.jpg","width":700,"height":700,"caption":"Hinges Supplier"},{"@type":"BreadcrumbList","@id":"https:\/\/sxflightcase.com\/da\/produkt\/leverandor-af-haengsler-hia202\/#breadcrumb","itemListElement":[{"@type":"ListItem","position":1,"name":"Home","item":"https:\/\/sxflightcase.com\/"},{"@type":"ListItem","position":2,"name":"\u0e2a\u0e34\u0e19\u0e04\u0e49\u0e32","item":"https:\/\/sxflightcase.com\/th\/shop\/"},{"@type":"ListItem","position":3,"name":"Hinges Supplier HIA202"}]},{"@type":"WebSite","@id":"https:\/\/sxflightcase.com\/th\/#website","url":"https:\/\/sxflightcase.com\/th\/","name":"sxpowercase.com","description":"Flight Case Factory","publisher":{"@id":"https:\/\/sxflightcase.com\/th\/#organization"},"potentialAction":[{"@type":"SearchAction","target":{"@type":"EntryPoint","urlTemplate":"https:\/\/sxflightcase.com\/th\/?s={search_term_string}"},"query-input":{"@type":"PropertyValueSpecification","valueRequired":true,"valueName":"search_term_string"}}],"inLanguage":"hu"},{"@type":"Organization","@id":"https:\/\/sxflightcase.com\/th\/#organization","name":"sxpowercase.com","url":"https:\/\/sxflightcase.com\/th\/","logo":{"@type":"ImageObject","inLanguage":"hu","@id":"https:\/\/sxflightcase.com\/th\/#\/schema\/logo\/image\/","url":"https:\/\/sxflightcase.com\/wp-content\/uploads\/2024\/04\/1713919036007.jpg","contentUrl":"https:\/\/sxflightcase.com\/wp-content\/uploads\/2024\/04\/1713919036007.jpg","width":382,"height":388,"caption":"sxpowercase.com"},"image":{"@id":"https:\/\/sxflightcase.com\/th\/#\/schema\/logo\/image\/"},"sameAs":["https:\/\/www.facebook.com\/profile.php?id=61560407257971"],"numberOfEmployees":{"@type":"QuantitativeValue","minValue":"11","maxValue":"50"}}]}},"_links":{"self":[{"href":"https:\/\/sxflightcase.com\/hu\/wp-json\/wp\/v2\/product\/4512","targetHints":{"allow":["GET"]}}],"collection":[{"href":"https:\/\/sxflightcase.com\/hu\/wp-json\/wp\/v2\/product"}],"about":[{"href":"https:\/\/sxflightcase.com\/hu\/wp-json\/wp\/v2\/types\/product"}],"replies":[{"embeddable":true,"href":"https:\/\/sxflightcase.com\/hu\/wp-json\/wp\/v2\/comments?post=4512"}],"version-history":[{"count":0,"href":"https:\/\/sxflightcase.com\/hu\/wp-json\/wp\/v2\/product\/4512\/revisions"}],"wp:featuredmedia":[{"embeddable":true,"href":"https:\/\/sxflightcase.com\/hu\/wp-json\/wp\/v2\/media\/4491"}],"wp:attachment":[{"href":"https:\/\/sxflightcase.com\/hu\/wp-json\/wp\/v2\/media?parent=4512"}],"wp:term":[{"taxonomy":"product_brand","embeddable":true,"href":"https:\/\/sxflightcase.com\/hu\/wp-json\/wp\/v2\/product_brand?post=4512"},{"taxonomy":"product_cat","embeddable":true,"href":"https:\/\/sxflightcase.com\/hu\/wp-json\/wp\/v2\/product_cat?post=4512"},{"taxonomy":"product_tag","embeddable":true,"href":"https:\/\/sxflightcase.com\/hu\/wp-json\/wp\/v2\/product_tag?post=4512"}],"curies":[{"name":"wp","href":"https:\/\/api.w.org\/{rel}","templated":true}]}}