{"id":4539,"date":"2024-09-24T07:36:38","date_gmt":"2024-09-24T06:36:38","guid":{"rendered":"https:\/\/sxpowercase.com\/?post_type=product&#038;p=4539"},"modified":"2024-09-24T07:36:39","modified_gmt":"2024-09-24T06:36:39","slug":"hinges-wholesaler-hib101","status":"publish","type":"product","link":"https:\/\/sxflightcase.com\/hu\/termek\/zsanerok-nagykereskedo-hib101\/","title":{"rendered":"Csukl\u00f3p\u00e1ntok nagykeresked\u0151 HIB101"},"content":{"rendered":"<h3>SX: A megb\u00edzhat\u00f3 zsan\u00e9rok nagykeresked\u0151je a min\u0151s\u00e9g \u00e9s az \u00e9rt\u00e9k tekintet\u00e9ben<\/h3>\n<p>Ha egy megb\u00edzhat\u00f3 <a href=\"https:\/\/sxpowercase.com\/product\/hinges-supplier-hia203\/\"><strong>zsan\u00e9rok nagykeresked\u0151je<\/strong><\/a>, ne keressen tov\u00e1bb, mint <strong>SX<\/strong>. Szakter\u00fclet\u00fcnk a zsan\u00e9rok sz\u00e9les v\u00e1laszt\u00e9k\u00e1nak biztos\u00edt\u00e1sa, amelyet \u00fagy terveztek, hogy megfeleljen a k\u00fcl\u00f6nb\u00f6z\u0151 ig\u00e9nyeknek mind a lakoss\u00e1gi, mind a kereskedelmi alkalmaz\u00e1sokban. A min\u0151s\u00e9g ir\u00e1nti elk\u00f6telezetts\u00e9g\u00fcnk biztos\u00edtja, hogy olyan term\u00e9keket kapjon, amelyekben megb\u00edzhat.<\/p>\n<h3>Gy\u00e1ri k\u00f6zvetlen \u00e1rak a megtakar\u00edt\u00e1s maximaliz\u00e1l\u00e1s\u00e1hoz<\/h3>\n<p>Mint vezet\u0151 <strong>zsan\u00e9rok nagykeresked\u0151je<\/strong>, k\u00edn\u00e1lunk <strong>gy\u00e1ri k\u00f6zvetlen \u00e1rk\u00e9pz\u00e9s<\/strong> amely jelent\u0151sen seg\u00edt \u00d6nnek a megtakar\u00edt\u00e1sban. A felesleges k\u00f6zvet\u00edt\u0151k kik\u00fcsz\u00f6b\u00f6l\u00e9s\u00e9vel, <strong><a href=\"https:\/\/sxpowercase.com\/\" target=\"_blank\" rel=\"noopener\" title=\"SX\" data-wpil-monitor-id=\"775\">SX<\/a><\/strong> garant\u00e1lja az alacsony \u00e1rakat a min\u0151s\u00e9g fel\u00e1ldoz\u00e1sa n\u00e9lk\u00fcl. Ez a megk\u00f6zel\u00edt\u00e9s teszi zsan\u00e9rjainkat kiv\u00e1l\u00f3 v\u00e1laszt\u00e1ss\u00e1 azon v\u00e1llalkoz\u00e1sok sz\u00e1m\u00e1ra, amelyek a haszonkulcs fenntart\u00e1sa mellett nagy \u00e9rt\u00e9ket k\u00edn\u00e1lnak \u00fcgyfeleiknek.<\/p>\n<h3>Min\u0151s\u00e9gbiztos\u00edt\u00e1s, amire sz\u00e1m\u00edthat<\/h3>\n<p>A  c\u00edmen. <strong>SX<\/strong>, hisz\u00fcnk abban, hogy a min\u0151s\u00e9g a legfontosabb. Minden zsan\u00e9runkat szigor\u00fa teszteknek vetj\u00fck al\u00e1, hogy biztos\u00edtsuk, hogy megfelelnek az ipari szabv\u00e1nyoknak. Mint megb\u00edzhat\u00f3 <strong>zsan\u00e9rok nagykeresked\u0151je<\/strong>, csak kiv\u00e1l\u00f3 min\u0151s\u00e9g\u0171 anyagokat haszn\u00e1lunk a tart\u00f3s term\u00e9kek gy\u00e1rt\u00e1s\u00e1hoz. Ak\u00e1r ajt\u00f3khoz, szekr\u00e9nyekhez vagy ipari alkalmaz\u00e1sokhoz kell zsan\u00e9rokat haszn\u00e1lnia, lehet\u0151s\u00e9geink teljes\u00edtm\u00e9nyt \u00e9s tart\u00f3ss\u00e1got biztos\u00edtanak.<\/p>\n<h3>A zsan\u00e9rok sz\u00e9les v\u00e1laszt\u00e9ka minden alkalmaz\u00e1shoz<\/h3>\n<p>V\u00e1ltozatos \u00e1ruk\u00e9szlet\u00fcnk k\u00fcl\u00f6nb\u00f6z\u0151 t\u00edpus\u00fa zsan\u00e9rokat tartalmaz, p\u00e9ld\u00e1ul rejtett zsan\u00e9rokat, tompa zsan\u00e9rokat \u00e9s pivot zsan\u00e9rokat. Mint megb\u00edzhat\u00f3 <strong>zsan\u00e9rok nagykeresked\u0151je<\/strong>, meg\u00e9rtj\u00fck, hogy minden projektnek egyedi k\u00f6vetelm\u00e9nyei vannak. Ez\u00e9rt k\u00edn\u00e1lunk testreszabhat\u00f3 lehet\u0151s\u00e9geket, amelyek biztos\u00edtj\u00e1k, hogy megtal\u00e1lja a t\u00f6k\u00e9letes zsan\u00e9rt az \u00d6n egyedi ig\u00e9nyeihez.<\/p>\n<h3>\u00c1ramvonalas rendel\u00e9si folyamat<\/h3>\n<p>Rendel\u00e9s a <strong>SX<\/strong> egyszer\u0171 \u00e9s probl\u00e9mamentes. Felhaszn\u00e1l\u00f3bar\u00e1t online platformunk megk\u00f6nny\u00edti a v\u00e1laszt\u00e9kunk b\u00f6ng\u00e9sz\u00e9s\u00e9t \u00e9s a megrendel\u00e9sek gyors lead\u00e1s\u00e1t. Emellett elk\u00f6telezett \u00fcgyf\u00e9lszolg\u00e1lati csapatunk mindig rendelkez\u00e9sre \u00e1ll, hogy b\u00e1rmilyen k\u00e9rd\u00e9ssel vagy k\u00fcl\u00f6nleges k\u00e9r\u00e9ssel kapcsolatban seg\u00edts\u00e9g\u00e9re legyen. Elk\u00f6telezettek vagyunk amellett, hogy a lehet\u0151 legz\u00f6kken\u0151mentesebb\u00e9 tegy\u00fck a v\u00e1s\u00e1rl\u00e1si \u00e9lm\u00e9nyt.<\/p>\n<h3>K\u00f6vetkeztet\u00e9s<\/h3>\n<p>A  kiv\u00e1laszt\u00e1sa <strong>SX<\/strong> mint a <strong>zsan\u00e9rok nagykeresked\u0151je<\/strong> azt jelenti, hogy olyan m\u00e1rk\u00e1val dolgozik egy\u00fctt, amely a min\u0151s\u00e9get, a megfizethet\u0151s\u00e9get \u00e9s az \u00fcgyfelek el\u00e9gedetts\u00e9g\u00e9t helyezi el\u0151t\u00e9rbe. Gy\u00e1ri k\u00f6zvetlen \u00e1rainkkal \u00e9s sz\u00e9les term\u00e9kv\u00e1laszt\u00e9kunkkal magabiztosan teljes\u00edtheti minden zsan\u00e9rig\u00e9ny\u00e9t.<\/p>\n<ol>\n<li>Kapcsolatfelv\u00e9tel most:<span style=\"color: #0000ff;\"><a style=\"color: #0000ff;\" href=\"https:\/\/sxpowercase.com\/contact-us\/\">https:\/\/sxpowercase.com\/<\/a><\/span><\/li>\n<li>Hardver term\u00e9kkatal\u00f3gus\uff1a<span style=\"color: #0000ff;\"><a style=\"color: #0000ff;\" href=\"https:\/\/sxpowercase.com\/wp-content\/uploads\/2024\/07\/\u4e94\u91d1.pdf\">Hardver tartoz\u00e9kok katal\u00f3gusa<\/a><\/span><\/li>\n<\/ol>","protected":false},"excerpt":{"rendered":"<h3>SX: A megb\u00edzhat\u00f3 zsan\u00e9rok nagykeresked\u0151je a min\u0151s\u00e9g \u00e9s az \u00e9rt\u00e9k tekintet\u00e9ben<\/h3>\n<p>Az SX kiv\u00e1l\u00f3 min\u0151s\u00e9g\u0171 zsan\u00e9rok sz\u00e9les v\u00e1laszt\u00e9k\u00e1t k\u00edn\u00e1lja a lakoss\u00e1gi \u00e9s kereskedelmi ig\u00e9nyekhez, biztos\u00edtva, hogy megb\u00edzhat\u00f3 term\u00e9keket kapjon, amelyekben megb\u00edzhat.<\/p>\n<h3>Gy\u00e1ri k\u00f6zvetlen \u00e1rak a maxim\u00e1lis megtakar\u00edt\u00e1s\u00e9rt<\/h3>\n<p>Gy\u00e1ri k\u00f6zvetlen \u00e1rk\u00e9pz\u00e9s\u00fcnk kik\u00fcsz\u00f6b\u00f6li a k\u00f6zvet\u00edt\u0151ket, \u00edgy \u00d6n jelent\u0151s megtakar\u00edt\u00e1st \u00e9rhet el a min\u0151s\u00e9g meg\u0151rz\u00e9se mellett - t\u00f6k\u00e9letes a profitr\u00e1ta maximaliz\u00e1l\u00e1s\u00e1ra t\u00f6rekv\u0151 v\u00e1llalkoz\u00e1sok sz\u00e1m\u00e1ra.<\/p>\n<h3>A zsan\u00e9rok sz\u00e9les v\u00e1laszt\u00e9ka minden alkalmaz\u00e1shoz<\/h3>\n<p>Az SX a rejtett zsan\u00e9rokt\u00f3l a forg\u00f3csapos zsan\u00e9rokig testreszabhat\u00f3, a projekt k\u00f6vetelm\u00e9nyeihez igazod\u00f3 lehet\u0151s\u00e9geket k\u00edn\u00e1l, biztos\u00edtva, hogy megtal\u00e1lja az ide\u00e1lis zsan\u00e9rmegold\u00e1st.<\/p>","protected":false},"featured_media":4493,"comment_status":"open","ping_status":"closed","template":"","meta":[],"product_brand":[],"product_cat":[67],"product_tag":[],"class_list":{"0":"post-4539","1":"product","2":"type-product","3":"status-publish","4":"has-post-thumbnail","6":"product_cat-hingesstays","8":"first","9":"instock","10":"shipping-taxable","11":"product-type-simple"},"yoast_head":"<!-- This site is optimized with the Yoast SEO Premium plugin v27.1 (Yoast SEO v27.2) - https:\/\/yoast.com\/product\/yoast-seo-premium-wordpress\/ -->\n<title>Hinges Wholesaler HIB101 - https:\/\/sxflightcase.com \ud83d\udc97<\/title>\n<meta name=\"description\" content=\"Discover SX, your trusted hinges wholesaler, offering quality products at factory-direct prices. Explore our extensive selection for all your needs.\" \/>\n<meta name=\"robots\" content=\"index, follow, max-snippet:-1, max-image-preview:large, max-video-preview:-1\" \/>\n<link rel=\"canonical\" href=\"https:\/\/sxflightcase.com\/hu\/\u7522\u54c1\/\u9278\u93c8\u6279\u767c\u5546-hib101-2\/\" \/>\n<meta property=\"og:locale\" content=\"hu_HU\" \/>\n<meta property=\"og:type\" content=\"article\" \/>\n<meta property=\"og:title\" content=\"Hinges Wholesaler HIB101\" \/>\n<meta property=\"og:description\" content=\"Discover SX, your trusted hinges wholesaler, offering quality products at factory-direct prices. Explore our extensive selection for all your needs.\" \/>\n<meta property=\"og:url\" content=\"https:\/\/sxflightcase.com\/hu\/\u7522\u54c1\/\u9278\u93c8\u6279\u767c\u5546-hib101-2\/\" \/>\n<meta property=\"og:site_name\" content=\"https:\/\/sxflightcase.com\" \/>\n<meta property=\"article:publisher\" content=\"https:\/\/www.facebook.com\/profile.php?id=61560407257971\" \/>\n<meta property=\"article:modified_time\" content=\"2024-09-24T06:36:39+00:00\" \/>\n<meta property=\"og:image\" content=\"https:\/\/sxflightcase.com\/wp-content\/uploads\/2024\/09\/HIB101.jpg\" \/>\n\t<meta property=\"og:image:width\" content=\"700\" \/>\n\t<meta property=\"og:image:height\" content=\"700\" \/>\n\t<meta property=\"og:image:type\" content=\"image\/jpeg\" \/>\n<meta name=\"twitter:card\" content=\"summary_large_image\" \/>\n<meta name=\"twitter:label1\" content=\"Becs\u00fclt olvas\u00e1si id\u0151\" \/>\n\t<meta name=\"twitter:data1\" content=\"2 perc\" \/>\n<script type=\"application\/ld+json\" class=\"yoast-schema-graph\">{\"@context\":\"https:\/\/schema.org\",\"@graph\":[{\"@type\":\"WebPage\",\"@id\":\"https:\/\/sxflightcase.com\/zh_hk\/\u7522\u54c1\/\u9278\u93c8\u6279\u767c\u5546-hib101-2\/\",\"url\":\"https:\/\/sxflightcase.com\/zh_hk\/\u7522\u54c1\/\u9278\u93c8\u6279\u767c\u5546-hib101-2\/\",\"name\":\"Hinges Wholesaler HIB101 - https:\/\/sxflightcase.com \ud83d\udc97\",\"isPartOf\":{\"@id\":\"https:\/\/sxflightcase.com\/th\/#website\"},\"primaryImageOfPage\":{\"@id\":\"https:\/\/sxflightcase.com\/zh_hk\/\u7522\u54c1\/\u9278\u93c8\u6279\u767c\u5546-hib101-2\/#primaryimage\"},\"image\":{\"@id\":\"https:\/\/sxflightcase.com\/zh_hk\/\u7522\u54c1\/\u9278\u93c8\u6279\u767c\u5546-hib101-2\/#primaryimage\"},\"thumbnailUrl\":\"https:\/\/sxflightcase.com\/wp-content\/uploads\/2024\/09\/HIB101.jpg\",\"datePublished\":\"2024-09-24T06:36:38+00:00\",\"dateModified\":\"2024-09-24T06:36:39+00:00\",\"description\":\"Discover SX, your trusted hinges wholesaler, offering quality products at factory-direct prices. Explore our extensive selection for all your needs.\",\"breadcrumb\":{\"@id\":\"https:\/\/sxflightcase.com\/zh_hk\/\u7522\u54c1\/\u9278\u93c8\u6279\u767c\u5546-hib101-2\/#breadcrumb\"},\"inLanguage\":\"hu\",\"potentialAction\":[{\"@type\":\"ReadAction\",\"target\":[\"https:\/\/sxflightcase.com\/zh_hk\/\u7522\u54c1\/\u9278\u93c8\u6279\u767c\u5546-hib101-2\/\"]}]},{\"@type\":\"ImageObject\",\"inLanguage\":\"hu\",\"@id\":\"https:\/\/sxflightcase.com\/zh_hk\/\u7522\u54c1\/\u9278\u93c8\u6279\u767c\u5546-hib101-2\/#primaryimage\",\"url\":\"https:\/\/sxflightcase.com\/wp-content\/uploads\/2024\/09\/HIB101.jpg\",\"contentUrl\":\"https:\/\/sxflightcase.com\/wp-content\/uploads\/2024\/09\/HIB101.jpg\",\"width\":700,\"height\":700,\"caption\":\"Hinges Wholesaler\"},{\"@type\":\"BreadcrumbList\",\"@id\":\"https:\/\/sxflightcase.com\/zh_hk\/\u7522\u54c1\/\u9278\u93c8\u6279\u767c\u5546-hib101-2\/#breadcrumb\",\"itemListElement\":[{\"@type\":\"ListItem\",\"position\":1,\"name\":\"Home\",\"item\":\"https:\/\/sxflightcase.com\/\"},{\"@type\":\"ListItem\",\"position\":2,\"name\":\"\u0e2a\u0e34\u0e19\u0e04\u0e49\u0e32\",\"item\":\"https:\/\/sxflightcase.com\/th\/shop\/\"},{\"@type\":\"ListItem\",\"position\":3,\"name\":\"Hinges Wholesaler HIB101\"}]},{\"@type\":\"WebSite\",\"@id\":\"https:\/\/sxflightcase.com\/th\/#website\",\"url\":\"https:\/\/sxflightcase.com\/th\/\",\"name\":\"sxpowercase.com\",\"description\":\"Flight Case Factory\",\"publisher\":{\"@id\":\"https:\/\/sxflightcase.com\/th\/#organization\"},\"potentialAction\":[{\"@type\":\"SearchAction\",\"target\":{\"@type\":\"EntryPoint\",\"urlTemplate\":\"https:\/\/sxflightcase.com\/th\/?s={search_term_string}\"},\"query-input\":{\"@type\":\"PropertyValueSpecification\",\"valueRequired\":true,\"valueName\":\"search_term_string\"}}],\"inLanguage\":\"hu\"},{\"@type\":\"Organization\",\"@id\":\"https:\/\/sxflightcase.com\/th\/#organization\",\"name\":\"sxpowercase.com\",\"url\":\"https:\/\/sxflightcase.com\/th\/\",\"logo\":{\"@type\":\"ImageObject\",\"inLanguage\":\"hu\",\"@id\":\"https:\/\/sxflightcase.com\/th\/#\/schema\/logo\/image\/\",\"url\":\"https:\/\/sxflightcase.com\/wp-content\/uploads\/2024\/04\/1713919036007.jpg\",\"contentUrl\":\"https:\/\/sxflightcase.com\/wp-content\/uploads\/2024\/04\/1713919036007.jpg\",\"width\":382,\"height\":388,\"caption\":\"sxpowercase.com\"},\"image\":{\"@id\":\"https:\/\/sxflightcase.com\/th\/#\/schema\/logo\/image\/\"},\"sameAs\":[\"https:\/\/www.facebook.com\/profile.php?id=61560407257971\"],\"numberOfEmployees\":{\"@type\":\"QuantitativeValue\",\"minValue\":\"11\",\"maxValue\":\"50\"}}]}<\/script>\n<!-- \/ Yoast SEO Premium plugin. -->","yoast_head_json":{"title":"Hinges Wholesaler HIB101 - https:\/\/sxflightcase.com \ud83d\udc97","description":"Fedezze fel az SX-et, a megb\u00edzhat\u00f3 zsan\u00e9rok nagykeresked\u0151j\u00e9t, amely min\u0151s\u00e9gi term\u00e9keket k\u00edn\u00e1l gy\u00e1ri k\u00f6zvetlen \u00e1ron. Fedezze fel sz\u00e9les v\u00e1laszt\u00e9kunkat minden ig\u00e9nye kiel\u00e9g\u00edt\u00e9s\u00e9re.","robots":{"index":"index","follow":"follow","max-snippet":"max-snippet:-1","max-image-preview":"max-image-preview:large","max-video-preview":"max-video-preview:-1"},"canonical":"https:\/\/sxflightcase.com\/hu\/\u7522\u54c1\/\u9278\u93c8\u6279\u767c\u5546-hib101-2\/","og_locale":"hu_HU","og_type":"article","og_title":"Hinges Wholesaler HIB101","og_description":"Discover SX, your trusted hinges wholesaler, offering quality products at factory-direct prices. Explore our extensive selection for all your needs.","og_url":"https:\/\/sxflightcase.com\/hu\/\u7522\u54c1\/\u9278\u93c8\u6279\u767c\u5546-hib101-2\/","og_site_name":"https:\/\/sxflightcase.com","article_publisher":"https:\/\/www.facebook.com\/profile.php?id=61560407257971","article_modified_time":"2024-09-24T06:36:39+00:00","og_image":[{"width":700,"height":700,"url":"https:\/\/sxflightcase.com\/wp-content\/uploads\/2024\/09\/HIB101.jpg","type":"image\/jpeg"}],"twitter_card":"summary_large_image","twitter_misc":{"Becs\u00fclt olvas\u00e1si id\u0151":"2 perc"},"schema":{"@context":"https:\/\/schema.org","@graph":[{"@type":"WebPage","@id":"https:\/\/sxflightcase.com\/zh_hk\/\u7522\u54c1\/\u9278\u93c8\u6279\u767c\u5546-hib101-2\/","url":"https:\/\/sxflightcase.com\/zh_hk\/\u7522\u54c1\/\u9278\u93c8\u6279\u767c\u5546-hib101-2\/","name":"Hinges Wholesaler HIB101 - https:\/\/sxflightcase.com \ud83d\udc97","isPartOf":{"@id":"https:\/\/sxflightcase.com\/th\/#website"},"primaryImageOfPage":{"@id":"https:\/\/sxflightcase.com\/zh_hk\/\u7522\u54c1\/\u9278\u93c8\u6279\u767c\u5546-hib101-2\/#primaryimage"},"image":{"@id":"https:\/\/sxflightcase.com\/zh_hk\/\u7522\u54c1\/\u9278\u93c8\u6279\u767c\u5546-hib101-2\/#primaryimage"},"thumbnailUrl":"https:\/\/sxflightcase.com\/wp-content\/uploads\/2024\/09\/HIB101.jpg","datePublished":"2024-09-24T06:36:38+00:00","dateModified":"2024-09-24T06:36:39+00:00","description":"Fedezze fel az SX-et, a megb\u00edzhat\u00f3 zsan\u00e9rok nagykeresked\u0151j\u00e9t, amely min\u0151s\u00e9gi term\u00e9keket k\u00edn\u00e1l gy\u00e1ri k\u00f6zvetlen \u00e1ron. Fedezze fel sz\u00e9les v\u00e1laszt\u00e9kunkat minden ig\u00e9nye kiel\u00e9g\u00edt\u00e9s\u00e9re.","breadcrumb":{"@id":"https:\/\/sxflightcase.com\/zh_hk\/\u7522\u54c1\/\u9278\u93c8\u6279\u767c\u5546-hib101-2\/#breadcrumb"},"inLanguage":"hu","potentialAction":[{"@type":"ReadAction","target":["https:\/\/sxflightcase.com\/zh_hk\/\u7522\u54c1\/\u9278\u93c8\u6279\u767c\u5546-hib101-2\/"]}]},{"@type":"ImageObject","inLanguage":"hu","@id":"https:\/\/sxflightcase.com\/zh_hk\/\u7522\u54c1\/\u9278\u93c8\u6279\u767c\u5546-hib101-2\/#primaryimage","url":"https:\/\/sxflightcase.com\/wp-content\/uploads\/2024\/09\/HIB101.jpg","contentUrl":"https:\/\/sxflightcase.com\/wp-content\/uploads\/2024\/09\/HIB101.jpg","width":700,"height":700,"caption":"Hinges Wholesaler"},{"@type":"BreadcrumbList","@id":"https:\/\/sxflightcase.com\/zh_hk\/\u7522\u54c1\/\u9278\u93c8\u6279\u767c\u5546-hib101-2\/#breadcrumb","itemListElement":[{"@type":"ListItem","position":1,"name":"Home","item":"https:\/\/sxflightcase.com\/"},{"@type":"ListItem","position":2,"name":"\u0e2a\u0e34\u0e19\u0e04\u0e49\u0e32","item":"https:\/\/sxflightcase.com\/th\/shop\/"},{"@type":"ListItem","position":3,"name":"Hinges Wholesaler HIB101"}]},{"@type":"WebSite","@id":"https:\/\/sxflightcase.com\/th\/#website","url":"https:\/\/sxflightcase.com\/th\/","name":"sxpowercase.com","description":"Flight Case Factory","publisher":{"@id":"https:\/\/sxflightcase.com\/th\/#organization"},"potentialAction":[{"@type":"SearchAction","target":{"@type":"EntryPoint","urlTemplate":"https:\/\/sxflightcase.com\/th\/?s={search_term_string}"},"query-input":{"@type":"PropertyValueSpecification","valueRequired":true,"valueName":"search_term_string"}}],"inLanguage":"hu"},{"@type":"Organization","@id":"https:\/\/sxflightcase.com\/th\/#organization","name":"sxpowercase.com","url":"https:\/\/sxflightcase.com\/th\/","logo":{"@type":"ImageObject","inLanguage":"hu","@id":"https:\/\/sxflightcase.com\/th\/#\/schema\/logo\/image\/","url":"https:\/\/sxflightcase.com\/wp-content\/uploads\/2024\/04\/1713919036007.jpg","contentUrl":"https:\/\/sxflightcase.com\/wp-content\/uploads\/2024\/04\/1713919036007.jpg","width":382,"height":388,"caption":"sxpowercase.com"},"image":{"@id":"https:\/\/sxflightcase.com\/th\/#\/schema\/logo\/image\/"},"sameAs":["https:\/\/www.facebook.com\/profile.php?id=61560407257971"],"numberOfEmployees":{"@type":"QuantitativeValue","minValue":"11","maxValue":"50"}}]}},"_links":{"self":[{"href":"https:\/\/sxflightcase.com\/hu\/wp-json\/wp\/v2\/product\/4539","targetHints":{"allow":["GET"]}}],"collection":[{"href":"https:\/\/sxflightcase.com\/hu\/wp-json\/wp\/v2\/product"}],"about":[{"href":"https:\/\/sxflightcase.com\/hu\/wp-json\/wp\/v2\/types\/product"}],"replies":[{"embeddable":true,"href":"https:\/\/sxflightcase.com\/hu\/wp-json\/wp\/v2\/comments?post=4539"}],"version-history":[{"count":0,"href":"https:\/\/sxflightcase.com\/hu\/wp-json\/wp\/v2\/product\/4539\/revisions"}],"wp:featuredmedia":[{"embeddable":true,"href":"https:\/\/sxflightcase.com\/hu\/wp-json\/wp\/v2\/media\/4493"}],"wp:attachment":[{"href":"https:\/\/sxflightcase.com\/hu\/wp-json\/wp\/v2\/media?parent=4539"}],"wp:term":[{"taxonomy":"product_brand","embeddable":true,"href":"https:\/\/sxflightcase.com\/hu\/wp-json\/wp\/v2\/product_brand?post=4539"},{"taxonomy":"product_cat","embeddable":true,"href":"https:\/\/sxflightcase.com\/hu\/wp-json\/wp\/v2\/product_cat?post=4539"},{"taxonomy":"product_tag","embeddable":true,"href":"https:\/\/sxflightcase.com\/hu\/wp-json\/wp\/v2\/product_tag?post=4539"}],"curies":[{"name":"wp","href":"https:\/\/api.w.org\/{rel}","templated":true}]}}