{"id":4541,"date":"2024-09-24T07:39:41","date_gmt":"2024-09-24T06:39:41","guid":{"rendered":"https:\/\/sxpowercase.com\/?post_type=product&#038;p=4541"},"modified":"2024-09-24T07:39:41","modified_gmt":"2024-09-24T06:39:41","slug":"hinges-wholesaler-hib102","status":"publish","type":"product","link":"https:\/\/sxflightcase.com\/hu\/termek\/zsanerok-nagykereskedo-hib102\/","title":{"rendered":"Csukl\u00f3p\u00e1ntok nagykeresked\u0151 HIB102"},"content":{"rendered":"<h3>SX: Az \u00d6n Premier zsan\u00e9rok nagykeresked\u0151je min\u0151s\u00e9gi megold\u00e1sokhoz<\/h3>\n<p>Amikor a zsan\u00e9rok beszerz\u00e9s\u00e9r\u0151l van sz\u00f3, <strong>SX<\/strong> kiemelkedik a vezet\u0151 <a href=\"https:\/\/sxpowercase.com\/product\/hinges-wholesaler-hib101\/\"><strong>zsan\u00e9rok nagykeresked\u0151je<\/strong><\/a>. A k\u00fcl\u00f6nb\u00f6z\u0151 alkalmaz\u00e1sokhoz szabott zsan\u00e9rok sz\u00e9les v\u00e1laszt\u00e9k\u00e1t k\u00edn\u00e1ljuk, \u00edgy pontosan azt tal\u00e1lja, amire sz\u00fcks\u00e9ge van. A min\u0151s\u00e9gre \u00e9s megb\u00edzhat\u00f3s\u00e1gra val\u00f3 \u00f6sszpontos\u00edt\u00e1sunk megk\u00fcl\u00f6nb\u00f6ztet minket az ipar\u00e1gban.<\/p>\n<h3>Versenyk\u00e9pes \u00e1rak a Factory Direct-t\u0151l<\/h3>\n<p>Mint elk\u00f6telezett <strong>zsan\u00e9rok nagykeresked\u0151je<\/strong>, b\u00fcszk\u00e9k vagyunk arra, hogy <strong>gy\u00e1ri k\u00f6zvetlen \u00e1rk\u00e9pz\u00e9s<\/strong>. Ez azt jelenti, hogy a lehet\u0151 legjobb \u00e1rakat kapja, mindenf\u00e9le plusz k\u00f6lts\u00e9g n\u00e9lk\u00fcl. Az\u00e1ltal, hogy k\u00f6zvetlen\u00fcl a gy\u00e1rt\u00f3kkal \u00fczletel, <strong><a href=\"https:\/\/sxpowercase.com\/\" target=\"_blank\" rel=\"noopener\" title=\"SX\" data-wpil-monitor-id=\"776\">SX<\/a><\/strong> biztos\u00edtja, hogy kiv\u00e1l\u00f3 min\u0151s\u00e9g\u0171 zsan\u00e9rokat t\u00e1rolhasson, mik\u00f6zben a kiad\u00e1sait alacsonyan tartja.<\/p>\n<h3>Kompromisszummentes min\u0151s\u00e9gbiztos\u00edt\u00e1s<\/h3>\n<p>A  c\u00edmen. <strong>SX<\/strong>, a min\u0151s\u00e9g a m\u0171k\u00f6d\u00e9s\u00fcnk k\u00f6z\u00e9ppontj\u00e1ban \u00e1ll. P\u00e1ntjainkat szigor\u00fa min\u0151s\u00e9gellen\u0151rz\u00e9si folyamatoknak vetj\u00fck al\u00e1, hogy megfeleljenek a legmagasabb k\u00f6vetelm\u00e9nyeknek. Mint az \u00d6n megb\u00edzhat\u00f3 <strong>zsan\u00e9rok nagykeresked\u0151je<\/strong>, garant\u00e1ljuk, hogy minden term\u00e9k pr\u00e9mium min\u0151s\u00e9g\u0171 anyagokb\u00f3l k\u00e9sz\u00fcl, amelyek szil\u00e1rds\u00e1got \u00e9s hossz\u00fa \u00e9lettartamot biztos\u00edtanak a k\u00fcl\u00f6nb\u00f6z\u0151 felhaszn\u00e1l\u00e1si c\u00e9lokra.<\/p>\n<h3>V\u00e1ltozatos v\u00e1laszt\u00e9k az \u00d6n ig\u00e9nyeinek megfelel\u0151en<\/h3>\n<p>Meg\u00e9rtj\u00fck, hogy minden projekt egyedi, \u00e9ppen ez\u00e9rt <strong>SX<\/strong> a zsan\u00e9rok \u00e1tfog\u00f3 v\u00e1laszt\u00e9k\u00e1t k\u00edn\u00e1lja. A rejtett \u00e9s zongorap\u00e1ntokt\u00f3l a nagy teherb\u00edr\u00e1s\u00fa opci\u00f3kig minden ig\u00e9nyt kiel\u00e9g\u00edt a k\u00e9szlet\u00fcnk. Mint megb\u00edzhat\u00f3 <strong>zsan\u00e9rok nagykeresked\u0151je<\/strong>, biztos\u00edtjuk, hogy az \u00d6n egyedi alkalmaz\u00e1saihoz a legjobb term\u00e9kekhez f\u00e9rjen hozz\u00e1.<\/p>\n<h3>K\u00f6nny\u0171 rendel\u00e9si \u00e9lm\u00e9ny<\/h3>\n<p>P\u00e1ntok rendel\u00e9se a k\u00f6vetkez\u0151 c\u00edmr\u0151l <strong>SX<\/strong> egyszer\u0171 \u00e9s hat\u00e9kony. Online platformunkat a k\u00f6nny\u0171 haszn\u00e1latra tervezt\u00fck, \u00edgy \u00d6n gyorsan felfedezheti k\u00edn\u00e1latunkat, \u00e9s gyorsan v\u00e1s\u00e1rolhat. \u00dcgyf\u00e9lszolg\u00e1lati csapatunk mindig rendelkez\u00e9sre \u00e1ll, hogy v\u00e1laszoljon a k\u00e9rd\u00e9sekre, vagy seg\u00edtsen b\u00e1rmilyen k\u00fcl\u00f6nleges megrendel\u00e9ssel kapcsolatban, \u00edgy biztos\u00edtva a z\u00f6kken\u0151mentes folyamatot az elej\u00e9t\u0151l a v\u00e9g\u00e9ig.<\/p>\n<h3>K\u00f6vetkeztet\u00e9s<\/h3>\n<p>Azzal, hogy a <strong>SX<\/strong> mint az \u00d6n \u00e1ltal prefer\u00e1lt <strong>zsan\u00e9rok nagykeresked\u0151je<\/strong>, \u00d6n egy olyan partnert nyer, aki elk\u00f6telezett a min\u0151s\u00e9g \u00e9s a megfizethet\u0151s\u00e9g mellett. Versenyk\u00e9pes \u00e1rainkkal \u00e9s v\u00e1ltozatos term\u00e9kv\u00e1laszt\u00e9kunkkal egyablakos megold\u00e1st k\u00edn\u00e1lunk minden csukl\u00f3p\u00e1nt sz\u00fcks\u00e9glet\u00e9re.<\/p>\n<ol>\n<li>Kapcsolatfelv\u00e9tel most:<span style=\"color: #0000ff;\"><a style=\"color: #0000ff;\" href=\"https:\/\/sxpowercase.com\/contact-us\/\">https:\/\/sxpowercase.com\/<\/a><\/span><\/li>\n<li>Hardver term\u00e9kkatal\u00f3gus\uff1a<span style=\"color: #0000ff;\"><a style=\"color: #0000ff;\" href=\"https:\/\/sxpowercase.com\/wp-content\/uploads\/2024\/07\/\u4e94\u91d1.pdf\">Hardver tartoz\u00e9kok katal\u00f3gusa<\/a><\/span><\/li>\n<\/ol>","protected":false},"excerpt":{"rendered":"<div class=\"flex-shrink-0 flex flex-col relative items-end\">\n<div>\n<div class=\"pt-0\">\n<div class=\"gizmo-bot-avatar flex h-8 w-8 items-center justify-center overflow-hidden rounded-full\">\n<div class=\"relative p-1 rounded-sm flex items-center justify-center bg-token-main-surface-primary text-token-text-primary h-8 w-8\"><\/div>\n<\/div>\n<\/div>\n<\/div>\n<\/div>\n<div class=\"group\/conversation-turn relative flex w-full min-w-0 flex-col agent-turn\">\n<div class=\"flex-col gap-1 md:gap-3\">\n<div class=\"flex max-w-full flex-col flex-grow\">\n<div class=\"min-h-[20px] text-message flex w-full flex-col items-end gap-2 whitespace-normal break-words [.text-message+&amp;]:mt-5\" dir=\"auto\" data-message-author-role=\"assistant\" data-message-id=\"fdb8c325-d06e-4f0c-850b-d4cb126d48c1\">\n<div class=\"flex w-full flex-col gap-1 empty:hidden first:pt-[3px]\">\n<div class=\"markdown prose w-full break-words dark:prose-invert light\">\n<h3>SX: Your Premier Hinges Wholesaler for Quality Solutions<\/h3>\n<p>SX is a leading hinges wholesaler offering a wide array of hinges for various applications, prioritising quality and reliability in every product.<\/p>\n<h3>Competitive Pricing from Factory Direct<\/h3>\n<p>Enjoy the benefits of factory-direct pricing, ensuring you get high-quality hinges at the best rates without additional costs, perfect for managing your expenses.<\/p>\n<h3>Diverse Selection to Meet Your Needs<\/h3>\n<p>With a comprehensive range of hinges, from concealed to heavy-duty options, SX caters to all project requirements, providing reliable solutions tailored to your needs.<\/p>\n<\/div>\n<\/div>\n<\/div>\n<\/div>\n<\/div>\n<\/div>\n","protected":false},"featured_media":4494,"comment_status":"open","ping_status":"closed","template":"","meta":[],"product_brand":[],"product_cat":[67],"product_tag":[],"class_list":{"0":"post-4541","1":"product","2":"type-product","3":"status-publish","4":"has-post-thumbnail","6":"product_cat-hingesstays","8":"first","9":"instock","10":"shipping-taxable","11":"product-type-simple"},"yoast_head":"<!-- This site is optimized with the Yoast SEO Premium plugin v27.1 (Yoast SEO v27.2) - https:\/\/yoast.com\/product\/yoast-seo-premium-wordpress\/ -->\n<title>Hinges Wholesaler HIB102 - https:\/\/sxflightcase.com \ud83d\udc97<\/title>\n<meta name=\"description\" content=\"Choose SX as your hinges wholesaler for quality products at competitive factory prices. Explore our diverse selection for all your projects.\" \/>\n<meta name=\"robots\" content=\"index, follow, max-snippet:-1, max-image-preview:large, max-video-preview:-1\" \/>\n<link rel=\"canonical\" href=\"https:\/\/sxflightcase.com\/hu\/producto\/mayorista-de-bisagras-hib102-2\/\" \/>\n<meta property=\"og:locale\" content=\"hu_HU\" \/>\n<meta property=\"og:type\" content=\"article\" \/>\n<meta property=\"og:title\" content=\"Hinges Wholesaler HIB102\" \/>\n<meta property=\"og:description\" content=\"Choose SX as your hinges wholesaler for quality products at competitive factory prices. Explore our diverse selection for all your projects.\" \/>\n<meta property=\"og:url\" content=\"https:\/\/sxflightcase.com\/hu\/producto\/mayorista-de-bisagras-hib102-2\/\" \/>\n<meta property=\"og:site_name\" content=\"https:\/\/sxflightcase.com\" \/>\n<meta property=\"article:publisher\" content=\"https:\/\/www.facebook.com\/profile.php?id=61560407257971\" \/>\n<meta property=\"og:image\" content=\"https:\/\/sxflightcase.com\/wp-content\/uploads\/2024\/09\/HIB102.jpg\" \/>\n\t<meta property=\"og:image:width\" content=\"700\" \/>\n\t<meta property=\"og:image:height\" content=\"700\" \/>\n\t<meta property=\"og:image:type\" content=\"image\/jpeg\" \/>\n<meta name=\"twitter:card\" content=\"summary_large_image\" \/>\n<meta name=\"twitter:label1\" content=\"Becs\u00fclt olvas\u00e1si id\u0151\" \/>\n\t<meta name=\"twitter:data1\" content=\"2 perc\" \/>\n<script type=\"application\/ld+json\" class=\"yoast-schema-graph\">{\"@context\":\"https:\/\/schema.org\",\"@graph\":[{\"@type\":\"WebPage\",\"@id\":\"https:\/\/sxflightcase.com\/es\/producto\/mayorista-de-bisagras-hib102-2\/\",\"url\":\"https:\/\/sxflightcase.com\/es\/producto\/mayorista-de-bisagras-hib102-2\/\",\"name\":\"Hinges Wholesaler HIB102 - https:\/\/sxflightcase.com \ud83d\udc97\",\"isPartOf\":{\"@id\":\"https:\/\/sxflightcase.com\/th\/#website\"},\"primaryImageOfPage\":{\"@id\":\"https:\/\/sxflightcase.com\/es\/producto\/mayorista-de-bisagras-hib102-2\/#primaryimage\"},\"image\":{\"@id\":\"https:\/\/sxflightcase.com\/es\/producto\/mayorista-de-bisagras-hib102-2\/#primaryimage\"},\"thumbnailUrl\":\"https:\/\/sxflightcase.com\/wp-content\/uploads\/2024\/09\/HIB102.jpg\",\"datePublished\":\"2024-09-24T06:39:41+00:00\",\"description\":\"Choose SX as your hinges wholesaler for quality products at competitive factory prices. Explore our diverse selection for all your projects.\",\"breadcrumb\":{\"@id\":\"https:\/\/sxflightcase.com\/es\/producto\/mayorista-de-bisagras-hib102-2\/#breadcrumb\"},\"inLanguage\":\"hu\",\"potentialAction\":[{\"@type\":\"ReadAction\",\"target\":[\"https:\/\/sxflightcase.com\/es\/producto\/mayorista-de-bisagras-hib102-2\/\"]}]},{\"@type\":\"ImageObject\",\"inLanguage\":\"hu\",\"@id\":\"https:\/\/sxflightcase.com\/es\/producto\/mayorista-de-bisagras-hib102-2\/#primaryimage\",\"url\":\"https:\/\/sxflightcase.com\/wp-content\/uploads\/2024\/09\/HIB102.jpg\",\"contentUrl\":\"https:\/\/sxflightcase.com\/wp-content\/uploads\/2024\/09\/HIB102.jpg\",\"width\":700,\"height\":700,\"caption\":\"Hinges Wholesaler\"},{\"@type\":\"BreadcrumbList\",\"@id\":\"https:\/\/sxflightcase.com\/es\/producto\/mayorista-de-bisagras-hib102-2\/#breadcrumb\",\"itemListElement\":[{\"@type\":\"ListItem\",\"position\":1,\"name\":\"Home\",\"item\":\"https:\/\/sxflightcase.com\/\"},{\"@type\":\"ListItem\",\"position\":2,\"name\":\"\u0e2a\u0e34\u0e19\u0e04\u0e49\u0e32\",\"item\":\"https:\/\/sxflightcase.com\/th\/shop\/\"},{\"@type\":\"ListItem\",\"position\":3,\"name\":\"Hinges Wholesaler HIB102\"}]},{\"@type\":\"WebSite\",\"@id\":\"https:\/\/sxflightcase.com\/th\/#website\",\"url\":\"https:\/\/sxflightcase.com\/th\/\",\"name\":\"sxpowercase.com\",\"description\":\"Flight Case Factory\",\"publisher\":{\"@id\":\"https:\/\/sxflightcase.com\/th\/#organization\"},\"potentialAction\":[{\"@type\":\"SearchAction\",\"target\":{\"@type\":\"EntryPoint\",\"urlTemplate\":\"https:\/\/sxflightcase.com\/th\/?s={search_term_string}\"},\"query-input\":{\"@type\":\"PropertyValueSpecification\",\"valueRequired\":true,\"valueName\":\"search_term_string\"}}],\"inLanguage\":\"hu\"},{\"@type\":\"Organization\",\"@id\":\"https:\/\/sxflightcase.com\/th\/#organization\",\"name\":\"sxpowercase.com\",\"url\":\"https:\/\/sxflightcase.com\/th\/\",\"logo\":{\"@type\":\"ImageObject\",\"inLanguage\":\"hu\",\"@id\":\"https:\/\/sxflightcase.com\/th\/#\/schema\/logo\/image\/\",\"url\":\"https:\/\/sxflightcase.com\/wp-content\/uploads\/2024\/04\/1713919036007.jpg\",\"contentUrl\":\"https:\/\/sxflightcase.com\/wp-content\/uploads\/2024\/04\/1713919036007.jpg\",\"width\":382,\"height\":388,\"caption\":\"sxpowercase.com\"},\"image\":{\"@id\":\"https:\/\/sxflightcase.com\/th\/#\/schema\/logo\/image\/\"},\"sameAs\":[\"https:\/\/www.facebook.com\/profile.php?id=61560407257971\"],\"numberOfEmployees\":{\"@type\":\"QuantitativeValue\",\"minValue\":\"11\",\"maxValue\":\"50\"}}]}<\/script>\n<!-- \/ Yoast SEO Premium plugin. -->","yoast_head_json":{"title":"Hinges Wholesaler HIB102 - https:\/\/sxflightcase.com \ud83d\udc97","description":"V\u00e1lassza az SX-et, mint a zsan\u00e9rok nagykeresked\u0151j\u00e9t, ha min\u0151s\u00e9gi term\u00e9keket szeretne versenyk\u00e9pes gy\u00e1ri \u00e1ron. Fedezze fel v\u00e1ltozatos v\u00e1laszt\u00e9kunkat minden projektj\u00e9hez.","robots":{"index":"index","follow":"follow","max-snippet":"max-snippet:-1","max-image-preview":"max-image-preview:large","max-video-preview":"max-video-preview:-1"},"canonical":"https:\/\/sxflightcase.com\/hu\/producto\/mayorista-de-bisagras-hib102-2\/","og_locale":"hu_HU","og_type":"article","og_title":"Hinges Wholesaler HIB102","og_description":"Choose SX as your hinges wholesaler for quality products at competitive factory prices. Explore our diverse selection for all your projects.","og_url":"https:\/\/sxflightcase.com\/hu\/producto\/mayorista-de-bisagras-hib102-2\/","og_site_name":"https:\/\/sxflightcase.com","article_publisher":"https:\/\/www.facebook.com\/profile.php?id=61560407257971","og_image":[{"width":700,"height":700,"url":"https:\/\/sxflightcase.com\/wp-content\/uploads\/2024\/09\/HIB102.jpg","type":"image\/jpeg"}],"twitter_card":"summary_large_image","twitter_misc":{"Becs\u00fclt olvas\u00e1si id\u0151":"2 perc"},"schema":{"@context":"https:\/\/schema.org","@graph":[{"@type":"WebPage","@id":"https:\/\/sxflightcase.com\/es\/producto\/mayorista-de-bisagras-hib102-2\/","url":"https:\/\/sxflightcase.com\/es\/producto\/mayorista-de-bisagras-hib102-2\/","name":"Hinges Wholesaler HIB102 - https:\/\/sxflightcase.com \ud83d\udc97","isPartOf":{"@id":"https:\/\/sxflightcase.com\/th\/#website"},"primaryImageOfPage":{"@id":"https:\/\/sxflightcase.com\/es\/producto\/mayorista-de-bisagras-hib102-2\/#primaryimage"},"image":{"@id":"https:\/\/sxflightcase.com\/es\/producto\/mayorista-de-bisagras-hib102-2\/#primaryimage"},"thumbnailUrl":"https:\/\/sxflightcase.com\/wp-content\/uploads\/2024\/09\/HIB102.jpg","datePublished":"2024-09-24T06:39:41+00:00","description":"V\u00e1lassza az SX-et, mint a zsan\u00e9rok nagykeresked\u0151j\u00e9t, ha min\u0151s\u00e9gi term\u00e9keket szeretne versenyk\u00e9pes gy\u00e1ri \u00e1ron. Fedezze fel v\u00e1ltozatos v\u00e1laszt\u00e9kunkat minden projektj\u00e9hez.","breadcrumb":{"@id":"https:\/\/sxflightcase.com\/es\/producto\/mayorista-de-bisagras-hib102-2\/#breadcrumb"},"inLanguage":"hu","potentialAction":[{"@type":"ReadAction","target":["https:\/\/sxflightcase.com\/es\/producto\/mayorista-de-bisagras-hib102-2\/"]}]},{"@type":"ImageObject","inLanguage":"hu","@id":"https:\/\/sxflightcase.com\/es\/producto\/mayorista-de-bisagras-hib102-2\/#primaryimage","url":"https:\/\/sxflightcase.com\/wp-content\/uploads\/2024\/09\/HIB102.jpg","contentUrl":"https:\/\/sxflightcase.com\/wp-content\/uploads\/2024\/09\/HIB102.jpg","width":700,"height":700,"caption":"Hinges Wholesaler"},{"@type":"BreadcrumbList","@id":"https:\/\/sxflightcase.com\/es\/producto\/mayorista-de-bisagras-hib102-2\/#breadcrumb","itemListElement":[{"@type":"ListItem","position":1,"name":"Home","item":"https:\/\/sxflightcase.com\/"},{"@type":"ListItem","position":2,"name":"\u0e2a\u0e34\u0e19\u0e04\u0e49\u0e32","item":"https:\/\/sxflightcase.com\/th\/shop\/"},{"@type":"ListItem","position":3,"name":"Hinges Wholesaler HIB102"}]},{"@type":"WebSite","@id":"https:\/\/sxflightcase.com\/th\/#website","url":"https:\/\/sxflightcase.com\/th\/","name":"sxpowercase.com","description":"Flight Case Factory","publisher":{"@id":"https:\/\/sxflightcase.com\/th\/#organization"},"potentialAction":[{"@type":"SearchAction","target":{"@type":"EntryPoint","urlTemplate":"https:\/\/sxflightcase.com\/th\/?s={search_term_string}"},"query-input":{"@type":"PropertyValueSpecification","valueRequired":true,"valueName":"search_term_string"}}],"inLanguage":"hu"},{"@type":"Organization","@id":"https:\/\/sxflightcase.com\/th\/#organization","name":"sxpowercase.com","url":"https:\/\/sxflightcase.com\/th\/","logo":{"@type":"ImageObject","inLanguage":"hu","@id":"https:\/\/sxflightcase.com\/th\/#\/schema\/logo\/image\/","url":"https:\/\/sxflightcase.com\/wp-content\/uploads\/2024\/04\/1713919036007.jpg","contentUrl":"https:\/\/sxflightcase.com\/wp-content\/uploads\/2024\/04\/1713919036007.jpg","width":382,"height":388,"caption":"sxpowercase.com"},"image":{"@id":"https:\/\/sxflightcase.com\/th\/#\/schema\/logo\/image\/"},"sameAs":["https:\/\/www.facebook.com\/profile.php?id=61560407257971"],"numberOfEmployees":{"@type":"QuantitativeValue","minValue":"11","maxValue":"50"}}]}},"_links":{"self":[{"href":"https:\/\/sxflightcase.com\/hu\/wp-json\/wp\/v2\/product\/4541","targetHints":{"allow":["GET"]}}],"collection":[{"href":"https:\/\/sxflightcase.com\/hu\/wp-json\/wp\/v2\/product"}],"about":[{"href":"https:\/\/sxflightcase.com\/hu\/wp-json\/wp\/v2\/types\/product"}],"replies":[{"embeddable":true,"href":"https:\/\/sxflightcase.com\/hu\/wp-json\/wp\/v2\/comments?post=4541"}],"version-history":[{"count":0,"href":"https:\/\/sxflightcase.com\/hu\/wp-json\/wp\/v2\/product\/4541\/revisions"}],"wp:featuredmedia":[{"embeddable":true,"href":"https:\/\/sxflightcase.com\/hu\/wp-json\/wp\/v2\/media\/4494"}],"wp:attachment":[{"href":"https:\/\/sxflightcase.com\/hu\/wp-json\/wp\/v2\/media?parent=4541"}],"wp:term":[{"taxonomy":"product_brand","embeddable":true,"href":"https:\/\/sxflightcase.com\/hu\/wp-json\/wp\/v2\/product_brand?post=4541"},{"taxonomy":"product_cat","embeddable":true,"href":"https:\/\/sxflightcase.com\/hu\/wp-json\/wp\/v2\/product_cat?post=4541"},{"taxonomy":"product_tag","embeddable":true,"href":"https:\/\/sxflightcase.com\/hu\/wp-json\/wp\/v2\/product_tag?post=4541"}],"curies":[{"name":"wp","href":"https:\/\/api.w.org\/{rel}","templated":true}]}}