{"id":4542,"date":"2024-09-24T07:44:19","date_gmt":"2024-09-24T06:44:19","guid":{"rendered":"https:\/\/sxpowercase.com\/?post_type=product&#038;p=4542"},"modified":"2024-09-24T07:44:19","modified_gmt":"2024-09-24T06:44:19","slug":"flight-case-hinges-hic101","status":"publish","type":"product","link":"https:\/\/sxflightcase.com\/hu\/termek\/repulo-tok-zsanerok-hic101\/","title":{"rendered":"Flight Case zsan\u00e9rok HIC101"},"content":{"rendered":"<h3>X: Megb\u00edzhat\u00f3 Flight Case zsan\u00e9rok forr\u00e1sa<\/h3>\n<p>Amikor \u00e9rt\u00e9kes felszerel\u00e9s\u00e9nek v\u00e9delm\u00e9r\u0151l van sz\u00f3, a min\u0151s\u00e9get a <span style=\"color: #0000ff;\"><a style=\"color: #0000ff;\" href=\"https:\/\/sxpowercase.com\/product\/hinges-wholesaler-hib102\/\">rep\u00fcl\u0151t\u00e1ska zsan\u00e9rok<\/a><\/span> d\u00f6nt\u0151 fontoss\u00e1g\u00fa. A  oldalon <strong>SX<\/strong>, mi szakosodtunk a kiv\u00e1l\u00f3 min\u0151s\u00e9g\u0171 rep\u00fcl\u0151 tok zsan\u00e9rok biztos\u00edt\u00e1s\u00e1ra, amelyek biztos\u00edtj\u00e1k a tart\u00f3ss\u00e1got \u00e9s a megb\u00edzhat\u00f3s\u00e1got. Term\u00e9keinket \u00fagy tervezt\u00fck, hogy ellen\u00e1lljanak a sz\u00e1ll\u00edt\u00e1s neh\u00e9zs\u00e9geinek, mik\u00f6zben biztons\u00e1gban tartj\u00e1k felszerel\u00e9s\u00e9t.<\/p>\n<h3>Gy\u00e1ri k\u00f6zvetlen \u00e1rk\u00e9pz\u00e9s min\u0151s\u00e9gi zsan\u00e9rokhoz<\/h3>\n<p>Vezet\u0151 besz\u00e1ll\u00edt\u00f3k\u00e9nt, <strong><a href=\"https:\/\/sxpowercase.com\/\" target=\"_blank\" rel=\"noopener\" title=\"SX\" data-wpil-monitor-id=\"777\">SX<\/a><\/strong> aj\u00e1nlatok <strong>gy\u00e1ri k\u00f6zvetlen \u00e1rk\u00e9pz\u00e9s<\/strong> az \u00f6sszes rep\u00fcl\u0151t\u00e1sk\u00e1nk zsan\u00e9rj\u00e1n. Ez azt jelenti, hogy versenyk\u00e9pes \u00e1rakat \u00e9lvezhet a min\u0151s\u00e9g fel\u00e1ldoz\u00e1sa n\u00e9lk\u00fcl. A k\u00f6zvet\u00edt\u0151 c\u00e9get kihagyva a megtakar\u00edt\u00e1st k\u00f6zvetlen\u00fcl \u00d6nnek adjuk \u00e1t, \u00edgy k\u00f6nnyebben maradhat projektjei k\u00f6lts\u00e9gvet\u00e9s\u00e9nek keretein bel\u00fcl.<\/p>\n<h3>Elk\u00f6telezetts\u00e9g a min\u0151s\u00e9gbiztos\u00edt\u00e1s ir\u00e1nt<\/h3>\n<p>A  c\u00edmen. <strong>SX<\/strong>, meg\u00e9rtj\u00fck, hogy a min\u0151s\u00e9g nem t\u00e1rgyalhat\u00f3, amikor a rep\u00fcl\u0151g\u00e9p tok zsan\u00e9rokr\u00f3l van sz\u00f3. P\u00e1ntjainkat szigor\u00fa min\u0151s\u00e9gi ellen\u0151rz\u00e9seknek vetj\u00fck al\u00e1, hogy biztos\u00edtsuk, hogy megfelelnek a legmagasabb k\u00f6vetelm\u00e9nyeknek. Elk\u00f6telezettek vagyunk amellett, hogy olyan term\u00e9keket k\u00edn\u00e1lunk, amelyek nemcsak tart\u00f3sak, hanem megb\u00edzhat\u00f3ak is, \u00edgy nyugodt lehet, tudva, hogy felszerel\u00e9se j\u00f3l v\u00e9dett.<\/p>\n<h3>Sokoldal\u00fa lehet\u0151s\u00e9gek minden ig\u00e9nyre<\/h3>\n<p>Rep\u00fcl\u0151g\u00e9ph\u00e1z-csukl\u00f3p\u00e1ntjainkat \u00fagy tervezt\u00fck, hogy megfeleljenek a k\u00fcl\u00f6nb\u00f6z\u0151 alkalmaz\u00e1soknak. Ak\u00e1r szabv\u00e1nyos zsan\u00e9rokra, ak\u00e1r nagy teherb\u00edr\u00e1s\u00fa opci\u00f3kra van sz\u00fcks\u00e9ge, <strong>SX<\/strong> fedezi \u00d6nt. B\u00fcszk\u00e9k vagyunk arra, hogy olyan v\u00e1ltozatos v\u00e1laszt\u00e9kot k\u00edn\u00e1lunk, amely megfelel a k\u00fcl\u00f6nb\u00f6z\u0151 ipar\u00e1gak szakembereinek speci\u00e1lis ig\u00e9nyeinek, \u00edgy biztos\u00edtva, hogy megtal\u00e1lja a rep\u00fcl\u00e9si tokokhoz t\u00f6k\u00e9letesen illeszked\u0151 term\u00e9ket.<\/p>\n<h3>Egyszer\u0171 rendel\u00e9s \u00e9s gyors sz\u00e1ll\u00edt\u00e1s<\/h3>\n<p>Rep\u00fcl\u0151g\u00e9ph\u00e1z csukl\u00f3p\u00e1nt rendel\u00e9se a k\u00f6vetkez\u0151 c\u00edmr\u0151l <strong>SX<\/strong> egyszer\u0171 \u00e9s hat\u00e9kony. Felhaszn\u00e1l\u00f3bar\u00e1t weboldalunk lehet\u0151v\u00e9 teszi, hogy k\u00f6nnyen b\u00f6ng\u00e9szhessen v\u00e1laszt\u00e9kunkban, \u00e9s n\u00e9h\u00e1ny kattint\u00e1ssal megrendelhesse. R\u00e1ad\u00e1sul b\u00fcszk\u00e9k vagyunk a gyors sz\u00e1ll\u00edt\u00e1sra, \u00edgy \u00d6n azonnal megkaphatja a zsan\u00e9rokat, \u00e9s visszat\u00e9rhet ahhoz, amihez a legjobban \u00e9rt.<\/p>\n<h3>K\u00f6vetkeztet\u00e9s<\/h3>\n<p>V\u00e1lassza ki a  c\u00edmet. <strong>SX<\/strong> a rep\u00fcl\u0151 tok zsan\u00e9rj\u00e1hoz, \u00e9s \u00e9lvezze a min\u0151s\u00e9g, a megfizethet\u0151s\u00e9g \u00e9s a k\u00e9nyelem t\u00f6k\u00e9letes kombin\u00e1ci\u00f3j\u00e1t. Az \u00fcgyfelek el\u00e9gedetts\u00e9ge ir\u00e1nti elk\u00f6telezetts\u00e9g\u00fcnk ide\u00e1lis partnerr\u00e9 tesz minket minden zsan\u00e9rig\u00e9nye kiel\u00e9g\u00edt\u00e9s\u00e9re.<\/p>\n<ol>\n<li>Kapcsolatfelv\u00e9tel most:<span style=\"color: #0000ff;\"><a style=\"color: #0000ff;\" href=\"https:\/\/sxpowercase.com\/contact-us\/\">https:\/\/sxpowercase.com\/<\/a><\/span><\/li>\n<li>Hardver term\u00e9kkatal\u00f3gus\uff1a<span style=\"color: #0000ff;\"><a style=\"color: #0000ff;\" href=\"https:\/\/sxpowercase.com\/wp-content\/uploads\/2024\/07\/\u4e94\u91d1.pdf\">Hardver tartoz\u00e9kok katal\u00f3gusa<\/a><\/span><\/li>\n<\/ol>","protected":false},"excerpt":{"rendered":"<div class=\"flex max-w-full flex-col flex-grow\">\n<div class=\"min-h-[20px] text-message flex w-full flex-col items-end gap-2 whitespace-normal break-words [.text-message+&amp;]:mt-5\" dir=\"auto\" data-message-author-role=\"assistant\" data-message-id=\"5a0f762f-b3da-4e73-8630-b5ec1058c8fc\">\n<div class=\"flex w-full flex-col gap-1 empty:hidden first:pt-[3px]\">\n<div class=\"markdown prose w-full break-words dark:prose-invert light\">\n<h3>SX: Your Source for Reliable Flight Case Hinges<\/h3>\n<p>At SX, we specialize in high-quality flight case hinges designed for durability and reliability, ensuring your equipment is safe during transport.<\/p>\n<h3>Factory Direct Pricing for Quality Hinges<\/h3>\n<p>Benefit from competitive factory direct pricing on all flight case hinges, allowing you to stay within budget without sacrificing quality.<\/p>\n<h3>Versatile Options for Every Need<\/h3>\n<p>Our diverse selection includes standard and heavy-duty hinges, catering to various applications to meet the specific needs of professionals across industries.<\/p>\n<\/div>\n<\/div>\n<\/div>\n<\/div>\n","protected":false},"featured_media":4495,"comment_status":"open","ping_status":"closed","template":"","meta":[],"product_brand":[],"product_cat":[67],"product_tag":[],"class_list":{"0":"post-4542","1":"product","2":"type-product","3":"status-publish","4":"has-post-thumbnail","6":"product_cat-hingesstays","8":"first","9":"instock","10":"shipping-taxable","11":"product-type-simple"},"yoast_head":"<!-- This site is optimized with the Yoast SEO Premium plugin v27.1 (Yoast SEO v27.2) - https:\/\/yoast.com\/product\/yoast-seo-premium-wordpress\/ -->\n<title>Flight Case Hinges HIC101 - https:\/\/sxflightcase.com \ud83d\udc97<\/title>\n<meta name=\"description\" content=\"Discover high-quality flight case hinges from SX at factory direct prices. Enjoy fast delivery and reliable quality for your equipment protection.\" \/>\n<meta name=\"robots\" content=\"index, follow, max-snippet:-1, max-image-preview:large, max-video-preview:-1\" \/>\n<link rel=\"canonical\" href=\"https:\/\/sxflightcase.com\/hu\/produk\/flight-case-hinges-hic101\/\" \/>\n<meta property=\"og:locale\" content=\"hu_HU\" \/>\n<meta property=\"og:type\" content=\"article\" \/>\n<meta property=\"og:title\" content=\"Flight Case Hinges HIC101\" \/>\n<meta property=\"og:description\" content=\"Discover high-quality flight case hinges from SX at factory direct prices. Enjoy fast delivery and reliable quality for your equipment protection.\" \/>\n<meta property=\"og:url\" content=\"https:\/\/sxflightcase.com\/hu\/produk\/flight-case-hinges-hic101\/\" \/>\n<meta property=\"og:site_name\" content=\"https:\/\/sxflightcase.com\" \/>\n<meta property=\"article:publisher\" content=\"https:\/\/www.facebook.com\/profile.php?id=61560407257971\" \/>\n<meta property=\"og:image\" content=\"https:\/\/sxflightcase.com\/wp-content\/uploads\/2024\/09\/HIC101.jpg\" \/>\n\t<meta property=\"og:image:width\" content=\"700\" \/>\n\t<meta property=\"og:image:height\" content=\"700\" \/>\n\t<meta property=\"og:image:type\" content=\"image\/jpeg\" \/>\n<meta name=\"twitter:card\" content=\"summary_large_image\" \/>\n<meta name=\"twitter:label1\" content=\"Becs\u00fclt olvas\u00e1si id\u0151\" \/>\n\t<meta name=\"twitter:data1\" content=\"2 perc\" \/>\n<script type=\"application\/ld+json\" class=\"yoast-schema-graph\">{\"@context\":\"https:\/\/schema.org\",\"@graph\":[{\"@type\":\"WebPage\",\"@id\":\"https:\/\/sxflightcase.com\/af\/produk\/flight-case-hinges-hic101\/\",\"url\":\"https:\/\/sxflightcase.com\/af\/produk\/flight-case-hinges-hic101\/\",\"name\":\"Flight Case Hinges HIC101 - https:\/\/sxflightcase.com \ud83d\udc97\",\"isPartOf\":{\"@id\":\"https:\/\/sxflightcase.com\/th\/#website\"},\"primaryImageOfPage\":{\"@id\":\"https:\/\/sxflightcase.com\/af\/produk\/flight-case-hinges-hic101\/#primaryimage\"},\"image\":{\"@id\":\"https:\/\/sxflightcase.com\/af\/produk\/flight-case-hinges-hic101\/#primaryimage\"},\"thumbnailUrl\":\"https:\/\/sxflightcase.com\/wp-content\/uploads\/2024\/09\/HIC101.jpg\",\"datePublished\":\"2024-09-24T06:44:19+00:00\",\"description\":\"Discover high-quality flight case hinges from SX at factory direct prices. Enjoy fast delivery and reliable quality for your equipment protection.\",\"breadcrumb\":{\"@id\":\"https:\/\/sxflightcase.com\/af\/produk\/flight-case-hinges-hic101\/#breadcrumb\"},\"inLanguage\":\"hu\",\"potentialAction\":[{\"@type\":\"ReadAction\",\"target\":[\"https:\/\/sxflightcase.com\/af\/produk\/flight-case-hinges-hic101\/\"]}]},{\"@type\":\"ImageObject\",\"inLanguage\":\"hu\",\"@id\":\"https:\/\/sxflightcase.com\/af\/produk\/flight-case-hinges-hic101\/#primaryimage\",\"url\":\"https:\/\/sxflightcase.com\/wp-content\/uploads\/2024\/09\/HIC101.jpg\",\"contentUrl\":\"https:\/\/sxflightcase.com\/wp-content\/uploads\/2024\/09\/HIC101.jpg\",\"width\":700,\"height\":700,\"caption\":\"Flight Case Hinges\"},{\"@type\":\"BreadcrumbList\",\"@id\":\"https:\/\/sxflightcase.com\/af\/produk\/flight-case-hinges-hic101\/#breadcrumb\",\"itemListElement\":[{\"@type\":\"ListItem\",\"position\":1,\"name\":\"Home\",\"item\":\"https:\/\/sxflightcase.com\/\"},{\"@type\":\"ListItem\",\"position\":2,\"name\":\"\u0e2a\u0e34\u0e19\u0e04\u0e49\u0e32\",\"item\":\"https:\/\/sxflightcase.com\/th\/shop\/\"},{\"@type\":\"ListItem\",\"position\":3,\"name\":\"Flight Case Hinges HIC101\"}]},{\"@type\":\"WebSite\",\"@id\":\"https:\/\/sxflightcase.com\/th\/#website\",\"url\":\"https:\/\/sxflightcase.com\/th\/\",\"name\":\"sxpowercase.com\",\"description\":\"Flight Case Factory\",\"publisher\":{\"@id\":\"https:\/\/sxflightcase.com\/th\/#organization\"},\"potentialAction\":[{\"@type\":\"SearchAction\",\"target\":{\"@type\":\"EntryPoint\",\"urlTemplate\":\"https:\/\/sxflightcase.com\/th\/?s={search_term_string}\"},\"query-input\":{\"@type\":\"PropertyValueSpecification\",\"valueRequired\":true,\"valueName\":\"search_term_string\"}}],\"inLanguage\":\"hu\"},{\"@type\":\"Organization\",\"@id\":\"https:\/\/sxflightcase.com\/th\/#organization\",\"name\":\"sxpowercase.com\",\"url\":\"https:\/\/sxflightcase.com\/th\/\",\"logo\":{\"@type\":\"ImageObject\",\"inLanguage\":\"hu\",\"@id\":\"https:\/\/sxflightcase.com\/th\/#\/schema\/logo\/image\/\",\"url\":\"https:\/\/sxflightcase.com\/wp-content\/uploads\/2024\/04\/1713919036007.jpg\",\"contentUrl\":\"https:\/\/sxflightcase.com\/wp-content\/uploads\/2024\/04\/1713919036007.jpg\",\"width\":382,\"height\":388,\"caption\":\"sxpowercase.com\"},\"image\":{\"@id\":\"https:\/\/sxflightcase.com\/th\/#\/schema\/logo\/image\/\"},\"sameAs\":[\"https:\/\/www.facebook.com\/profile.php?id=61560407257971\"],\"numberOfEmployees\":{\"@type\":\"QuantitativeValue\",\"minValue\":\"11\",\"maxValue\":\"50\"}}]}<\/script>\n<!-- \/ Yoast SEO Premium plugin. -->","yoast_head_json":{"title":"Flight Case Hinges HIC101 - https:\/\/sxflightcase.com \ud83d\udc97","description":"Fedezze fel az SX kiv\u00e1l\u00f3 min\u0151s\u00e9g\u0171 rep\u00fcl\u0151 tok zsan\u00e9rokat gy\u00e1ri k\u00f6zvetlen \u00e1ron. \u00c9lvezze a gyors sz\u00e1ll\u00edt\u00e1st \u00e9s a megb\u00edzhat\u00f3 min\u0151s\u00e9get a berendez\u00e9sek v\u00e9delme \u00e9rdek\u00e9ben.","robots":{"index":"index","follow":"follow","max-snippet":"max-snippet:-1","max-image-preview":"max-image-preview:large","max-video-preview":"max-video-preview:-1"},"canonical":"https:\/\/sxflightcase.com\/hu\/produk\/flight-case-hinges-hic101\/","og_locale":"hu_HU","og_type":"article","og_title":"Flight Case Hinges HIC101","og_description":"Discover high-quality flight case hinges from SX at factory direct prices. Enjoy fast delivery and reliable quality for your equipment protection.","og_url":"https:\/\/sxflightcase.com\/hu\/produk\/flight-case-hinges-hic101\/","og_site_name":"https:\/\/sxflightcase.com","article_publisher":"https:\/\/www.facebook.com\/profile.php?id=61560407257971","og_image":[{"width":700,"height":700,"url":"https:\/\/sxflightcase.com\/wp-content\/uploads\/2024\/09\/HIC101.jpg","type":"image\/jpeg"}],"twitter_card":"summary_large_image","twitter_misc":{"Becs\u00fclt olvas\u00e1si id\u0151":"2 perc"},"schema":{"@context":"https:\/\/schema.org","@graph":[{"@type":"WebPage","@id":"https:\/\/sxflightcase.com\/af\/produk\/flight-case-hinges-hic101\/","url":"https:\/\/sxflightcase.com\/af\/produk\/flight-case-hinges-hic101\/","name":"Flight Case Hinges HIC101 - https:\/\/sxflightcase.com \ud83d\udc97","isPartOf":{"@id":"https:\/\/sxflightcase.com\/th\/#website"},"primaryImageOfPage":{"@id":"https:\/\/sxflightcase.com\/af\/produk\/flight-case-hinges-hic101\/#primaryimage"},"image":{"@id":"https:\/\/sxflightcase.com\/af\/produk\/flight-case-hinges-hic101\/#primaryimage"},"thumbnailUrl":"https:\/\/sxflightcase.com\/wp-content\/uploads\/2024\/09\/HIC101.jpg","datePublished":"2024-09-24T06:44:19+00:00","description":"Fedezze fel az SX kiv\u00e1l\u00f3 min\u0151s\u00e9g\u0171 rep\u00fcl\u0151 tok zsan\u00e9rokat gy\u00e1ri k\u00f6zvetlen \u00e1ron. \u00c9lvezze a gyors sz\u00e1ll\u00edt\u00e1st \u00e9s a megb\u00edzhat\u00f3 min\u0151s\u00e9get a berendez\u00e9sek v\u00e9delme \u00e9rdek\u00e9ben.","breadcrumb":{"@id":"https:\/\/sxflightcase.com\/af\/produk\/flight-case-hinges-hic101\/#breadcrumb"},"inLanguage":"hu","potentialAction":[{"@type":"ReadAction","target":["https:\/\/sxflightcase.com\/af\/produk\/flight-case-hinges-hic101\/"]}]},{"@type":"ImageObject","inLanguage":"hu","@id":"https:\/\/sxflightcase.com\/af\/produk\/flight-case-hinges-hic101\/#primaryimage","url":"https:\/\/sxflightcase.com\/wp-content\/uploads\/2024\/09\/HIC101.jpg","contentUrl":"https:\/\/sxflightcase.com\/wp-content\/uploads\/2024\/09\/HIC101.jpg","width":700,"height":700,"caption":"Flight Case Hinges"},{"@type":"BreadcrumbList","@id":"https:\/\/sxflightcase.com\/af\/produk\/flight-case-hinges-hic101\/#breadcrumb","itemListElement":[{"@type":"ListItem","position":1,"name":"Home","item":"https:\/\/sxflightcase.com\/"},{"@type":"ListItem","position":2,"name":"\u0e2a\u0e34\u0e19\u0e04\u0e49\u0e32","item":"https:\/\/sxflightcase.com\/th\/shop\/"},{"@type":"ListItem","position":3,"name":"Flight Case Hinges HIC101"}]},{"@type":"WebSite","@id":"https:\/\/sxflightcase.com\/th\/#website","url":"https:\/\/sxflightcase.com\/th\/","name":"sxpowercase.com","description":"Flight Case Factory","publisher":{"@id":"https:\/\/sxflightcase.com\/th\/#organization"},"potentialAction":[{"@type":"SearchAction","target":{"@type":"EntryPoint","urlTemplate":"https:\/\/sxflightcase.com\/th\/?s={search_term_string}"},"query-input":{"@type":"PropertyValueSpecification","valueRequired":true,"valueName":"search_term_string"}}],"inLanguage":"hu"},{"@type":"Organization","@id":"https:\/\/sxflightcase.com\/th\/#organization","name":"sxpowercase.com","url":"https:\/\/sxflightcase.com\/th\/","logo":{"@type":"ImageObject","inLanguage":"hu","@id":"https:\/\/sxflightcase.com\/th\/#\/schema\/logo\/image\/","url":"https:\/\/sxflightcase.com\/wp-content\/uploads\/2024\/04\/1713919036007.jpg","contentUrl":"https:\/\/sxflightcase.com\/wp-content\/uploads\/2024\/04\/1713919036007.jpg","width":382,"height":388,"caption":"sxpowercase.com"},"image":{"@id":"https:\/\/sxflightcase.com\/th\/#\/schema\/logo\/image\/"},"sameAs":["https:\/\/www.facebook.com\/profile.php?id=61560407257971"],"numberOfEmployees":{"@type":"QuantitativeValue","minValue":"11","maxValue":"50"}}]}},"_links":{"self":[{"href":"https:\/\/sxflightcase.com\/hu\/wp-json\/wp\/v2\/product\/4542","targetHints":{"allow":["GET"]}}],"collection":[{"href":"https:\/\/sxflightcase.com\/hu\/wp-json\/wp\/v2\/product"}],"about":[{"href":"https:\/\/sxflightcase.com\/hu\/wp-json\/wp\/v2\/types\/product"}],"replies":[{"embeddable":true,"href":"https:\/\/sxflightcase.com\/hu\/wp-json\/wp\/v2\/comments?post=4542"}],"version-history":[{"count":0,"href":"https:\/\/sxflightcase.com\/hu\/wp-json\/wp\/v2\/product\/4542\/revisions"}],"wp:featuredmedia":[{"embeddable":true,"href":"https:\/\/sxflightcase.com\/hu\/wp-json\/wp\/v2\/media\/4495"}],"wp:attachment":[{"href":"https:\/\/sxflightcase.com\/hu\/wp-json\/wp\/v2\/media?parent=4542"}],"wp:term":[{"taxonomy":"product_brand","embeddable":true,"href":"https:\/\/sxflightcase.com\/hu\/wp-json\/wp\/v2\/product_brand?post=4542"},{"taxonomy":"product_cat","embeddable":true,"href":"https:\/\/sxflightcase.com\/hu\/wp-json\/wp\/v2\/product_cat?post=4542"},{"taxonomy":"product_tag","embeddable":true,"href":"https:\/\/sxflightcase.com\/hu\/wp-json\/wp\/v2\/product_tag?post=4542"}],"curies":[{"name":"wp","href":"https:\/\/api.w.org\/{rel}","templated":true}]}}