{"id":4543,"date":"2024-09-24T07:46:22","date_gmt":"2024-09-24T06:46:22","guid":{"rendered":"https:\/\/sxpowercase.com\/?post_type=product&#038;p=4543"},"modified":"2024-09-24T07:46:23","modified_gmt":"2024-09-24T06:46:23","slug":"flight-case-hinges-hic102","status":"publish","type":"product","link":"https:\/\/sxflightcase.com\/hu\/termek\/hic102-zsanerok\/","title":{"rendered":"Flight Case zsan\u00e9rok HIC102"},"content":{"rendered":"<h3>Fedezze fel az SX tart\u00f3s rep\u00fcl\u0151 tok zsan\u00e9rokat<\/h3>\n<p>Amikor a felszerel\u00e9s v\u00e9delm\u00e9r\u0151l van sz\u00f3, a megfelel\u0151 <a href=\"https:\/\/sxpowercase.com\/product\/flight-case-hinges-hic101\/\">rep\u00fcl\u0151t\u00e1ska zsan\u00e9rok<\/a> mindent megv\u00e1ltoztathat. A <strong>SX<\/strong>, cs\u00facsmin\u0151s\u00e9g\u0171 rep\u00fcl\u0151 tok zsan\u00e9rokat k\u00edn\u00e1lunk, amelyeket az er\u0151ss\u00e9g \u00e9s a hossz\u00fa \u00e9lettartam \u00e9rdek\u00e9ben terveztek. A zsan\u00e9rjaink biztos\u00edtj\u00e1k, hogy felszerel\u00e9se biztons\u00e1gban maradjon sz\u00e1ll\u00edt\u00e1s k\u00f6zben, \u00edgy \u00d6n b\u00e1rhov\u00e1 is megy, magabiztos lehet.<\/p>\n<h3>Megfizethet\u0151 \u00e1rak egyenesen a gy\u00e1rb\u00f3l<\/h3>\n<p><strong><a href=\"https:\/\/sxpowercase.com\/\" target=\"_blank\" rel=\"noopener\" title=\"SX\" data-wpil-monitor-id=\"778\">SX<\/a><\/strong> b\u00fcszk\u00e9n k\u00edn\u00e1l <strong>gy\u00e1ri k\u00f6zvetlen \u00e1rk\u00e9pz\u00e9s<\/strong> az \u00f6sszes rep\u00fcl\u0151t\u00e1sk\u00e1nk zsan\u00e9rj\u00e1n. A k\u00f6zvet\u00edt\u0151k kik\u00fcsz\u00f6b\u00f6l\u00e9s\u00e9vel a megtakar\u00edt\u00e1sokat k\u00f6zvetlen\u00fcl az \u00d6n sz\u00e1m\u00e1ra biztos\u00edtjuk. Versenyk\u00e9pes \u00e1raink lehet\u0151v\u00e9 teszik, hogy a min\u0151s\u00e9gbe fektessen an\u00e9lk\u00fcl, hogy t\u00fall\u00e9pn\u00e9 a k\u00f6lts\u00e9gvet\u00e9s\u00e9t, \u00edgy a szakemberek sz\u00e1m\u00e1ra mi vagyunk az okos v\u00e1laszt\u00e1s.<\/p>\n<h3>P\u00e1ratlan min\u0151s\u00e9gbiztos\u00edt\u00e1s<\/h3>\n<p>A min\u0151s\u00e9g \u00e1ll minden tev\u00e9kenys\u00e9g\u00fcnk k\u00f6z\u00e9ppontj\u00e1ban. <strong>SX<\/strong>. Minden egyes rep\u00fcl\u0151t\u00e1ska zsan\u00e9runk szigor\u00fa min\u0151s\u00e9gellen\u0151rz\u00e9si folyamaton megy kereszt\u00fcl, hogy biztos\u00edtsa az ipari szabv\u00e1nyoknak val\u00f3 megfelel\u00e9s\u00fcket. A mi zsan\u00e9rjainkkal biztos lehet a megb\u00edzhat\u00f3s\u00e1gban \u00e9s tart\u00f3ss\u00e1gban, \u00edgy felszerel\u00e9se minden utaz\u00e1s sor\u00e1n biztons\u00e1gban marad.<\/p>\n<h3>Sz\u00e1mos lehet\u0151s\u00e9g az \u00d6n ig\u00e9nyeinek megfelel\u0151en<\/h3>\n<p>Ak\u00e1r szabv\u00e1nyos, ak\u00e1r nagy teherb\u00edr\u00e1s\u00fa rep\u00fcl\u0151 tokcsukl\u00f3t keres, <strong>SX<\/strong> a lehet\u0151s\u00e9gek sz\u00e9les sk\u00e1l\u00e1ja k\u00f6z\u00fcl v\u00e1laszthat. Kiterjedt v\u00e1laszt\u00e9kunk a k\u00fcl\u00f6nb\u00f6z\u0151 alkalmaz\u00e1sokhoz igazodik, \u00edgy biztos\u00edtva, hogy megtal\u00e1lja a t\u00f6k\u00e9letes zsan\u00e9rt az \u00d6n egyedi ig\u00e9nyeihez. Term\u00e9keinket \u00fagy \u00e9p\u00edtj\u00fck, hogy tart\u00f3sak legyenek, f\u00fcggetlen\u00fcl a kih\u00edv\u00e1st\u00f3l.<\/p>\n<h3>Egyszer\u0171 rendel\u00e9s \u00e9s gyors sz\u00e1ll\u00edt\u00e1s<\/h3>\n<p>Rep\u00fcl\u0151g\u00e9ph\u00e1z csukl\u00f3p\u00e1nt rendel\u00e9se a k\u00f6vetkez\u0151 c\u00edmr\u0151l <strong>SX<\/strong> egyszer\u0171 \u00e9s hat\u00e9kony. Weboldalunkat \u00fagy tervezt\u00fck, hogy z\u00f6kken\u0151mentes v\u00e1s\u00e1rl\u00e1si \u00e9lm\u00e9nyt ny\u00fajtson, \u00edgy \u00d6n k\u00f6nnyed\u00e9n b\u00f6ng\u00e9szhet \u00e9s megv\u00e1s\u00e1rolhatja a sz\u00fcks\u00e9ges term\u00e9keket. R\u00e1ad\u00e1sul gyors sz\u00e1ll\u00edt\u00e1st biztos\u00edtunk, \u00edgy a megrendel\u00e9se azonnal meg\u00e9rkezik, lehet\u0151v\u00e9 t\u00e9ve, hogy a tervezett \u00fctemterv szerint haladjon.<\/p>\n<h3>K\u00f6vetkeztet\u00e9s<\/h3>\n<p>Megb\u00edzhat\u00f3 rep\u00fcl\u00e9si tok csukl\u00f3hoz v\u00e1lasszon <strong>SX<\/strong>. A min\u0151s\u00e9g, a megfizethet\u0151s\u00e9g \u00e9s a k\u00e9nyelem t\u00f6k\u00e9letes kever\u00e9k\u00e9t k\u00edn\u00e1ljuk, \u00edgy minden csukl\u00f3p\u00e1nt sz\u00fcks\u00e9glet\u00e9t kiel\u00e9g\u00edtj\u00fck.<\/p>\n<ol>\n<li>Kapcsolatfelv\u00e9tel most:<span style=\"color: #0000ff;\"><a style=\"color: #0000ff;\" href=\"https:\/\/sxpowercase.com\/contact-us\/\">https:\/\/sxpowercase.com\/<\/a><\/span><\/li>\n<li>Hardver term\u00e9kkatal\u00f3gus\uff1a<span style=\"color: #0000ff;\"><a style=\"color: #0000ff;\" href=\"https:\/\/sxpowercase.com\/wp-content\/uploads\/2024\/07\/\u4e94\u91d1.pdf\">Hardver tartoz\u00e9kok katal\u00f3gusa<\/a><\/span><\/li>\n<\/ol>","protected":false},"excerpt":{"rendered":"<div class=\"flex max-w-full flex-col flex-grow\">\n<div class=\"min-h-[20px] text-message flex w-full flex-col items-end gap-2 whitespace-normal break-words [.text-message+&amp;]:mt-5\" dir=\"auto\" data-message-author-role=\"assistant\" data-message-id=\"5a0f762f-b3da-4e73-8630-b5ec1058c8fc\">\n<div class=\"flex w-full flex-col gap-1 empty:hidden first:pt-[3px]\">\n<div class=\"markdown prose w-full break-words dark:prose-invert light\">\n<h3>SX: Your Source for Reliable Flight Case Hinges<\/h3>\n<p>At SX, we specialize in high-quality flight case hinges designed for durability and reliability, ensuring your equipment is safe during transport.<\/p>\n<h3>Factory Direct Pricing for Quality Hinges<\/h3>\n<p>Benefit from competitive factory direct pricing on all flight case hinges, allowing you to stay within budget without sacrificing quality.<\/p>\n<h3>Versatile Options for Every Need<\/h3>\n<p>Our diverse selection includes standard and heavy-duty hinges, catering to various applications to meet the specific needs of professionals across industries.<\/p>\n<\/div>\n<\/div>\n<\/div>\n<\/div>\n","protected":false},"featured_media":4496,"comment_status":"open","ping_status":"closed","template":"","meta":[],"product_brand":[],"product_cat":[67],"product_tag":[],"class_list":{"0":"post-4543","1":"product","2":"type-product","3":"status-publish","4":"has-post-thumbnail","6":"product_cat-hingesstays","8":"first","9":"instock","10":"shipping-taxable","11":"product-type-simple"},"yoast_head":"<!-- This site is optimized with the Yoast SEO Premium plugin v27.1 (Yoast SEO v27.2) - https:\/\/yoast.com\/product\/yoast-seo-premium-wordpress\/ -->\n<title>Flight Case Hinges HIC102 - https:\/\/sxflightcase.com \ud83d\udc97<\/title>\n<meta name=\"description\" content=\"Shop SX for durable flight case hinges at factory direct prices. Enjoy quick shipping and quality assurance for all your equipment protection needs.\" \/>\n<meta name=\"robots\" content=\"index, follow, max-snippet:-1, max-image-preview:large, max-video-preview:-1\" \/>\n<link rel=\"canonical\" href=\"https:\/\/sxflightcase.com\/hu\/san-pham\/flight-case-hinges-hic102\/\" \/>\n<meta property=\"og:locale\" content=\"hu_HU\" \/>\n<meta property=\"og:type\" content=\"article\" \/>\n<meta property=\"og:title\" content=\"Flight Case Hinges HIC102\" \/>\n<meta property=\"og:description\" content=\"Shop SX for durable flight case hinges at factory direct prices. Enjoy quick shipping and quality assurance for all your equipment protection needs.\" \/>\n<meta property=\"og:url\" content=\"https:\/\/sxflightcase.com\/hu\/san-pham\/flight-case-hinges-hic102\/\" \/>\n<meta property=\"og:site_name\" content=\"https:\/\/sxflightcase.com\" \/>\n<meta property=\"article:publisher\" content=\"https:\/\/www.facebook.com\/profile.php?id=61560407257971\" \/>\n<meta property=\"article:modified_time\" content=\"2024-09-24T06:46:23+00:00\" \/>\n<meta property=\"og:image\" content=\"https:\/\/sxflightcase.com\/wp-content\/uploads\/2024\/09\/HIC102.jpg\" \/>\n\t<meta property=\"og:image:width\" content=\"700\" \/>\n\t<meta property=\"og:image:height\" content=\"700\" \/>\n\t<meta property=\"og:image:type\" content=\"image\/jpeg\" \/>\n<meta name=\"twitter:card\" content=\"summary_large_image\" \/>\n<meta name=\"twitter:label1\" content=\"Becs\u00fclt olvas\u00e1si id\u0151\" \/>\n\t<meta name=\"twitter:data1\" content=\"2 perc\" \/>\n<script type=\"application\/ld+json\" class=\"yoast-schema-graph\">{\"@context\":\"https:\/\/schema.org\",\"@graph\":[{\"@type\":\"WebPage\",\"@id\":\"https:\/\/sxflightcase.com\/vi\/san-pham\/flight-case-hinges-hic102\/\",\"url\":\"https:\/\/sxflightcase.com\/vi\/san-pham\/flight-case-hinges-hic102\/\",\"name\":\"Flight Case Hinges HIC102 - https:\/\/sxflightcase.com \ud83d\udc97\",\"isPartOf\":{\"@id\":\"https:\/\/sxflightcase.com\/th\/#website\"},\"primaryImageOfPage\":{\"@id\":\"https:\/\/sxflightcase.com\/vi\/san-pham\/flight-case-hinges-hic102\/#primaryimage\"},\"image\":{\"@id\":\"https:\/\/sxflightcase.com\/vi\/san-pham\/flight-case-hinges-hic102\/#primaryimage\"},\"thumbnailUrl\":\"https:\/\/sxflightcase.com\/wp-content\/uploads\/2024\/09\/HIC102.jpg\",\"datePublished\":\"2024-09-24T06:46:22+00:00\",\"dateModified\":\"2024-09-24T06:46:23+00:00\",\"description\":\"Shop SX for durable flight case hinges at factory direct prices. Enjoy quick shipping and quality assurance for all your equipment protection needs.\",\"breadcrumb\":{\"@id\":\"https:\/\/sxflightcase.com\/vi\/san-pham\/flight-case-hinges-hic102\/#breadcrumb\"},\"inLanguage\":\"hu\",\"potentialAction\":[{\"@type\":\"ReadAction\",\"target\":[\"https:\/\/sxflightcase.com\/vi\/san-pham\/flight-case-hinges-hic102\/\"]}]},{\"@type\":\"ImageObject\",\"inLanguage\":\"hu\",\"@id\":\"https:\/\/sxflightcase.com\/vi\/san-pham\/flight-case-hinges-hic102\/#primaryimage\",\"url\":\"https:\/\/sxflightcase.com\/wp-content\/uploads\/2024\/09\/HIC102.jpg\",\"contentUrl\":\"https:\/\/sxflightcase.com\/wp-content\/uploads\/2024\/09\/HIC102.jpg\",\"width\":700,\"height\":700,\"caption\":\"Flight Case Hinges\"},{\"@type\":\"BreadcrumbList\",\"@id\":\"https:\/\/sxflightcase.com\/vi\/san-pham\/flight-case-hinges-hic102\/#breadcrumb\",\"itemListElement\":[{\"@type\":\"ListItem\",\"position\":1,\"name\":\"Home\",\"item\":\"https:\/\/sxflightcase.com\/\"},{\"@type\":\"ListItem\",\"position\":2,\"name\":\"\u0e2a\u0e34\u0e19\u0e04\u0e49\u0e32\",\"item\":\"https:\/\/sxflightcase.com\/th\/shop\/\"},{\"@type\":\"ListItem\",\"position\":3,\"name\":\"Flight Case Hinges HIC102\"}]},{\"@type\":\"WebSite\",\"@id\":\"https:\/\/sxflightcase.com\/th\/#website\",\"url\":\"https:\/\/sxflightcase.com\/th\/\",\"name\":\"sxpowercase.com\",\"description\":\"Flight Case Factory\",\"publisher\":{\"@id\":\"https:\/\/sxflightcase.com\/th\/#organization\"},\"potentialAction\":[{\"@type\":\"SearchAction\",\"target\":{\"@type\":\"EntryPoint\",\"urlTemplate\":\"https:\/\/sxflightcase.com\/th\/?s={search_term_string}\"},\"query-input\":{\"@type\":\"PropertyValueSpecification\",\"valueRequired\":true,\"valueName\":\"search_term_string\"}}],\"inLanguage\":\"hu\"},{\"@type\":\"Organization\",\"@id\":\"https:\/\/sxflightcase.com\/th\/#organization\",\"name\":\"sxpowercase.com\",\"url\":\"https:\/\/sxflightcase.com\/th\/\",\"logo\":{\"@type\":\"ImageObject\",\"inLanguage\":\"hu\",\"@id\":\"https:\/\/sxflightcase.com\/th\/#\/schema\/logo\/image\/\",\"url\":\"https:\/\/sxflightcase.com\/wp-content\/uploads\/2024\/04\/1713919036007.jpg\",\"contentUrl\":\"https:\/\/sxflightcase.com\/wp-content\/uploads\/2024\/04\/1713919036007.jpg\",\"width\":382,\"height\":388,\"caption\":\"sxpowercase.com\"},\"image\":{\"@id\":\"https:\/\/sxflightcase.com\/th\/#\/schema\/logo\/image\/\"},\"sameAs\":[\"https:\/\/www.facebook.com\/profile.php?id=61560407257971\"],\"numberOfEmployees\":{\"@type\":\"QuantitativeValue\",\"minValue\":\"11\",\"maxValue\":\"50\"}}]}<\/script>\n<!-- \/ Yoast SEO Premium plugin. -->","yoast_head_json":{"title":"Flight Case Hinges HIC102 - https:\/\/sxflightcase.com \ud83d\udc97","description":"V\u00e1s\u00e1roljon az SX boltban tart\u00f3s rep\u00fcl\u0151g\u00e9p tok zsan\u00e9rokat k\u00f6zvetlen gy\u00e1ri \u00e1ron. \u00c9lvezze a gyors sz\u00e1ll\u00edt\u00e1st \u00e9s a min\u0151s\u00e9gbiztos\u00edt\u00e1st minden eszk\u00f6zv\u00e9delmi ig\u00e9nye eset\u00e9n.","robots":{"index":"index","follow":"follow","max-snippet":"max-snippet:-1","max-image-preview":"max-image-preview:large","max-video-preview":"max-video-preview:-1"},"canonical":"https:\/\/sxflightcase.com\/hu\/san-pham\/flight-case-hinges-hic102\/","og_locale":"hu_HU","og_type":"article","og_title":"Flight Case Hinges HIC102","og_description":"Shop SX for durable flight case hinges at factory direct prices. Enjoy quick shipping and quality assurance for all your equipment protection needs.","og_url":"https:\/\/sxflightcase.com\/hu\/san-pham\/flight-case-hinges-hic102\/","og_site_name":"https:\/\/sxflightcase.com","article_publisher":"https:\/\/www.facebook.com\/profile.php?id=61560407257971","article_modified_time":"2024-09-24T06:46:23+00:00","og_image":[{"width":700,"height":700,"url":"https:\/\/sxflightcase.com\/wp-content\/uploads\/2024\/09\/HIC102.jpg","type":"image\/jpeg"}],"twitter_card":"summary_large_image","twitter_misc":{"Becs\u00fclt olvas\u00e1si id\u0151":"2 perc"},"schema":{"@context":"https:\/\/schema.org","@graph":[{"@type":"WebPage","@id":"https:\/\/sxflightcase.com\/vi\/san-pham\/flight-case-hinges-hic102\/","url":"https:\/\/sxflightcase.com\/vi\/san-pham\/flight-case-hinges-hic102\/","name":"Flight Case Hinges HIC102 - https:\/\/sxflightcase.com \ud83d\udc97","isPartOf":{"@id":"https:\/\/sxflightcase.com\/th\/#website"},"primaryImageOfPage":{"@id":"https:\/\/sxflightcase.com\/vi\/san-pham\/flight-case-hinges-hic102\/#primaryimage"},"image":{"@id":"https:\/\/sxflightcase.com\/vi\/san-pham\/flight-case-hinges-hic102\/#primaryimage"},"thumbnailUrl":"https:\/\/sxflightcase.com\/wp-content\/uploads\/2024\/09\/HIC102.jpg","datePublished":"2024-09-24T06:46:22+00:00","dateModified":"2024-09-24T06:46:23+00:00","description":"V\u00e1s\u00e1roljon az SX boltban tart\u00f3s rep\u00fcl\u0151g\u00e9p tok zsan\u00e9rokat k\u00f6zvetlen gy\u00e1ri \u00e1ron. \u00c9lvezze a gyors sz\u00e1ll\u00edt\u00e1st \u00e9s a min\u0151s\u00e9gbiztos\u00edt\u00e1st minden eszk\u00f6zv\u00e9delmi ig\u00e9nye eset\u00e9n.","breadcrumb":{"@id":"https:\/\/sxflightcase.com\/vi\/san-pham\/flight-case-hinges-hic102\/#breadcrumb"},"inLanguage":"hu","potentialAction":[{"@type":"ReadAction","target":["https:\/\/sxflightcase.com\/vi\/san-pham\/flight-case-hinges-hic102\/"]}]},{"@type":"ImageObject","inLanguage":"hu","@id":"https:\/\/sxflightcase.com\/vi\/san-pham\/flight-case-hinges-hic102\/#primaryimage","url":"https:\/\/sxflightcase.com\/wp-content\/uploads\/2024\/09\/HIC102.jpg","contentUrl":"https:\/\/sxflightcase.com\/wp-content\/uploads\/2024\/09\/HIC102.jpg","width":700,"height":700,"caption":"Flight Case Hinges"},{"@type":"BreadcrumbList","@id":"https:\/\/sxflightcase.com\/vi\/san-pham\/flight-case-hinges-hic102\/#breadcrumb","itemListElement":[{"@type":"ListItem","position":1,"name":"Home","item":"https:\/\/sxflightcase.com\/"},{"@type":"ListItem","position":2,"name":"\u0e2a\u0e34\u0e19\u0e04\u0e49\u0e32","item":"https:\/\/sxflightcase.com\/th\/shop\/"},{"@type":"ListItem","position":3,"name":"Flight Case Hinges HIC102"}]},{"@type":"WebSite","@id":"https:\/\/sxflightcase.com\/th\/#website","url":"https:\/\/sxflightcase.com\/th\/","name":"sxpowercase.com","description":"Flight Case Factory","publisher":{"@id":"https:\/\/sxflightcase.com\/th\/#organization"},"potentialAction":[{"@type":"SearchAction","target":{"@type":"EntryPoint","urlTemplate":"https:\/\/sxflightcase.com\/th\/?s={search_term_string}"},"query-input":{"@type":"PropertyValueSpecification","valueRequired":true,"valueName":"search_term_string"}}],"inLanguage":"hu"},{"@type":"Organization","@id":"https:\/\/sxflightcase.com\/th\/#organization","name":"sxpowercase.com","url":"https:\/\/sxflightcase.com\/th\/","logo":{"@type":"ImageObject","inLanguage":"hu","@id":"https:\/\/sxflightcase.com\/th\/#\/schema\/logo\/image\/","url":"https:\/\/sxflightcase.com\/wp-content\/uploads\/2024\/04\/1713919036007.jpg","contentUrl":"https:\/\/sxflightcase.com\/wp-content\/uploads\/2024\/04\/1713919036007.jpg","width":382,"height":388,"caption":"sxpowercase.com"},"image":{"@id":"https:\/\/sxflightcase.com\/th\/#\/schema\/logo\/image\/"},"sameAs":["https:\/\/www.facebook.com\/profile.php?id=61560407257971"],"numberOfEmployees":{"@type":"QuantitativeValue","minValue":"11","maxValue":"50"}}]}},"_links":{"self":[{"href":"https:\/\/sxflightcase.com\/hu\/wp-json\/wp\/v2\/product\/4543","targetHints":{"allow":["GET"]}}],"collection":[{"href":"https:\/\/sxflightcase.com\/hu\/wp-json\/wp\/v2\/product"}],"about":[{"href":"https:\/\/sxflightcase.com\/hu\/wp-json\/wp\/v2\/types\/product"}],"replies":[{"embeddable":true,"href":"https:\/\/sxflightcase.com\/hu\/wp-json\/wp\/v2\/comments?post=4543"}],"version-history":[{"count":0,"href":"https:\/\/sxflightcase.com\/hu\/wp-json\/wp\/v2\/product\/4543\/revisions"}],"wp:featuredmedia":[{"embeddable":true,"href":"https:\/\/sxflightcase.com\/hu\/wp-json\/wp\/v2\/media\/4496"}],"wp:attachment":[{"href":"https:\/\/sxflightcase.com\/hu\/wp-json\/wp\/v2\/media?parent=4543"}],"wp:term":[{"taxonomy":"product_brand","embeddable":true,"href":"https:\/\/sxflightcase.com\/hu\/wp-json\/wp\/v2\/product_brand?post=4543"},{"taxonomy":"product_cat","embeddable":true,"href":"https:\/\/sxflightcase.com\/hu\/wp-json\/wp\/v2\/product_cat?post=4543"},{"taxonomy":"product_tag","embeddable":true,"href":"https:\/\/sxflightcase.com\/hu\/wp-json\/wp\/v2\/product_tag?post=4543"}],"curies":[{"name":"wp","href":"https:\/\/api.w.org\/{rel}","templated":true}]}}