{"id":4550,"date":"2024-09-25T07:20:51","date_gmt":"2024-09-25T06:20:51","guid":{"rendered":"https:\/\/sxpowercase.com\/?post_type=product&#038;p=4550"},"modified":"2024-09-25T07:20:52","modified_gmt":"2024-09-25T06:20:52","slug":"door-hinges-supplier-sta301","status":"publish","type":"product","link":"https:\/\/sxflightcase.com\/hu\/termek\/ajtopantok-szallito-sta301\/","title":{"rendered":"Ajt\u00f3p\u00e1ntok sz\u00e1ll\u00edt\u00f3 STA301"},"content":{"rendered":"<h3>SX: A megb\u00edzhat\u00f3 <strong>Ajt\u00f3 zsan\u00e9rok sz\u00e1ll\u00edt\u00f3ja<\/strong><\/h3>\n<p>Amikor egy megb\u00edzhat\u00f3 <a href=\"https:\/\/sxpowercase.com\/product\/door-hinges-supplier-sta201\/\"><strong>ajt\u00f3p\u00e1ntok sz\u00e1ll\u00edt\u00f3<\/strong><\/a>, az SX pr\u00e9mium v\u00e1laszt\u00e9kot k\u00edn\u00e1l, amely biztos\u00edtja a kiv\u00e1l\u00f3 min\u0151s\u00e9get \u00e9s a versenyk\u00e9pes \u00e1rakat. P\u00e1ntjainkat a tart\u00f3ss\u00e1g szem el\u0151tt tart\u00e1s\u00e1val k\u00e9sz\u00edtett\u00fck, \u00edgy hossz\u00fa \u00e9lettartam\u00fa megold\u00e1st ny\u00fajtanak mind a lakoss\u00e1gi, mind a kereskedelmi ig\u00e9nyek kiel\u00e9g\u00edt\u00e9s\u00e9re. Az SX-n\u00e9l meg\u00e9rtj\u00fck a gy\u00e1ri k\u00f6zvetlen \u00e1rk\u00e9pz\u00e9s fontoss\u00e1g\u00e1t, ami lehet\u0151v\u00e9 teszi sz\u00e1munkra, hogy megfizethet\u0151 term\u00e9keket k\u00edn\u00e1ljunk a min\u0151s\u00e9g fel\u00e1ldoz\u00e1sa n\u00e9lk\u00fcl.<\/p>\n<h3>Min\u0151s\u00e9g, amire sz\u00e1m\u00edthat<\/h3>\n<p>A  c\u00edmen. <a href=\"https:\/\/sxpowercase.com\/\" target=\"_blank\" rel=\"noopener\" title=\"SX\" data-wpil-monitor-id=\"782\">SX<\/a>, hisz\u00fcnk abban, hogy csak a legjobbat sz\u00e1ll\u00edtjuk. A <strong>ajt\u00f3p\u00e1ntok<\/strong> a legmagasabb sz\u00ednvonalon k\u00e9sz\u00fclnek, biztos\u00edtva, hogy ellen\u00e1lljanak a mindennapi ig\u00e9nybev\u00e9telnek. Ak\u00e1r v\u00e1llalkoz\u00f3, ak\u00e1r bark\u00e1csol\u00f3, \u00e9rt\u00e9kelni fogja a r\u00e9szletekre ford\u00edtott figyelm\u00fcnket \u00e9s zsan\u00e9rjaink kiv\u00e1l\u00f3 teljes\u00edtm\u00e9ny\u00e9t. <strong>Gy\u00e1ri k\u00f6zvetlen \u00e1rak<\/strong> lehet\u0151v\u00e9 teszi, hogy ezeket a kiv\u00e1l\u00f3 min\u0151s\u00e9g\u0171 term\u00e9keket megfizethet\u0151 \u00e1ron szerezze be, \u00edgy biztos\u00edtva, hogy a lehet\u0151 legjobb \u00fczletet kapja.<\/p>\n<h3>\u00c1tfog\u00f3 term\u00e9kv\u00e1laszt\u00e9k<\/h3>\n<p>Mint vezet\u0151 <strong>ajt\u00f3p\u00e1ntok sz\u00e1ll\u00edt\u00f3<\/strong>, a k\u00fcl\u00f6nb\u00f6z\u0151 alkalmaz\u00e1soknak megfelel\u0151 zsan\u00e9rt\u00edpusok sz\u00e9les v\u00e1laszt\u00e9k\u00e1t tartjuk rakt\u00e1ron. Ak\u00e1r egyszer\u0171bb kialak\u00edt\u00e1sokra, ak\u00e1r speci\u00e1lisabb term\u00e9kekre van sz\u00fcks\u00e9ge, az SX gondoskodik r\u00f3la. A gy\u00e1rt\u00e1s ter\u00e9n szerzett t\u00f6bb\u00e9ves tapasztalatunkkal garant\u00e1ljuk, hogy minden egyes zsan\u00e9r z\u00f6kken\u0151mentes m\u0171k\u00f6d\u00e9sre \u00e9s egyszer\u0171 telep\u00edt\u00e9sre van tervezve.<\/p>\n<h3>Versenyk\u00e9pes \u00e1rk\u00e9pz\u00e9s kompromisszumok n\u00e9lk\u00fcl<\/h3>\n<p>Az SX elk\u00f6telezett a k\u00f6vetkez\u0151k biztos\u00edt\u00e1sa mellett <strong>alacsony k\u00f6lts\u00e9g\u0171<\/strong> megold\u00e1sok a min\u0151s\u00e9g kompromisszumai n\u00e9lk\u00fcl. Az\u00e1ltal, hogy k\u00f6zvetlen\u00fcl a gy\u00e1rral dolgozunk, alacsonyan tartjuk az \u00e1rakat \u00e9s magas szinten a min\u0151s\u00e9get. P\u00e1ntjaink nagyszer\u0171 \u00e1r-\u00e9rt\u00e9k ar\u00e1nyt k\u00edn\u00e1lnak, \u00edgy az \u00fcgyfelek megb\u00edzhat\u00f3 v\u00e1laszt\u00e1sa vagyunk minden ipar\u00e1gban. Az SX-n\u00e9l nem csak egy term\u00e9ket v\u00e1s\u00e1rol - \u00d6n a tart\u00f3ss\u00e1gba \u00e9s a megb\u00edzhat\u00f3s\u00e1gba fektet be.<\/p>\n<h3>Az SX k\u00fcl\u00f6nbs\u00e9g<\/h3>\n<p>Az SX kiemelkedik a <strong>ajt\u00f3p\u00e1ntok sz\u00e1ll\u00edt\u00f3k<\/strong> a kiv\u00e1l\u00f3s\u00e1g ir\u00e1nti elk\u00f6telezetts\u00e9g\u00fcnk miatt. Az \u00e1ltalunk haszn\u00e1lt anyagokt\u00f3l kezdve a gy\u00e1rt\u00e1sunkban alkalmazott k\u00e9zm\u0171ves munk\u00e1ig, szolg\u00e1ltat\u00e1sunk minden aspektus\u00e1t \u00fagy alak\u00edtottuk ki, hogy fel\u00fclm\u00falja az \u00d6n elv\u00e1r\u00e1sait. C\u00e9lunk, hogy az \u00d6n sz\u00e1m\u00e1ra a <strong>legjobb min\u0151s\u00e9g<\/strong> az \u00d6n k\u00f6lts\u00e9gvet\u00e9s\u00e9hez igazod\u00f3 \u00e1ron, \u00edgy ide\u00e1lis v\u00e1laszt\u00e1s vagyunk b\u00e1rmilyen projekthez, legyen az kicsi vagy nagy.<\/p>\n<h3>K\u00f6vetkeztet\u00e9s<\/h3>\n<p>V\u00e1lassza az SX-et <strong>ajt\u00f3p\u00e1ntok sz\u00e1ll\u00edt\u00f3<\/strong> megb\u00edzhat\u00f3, kiv\u00e1l\u00f3 min\u0151s\u00e9g\u0171 zsan\u00e9rok\u00e9rt versenyk\u00e9pes \u00e1ron. Elk\u00f6telezetts\u00e9g\u00fcnk <strong>gy\u00e1ri k\u00f6zvetlen \u00e1rk\u00e9pz\u00e9s<\/strong> \u00e9s <strong>min\u0151s\u00e9gbiztos\u00edt\u00e1s<\/strong> a legjobb v\u00e1laszt\u00e1ss\u00e1 tesz minket minden hardverig\u00e9nye kiel\u00e9g\u00edt\u00e9s\u00e9re. Fedezze fel sz\u00e9les v\u00e1laszt\u00e9kunkat m\u00e9g ma, \u00e9s tapasztalja meg az SX k\u00fcl\u00f6nbs\u00e9get.<\/p>\n<ol>\n<li>Kapcsolatfelv\u00e9tel most:<span style=\"color: #0000ff;\"><a style=\"color: #0000ff;\" href=\"https:\/\/sxpowercase.com\/contact-us\/\">https:\/\/sxpowercase.com\/<\/a><\/span><\/li>\n<li>Hardver term\u00e9kkatal\u00f3gus\uff1a<span style=\"color: #0000ff;\"><a style=\"color: #0000ff;\" href=\"https:\/\/sxpowercase.com\/wp-content\/uploads\/2024\/07\/\u4e94\u91d1.pdf\">Hardver tartoz\u00e9kok katal\u00f3gusa<\/a><\/span><\/li>\n<\/ol>","protected":false},"excerpt":{"rendered":"<h3>SX: Az \u00d6n megb\u00edzhat\u00f3 ajt\u00f3csapok besz\u00e1ll\u00edt\u00f3ja<\/h3>\n<p>Ha min\u0151s\u00e9gi ajt\u00f3p\u00e1ntokr\u00f3l van sz\u00f3 megfizethet\u0151 \u00e1ron, az SX a megb\u00edzhat\u00f3 besz\u00e1ll\u00edt\u00f3. Tart\u00f3s zsan\u00e9rok sz\u00e9les v\u00e1laszt\u00e9k\u00e1t k\u00edn\u00e1ljuk, amelyek mind lakoss\u00e1gi, mind kereskedelmi felhaszn\u00e1l\u00e1sra alkalmasak.<\/p>\n<h3>Gy\u00e1ri k\u00f6zvetlen \u00e1rk\u00e9pz\u00e9s a maxim\u00e1lis megtakar\u00edt\u00e1s\u00e9rt<\/h3>\n<p>Az SX kiv\u00e1l\u00f3 min\u0151s\u00e9g\u0171 ajt\u00f3p\u00e1ntokat k\u00edn\u00e1l gy\u00e1ri k\u00f6zvetlen \u00e1ron, kik\u00fcsz\u00f6b\u00f6lve a k\u00f6zvet\u00edt\u0151ket, \u00e9s lehet\u0151v\u00e9 t\u00e9ve, hogy projektj\u00e9t a k\u00f6lts\u00e9gvet\u00e9sen bel\u00fcl fejezze be.<\/p>\n<h3>Testreszabhat\u00f3 megold\u00e1sok minden projekthez<\/h3>\n<p>Az ipari alkalmaz\u00e1sokt\u00f3l a st\u00edlusos lakoss\u00e1gi alkalmaz\u00e1sokig az SX sz\u00e1mos m\u00e9retet, kivitelez\u00e9st \u00e9s testreszabhat\u00f3 zsan\u00e9rokat k\u00edn\u00e1l, hogy megfeleljen az \u00d6n egyedi ig\u00e9nyeinek.<\/p>","protected":false},"featured_media":4500,"comment_status":"open","ping_status":"closed","template":"","meta":[],"product_brand":[],"product_cat":[67],"product_tag":[],"class_list":{"0":"post-4550","1":"product","2":"type-product","3":"status-publish","4":"has-post-thumbnail","6":"product_cat-hingesstays","8":"first","9":"instock","10":"shipping-taxable","11":"product-type-simple"},"yoast_head":"<!-- This site is optimized with the Yoast SEO Premium plugin v27.1 (Yoast SEO v27.2) - https:\/\/yoast.com\/product\/yoast-seo-premium-wordpress\/ -->\n<title>Door Hinges Supplier STA301 - https:\/\/sxflightcase.com \ud83d\udc97<\/title>\n<meta name=\"description\" content=\"SX, a leading door hinges supplier, offers factory-direct pricing, top-quality products, and a wide selection for residential and commercial use.\" \/>\n<meta name=\"robots\" content=\"index, follow, max-snippet:-1, max-image-preview:large, max-video-preview:-1\" \/>\n<link rel=\"canonical\" href=\"https:\/\/sxflightcase.com\/hu\/urun\/kapi-menteseleri-tedarikcisi-sta301-2\/\" \/>\n<meta property=\"og:locale\" content=\"hu_HU\" \/>\n<meta property=\"og:type\" content=\"article\" \/>\n<meta property=\"og:title\" content=\"Door Hinges Supplier STA301\" \/>\n<meta property=\"og:description\" content=\"SX, a leading door hinges supplier, offers factory-direct pricing, top-quality products, and a wide selection for residential and commercial use.\" \/>\n<meta property=\"og:url\" content=\"https:\/\/sxflightcase.com\/hu\/urun\/kapi-menteseleri-tedarikcisi-sta301-2\/\" \/>\n<meta property=\"og:site_name\" content=\"https:\/\/sxflightcase.com\" \/>\n<meta property=\"article:publisher\" content=\"https:\/\/www.facebook.com\/profile.php?id=61560407257971\" \/>\n<meta property=\"article:modified_time\" content=\"2024-09-25T06:20:52+00:00\" \/>\n<meta property=\"og:image\" content=\"https:\/\/sxflightcase.com\/wp-content\/uploads\/2024\/09\/STA301.jpg\" \/>\n\t<meta property=\"og:image:width\" content=\"700\" \/>\n\t<meta property=\"og:image:height\" content=\"700\" \/>\n\t<meta property=\"og:image:type\" content=\"image\/jpeg\" \/>\n<meta name=\"twitter:card\" content=\"summary_large_image\" \/>\n<meta name=\"twitter:label1\" content=\"Becs\u00fclt olvas\u00e1si id\u0151\" \/>\n\t<meta name=\"twitter:data1\" content=\"3 perc\" \/>\n<script type=\"application\/ld+json\" class=\"yoast-schema-graph\">{\"@context\":\"https:\/\/schema.org\",\"@graph\":[{\"@type\":\"WebPage\",\"@id\":\"https:\/\/sxflightcase.com\/tr\/urun\/kapi-menteseleri-tedarikcisi-sta301-2\/\",\"url\":\"https:\/\/sxflightcase.com\/tr\/urun\/kapi-menteseleri-tedarikcisi-sta301-2\/\",\"name\":\"Door Hinges Supplier STA301 - https:\/\/sxflightcase.com \ud83d\udc97\",\"isPartOf\":{\"@id\":\"https:\/\/sxflightcase.com\/th\/#website\"},\"primaryImageOfPage\":{\"@id\":\"https:\/\/sxflightcase.com\/tr\/urun\/kapi-menteseleri-tedarikcisi-sta301-2\/#primaryimage\"},\"image\":{\"@id\":\"https:\/\/sxflightcase.com\/tr\/urun\/kapi-menteseleri-tedarikcisi-sta301-2\/#primaryimage\"},\"thumbnailUrl\":\"https:\/\/sxflightcase.com\/wp-content\/uploads\/2024\/09\/STA301.jpg\",\"datePublished\":\"2024-09-25T06:20:51+00:00\",\"dateModified\":\"2024-09-25T06:20:52+00:00\",\"description\":\"SX, a leading door hinges supplier, offers factory-direct pricing, top-quality products, and a wide selection for residential and commercial use.\",\"breadcrumb\":{\"@id\":\"https:\/\/sxflightcase.com\/tr\/urun\/kapi-menteseleri-tedarikcisi-sta301-2\/#breadcrumb\"},\"inLanguage\":\"hu\",\"potentialAction\":[{\"@type\":\"ReadAction\",\"target\":[\"https:\/\/sxflightcase.com\/tr\/urun\/kapi-menteseleri-tedarikcisi-sta301-2\/\"]}]},{\"@type\":\"ImageObject\",\"inLanguage\":\"hu\",\"@id\":\"https:\/\/sxflightcase.com\/tr\/urun\/kapi-menteseleri-tedarikcisi-sta301-2\/#primaryimage\",\"url\":\"https:\/\/sxflightcase.com\/wp-content\/uploads\/2024\/09\/STA301.jpg\",\"contentUrl\":\"https:\/\/sxflightcase.com\/wp-content\/uploads\/2024\/09\/STA301.jpg\",\"width\":700,\"height\":700,\"caption\":\"Door Hinges Supplier\"},{\"@type\":\"BreadcrumbList\",\"@id\":\"https:\/\/sxflightcase.com\/tr\/urun\/kapi-menteseleri-tedarikcisi-sta301-2\/#breadcrumb\",\"itemListElement\":[{\"@type\":\"ListItem\",\"position\":1,\"name\":\"Home\",\"item\":\"https:\/\/sxflightcase.com\/\"},{\"@type\":\"ListItem\",\"position\":2,\"name\":\"\u0e2a\u0e34\u0e19\u0e04\u0e49\u0e32\",\"item\":\"https:\/\/sxflightcase.com\/th\/shop\/\"},{\"@type\":\"ListItem\",\"position\":3,\"name\":\"Door Hinges Supplier STA301\"}]},{\"@type\":\"WebSite\",\"@id\":\"https:\/\/sxflightcase.com\/th\/#website\",\"url\":\"https:\/\/sxflightcase.com\/th\/\",\"name\":\"sxpowercase.com\",\"description\":\"Flight Case Factory\",\"publisher\":{\"@id\":\"https:\/\/sxflightcase.com\/th\/#organization\"},\"potentialAction\":[{\"@type\":\"SearchAction\",\"target\":{\"@type\":\"EntryPoint\",\"urlTemplate\":\"https:\/\/sxflightcase.com\/th\/?s={search_term_string}\"},\"query-input\":{\"@type\":\"PropertyValueSpecification\",\"valueRequired\":true,\"valueName\":\"search_term_string\"}}],\"inLanguage\":\"hu\"},{\"@type\":\"Organization\",\"@id\":\"https:\/\/sxflightcase.com\/th\/#organization\",\"name\":\"sxpowercase.com\",\"url\":\"https:\/\/sxflightcase.com\/th\/\",\"logo\":{\"@type\":\"ImageObject\",\"inLanguage\":\"hu\",\"@id\":\"https:\/\/sxflightcase.com\/th\/#\/schema\/logo\/image\/\",\"url\":\"https:\/\/sxflightcase.com\/wp-content\/uploads\/2024\/04\/1713919036007.jpg\",\"contentUrl\":\"https:\/\/sxflightcase.com\/wp-content\/uploads\/2024\/04\/1713919036007.jpg\",\"width\":382,\"height\":388,\"caption\":\"sxpowercase.com\"},\"image\":{\"@id\":\"https:\/\/sxflightcase.com\/th\/#\/schema\/logo\/image\/\"},\"sameAs\":[\"https:\/\/www.facebook.com\/profile.php?id=61560407257971\"],\"numberOfEmployees\":{\"@type\":\"QuantitativeValue\",\"minValue\":\"11\",\"maxValue\":\"50\"}}]}<\/script>\n<!-- \/ Yoast SEO Premium plugin. -->","yoast_head_json":{"title":"Door Hinges Supplier STA301 - https:\/\/sxflightcase.com \ud83d\udc97","description":"Az SX, az egyik vezet\u0151 ajt\u00f3p\u00e1ntok sz\u00e1ll\u00edt\u00f3ja, gy\u00e1ri k\u00f6zvetlen \u00e1rakat, kiv\u00e1l\u00f3 min\u0151s\u00e9g\u0171 term\u00e9keket \u00e9s sz\u00e9les v\u00e1laszt\u00e9kot k\u00edn\u00e1l lakoss\u00e1gi \u00e9s kereskedelmi felhaszn\u00e1l\u00e1sra.","robots":{"index":"index","follow":"follow","max-snippet":"max-snippet:-1","max-image-preview":"max-image-preview:large","max-video-preview":"max-video-preview:-1"},"canonical":"https:\/\/sxflightcase.com\/hu\/urun\/kapi-menteseleri-tedarikcisi-sta301-2\/","og_locale":"hu_HU","og_type":"article","og_title":"Door Hinges Supplier STA301","og_description":"SX, a leading door hinges supplier, offers factory-direct pricing, top-quality products, and a wide selection for residential and commercial use.","og_url":"https:\/\/sxflightcase.com\/hu\/urun\/kapi-menteseleri-tedarikcisi-sta301-2\/","og_site_name":"https:\/\/sxflightcase.com","article_publisher":"https:\/\/www.facebook.com\/profile.php?id=61560407257971","article_modified_time":"2024-09-25T06:20:52+00:00","og_image":[{"width":700,"height":700,"url":"https:\/\/sxflightcase.com\/wp-content\/uploads\/2024\/09\/STA301.jpg","type":"image\/jpeg"}],"twitter_card":"summary_large_image","twitter_misc":{"Becs\u00fclt olvas\u00e1si id\u0151":"3 perc"},"schema":{"@context":"https:\/\/schema.org","@graph":[{"@type":"WebPage","@id":"https:\/\/sxflightcase.com\/tr\/urun\/kapi-menteseleri-tedarikcisi-sta301-2\/","url":"https:\/\/sxflightcase.com\/tr\/urun\/kapi-menteseleri-tedarikcisi-sta301-2\/","name":"Door Hinges Supplier STA301 - https:\/\/sxflightcase.com \ud83d\udc97","isPartOf":{"@id":"https:\/\/sxflightcase.com\/th\/#website"},"primaryImageOfPage":{"@id":"https:\/\/sxflightcase.com\/tr\/urun\/kapi-menteseleri-tedarikcisi-sta301-2\/#primaryimage"},"image":{"@id":"https:\/\/sxflightcase.com\/tr\/urun\/kapi-menteseleri-tedarikcisi-sta301-2\/#primaryimage"},"thumbnailUrl":"https:\/\/sxflightcase.com\/wp-content\/uploads\/2024\/09\/STA301.jpg","datePublished":"2024-09-25T06:20:51+00:00","dateModified":"2024-09-25T06:20:52+00:00","description":"Az SX, az egyik vezet\u0151 ajt\u00f3p\u00e1ntok sz\u00e1ll\u00edt\u00f3ja, gy\u00e1ri k\u00f6zvetlen \u00e1rakat, kiv\u00e1l\u00f3 min\u0151s\u00e9g\u0171 term\u00e9keket \u00e9s sz\u00e9les v\u00e1laszt\u00e9kot k\u00edn\u00e1l lakoss\u00e1gi \u00e9s kereskedelmi felhaszn\u00e1l\u00e1sra.","breadcrumb":{"@id":"https:\/\/sxflightcase.com\/tr\/urun\/kapi-menteseleri-tedarikcisi-sta301-2\/#breadcrumb"},"inLanguage":"hu","potentialAction":[{"@type":"ReadAction","target":["https:\/\/sxflightcase.com\/tr\/urun\/kapi-menteseleri-tedarikcisi-sta301-2\/"]}]},{"@type":"ImageObject","inLanguage":"hu","@id":"https:\/\/sxflightcase.com\/tr\/urun\/kapi-menteseleri-tedarikcisi-sta301-2\/#primaryimage","url":"https:\/\/sxflightcase.com\/wp-content\/uploads\/2024\/09\/STA301.jpg","contentUrl":"https:\/\/sxflightcase.com\/wp-content\/uploads\/2024\/09\/STA301.jpg","width":700,"height":700,"caption":"Door Hinges Supplier"},{"@type":"BreadcrumbList","@id":"https:\/\/sxflightcase.com\/tr\/urun\/kapi-menteseleri-tedarikcisi-sta301-2\/#breadcrumb","itemListElement":[{"@type":"ListItem","position":1,"name":"Home","item":"https:\/\/sxflightcase.com\/"},{"@type":"ListItem","position":2,"name":"\u0e2a\u0e34\u0e19\u0e04\u0e49\u0e32","item":"https:\/\/sxflightcase.com\/th\/shop\/"},{"@type":"ListItem","position":3,"name":"Door Hinges Supplier STA301"}]},{"@type":"WebSite","@id":"https:\/\/sxflightcase.com\/th\/#website","url":"https:\/\/sxflightcase.com\/th\/","name":"sxpowercase.com","description":"Flight Case Factory","publisher":{"@id":"https:\/\/sxflightcase.com\/th\/#organization"},"potentialAction":[{"@type":"SearchAction","target":{"@type":"EntryPoint","urlTemplate":"https:\/\/sxflightcase.com\/th\/?s={search_term_string}"},"query-input":{"@type":"PropertyValueSpecification","valueRequired":true,"valueName":"search_term_string"}}],"inLanguage":"hu"},{"@type":"Organization","@id":"https:\/\/sxflightcase.com\/th\/#organization","name":"sxpowercase.com","url":"https:\/\/sxflightcase.com\/th\/","logo":{"@type":"ImageObject","inLanguage":"hu","@id":"https:\/\/sxflightcase.com\/th\/#\/schema\/logo\/image\/","url":"https:\/\/sxflightcase.com\/wp-content\/uploads\/2024\/04\/1713919036007.jpg","contentUrl":"https:\/\/sxflightcase.com\/wp-content\/uploads\/2024\/04\/1713919036007.jpg","width":382,"height":388,"caption":"sxpowercase.com"},"image":{"@id":"https:\/\/sxflightcase.com\/th\/#\/schema\/logo\/image\/"},"sameAs":["https:\/\/www.facebook.com\/profile.php?id=61560407257971"],"numberOfEmployees":{"@type":"QuantitativeValue","minValue":"11","maxValue":"50"}}]}},"_links":{"self":[{"href":"https:\/\/sxflightcase.com\/hu\/wp-json\/wp\/v2\/product\/4550","targetHints":{"allow":["GET"]}}],"collection":[{"href":"https:\/\/sxflightcase.com\/hu\/wp-json\/wp\/v2\/product"}],"about":[{"href":"https:\/\/sxflightcase.com\/hu\/wp-json\/wp\/v2\/types\/product"}],"replies":[{"embeddable":true,"href":"https:\/\/sxflightcase.com\/hu\/wp-json\/wp\/v2\/comments?post=4550"}],"version-history":[{"count":0,"href":"https:\/\/sxflightcase.com\/hu\/wp-json\/wp\/v2\/product\/4550\/revisions"}],"wp:featuredmedia":[{"embeddable":true,"href":"https:\/\/sxflightcase.com\/hu\/wp-json\/wp\/v2\/media\/4500"}],"wp:attachment":[{"href":"https:\/\/sxflightcase.com\/hu\/wp-json\/wp\/v2\/media?parent=4550"}],"wp:term":[{"taxonomy":"product_brand","embeddable":true,"href":"https:\/\/sxflightcase.com\/hu\/wp-json\/wp\/v2\/product_brand?post=4550"},{"taxonomy":"product_cat","embeddable":true,"href":"https:\/\/sxflightcase.com\/hu\/wp-json\/wp\/v2\/product_cat?post=4550"},{"taxonomy":"product_tag","embeddable":true,"href":"https:\/\/sxflightcase.com\/hu\/wp-json\/wp\/v2\/product_tag?post=4550"}],"curies":[{"name":"wp","href":"https:\/\/api.w.org\/{rel}","templated":true}]}}