{"id":4552,"date":"2024-09-25T07:29:19","date_gmt":"2024-09-25T06:29:19","guid":{"rendered":"https:\/\/sxpowercase.com\/?post_type=product&#038;p=4552"},"modified":"2024-09-25T07:29:20","modified_gmt":"2024-09-25T06:29:20","slug":"support-hinges-stb201","status":"publish","type":"product","link":"https:\/\/sxflightcase.com\/hu\/termek\/tamaszto-zsanerok-stb201\/","title":{"rendered":"Tart\u00f3 zsan\u00e9rok STB201"},"content":{"rendered":"<h3>SX: Pr\u00e9mium <strong>Tart\u00f3 zsan\u00e9rok<\/strong> gy\u00e1ri \u00e1ron<\/h3>\n<p>Megb\u00edzhat\u00f3 \u00e9s megfizethet\u0151 <a href=\"https:\/\/sxpowercase.com\/product\/support-hinges-stb101\/\"><strong>tart\u00f3 zsan\u00e9rok<\/strong><\/a>? Az SX az \u00d6n ig\u00e9nyeit is kiel\u00e9g\u00edti a k\u00f6zvetlen\u00fcl a gy\u00e1rb\u00f3l sz\u00e1rmaz\u00f3, kiv\u00e1l\u00f3 min\u0151s\u00e9g\u0171 zsan\u00e9rokkal. A zsan\u00e9rjainkat \u00fagy tervezt\u00fck, hogy megb\u00edzhat\u00f3 t\u00e1mogat\u00e1st ny\u00fajtsanak az alkalmaz\u00e1sok sz\u00e9les sk\u00e1l\u00e1j\u00e1n. A  weboldalon <strong>gy\u00e1ri k\u00f6zvetlen \u00e1rk\u00e9pz\u00e9s<\/strong>, kiv\u00e1l\u00f3 min\u0151s\u00e9g\u0171 term\u00e9keket kap a k\u00f6zvet\u00edt\u0151 n\u00e9lk\u00fcl, \u00edgy biztos\u00edtva a min\u0151s\u00e9get \u00e9s a k\u00f6lts\u00e9gmegtakar\u00edt\u00e1st.<\/p>\n<h3>P\u00e1ratlan tart\u00f3ss\u00e1g az SX-szel<\/h3>\n<p>A  c\u00edmen. <a href=\"https:\/\/sxpowercase.com\/\" target=\"_blank\" rel=\"noopener\" title=\"SX\" data-wpil-monitor-id=\"784\">SX<\/a>, tudjuk, hogy a teljes\u00edtm\u00e9nye az \u00d6n <strong>tart\u00f3 zsan\u00e9rok<\/strong> d\u00f6nt\u0151 fontoss\u00e1g\u00fa a berendez\u00e9s hossz\u00fa \u00e9lettartama \u00e9s m\u0171k\u00f6d\u0151k\u00e9pess\u00e9ge szempontj\u00e1b\u00f3l. P\u00e1ntjainkat tart\u00f3s anyagokb\u00f3l k\u00e9sz\u00edtik, hogy garant\u00e1lj\u00e1k a hossz\u00fa \u00e9lettartamot. Azzal, hogy k\u00f6zvetlen\u00fcl a gy\u00e1rb\u00f3l szerezz\u00fck be, alacsonyan tartjuk a k\u00f6lts\u00e9geinket, \u00edgy biztos\u00edtva, hogy \u00d6n \u00e9lvezhesse a k\u00f6vetkez\u0151ket <strong>alacsony \u00e1rak<\/strong> a min\u0151s\u00e9g fel\u00e1ldoz\u00e1sa n\u00e9lk\u00fcl. A megb\u00edzhat\u00f3s\u00e1g \u00e9rdek\u00e9ben minden term\u00e9k szigor\u00fa min\u0151s\u00e9gellen\u0151rz\u00e9sen megy kereszt\u00fcl.<\/p>\n<h3>Sokoldal\u00fas\u00e1g minden alkalmaz\u00e1shoz<\/h3>\n<p>Az SX \u00e1tfog\u00f3 v\u00e1laszt\u00e9kot k\u00edn\u00e1l <strong>tart\u00f3 zsan\u00e9rok<\/strong> alkalmas szekr\u00e9nyekhez, ajt\u00f3khoz \u00e9s ipari berendez\u00e9sekhez. Term\u00e9keinket \u00fagy tervezt\u00fck, hogy z\u00f6kken\u0151mentesen illeszkedjenek b\u00e1rmilyen projektbe, ak\u00e1r kereskedelmi, ak\u00e1r lakoss\u00e1gi alkalmaz\u00e1son dolgozik. A  weboldalon <strong>k\u00f6zvetlen gy\u00e1ri \u00e1rk\u00e9pz\u00e9s<\/strong>, a k\u00f6vetkez\u0151k el\u0151nyeit \u00e9lvezheti <strong>k\u00f6lts\u00e9ghat\u00e9kony<\/strong> olyan megold\u00e1sok, amelyek b\u00e1rmilyen k\u00f6rnyezetben j\u00f3l teljes\u00edtenek. A k\u00f6nny\u0171 szerelhet\u0151s\u00e9gre \u00e9s a hossz\u00fa t\u00e1v\u00fa tart\u00f3ss\u00e1gra \u00f6sszpontos\u00edtunk, biztos\u00edtva, hogy a zsan\u00e9rok id\u0151vel egyenletes t\u00e1mogat\u00e1st ny\u00fajtsanak.<\/p>\n<h3>Az SX elk\u00f6telezetts\u00e9ge a megfizethet\u0151 kiv\u00e1l\u00f3s\u00e1g mellett<\/h3>\n<p>Az SX-n\u00e9l hisz\u00fcnk abban, hogy a pr\u00e9mium min\u0151s\u00e9gnek nem kell magas \u00e1rat fizetnie. Elk\u00f6telezetts\u00e9g\u00fcnk a nagy teljes\u00edtm\u00e9ny\u0171 <strong>tart\u00f3 zsan\u00e9rok<\/strong> a  c\u00edmen. <strong>megfizethet\u0151 \u00e1rak<\/strong> k\u00fcl\u00f6nb\u00f6ztet meg minket. A gy\u00e1rt\u00e1si \u00e9s forgalmaz\u00e1si folyamat ir\u00e1ny\u00edt\u00e1s\u00e1val garant\u00e1ljuk, hogy \u00fcgyfeleink magas \u00e9rt\u00e9k\u0171 term\u00e9keket kapnak, a m\u00e1s besz\u00e1ll\u00edt\u00f3kn\u00e1l jellemz\u0151 fel\u00e1r n\u00e9lk\u00fcl. Megb\u00edzhat az SX-ben mind a <strong>min\u0151s\u00e9g<\/strong> \u00e9s <strong>megfizethet\u0151s\u00e9g<\/strong>.<\/p>\n<h3>Mi\u00e9rt b\u00edzzon az SX-ben a zsan\u00e9rokat illet\u0151en?<\/h3>\n<p>Az SX v\u00e1laszt\u00e1sa azt jelenti, hogy olyan m\u00e1rk\u00e1t v\u00e1lasztunk, amely ki\u00e1ll a term\u00e9kei m\u00f6g\u00f6tt. A <strong>tart\u00f3 zsan\u00e9rok<\/strong> tart\u00f3ss\u00e1gukr\u00f3l \u00e9s k\u00f6lts\u00e9ghat\u00e9konys\u00e1gukr\u00f3l ismertek. A cs\u00facsmin\u0151s\u00e9g\u0171 term\u00e9kek gy\u00e1rt\u00e1s\u00e1ban \u00e9s sz\u00e1ll\u00edt\u00e1s\u00e1ban szerzett t\u00f6bb\u00e9ves tapasztalatunkkal garant\u00e1ljuk, hogy zsan\u00e9rjaink megfelelnek az \u00d6n ig\u00e9nyeinek \u00e9s k\u00f6lts\u00e9gvet\u00e9s\u00e9nek. Az SX zsan\u00e9rok kiv\u00e1l\u00f3 v\u00e1laszt\u00e1st jelentenek azon \u00fcgyfelek sz\u00e1m\u00e1ra, akik a k\u00f6vetkez\u0151ket keresik <strong>kiv\u00e1l\u00f3 min\u0151s\u00e9g\u0171 megold\u00e1sok<\/strong> a  c\u00edmen. <strong>alacsony \u00e1rak<\/strong>.<\/p>\n<h3>K\u00f6vetkeztet\u00e9s<\/h3>\n<p>Az SX pr\u00e9mium min\u0151s\u00e9g\u0171 <strong>tart\u00f3csukl\u00f3<\/strong>\u00a0amelyek a legjobb kombin\u00e1ci\u00f3t k\u00edn\u00e1lj\u00e1k a <strong>\u00e1r \u00e9s teljes\u00edtm\u00e9ny<\/strong>. A mi <strong>gy\u00e1ri k\u00f6zvetlen modell<\/strong>, sz\u00e1m\u00edthat r\u00e1nk <strong>min\u0151s\u00e9gbiztos\u00edt\u00e1s<\/strong>, megb\u00edzhat\u00f3 sz\u00e1ll\u00edt\u00e1s \u00e9s verhetetlen \u00e1rak.<\/p>\n<ol>\n<li>Kapcsolatfelv\u00e9tel most:<span style=\"color: #0000ff;\"><a style=\"color: #0000ff;\" href=\"https:\/\/sxpowercase.com\/contact-us\/\">https:\/\/sxpowercase.com\/<\/a><\/span><\/li>\n<li>Hardver term\u00e9kkatal\u00f3gus\uff1a<span style=\"color: #0000ff;\"><a style=\"color: #0000ff;\" href=\"https:\/\/sxpowercase.com\/wp-content\/uploads\/2024\/07\/\u4e94\u91d1.pdf\">Hardver tartoz\u00e9kok katal\u00f3gusa<\/a><\/span><\/li>\n<\/ol>","protected":false},"excerpt":{"rendered":"<h3>Tart\u00f3s tart\u00f3szerkezet\u0171 zsan\u00e9rok megfizethet\u0151 \u00e1ron<\/h3>\n<p>Az SX kiv\u00e1l\u00f3 min\u0151s\u00e9g\u0171, hossz\u00fa \u00e9lettartam\u00fa teljes\u00edtm\u00e9nyre tervezett tart\u00f3 zsan\u00e9rokat k\u00edn\u00e1l lakoss\u00e1gi, kereskedelmi \u00e9s ipari alkalmaz\u00e1sokban, mindezt versenyk\u00e9pes gy\u00e1ri k\u00f6zvetlen \u00e1ron.<\/p>\n<h3>Sokoldal\u00fa \u00e9s k\u00f6lts\u00e9ghat\u00e9kony megold\u00e1sok<\/h3>\n<p>Tart\u00f3p\u00e1ntjaink sokoldal\u00fas\u00e1got \u00e9s k\u00f6nny\u0171 szerelhet\u0151s\u00e9get k\u00edn\u00e1lnak, \u00edgy szekr\u00e9nyekhez, ajt\u00f3khoz \u00e9s m\u00e1s eszk\u00f6z\u00f6kh\u00f6z is alkalmasak, an\u00e9lk\u00fcl, hogy kompromisszumot k\u00f6tn\u00e9nek a tart\u00f3ss\u00e1g vagy a k\u00f6lts\u00e9gek ter\u00e9n.<\/p>\n<h3>Kiv\u00e1l\u00f3 min\u0151s\u00e9g \u00e9s megfizethet\u0151s\u00e9g<\/h3>\n<p>Az SX \u00f6tv\u00f6zi a k\u00e9zm\u0171ves munk\u00e1t a megfizethet\u0151s\u00e9ggel, biztos\u00edtva, hogy minden tart\u00f3csukl\u00f3p\u00e1nt megfeleljen a szigor\u00fa min\u0151s\u00e9gi el\u0151\u00edr\u00e1soknak, mik\u00f6zben a legjobb \u00e1r-\u00e9rt\u00e9k ar\u00e1nyt ny\u00fajtja az \u00d6n p\u00e9nz\u00e9\u00e9rt.<\/p>","protected":false},"featured_media":4502,"comment_status":"open","ping_status":"closed","template":"","meta":[],"product_brand":[],"product_cat":[67],"product_tag":[],"class_list":{"0":"post-4552","1":"product","2":"type-product","3":"status-publish","4":"has-post-thumbnail","6":"product_cat-hingesstays","8":"first","9":"instock","10":"shipping-taxable","11":"product-type-simple"},"yoast_head":"<!-- This site is optimized with the Yoast SEO Premium plugin v27.1 (Yoast SEO v27.2) - https:\/\/yoast.com\/product\/yoast-seo-premium-wordpress\/ -->\n<title>Support Hinges STB201 - https:\/\/sxflightcase.com \ud83d\udc97<\/title>\n<meta name=\"description\" content=\"Get high-quality support hinges at factory-direct prices from SX. Affordable, durable, and reliable hinges for all your needs.\" \/>\n<meta name=\"robots\" content=\"index, follow, max-snippet:-1, max-image-preview:large, max-video-preview:-1\" \/>\n<link rel=\"canonical\" href=\"https:\/\/sxflightcase.com\/hu\/\u0645\u0646\u062a\u062c\/\u0645\u0641\u0635\u0644\u0627\u062a-\u0627\u0644\u062f\u0639\u0645-stb201\/\" \/>\n<meta property=\"og:locale\" content=\"hu_HU\" \/>\n<meta property=\"og:type\" content=\"article\" \/>\n<meta property=\"og:title\" content=\"Support Hinges STB201\" \/>\n<meta property=\"og:description\" content=\"Get high-quality support hinges at factory-direct prices from SX. Affordable, durable, and reliable hinges for all your needs.\" \/>\n<meta property=\"og:url\" content=\"https:\/\/sxflightcase.com\/hu\/\u0645\u0646\u062a\u062c\/\u0645\u0641\u0635\u0644\u0627\u062a-\u0627\u0644\u062f\u0639\u0645-stb201\/\" \/>\n<meta property=\"og:site_name\" content=\"https:\/\/sxflightcase.com\" \/>\n<meta property=\"article:publisher\" content=\"https:\/\/www.facebook.com\/profile.php?id=61560407257971\" \/>\n<meta property=\"article:modified_time\" content=\"2024-09-25T06:29:20+00:00\" \/>\n<meta property=\"og:image\" content=\"https:\/\/sxflightcase.com\/wp-content\/uploads\/2024\/09\/STB201.jpg\" \/>\n\t<meta property=\"og:image:width\" content=\"700\" \/>\n\t<meta property=\"og:image:height\" content=\"700\" \/>\n\t<meta property=\"og:image:type\" content=\"image\/jpeg\" \/>\n<meta name=\"twitter:card\" content=\"summary_large_image\" \/>\n<meta name=\"twitter:label1\" content=\"Becs\u00fclt olvas\u00e1si id\u0151\" \/>\n\t<meta name=\"twitter:data1\" content=\"3 perc\" \/>\n<script type=\"application\/ld+json\" class=\"yoast-schema-graph\">{\"@context\":\"https:\/\/schema.org\",\"@graph\":[{\"@type\":\"WebPage\",\"@id\":\"https:\/\/sxflightcase.com\/ar\/\u0645\u0646\u062a\u062c\/\u0645\u0641\u0635\u0644\u0627\u062a-\u0627\u0644\u062f\u0639\u0645-stb201\/\",\"url\":\"https:\/\/sxflightcase.com\/ar\/\u0645\u0646\u062a\u062c\/\u0645\u0641\u0635\u0644\u0627\u062a-\u0627\u0644\u062f\u0639\u0645-stb201\/\",\"name\":\"Support Hinges STB201 - https:\/\/sxflightcase.com \ud83d\udc97\",\"isPartOf\":{\"@id\":\"https:\/\/sxflightcase.com\/th\/#website\"},\"primaryImageOfPage\":{\"@id\":\"https:\/\/sxflightcase.com\/ar\/\u0645\u0646\u062a\u062c\/\u0645\u0641\u0635\u0644\u0627\u062a-\u0627\u0644\u062f\u0639\u0645-stb201\/#primaryimage\"},\"image\":{\"@id\":\"https:\/\/sxflightcase.com\/ar\/\u0645\u0646\u062a\u062c\/\u0645\u0641\u0635\u0644\u0627\u062a-\u0627\u0644\u062f\u0639\u0645-stb201\/#primaryimage\"},\"thumbnailUrl\":\"https:\/\/sxflightcase.com\/wp-content\/uploads\/2024\/09\/STB201.jpg\",\"datePublished\":\"2024-09-25T06:29:19+00:00\",\"dateModified\":\"2024-09-25T06:29:20+00:00\",\"description\":\"Get high-quality support hinges at factory-direct prices from SX. Affordable, durable, and reliable hinges for all your needs.\",\"breadcrumb\":{\"@id\":\"https:\/\/sxflightcase.com\/ar\/\u0645\u0646\u062a\u062c\/\u0645\u0641\u0635\u0644\u0627\u062a-\u0627\u0644\u062f\u0639\u0645-stb201\/#breadcrumb\"},\"inLanguage\":\"hu\",\"potentialAction\":[{\"@type\":\"ReadAction\",\"target\":[\"https:\/\/sxflightcase.com\/ar\/\u0645\u0646\u062a\u062c\/\u0645\u0641\u0635\u0644\u0627\u062a-\u0627\u0644\u062f\u0639\u0645-stb201\/\"]}]},{\"@type\":\"ImageObject\",\"inLanguage\":\"hu\",\"@id\":\"https:\/\/sxflightcase.com\/ar\/\u0645\u0646\u062a\u062c\/\u0645\u0641\u0635\u0644\u0627\u062a-\u0627\u0644\u062f\u0639\u0645-stb201\/#primaryimage\",\"url\":\"https:\/\/sxflightcase.com\/wp-content\/uploads\/2024\/09\/STB201.jpg\",\"contentUrl\":\"https:\/\/sxflightcase.com\/wp-content\/uploads\/2024\/09\/STB201.jpg\",\"width\":700,\"height\":700,\"caption\":\"Support Hinges\"},{\"@type\":\"BreadcrumbList\",\"@id\":\"https:\/\/sxflightcase.com\/ar\/\u0645\u0646\u062a\u062c\/\u0645\u0641\u0635\u0644\u0627\u062a-\u0627\u0644\u062f\u0639\u0645-stb201\/#breadcrumb\",\"itemListElement\":[{\"@type\":\"ListItem\",\"position\":1,\"name\":\"Home\",\"item\":\"https:\/\/sxflightcase.com\/\"},{\"@type\":\"ListItem\",\"position\":2,\"name\":\"\u0e2a\u0e34\u0e19\u0e04\u0e49\u0e32\",\"item\":\"https:\/\/sxflightcase.com\/th\/shop\/\"},{\"@type\":\"ListItem\",\"position\":3,\"name\":\"Support Hinges STB201\"}]},{\"@type\":\"WebSite\",\"@id\":\"https:\/\/sxflightcase.com\/th\/#website\",\"url\":\"https:\/\/sxflightcase.com\/th\/\",\"name\":\"sxpowercase.com\",\"description\":\"Flight Case Factory\",\"publisher\":{\"@id\":\"https:\/\/sxflightcase.com\/th\/#organization\"},\"potentialAction\":[{\"@type\":\"SearchAction\",\"target\":{\"@type\":\"EntryPoint\",\"urlTemplate\":\"https:\/\/sxflightcase.com\/th\/?s={search_term_string}\"},\"query-input\":{\"@type\":\"PropertyValueSpecification\",\"valueRequired\":true,\"valueName\":\"search_term_string\"}}],\"inLanguage\":\"hu\"},{\"@type\":\"Organization\",\"@id\":\"https:\/\/sxflightcase.com\/th\/#organization\",\"name\":\"sxpowercase.com\",\"url\":\"https:\/\/sxflightcase.com\/th\/\",\"logo\":{\"@type\":\"ImageObject\",\"inLanguage\":\"hu\",\"@id\":\"https:\/\/sxflightcase.com\/th\/#\/schema\/logo\/image\/\",\"url\":\"https:\/\/sxflightcase.com\/wp-content\/uploads\/2024\/04\/1713919036007.jpg\",\"contentUrl\":\"https:\/\/sxflightcase.com\/wp-content\/uploads\/2024\/04\/1713919036007.jpg\",\"width\":382,\"height\":388,\"caption\":\"sxpowercase.com\"},\"image\":{\"@id\":\"https:\/\/sxflightcase.com\/th\/#\/schema\/logo\/image\/\"},\"sameAs\":[\"https:\/\/www.facebook.com\/profile.php?id=61560407257971\"],\"numberOfEmployees\":{\"@type\":\"QuantitativeValue\",\"minValue\":\"11\",\"maxValue\":\"50\"}}]}<\/script>\n<!-- \/ Yoast SEO Premium plugin. -->","yoast_head_json":{"title":"Support Hinges STB201 - https:\/\/sxflightcase.com \ud83d\udc97","description":"Kiv\u00e1l\u00f3 min\u0151s\u00e9g\u0171 tart\u00f3zsan\u00e9rokat kaphat gy\u00e1ri \u00e1ron az SX-t\u0151l. Megfizethet\u0151, tart\u00f3s \u00e9s megb\u00edzhat\u00f3 zsan\u00e9rok minden ig\u00e9nyt kiel\u00e9g\u00edt\u0151en.","robots":{"index":"index","follow":"follow","max-snippet":"max-snippet:-1","max-image-preview":"max-image-preview:large","max-video-preview":"max-video-preview:-1"},"canonical":"https:\/\/sxflightcase.com\/hu\/\u0645\u0646\u062a\u062c\/\u0645\u0641\u0635\u0644\u0627\u062a-\u0627\u0644\u062f\u0639\u0645-stb201\/","og_locale":"hu_HU","og_type":"article","og_title":"Support Hinges STB201","og_description":"Get high-quality support hinges at factory-direct prices from SX. Affordable, durable, and reliable hinges for all your needs.","og_url":"https:\/\/sxflightcase.com\/hu\/\u0645\u0646\u062a\u062c\/\u0645\u0641\u0635\u0644\u0627\u062a-\u0627\u0644\u062f\u0639\u0645-stb201\/","og_site_name":"https:\/\/sxflightcase.com","article_publisher":"https:\/\/www.facebook.com\/profile.php?id=61560407257971","article_modified_time":"2024-09-25T06:29:20+00:00","og_image":[{"width":700,"height":700,"url":"https:\/\/sxflightcase.com\/wp-content\/uploads\/2024\/09\/STB201.jpg","type":"image\/jpeg"}],"twitter_card":"summary_large_image","twitter_misc":{"Becs\u00fclt olvas\u00e1si id\u0151":"3 perc"},"schema":{"@context":"https:\/\/schema.org","@graph":[{"@type":"WebPage","@id":"https:\/\/sxflightcase.com\/ar\/\u0645\u0646\u062a\u062c\/\u0645\u0641\u0635\u0644\u0627\u062a-\u0627\u0644\u062f\u0639\u0645-stb201\/","url":"https:\/\/sxflightcase.com\/ar\/\u0645\u0646\u062a\u062c\/\u0645\u0641\u0635\u0644\u0627\u062a-\u0627\u0644\u062f\u0639\u0645-stb201\/","name":"Support Hinges STB201 - https:\/\/sxflightcase.com \ud83d\udc97","isPartOf":{"@id":"https:\/\/sxflightcase.com\/th\/#website"},"primaryImageOfPage":{"@id":"https:\/\/sxflightcase.com\/ar\/\u0645\u0646\u062a\u062c\/\u0645\u0641\u0635\u0644\u0627\u062a-\u0627\u0644\u062f\u0639\u0645-stb201\/#primaryimage"},"image":{"@id":"https:\/\/sxflightcase.com\/ar\/\u0645\u0646\u062a\u062c\/\u0645\u0641\u0635\u0644\u0627\u062a-\u0627\u0644\u062f\u0639\u0645-stb201\/#primaryimage"},"thumbnailUrl":"https:\/\/sxflightcase.com\/wp-content\/uploads\/2024\/09\/STB201.jpg","datePublished":"2024-09-25T06:29:19+00:00","dateModified":"2024-09-25T06:29:20+00:00","description":"Kiv\u00e1l\u00f3 min\u0151s\u00e9g\u0171 tart\u00f3zsan\u00e9rokat kaphat gy\u00e1ri \u00e1ron az SX-t\u0151l. Megfizethet\u0151, tart\u00f3s \u00e9s megb\u00edzhat\u00f3 zsan\u00e9rok minden ig\u00e9nyt kiel\u00e9g\u00edt\u0151en.","breadcrumb":{"@id":"https:\/\/sxflightcase.com\/ar\/\u0645\u0646\u062a\u062c\/\u0645\u0641\u0635\u0644\u0627\u062a-\u0627\u0644\u062f\u0639\u0645-stb201\/#breadcrumb"},"inLanguage":"hu","potentialAction":[{"@type":"ReadAction","target":["https:\/\/sxflightcase.com\/ar\/\u0645\u0646\u062a\u062c\/\u0645\u0641\u0635\u0644\u0627\u062a-\u0627\u0644\u062f\u0639\u0645-stb201\/"]}]},{"@type":"ImageObject","inLanguage":"hu","@id":"https:\/\/sxflightcase.com\/ar\/\u0645\u0646\u062a\u062c\/\u0645\u0641\u0635\u0644\u0627\u062a-\u0627\u0644\u062f\u0639\u0645-stb201\/#primaryimage","url":"https:\/\/sxflightcase.com\/wp-content\/uploads\/2024\/09\/STB201.jpg","contentUrl":"https:\/\/sxflightcase.com\/wp-content\/uploads\/2024\/09\/STB201.jpg","width":700,"height":700,"caption":"Support Hinges"},{"@type":"BreadcrumbList","@id":"https:\/\/sxflightcase.com\/ar\/\u0645\u0646\u062a\u062c\/\u0645\u0641\u0635\u0644\u0627\u062a-\u0627\u0644\u062f\u0639\u0645-stb201\/#breadcrumb","itemListElement":[{"@type":"ListItem","position":1,"name":"Home","item":"https:\/\/sxflightcase.com\/"},{"@type":"ListItem","position":2,"name":"\u0e2a\u0e34\u0e19\u0e04\u0e49\u0e32","item":"https:\/\/sxflightcase.com\/th\/shop\/"},{"@type":"ListItem","position":3,"name":"Support Hinges STB201"}]},{"@type":"WebSite","@id":"https:\/\/sxflightcase.com\/th\/#website","url":"https:\/\/sxflightcase.com\/th\/","name":"sxpowercase.com","description":"Flight Case Factory","publisher":{"@id":"https:\/\/sxflightcase.com\/th\/#organization"},"potentialAction":[{"@type":"SearchAction","target":{"@type":"EntryPoint","urlTemplate":"https:\/\/sxflightcase.com\/th\/?s={search_term_string}"},"query-input":{"@type":"PropertyValueSpecification","valueRequired":true,"valueName":"search_term_string"}}],"inLanguage":"hu"},{"@type":"Organization","@id":"https:\/\/sxflightcase.com\/th\/#organization","name":"sxpowercase.com","url":"https:\/\/sxflightcase.com\/th\/","logo":{"@type":"ImageObject","inLanguage":"hu","@id":"https:\/\/sxflightcase.com\/th\/#\/schema\/logo\/image\/","url":"https:\/\/sxflightcase.com\/wp-content\/uploads\/2024\/04\/1713919036007.jpg","contentUrl":"https:\/\/sxflightcase.com\/wp-content\/uploads\/2024\/04\/1713919036007.jpg","width":382,"height":388,"caption":"sxpowercase.com"},"image":{"@id":"https:\/\/sxflightcase.com\/th\/#\/schema\/logo\/image\/"},"sameAs":["https:\/\/www.facebook.com\/profile.php?id=61560407257971"],"numberOfEmployees":{"@type":"QuantitativeValue","minValue":"11","maxValue":"50"}}]}},"_links":{"self":[{"href":"https:\/\/sxflightcase.com\/hu\/wp-json\/wp\/v2\/product\/4552","targetHints":{"allow":["GET"]}}],"collection":[{"href":"https:\/\/sxflightcase.com\/hu\/wp-json\/wp\/v2\/product"}],"about":[{"href":"https:\/\/sxflightcase.com\/hu\/wp-json\/wp\/v2\/types\/product"}],"replies":[{"embeddable":true,"href":"https:\/\/sxflightcase.com\/hu\/wp-json\/wp\/v2\/comments?post=4552"}],"version-history":[{"count":0,"href":"https:\/\/sxflightcase.com\/hu\/wp-json\/wp\/v2\/product\/4552\/revisions"}],"wp:featuredmedia":[{"embeddable":true,"href":"https:\/\/sxflightcase.com\/hu\/wp-json\/wp\/v2\/media\/4502"}],"wp:attachment":[{"href":"https:\/\/sxflightcase.com\/hu\/wp-json\/wp\/v2\/media?parent=4552"}],"wp:term":[{"taxonomy":"product_brand","embeddable":true,"href":"https:\/\/sxflightcase.com\/hu\/wp-json\/wp\/v2\/product_brand?post=4552"},{"taxonomy":"product_cat","embeddable":true,"href":"https:\/\/sxflightcase.com\/hu\/wp-json\/wp\/v2\/product_cat?post=4552"},{"taxonomy":"product_tag","embeddable":true,"href":"https:\/\/sxflightcase.com\/hu\/wp-json\/wp\/v2\/product_tag?post=4552"}],"curies":[{"name":"wp","href":"https:\/\/api.w.org\/{rel}","templated":true}]}}