{"id":4559,"date":"2024-09-26T04:59:00","date_gmt":"2024-09-26T03:59:00","guid":{"rendered":"https:\/\/sxpowercase.com\/?post_type=product&#038;p=4559"},"modified":"2024-09-26T04:59:01","modified_gmt":"2024-09-26T03:59:01","slug":"support-hinge-kit-stc101","status":"publish","type":"product","link":"https:\/\/sxflightcase.com\/hu\/termek\/tarto-csuklopant-keszlet-stc101\/","title":{"rendered":"STC101 tart\u00f3 csukl\u00f3p\u00e1nt k\u00e9szlet"},"content":{"rendered":"<h3>SX: Megb\u00edzhat\u00f3 <strong>T\u00e1mogat\u00f3 csukl\u00f3p\u00e1nt k\u00e9szlet<\/strong>\u00a0gy\u00e1ri \u00e1ron<\/h3>\n<p>Megfizethet\u0151 \u00e9s kiv\u00e1l\u00f3 min\u0151s\u00e9g\u0171 <a href=\"https:\/\/sxpowercase.com\/product\/support-hinges-stb201\/\"><strong>T\u00e1mogat\u00f3 csukl\u00f3p\u00e1nt k\u00e9szlet<\/strong><\/a>? Az SX az \u00d6n megb\u00edzhat\u00f3 m\u00e1rk\u00e1ja, amely tart\u00f3s csukl\u00f3p\u00e1nt-k\u00e9szleteket k\u00edn\u00e1l a <strong>gy\u00e1ri k\u00f6zvetlen \u00e1rk\u00e9pz\u00e9s<\/strong>. Minden k\u00e9szletet prec\u00edzen tervez\u00fcnk, hogy biztos\u00edtsuk a megb\u00edzhat\u00f3s\u00e1got \u00e9s a hossz\u00fa \u00e9lettartamot, ak\u00e1r szekr\u00e9nyeken, ajt\u00f3kon vagy m\u00e1s berendez\u00e9seken dolgozik. A  weboldalon <a href=\"https:\/\/sxpowercase.com\/\" target=\"_blank\" rel=\"noopener\" title=\"SX\" data-wpil-monitor-id=\"785\">SX<\/a>, nem csak p\u00e9nzt takar\u00edt meg; a min\u0151s\u00e9gbe fektet be.<\/p>\n<h3>Min\u0151s\u00e9g, amelyre sz\u00e1m\u00edthat<\/h3>\n<p>Az SX tiszt\u00e1ban van azzal, hogy minden projekthez er\u0151s \u00e9s megb\u00edzhat\u00f3 hardverre van sz\u00fcks\u00e9g. A <strong>T\u00e1mogat\u00f3 csukl\u00f3p\u00e1nt k\u00e9szletek<\/strong> a legkiv\u00e1l\u00f3bb anyagokb\u00f3l k\u00e9sz\u00fclnek, biztos\u00edtva a maxim\u00e1lis szil\u00e1rds\u00e1got \u00e9s tart\u00f3ss\u00e1got. Legyen sz\u00f3 otthoni vagy ipari alkalmaz\u00e1sr\u00f3l, ezek a k\u00e9szletek tart\u00f3san k\u00e9sz\u00fclnek. Mivel k\u00f6zvetlen\u00fcl a gy\u00e1runkb\u00f3l \u00e9rt\u00e9kes\u00edtj\u00fck, garant\u00e1ljuk <strong>alacsonyabb \u00e1rak<\/strong> an\u00e9lk\u00fcl, hogy vesz\u00e9lyeztetn\u00e9 a <strong>min\u0151s\u00e9gbiztos\u00edt\u00e1s<\/strong> meg\u00e9rdemled.<\/p>\n<h3>Sokoldal\u00fas\u00e1g \u00e9s k\u00f6nny\u0171 telep\u00edt\u00e9s<\/h3>\n<p>A <strong>T\u00e1mogat\u00f3 csukl\u00f3p\u00e1nt k\u00e9szletek<\/strong> az ig\u00e9nyek sz\u00e9les k\u00f6r\u00e9nek kiel\u00e9g\u00edt\u00e9s\u00e9re tervezt\u00e9k. Minden k\u00e9szletet \u00fagy terveztek, hogy k\u00f6nnyen telep\u00edthet\u0151 legyen, \u00edgy id\u0151t \u00e9s energi\u00e1t takar\u00edthat meg. Ak\u00e1r bark\u00e1csol\u00f3, ak\u00e1r szakember, az SX k\u00e9szletei minden olyan alkatr\u00e9szt tartalmaznak, amelyre sz\u00fcks\u00e9ge van a sikeres projekthez. R\u00e1ad\u00e1sul a <strong>gy\u00e1ri k\u00f6zvetlen \u00e1rak<\/strong>, verhetetlen \u00e9rt\u00e9ket kap, ami minket a min\u0151s\u00e9gi hardvermegold\u00e1sok sz\u00e1ll\u00edt\u00f3j\u00e1v\u00e1 tesz.<\/p>\n<h3>Mi\u00e9rt az SX a megfelel\u0151 v\u00e1laszt\u00e1s<\/h3>\n<p>Ha az SX-et v\u00e1lasztja, a megb\u00edzhat\u00f3s\u00e1got v\u00e1lasztja. A <strong>T\u00e1mogat\u00f3 csukl\u00f3p\u00e1nt k\u00e9szletek<\/strong> a teljes\u00edtm\u00e9ny \u00e9s a hossz\u00fa \u00e9lettartam szempontj\u00e1b\u00f3l apr\u00f3l\u00e9kosan teszteltek, \u00edgy ide\u00e1lisak b\u00e1rmilyen k\u00f6rnyezetben. B\u00fcszk\u00e9k vagyunk arra, hogy <strong>alacsony \u00e1rak<\/strong> \u00e9s egy <strong>min\u0151s\u00e9gi garancia<\/strong>, biztos\u00edtva, hogy a legjobb \u00e9rt\u00e9ket kapja a piacon. H\u00edrnev\u00fcnk <strong>megfizethet\u0151s\u00e9g<\/strong> \u00e9s kiv\u00e1l\u00f3s\u00e1g\u00e1nak k\u00f6sz\u00f6nhet\u0151en az SX a szakemberek \u00e9s a bark\u00e1csol\u00f3k sz\u00e1m\u00e1ra egyar\u00e1nt a legkedveltebb v\u00e1laszt\u00e1s.<\/p>\n<h3>Az SX el\u0151nye<\/h3>\n<p>SX <strong>T\u00e1mogat\u00f3 csukl\u00f3p\u00e1nt k\u00e9szletek<\/strong> k\u00f6zvetlen\u00fcl a gy\u00e1runkb\u00f3l sz\u00e1ll\u00edtjuk, ami lehet\u0151v\u00e9 teszi sz\u00e1munkra a k\u00f6lts\u00e9gek cs\u00f6kkent\u00e9s\u00e9t \u00e9s a megtakar\u00edt\u00e1sok \u00e1tad\u00e1s\u00e1t \u00d6nnek. Minden k\u00e9szlet kiv\u00e9teles teljes\u00edtm\u00e9nyt ny\u00fajt, biztos\u00edtva, hogy egyhamar nem lesz sz\u00fcks\u00e9ge cser\u00e9re. Elk\u00f6telezetts\u00e9g\u00fcnk <strong>magas sz\u00ednvonal<\/strong> \u00e9s <strong>megfizethet\u0151 \u00e1rk\u00e9pz\u00e9s<\/strong> azt jelenti, hogy megb\u00edzhat az SX-ben, ha csukl\u00f3p\u00e1ntk\u00e9szletre van sz\u00fcks\u00e9ge. Tapasztalja meg a gy\u00e1ri k\u00f6zvetlen <strong>\u00e1rk\u00e9pz\u00e9s<\/strong> kombin\u00e1lva a cs\u00facsmin\u0151s\u00e9g\u0171 <strong>min\u0151s\u00e9g<\/strong>.<\/p>\n<h3>K\u00f6vetkeztet\u00e9s<\/h3>\n<p>Az SX tart\u00f3s, megb\u00edzhat\u00f3 \u00e9s megfizethet\u0151 <strong>T\u00e1mogat\u00f3 csukl\u00f3p\u00e1nt k\u00e9szletek<\/strong> a legk\u00fcl\u00f6nb\u00f6z\u0151bb alkalmaz\u00e1sokhoz. A mi <strong>gy\u00e1ri k\u00f6zvetlen modell<\/strong>, kiv\u00e1l\u00f3 min\u0151s\u00e9g\u0171 term\u00e9keket kap a <strong>alacsony \u00e1rak<\/strong>, an\u00e9lk\u00fcl, hogy a teljes\u00edtm\u00e9ny cs\u00f6kkenne.<\/p>\n<ol>\n<li>Kapcsolatfelv\u00e9tel most:<span style=\"color: #0000ff;\"><a style=\"color: #0000ff;\" href=\"https:\/\/sxpowercase.com\/contact-us\/\">https:\/\/sxpowercase.com\/<\/a><\/span><\/li>\n<li>Hardver term\u00e9kkatal\u00f3gus\uff1a<span style=\"color: #0000ff;\"><a style=\"color: #0000ff;\" href=\"https:\/\/sxpowercase.com\/wp-content\/uploads\/2024\/07\/\u4e94\u91d1.pdf\">Hardver tartoz\u00e9kok katal\u00f3gusa<\/a><\/span><\/li>\n<\/ol>","protected":false},"excerpt":{"rendered":"<h3>Megfizethet\u0151, kiv\u00e1l\u00f3 min\u0151s\u00e9g\u0171 tart\u00f3csukl\u00f3p\u00e1nt-k\u00e9szletek<\/h3>\n<p>Az SX tart\u00f3s csukl\u00f3p\u00e1nt-k\u00e9szleteket k\u00edn\u00e1l gy\u00e1ri k\u00f6zvetlen \u00e1ron, biztos\u00edtva a k\u00f6lts\u00e9gmegtakar\u00edt\u00e1st \u00e9s a hossz\u00fa \u00e9lettartam\u00fa min\u0151s\u00e9get a szekr\u00e9nyek, ajt\u00f3k \u00e9s egyebek sz\u00e1m\u00e1ra.<\/p>\n<h3>Megb\u00edzhat\u00f3 teljes\u00edtm\u00e9ny, tart\u00f3san meg\u00e9p\u00edtve<\/h3>\n<p>Az SX Support csukl\u00f3p\u00e1nt-k\u00e9szletek pr\u00e9mium min\u0151s\u00e9g\u0171 anyagokb\u00f3l k\u00e9sz\u00fclnek, amelyeket \u00fagy terveztek, hogy szil\u00e1rds\u00e1got \u00e9s tart\u00f3ss\u00e1got biztos\u00edtsanak otthoni \u00e9s ipari alkalmaz\u00e1sokhoz egyar\u00e1nt.<\/p>\n<h3>Egyszer\u0171 telep\u00edt\u00e9s \u00e9s kiv\u00e9teles \u00e9rt\u00e9k<\/h3>\n<p>Az SX-k\u00e9szletek sokoldal\u00faak, k\u00f6nnyen telep\u00edthet\u0151k, \u00e9s minden sz\u00fcks\u00e9ges alkatr\u00e9szt tartalmaznak, \u00edgy verhetetlen \u00e9rt\u00e9ket k\u00edn\u00e1lnak a gy\u00e1ri k\u00f6zvetlen \u00e1rakkal.<\/p>","protected":false},"featured_media":4503,"comment_status":"open","ping_status":"closed","template":"","meta":[],"product_brand":[],"product_cat":[67],"product_tag":[],"class_list":{"0":"post-4559","1":"product","2":"type-product","3":"status-publish","4":"has-post-thumbnail","6":"product_cat-hingesstays","8":"first","9":"instock","10":"shipping-taxable","11":"product-type-simple"},"yoast_head":"<!-- This site is optimized with the Yoast SEO Premium plugin v27.1 (Yoast SEO v27.2) - https:\/\/yoast.com\/product\/yoast-seo-premium-wordpress\/ -->\n<title>Support Hinge Kit STC101 - https:\/\/sxflightcase.com \ud83d\udc97<\/title>\n<meta name=\"description\" content=\"Get top-quality support hinge kits at factory-direct prices from SX. Reliable, durable, and easy to install. Perfect for all projects.\" \/>\n<meta name=\"robots\" content=\"index, follow, max-snippet:-1, max-image-preview:large, max-video-preview:-1\" \/>\n<link rel=\"canonical\" href=\"https:\/\/sxflightcase.com\/hu\/termek\/tarto-csuklopant-keszlet-stc101\/\" \/>\n<meta property=\"og:locale\" content=\"hu_HU\" \/>\n<meta property=\"og:type\" content=\"article\" \/>\n<meta property=\"og:title\" content=\"Support Hinge Kit STC101\" \/>\n<meta property=\"og:description\" content=\"Get top-quality support hinge kits at factory-direct prices from SX. Reliable, durable, and easy to install. Perfect for all projects.\" \/>\n<meta property=\"og:url\" content=\"https:\/\/sxflightcase.com\/hu\/termek\/tarto-csuklopant-keszlet-stc101\/\" \/>\n<meta property=\"og:site_name\" content=\"https:\/\/sxflightcase.com\" \/>\n<meta property=\"article:publisher\" content=\"https:\/\/www.facebook.com\/profile.php?id=61560407257971\" \/>\n<meta property=\"article:modified_time\" content=\"2024-09-26T03:59:01+00:00\" \/>\n<meta property=\"og:image\" content=\"https:\/\/sxflightcase.com\/wp-content\/uploads\/2024\/09\/STC101.jpg\" \/>\n\t<meta property=\"og:image:width\" content=\"700\" \/>\n\t<meta property=\"og:image:height\" content=\"700\" \/>\n\t<meta property=\"og:image:type\" content=\"image\/jpeg\" \/>\n<meta name=\"twitter:card\" content=\"summary_large_image\" \/>\n<meta name=\"twitter:label1\" content=\"Becs\u00fclt olvas\u00e1si id\u0151\" \/>\n\t<meta name=\"twitter:data1\" content=\"3 perc\" \/>\n<script type=\"application\/ld+json\" class=\"yoast-schema-graph\">{\"@context\":\"https:\/\/schema.org\",\"@graph\":[{\"@type\":\"WebPage\",\"@id\":\"https:\/\/sxflightcase.com\/product\/support-hinge-kit-stc101\/\",\"url\":\"https:\/\/sxflightcase.com\/product\/support-hinge-kit-stc101\/\",\"name\":\"Support Hinge Kit STC101 - https:\/\/sxflightcase.com \ud83d\udc97\",\"isPartOf\":{\"@id\":\"https:\/\/sxflightcase.com\/th\/#website\"},\"primaryImageOfPage\":{\"@id\":\"https:\/\/sxflightcase.com\/product\/support-hinge-kit-stc101\/#primaryimage\"},\"image\":{\"@id\":\"https:\/\/sxflightcase.com\/product\/support-hinge-kit-stc101\/#primaryimage\"},\"thumbnailUrl\":\"https:\/\/sxflightcase.com\/wp-content\/uploads\/2024\/09\/STC101.jpg\",\"datePublished\":\"2024-09-26T03:59:00+00:00\",\"dateModified\":\"2024-09-26T03:59:01+00:00\",\"description\":\"Get top-quality support hinge kits at factory-direct prices from SX. Reliable, durable, and easy to install. Perfect for all projects.\",\"breadcrumb\":{\"@id\":\"https:\/\/sxflightcase.com\/product\/support-hinge-kit-stc101\/#breadcrumb\"},\"inLanguage\":\"hu\",\"potentialAction\":[{\"@type\":\"ReadAction\",\"target\":[\"https:\/\/sxflightcase.com\/product\/support-hinge-kit-stc101\/\"]}]},{\"@type\":\"ImageObject\",\"inLanguage\":\"hu\",\"@id\":\"https:\/\/sxflightcase.com\/product\/support-hinge-kit-stc101\/#primaryimage\",\"url\":\"https:\/\/sxflightcase.com\/wp-content\/uploads\/2024\/09\/STC101.jpg\",\"contentUrl\":\"https:\/\/sxflightcase.com\/wp-content\/uploads\/2024\/09\/STC101.jpg\",\"width\":700,\"height\":700,\"caption\":\"Support Hinge Kit\"},{\"@type\":\"BreadcrumbList\",\"@id\":\"https:\/\/sxflightcase.com\/product\/support-hinge-kit-stc101\/#breadcrumb\",\"itemListElement\":[{\"@type\":\"ListItem\",\"position\":1,\"name\":\"Home\",\"item\":\"https:\/\/sxflightcase.com\/\"},{\"@type\":\"ListItem\",\"position\":2,\"name\":\"\u0e2a\u0e34\u0e19\u0e04\u0e49\u0e32\",\"item\":\"https:\/\/sxflightcase.com\/th\/shop\/\"},{\"@type\":\"ListItem\",\"position\":3,\"name\":\"Support Hinge Kit STC101\"}]},{\"@type\":\"WebSite\",\"@id\":\"https:\/\/sxflightcase.com\/th\/#website\",\"url\":\"https:\/\/sxflightcase.com\/th\/\",\"name\":\"sxpowercase.com\",\"description\":\"Flight Case Factory\",\"publisher\":{\"@id\":\"https:\/\/sxflightcase.com\/th\/#organization\"},\"potentialAction\":[{\"@type\":\"SearchAction\",\"target\":{\"@type\":\"EntryPoint\",\"urlTemplate\":\"https:\/\/sxflightcase.com\/th\/?s={search_term_string}\"},\"query-input\":{\"@type\":\"PropertyValueSpecification\",\"valueRequired\":true,\"valueName\":\"search_term_string\"}}],\"inLanguage\":\"hu\"},{\"@type\":\"Organization\",\"@id\":\"https:\/\/sxflightcase.com\/th\/#organization\",\"name\":\"sxpowercase.com\",\"url\":\"https:\/\/sxflightcase.com\/th\/\",\"logo\":{\"@type\":\"ImageObject\",\"inLanguage\":\"hu\",\"@id\":\"https:\/\/sxflightcase.com\/th\/#\/schema\/logo\/image\/\",\"url\":\"https:\/\/sxflightcase.com\/wp-content\/uploads\/2024\/04\/1713919036007.jpg\",\"contentUrl\":\"https:\/\/sxflightcase.com\/wp-content\/uploads\/2024\/04\/1713919036007.jpg\",\"width\":382,\"height\":388,\"caption\":\"sxpowercase.com\"},\"image\":{\"@id\":\"https:\/\/sxflightcase.com\/th\/#\/schema\/logo\/image\/\"},\"sameAs\":[\"https:\/\/www.facebook.com\/profile.php?id=61560407257971\"],\"numberOfEmployees\":{\"@type\":\"QuantitativeValue\",\"minValue\":\"11\",\"maxValue\":\"50\"}}]}<\/script>\n<!-- \/ Yoast SEO Premium plugin. -->","yoast_head_json":{"title":"Support Hinge Kit STC101 - https:\/\/sxflightcase.com \ud83d\udc97","description":"Az SX-t\u0151l kiv\u00e1l\u00f3 min\u0151s\u00e9g\u0171 tart\u00f3csukl\u00f3p\u00e1nt-k\u00e9szleteket szerezhet be gy\u00e1ri \u00e1ron. Megb\u00edzhat\u00f3, tart\u00f3s \u00e9s k\u00f6nnyen felszerelhet\u0151. T\u00f6k\u00e9letes minden projekthez.","robots":{"index":"index","follow":"follow","max-snippet":"max-snippet:-1","max-image-preview":"max-image-preview:large","max-video-preview":"max-video-preview:-1"},"canonical":"https:\/\/sxflightcase.com\/hu\/termek\/tarto-csuklopant-keszlet-stc101\/","og_locale":"hu_HU","og_type":"article","og_title":"Support Hinge Kit STC101","og_description":"Get top-quality support hinge kits at factory-direct prices from SX. Reliable, durable, and easy to install. Perfect for all projects.","og_url":"https:\/\/sxflightcase.com\/hu\/termek\/tarto-csuklopant-keszlet-stc101\/","og_site_name":"https:\/\/sxflightcase.com","article_publisher":"https:\/\/www.facebook.com\/profile.php?id=61560407257971","article_modified_time":"2024-09-26T03:59:01+00:00","og_image":[{"width":700,"height":700,"url":"https:\/\/sxflightcase.com\/wp-content\/uploads\/2024\/09\/STC101.jpg","type":"image\/jpeg"}],"twitter_card":"summary_large_image","twitter_misc":{"Becs\u00fclt olvas\u00e1si id\u0151":"3 perc"},"schema":{"@context":"https:\/\/schema.org","@graph":[{"@type":"WebPage","@id":"https:\/\/sxflightcase.com\/product\/support-hinge-kit-stc101\/","url":"https:\/\/sxflightcase.com\/product\/support-hinge-kit-stc101\/","name":"Support Hinge Kit STC101 - https:\/\/sxflightcase.com \ud83d\udc97","isPartOf":{"@id":"https:\/\/sxflightcase.com\/th\/#website"},"primaryImageOfPage":{"@id":"https:\/\/sxflightcase.com\/product\/support-hinge-kit-stc101\/#primaryimage"},"image":{"@id":"https:\/\/sxflightcase.com\/product\/support-hinge-kit-stc101\/#primaryimage"},"thumbnailUrl":"https:\/\/sxflightcase.com\/wp-content\/uploads\/2024\/09\/STC101.jpg","datePublished":"2024-09-26T03:59:00+00:00","dateModified":"2024-09-26T03:59:01+00:00","description":"Az SX-t\u0151l kiv\u00e1l\u00f3 min\u0151s\u00e9g\u0171 tart\u00f3csukl\u00f3p\u00e1nt-k\u00e9szleteket szerezhet be gy\u00e1ri \u00e1ron. Megb\u00edzhat\u00f3, tart\u00f3s \u00e9s k\u00f6nnyen felszerelhet\u0151. T\u00f6k\u00e9letes minden projekthez.","breadcrumb":{"@id":"https:\/\/sxflightcase.com\/product\/support-hinge-kit-stc101\/#breadcrumb"},"inLanguage":"hu","potentialAction":[{"@type":"ReadAction","target":["https:\/\/sxflightcase.com\/product\/support-hinge-kit-stc101\/"]}]},{"@type":"ImageObject","inLanguage":"hu","@id":"https:\/\/sxflightcase.com\/product\/support-hinge-kit-stc101\/#primaryimage","url":"https:\/\/sxflightcase.com\/wp-content\/uploads\/2024\/09\/STC101.jpg","contentUrl":"https:\/\/sxflightcase.com\/wp-content\/uploads\/2024\/09\/STC101.jpg","width":700,"height":700,"caption":"Support Hinge Kit"},{"@type":"BreadcrumbList","@id":"https:\/\/sxflightcase.com\/product\/support-hinge-kit-stc101\/#breadcrumb","itemListElement":[{"@type":"ListItem","position":1,"name":"Home","item":"https:\/\/sxflightcase.com\/"},{"@type":"ListItem","position":2,"name":"\u0e2a\u0e34\u0e19\u0e04\u0e49\u0e32","item":"https:\/\/sxflightcase.com\/th\/shop\/"},{"@type":"ListItem","position":3,"name":"Support Hinge Kit STC101"}]},{"@type":"WebSite","@id":"https:\/\/sxflightcase.com\/th\/#website","url":"https:\/\/sxflightcase.com\/th\/","name":"sxpowercase.com","description":"Flight Case Factory","publisher":{"@id":"https:\/\/sxflightcase.com\/th\/#organization"},"potentialAction":[{"@type":"SearchAction","target":{"@type":"EntryPoint","urlTemplate":"https:\/\/sxflightcase.com\/th\/?s={search_term_string}"},"query-input":{"@type":"PropertyValueSpecification","valueRequired":true,"valueName":"search_term_string"}}],"inLanguage":"hu"},{"@type":"Organization","@id":"https:\/\/sxflightcase.com\/th\/#organization","name":"sxpowercase.com","url":"https:\/\/sxflightcase.com\/th\/","logo":{"@type":"ImageObject","inLanguage":"hu","@id":"https:\/\/sxflightcase.com\/th\/#\/schema\/logo\/image\/","url":"https:\/\/sxflightcase.com\/wp-content\/uploads\/2024\/04\/1713919036007.jpg","contentUrl":"https:\/\/sxflightcase.com\/wp-content\/uploads\/2024\/04\/1713919036007.jpg","width":382,"height":388,"caption":"sxpowercase.com"},"image":{"@id":"https:\/\/sxflightcase.com\/th\/#\/schema\/logo\/image\/"},"sameAs":["https:\/\/www.facebook.com\/profile.php?id=61560407257971"],"numberOfEmployees":{"@type":"QuantitativeValue","minValue":"11","maxValue":"50"}}]}},"_links":{"self":[{"href":"https:\/\/sxflightcase.com\/hu\/wp-json\/wp\/v2\/product\/4559","targetHints":{"allow":["GET"]}}],"collection":[{"href":"https:\/\/sxflightcase.com\/hu\/wp-json\/wp\/v2\/product"}],"about":[{"href":"https:\/\/sxflightcase.com\/hu\/wp-json\/wp\/v2\/types\/product"}],"replies":[{"embeddable":true,"href":"https:\/\/sxflightcase.com\/hu\/wp-json\/wp\/v2\/comments?post=4559"}],"version-history":[{"count":0,"href":"https:\/\/sxflightcase.com\/hu\/wp-json\/wp\/v2\/product\/4559\/revisions"}],"wp:featuredmedia":[{"embeddable":true,"href":"https:\/\/sxflightcase.com\/hu\/wp-json\/wp\/v2\/media\/4503"}],"wp:attachment":[{"href":"https:\/\/sxflightcase.com\/hu\/wp-json\/wp\/v2\/media?parent=4559"}],"wp:term":[{"taxonomy":"product_brand","embeddable":true,"href":"https:\/\/sxflightcase.com\/hu\/wp-json\/wp\/v2\/product_brand?post=4559"},{"taxonomy":"product_cat","embeddable":true,"href":"https:\/\/sxflightcase.com\/hu\/wp-json\/wp\/v2\/product_cat?post=4559"},{"taxonomy":"product_tag","embeddable":true,"href":"https:\/\/sxflightcase.com\/hu\/wp-json\/wp\/v2\/product_tag?post=4559"}],"curies":[{"name":"wp","href":"https:\/\/api.w.org\/{rel}","templated":true}]}}