{"id":4560,"date":"2024-09-26T05:01:49","date_gmt":"2024-09-26T04:01:49","guid":{"rendered":"https:\/\/sxpowercase.com\/?post_type=product&#038;p=4560"},"modified":"2024-09-26T05:01:50","modified_gmt":"2024-09-26T04:01:50","slug":"support-hinge-kits-stc102","status":"publish","type":"product","link":"https:\/\/sxflightcase.com\/hu\/termek\/tarto-csuklopant-keszletek-stc102\/","title":{"rendered":"Tart\u00f3 csukl\u00f3p\u00e1nt-k\u00e9szletek STC102"},"content":{"rendered":"<h3>SX: Kiv\u00e1l\u00f3 min\u0151s\u00e9g <strong>T\u00e1mogat\u00f3 csukl\u00f3p\u00e1nt k\u00e9szletek<\/strong> gy\u00e1ri \u00e1ron<\/h3>\n<p>Megb\u00edzhat\u00f3t keres <a href=\"https:\/\/sxpowercase.com\/product\/support-hinge-kit-stc101\/\"><strong>T\u00e1mogat\u00f3 csukl\u00f3p\u00e1nt k\u00e9szletek<\/strong><\/a> a k\u00f6vetkez\u0151 projektj\u00e9hez? Az SX az\u00e9rt van itt, hogy tart\u00f3s \u00e9s megfizethet\u0151 megold\u00e1sokat k\u00edn\u00e1ljon \u00d6nnek. Gy\u00e1ri k\u00f6zvetlen megk\u00f6zel\u00edt\u00e9s\u00fcnk biztos\u00edtja, hogy a legjobb min\u0151s\u00e9g\u0171 term\u00e9keket kapja a legalacsonyabb \u00e1ron. <strong>alacsony \u00e1rak<\/strong>, an\u00e9lk\u00fcl, hogy kompromisszumot k\u00f6tn\u00e9nk a tart\u00f3ss\u00e1g vagy a teljes\u00edtm\u00e9ny ter\u00e9n. A  c\u00edmen <a href=\"https:\/\/sxpowercase.com\/\" target=\"_blank\" rel=\"noopener\" title=\"SX\" data-wpil-monitor-id=\"786\">SX<\/a>, kiv\u00e1l\u00f3 min\u0151s\u00e9g\u0171 term\u00e9keket \u00e9s jelent\u0151s megtakar\u00edt\u00e1sokat kap.<\/p>\n<h3>Er\u0151re \u00e9s hossz\u00fa \u00e9lettartamra tervezve<\/h3>\n<p>Az SX-n\u00e9l a mi <strong>T\u00e1mogat\u00f3 csukl\u00f3p\u00e1nt k\u00e9szletek<\/strong> min\u0151s\u00e9gi anyagokb\u00f3l k\u00e9sz\u00fcltek, hogy biztos\u00edts\u00e1k a tart\u00f3s szil\u00e1rds\u00e1got \u00e9s megb\u00edzhat\u00f3s\u00e1got. Legyen sz\u00f3 lak\u00f3-, ipari vagy kereskedelmi alkalmaz\u00e1sokr\u00f3l, ezek a zsan\u00e9rk\u00e9szletek biztos\u00edtj\u00e1k a hossz\u00fa t\u00e1v\u00fa haszn\u00e1lathoz sz\u00fcks\u00e9ges szil\u00e1rds\u00e1got. Megb\u00edzhat az SX-ben <strong>min\u0151s\u00e9gbiztos\u00edt\u00e1s<\/strong> verhetetlen \u00e1ron, mivel k\u00f6zvetlen\u00fcl a gy\u00e1rb\u00f3l gy\u00e1rtjuk \u00e9s \u00e9rt\u00e9kes\u00edtj\u00fck, \u00edgy kiz\u00e1rjuk a k\u00f6zvet\u00edt\u0151ket, \u00e9s a megtakar\u00edt\u00e1st \u00d6nnek adjuk tov\u00e1bb.<\/p>\n<h3>K\u00f6nnyen telep\u00edthet\u0151, sokoldal\u00faan alkalmazhat\u00f3<\/h3>\n<p>A <strong>T\u00e1mogat\u00f3 csukl\u00f3p\u00e1nt k\u00e9szletek<\/strong> az egyszer\u0171s\u00e9g \u00e9s a sokoldal\u00fas\u00e1g jegy\u00e9ben k\u00e9sz\u00fcltek. Minden k\u00e9szlet tartalmazza az \u00f6sszes sz\u00fcks\u00e9ges alkatr\u00e9szt a gyors \u00e9s egyszer\u0171 telep\u00edt\u00e9shez, \u00edgy egyar\u00e1nt alkalmasak a szakemberek \u00e9s a bark\u00e1csol\u00f3k sz\u00e1m\u00e1ra. Ak\u00e1r szekr\u00e9nyeken, ajt\u00f3kon vagy egyedi \u00e9p\u00edt\u00e9s\u0171 burkolatokon dolgozik, ezek a k\u00e9szletek k\u00fcl\u00f6nb\u00f6z\u0151 felhaszn\u00e1l\u00e1si c\u00e9lokra t\u00f6k\u00e9letesek. Az SX biztos\u00edtja, hogy kiv\u00e1l\u00f3 min\u0151s\u00e9g\u0171 hardvermegold\u00e1sokat kapjon, amelyek <strong>k\u00f6lts\u00e9ghat\u00e9kony<\/strong> \u00e9s k\u00f6nnyen kezelhet\u0151.<\/p>\n<h3>Szakemberek \u00e9s lak\u00e1stulajdonosok egyar\u00e1nt megb\u00edznak benne<\/h3>\n<p>Az SX h\u00edrnevet szerzett mag\u00e1nak a k\u00f6vetkez\u0151kr\u0151l <strong>megb\u00edzhat\u00f3 term\u00e9kek<\/strong> a  c\u00edmen. <strong>alacsony \u00e1rak<\/strong>. A <strong>T\u00e1mogat\u00f3 csukl\u00f3p\u00e1nt k\u00e9szletek<\/strong> a szakemberek \u00e9s a bark\u00e1csol\u00f3k is megb\u00edznak benn\u00fck, mert \u00f6tv\u00f6zik <strong>nagy teljes\u00edtm\u00e9ny<\/strong> a megfizethet\u0151s\u00e9ggel. Garant\u00e1ljuk minden term\u00e9k min\u0151s\u00e9g\u00e9t, \u00edgy biztos\u00edtjuk, hogy a lehet\u0151 legjobb megold\u00e1st kapja projektjeihez. A gy\u00e1ri k\u00f6zvetlen beszerz\u00e9snek k\u00f6sz\u00f6nhet\u0151en tart\u00f3s term\u00e9keket kap a szok\u00e1sos k\u00f6lts\u00e9gek t\u00f6red\u00e9k\u00e9\u00e9rt.<\/p>\n<h3>Mi\u00e9rt v\u00e1lassza az SX-et?<\/h3>\n<p>Amikor az SX-et v\u00e1lasztja, a kiv\u00e1l\u00f3 k\u00e9zm\u0171ves munk\u00e1t \u00e9s a <strong>k\u00f6zvetlen\u00fcl a gy\u00e1rb\u00f3l sz\u00e1rmaz\u00f3 \u00e1rak<\/strong>. Elk\u00f6telezetts\u00e9g\u00fcnk <strong>min\u0151s\u00e9g \u00e9s megfizethet\u0151s\u00e9g<\/strong> megk\u00fcl\u00f6nb\u00f6ztet minket a piacon. A mi <strong>T\u00e1mogat\u00f3 csukl\u00f3p\u00e1nt k\u00e9szletek<\/strong>, k\u00f6nny\u0171 telep\u00edt\u00e9sre, kiv\u00e1l\u00f3 min\u0151s\u00e9g\u0171 anyagokra \u00e9s hossz\u00fa t\u00e1v\u00fa teljes\u00edtm\u00e9nyre sz\u00e1m\u00edthat megfizethet\u0151 \u00e1ron. Az SX az \u00d6n forr\u00e1sa a zsan\u00e9rk\u00e9szletekhez, amelyek a k\u00f6vetkez\u0151ket ny\u00fajtj\u00e1k <strong>\u00e9rt\u00e9k \u00e9s megb\u00edzhat\u00f3s\u00e1g<\/strong>.<\/p>\n<h3>K\u00f6vetkeztet\u00e9s<\/h3>\n<p>SX <strong>T\u00e1mogat\u00f3 csukl\u00f3p\u00e1nt k\u00e9szlet<\/strong>\u00a0megb\u00edzhat\u00f3, hossz\u00fa \u00e9lettartam\u00fa megold\u00e1st k\u00edn\u00e1lnak k\u00fcl\u00f6nb\u00f6z\u0151 alkalmaz\u00e1sokhoz, mik\u00f6zben k\u00f6nnyen telep\u00edthet\u0151k \u00e9s k\u00f6lts\u00e9ghat\u00e9konyak. \u00c9lvezze a <strong>gy\u00e1ri k\u00f6zvetlen \u00e1rk\u00e9pz\u00e9s<\/strong> egy <strong>min\u0151s\u00e9gi garancia<\/strong> ha az SX-et v\u00e1lasztja a csukl\u00f3p\u00e1ntokkal kapcsolatos ig\u00e9nyeinek kiel\u00e9g\u00edt\u00e9s\u00e9re.<\/p>\n<ol>\n<li>Kapcsolatfelv\u00e9tel most:<span style=\"color: #0000ff;\"><a style=\"color: #0000ff;\" href=\"https:\/\/sxpowercase.com\/contact-us\/\">https:\/\/sxpowercase.com\/<\/a><\/span><\/li>\n<li>Hardver term\u00e9kkatal\u00f3gus\uff1a<span style=\"color: #0000ff;\"><a style=\"color: #0000ff;\" href=\"https:\/\/sxpowercase.com\/wp-content\/uploads\/2024\/07\/\u4e94\u91d1.pdf\">Hardver tartoz\u00e9kok katal\u00f3gusa<\/a><\/span><\/li>\n<\/ol>","protected":false},"excerpt":{"rendered":"<h3>Megfizethet\u0151, kiv\u00e1l\u00f3 min\u0151s\u00e9g\u0171 tart\u00f3csukl\u00f3p\u00e1nt-k\u00e9szletek<\/h3>\n<p>Az SX tart\u00f3s csukl\u00f3p\u00e1nt-k\u00e9szleteket k\u00edn\u00e1l gy\u00e1ri k\u00f6zvetlen \u00e1ron, biztos\u00edtva a k\u00f6lts\u00e9gmegtakar\u00edt\u00e1st \u00e9s a hossz\u00fa \u00e9lettartam\u00fa min\u0151s\u00e9get a szekr\u00e9nyek, ajt\u00f3k \u00e9s egyebek sz\u00e1m\u00e1ra.<\/p>\n<h3>Megb\u00edzhat\u00f3 teljes\u00edtm\u00e9ny, tart\u00f3san meg\u00e9p\u00edtve<\/h3>\n<p>Az SX Support csukl\u00f3p\u00e1nt-k\u00e9szletek pr\u00e9mium min\u0151s\u00e9g\u0171 anyagokb\u00f3l k\u00e9sz\u00fclnek, amelyeket \u00fagy terveztek, hogy szil\u00e1rds\u00e1got \u00e9s tart\u00f3ss\u00e1got biztos\u00edtsanak otthoni \u00e9s ipari alkalmaz\u00e1sokhoz egyar\u00e1nt.<\/p>\n<h3>Egyszer\u0171 telep\u00edt\u00e9s \u00e9s kiv\u00e9teles \u00e9rt\u00e9k<\/h3>\n<p>Az SX-k\u00e9szletek sokoldal\u00faak, k\u00f6nnyen telep\u00edthet\u0151k, \u00e9s minden sz\u00fcks\u00e9ges alkatr\u00e9szt tartalmaznak, \u00edgy verhetetlen \u00e9rt\u00e9ket k\u00edn\u00e1lnak a gy\u00e1ri k\u00f6zvetlen \u00e1rakkal.<\/p>","protected":false},"featured_media":4504,"comment_status":"open","ping_status":"closed","template":"","meta":[],"product_brand":[],"product_cat":[67],"product_tag":[],"class_list":{"0":"post-4560","1":"product","2":"type-product","3":"status-publish","4":"has-post-thumbnail","6":"product_cat-hingesstays","8":"first","9":"instock","10":"shipping-taxable","11":"product-type-simple"},"yoast_head":"<!-- This site is optimized with the Yoast SEO Premium plugin v27.1 (Yoast SEO v27.2) - https:\/\/yoast.com\/product\/yoast-seo-premium-wordpress\/ -->\n<title>Support Hinge Kits STC102 - https:\/\/sxflightcase.com \ud83d\udc97<\/title>\n<meta name=\"description\" content=\"Discover high-quality, factory-direct support hinge kits from SX. Affordable, durable, and easy to install for any project.\" \/>\n<meta name=\"robots\" content=\"index, follow, max-snippet:-1, max-image-preview:large, max-video-preview:-1\" \/>\n<link rel=\"canonical\" href=\"https:\/\/sxflightcase.com\/hu\/\u0645\u0646\u062a\u062c\/\u0623\u0637\u0642\u0645-\u0627\u0644\u0645\u0641\u0635\u0644\u0627\u062a-\u0627\u0644\u062f\u0627\u0639\u0645\u0629-stc102\/\" \/>\n<meta property=\"og:locale\" content=\"hu_HU\" \/>\n<meta property=\"og:type\" content=\"article\" \/>\n<meta property=\"og:title\" content=\"Support Hinge Kits STC102\" \/>\n<meta property=\"og:description\" content=\"Discover high-quality, factory-direct support hinge kits from SX. Affordable, durable, and easy to install for any project.\" \/>\n<meta property=\"og:url\" content=\"https:\/\/sxflightcase.com\/hu\/\u0645\u0646\u062a\u062c\/\u0623\u0637\u0642\u0645-\u0627\u0644\u0645\u0641\u0635\u0644\u0627\u062a-\u0627\u0644\u062f\u0627\u0639\u0645\u0629-stc102\/\" \/>\n<meta property=\"og:site_name\" content=\"https:\/\/sxflightcase.com\" \/>\n<meta property=\"article:publisher\" content=\"https:\/\/www.facebook.com\/profile.php?id=61560407257971\" \/>\n<meta property=\"article:modified_time\" content=\"2024-09-26T04:01:50+00:00\" \/>\n<meta property=\"og:image\" content=\"https:\/\/sxflightcase.com\/wp-content\/uploads\/2024\/09\/STC102.jpg\" \/>\n\t<meta property=\"og:image:width\" content=\"700\" \/>\n\t<meta property=\"og:image:height\" content=\"700\" \/>\n\t<meta property=\"og:image:type\" content=\"image\/jpeg\" \/>\n<meta name=\"twitter:card\" content=\"summary_large_image\" \/>\n<meta name=\"twitter:label1\" content=\"Becs\u00fclt olvas\u00e1si id\u0151\" \/>\n\t<meta name=\"twitter:data1\" content=\"3 perc\" \/>\n<script type=\"application\/ld+json\" class=\"yoast-schema-graph\">{\"@context\":\"https:\/\/schema.org\",\"@graph\":[{\"@type\":\"WebPage\",\"@id\":\"https:\/\/sxflightcase.com\/ar\/\u0645\u0646\u062a\u062c\/\u0623\u0637\u0642\u0645-\u0627\u0644\u0645\u0641\u0635\u0644\u0627\u062a-\u0627\u0644\u062f\u0627\u0639\u0645\u0629-stc102\/\",\"url\":\"https:\/\/sxflightcase.com\/ar\/\u0645\u0646\u062a\u062c\/\u0623\u0637\u0642\u0645-\u0627\u0644\u0645\u0641\u0635\u0644\u0627\u062a-\u0627\u0644\u062f\u0627\u0639\u0645\u0629-stc102\/\",\"name\":\"Support Hinge Kits STC102 - https:\/\/sxflightcase.com \ud83d\udc97\",\"isPartOf\":{\"@id\":\"https:\/\/sxflightcase.com\/th\/#website\"},\"primaryImageOfPage\":{\"@id\":\"https:\/\/sxflightcase.com\/ar\/\u0645\u0646\u062a\u062c\/\u0623\u0637\u0642\u0645-\u0627\u0644\u0645\u0641\u0635\u0644\u0627\u062a-\u0627\u0644\u062f\u0627\u0639\u0645\u0629-stc102\/#primaryimage\"},\"image\":{\"@id\":\"https:\/\/sxflightcase.com\/ar\/\u0645\u0646\u062a\u062c\/\u0623\u0637\u0642\u0645-\u0627\u0644\u0645\u0641\u0635\u0644\u0627\u062a-\u0627\u0644\u062f\u0627\u0639\u0645\u0629-stc102\/#primaryimage\"},\"thumbnailUrl\":\"https:\/\/sxflightcase.com\/wp-content\/uploads\/2024\/09\/STC102.jpg\",\"datePublished\":\"2024-09-26T04:01:49+00:00\",\"dateModified\":\"2024-09-26T04:01:50+00:00\",\"description\":\"Discover high-quality, factory-direct support hinge kits from SX. Affordable, durable, and easy to install for any project.\",\"breadcrumb\":{\"@id\":\"https:\/\/sxflightcase.com\/ar\/\u0645\u0646\u062a\u062c\/\u0623\u0637\u0642\u0645-\u0627\u0644\u0645\u0641\u0635\u0644\u0627\u062a-\u0627\u0644\u062f\u0627\u0639\u0645\u0629-stc102\/#breadcrumb\"},\"inLanguage\":\"hu\",\"potentialAction\":[{\"@type\":\"ReadAction\",\"target\":[\"https:\/\/sxflightcase.com\/ar\/\u0645\u0646\u062a\u062c\/\u0623\u0637\u0642\u0645-\u0627\u0644\u0645\u0641\u0635\u0644\u0627\u062a-\u0627\u0644\u062f\u0627\u0639\u0645\u0629-stc102\/\"]}]},{\"@type\":\"ImageObject\",\"inLanguage\":\"hu\",\"@id\":\"https:\/\/sxflightcase.com\/ar\/\u0645\u0646\u062a\u062c\/\u0623\u0637\u0642\u0645-\u0627\u0644\u0645\u0641\u0635\u0644\u0627\u062a-\u0627\u0644\u062f\u0627\u0639\u0645\u0629-stc102\/#primaryimage\",\"url\":\"https:\/\/sxflightcase.com\/wp-content\/uploads\/2024\/09\/STC102.jpg\",\"contentUrl\":\"https:\/\/sxflightcase.com\/wp-content\/uploads\/2024\/09\/STC102.jpg\",\"width\":700,\"height\":700,\"caption\":\"Support Hinge Kits\"},{\"@type\":\"BreadcrumbList\",\"@id\":\"https:\/\/sxflightcase.com\/ar\/\u0645\u0646\u062a\u062c\/\u0623\u0637\u0642\u0645-\u0627\u0644\u0645\u0641\u0635\u0644\u0627\u062a-\u0627\u0644\u062f\u0627\u0639\u0645\u0629-stc102\/#breadcrumb\",\"itemListElement\":[{\"@type\":\"ListItem\",\"position\":1,\"name\":\"Home\",\"item\":\"https:\/\/sxflightcase.com\/\"},{\"@type\":\"ListItem\",\"position\":2,\"name\":\"\u0e2a\u0e34\u0e19\u0e04\u0e49\u0e32\",\"item\":\"https:\/\/sxflightcase.com\/th\/shop\/\"},{\"@type\":\"ListItem\",\"position\":3,\"name\":\"Support Hinge Kits STC102\"}]},{\"@type\":\"WebSite\",\"@id\":\"https:\/\/sxflightcase.com\/th\/#website\",\"url\":\"https:\/\/sxflightcase.com\/th\/\",\"name\":\"sxpowercase.com\",\"description\":\"Flight Case Factory\",\"publisher\":{\"@id\":\"https:\/\/sxflightcase.com\/th\/#organization\"},\"potentialAction\":[{\"@type\":\"SearchAction\",\"target\":{\"@type\":\"EntryPoint\",\"urlTemplate\":\"https:\/\/sxflightcase.com\/th\/?s={search_term_string}\"},\"query-input\":{\"@type\":\"PropertyValueSpecification\",\"valueRequired\":true,\"valueName\":\"search_term_string\"}}],\"inLanguage\":\"hu\"},{\"@type\":\"Organization\",\"@id\":\"https:\/\/sxflightcase.com\/th\/#organization\",\"name\":\"sxpowercase.com\",\"url\":\"https:\/\/sxflightcase.com\/th\/\",\"logo\":{\"@type\":\"ImageObject\",\"inLanguage\":\"hu\",\"@id\":\"https:\/\/sxflightcase.com\/th\/#\/schema\/logo\/image\/\",\"url\":\"https:\/\/sxflightcase.com\/wp-content\/uploads\/2024\/04\/1713919036007.jpg\",\"contentUrl\":\"https:\/\/sxflightcase.com\/wp-content\/uploads\/2024\/04\/1713919036007.jpg\",\"width\":382,\"height\":388,\"caption\":\"sxpowercase.com\"},\"image\":{\"@id\":\"https:\/\/sxflightcase.com\/th\/#\/schema\/logo\/image\/\"},\"sameAs\":[\"https:\/\/www.facebook.com\/profile.php?id=61560407257971\"],\"numberOfEmployees\":{\"@type\":\"QuantitativeValue\",\"minValue\":\"11\",\"maxValue\":\"50\"}}]}<\/script>\n<!-- \/ Yoast SEO Premium plugin. -->","yoast_head_json":{"title":"Support Hinge Kits STC102 - https:\/\/sxflightcase.com \ud83d\udc97","description":"Fedezze fel az SX kiv\u00e1l\u00f3 min\u0151s\u00e9g\u0171, gy\u00e1ri, k\u00f6zvetlen gy\u00e1rt\u00e1s\u00fa tart\u00f3csukl\u00f3p\u00e1nt-k\u00e9szleteit. Megfizethet\u0151, tart\u00f3s \u00e9s k\u00f6nnyen telep\u00edthet\u0151 b\u00e1rmilyen projekthez.","robots":{"index":"index","follow":"follow","max-snippet":"max-snippet:-1","max-image-preview":"max-image-preview:large","max-video-preview":"max-video-preview:-1"},"canonical":"https:\/\/sxflightcase.com\/hu\/\u0645\u0646\u062a\u062c\/\u0623\u0637\u0642\u0645-\u0627\u0644\u0645\u0641\u0635\u0644\u0627\u062a-\u0627\u0644\u062f\u0627\u0639\u0645\u0629-stc102\/","og_locale":"hu_HU","og_type":"article","og_title":"Support Hinge Kits STC102","og_description":"Discover high-quality, factory-direct support hinge kits from SX. Affordable, durable, and easy to install for any project.","og_url":"https:\/\/sxflightcase.com\/hu\/\u0645\u0646\u062a\u062c\/\u0623\u0637\u0642\u0645-\u0627\u0644\u0645\u0641\u0635\u0644\u0627\u062a-\u0627\u0644\u062f\u0627\u0639\u0645\u0629-stc102\/","og_site_name":"https:\/\/sxflightcase.com","article_publisher":"https:\/\/www.facebook.com\/profile.php?id=61560407257971","article_modified_time":"2024-09-26T04:01:50+00:00","og_image":[{"width":700,"height":700,"url":"https:\/\/sxflightcase.com\/wp-content\/uploads\/2024\/09\/STC102.jpg","type":"image\/jpeg"}],"twitter_card":"summary_large_image","twitter_misc":{"Becs\u00fclt olvas\u00e1si id\u0151":"3 perc"},"schema":{"@context":"https:\/\/schema.org","@graph":[{"@type":"WebPage","@id":"https:\/\/sxflightcase.com\/ar\/\u0645\u0646\u062a\u062c\/\u0623\u0637\u0642\u0645-\u0627\u0644\u0645\u0641\u0635\u0644\u0627\u062a-\u0627\u0644\u062f\u0627\u0639\u0645\u0629-stc102\/","url":"https:\/\/sxflightcase.com\/ar\/\u0645\u0646\u062a\u062c\/\u0623\u0637\u0642\u0645-\u0627\u0644\u0645\u0641\u0635\u0644\u0627\u062a-\u0627\u0644\u062f\u0627\u0639\u0645\u0629-stc102\/","name":"Support Hinge Kits STC102 - https:\/\/sxflightcase.com \ud83d\udc97","isPartOf":{"@id":"https:\/\/sxflightcase.com\/th\/#website"},"primaryImageOfPage":{"@id":"https:\/\/sxflightcase.com\/ar\/\u0645\u0646\u062a\u062c\/\u0623\u0637\u0642\u0645-\u0627\u0644\u0645\u0641\u0635\u0644\u0627\u062a-\u0627\u0644\u062f\u0627\u0639\u0645\u0629-stc102\/#primaryimage"},"image":{"@id":"https:\/\/sxflightcase.com\/ar\/\u0645\u0646\u062a\u062c\/\u0623\u0637\u0642\u0645-\u0627\u0644\u0645\u0641\u0635\u0644\u0627\u062a-\u0627\u0644\u062f\u0627\u0639\u0645\u0629-stc102\/#primaryimage"},"thumbnailUrl":"https:\/\/sxflightcase.com\/wp-content\/uploads\/2024\/09\/STC102.jpg","datePublished":"2024-09-26T04:01:49+00:00","dateModified":"2024-09-26T04:01:50+00:00","description":"Fedezze fel az SX kiv\u00e1l\u00f3 min\u0151s\u00e9g\u0171, gy\u00e1ri, k\u00f6zvetlen gy\u00e1rt\u00e1s\u00fa tart\u00f3csukl\u00f3p\u00e1nt-k\u00e9szleteit. Megfizethet\u0151, tart\u00f3s \u00e9s k\u00f6nnyen telep\u00edthet\u0151 b\u00e1rmilyen projekthez.","breadcrumb":{"@id":"https:\/\/sxflightcase.com\/ar\/\u0645\u0646\u062a\u062c\/\u0623\u0637\u0642\u0645-\u0627\u0644\u0645\u0641\u0635\u0644\u0627\u062a-\u0627\u0644\u062f\u0627\u0639\u0645\u0629-stc102\/#breadcrumb"},"inLanguage":"hu","potentialAction":[{"@type":"ReadAction","target":["https:\/\/sxflightcase.com\/ar\/\u0645\u0646\u062a\u062c\/\u0623\u0637\u0642\u0645-\u0627\u0644\u0645\u0641\u0635\u0644\u0627\u062a-\u0627\u0644\u062f\u0627\u0639\u0645\u0629-stc102\/"]}]},{"@type":"ImageObject","inLanguage":"hu","@id":"https:\/\/sxflightcase.com\/ar\/\u0645\u0646\u062a\u062c\/\u0623\u0637\u0642\u0645-\u0627\u0644\u0645\u0641\u0635\u0644\u0627\u062a-\u0627\u0644\u062f\u0627\u0639\u0645\u0629-stc102\/#primaryimage","url":"https:\/\/sxflightcase.com\/wp-content\/uploads\/2024\/09\/STC102.jpg","contentUrl":"https:\/\/sxflightcase.com\/wp-content\/uploads\/2024\/09\/STC102.jpg","width":700,"height":700,"caption":"Support Hinge Kits"},{"@type":"BreadcrumbList","@id":"https:\/\/sxflightcase.com\/ar\/\u0645\u0646\u062a\u062c\/\u0623\u0637\u0642\u0645-\u0627\u0644\u0645\u0641\u0635\u0644\u0627\u062a-\u0627\u0644\u062f\u0627\u0639\u0645\u0629-stc102\/#breadcrumb","itemListElement":[{"@type":"ListItem","position":1,"name":"Home","item":"https:\/\/sxflightcase.com\/"},{"@type":"ListItem","position":2,"name":"\u0e2a\u0e34\u0e19\u0e04\u0e49\u0e32","item":"https:\/\/sxflightcase.com\/th\/shop\/"},{"@type":"ListItem","position":3,"name":"Support Hinge Kits STC102"}]},{"@type":"WebSite","@id":"https:\/\/sxflightcase.com\/th\/#website","url":"https:\/\/sxflightcase.com\/th\/","name":"sxpowercase.com","description":"Flight Case Factory","publisher":{"@id":"https:\/\/sxflightcase.com\/th\/#organization"},"potentialAction":[{"@type":"SearchAction","target":{"@type":"EntryPoint","urlTemplate":"https:\/\/sxflightcase.com\/th\/?s={search_term_string}"},"query-input":{"@type":"PropertyValueSpecification","valueRequired":true,"valueName":"search_term_string"}}],"inLanguage":"hu"},{"@type":"Organization","@id":"https:\/\/sxflightcase.com\/th\/#organization","name":"sxpowercase.com","url":"https:\/\/sxflightcase.com\/th\/","logo":{"@type":"ImageObject","inLanguage":"hu","@id":"https:\/\/sxflightcase.com\/th\/#\/schema\/logo\/image\/","url":"https:\/\/sxflightcase.com\/wp-content\/uploads\/2024\/04\/1713919036007.jpg","contentUrl":"https:\/\/sxflightcase.com\/wp-content\/uploads\/2024\/04\/1713919036007.jpg","width":382,"height":388,"caption":"sxpowercase.com"},"image":{"@id":"https:\/\/sxflightcase.com\/th\/#\/schema\/logo\/image\/"},"sameAs":["https:\/\/www.facebook.com\/profile.php?id=61560407257971"],"numberOfEmployees":{"@type":"QuantitativeValue","minValue":"11","maxValue":"50"}}]}},"_links":{"self":[{"href":"https:\/\/sxflightcase.com\/hu\/wp-json\/wp\/v2\/product\/4560","targetHints":{"allow":["GET"]}}],"collection":[{"href":"https:\/\/sxflightcase.com\/hu\/wp-json\/wp\/v2\/product"}],"about":[{"href":"https:\/\/sxflightcase.com\/hu\/wp-json\/wp\/v2\/types\/product"}],"replies":[{"embeddable":true,"href":"https:\/\/sxflightcase.com\/hu\/wp-json\/wp\/v2\/comments?post=4560"}],"version-history":[{"count":0,"href":"https:\/\/sxflightcase.com\/hu\/wp-json\/wp\/v2\/product\/4560\/revisions"}],"wp:featuredmedia":[{"embeddable":true,"href":"https:\/\/sxflightcase.com\/hu\/wp-json\/wp\/v2\/media\/4504"}],"wp:attachment":[{"href":"https:\/\/sxflightcase.com\/hu\/wp-json\/wp\/v2\/media?parent=4560"}],"wp:term":[{"taxonomy":"product_brand","embeddable":true,"href":"https:\/\/sxflightcase.com\/hu\/wp-json\/wp\/v2\/product_brand?post=4560"},{"taxonomy":"product_cat","embeddable":true,"href":"https:\/\/sxflightcase.com\/hu\/wp-json\/wp\/v2\/product_cat?post=4560"},{"taxonomy":"product_tag","embeddable":true,"href":"https:\/\/sxflightcase.com\/hu\/wp-json\/wp\/v2\/product_tag?post=4560"}],"curies":[{"name":"wp","href":"https:\/\/api.w.org\/{rel}","templated":true}]}}