{"id":4561,"date":"2024-09-26T07:09:29","date_gmt":"2024-09-26T06:09:29","guid":{"rendered":"https:\/\/sxpowercase.com\/?post_type=product&#038;p=4561"},"modified":"2024-09-26T07:09:31","modified_gmt":"2024-09-26T06:09:31","slug":"flight-case-support-hinges-stc201","status":"publish","type":"product","link":"https:\/\/sxflightcase.com\/hu\/termek\/repulesi-tok-tarto-csuklopantok-stc201\/","title":{"rendered":"Rep\u00fcl\u0151 tok tart\u00f3 zsan\u00e9rok STC201"},"content":{"rendered":"<h3>SX: Pr\u00e9mium <strong>Flight Case tart\u00f3 zsan\u00e9rok<\/strong> a tart\u00f3s v\u00e9delem\u00e9rt<\/h3>\n<p>Kiv\u00e1l\u00f3 min\u0151s\u00e9g\u0171 <a href=\"https:\/\/sxpowercase.com\/product\/support-hinge-kits-stc102\/\"><strong>Flight Case tart\u00f3 zsan\u00e9rok<\/strong><\/a> hogy felszerel\u00e9sei biztons\u00e1gban maradjanak sz\u00e1ll\u00edt\u00e1s k\u00f6zben? Az SX cs\u00facsmin\u0151s\u00e9g\u0171 tart\u00f3zsan\u00e9rokat k\u00edn\u00e1l, amelyek k\u00f6z\u00e9ppontj\u00e1ban a k\u00f6vetkez\u0151k \u00e1llnak <strong>gy\u00e1ri k\u00f6zvetlen \u00e1rk\u00e9pz\u00e9s<\/strong>. Az SX v\u00e1laszt\u00e1s\u00e1val tart\u00f3s, megb\u00edzhat\u00f3 term\u00e9kekhez juthat, an\u00e9lk\u00fcl, hogy t\u00f6bbletk\u00f6lts\u00e9geket kellene fizetnie, \u00edgy biztos\u00edtva rep\u00fcl\u0151t\u00e1sk\u00e1i maxim\u00e1lis v\u00e9delm\u00e9t.<\/p>\n<h3>Er\u0151 \u00e9s precizit\u00e1s<\/h3>\n<p>SX <strong>Flight Case tart\u00f3 zsan\u00e9rok<\/strong> tervezt\u00e9k <strong>min\u0151s\u00e9g<\/strong> \u00e9s a hossz\u00fa \u00e9lettartamot szem el\u0151tt tartva. \u00c9p\u00fclt <strong>kiv\u00e1l\u00f3 min\u0151s\u00e9g\u0171 anyagok<\/strong>, biztos\u00edtj\u00e1k a neh\u00e9z terhek elvisel\u00e9s\u00e9hez \u00e9s a gyakori haszn\u00e1lathoz sz\u00fcks\u00e9ges szil\u00e1rds\u00e1got. A <strong>gy\u00e1ri k\u00f6zvetlen megk\u00f6zel\u00edt\u00e9s<\/strong> garant\u00e1lja, hogy a legjobb \u00e1rat kapja a legmagasabb min\u0151s\u00e9gi k\u00f6vetelm\u00e9nyek betart\u00e1sa mellett, \u00edgy okos v\u00e1laszt\u00e1s a szakemberek sz\u00e1m\u00e1ra, akik a k\u00f6vetkez\u0151ket keresik <strong>megfizethet\u0151, m\u00e9gis megb\u00edzhat\u00f3 hardver<\/strong>.<\/p>\n<h3>T\u00f6k\u00e9letes az egyedi \u00e9p\u00edt\u00e9s\u0171 rep\u00fcl\u0151 tokokhoz<\/h3>\n<p>Ak\u00e1r rep\u00fcl\u0151 tokokat \u00e9p\u00edtesz <strong>audio berendez\u00e9sek<\/strong>, vil\u00e1g\u00edt\u00e1s, vagy k\u00e9nyes eszk\u00f6z\u00f6k, a mi <strong>Flight Case tart\u00f3 zsan\u00e9rok<\/strong> felaj\u00e1nlja a <strong>sokoldal\u00fas\u00e1g<\/strong> amire sz\u00fcks\u00e9ged van. Ezek a zsan\u00e9rok biztos\u00edtj\u00e1k a tokok z\u00f6kken\u0151mentes nyit\u00e1s\u00e1t, \u00e9s kit\u0171n\u0151 <strong>t\u00e1mogat\u00e1s<\/strong> haszn\u00e1lat k\u00f6zben. K\u00f6nnyen felszerelhet\u0151 \u00e9s rendk\u00edv\u00fcl tart\u00f3s, t\u00f6k\u00e9letesen alkalmas az \u00e9rt\u00e9kes felszerel\u00e9sek v\u00e9delm\u00e9re. \u00c9s mivel <a href=\"https:\/\/sxpowercase.com\/\" target=\"_blank\" rel=\"noopener\" title=\"SX\" data-wpil-monitor-id=\"787\">SX<\/a> sz\u00e1ll\u00edt <strong>k\u00f6zvetlen\u00fcl a gy\u00e1rb\u00f3l<\/strong>, megkapod <strong>pr\u00e9mium min\u0151s\u00e9g\u0171 term\u00e9kek<\/strong> a k\u00f6lts\u00e9gek t\u00f6red\u00e9k\u00e9\u00e9rt.<\/p>\n<h3>Megb\u00edzhat\u00f3 min\u0151s\u00e9g<\/h3>\n<p>Az SX-n\u00e9l meg\u00e9rtj\u00fck, hogy <strong>min\u0151s\u00e9gbiztos\u00edt\u00e1s<\/strong> kritikus fontoss\u00e1g\u00fa, ha a dr\u00e1ga berendez\u00e9sek v\u00e9delm\u00e9r\u0151l van sz\u00f3. A <strong>Flight Case tart\u00f3 zsan\u00e9rok<\/strong> szigor\u00fa min\u0151s\u00e9gellen\u0151rz\u00e9si folyamatoknak vetik al\u00e1, amelyek biztos\u00edtj\u00e1k, hogy m\u00e9g a legkem\u00e9nyebb k\u00f6r\u00fclm\u00e9nyek k\u00f6z\u00f6tt is j\u00f3l teljes\u00edtenek. Az SX minden term\u00e9k m\u00f6g\u00f6tt \u00e1ll, \u00e9s a legmagasabb szint\u0171 megb\u00edzhat\u00f3s\u00e1got k\u00edn\u00e1lja a k\u00f6vetkez\u0151 \u00e1ron <strong>alacsony \u00e1rak<\/strong>. Ez a kombin\u00e1ci\u00f3 <strong>min\u0151s\u00e9g \u00e9s megfizethet\u0151s\u00e9g<\/strong> ez\u00e9rt az SX tov\u00e1bbra is megb\u00edzhat\u00f3 v\u00e1laszt\u00e1s a k\u00fcl\u00f6nb\u00f6z\u0151 ipar\u00e1gak szakemberei sz\u00e1m\u00e1ra.<\/p>\n<h3>Mi\u00e9rt v\u00e1lassza az SX-et?<\/h3>\n<p>SX <strong>\u00a0Tart\u00f3 zsan\u00e9rok<\/strong> a szil\u00e1rds\u00e1g, a k\u00f6nny\u0171 szerelhet\u0151s\u00e9g \u00e9s a k\u00f6nny\u0171 felszerelhet\u0151s\u00e9g t\u00f6k\u00e9letes kever\u00e9k\u00e9t ny\u00fajtj\u00e1k <strong>gy\u00e1ri k\u00f6zvetlen megtakar\u00edt\u00e1sok<\/strong>. Elk\u00f6telezetts\u00e9g\u00fcnk <strong>min\u0151s\u00e9g<\/strong> biztos\u00edtja, hogy a rep\u00fcl\u0151 tokok megb\u00edzhat\u00f3an m\u0171k\u00f6djenek, \u00e9s megv\u00e9dj\u00e9k \u00e9rt\u00e9kes felszerel\u00e9s\u00e9t sz\u00e1ll\u00edt\u00e1s k\u00f6zben. Az SX seg\u00edts\u00e9g\u00e9vel nem kell kompromisszumot k\u00f6tnie a k\u00f6vetkez\u0151kben. <strong>min\u0151s\u00e9g<\/strong> vagy az \u00e1r - a k\u00f6zvetlen\u00fcl a gy\u00e1rb\u00f3l sz\u00e1rmaz\u00f3 elj\u00e1r\u00e1sunk garant\u00e1lja, hogy mindk\u00e9t vil\u00e1gb\u00f3l a legjobbat kapja.<\/p>\n<h3>K\u00f6vetkeztet\u00e9s<\/h3>\n<p>SX <strong>\u00a0Tart\u00f3 zsan\u00e9rok<\/strong> a legmegfelel\u0151bb megold\u00e1s a szakemberek sz\u00e1m\u00e1ra, akik a rep\u00fcl\u0151g\u00e9p-t\u00e1sk\u00e1ik biztons\u00e1g\u00e1t \u00e9s v\u00e9delm\u00e9t keresik. A <strong>k\u00f6zvetlen\u00fcl a gy\u00e1rb\u00f3l sz\u00e1rmaz\u00f3 \u00e1rk\u00e9pz\u00e9s<\/strong> \u00e9s <strong>min\u0151s\u00e9g, amiben megb\u00edzhat<\/strong>, SX biztos\u00edtja, hogy a legjobbat kapja <strong>\u00e9rt\u00e9k<\/strong> a befektet\u00e9s\u00e9\u00e9rt.<\/p>\n<ol>\n<li>Kapcsolatfelv\u00e9tel most:<span style=\"color: #0000ff;\"><a style=\"color: #0000ff;\" href=\"https:\/\/sxpowercase.com\/contact-us\/\">https:\/\/sxpowercase.com\/<\/a><\/span><\/li>\n<li>Hardver term\u00e9kkatal\u00f3gus\uff1a<span style=\"color: #0000ff;\"><a style=\"color: #0000ff;\" href=\"https:\/\/sxpowercase.com\/wp-content\/uploads\/2024\/07\/\u4e94\u91d1.pdf\">Hardver tartoz\u00e9kok katal\u00f3gusa<\/a><\/span><\/li>\n<\/ol>","protected":false},"excerpt":{"rendered":"<h3>Pr\u00e9mium Flight Case Support zsan\u00e9rok<\/h3>\n<p>Az SX tart\u00f3s, kiv\u00e1l\u00f3 min\u0151s\u00e9g\u0171 tart\u00f3 zsan\u00e9rokat k\u00edn\u00e1l a rep\u00fcl\u0151 tokokhoz, amelyek maxim\u00e1lis v\u00e9delmet biztos\u00edtanak a sz\u00e1ll\u00edt\u00e1s sor\u00e1n, gy\u00e1ri \u00e1ron.<\/p>\n<h3>Er\u0151 \u00e9s megb\u00edzhat\u00f3s\u00e1g<\/h3>\n<p>Az SX Flight Case tart\u00f3 zsan\u00e9rok kiv\u00e1l\u00f3 min\u0151s\u00e9g\u0171 anyagokb\u00f3l k\u00e9sz\u00fclnek, amelyek szil\u00e1rds\u00e1gra, hossz\u00fa \u00e9lettartamra \u00e9s sima m\u0171k\u00f6d\u00e9sre vannak tervezve - t\u00f6k\u00e9letesek a nagy ig\u00e9nybev\u00e9tel\u0171 alkalmaz\u00e1sokhoz.<\/p>\n<h3>Megfizethet\u0151, k\u00f6nnyen szerelhet\u0151 zsan\u00e9rok<\/h3>\n<p>P\u00e1ntjaink sokoldal\u00faak, k\u00f6nnyen telep\u00edthet\u0151k, \u00e9s egyedi tokokhoz tervezt\u00fck \u0151ket, \u00edgy a k\u00f6lts\u00e9gek t\u00f6red\u00e9k\u00e9\u00e9rt cs\u00facsmin\u0151s\u00e9g\u0171 v\u00e9delmet ny\u00fajtanak.<\/p>","protected":false},"featured_media":4505,"comment_status":"open","ping_status":"closed","template":"","meta":[],"product_brand":[],"product_cat":[67],"product_tag":[],"class_list":{"0":"post-4561","1":"product","2":"type-product","3":"status-publish","4":"has-post-thumbnail","6":"product_cat-hingesstays","8":"first","9":"instock","10":"shipping-taxable","11":"product-type-simple"},"yoast_head":"<!-- This site is optimized with the Yoast SEO Premium plugin v27.1 (Yoast SEO v27.2) - https:\/\/yoast.com\/product\/yoast-seo-premium-wordpress\/ -->\n<title>Flight Case Support Hinges STC201 - https:\/\/sxflightcase.com \ud83d\udc97<\/title>\n<meta name=\"description\" content=\"Discover SX\u2019s high-quality, affordable Flight Case Support Hinges. Factory-direct pricing ensures durability and reliability at the best price.\" \/>\n<meta name=\"robots\" content=\"index, follow, max-snippet:-1, max-image-preview:large, max-video-preview:-1\" \/>\n<link rel=\"canonical\" href=\"https:\/\/sxflightcase.com\/hu\/termek\/repulesi-tok-tarto-csuklopantok-stc201\/\" \/>\n<meta property=\"og:locale\" content=\"hu_HU\" \/>\n<meta property=\"og:type\" content=\"article\" \/>\n<meta property=\"og:title\" content=\"Flight Case Support Hinges STC201\" \/>\n<meta property=\"og:description\" content=\"Discover SX\u2019s high-quality, affordable Flight Case Support Hinges. Factory-direct pricing ensures durability and reliability at the best price.\" \/>\n<meta property=\"og:url\" content=\"https:\/\/sxflightcase.com\/hu\/termek\/repulesi-tok-tarto-csuklopantok-stc201\/\" \/>\n<meta property=\"og:site_name\" content=\"https:\/\/sxflightcase.com\" \/>\n<meta property=\"article:publisher\" content=\"https:\/\/www.facebook.com\/profile.php?id=61560407257971\" \/>\n<meta property=\"article:modified_time\" content=\"2024-09-26T06:09:31+00:00\" \/>\n<meta property=\"og:image\" content=\"https:\/\/sxflightcase.com\/wp-content\/uploads\/2024\/09\/STC201.jpg\" \/>\n\t<meta property=\"og:image:width\" content=\"700\" \/>\n\t<meta property=\"og:image:height\" content=\"700\" \/>\n\t<meta property=\"og:image:type\" content=\"image\/jpeg\" \/>\n<meta name=\"twitter:card\" content=\"summary_large_image\" \/>\n<meta name=\"twitter:label1\" content=\"Becs\u00fclt olvas\u00e1si id\u0151\" \/>\n\t<meta name=\"twitter:data1\" content=\"3 perc\" \/>\n<script type=\"application\/ld+json\" class=\"yoast-schema-graph\">{\"@context\":\"https:\/\/schema.org\",\"@graph\":[{\"@type\":\"WebPage\",\"@id\":\"https:\/\/sxflightcase.com\/product\/flight-case-support-hinges-stc201\/\",\"url\":\"https:\/\/sxflightcase.com\/product\/flight-case-support-hinges-stc201\/\",\"name\":\"Flight Case Support Hinges STC201 - https:\/\/sxflightcase.com \ud83d\udc97\",\"isPartOf\":{\"@id\":\"https:\/\/sxflightcase.com\/th\/#website\"},\"primaryImageOfPage\":{\"@id\":\"https:\/\/sxflightcase.com\/product\/flight-case-support-hinges-stc201\/#primaryimage\"},\"image\":{\"@id\":\"https:\/\/sxflightcase.com\/product\/flight-case-support-hinges-stc201\/#primaryimage\"},\"thumbnailUrl\":\"https:\/\/sxflightcase.com\/wp-content\/uploads\/2024\/09\/STC201.jpg\",\"datePublished\":\"2024-09-26T06:09:29+00:00\",\"dateModified\":\"2024-09-26T06:09:31+00:00\",\"description\":\"Discover SX\u2019s high-quality, affordable Flight Case Support Hinges. Factory-direct pricing ensures durability and reliability at the best price.\",\"breadcrumb\":{\"@id\":\"https:\/\/sxflightcase.com\/product\/flight-case-support-hinges-stc201\/#breadcrumb\"},\"inLanguage\":\"hu\",\"potentialAction\":[{\"@type\":\"ReadAction\",\"target\":[\"https:\/\/sxflightcase.com\/product\/flight-case-support-hinges-stc201\/\"]}]},{\"@type\":\"ImageObject\",\"inLanguage\":\"hu\",\"@id\":\"https:\/\/sxflightcase.com\/product\/flight-case-support-hinges-stc201\/#primaryimage\",\"url\":\"https:\/\/sxflightcase.com\/wp-content\/uploads\/2024\/09\/STC201.jpg\",\"contentUrl\":\"https:\/\/sxflightcase.com\/wp-content\/uploads\/2024\/09\/STC201.jpg\",\"width\":700,\"height\":700,\"caption\":\"Flight Case Support Hinges\"},{\"@type\":\"BreadcrumbList\",\"@id\":\"https:\/\/sxflightcase.com\/product\/flight-case-support-hinges-stc201\/#breadcrumb\",\"itemListElement\":[{\"@type\":\"ListItem\",\"position\":1,\"name\":\"Home\",\"item\":\"https:\/\/sxflightcase.com\/\"},{\"@type\":\"ListItem\",\"position\":2,\"name\":\"\u0e2a\u0e34\u0e19\u0e04\u0e49\u0e32\",\"item\":\"https:\/\/sxflightcase.com\/th\/shop\/\"},{\"@type\":\"ListItem\",\"position\":3,\"name\":\"Flight Case Support Hinges STC201\"}]},{\"@type\":\"WebSite\",\"@id\":\"https:\/\/sxflightcase.com\/th\/#website\",\"url\":\"https:\/\/sxflightcase.com\/th\/\",\"name\":\"sxpowercase.com\",\"description\":\"Flight Case Factory\",\"publisher\":{\"@id\":\"https:\/\/sxflightcase.com\/th\/#organization\"},\"potentialAction\":[{\"@type\":\"SearchAction\",\"target\":{\"@type\":\"EntryPoint\",\"urlTemplate\":\"https:\/\/sxflightcase.com\/th\/?s={search_term_string}\"},\"query-input\":{\"@type\":\"PropertyValueSpecification\",\"valueRequired\":true,\"valueName\":\"search_term_string\"}}],\"inLanguage\":\"hu\"},{\"@type\":\"Organization\",\"@id\":\"https:\/\/sxflightcase.com\/th\/#organization\",\"name\":\"sxpowercase.com\",\"url\":\"https:\/\/sxflightcase.com\/th\/\",\"logo\":{\"@type\":\"ImageObject\",\"inLanguage\":\"hu\",\"@id\":\"https:\/\/sxflightcase.com\/th\/#\/schema\/logo\/image\/\",\"url\":\"https:\/\/sxflightcase.com\/wp-content\/uploads\/2024\/04\/1713919036007.jpg\",\"contentUrl\":\"https:\/\/sxflightcase.com\/wp-content\/uploads\/2024\/04\/1713919036007.jpg\",\"width\":382,\"height\":388,\"caption\":\"sxpowercase.com\"},\"image\":{\"@id\":\"https:\/\/sxflightcase.com\/th\/#\/schema\/logo\/image\/\"},\"sameAs\":[\"https:\/\/www.facebook.com\/profile.php?id=61560407257971\"],\"numberOfEmployees\":{\"@type\":\"QuantitativeValue\",\"minValue\":\"11\",\"maxValue\":\"50\"}}]}<\/script>\n<!-- \/ Yoast SEO Premium plugin. -->","yoast_head_json":{"title":"Flight Case Support Hinges STC201 - https:\/\/sxflightcase.com \ud83d\udc97","description":"Fedezze fel az SX kiv\u00e1l\u00f3 min\u0151s\u00e9g\u0171, megfizethet\u0151 \u00e1r\u00fa Flight Case Support Hinge-eit. A gy\u00e1ri k\u00f6zvetlen \u00e1rk\u00e9pz\u00e9s biztos\u00edtja a tart\u00f3ss\u00e1got \u00e9s a megb\u00edzhat\u00f3s\u00e1got a legjobb \u00e1ron.","robots":{"index":"index","follow":"follow","max-snippet":"max-snippet:-1","max-image-preview":"max-image-preview:large","max-video-preview":"max-video-preview:-1"},"canonical":"https:\/\/sxflightcase.com\/hu\/termek\/repulesi-tok-tarto-csuklopantok-stc201\/","og_locale":"hu_HU","og_type":"article","og_title":"Flight Case Support Hinges STC201","og_description":"Discover SX\u2019s high-quality, affordable Flight Case Support Hinges. Factory-direct pricing ensures durability and reliability at the best price.","og_url":"https:\/\/sxflightcase.com\/hu\/termek\/repulesi-tok-tarto-csuklopantok-stc201\/","og_site_name":"https:\/\/sxflightcase.com","article_publisher":"https:\/\/www.facebook.com\/profile.php?id=61560407257971","article_modified_time":"2024-09-26T06:09:31+00:00","og_image":[{"width":700,"height":700,"url":"https:\/\/sxflightcase.com\/wp-content\/uploads\/2024\/09\/STC201.jpg","type":"image\/jpeg"}],"twitter_card":"summary_large_image","twitter_misc":{"Becs\u00fclt olvas\u00e1si id\u0151":"3 perc"},"schema":{"@context":"https:\/\/schema.org","@graph":[{"@type":"WebPage","@id":"https:\/\/sxflightcase.com\/product\/flight-case-support-hinges-stc201\/","url":"https:\/\/sxflightcase.com\/product\/flight-case-support-hinges-stc201\/","name":"Flight Case Support Hinges STC201 - https:\/\/sxflightcase.com \ud83d\udc97","isPartOf":{"@id":"https:\/\/sxflightcase.com\/th\/#website"},"primaryImageOfPage":{"@id":"https:\/\/sxflightcase.com\/product\/flight-case-support-hinges-stc201\/#primaryimage"},"image":{"@id":"https:\/\/sxflightcase.com\/product\/flight-case-support-hinges-stc201\/#primaryimage"},"thumbnailUrl":"https:\/\/sxflightcase.com\/wp-content\/uploads\/2024\/09\/STC201.jpg","datePublished":"2024-09-26T06:09:29+00:00","dateModified":"2024-09-26T06:09:31+00:00","description":"Fedezze fel az SX kiv\u00e1l\u00f3 min\u0151s\u00e9g\u0171, megfizethet\u0151 \u00e1r\u00fa Flight Case Support Hinge-eit. A gy\u00e1ri k\u00f6zvetlen \u00e1rk\u00e9pz\u00e9s biztos\u00edtja a tart\u00f3ss\u00e1got \u00e9s a megb\u00edzhat\u00f3s\u00e1got a legjobb \u00e1ron.","breadcrumb":{"@id":"https:\/\/sxflightcase.com\/product\/flight-case-support-hinges-stc201\/#breadcrumb"},"inLanguage":"hu","potentialAction":[{"@type":"ReadAction","target":["https:\/\/sxflightcase.com\/product\/flight-case-support-hinges-stc201\/"]}]},{"@type":"ImageObject","inLanguage":"hu","@id":"https:\/\/sxflightcase.com\/product\/flight-case-support-hinges-stc201\/#primaryimage","url":"https:\/\/sxflightcase.com\/wp-content\/uploads\/2024\/09\/STC201.jpg","contentUrl":"https:\/\/sxflightcase.com\/wp-content\/uploads\/2024\/09\/STC201.jpg","width":700,"height":700,"caption":"Flight Case Support Hinges"},{"@type":"BreadcrumbList","@id":"https:\/\/sxflightcase.com\/product\/flight-case-support-hinges-stc201\/#breadcrumb","itemListElement":[{"@type":"ListItem","position":1,"name":"Home","item":"https:\/\/sxflightcase.com\/"},{"@type":"ListItem","position":2,"name":"\u0e2a\u0e34\u0e19\u0e04\u0e49\u0e32","item":"https:\/\/sxflightcase.com\/th\/shop\/"},{"@type":"ListItem","position":3,"name":"Flight Case Support Hinges STC201"}]},{"@type":"WebSite","@id":"https:\/\/sxflightcase.com\/th\/#website","url":"https:\/\/sxflightcase.com\/th\/","name":"sxpowercase.com","description":"Flight Case Factory","publisher":{"@id":"https:\/\/sxflightcase.com\/th\/#organization"},"potentialAction":[{"@type":"SearchAction","target":{"@type":"EntryPoint","urlTemplate":"https:\/\/sxflightcase.com\/th\/?s={search_term_string}"},"query-input":{"@type":"PropertyValueSpecification","valueRequired":true,"valueName":"search_term_string"}}],"inLanguage":"hu"},{"@type":"Organization","@id":"https:\/\/sxflightcase.com\/th\/#organization","name":"sxpowercase.com","url":"https:\/\/sxflightcase.com\/th\/","logo":{"@type":"ImageObject","inLanguage":"hu","@id":"https:\/\/sxflightcase.com\/th\/#\/schema\/logo\/image\/","url":"https:\/\/sxflightcase.com\/wp-content\/uploads\/2024\/04\/1713919036007.jpg","contentUrl":"https:\/\/sxflightcase.com\/wp-content\/uploads\/2024\/04\/1713919036007.jpg","width":382,"height":388,"caption":"sxpowercase.com"},"image":{"@id":"https:\/\/sxflightcase.com\/th\/#\/schema\/logo\/image\/"},"sameAs":["https:\/\/www.facebook.com\/profile.php?id=61560407257971"],"numberOfEmployees":{"@type":"QuantitativeValue","minValue":"11","maxValue":"50"}}]}},"_links":{"self":[{"href":"https:\/\/sxflightcase.com\/hu\/wp-json\/wp\/v2\/product\/4561","targetHints":{"allow":["GET"]}}],"collection":[{"href":"https:\/\/sxflightcase.com\/hu\/wp-json\/wp\/v2\/product"}],"about":[{"href":"https:\/\/sxflightcase.com\/hu\/wp-json\/wp\/v2\/types\/product"}],"replies":[{"embeddable":true,"href":"https:\/\/sxflightcase.com\/hu\/wp-json\/wp\/v2\/comments?post=4561"}],"version-history":[{"count":0,"href":"https:\/\/sxflightcase.com\/hu\/wp-json\/wp\/v2\/product\/4561\/revisions"}],"wp:featuredmedia":[{"embeddable":true,"href":"https:\/\/sxflightcase.com\/hu\/wp-json\/wp\/v2\/media\/4505"}],"wp:attachment":[{"href":"https:\/\/sxflightcase.com\/hu\/wp-json\/wp\/v2\/media?parent=4561"}],"wp:term":[{"taxonomy":"product_brand","embeddable":true,"href":"https:\/\/sxflightcase.com\/hu\/wp-json\/wp\/v2\/product_brand?post=4561"},{"taxonomy":"product_cat","embeddable":true,"href":"https:\/\/sxflightcase.com\/hu\/wp-json\/wp\/v2\/product_cat?post=4561"},{"taxonomy":"product_tag","embeddable":true,"href":"https:\/\/sxflightcase.com\/hu\/wp-json\/wp\/v2\/product_tag?post=4561"}],"curies":[{"name":"wp","href":"https:\/\/api.w.org\/{rel}","templated":true}]}}