{"id":6343,"date":"2025-03-17T01:08:19","date_gmt":"2025-03-17T08:08:19","guid":{"rendered":"https:\/\/sxpowercase.com\/?post_type=product&#038;p=6343"},"modified":"2026-04-01T18:51:19","modified_gmt":"2026-04-02T01:51:19","slug":"12u-flight-casedurable-19-mobile-rack-for-professional-audio-dj-gear","status":"publish","type":"product","link":"https:\/\/sxflightcase.com\/hu\/termek\/12u-repules-burkolhato-19-mobil-rack-professzionalis-audio-dj-felszereleshez\/","title":{"rendered":"12U Flight Case: Tart\u00f3s 19\"-os mobil \u00e1llv\u00e1ny professzion\u00e1lis audio- \u00e9s DJ-felszerel\u00e9sekhez"},"content":{"rendered":"<h3><strong>Term\u00e9k \u00e1ttekint\u00e9se: 12U ATA Rackmount Flight Case<\/strong><\/h3>\n<p>A\u00a0<strong>SX 12U ATA Rackmount <a href=\"https:\/\/sxpowercase.com\/product\/speaker-flight-case\/\">Flight Case<\/a><\/strong>\u00a0olyan profi turn\u00e9z\u00f3knak \u00e9s st\u00fadi\u00f3m\u00e9rn\u00f6k\u00f6knek k\u00e9sz\u00fclt, akik 19\"-os rack felszerel\u00e9s\u00fck robusztus v\u00e9delm\u00e9t ig\u00e9nylik. Az ATA-kompatibilis konstrukci\u00f3nak \u00e9s az ipari min\u0151s\u00e9g\u0171 hardvereknek k\u00f6sz\u00f6nhet\u0151en ez a tok biztos\u00edtja, hogy er\u0151s\u00edt\u0151i, DJ-kever\u0151i \u00e9s audioberendez\u00e9sei biztons\u00e1gban maradjanak sz\u00e1ll\u00edt\u00e1s k\u00f6zben.<\/p>\n<hr \/>\n<h3><strong>Kulcsfontoss\u00e1g\u00fa jellemz\u0151k:<\/strong><\/h3>\n<ul>\n<li><strong>Robusztus fel\u00e9p\u00edt\u00e9s:<\/strong>\u00a03\/8\" Honeycomb Digital r\u00e9tegelt r\u00e9tegelt lemez, ac\u00e9lgoly\u00f3s sarkokkal \u00e9s kett\u0151s horgonyszegecsekkel.<\/li>\n<li><strong>Mobilit\u00e1s:<\/strong>\u00a0N\u00e9gy 4\u2033-os nagy teherb\u00edr\u00e1s\u00fa g\u00f6rg\u0151 (1 reteszelhet\u0151) a sz\u00ednpadon vagy st\u00fadi\u00f3ban t\u00f6rt\u00e9n\u0151 z\u00f6kken\u0151mentes sz\u00e1ll\u00edt\u00e1shoz.<\/li>\n<li><strong>Biztons\u00e1g:<\/strong>\u00a0Ipari pillang\u00f3 csavarz\u00e1rak, lakat kompatibilit\u00e1s \u00e9s egyoldalas tol\u00f3ajt\u00f3.<\/li>\n<li><strong>Ergonomikus kialak\u00edt\u00e1s:<\/strong>\u00a0H\u00e1rom s\u00fcllyesztett rug\u00f3s foganty\u00fa \u00e9s k\u00f6nnyen reteszelhet\u0151 nyelv a k\u00f6nnyed hozz\u00e1f\u00e9r\u00e9s\u00e9rt.<\/li>\n<li><strong>Kompatibilit\u00e1s:<\/strong>\u00a0Illeszkedik a szabv\u00e1nyos 19\"-os \u00e1llv\u00e1nyos felszerel\u00e9shez (19\"-os m\u00e9lys\u00e9gig), robusztus ac\u00e9ls\u00ednekkel.<\/li>\n<\/ul>\n<hr \/>\n<h3><strong>Mi\u00e9rt v\u00e1lassza az SX ATA Rackmount Flight Cases-t?<\/strong><\/h3>\n<ol start=\"1\">\n<li><strong>Factory-to-You \u00e1rk\u00e9pz\u00e9s<\/strong><br \/>\nV\u00e1s\u00e1roljon k\u00f6zvetlen\u00fcl a gy\u00e1rt\u00f3t\u00f3l, \u00e9s sp\u00f3roljon - nincs k\u00f6zvet\u00edt\u0151, nincs fel\u00e1r.<\/li>\n<li><strong>\u00datra k\u00e9sz tart\u00f3ss\u00e1g<\/strong><br \/>\nATA-oszt\u00e1ly\u00fa anyagokb\u00f3l k\u00e9sz\u00fclt, hogy ellen\u00e1lljon a turistabuszoknak, a rep\u00fcl\u0151j\u00e1ratoknak \u00e9s a durva kezel\u00e9snek.<\/li>\n<li><strong>Egyszer\u0171 be\u00e1ll\u00edt\u00e1s \u00e9s hozz\u00e1f\u00e9r\u00e9s<\/strong><br \/>\nAz el\u00fcls\u0151\/h\u00e1ts\u00f3 tol\u00f3ajt\u00f3k (2,5\u2033 m\u00e9lys\u00e9g) \u00e9s az el\u0151re beszerelt szerel\u0151elemek egyszer\u0171s\u00edtik a telep\u00edt\u00e9st.<\/li>\n<li><strong>Sokoldal\u00fa v\u00e9delem<\/strong><br \/>\nIde\u00e1lis er\u0151s\u00edt\u0151kh\u00f6z, DJ-kever\u0151kh\u00f6z, effekt\u00e1llv\u00e1nyokhoz, h\u00e1l\u00f3zati eszk\u00f6z\u00f6kh\u00f6z \u00e9s sok m\u00e1shoz.<\/li>\n<li><strong>Testreszabhat\u00f3 lehet\u0151s\u00e9gek<\/strong><br \/>\nK\u00e9r\u00e9sre habp\u00e1rn\u00e1z\u00e1st, egyedi m\u00e1rkajelz\u00e9st vagy tov\u00e1bbi biztons\u00e1gi funkci\u00f3kat adhat hozz\u00e1.<\/li>\n<\/ol>\n<hr \/>\n<h3><strong>Alkalmaz\u00e1sok:<\/strong><\/h3>\n<ul>\n<li><strong>\u00c9l\u0151 zenei turn\u00e9k<\/strong><\/li>\n<li><strong>DJ Rigs &amp; \u00e9jszakai klubok<\/strong><\/li>\n<li><strong>M\u0171sorszolg\u00e1ltat\u00e1si st\u00fadi\u00f3k<\/strong><\/li>\n<li><strong>V\u00e1llalati esem\u00e9nyek<\/strong><\/li>\n<li><strong>Ipari audio berendez\u00e9sek<\/strong><\/li>\n<\/ul>\n<hr \/>\n<h3><strong>M\u0171szaki specifik\u00e1ci\u00f3k:<\/strong><\/h3>\n<ul>\n<li><strong>M\u00e9retek:<\/strong>\u00a012U rackhely, 19\u2033 m\u00e9lys\u00e9g (els\u0151\/h\u00e1ts\u00f3 ajt\u00f3k: 2,5\u2033).<\/li>\n<li><strong>Anyag:<\/strong>\u00a09 mm r\u00e9tegelt r\u00e9tegelt lemez, ac\u00e9l vasalat.<\/li>\n<li><strong>Kerekek:<\/strong>\u00a04\u2033 g\u00f6rg\u0151k (1 z\u00e1rhat\u00f3).<\/li>\n<li><strong>S\u00falykapacit\u00e1s:<\/strong>\u00a0Meger\u0151s\u00edtett s\u00ednekkel t\u00e1mogatja a neh\u00e9z fogasl\u00e9ceket.<\/li>\n<\/ul>\n<hr \/>\n<h3><strong>Mi\u00e9rt b\u00edzzon az SX-ben?<\/strong><\/h3>\n<ul>\n<li><strong>CE-min\u0151s\u00edtett min\u0151s\u00e9g:<\/strong>\u00a0Megfelel a t\u00farafelszerel\u00e9sekre vonatkoz\u00f3 ATA-szabv\u00e1nyoknak.<\/li>\n<li><strong>Glob\u00e1lis sz\u00e1ll\u00edt\u00e1s:<\/strong>\u00a0Gyors sz\u00e1ll\u00edt\u00e1s l\u00e9gi, tengeri vagy expressz \u00faton.<\/li>\n<li><strong>1 \u00e9v garancia:<\/strong>\u00a0V\u00e9delem a gy\u00e1rt\u00e1si hib\u00e1k ellen.<\/li>\n<\/ul>\n<hr \/>\n<h3><strong>GYIK<\/strong><\/h3>\n<p><strong>K: \u00c1ll\u00edthat\u00f3 az \u00e1llv\u00e1ny m\u00e9lys\u00e9ge?<\/strong><br \/>\nV: A tok 19\u2033 m\u00e9lys\u00e9g\u0171, de szabv\u00e1nyos \u00e1llv\u00e1nyos felszerel\u00e9snek is megfelel.<\/p>\n<p><strong>K: Adhatok hozz\u00e1 habszivacs p\u00e1rn\u00e1z\u00e1st?<\/strong><br \/>\nA: Igen! Egyedi habbet\u00e9tek kaphat\u00f3k a k\u00e9nyes berendez\u00e9sekhez.<\/p>\n<p><strong>K: Mennyi az \u00e1tfut\u00e1si id\u0151 a t\u00f6meges megrendel\u00e9sekn\u00e9l?<\/strong><br \/>\nV: 7-15 nap a gy\u00e1rt\u00e1sig; a gyors\u00edtott lehet\u0151s\u00e9gek\u00e9rt forduljon hozz\u00e1nk.<\/p>\n<p><strong>K: Tartalmazza a csomagtart\u00f3 csavarokat?<\/strong><br \/>\nV: Igen, a r\u00f6gz\u00edt\u0151 hardver el\u0151re telep\u00edtve van.<\/p>\n<hr \/>\n<p><strong>Biztos\u00edtsa felszerel\u00e9s\u00e9t az \u00fatra!<\/strong><br \/>\nRendelje meg m\u00e9g ma az SX 12U ATA Rackmount Flight Case-et:<br \/>\n<strong><a href=\"https:\/\/sxpowercase.com\/contact-us\/\" target=\"_blank\" rel=\"noopener noreferrer\">https:\/\/sxpowercase.com\/contact-us\/<\/a><\/strong><\/p>\n<hr \/>\n<p><strong>Hot Tags:<\/strong><br \/>\nATA Rackmount Flight Case, 19\u2033 Rack Case, Professzion\u00e1lis DJ Rack Case, Road-Ready Rack Case, Heavy-Duty Flight Case, Touring Audio Rack, CE-tan\u00fas\u00edtott Rack Case, SX Rack Solutions.<\/p>\n<p><iframe title=\"12U ATA Rackmount Flight Case\" width=\"563\" height=\"1000\" src=\"https:\/\/www.youtube.com\/embed\/g84Bs7Ew2Kk?feature=oembed\" frameborder=\"0\" allow=\"accelerometer; autoplay; clipboard-write; encrypted-media; gyroscope; picture-in-picture; web-share\" referrerpolicy=\"strict-origin-when-cross-origin\" allowfullscreen><\/iframe><\/p>","protected":false},"excerpt":{"rendered":"<p>A 12U SX ATA Rackmount Flight Case egy 19\"-os teljes\u00edtm\u00e9ny\u0171, 19\"-os m\u00e9lys\u00e9g\u0171, kett\u0151s rack s\u00ednnel, 4\"-os nagy teherb\u00edr\u00e1s\u00fa g\u00f6rg\u0151kkel \u00e9s Honeycomb Digital lamin\u00e1lt 3\/8\"-os r\u00e9tegelt lemezzel a massz\u00edv v\u00e9delem \u00e9rdek\u00e9ben. Er\u0151s\u00edt\u0151k, professzion\u00e1lis DJ-kever\u0151k, effektek \u00e9s egy\u00e9b szabv\u00e1nyos 19\u2033-es rackbe szerelhet\u0151 professzion\u00e1lis audio\/DJ\/h\u00e1l\u00f3zati berendez\u00e9sek sz\u00e9les v\u00e1laszt\u00e9k\u00e1hoz tervezt\u00e9k.<\/p>\n<p>Az SX Flight Case h\u00e1rom s\u00fcllyesztett rug\u00f3s foganty\u00faval \u00e9s ipari pillang\u00f3csavaros z\u00e1rral rendelkezik mindk\u00e9t oldalon. Ezenk\u00edv\u00fcl ez a nagy teherb\u00edr\u00e1s\u00fa tok massz\u00edv ac\u00e9l g\u00f6mbsarkokkal, kett\u0151s horgonyszegecsekkel, egyoldalas kih\u00fazhat\u00f3 ajt\u00f3val rendelkezik a k\u00f6nny\u0171 nyit\u00e1s \u00e9s z\u00e1r\u00e1s \u00e9rdek\u00e9ben, \u00e9s a r\u00f6gz\u00edt\u0151elemekkel \u00e9s a lakattal egy\u00fctt \u00e9rkezik.<\/p>","protected":false},"featured_media":6353,"comment_status":"open","ping_status":"closed","template":"","meta":[],"product_brand":[],"product_cat":[35],"product_tag":[],"class_list":{"0":"post-6343","1":"product","2":"type-product","3":"status-publish","4":"has-post-thumbnail","6":"product_cat-standard-rack-cases","8":"first","9":"instock","10":"shipping-taxable","11":"product-type-simple"},"yoast_head":"<!-- This site is optimized with the Yoast SEO Premium plugin v27.1 (Yoast SEO v27.2) - https:\/\/yoast.com\/product\/yoast-seo-premium-wordpress\/ -->\n<title>12U Flight Case:Durable 19&quot; Mobile Rack for Professional Audio &amp; DJ Gear - https:\/\/sxflightcase.com \ud83d\udc97<\/title>\n<meta name=\"description\" content=\"Protect your equipment with the SX 12U ATA Rackmount Flight Case. Heavy-duty, road-ready design for amps, mixers, and rack gear. CE-certified and factory-priced.\" \/>\n<meta name=\"robots\" content=\"index, follow, max-snippet:-1, max-image-preview:large, max-video-preview:-1\" \/>\n<link rel=\"canonical\" href=\"https:\/\/sxflightcase.com\/hu\/termek\/12u-repules-burkolhato-19-mobil-rack-professzionalis-audio-dj-felszereleshez\/\" \/>\n<meta property=\"og:locale\" content=\"hu_HU\" \/>\n<meta property=\"og:type\" content=\"article\" \/>\n<meta property=\"og:title\" content=\"12U Flight Case:Durable 19&quot; Mobile Rack for Professional Audio &amp; DJ Gear\" \/>\n<meta property=\"og:description\" content=\"Protect your equipment with the SX 12U ATA Rackmount Flight Case. Heavy-duty, road-ready design for amps, mixers, and rack gear. CE-certified and factory-priced.\" \/>\n<meta property=\"og:url\" content=\"https:\/\/sxflightcase.com\/hu\/termek\/12u-repules-burkolhato-19-mobil-rack-professzionalis-audio-dj-felszereleshez\/\" \/>\n<meta property=\"og:site_name\" content=\"https:\/\/sxflightcase.com\" \/>\n<meta property=\"article:publisher\" content=\"https:\/\/www.facebook.com\/profile.php?id=61560407257971\" \/>\n<meta property=\"article:modified_time\" content=\"2026-04-02T01:51:19+00:00\" \/>\n<meta property=\"og:image\" content=\"https:\/\/sxflightcase.com\/wp-content\/uploads\/2025\/03\/6.jpg\" \/>\n\t<meta property=\"og:image:width\" content=\"800\" \/>\n\t<meta property=\"og:image:height\" content=\"800\" \/>\n\t<meta property=\"og:image:type\" content=\"image\/jpeg\" \/>\n<meta name=\"twitter:card\" content=\"summary_large_image\" \/>\n<meta name=\"twitter:label1\" content=\"Becs\u00fclt olvas\u00e1si id\u0151\" \/>\n\t<meta name=\"twitter:data1\" content=\"3 perc\" \/>\n<script type=\"application\/ld+json\" class=\"yoast-schema-graph\">{\"@context\":\"https:\/\/schema.org\",\"@graph\":[{\"@type\":\"WebPage\",\"@id\":\"https:\/\/sxflightcase.com\/product\/12u-flight-casedurable-19-mobile-rack-for-professional-audio-dj-gear\/\",\"url\":\"https:\/\/sxflightcase.com\/product\/12u-flight-casedurable-19-mobile-rack-for-professional-audio-dj-gear\/\",\"name\":\"12U Flight Case:Durable 19\\\" Mobile Rack for Professional Audio & DJ Gear - https:\/\/sxflightcase.com \ud83d\udc97\",\"isPartOf\":{\"@id\":\"https:\/\/sxflightcase.com\/th\/#website\"},\"primaryImageOfPage\":{\"@id\":\"https:\/\/sxflightcase.com\/product\/12u-flight-casedurable-19-mobile-rack-for-professional-audio-dj-gear\/#primaryimage\"},\"image\":{\"@id\":\"https:\/\/sxflightcase.com\/product\/12u-flight-casedurable-19-mobile-rack-for-professional-audio-dj-gear\/#primaryimage\"},\"thumbnailUrl\":\"https:\/\/sxflightcase.com\/wp-content\/uploads\/2025\/03\/6.jpg\",\"datePublished\":\"2025-03-17T08:08:19+00:00\",\"dateModified\":\"2026-04-02T01:51:19+00:00\",\"description\":\"Protect your equipment with the SX 12U ATA Rackmount Flight Case. Heavy-duty, road-ready design for amps, mixers, and rack gear. CE-certified and factory-priced.\",\"breadcrumb\":{\"@id\":\"https:\/\/sxflightcase.com\/product\/12u-flight-casedurable-19-mobile-rack-for-professional-audio-dj-gear\/#breadcrumb\"},\"inLanguage\":\"hu\",\"potentialAction\":[{\"@type\":\"ReadAction\",\"target\":[\"https:\/\/sxflightcase.com\/product\/12u-flight-casedurable-19-mobile-rack-for-professional-audio-dj-gear\/\"]}]},{\"@type\":\"ImageObject\",\"inLanguage\":\"hu\",\"@id\":\"https:\/\/sxflightcase.com\/product\/12u-flight-casedurable-19-mobile-rack-for-professional-audio-dj-gear\/#primaryimage\",\"url\":\"https:\/\/sxflightcase.com\/wp-content\/uploads\/2025\/03\/6.jpg\",\"contentUrl\":\"https:\/\/sxflightcase.com\/wp-content\/uploads\/2025\/03\/6.jpg\",\"width\":800,\"height\":800,\"caption\":\"12u flight case\"},{\"@type\":\"BreadcrumbList\",\"@id\":\"https:\/\/sxflightcase.com\/product\/12u-flight-casedurable-19-mobile-rack-for-professional-audio-dj-gear\/#breadcrumb\",\"itemListElement\":[{\"@type\":\"ListItem\",\"position\":1,\"name\":\"Home\",\"item\":\"https:\/\/sxflightcase.com\/\"},{\"@type\":\"ListItem\",\"position\":2,\"name\":\"\u0e2a\u0e34\u0e19\u0e04\u0e49\u0e32\",\"item\":\"https:\/\/sxflightcase.com\/th\/shop\/\"},{\"@type\":\"ListItem\",\"position\":3,\"name\":\"12U Flight Case:Durable 19&#8243; Mobile Rack for Professional Audio &#038; DJ Gear\"}]},{\"@type\":\"WebSite\",\"@id\":\"https:\/\/sxflightcase.com\/th\/#website\",\"url\":\"https:\/\/sxflightcase.com\/th\/\",\"name\":\"sxpowercase.com\",\"description\":\"Flight Case Factory\",\"publisher\":{\"@id\":\"https:\/\/sxflightcase.com\/th\/#organization\"},\"potentialAction\":[{\"@type\":\"SearchAction\",\"target\":{\"@type\":\"EntryPoint\",\"urlTemplate\":\"https:\/\/sxflightcase.com\/th\/?s={search_term_string}\"},\"query-input\":{\"@type\":\"PropertyValueSpecification\",\"valueRequired\":true,\"valueName\":\"search_term_string\"}}],\"inLanguage\":\"hu\"},{\"@type\":\"Organization\",\"@id\":\"https:\/\/sxflightcase.com\/th\/#organization\",\"name\":\"sxpowercase.com\",\"url\":\"https:\/\/sxflightcase.com\/th\/\",\"logo\":{\"@type\":\"ImageObject\",\"inLanguage\":\"hu\",\"@id\":\"https:\/\/sxflightcase.com\/th\/#\/schema\/logo\/image\/\",\"url\":\"https:\/\/sxflightcase.com\/wp-content\/uploads\/2024\/04\/1713919036007.jpg\",\"contentUrl\":\"https:\/\/sxflightcase.com\/wp-content\/uploads\/2024\/04\/1713919036007.jpg\",\"width\":382,\"height\":388,\"caption\":\"sxpowercase.com\"},\"image\":{\"@id\":\"https:\/\/sxflightcase.com\/th\/#\/schema\/logo\/image\/\"},\"sameAs\":[\"https:\/\/www.facebook.com\/profile.php?id=61560407257971\"],\"numberOfEmployees\":{\"@type\":\"QuantitativeValue\",\"minValue\":\"11\",\"maxValue\":\"50\"}}]}<\/script>\n<!-- \/ Yoast SEO Premium plugin. -->","yoast_head_json":{"title":"12U Flight Case:Durable 19\" Mobile Rack for Professional Audio & DJ Gear - https:\/\/sxflightcase.com \ud83d\udc97","description":"V\u00e9dje berendez\u00e9seit az SX 12U ATA Rackmount Flight Case tokkal. Nagy teherb\u00edr\u00e1s\u00fa, \u00fatra k\u00e9sz kialak\u00edt\u00e1s er\u0151s\u00edt\u0151k, kever\u0151k \u00e9s rack felszerel\u00e9sek sz\u00e1m\u00e1ra. CE-tan\u00fas\u00edtv\u00e1ny \u00e9s gy\u00e1ri \u00e1r.","robots":{"index":"index","follow":"follow","max-snippet":"max-snippet:-1","max-image-preview":"max-image-preview:large","max-video-preview":"max-video-preview:-1"},"canonical":"https:\/\/sxflightcase.com\/hu\/termek\/12u-repules-burkolhato-19-mobil-rack-professzionalis-audio-dj-felszereleshez\/","og_locale":"hu_HU","og_type":"article","og_title":"12U Flight Case:Durable 19\" Mobile Rack for Professional Audio & DJ Gear","og_description":"Protect your equipment with the SX 12U ATA Rackmount Flight Case. Heavy-duty, road-ready design for amps, mixers, and rack gear. CE-certified and factory-priced.","og_url":"https:\/\/sxflightcase.com\/hu\/termek\/12u-repules-burkolhato-19-mobil-rack-professzionalis-audio-dj-felszereleshez\/","og_site_name":"https:\/\/sxflightcase.com","article_publisher":"https:\/\/www.facebook.com\/profile.php?id=61560407257971","article_modified_time":"2026-04-02T01:51:19+00:00","og_image":[{"width":800,"height":800,"url":"https:\/\/sxflightcase.com\/wp-content\/uploads\/2025\/03\/6.jpg","type":"image\/jpeg"}],"twitter_card":"summary_large_image","twitter_misc":{"Becs\u00fclt olvas\u00e1si id\u0151":"3 perc"},"schema":{"@context":"https:\/\/schema.org","@graph":[{"@type":"WebPage","@id":"https:\/\/sxflightcase.com\/product\/12u-flight-casedurable-19-mobile-rack-for-professional-audio-dj-gear\/","url":"https:\/\/sxflightcase.com\/product\/12u-flight-casedurable-19-mobile-rack-for-professional-audio-dj-gear\/","name":"12U Flight Case:Durable 19\" Mobile Rack for Professional Audio & DJ Gear - https:\/\/sxflightcase.com \ud83d\udc97","isPartOf":{"@id":"https:\/\/sxflightcase.com\/th\/#website"},"primaryImageOfPage":{"@id":"https:\/\/sxflightcase.com\/product\/12u-flight-casedurable-19-mobile-rack-for-professional-audio-dj-gear\/#primaryimage"},"image":{"@id":"https:\/\/sxflightcase.com\/product\/12u-flight-casedurable-19-mobile-rack-for-professional-audio-dj-gear\/#primaryimage"},"thumbnailUrl":"https:\/\/sxflightcase.com\/wp-content\/uploads\/2025\/03\/6.jpg","datePublished":"2025-03-17T08:08:19+00:00","dateModified":"2026-04-02T01:51:19+00:00","description":"V\u00e9dje berendez\u00e9seit az SX 12U ATA Rackmount Flight Case tokkal. Nagy teherb\u00edr\u00e1s\u00fa, \u00fatra k\u00e9sz kialak\u00edt\u00e1s er\u0151s\u00edt\u0151k, kever\u0151k \u00e9s rack felszerel\u00e9sek sz\u00e1m\u00e1ra. CE-tan\u00fas\u00edtv\u00e1ny \u00e9s gy\u00e1ri \u00e1r.","breadcrumb":{"@id":"https:\/\/sxflightcase.com\/product\/12u-flight-casedurable-19-mobile-rack-for-professional-audio-dj-gear\/#breadcrumb"},"inLanguage":"hu","potentialAction":[{"@type":"ReadAction","target":["https:\/\/sxflightcase.com\/product\/12u-flight-casedurable-19-mobile-rack-for-professional-audio-dj-gear\/"]}]},{"@type":"ImageObject","inLanguage":"hu","@id":"https:\/\/sxflightcase.com\/product\/12u-flight-casedurable-19-mobile-rack-for-professional-audio-dj-gear\/#primaryimage","url":"https:\/\/sxflightcase.com\/wp-content\/uploads\/2025\/03\/6.jpg","contentUrl":"https:\/\/sxflightcase.com\/wp-content\/uploads\/2025\/03\/6.jpg","width":800,"height":800,"caption":"12u flight case"},{"@type":"BreadcrumbList","@id":"https:\/\/sxflightcase.com\/product\/12u-flight-casedurable-19-mobile-rack-for-professional-audio-dj-gear\/#breadcrumb","itemListElement":[{"@type":"ListItem","position":1,"name":"Home","item":"https:\/\/sxflightcase.com\/"},{"@type":"ListItem","position":2,"name":"\u0e2a\u0e34\u0e19\u0e04\u0e49\u0e32","item":"https:\/\/sxflightcase.com\/th\/shop\/"},{"@type":"ListItem","position":3,"name":"12U Flight Case:Durable 19&#8243; Mobile Rack for Professional Audio &#038; DJ Gear"}]},{"@type":"WebSite","@id":"https:\/\/sxflightcase.com\/th\/#website","url":"https:\/\/sxflightcase.com\/th\/","name":"sxpowercase.com","description":"Flight Case Factory","publisher":{"@id":"https:\/\/sxflightcase.com\/th\/#organization"},"potentialAction":[{"@type":"SearchAction","target":{"@type":"EntryPoint","urlTemplate":"https:\/\/sxflightcase.com\/th\/?s={search_term_string}"},"query-input":{"@type":"PropertyValueSpecification","valueRequired":true,"valueName":"search_term_string"}}],"inLanguage":"hu"},{"@type":"Organization","@id":"https:\/\/sxflightcase.com\/th\/#organization","name":"sxpowercase.com","url":"https:\/\/sxflightcase.com\/th\/","logo":{"@type":"ImageObject","inLanguage":"hu","@id":"https:\/\/sxflightcase.com\/th\/#\/schema\/logo\/image\/","url":"https:\/\/sxflightcase.com\/wp-content\/uploads\/2024\/04\/1713919036007.jpg","contentUrl":"https:\/\/sxflightcase.com\/wp-content\/uploads\/2024\/04\/1713919036007.jpg","width":382,"height":388,"caption":"sxpowercase.com"},"image":{"@id":"https:\/\/sxflightcase.com\/th\/#\/schema\/logo\/image\/"},"sameAs":["https:\/\/www.facebook.com\/profile.php?id=61560407257971"],"numberOfEmployees":{"@type":"QuantitativeValue","minValue":"11","maxValue":"50"}}]}},"_links":{"self":[{"href":"https:\/\/sxflightcase.com\/hu\/wp-json\/wp\/v2\/product\/6343","targetHints":{"allow":["GET"]}}],"collection":[{"href":"https:\/\/sxflightcase.com\/hu\/wp-json\/wp\/v2\/product"}],"about":[{"href":"https:\/\/sxflightcase.com\/hu\/wp-json\/wp\/v2\/types\/product"}],"replies":[{"embeddable":true,"href":"https:\/\/sxflightcase.com\/hu\/wp-json\/wp\/v2\/comments?post=6343"}],"version-history":[{"count":0,"href":"https:\/\/sxflightcase.com\/hu\/wp-json\/wp\/v2\/product\/6343\/revisions"}],"wp:featuredmedia":[{"embeddable":true,"href":"https:\/\/sxflightcase.com\/hu\/wp-json\/wp\/v2\/media\/6353"}],"wp:attachment":[{"href":"https:\/\/sxflightcase.com\/hu\/wp-json\/wp\/v2\/media?parent=6343"}],"wp:term":[{"taxonomy":"product_brand","embeddable":true,"href":"https:\/\/sxflightcase.com\/hu\/wp-json\/wp\/v2\/product_brand?post=6343"},{"taxonomy":"product_cat","embeddable":true,"href":"https:\/\/sxflightcase.com\/hu\/wp-json\/wp\/v2\/product_cat?post=6343"},{"taxonomy":"product_tag","embeddable":true,"href":"https:\/\/sxflightcase.com\/hu\/wp-json\/wp\/v2\/product_tag?post=6343"}],"curies":[{"name":"wp","href":"https:\/\/api.w.org\/{rel}","templated":true}]}}