{"id":1052,"date":"2024-05-06T03:11:55","date_gmt":"2024-05-06T02:11:55","guid":{"rendered":"https:\/\/sxpowercase.com\/?post_type=product&#038;p=1052"},"modified":"2025-02-17T23:17:57","modified_gmt":"2025-02-18T07:17:57","slug":"flight-case-workstation","status":"publish","type":"product","link":"https:\/\/sxflightcase.com\/it\/prodotto\/postazione-di-lavoro-flight-case\/","title":{"rendered":"Postazione di lavoro Flight Case"},"content":{"rendered":"<div class=\"module_title\">\n<div class=\"product-title-container\" data-aplus-ae=\"x1_575504cc\" data-spm-anchor-id=\"a2700.details.0.i0.46af3b1dP9vXH4\" data-aplus-clk=\"x1_19fc0ab9\">\n<p><strong>Titolo:<\/strong><br \/>\nSistema audio FOH Pro Workstation Box 12U <a href=\"https:\/\/sxpowercase.com\/product\/12u-rack-flight-case\/\">Custodia da volo<\/a> | Custodia rack personalizzabile per i professionisti degli eventi<\/p>\n<p><strong>Meta descrizione:<\/strong><br \/>\nScoprite la Workstation 12U Flight Case di SX, la soluzione definitiva per i professionisti degli eventi. Resistente, personalizzabile e portatile, semplifica l'allestimento degli eventi e protegge le attrezzature.<\/p>\n<hr \/>\n<p><strong>Presentazione della workstation 12U Flight Case di SX: La soluzione definitiva per l'allestimento di eventi<\/strong><\/p>\n<p>Nel mondo frenetico della produzione di eventi, efficienza e affidabilit\u00e0 sono fondamentali. SX\u00a0<strong>12U <a href=\"https:\/\/sxpowercase.com\/product\/mixer-hard-case\/\">Custodia da volo<\/a> Postazione di lavoro<\/strong>\u00a0\u00e8 stato progettato per trasformare il modo in cui i professionisti degli eventi gestiscono i loro allestimenti. Questa postazione di lavoro personalizzabile, resistente e portatile \u00e8 la soluzione perfetta per organizzare e proteggere l'attrezzatura, garantendo un'esecuzione perfetta dell'evento.<\/p>\n<hr \/>\n<h3><strong>Perch\u00e9 scegliere la Flight Case Workstation di SX?<\/strong><\/h3>\n<ol start=\"1\">\n<li><strong>Design personalizzabile per ogni esigenza<\/strong><br \/>\nNon esistono due eventi uguali, e nemmeno i loro allestimenti. SX \u00e8 specializzata nella creazione di\u00a0<strong>completamente personalizzabile <a href=\"https:\/\/sxpowercase.com\/product\/dj-coffin-case-manufacture\/\">custodie da volo<\/a><\/strong>\u00a0su misura per le vostre esigenze specifiche. Sia che abbiate bisogno di una custodia sicura per le apparecchiature audio pi\u00f9 delicate o di una workstation mobile per le regolazioni in movimento, siamo a vostra disposizione.<\/li>\n<li><strong>Costruito per durare<\/strong><br \/>\nCostruito con un\u00a0<strong>telaio in alluminio<\/strong>,\u00a0<strong>compensato ignifugo da 12 mm<\/strong>, E\u00a0<strong>schiuma antiurto ad alta densit\u00e0<\/strong>I nostri flight case sono costruiti per resistere ai rigori della strada. La vostra attrezzatura rimane al sicuro durante il trasporto e lo stoccaggio, indipendentemente dalle condizioni.<\/li>\n<li><strong>La portabilit\u00e0 al suo meglio<\/strong><br \/>\nCon\u00a0<strong>quattro serrature a farfalla<\/strong>,\u00a0<strong>quattro robuste maniglie<\/strong>, E\u00a0<strong>quattro ruote scorrevoli<\/strong>I nostri flight case sono progettati per facilitare il trasporto. Spostate la vostra postazione di lavoro senza fatica da una sede all'altra, risparmiando tempo e riducendo lo stress da allestimento.<\/li>\n<li><strong>Semplifica il tuo flusso di lavoro<\/strong><br \/>\nCentralizzando la vostra attrezzatura in un unico spazio organizzato, la Flight Case Workstation di SX vi aiuta a preparare pi\u00f9 velocemente e a lavorare in modo pi\u00f9 efficiente. Questo significa pi\u00f9 concerti, pi\u00f9 entrate e clienti pi\u00f9 felici.<\/li>\n<\/ol>\n<hr \/>\n<h3><strong>Caratteristiche principali:<\/strong><\/h3>\n<ul>\n<li><strong>Materiale:<\/strong>\u00a0Telaio in alluminio + compensato ignifugo da 12 mm<\/li>\n<li><strong>Interni:<\/strong>\u00a0Schiuma antiurto ad alta densit\u00e0 per la massima protezione<\/li>\n<li><strong>Dimensioni:<\/strong>\u00a0Completamente personalizzabile per adattarsi alla vostra attrezzatura<\/li>\n<li><strong>Accessori:<\/strong>\u00a0Quattro chiusure a farfalla, quattro ruote, quattro robuste maniglie<\/li>\n<li><strong>Personalizzazione:<\/strong>\u00a0Scegliete il materiale, le dimensioni, le imbottiture interne, le maniglie e le chiusure in base alle vostre esigenze.<\/li>\n<\/ul>\n<hr \/>\n<h3><strong>Aumentare l'efficienza dell'evento<\/strong><\/h3>\n<p>Investire nella Flight Case Workstation di SX \u00e8 un investimento per il successo della vostra azienda. Semplificando il vostro processo di allestimento, potrete accettare un maggior numero di eventi, aumentare la vostra redditivit\u00e0 ed elevare la vostra immagine professionale.<\/p>\n<hr \/>\n<h3><strong>Soddisfazione del cliente garantita<\/strong><\/h3>\n<p>I professionisti degli eventi di tutto il mondo si affidano alle Flight Case Workstation di SX per la loro affidabilit\u00e0, durata e convenienza. Unitevi alla schiera di leader del settore che si affidano a SX per proteggere le loro attrezzature e migliorare il loro flusso di lavoro.<\/p>\n<hr \/>\n<h3><strong>Domande frequenti<\/strong><\/h3>\n<p><strong>D: SX pu\u00f2 personalizzare il layout della Flight Case Workstation per adattarla alla mia attrezzatura specifica?<\/strong><br \/>\nR: Assolutamente s\u00ec! Siamo specializzati nella creazione di valigie da strada personalizzate in base alle vostre esigenze e alle specifiche delle vostre apparecchiature.<\/p>\n<p><strong>D: Quanto sono durevoli le postazioni di lavoro Flight Case di SX?<\/strong><br \/>\nA: Estremamente durevoli. Le nostre custodie sono costruite per resistere alle esigenze della strada, offrendo una protezione affidabile per la tua attrezzatura.<\/p>\n<p><strong>D: Le postazioni di lavoro Flight Case di SX sono facili da trasportare?<\/strong><br \/>\nR: S\u00ec, le nostre valigie sono progettate con maniglie e ruote integrate per una facile manovrabilit\u00e0, rendendole ideali per gli eventi in movimento.<\/p>\n<p><strong>D: L&#039;utilizzo delle postazioni di lavoro Flight Case di SX pu\u00f2 aiutarmi ad aumentare la redditivit\u00e0 della mia attivit\u00e0?<\/strong><br \/>\nR: Sicuramente. Semplificando il processo di configurazione dell&#039;evento, puoi completare pi\u00f9 concerti in meno tempo, massimizzando il tuo potenziale di guadagno.<\/p>\n<p><strong>D: Come posso ordinare una Workstation Flight Cases personalizzata da SX?<\/strong><br \/>\nR: Basta contattare il nostro team e lavoreremo con voi per progettare la soluzione perfetta per le vostre esigenze di allestimento.<\/p>\n<\/div>\n<\/div>","protected":false},"excerpt":{"rendered":"<div class=\"react-scroll-to-bottom--css-fywsr-1n7m0yu\">\n<div class=\"flex flex-col text-sm pb-9\">\n<div class=\"w-full text-token-text-primary sm:AIPRM__conversation__response\" dir=\"auto\" data-testid=\"conversation-turn-5\" data-scroll-anchor=\"true\">\n<div class=\"yoast-text-mark\">class=&#8221;py-2 px-3 text-base md:px-4 m-auto md:px-5 lg:px-1 xl:px-5&#8243;&amp;gt;&amp;amp;amp;lt;div class=&#8221;mx-auto flex flex-1 gap-3 text-base juice:gap-4 juice:md:gap-6 md:max-w-3xl lg:max-w-[40rem] xl:max-w-[48rem]&#8221;&gt;<\/p>\n<div class=\"relative flex w-full min-w-0 flex-col agent-turn\">\n<div class=\"flex-col gap-1 md:gap-3\">\n<div class=\"flex flex-grow flex-col max-w-full AIPRM__conversation__response\">&amp;lt;div class=&#8221;min-h-[20px] text-message flex flex-col items-start whitespace-pre-wrap break-words [.text-message+&amp;]:mt-5 overflow-x-auto gap-3&#8243; dir=&#8221;auto&#8221; data-message-author-role=&#8221;assistant&#8221; data-message-id=&#8221;91a35e7c-0e92-4987-b0b7-0f394f7149a4&#8243;&gt;<\/p>\n<div class=\"markdown prose w-full break-words dark:prose-invert light\">\n<h2><strong>Streamline Your Workflow<\/strong><\/h2>\n<p>SX&#8217;s Flight Case Workstations revolutionize event operations with their centralized workspace. Custom-built with compartments and trays, they make setup a breeze, saving time and reducing stress.<\/p>\n<h2><strong>Tailored Solutions for Every Event<\/strong><\/h2>\n<p>No event is the same, and neither should their setups be. SX crafts custom road cases to fit your unique needs, from secure storage to mobile workstations, ensuring event success.<\/p>\n<h2><strong>Durable and Portable Design<\/strong><\/h2>\n<p>Built tough for the road, SX&#8217;s Flight Case Workstations offer unparalleled durability. With high-quality materials and built-in handles and wheels, setup and teardown are effortless.<\/p>\n<\/div>\n<\/div>\n<\/div>\n<\/div>\n<\/div>\n<\/div>\n<\/div>\n<\/div>\n","protected":false},"featured_media":1053,"comment_status":"open","ping_status":"closed","template":"","meta":[],"product_brand":[],"product_cat":[41],"product_tag":[],"class_list":{"0":"post-1052","1":"product","2":"type-product","3":"status-publish","4":"has-post-thumbnail","6":"product_cat-equipment-cases","8":"first","9":"instock","10":"shipping-taxable","11":"product-type-simple"},"yoast_head":"<!-- This site is optimized with the Yoast SEO Premium plugin v27.1 (Yoast SEO v27.2) - https:\/\/yoast.com\/product\/yoast-seo-premium-wordpress\/ -->\n<title>Flight Case Workstation - https:\/\/sxflightcase.com \ud83d\udc97<\/title>\n<meta name=\"description\" content=\"flight case workstation: Factory-direct sales and professional customization for precise control solutions tailored to your needs.\" \/>\n<meta name=\"robots\" content=\"index, follow, max-snippet:-1, max-image-preview:large, max-video-preview:-1\" \/>\n<link rel=\"canonical\" href=\"https:\/\/sxflightcase.com\/it\/prodotto\/postazione-di-lavoro-flight-case\/\" \/>\n<meta property=\"og:locale\" content=\"it_IT\" \/>\n<meta property=\"og:type\" content=\"article\" \/>\n<meta property=\"og:title\" content=\"Flight Case Workstation\" \/>\n<meta property=\"og:description\" content=\"flight case workstation: Factory-direct sales and professional customization for precise control solutions tailored to your needs.\" \/>\n<meta property=\"og:url\" content=\"https:\/\/sxflightcase.com\/it\/prodotto\/postazione-di-lavoro-flight-case\/\" \/>\n<meta property=\"og:site_name\" content=\"https:\/\/sxflightcase.com\" \/>\n<meta property=\"article:publisher\" content=\"https:\/\/www.facebook.com\/profile.php?id=61560407257971\" \/>\n<meta property=\"article:modified_time\" content=\"2025-02-18T07:17:57+00:00\" \/>\n<meta property=\"og:image\" content=\"https:\/\/sxflightcase.com\/wp-content\/uploads\/2024\/05\/1714811992851.jpg\" \/>\n\t<meta property=\"og:image:width\" content=\"700\" \/>\n\t<meta property=\"og:image:height\" content=\"700\" \/>\n\t<meta property=\"og:image:type\" content=\"image\/jpeg\" \/>\n<meta name=\"twitter:card\" content=\"summary_large_image\" \/>\n<meta name=\"twitter:label1\" content=\"Tempo di lettura stimato\" \/>\n\t<meta name=\"twitter:data1\" content=\"4 minuti\" \/>\n<script type=\"application\/ld+json\" class=\"yoast-schema-graph\">{\"@context\":\"https:\/\/schema.org\",\"@graph\":[{\"@type\":\"WebPage\",\"@id\":\"https:\/\/sxflightcase.com\/it\/prodotto\/postazione-di-lavoro-flight-case\/\",\"url\":\"https:\/\/sxflightcase.com\/it\/prodotto\/postazione-di-lavoro-flight-case\/\",\"name\":\"Flight Case Workstation - https:\/\/sxflightcase.com \ud83d\udc97\",\"isPartOf\":{\"@id\":\"https:\/\/sxflightcase.com\/th\/#website\"},\"primaryImageOfPage\":{\"@id\":\"https:\/\/sxflightcase.com\/it\/prodotto\/postazione-di-lavoro-flight-case\/#primaryimage\"},\"image\":{\"@id\":\"https:\/\/sxflightcase.com\/it\/prodotto\/postazione-di-lavoro-flight-case\/#primaryimage\"},\"thumbnailUrl\":\"https:\/\/sxflightcase.com\/wp-content\/uploads\/2024\/05\/1714811992851.jpg\",\"datePublished\":\"2024-05-06T02:11:55+00:00\",\"dateModified\":\"2025-02-18T07:17:57+00:00\",\"description\":\"flight case workstation: Factory-direct sales and professional customization for precise control solutions tailored to your needs.\",\"breadcrumb\":{\"@id\":\"https:\/\/sxflightcase.com\/it\/prodotto\/postazione-di-lavoro-flight-case\/#breadcrumb\"},\"inLanguage\":\"it-IT\",\"potentialAction\":[{\"@type\":\"ReadAction\",\"target\":[\"https:\/\/sxflightcase.com\/it\/prodotto\/postazione-di-lavoro-flight-case\/\"]}]},{\"@type\":\"ImageObject\",\"inLanguage\":\"it-IT\",\"@id\":\"https:\/\/sxflightcase.com\/it\/prodotto\/postazione-di-lavoro-flight-case\/#primaryimage\",\"url\":\"https:\/\/sxflightcase.com\/wp-content\/uploads\/2024\/05\/1714811992851.jpg\",\"contentUrl\":\"https:\/\/sxflightcase.com\/wp-content\/uploads\/2024\/05\/1714811992851.jpg\",\"width\":700,\"height\":700,\"caption\":\"flight case workstation\"},{\"@type\":\"BreadcrumbList\",\"@id\":\"https:\/\/sxflightcase.com\/it\/prodotto\/postazione-di-lavoro-flight-case\/#breadcrumb\",\"itemListElement\":[{\"@type\":\"ListItem\",\"position\":1,\"name\":\"Home\",\"item\":\"https:\/\/sxflightcase.com\/\"},{\"@type\":\"ListItem\",\"position\":2,\"name\":\"\u0e2a\u0e34\u0e19\u0e04\u0e49\u0e32\",\"item\":\"https:\/\/sxflightcase.com\/th\/shop\/\"},{\"@type\":\"ListItem\",\"position\":3,\"name\":\"Flight Case Workstation\"}]},{\"@type\":\"WebSite\",\"@id\":\"https:\/\/sxflightcase.com\/th\/#website\",\"url\":\"https:\/\/sxflightcase.com\/th\/\",\"name\":\"sxpowercase.com\",\"description\":\"Flight Case Factory\",\"publisher\":{\"@id\":\"https:\/\/sxflightcase.com\/th\/#organization\"},\"potentialAction\":[{\"@type\":\"SearchAction\",\"target\":{\"@type\":\"EntryPoint\",\"urlTemplate\":\"https:\/\/sxflightcase.com\/th\/?s={search_term_string}\"},\"query-input\":{\"@type\":\"PropertyValueSpecification\",\"valueRequired\":true,\"valueName\":\"search_term_string\"}}],\"inLanguage\":\"it-IT\"},{\"@type\":\"Organization\",\"@id\":\"https:\/\/sxflightcase.com\/th\/#organization\",\"name\":\"sxpowercase.com\",\"url\":\"https:\/\/sxflightcase.com\/th\/\",\"logo\":{\"@type\":\"ImageObject\",\"inLanguage\":\"it-IT\",\"@id\":\"https:\/\/sxflightcase.com\/th\/#\/schema\/logo\/image\/\",\"url\":\"https:\/\/sxflightcase.com\/wp-content\/uploads\/2024\/04\/1713919036007.jpg\",\"contentUrl\":\"https:\/\/sxflightcase.com\/wp-content\/uploads\/2024\/04\/1713919036007.jpg\",\"width\":382,\"height\":388,\"caption\":\"sxpowercase.com\"},\"image\":{\"@id\":\"https:\/\/sxflightcase.com\/th\/#\/schema\/logo\/image\/\"},\"sameAs\":[\"https:\/\/www.facebook.com\/profile.php?id=61560407257971\"],\"numberOfEmployees\":{\"@type\":\"QuantitativeValue\",\"minValue\":\"11\",\"maxValue\":\"50\"}}]}<\/script>\n<!-- \/ Yoast SEO Premium plugin. -->","yoast_head_json":{"title":"Flight Case Workstation - https:\/\/sxflightcase.com \ud83d\udc97","description":"postazione di lavoro flight case: vendita diretta in fabbrica e personalizzazione professionale per soluzioni di controllo precise e personalizzate in base alle vostre esigenze.","robots":{"index":"index","follow":"follow","max-snippet":"max-snippet:-1","max-image-preview":"max-image-preview:large","max-video-preview":"max-video-preview:-1"},"canonical":"https:\/\/sxflightcase.com\/it\/prodotto\/postazione-di-lavoro-flight-case\/","og_locale":"it_IT","og_type":"article","og_title":"Flight Case Workstation","og_description":"flight case workstation: Factory-direct sales and professional customization for precise control solutions tailored to your needs.","og_url":"https:\/\/sxflightcase.com\/it\/prodotto\/postazione-di-lavoro-flight-case\/","og_site_name":"https:\/\/sxflightcase.com","article_publisher":"https:\/\/www.facebook.com\/profile.php?id=61560407257971","article_modified_time":"2025-02-18T07:17:57+00:00","og_image":[{"width":700,"height":700,"url":"https:\/\/sxflightcase.com\/wp-content\/uploads\/2024\/05\/1714811992851.jpg","type":"image\/jpeg"}],"twitter_card":"summary_large_image","twitter_misc":{"Tempo di lettura stimato":"4 minuti"},"schema":{"@context":"https:\/\/schema.org","@graph":[{"@type":"WebPage","@id":"https:\/\/sxflightcase.com\/it\/prodotto\/postazione-di-lavoro-flight-case\/","url":"https:\/\/sxflightcase.com\/it\/prodotto\/postazione-di-lavoro-flight-case\/","name":"Flight Case Workstation - https:\/\/sxflightcase.com \ud83d\udc97","isPartOf":{"@id":"https:\/\/sxflightcase.com\/th\/#website"},"primaryImageOfPage":{"@id":"https:\/\/sxflightcase.com\/it\/prodotto\/postazione-di-lavoro-flight-case\/#primaryimage"},"image":{"@id":"https:\/\/sxflightcase.com\/it\/prodotto\/postazione-di-lavoro-flight-case\/#primaryimage"},"thumbnailUrl":"https:\/\/sxflightcase.com\/wp-content\/uploads\/2024\/05\/1714811992851.jpg","datePublished":"2024-05-06T02:11:55+00:00","dateModified":"2025-02-18T07:17:57+00:00","description":"postazione di lavoro flight case: vendita diretta in fabbrica e personalizzazione professionale per soluzioni di controllo precise e personalizzate in base alle vostre esigenze.","breadcrumb":{"@id":"https:\/\/sxflightcase.com\/it\/prodotto\/postazione-di-lavoro-flight-case\/#breadcrumb"},"inLanguage":"it-IT","potentialAction":[{"@type":"ReadAction","target":["https:\/\/sxflightcase.com\/it\/prodotto\/postazione-di-lavoro-flight-case\/"]}]},{"@type":"ImageObject","inLanguage":"it-IT","@id":"https:\/\/sxflightcase.com\/it\/prodotto\/postazione-di-lavoro-flight-case\/#primaryimage","url":"https:\/\/sxflightcase.com\/wp-content\/uploads\/2024\/05\/1714811992851.jpg","contentUrl":"https:\/\/sxflightcase.com\/wp-content\/uploads\/2024\/05\/1714811992851.jpg","width":700,"height":700,"caption":"flight case workstation"},{"@type":"BreadcrumbList","@id":"https:\/\/sxflightcase.com\/it\/prodotto\/postazione-di-lavoro-flight-case\/#breadcrumb","itemListElement":[{"@type":"ListItem","position":1,"name":"Home","item":"https:\/\/sxflightcase.com\/"},{"@type":"ListItem","position":2,"name":"\u0e2a\u0e34\u0e19\u0e04\u0e49\u0e32","item":"https:\/\/sxflightcase.com\/th\/shop\/"},{"@type":"ListItem","position":3,"name":"Flight Case Workstation"}]},{"@type":"WebSite","@id":"https:\/\/sxflightcase.com\/th\/#website","url":"https:\/\/sxflightcase.com\/th\/","name":"sxpowercase.com","description":"Fabbrica di Flight Case","publisher":{"@id":"https:\/\/sxflightcase.com\/th\/#organization"},"potentialAction":[{"@type":"SearchAction","target":{"@type":"EntryPoint","urlTemplate":"https:\/\/sxflightcase.com\/th\/?s={search_term_string}"},"query-input":{"@type":"PropertyValueSpecification","valueRequired":true,"valueName":"search_term_string"}}],"inLanguage":"it-IT"},{"@type":"Organization","@id":"https:\/\/sxflightcase.com\/th\/#organization","name":"sxpowercase.com","url":"https:\/\/sxflightcase.com\/th\/","logo":{"@type":"ImageObject","inLanguage":"it-IT","@id":"https:\/\/sxflightcase.com\/th\/#\/schema\/logo\/image\/","url":"https:\/\/sxflightcase.com\/wp-content\/uploads\/2024\/04\/1713919036007.jpg","contentUrl":"https:\/\/sxflightcase.com\/wp-content\/uploads\/2024\/04\/1713919036007.jpg","width":382,"height":388,"caption":"sxpowercase.com"},"image":{"@id":"https:\/\/sxflightcase.com\/th\/#\/schema\/logo\/image\/"},"sameAs":["https:\/\/www.facebook.com\/profile.php?id=61560407257971"],"numberOfEmployees":{"@type":"QuantitativeValue","minValue":"11","maxValue":"50"}}]}},"_links":{"self":[{"href":"https:\/\/sxflightcase.com\/it\/wp-json\/wp\/v2\/product\/1052","targetHints":{"allow":["GET"]}}],"collection":[{"href":"https:\/\/sxflightcase.com\/it\/wp-json\/wp\/v2\/product"}],"about":[{"href":"https:\/\/sxflightcase.com\/it\/wp-json\/wp\/v2\/types\/product"}],"replies":[{"embeddable":true,"href":"https:\/\/sxflightcase.com\/it\/wp-json\/wp\/v2\/comments?post=1052"}],"version-history":[{"count":0,"href":"https:\/\/sxflightcase.com\/it\/wp-json\/wp\/v2\/product\/1052\/revisions"}],"wp:featuredmedia":[{"embeddable":true,"href":"https:\/\/sxflightcase.com\/it\/wp-json\/wp\/v2\/media\/1053"}],"wp:attachment":[{"href":"https:\/\/sxflightcase.com\/it\/wp-json\/wp\/v2\/media?parent=1052"}],"wp:term":[{"taxonomy":"product_brand","embeddable":true,"href":"https:\/\/sxflightcase.com\/it\/wp-json\/wp\/v2\/product_brand?post=1052"},{"taxonomy":"product_cat","embeddable":true,"href":"https:\/\/sxflightcase.com\/it\/wp-json\/wp\/v2\/product_cat?post=1052"},{"taxonomy":"product_tag","embeddable":true,"href":"https:\/\/sxflightcase.com\/it\/wp-json\/wp\/v2\/product_tag?post=1052"}],"curies":[{"name":"wp","href":"https:\/\/api.w.org\/{rel}","templated":true}]}}