{"id":1069,"date":"2024-05-06T08:08:32","date_gmt":"2024-05-06T07:08:32","guid":{"rendered":"https:\/\/sxpowercase.com\/?post_type=product&#038;p=1069"},"modified":"2025-02-18T18:45:02","modified_gmt":"2025-02-19T02:45:02","slug":"road-case-workbox","status":"publish","type":"product","link":"https:\/\/sxflightcase.com\/it\/prodotto\/scatola-portaoggetti-da-viaggio\/","title":{"rendered":"Fabbrica di custodie per DJ"},"content":{"rendered":"<p><strong>Titolo:<\/strong><br \/>\nSX DJ Case Factory: Custodie da strada personalizzate per apparecchiature DJ | Flycases &amp; Rack Flight Cases<\/p>\n<p><strong>Meta descrizione:<\/strong><br \/>\nProteggi la tua attrezzatura da DJ con le custodie da strada personalizzate di SX. Resistenti, portatili e su misura per le vostre apparecchiature. Aumentate la vostra attivit\u00e0 con una protezione di livello professionale.<\/p>\n<h3><strong>SX: la tua fabbrica di custodie per DJ di fiducia<\/strong><\/h3>\n<p><strong>Sx<\/strong> \u00e8 la scelta migliore per proteggere le apparecchiature dei DJ. Sia che siate in tourn\u00e9e o in studio, le nostre custodie mantengono la vostra attrezzatura al sicuro e pronta per qualsiasi performance.<\/p>\n<h3><strong>Perch\u00e9 scegliere le custodie SX DJ?<\/strong><\/h3>\n<ol>\n<li><strong>Soluzioni personalizzate per la tua attrezzatura<\/strong><br \/>\nOgni configurazione DJ \u00e8 unica, e cos\u00ec le nostre custodie. Noi di SX creiamo <strong>custodie stradali personalizzate<\/strong> solo per voi. Avete bisogno di una custodia per giradischi, mixer o una configurazione completa? Abbiamo pensato a voi.<\/li>\n<li><strong>Flycase per un facile trasporto<\/strong><br \/>\nNostro <strong>flycases<\/strong> sono perfetti per i DJ in movimento. Sono costruiti per durare nel tempo, con maniglie ergonomiche e ruote scorrevoli. Trasportare l'attrezzatura non \u00e8 mai stato cos\u00ec facile.<\/li>\n<li><strong>Custodie Rack Flight per la massima protezione<\/strong><br \/>\nPer le configurazioni pi\u00f9 grandi, il nostro <strong>flight case a rack<\/strong> offrono una protezione di altissimo livello. Sono realizzati con <strong>telai in alluminio<\/strong>, <strong>compensato ignifugo da 12 mm<\/strong>, E <strong>schiuma antiurto ad alta densit\u00e0<\/strong>. Queste valigie sono in grado di affrontare qualsiasi cosa venga loro proposta dalla strada.<\/li>\n<li><strong>Aumentate il vostro business con le custodie per DJ SX<\/strong><br \/>\nInvestire nelle custodie SX DJ significa investire nella propria attivit\u00e0. Con la nostra protezione di livello professionale, potete concentrarvi sulla realizzazione di performance straordinarie mentre noi ci prendiamo cura della vostra attrezzatura.<\/li>\n<li><strong>Massimizza i tuoi profitti<\/strong><br \/>\nProteggere le vostre preziose attrezzature per DJ non \u00e8 solo una questione di sicurezza. Si tratta anche di massimizzare i profitti. Una protezione affidabile significa pi\u00f9 concerti, clienti pi\u00f9 felici e maggiori entrate.<\/li>\n<\/ol>\n<h3><strong>Caratteristiche principali:<\/strong><\/h3>\n<ul>\n<li><strong>Materiale:<\/strong> Telaio in alluminio + compensato ignifugo da 12 mm<\/li>\n<li><strong>Interni:<\/strong> Schiuma antiurto ad alta densit\u00e0 per la massima protezione<\/li>\n<li><strong>Dimensioni:<\/strong> Completamente personalizzabile per adattarsi alla vostra attrezzatura<\/li>\n<li><strong>Accessori:<\/strong> Quattro chiusure a farfalla, quattro ruote, quattro robuste maniglie<\/li>\n<li><strong>Personalizzazione:<\/strong> Scegliete il materiale, le dimensioni, le imbottiture interne, le maniglie e le chiusure in base alle vostre esigenze.<\/li>\n<\/ul>\n<h3><strong>Qualit\u00e0 e servizio eccezionali<\/strong><\/h3>\n<p>Noi di SX ci occupiamo di <strong>qualit\u00e0 eccezionale<\/strong> E <strong>servizio clienti<\/strong>. Dalle nostre resistenti custodie da strada al nostro team di assistenza, ci dedichiamo alla vostra soddisfazione.<\/p>\n<h3><strong>Domande frequenti<\/strong><\/h3>\n<p><strong>D: SX pu\u00f2 personalizzare i road case per specifiche dimensioni di apparecchiature per DJ?<\/strong><br \/>\nR: S\u00ec, offriamo soluzioni personalizzate, adattate alle dimensioni e alle specifiche della vostra attrezzatura.<\/p>\n<p><strong>D: Le custodie SX DJ sono abbastanza resistenti per i viaggi frequenti?<\/strong><br \/>\nR: Assolutamente! I nostri road case sono costruiti per resistere ai rigori della strada, assicurando la massima protezione per la tua attrezzatura.<\/p>\n<p><strong>D: Offrite una copertura di garanzia per le custodie SX DJ?<\/strong><br \/>\nR: S\u00ec, le nostre custodie per DJ sono dotate di garanzia per una maggiore tranquillit\u00e0.<\/p>\n<p><strong>D: Come posso effettuare un ordine con SX per custodie per DJ personalizzate?<\/strong><br \/>\nR: Contattate il nostro team e vi guideremo attraverso il processo di ordinazione di custodie da strada personalizzate per le vostre apparecchiature da DJ.<\/p>\n<p><strong>D: Posso ordinare in blocco da SX DJ Case Factory?<\/strong><br \/>\nR: S\u00ec, possiamo soddisfare ordini all&#039;ingrosso per soddisfare le esigenze della tua attivit\u00e0.<\/p>\n<h3><strong>Ordinate oggi stesso la vostra custodia per DJ personalizzata!<\/strong><\/h3>\n<p>Siete pronti a proteggere le vostre apparecchiature per DJ con le custodie da strada di alta qualit\u00e0 di SX? Contattateci ora per progettare la vostra soluzione personalizzata.<\/p>\n<p><strong>Ottieni l&#039;accesso ora:<\/strong> <a href=\"https:\/\/sxpowercase.com\/contact-us\/\" target=\"_blank\" rel=\"noopener noreferrer\">https:\/\/sxpowercase.com\/contact-us\/<\/a><\/p>\n<h3><strong>Tag caldi:<\/strong><\/h3>\n<p>Prezzo basso, in stock, campione gratuito, cavo di alimentazione e di segnale, filo a 4 conduttori di calibro 16, custodia per supporto microfonico, armadietto per display a LED per esterni, montaggio a rack, scatola di distribuzione elettrica, Cina, fornitori, fabbrica, personalizzati, all'ingrosso, scatole di alimentazione, cavi di alimentazione, controllori di sollevamento, flight case.<\/p>","protected":false},"excerpt":{"rendered":"<h2><strong>Protezione personalizzata per la tua attrezzatura<\/strong><\/h2>\n<p>SX \u00e8 specializzata nella creazione di custodie da viaggio personalizzate, su misura per la tua attrezzatura da DJ, garantendo la massima protezione per il tuo setup.<\/p>\n<h2><strong>Flycase per un facile trasporto<\/strong><\/h2>\n<p>I nostri flycase sono progettati per i DJ sempre in movimento, con una struttura resistente e comode maniglie per un trasporto senza problemi da un concerto all&#039;altro.<\/p>\n<h2><strong>Flight case Rack per la massima protezione<\/strong><\/h2>\n<p>Per configurazioni DJ pi\u00f9 grandi, i nostri flight case per rack offrono una protezione aggiuntiva contro urti e graffi, garantendo che la tua attrezzatura rimanga al sicuro in viaggio.<\/p>","protected":false},"featured_media":1070,"comment_status":"open","ping_status":"closed","template":"","meta":[],"product_brand":[],"product_cat":[41],"product_tag":[],"class_list":{"0":"post-1069","1":"product","2":"type-product","3":"status-publish","4":"has-post-thumbnail","6":"product_cat-equipment-cases","8":"first","9":"instock","10":"shipping-taxable","11":"product-type-simple"},"yoast_head":"<!-- This site is optimized with the Yoast SEO Premium plugin v27.1 (Yoast SEO v27.2) - https:\/\/yoast.com\/product\/yoast-seo-premium-wordpress\/ -->\n<title>Dj Case Factory - https:\/\/sxflightcase.com \ud83d\udc97<\/title>\n<meta name=\"description\" content=\"Dj case factory: Specializing in direct sales and professional customization for premium equipment protection solutions.\" \/>\n<meta name=\"robots\" content=\"index, follow, max-snippet:-1, max-image-preview:large, max-video-preview:-1\" \/>\n<link rel=\"canonical\" href=\"https:\/\/sxflightcase.com\/it\/produit\/boite-de-travail-pour-valise-de-route\/\" \/>\n<meta property=\"og:locale\" content=\"it_IT\" \/>\n<meta property=\"og:type\" content=\"article\" \/>\n<meta property=\"og:title\" content=\"Dj Case Factory\" \/>\n<meta property=\"og:description\" content=\"Dj case factory: Specializing in direct sales and professional customization for premium equipment protection solutions.\" \/>\n<meta property=\"og:url\" content=\"https:\/\/sxflightcase.com\/it\/produit\/boite-de-travail-pour-valise-de-route\/\" \/>\n<meta property=\"og:site_name\" content=\"https:\/\/sxflightcase.com\" \/>\n<meta property=\"article:publisher\" content=\"https:\/\/www.facebook.com\/profile.php?id=61560407257971\" \/>\n<meta property=\"article:modified_time\" content=\"2025-02-19T02:45:02+00:00\" \/>\n<meta property=\"og:image\" content=\"https:\/\/sxflightcase.com\/wp-content\/uploads\/2024\/05\/1714963576972.jpg\" \/>\n\t<meta property=\"og:image:width\" content=\"742\" \/>\n\t<meta property=\"og:image:height\" content=\"746\" \/>\n\t<meta property=\"og:image:type\" content=\"image\/jpeg\" \/>\n<meta name=\"twitter:card\" content=\"summary_large_image\" \/>\n<meta name=\"twitter:label1\" content=\"Tempo di lettura stimato\" \/>\n\t<meta name=\"twitter:data1\" content=\"4 minuti\" \/>\n<script type=\"application\/ld+json\" class=\"yoast-schema-graph\">{\"@context\":\"https:\/\/schema.org\",\"@graph\":[{\"@type\":\"WebPage\",\"@id\":\"https:\/\/sxflightcase.com\/fr\/produit\/boite-de-travail-pour-valise-de-route\/\",\"url\":\"https:\/\/sxflightcase.com\/fr\/produit\/boite-de-travail-pour-valise-de-route\/\",\"name\":\"Dj Case Factory - https:\/\/sxflightcase.com \ud83d\udc97\",\"isPartOf\":{\"@id\":\"https:\/\/sxflightcase.com\/th\/#website\"},\"primaryImageOfPage\":{\"@id\":\"https:\/\/sxflightcase.com\/fr\/produit\/boite-de-travail-pour-valise-de-route\/#primaryimage\"},\"image\":{\"@id\":\"https:\/\/sxflightcase.com\/fr\/produit\/boite-de-travail-pour-valise-de-route\/#primaryimage\"},\"thumbnailUrl\":\"https:\/\/sxflightcase.com\/wp-content\/uploads\/2024\/05\/1714963576972.jpg\",\"datePublished\":\"2024-05-06T07:08:32+00:00\",\"dateModified\":\"2025-02-19T02:45:02+00:00\",\"description\":\"Dj case factory: Specializing in direct sales and professional customization for premium equipment protection solutions.\",\"breadcrumb\":{\"@id\":\"https:\/\/sxflightcase.com\/fr\/produit\/boite-de-travail-pour-valise-de-route\/#breadcrumb\"},\"inLanguage\":\"it-IT\",\"potentialAction\":[{\"@type\":\"ReadAction\",\"target\":[\"https:\/\/sxflightcase.com\/fr\/produit\/boite-de-travail-pour-valise-de-route\/\"]}]},{\"@type\":\"ImageObject\",\"inLanguage\":\"it-IT\",\"@id\":\"https:\/\/sxflightcase.com\/fr\/produit\/boite-de-travail-pour-valise-de-route\/#primaryimage\",\"url\":\"https:\/\/sxflightcase.com\/wp-content\/uploads\/2024\/05\/1714963576972.jpg\",\"contentUrl\":\"https:\/\/sxflightcase.com\/wp-content\/uploads\/2024\/05\/1714963576972.jpg\",\"width\":742,\"height\":746,\"caption\":\"road case workbox\"},{\"@type\":\"BreadcrumbList\",\"@id\":\"https:\/\/sxflightcase.com\/fr\/produit\/boite-de-travail-pour-valise-de-route\/#breadcrumb\",\"itemListElement\":[{\"@type\":\"ListItem\",\"position\":1,\"name\":\"Home\",\"item\":\"https:\/\/sxflightcase.com\/\"},{\"@type\":\"ListItem\",\"position\":2,\"name\":\"\u0e2a\u0e34\u0e19\u0e04\u0e49\u0e32\",\"item\":\"https:\/\/sxflightcase.com\/th\/shop\/\"},{\"@type\":\"ListItem\",\"position\":3,\"name\":\"Dj Case Factory\"}]},{\"@type\":\"WebSite\",\"@id\":\"https:\/\/sxflightcase.com\/th\/#website\",\"url\":\"https:\/\/sxflightcase.com\/th\/\",\"name\":\"sxpowercase.com\",\"description\":\"Flight Case Factory\",\"publisher\":{\"@id\":\"https:\/\/sxflightcase.com\/th\/#organization\"},\"potentialAction\":[{\"@type\":\"SearchAction\",\"target\":{\"@type\":\"EntryPoint\",\"urlTemplate\":\"https:\/\/sxflightcase.com\/th\/?s={search_term_string}\"},\"query-input\":{\"@type\":\"PropertyValueSpecification\",\"valueRequired\":true,\"valueName\":\"search_term_string\"}}],\"inLanguage\":\"it-IT\"},{\"@type\":\"Organization\",\"@id\":\"https:\/\/sxflightcase.com\/th\/#organization\",\"name\":\"sxpowercase.com\",\"url\":\"https:\/\/sxflightcase.com\/th\/\",\"logo\":{\"@type\":\"ImageObject\",\"inLanguage\":\"it-IT\",\"@id\":\"https:\/\/sxflightcase.com\/th\/#\/schema\/logo\/image\/\",\"url\":\"https:\/\/sxflightcase.com\/wp-content\/uploads\/2024\/04\/1713919036007.jpg\",\"contentUrl\":\"https:\/\/sxflightcase.com\/wp-content\/uploads\/2024\/04\/1713919036007.jpg\",\"width\":382,\"height\":388,\"caption\":\"sxpowercase.com\"},\"image\":{\"@id\":\"https:\/\/sxflightcase.com\/th\/#\/schema\/logo\/image\/\"},\"sameAs\":[\"https:\/\/www.facebook.com\/profile.php?id=61560407257971\"],\"numberOfEmployees\":{\"@type\":\"QuantitativeValue\",\"minValue\":\"11\",\"maxValue\":\"50\"}}]}<\/script>\n<!-- \/ Yoast SEO Premium plugin. -->","yoast_head_json":{"title":"Dj Case Factory - https:\/\/sxflightcase.com \ud83d\udc97","description":"Fabbrica di custodie per DJ: specializzata nella vendita diretta e nella personalizzazione professionale di soluzioni di protezione per apparecchiature di alta qualit\u00e0.","robots":{"index":"index","follow":"follow","max-snippet":"max-snippet:-1","max-image-preview":"max-image-preview:large","max-video-preview":"max-video-preview:-1"},"canonical":"https:\/\/sxflightcase.com\/it\/produit\/boite-de-travail-pour-valise-de-route\/","og_locale":"it_IT","og_type":"article","og_title":"Dj Case Factory","og_description":"Dj case factory: Specializing in direct sales and professional customization for premium equipment protection solutions.","og_url":"https:\/\/sxflightcase.com\/it\/produit\/boite-de-travail-pour-valise-de-route\/","og_site_name":"https:\/\/sxflightcase.com","article_publisher":"https:\/\/www.facebook.com\/profile.php?id=61560407257971","article_modified_time":"2025-02-19T02:45:02+00:00","og_image":[{"width":742,"height":746,"url":"https:\/\/sxflightcase.com\/wp-content\/uploads\/2024\/05\/1714963576972.jpg","type":"image\/jpeg"}],"twitter_card":"summary_large_image","twitter_misc":{"Tempo di lettura stimato":"4 minuti"},"schema":{"@context":"https:\/\/schema.org","@graph":[{"@type":"WebPage","@id":"https:\/\/sxflightcase.com\/fr\/produit\/boite-de-travail-pour-valise-de-route\/","url":"https:\/\/sxflightcase.com\/fr\/produit\/boite-de-travail-pour-valise-de-route\/","name":"Dj Case Factory - https:\/\/sxflightcase.com \ud83d\udc97","isPartOf":{"@id":"https:\/\/sxflightcase.com\/th\/#website"},"primaryImageOfPage":{"@id":"https:\/\/sxflightcase.com\/fr\/produit\/boite-de-travail-pour-valise-de-route\/#primaryimage"},"image":{"@id":"https:\/\/sxflightcase.com\/fr\/produit\/boite-de-travail-pour-valise-de-route\/#primaryimage"},"thumbnailUrl":"https:\/\/sxflightcase.com\/wp-content\/uploads\/2024\/05\/1714963576972.jpg","datePublished":"2024-05-06T07:08:32+00:00","dateModified":"2025-02-19T02:45:02+00:00","description":"Fabbrica di custodie per DJ: specializzata nella vendita diretta e nella personalizzazione professionale di soluzioni di protezione per apparecchiature di alta qualit\u00e0.","breadcrumb":{"@id":"https:\/\/sxflightcase.com\/fr\/produit\/boite-de-travail-pour-valise-de-route\/#breadcrumb"},"inLanguage":"it-IT","potentialAction":[{"@type":"ReadAction","target":["https:\/\/sxflightcase.com\/fr\/produit\/boite-de-travail-pour-valise-de-route\/"]}]},{"@type":"ImageObject","inLanguage":"it-IT","@id":"https:\/\/sxflightcase.com\/fr\/produit\/boite-de-travail-pour-valise-de-route\/#primaryimage","url":"https:\/\/sxflightcase.com\/wp-content\/uploads\/2024\/05\/1714963576972.jpg","contentUrl":"https:\/\/sxflightcase.com\/wp-content\/uploads\/2024\/05\/1714963576972.jpg","width":742,"height":746,"caption":"road case workbox"},{"@type":"BreadcrumbList","@id":"https:\/\/sxflightcase.com\/fr\/produit\/boite-de-travail-pour-valise-de-route\/#breadcrumb","itemListElement":[{"@type":"ListItem","position":1,"name":"Home","item":"https:\/\/sxflightcase.com\/"},{"@type":"ListItem","position":2,"name":"\u0e2a\u0e34\u0e19\u0e04\u0e49\u0e32","item":"https:\/\/sxflightcase.com\/th\/shop\/"},{"@type":"ListItem","position":3,"name":"Dj Case Factory"}]},{"@type":"WebSite","@id":"https:\/\/sxflightcase.com\/th\/#website","url":"https:\/\/sxflightcase.com\/th\/","name":"sxpowercase.com","description":"Fabbrica di Flight Case","publisher":{"@id":"https:\/\/sxflightcase.com\/th\/#organization"},"potentialAction":[{"@type":"SearchAction","target":{"@type":"EntryPoint","urlTemplate":"https:\/\/sxflightcase.com\/th\/?s={search_term_string}"},"query-input":{"@type":"PropertyValueSpecification","valueRequired":true,"valueName":"search_term_string"}}],"inLanguage":"it-IT"},{"@type":"Organization","@id":"https:\/\/sxflightcase.com\/th\/#organization","name":"sxpowercase.com","url":"https:\/\/sxflightcase.com\/th\/","logo":{"@type":"ImageObject","inLanguage":"it-IT","@id":"https:\/\/sxflightcase.com\/th\/#\/schema\/logo\/image\/","url":"https:\/\/sxflightcase.com\/wp-content\/uploads\/2024\/04\/1713919036007.jpg","contentUrl":"https:\/\/sxflightcase.com\/wp-content\/uploads\/2024\/04\/1713919036007.jpg","width":382,"height":388,"caption":"sxpowercase.com"},"image":{"@id":"https:\/\/sxflightcase.com\/th\/#\/schema\/logo\/image\/"},"sameAs":["https:\/\/www.facebook.com\/profile.php?id=61560407257971"],"numberOfEmployees":{"@type":"QuantitativeValue","minValue":"11","maxValue":"50"}}]}},"_links":{"self":[{"href":"https:\/\/sxflightcase.com\/it\/wp-json\/wp\/v2\/product\/1069","targetHints":{"allow":["GET"]}}],"collection":[{"href":"https:\/\/sxflightcase.com\/it\/wp-json\/wp\/v2\/product"}],"about":[{"href":"https:\/\/sxflightcase.com\/it\/wp-json\/wp\/v2\/types\/product"}],"replies":[{"embeddable":true,"href":"https:\/\/sxflightcase.com\/it\/wp-json\/wp\/v2\/comments?post=1069"}],"version-history":[{"count":0,"href":"https:\/\/sxflightcase.com\/it\/wp-json\/wp\/v2\/product\/1069\/revisions"}],"wp:featuredmedia":[{"embeddable":true,"href":"https:\/\/sxflightcase.com\/it\/wp-json\/wp\/v2\/media\/1070"}],"wp:attachment":[{"href":"https:\/\/sxflightcase.com\/it\/wp-json\/wp\/v2\/media?parent=1069"}],"wp:term":[{"taxonomy":"product_brand","embeddable":true,"href":"https:\/\/sxflightcase.com\/it\/wp-json\/wp\/v2\/product_brand?post=1069"},{"taxonomy":"product_cat","embeddable":true,"href":"https:\/\/sxflightcase.com\/it\/wp-json\/wp\/v2\/product_cat?post=1069"},{"taxonomy":"product_tag","embeddable":true,"href":"https:\/\/sxflightcase.com\/it\/wp-json\/wp\/v2\/product_tag?post=1069"}],"curies":[{"name":"wp","href":"https:\/\/api.w.org\/{rel}","templated":true}]}}