{"id":1082,"date":"2024-05-06T09:24:28","date_gmt":"2024-05-06T08:24:28","guid":{"rendered":"https:\/\/sxpowercase.com\/?post_type=product&#038;p=1082"},"modified":"2025-02-18T19:48:08","modified_gmt":"2025-02-19T03:48:08","slug":"cable-case-with-heavy-duty-wheels","status":"publish","type":"product","link":"https:\/\/sxflightcase.com\/it\/prodotto\/custodia-per-cavi-con-ruote-per-carichi-pesanti\/","title":{"rendered":"Custodia per cavi con ruote per impieghi gravosi"},"content":{"rendered":"<p><strong>Titolo:<\/strong><br \/>\nCustodie per cavi SX: Protezione premium per i vostri cavi | Personalizzabile e durevole<\/p>\n<p><strong>Meta descrizione:<\/strong><br \/>\nProteggete i vostri cavi con l'alta qualit\u00e0 di SX. <a href=\"https:\/\/sxpowercase.com\/product\/wireless-microphone-case\/\">custodie per cavi<\/a>. Personalizzabili, resistenti e progettati per la massima protezione. Aumentate l'efficienza della vostra azienda oggi stesso!<\/p>\n<h3><strong>SX: il vostro fornitore di fiducia di custodie per cavi<\/strong><\/h3>\n<p><strong>Sx<\/strong> \u00e8 la scelta migliore per <a href=\"https:\/\/sxpowercase.com\/product\/flight-case-19-rack\/\">custodie per cavi<\/a>. Le nostre custodie mantengono i cavi al sicuro e organizzati. Sono perfette per i cavi audio, video o di alimentazione.<\/p>\n<h3><strong>Perch\u00e9 scegliere le custodie per cavi SX?<\/strong><\/h3>\n<ol>\n<li><strong>Massima protezione per i cavi<\/strong><br \/>\nI nostri casi hanno <strong>telai in alluminio<\/strong>, <strong>compensato ignifugo da 12 mm<\/strong>, E <strong>Interni in schiuma antiurto ad alta densit\u00e0<\/strong>. Proteggono i cavi da urti, umidit\u00e0 e altri rischi.<\/li>\n<li><strong>Soluzioni personalizzate per le vostre esigenze<\/strong><br \/>\nOgni set di cavi \u00e8 unico, cos\u00ec come le nostre custodie. Possiamo progettare un <strong>soluzione personalizzata<\/strong> per le vostre esigenze specifiche.<\/li>\n<li><strong>Aumentare l'efficienza aziendale<\/strong><br \/>\nLe custodie per cavi SX consentono di organizzare e proteggere i cavi. In questo modo si risparmia tempo e si riduce lo stress. Potrete concentrarvi maggiormente sui vostri progetti, migliorando la produttivit\u00e0 e aumentando i profitti.<\/li>\n<li><strong>Massimizza i tuoi profitti<\/strong><br \/>\nInvestire in custodie per cavi SX \u00e8 saggio. Permettono di risparmiare denaro evitando danni e sostituzioni. Grazie alle custodie durevoli, potrete affrontare un maggior numero di progetti, aumentando i vostri profitti.<\/li>\n<li><strong>Qualit\u00e0 e servizio eccezionali<\/strong><br \/>\nNoi di SX puntiamo a <strong>qualit\u00e0 eccezionale<\/strong> E <strong>servizio clienti<\/strong>. Lavoriamo a stretto contatto con voi per garantire la vostra soddisfazione dall'inizio alla fine.<\/li>\n<\/ol>\n<h3><strong>Caratteristiche principali:<\/strong><\/h3>\n<ul>\n<li><strong>Materiale:<\/strong> Telaio in alluminio + compensato ignifugo da 12 mm<\/li>\n<li><strong>Interni:<\/strong> Schiuma antiurto ad alta densit\u00e0 per la massima protezione<\/li>\n<li><strong>Accessori:<\/strong> Quattro chiusure a farfalla, quattro ruote e quattro robuste maniglie per un facile trasporto<\/li>\n<li><strong>Personalizzazione:<\/strong> Scegliete il materiale, le dimensioni, le imbottiture interne, le maniglie e le chiusure in base alle vostre esigenze.<\/li>\n<li><strong>Imballaggio:<\/strong> Sacchetto a bolle d'aria + cartone per una consegna sicura<\/li>\n<\/ul>\n<h3><strong>Potenziate il vostro business con le custodie per cavi SX<\/strong><\/h3>\n<p>Non lasciate che i cavi danneggiati o disordinati vi rallentino. Con le custodie per cavi SX, potete:<\/p>\n<ul>\n<li><strong>Proteggete i vostri preziosi cavi<\/strong> da danni durante il trasporto.<\/li>\n<li><strong>Rimanere organizzati<\/strong> e pronto per ogni progetto.<\/li>\n<li><strong>Aumentare i profitti<\/strong> accettando con fiducia un maggior numero di concerti.<\/li>\n<\/ul>\n<h3><strong>Domande frequenti<\/strong><\/h3>\n<p><strong>D: SX pu\u00f2 personalizzare le custodie per cavi per dimensioni specifiche?<\/strong><br \/>\nR: S\u00ec, offriamo soluzioni personalizzate in base alle dimensioni e alle specifiche dei vostri cavi.<\/p>\n<p><strong>D: Le custodie per cavi SX sono adatte all'uso interno ed esterno?<\/strong><br \/>\nR: Assolutamente s\u00ec! Le nostre custodie sono progettate per resistere a vari ambienti, garantendo la protezione dei vostri cavi ovunque andiate.<\/p>\n<p><strong>D: Quanto tempo ci vuole per ricevere una custodia per cavi personalizzata da SX?<\/strong><br \/>\nR: I tempi di consegna variano in base alla complessit\u00e0 del caso e al nostro carico di lavoro attuale. Contattateci per conoscere le tempistiche di consegna specifiche.<\/p>\n<p><strong>D: Le custodie per cavi SX sono coperte da garanzia?<\/strong><br \/>\nR: S\u00ec, le nostre custodie sono coperte da garanzia per una maggiore tranquillit\u00e0.<\/p>\n<p><strong>D: Posso ordinare a SX custodie per cavi in grandi quantit\u00e0?<\/strong><br \/>\nR: S\u00ec, possiamo accettare ordini all'ingrosso. Contattateci per conoscere i prezzi e la disponibilit\u00e0.<\/p>\n<h3><strong>Ordinate oggi stesso la vostra custodia per cavi personalizzata!<\/strong><\/h3>\n<p>Siete pronti a proteggere i vostri cavi con le custodie premium di SX? Contattateci ora per progettare la vostra soluzione personalizzata.<\/p>\n<p><strong>Ottieni l&#039;accesso ora:<\/strong> <a href=\"https:\/\/sxpowercase.com\/contact-us\/\" target=\"_blank\" rel=\"noopener noreferrer\">https:\/\/sxpowercase.com\/contact-us\/<\/a><\/p>\n<h3><strong>Tag caldi:<\/strong><\/h3>\n<p>Prezzo basso, cavo di alimentazione e segnale, filo a 4 conduttori da 16 gauge, custodia per supporto microfonico, armadietto per display a LED per esterni, montaggio a rack, scatola di distribuzione elettrica, Cina, fornitori, fabbrica, personalizzati, all'ingrosso, scatole di alimentazione, cavi di alimentazione, controllori di sollevamento, flight case.<\/p>\n<h1><\/h1>","protected":false},"excerpt":{"rendered":"<h2><strong>Custodie di qualit\u00e0 per la massima protezione<\/strong><\/h2>\n<p>Le custodie per cavi SX sono costruite per durare nel tempo, con materiali resistenti e chiusure sicure per garantire che i cavi siano al sicuro e organizzati ovunque.<\/p>\n<h2><strong>Soluzioni personalizzate per le vostre esigenze di cablaggio<\/strong><\/h2>\n<p>Offriamo custodie per cavi personalizzate in base alle vostre esigenze specifiche, che si tratti di cavi audio, video o di qualsiasi altro tipo. Mantenete i vostri cavi organizzati e protetti con le nostre soluzioni personalizzate.<\/p>\n<h2><strong>Aumentare l'efficienza aziendale con le custodie per cavi SX<\/strong><\/h2>\n<p>Investite nelle custodie per cavi SX per aumentare l'efficienza e la redditivit\u00e0 dell'azienda. Dedicate meno tempo alla ricerca di cavi e pi\u00f9 tempo a concentrarvi sui vostri progetti, con conseguente miglioramento della produttivit\u00e0 e aumento dei ricavi.<\/p>","protected":false},"featured_media":1083,"comment_status":"open","ping_status":"closed","template":"","meta":[],"product_brand":[],"product_cat":[36],"product_tag":[],"class_list":{"0":"post-1082","1":"product","2":"type-product","3":"status-publish","4":"has-post-thumbnail","6":"product_cat-cables-cases","8":"first","9":"instock","10":"shipping-taxable","11":"product-type-simple"},"yoast_head":"<!-- This site is optimized with the Yoast SEO Premium plugin v27.1 (Yoast SEO v27.2) - https:\/\/yoast.com\/product\/yoast-seo-premium-wordpress\/ -->\n<title>Cable Case With Heavy Duty Wheels - https:\/\/sxflightcase.com \ud83d\udc97<\/title>\n<meta name=\"description\" content=\"Cable case Factory: Specializing in direct sales and professional customization for premium equipment protection solutions\" \/>\n<meta name=\"robots\" content=\"index, follow, max-snippet:-1, max-image-preview:large, max-video-preview:-1\" \/>\n<link rel=\"canonical\" href=\"https:\/\/sxflightcase.com\/it\/produkt\/kabelkasse-med-kraftige-hjul\/\" \/>\n<meta property=\"og:locale\" content=\"it_IT\" \/>\n<meta property=\"og:type\" content=\"article\" \/>\n<meta property=\"og:title\" content=\"Cable Case With Heavy Duty Wheels\" \/>\n<meta property=\"og:description\" content=\"Cable case Factory: Specializing in direct sales and professional customization for premium equipment protection solutions\" \/>\n<meta property=\"og:url\" content=\"https:\/\/sxflightcase.com\/it\/produkt\/kabelkasse-med-kraftige-hjul\/\" \/>\n<meta property=\"og:site_name\" content=\"https:\/\/sxflightcase.com\" \/>\n<meta property=\"article:publisher\" content=\"https:\/\/www.facebook.com\/profile.php?id=61560407257971\" \/>\n<meta property=\"article:modified_time\" content=\"2025-02-19T03:48:08+00:00\" \/>\n<meta property=\"og:image\" content=\"https:\/\/sxflightcase.com\/wp-content\/uploads\/2024\/05\/1714963633661.jpg\" \/>\n\t<meta property=\"og:image:width\" content=\"691\" \/>\n\t<meta property=\"og:image:height\" content=\"692\" \/>\n\t<meta property=\"og:image:type\" content=\"image\/jpeg\" \/>\n<meta name=\"twitter:card\" content=\"summary_large_image\" \/>\n<meta name=\"twitter:label1\" content=\"Tempo di lettura stimato\" \/>\n\t<meta name=\"twitter:data1\" content=\"3 minuti\" \/>\n<script type=\"application\/ld+json\" class=\"yoast-schema-graph\">{\"@context\":\"https:\/\/schema.org\",\"@graph\":[{\"@type\":\"WebPage\",\"@id\":\"https:\/\/sxflightcase.com\/da\/produkt\/kabelkasse-med-kraftige-hjul\/\",\"url\":\"https:\/\/sxflightcase.com\/da\/produkt\/kabelkasse-med-kraftige-hjul\/\",\"name\":\"Cable Case With Heavy Duty Wheels - https:\/\/sxflightcase.com \ud83d\udc97\",\"isPartOf\":{\"@id\":\"https:\/\/sxflightcase.com\/th\/#website\"},\"primaryImageOfPage\":{\"@id\":\"https:\/\/sxflightcase.com\/da\/produkt\/kabelkasse-med-kraftige-hjul\/#primaryimage\"},\"image\":{\"@id\":\"https:\/\/sxflightcase.com\/da\/produkt\/kabelkasse-med-kraftige-hjul\/#primaryimage\"},\"thumbnailUrl\":\"https:\/\/sxflightcase.com\/wp-content\/uploads\/2024\/05\/1714963633661.jpg\",\"datePublished\":\"2024-05-06T08:24:28+00:00\",\"dateModified\":\"2025-02-19T03:48:08+00:00\",\"description\":\"Cable case Factory: Specializing in direct sales and professional customization for premium equipment protection solutions\",\"breadcrumb\":{\"@id\":\"https:\/\/sxflightcase.com\/da\/produkt\/kabelkasse-med-kraftige-hjul\/#breadcrumb\"},\"inLanguage\":\"it-IT\",\"potentialAction\":[{\"@type\":\"ReadAction\",\"target\":[\"https:\/\/sxflightcase.com\/da\/produkt\/kabelkasse-med-kraftige-hjul\/\"]}]},{\"@type\":\"ImageObject\",\"inLanguage\":\"it-IT\",\"@id\":\"https:\/\/sxflightcase.com\/da\/produkt\/kabelkasse-med-kraftige-hjul\/#primaryimage\",\"url\":\"https:\/\/sxflightcase.com\/wp-content\/uploads\/2024\/05\/1714963633661.jpg\",\"contentUrl\":\"https:\/\/sxflightcase.com\/wp-content\/uploads\/2024\/05\/1714963633661.jpg\",\"width\":691,\"height\":692,\"caption\":\"cable case\"},{\"@type\":\"BreadcrumbList\",\"@id\":\"https:\/\/sxflightcase.com\/da\/produkt\/kabelkasse-med-kraftige-hjul\/#breadcrumb\",\"itemListElement\":[{\"@type\":\"ListItem\",\"position\":1,\"name\":\"Home\",\"item\":\"https:\/\/sxflightcase.com\/\"},{\"@type\":\"ListItem\",\"position\":2,\"name\":\"\u0e2a\u0e34\u0e19\u0e04\u0e49\u0e32\",\"item\":\"https:\/\/sxflightcase.com\/th\/shop\/\"},{\"@type\":\"ListItem\",\"position\":3,\"name\":\"Cable Case With Heavy Duty Wheels\"}]},{\"@type\":\"WebSite\",\"@id\":\"https:\/\/sxflightcase.com\/th\/#website\",\"url\":\"https:\/\/sxflightcase.com\/th\/\",\"name\":\"sxpowercase.com\",\"description\":\"Flight Case Factory\",\"publisher\":{\"@id\":\"https:\/\/sxflightcase.com\/th\/#organization\"},\"potentialAction\":[{\"@type\":\"SearchAction\",\"target\":{\"@type\":\"EntryPoint\",\"urlTemplate\":\"https:\/\/sxflightcase.com\/th\/?s={search_term_string}\"},\"query-input\":{\"@type\":\"PropertyValueSpecification\",\"valueRequired\":true,\"valueName\":\"search_term_string\"}}],\"inLanguage\":\"it-IT\"},{\"@type\":\"Organization\",\"@id\":\"https:\/\/sxflightcase.com\/th\/#organization\",\"name\":\"sxpowercase.com\",\"url\":\"https:\/\/sxflightcase.com\/th\/\",\"logo\":{\"@type\":\"ImageObject\",\"inLanguage\":\"it-IT\",\"@id\":\"https:\/\/sxflightcase.com\/th\/#\/schema\/logo\/image\/\",\"url\":\"https:\/\/sxflightcase.com\/wp-content\/uploads\/2024\/04\/1713919036007.jpg\",\"contentUrl\":\"https:\/\/sxflightcase.com\/wp-content\/uploads\/2024\/04\/1713919036007.jpg\",\"width\":382,\"height\":388,\"caption\":\"sxpowercase.com\"},\"image\":{\"@id\":\"https:\/\/sxflightcase.com\/th\/#\/schema\/logo\/image\/\"},\"sameAs\":[\"https:\/\/www.facebook.com\/profile.php?id=61560407257971\"],\"numberOfEmployees\":{\"@type\":\"QuantitativeValue\",\"minValue\":\"11\",\"maxValue\":\"50\"}}]}<\/script>\n<!-- \/ Yoast SEO Premium plugin. -->","yoast_head_json":{"title":"Cable Case With Heavy Duty Wheels - https:\/\/sxflightcase.com \ud83d\udc97","description":"Fabbrica di custodie per cavi: Specializzata nella vendita diretta e nella personalizzazione professionale di soluzioni per la protezione delle apparecchiature di qualit\u00e0 superiore.","robots":{"index":"index","follow":"follow","max-snippet":"max-snippet:-1","max-image-preview":"max-image-preview:large","max-video-preview":"max-video-preview:-1"},"canonical":"https:\/\/sxflightcase.com\/it\/produkt\/kabelkasse-med-kraftige-hjul\/","og_locale":"it_IT","og_type":"article","og_title":"Cable Case With Heavy Duty Wheels","og_description":"Cable case Factory: Specializing in direct sales and professional customization for premium equipment protection solutions","og_url":"https:\/\/sxflightcase.com\/it\/produkt\/kabelkasse-med-kraftige-hjul\/","og_site_name":"https:\/\/sxflightcase.com","article_publisher":"https:\/\/www.facebook.com\/profile.php?id=61560407257971","article_modified_time":"2025-02-19T03:48:08+00:00","og_image":[{"width":691,"height":692,"url":"https:\/\/sxflightcase.com\/wp-content\/uploads\/2024\/05\/1714963633661.jpg","type":"image\/jpeg"}],"twitter_card":"summary_large_image","twitter_misc":{"Tempo di lettura stimato":"3 minuti"},"schema":{"@context":"https:\/\/schema.org","@graph":[{"@type":"WebPage","@id":"https:\/\/sxflightcase.com\/da\/produkt\/kabelkasse-med-kraftige-hjul\/","url":"https:\/\/sxflightcase.com\/da\/produkt\/kabelkasse-med-kraftige-hjul\/","name":"Cable Case With Heavy Duty Wheels - https:\/\/sxflightcase.com \ud83d\udc97","isPartOf":{"@id":"https:\/\/sxflightcase.com\/th\/#website"},"primaryImageOfPage":{"@id":"https:\/\/sxflightcase.com\/da\/produkt\/kabelkasse-med-kraftige-hjul\/#primaryimage"},"image":{"@id":"https:\/\/sxflightcase.com\/da\/produkt\/kabelkasse-med-kraftige-hjul\/#primaryimage"},"thumbnailUrl":"https:\/\/sxflightcase.com\/wp-content\/uploads\/2024\/05\/1714963633661.jpg","datePublished":"2024-05-06T08:24:28+00:00","dateModified":"2025-02-19T03:48:08+00:00","description":"Fabbrica di custodie per cavi: Specializzata nella vendita diretta e nella personalizzazione professionale di soluzioni per la protezione delle apparecchiature di qualit\u00e0 superiore.","breadcrumb":{"@id":"https:\/\/sxflightcase.com\/da\/produkt\/kabelkasse-med-kraftige-hjul\/#breadcrumb"},"inLanguage":"it-IT","potentialAction":[{"@type":"ReadAction","target":["https:\/\/sxflightcase.com\/da\/produkt\/kabelkasse-med-kraftige-hjul\/"]}]},{"@type":"ImageObject","inLanguage":"it-IT","@id":"https:\/\/sxflightcase.com\/da\/produkt\/kabelkasse-med-kraftige-hjul\/#primaryimage","url":"https:\/\/sxflightcase.com\/wp-content\/uploads\/2024\/05\/1714963633661.jpg","contentUrl":"https:\/\/sxflightcase.com\/wp-content\/uploads\/2024\/05\/1714963633661.jpg","width":691,"height":692,"caption":"cable case"},{"@type":"BreadcrumbList","@id":"https:\/\/sxflightcase.com\/da\/produkt\/kabelkasse-med-kraftige-hjul\/#breadcrumb","itemListElement":[{"@type":"ListItem","position":1,"name":"Home","item":"https:\/\/sxflightcase.com\/"},{"@type":"ListItem","position":2,"name":"\u0e2a\u0e34\u0e19\u0e04\u0e49\u0e32","item":"https:\/\/sxflightcase.com\/th\/shop\/"},{"@type":"ListItem","position":3,"name":"Cable Case With Heavy Duty Wheels"}]},{"@type":"WebSite","@id":"https:\/\/sxflightcase.com\/th\/#website","url":"https:\/\/sxflightcase.com\/th\/","name":"sxpowercase.com","description":"Fabbrica di Flight Case","publisher":{"@id":"https:\/\/sxflightcase.com\/th\/#organization"},"potentialAction":[{"@type":"SearchAction","target":{"@type":"EntryPoint","urlTemplate":"https:\/\/sxflightcase.com\/th\/?s={search_term_string}"},"query-input":{"@type":"PropertyValueSpecification","valueRequired":true,"valueName":"search_term_string"}}],"inLanguage":"it-IT"},{"@type":"Organization","@id":"https:\/\/sxflightcase.com\/th\/#organization","name":"sxpowercase.com","url":"https:\/\/sxflightcase.com\/th\/","logo":{"@type":"ImageObject","inLanguage":"it-IT","@id":"https:\/\/sxflightcase.com\/th\/#\/schema\/logo\/image\/","url":"https:\/\/sxflightcase.com\/wp-content\/uploads\/2024\/04\/1713919036007.jpg","contentUrl":"https:\/\/sxflightcase.com\/wp-content\/uploads\/2024\/04\/1713919036007.jpg","width":382,"height":388,"caption":"sxpowercase.com"},"image":{"@id":"https:\/\/sxflightcase.com\/th\/#\/schema\/logo\/image\/"},"sameAs":["https:\/\/www.facebook.com\/profile.php?id=61560407257971"],"numberOfEmployees":{"@type":"QuantitativeValue","minValue":"11","maxValue":"50"}}]}},"_links":{"self":[{"href":"https:\/\/sxflightcase.com\/it\/wp-json\/wp\/v2\/product\/1082","targetHints":{"allow":["GET"]}}],"collection":[{"href":"https:\/\/sxflightcase.com\/it\/wp-json\/wp\/v2\/product"}],"about":[{"href":"https:\/\/sxflightcase.com\/it\/wp-json\/wp\/v2\/types\/product"}],"replies":[{"embeddable":true,"href":"https:\/\/sxflightcase.com\/it\/wp-json\/wp\/v2\/comments?post=1082"}],"version-history":[{"count":0,"href":"https:\/\/sxflightcase.com\/it\/wp-json\/wp\/v2\/product\/1082\/revisions"}],"wp:featuredmedia":[{"embeddable":true,"href":"https:\/\/sxflightcase.com\/it\/wp-json\/wp\/v2\/media\/1083"}],"wp:attachment":[{"href":"https:\/\/sxflightcase.com\/it\/wp-json\/wp\/v2\/media?parent=1082"}],"wp:term":[{"taxonomy":"product_brand","embeddable":true,"href":"https:\/\/sxflightcase.com\/it\/wp-json\/wp\/v2\/product_brand?post=1082"},{"taxonomy":"product_cat","embeddable":true,"href":"https:\/\/sxflightcase.com\/it\/wp-json\/wp\/v2\/product_cat?post=1082"},{"taxonomy":"product_tag","embeddable":true,"href":"https:\/\/sxflightcase.com\/it\/wp-json\/wp\/v2\/product_tag?post=1082"}],"curies":[{"name":"wp","href":"https:\/\/api.w.org\/{rel}","templated":true}]}}